{"id":177741,"date":"2024-08-30T18:03:39","date_gmt":"2024-08-30T16:03:39","guid":{"rendered":"https:\/\/tourtravelandmore.com\/?post_type=product&#038;p=177741"},"modified":"2024-08-30T18:53:22","modified_gmt":"2024-08-30T16:53:22","slug":"tour-privado-de-las-montanas-azules-desde-toronto-copy","status":"publish","type":"product","link":"https:\/\/tourtravelandmore.com\/es\/tours\/canada-es\/toronto-es\/toronto-tours-es\/tour-privado-de-las-montanas-azules-desde-toronto-copy\/","title":{"rendered":"Tour privado de las 1000 islas desde Toronto"},"content":{"rendered":"<h2><b><strong>Descripci\u00f3n<\/strong><\/b><\/h2>\n<p>Emb\u00e1rquese en un encantador viaje a las impresionantes <b><strong>Islas 1000,<\/strong><\/b> una joya oculta enclavada entre <b><strong>Canad\u00e1<\/strong><\/b> y <b><strong>Estados Unidos.<\/strong><\/b> Esta exclusiva excursi\u00f3n privada de 9 horas desde <b><strong>Toronto<\/strong><\/b> ofrece una mezcla perfecta de comodidad, lujo y belleza natural. Con un coche privado y un gu\u00eda experto a su servicio, vivir\u00e1 una experiencia inolvidable mientras explora los pintorescos paisajes y los hitos hist\u00f3ricos de este archipi\u00e9lago \u00fanico.<\/p>\n<p>En primer lugar, organizaremos una recogida privada para usted en su hotel o lugar de su elecci\u00f3n en <a href=\"https:\/\/es.wikipedia.org\/wiki\/Toronto\">Toronto<\/a>.<\/p>\n<p>Nuestro Tour Privado de Toronto comenzar\u00e1 desde all\u00ed. Disfrute de los mejores lugares de la ciudad de Toronto. Toronto es una ciudad enorme. Al igual que Canad\u00e1, Toronto no es diferente, en Toronto podr\u00e1 encontrar una incre\u00edble ciudad multicultural.<\/p>\n<p>Toronto est\u00e1 dividida en 6 distritos diferentes. Tanto nuestro conductor como un gu\u00eda tur\u00edstico independiente estar\u00e1n a su disposici\u00f3n durante las 9 horas que dura la visita. Si lo prefiere, podemos organizar una visita m\u00e1s larga. No se pierda ninguno de nuestros otros recorridos privados por la ciudad de Toronto.<\/p>\n<h2><b><strong>Puntos de inter\u00e9s<\/strong><\/b><\/h2>\n<p>Su aventura comienza con un pintoresco viaje en coche desde <b><strong>Toronto<\/strong><\/b>, donde quedar\u00e1 cautivado por la exuberante campi\u00f1a y las serenas vistas en ruta hacia la regi\u00f3n de las 1000 islas. A su llegada, embarcar\u00e1 en un <b><strong>barco compartido<\/strong><\/b> para realizar un crucero por el laberinto de <b><strong>islas,<\/strong><\/b> cada una con su propio encanto e historia. Desl\u00edcese junto a lujosas mansiones, pintorescas casas de campo e impresionantes formaciones naturales mientras su gu\u00eda le proporciona fascinantes conocimientos sobre la rica historia y ecolog\u00eda de la zona.<\/p>\n<p>Durante el crucero, tendr\u00e1 la oportunidad de maravillarse ante <b><strong>el castillo de Boldt,<\/strong><\/b> una obra maestra arquitect\u00f3nica impregnada de romanticismo y tragedia, y descubrir el pasado hist\u00f3rico del <b><strong>puente de las Mil Islas,<\/strong><\/b> que conecta <b><strong>Canad\u00e1<\/strong><\/b> con <b><strong>Estados Unidos.<\/strong><\/b> El recorrido tambi\u00e9n ofrece amplias oportunidades para la fotograf\u00eda, as\u00ed que aseg\u00farese de capturar las impresionantes panor\u00e1micas y las tranquilas aguas que hacen de este destino un lugar tan especial.<\/p>\n<p>Tras la excursi\u00f3n en barco, su gu\u00eda le conducir\u00e1 a los mejores miradores para admirar las islas desde tierra, proporcion\u00e1ndole una comprensi\u00f3n m\u00e1s profunda del significado y el encanto de la regi\u00f3n. Tanto si es un entusiasta de la historia, un amante de la naturaleza o simplemente busca una escapada tranquila de la ciudad, esta excursi\u00f3n ofrece algo para todos.<\/p>\n<p>Cuando el d\u00eda llegue a su fin, le llevar\u00e1n de vuelta a Toronto, relajado y lleno de recuerdos de las encantadoras 1000 islas.<\/p>\n<p>Esta excursi\u00f3n privada terminar\u00e1 en su hotel o lugar de su elecci\u00f3n en <b><strong>Toronto.<\/strong><\/b><\/p>\n<p>\u00a1Nuestros expertos en viajes est\u00e1n a su disposici\u00f3n para ofrecerle una experiencia \u00fanica! <a href=\"https:\/\/tourtravelandmore.com\/es\/ciudad\/canada-es\/toronto-en\/\">Eche un vistazo a nuestros otros tours privados que ofrecemos en Toronto.<\/a><\/p>\n","protected":false},"excerpt":{"rendered":"<p id=\"tw-target-text\" class=\"tw-data-text tw-text-large XcVN5d tw-ta\" dir=\"ltr\" data-placeholder=\"Traducci\u00f3n\">Emb\u00e1rquese en un encantador viaje a las impresionantes <b><strong>Islas 1000,<\/strong><\/b> una joya oculta enclavada entre <b><strong>Canad\u00e1<\/strong><\/b> y <b><strong>Estados Unidos.<\/strong><\/b> Esta exclusiva excursi\u00f3n privada de 9 horas desde <b><strong>Toronto<\/strong><\/b> ofrece una mezcla perfecta de comodidad, lujo y belleza natural. Con un coche privado y un gu\u00eda experto a su servicio, vivir\u00e1 una experiencia inolvidable mientras explora los pintorescos paisajes y los hitos hist\u00f3ricos de este archipi\u00e9lago \u00fanico.<\/p>\n","protected":false},"featured_media":177760,"comment_status":"open","ping_status":"closed","template":"","meta":{"_acf_changed":false},"product_brand":[],"product_cat":[2789,2836,2841,1602],"product_tag":[],"class_list":{"0":"post-177741","1":"product","2":"type-product","3":"status-publish","4":"has-post-thumbnail","6":"product_cat-canada-es","7":"product_cat-toronto-es","8":"product_cat-toronto-tours-es","9":"product_cat-eeuu-es","11":"first","12":"instock","13":"shipping-taxable","14":"purchasable","15":"product-type-simple"},"acf":[],"yoast_head":"<!-- This site is optimized with the Yoast SEO Premium plugin v25.3.1 (Yoast SEO v25.3.1) - https:\/\/yoast.com\/wordpress\/plugins\/seo\/ -->\n<title>Tour privado de las 1000 islas desde Toronto | TT&amp;M<\/title>\n<meta name=\"description\" content=\"\u00a1Tome este Tour privado de las 1000 islas desde Toronto y tenga la oportunidad de disfrutar de lo mejor de Toronto! \u00a1Este es un gran tour privado! \u2705\" \/>\n<meta name=\"robots\" content=\"index, follow, max-snippet:-1, max-image-preview:large, max-video-preview:-1\" \/>\n<link rel=\"canonical\" href=\"https:\/\/tourtravelandmore.com\/es\/tours\/canada-es\/toronto-es\/toronto-tours-es\/tour-privado-de-las-montanas-azules-desde-toronto-copy\/\" \/>\n<meta property=\"og:locale\" content=\"es_ES\" \/>\n<meta property=\"og:type\" content=\"article\" \/>\n<meta property=\"og:title\" content=\"Tour privado de las 1000 islas desde Toronto\" \/>\n<meta property=\"og:description\" content=\"\u00a1Tome este Tour privado de las 1000 islas desde Toronto y tenga la oportunidad de disfrutar de lo mejor de Toronto! \u00a1Este es un gran tour privado! \u2705\" \/>\n<meta property=\"og:url\" content=\"https:\/\/tourtravelandmore.com\/es\/tours\/canada-es\/toronto-es\/toronto-tours-es\/tour-privado-de-las-montanas-azules-desde-toronto-copy\/\" \/>\n<meta property=\"og:site_name\" content=\"Tour Travel And More\" \/>\n<meta property=\"article:publisher\" content=\"https:\/\/www.facebook.com\/tourtravelandmore\/\" \/>\n<meta property=\"article:modified_time\" content=\"2024-08-30T16:53:22+00:00\" \/>\n<meta property=\"og:image\" content=\"https:\/\/tourtravelandmore.com\/wp-content\/uploads\/2024\/08\/CF006549_downsized.jpg\" \/>\n\t<meta property=\"og:image:width\" content=\"1500\" \/>\n\t<meta property=\"og:image:height\" content=\"1125\" \/>\n\t<meta property=\"og:image:type\" content=\"image\/jpeg\" \/>\n<meta name=\"twitter:card\" content=\"summary_large_image\" \/>\n<meta name=\"twitter:site\" content=\"@TourTravel_More\" \/>\n<meta name=\"twitter:label1\" content=\"Tiempo de lectura\" \/>\n\t<meta name=\"twitter:data1\" content=\"2 minutos\" \/>\n<script type=\"application\/ld+json\" class=\"yoast-schema-graph\">{\"@context\":\"https:\/\/schema.org\",\"@graph\":[{\"@type\":\"WebPage\",\"@id\":\"https:\/\/tourtravelandmore.com\/es\/tours\/canada-es\/toronto-es\/toronto-tours-es\/tour-privado-de-las-montanas-azules-desde-toronto-copy\/\",\"url\":\"https:\/\/tourtravelandmore.com\/es\/tours\/canada-es\/toronto-es\/toronto-tours-es\/tour-privado-de-las-montanas-azules-desde-toronto-copy\/\",\"name\":\"Tour privado de las 1000 islas desde Toronto | TT&M\",\"isPartOf\":{\"@id\":\"https:\/\/tourtravelandmore.com\/es\/#website\"},\"primaryImageOfPage\":{\"@id\":\"https:\/\/tourtravelandmore.com\/es\/tours\/canada-es\/toronto-es\/toronto-tours-es\/tour-privado-de-las-montanas-azules-desde-toronto-copy\/#primaryimage\"},\"image\":{\"@id\":\"https:\/\/tourtravelandmore.com\/es\/tours\/canada-es\/toronto-es\/toronto-tours-es\/tour-privado-de-las-montanas-azules-desde-toronto-copy\/#primaryimage\"},\"thumbnailUrl\":\"https:\/\/tourtravelandmore.com\/wp-content\/uploads\/2024\/08\/CF006549_downsized.jpg\",\"datePublished\":\"2024-08-30T16:03:39+00:00\",\"dateModified\":\"2024-08-30T16:53:22+00:00\",\"description\":\"\u00a1Tome este Tour privado de las 1000 islas desde Toronto y tenga la oportunidad de disfrutar de lo mejor de Toronto! \u00a1Este es un gran tour privado! \u2705\",\"breadcrumb\":{\"@id\":\"https:\/\/tourtravelandmore.com\/es\/tours\/canada-es\/toronto-es\/toronto-tours-es\/tour-privado-de-las-montanas-azules-desde-toronto-copy\/#breadcrumb\"},\"inLanguage\":\"es\",\"potentialAction\":[{\"@type\":\"ReadAction\",\"target\":[\"https:\/\/tourtravelandmore.com\/es\/tours\/canada-es\/toronto-es\/toronto-tours-es\/tour-privado-de-las-montanas-azules-desde-toronto-copy\/\"]}]},{\"@type\":\"ImageObject\",\"inLanguage\":\"es\",\"@id\":\"https:\/\/tourtravelandmore.com\/es\/tours\/canada-es\/toronto-es\/toronto-tours-es\/tour-privado-de-las-montanas-azules-desde-toronto-copy\/#primaryimage\",\"url\":\"https:\/\/tourtravelandmore.com\/wp-content\/uploads\/2024\/08\/CF006549_downsized.jpg\",\"contentUrl\":\"https:\/\/tourtravelandmore.com\/wp-content\/uploads\/2024\/08\/CF006549_downsized.jpg\",\"width\":1500,\"height\":1125},{\"@type\":\"BreadcrumbList\",\"@id\":\"https:\/\/tourtravelandmore.com\/es\/tours\/canada-es\/toronto-es\/toronto-tours-es\/tour-privado-de-las-montanas-azules-desde-toronto-copy\/#breadcrumb\",\"itemListElement\":[{\"@type\":\"ListItem\",\"position\":1,\"name\":\"Home\",\"item\":\"https:\/\/tourtravelandmore.com\/es\/\"},{\"@type\":\"ListItem\",\"position\":2,\"name\":\"Tours\",\"item\":\"https:\/\/tourtravelandmore.com\/es\/tours\/\"},{\"@type\":\"ListItem\",\"position\":3,\"name\":\"Tour privado de las 1000 islas desde Toronto\"}]},{\"@type\":\"WebSite\",\"@id\":\"https:\/\/tourtravelandmore.com\/es\/#website\",\"url\":\"https:\/\/tourtravelandmore.com\/es\/\",\"name\":\"Tour Travel And More\",\"description\":\"Private sightseeing tours and luxury transfers in Spain\",\"publisher\":{\"@id\":\"https:\/\/tourtravelandmore.com\/es\/#organization\"},\"potentialAction\":[{\"@type\":\"SearchAction\",\"target\":{\"@type\":\"EntryPoint\",\"urlTemplate\":\"https:\/\/tourtravelandmore.com\/es\/?s={search_term_string}\"},\"query-input\":{\"@type\":\"PropertyValueSpecification\",\"valueRequired\":true,\"valueName\":\"search_term_string\"}}],\"inLanguage\":\"es\"},{\"@type\":\"Organization\",\"@id\":\"https:\/\/tourtravelandmore.com\/es\/#organization\",\"name\":\"Tour Travel And More\",\"url\":\"https:\/\/tourtravelandmore.com\/es\/\",\"logo\":{\"@type\":\"ImageObject\",\"inLanguage\":\"es\",\"@id\":\"https:\/\/tourtravelandmore.com\/es\/#\/schema\/logo\/image\/\",\"url\":\"https:\/\/tourtravelandmore.com\/wp-content\/uploads\/2022\/12\/cropped-logo-cabecera-new.png\",\"contentUrl\":\"https:\/\/tourtravelandmore.com\/wp-content\/uploads\/2022\/12\/cropped-logo-cabecera-new.png\",\"width\":430,\"height\":61,\"caption\":\"Tour Travel And More\"},\"image\":{\"@id\":\"https:\/\/tourtravelandmore.com\/es\/#\/schema\/logo\/image\/\"},\"sameAs\":[\"https:\/\/www.facebook.com\/tourtravelandmore\/\",\"https:\/\/x.com\/TourTravel_More\"]}]}<\/script>\n<!-- \/ Yoast SEO Premium plugin. -->","yoast_head_json":{"title":"Tour privado de las 1000 islas desde Toronto | TT&M","description":"\u00a1Tome este Tour privado de las 1000 islas desde Toronto y tenga la oportunidad de disfrutar de lo mejor de Toronto! \u00a1Este es un gran tour privado! \u2705","robots":{"index":"index","follow":"follow","max-snippet":"max-snippet:-1","max-image-preview":"max-image-preview:large","max-video-preview":"max-video-preview:-1"},"canonical":"https:\/\/tourtravelandmore.com\/es\/tours\/canada-es\/toronto-es\/toronto-tours-es\/tour-privado-de-las-montanas-azules-desde-toronto-copy\/","og_locale":"es_ES","og_type":"article","og_title":"Tour privado de las 1000 islas desde Toronto","og_description":"\u00a1Tome este Tour privado de las 1000 islas desde Toronto y tenga la oportunidad de disfrutar de lo mejor de Toronto! \u00a1Este es un gran tour privado! \u2705","og_url":"https:\/\/tourtravelandmore.com\/es\/tours\/canada-es\/toronto-es\/toronto-tours-es\/tour-privado-de-las-montanas-azules-desde-toronto-copy\/","og_site_name":"Tour Travel And More","article_publisher":"https:\/\/www.facebook.com\/tourtravelandmore\/","article_modified_time":"2024-08-30T16:53:22+00:00","og_image":[{"width":1500,"height":1125,"url":"https:\/\/tourtravelandmore.com\/wp-content\/uploads\/2024\/08\/CF006549_downsized.jpg","type":"image\/jpeg"}],"twitter_card":"summary_large_image","twitter_site":"@TourTravel_More","twitter_misc":{"Tiempo de lectura":"2 minutos"},"schema":{"@context":"https:\/\/schema.org","@graph":[{"@type":"WebPage","@id":"https:\/\/tourtravelandmore.com\/es\/tours\/canada-es\/toronto-es\/toronto-tours-es\/tour-privado-de-las-montanas-azules-desde-toronto-copy\/","url":"https:\/\/tourtravelandmore.com\/es\/tours\/canada-es\/toronto-es\/toronto-tours-es\/tour-privado-de-las-montanas-azules-desde-toronto-copy\/","name":"Tour privado de las 1000 islas desde Toronto | TT&M","isPartOf":{"@id":"https:\/\/tourtravelandmore.com\/es\/#website"},"primaryImageOfPage":{"@id":"https:\/\/tourtravelandmore.com\/es\/tours\/canada-es\/toronto-es\/toronto-tours-es\/tour-privado-de-las-montanas-azules-desde-toronto-copy\/#primaryimage"},"image":{"@id":"https:\/\/tourtravelandmore.com\/es\/tours\/canada-es\/toronto-es\/toronto-tours-es\/tour-privado-de-las-montanas-azules-desde-toronto-copy\/#primaryimage"},"thumbnailUrl":"https:\/\/tourtravelandmore.com\/wp-content\/uploads\/2024\/08\/CF006549_downsized.jpg","datePublished":"2024-08-30T16:03:39+00:00","dateModified":"2024-08-30T16:53:22+00:00","description":"\u00a1Tome este Tour privado de las 1000 islas desde Toronto y tenga la oportunidad de disfrutar de lo mejor de Toronto! \u00a1Este es un gran tour privado! \u2705","breadcrumb":{"@id":"https:\/\/tourtravelandmore.com\/es\/tours\/canada-es\/toronto-es\/toronto-tours-es\/tour-privado-de-las-montanas-azules-desde-toronto-copy\/#breadcrumb"},"inLanguage":"es","potentialAction":[{"@type":"ReadAction","target":["https:\/\/tourtravelandmore.com\/es\/tours\/canada-es\/toronto-es\/toronto-tours-es\/tour-privado-de-las-montanas-azules-desde-toronto-copy\/"]}]},{"@type":"ImageObject","inLanguage":"es","@id":"https:\/\/tourtravelandmore.com\/es\/tours\/canada-es\/toronto-es\/toronto-tours-es\/tour-privado-de-las-montanas-azules-desde-toronto-copy\/#primaryimage","url":"https:\/\/tourtravelandmore.com\/wp-content\/uploads\/2024\/08\/CF006549_downsized.jpg","contentUrl":"https:\/\/tourtravelandmore.com\/wp-content\/uploads\/2024\/08\/CF006549_downsized.jpg","width":1500,"height":1125},{"@type":"BreadcrumbList","@id":"https:\/\/tourtravelandmore.com\/es\/tours\/canada-es\/toronto-es\/toronto-tours-es\/tour-privado-de-las-montanas-azules-desde-toronto-copy\/#breadcrumb","itemListElement":[{"@type":"ListItem","position":1,"name":"Home","item":"https:\/\/tourtravelandmore.com\/es\/"},{"@type":"ListItem","position":2,"name":"Tours","item":"https:\/\/tourtravelandmore.com\/es\/tours\/"},{"@type":"ListItem","position":3,"name":"Tour privado de las 1000 islas desde Toronto"}]},{"@type":"WebSite","@id":"https:\/\/tourtravelandmore.com\/es\/#website","url":"https:\/\/tourtravelandmore.com\/es\/","name":"Tour Travel And More","description":"Private sightseeing tours and luxury transfers in Spain","publisher":{"@id":"https:\/\/tourtravelandmore.com\/es\/#organization"},"potentialAction":[{"@type":"SearchAction","target":{"@type":"EntryPoint","urlTemplate":"https:\/\/tourtravelandmore.com\/es\/?s={search_term_string}"},"query-input":{"@type":"PropertyValueSpecification","valueRequired":true,"valueName":"search_term_string"}}],"inLanguage":"es"},{"@type":"Organization","@id":"https:\/\/tourtravelandmore.com\/es\/#organization","name":"Tour Travel And More","url":"https:\/\/tourtravelandmore.com\/es\/","logo":{"@type":"ImageObject","inLanguage":"es","@id":"https:\/\/tourtravelandmore.com\/es\/#\/schema\/logo\/image\/","url":"https:\/\/tourtravelandmore.com\/wp-content\/uploads\/2022\/12\/cropped-logo-cabecera-new.png","contentUrl":"https:\/\/tourtravelandmore.com\/wp-content\/uploads\/2022\/12\/cropped-logo-cabecera-new.png","width":430,"height":61,"caption":"Tour Travel And More"},"image":{"@id":"https:\/\/tourtravelandmore.com\/es\/#\/schema\/logo\/image\/"},"sameAs":["https:\/\/www.facebook.com\/tourtravelandmore\/","https:\/\/x.com\/TourTravel_More"]}]}},"_links":{"self":[{"href":"https:\/\/tourtravelandmore.com\/es\/wp-json\/wp\/v2\/product\/177741","targetHints":{"allow":["GET"]}}],"collection":[{"href":"https:\/\/tourtravelandmore.com\/es\/wp-json\/wp\/v2\/product"}],"about":[{"href":"https:\/\/tourtravelandmore.com\/es\/wp-json\/wp\/v2\/types\/product"}],"replies":[{"embeddable":true,"href":"https:\/\/tourtravelandmore.com\/es\/wp-json\/wp\/v2\/comments?post=177741"}],"wp:featuredmedia":[{"embeddable":true,"href":"https:\/\/tourtravelandmore.com\/es\/wp-json\/wp\/v2\/media\/177760"}],"wp:attachment":[{"href":"https:\/\/tourtravelandmore.com\/es\/wp-json\/wp\/v2\/media?parent=177741"}],"wp:term":[{"taxonomy":"product_brand","embeddable":true,"href":"https:\/\/tourtravelandmore.com\/es\/wp-json\/wp\/v2\/product_brand?post=177741"},{"taxonomy":"product_cat","embeddable":true,"href":"https:\/\/tourtravelandmore.com\/es\/wp-json\/wp\/v2\/product_cat?post=177741"},{"taxonomy":"product_tag","embeddable":true,"href":"https:\/\/tourtravelandmore.com\/es\/wp-json\/wp\/v2\/product_tag?post=177741"}],"curies":[{"name":"wp","href":"https:\/\/api.w.org\/{rel}","templated":true}]}}