{"id":177710,"date":"2024-08-30T17:26:01","date_gmt":"2024-08-30T15:26:01","guid":{"rendered":"https:\/\/tourtravelandmore.com\/?post_type=product&#038;p=177710"},"modified":"2024-08-30T17:51:31","modified_gmt":"2024-08-30T15:51:31","slug":"tour-privado-de-toronto-copy-2","status":"publish","type":"product","link":"https:\/\/tourtravelandmore.com\/es\/tours\/canada-es\/toronto-es\/toronto-tours-es\/tour-privado-de-toronto-copy-2\/","title":{"rendered":"Tour privado de las Monta\u00f1as Azules desde Toronto"},"content":{"rendered":"<h2><b><strong>Descripci\u00f3n<\/strong><\/b><\/h2>\n<p>Emb\u00e1rquese en una cautivadora excursi\u00f3n privada de 8 horas desde Toronto a la pintoresca <b><strong>Monta\u00f1a Azul,<\/strong><\/b> un destino que combina a la perfecci\u00f3n la belleza natural con vibrantes actividades de ocio. Con un coche privado y un gu\u00eda experto a su disposici\u00f3n, disfrutar\u00e1 de una experiencia fluida y personalizada, explorando una de las regiones m\u00e1s renombradas de Ontario.<\/p>\n<p>En primer lugar, organizaremos una recogida privada para usted en su hotel o lugar de su elecci\u00f3n en <a href=\"https:\/\/es.wikipedia.org\/wiki\/Toronto\">Toronto<\/a>.<\/p>\n<p>Nuestro Tour Privado de Toronto comenzar\u00e1 desde all\u00ed. Disfrute de los mejores lugares de la ciudad de Toronto. Toronto es una ciudad enorme. Al igual que Canad\u00e1, Toronto no es diferente, en Toronto podr\u00e1 encontrar una incre\u00edble ciudad multicultural.<\/p>\n<p>Toronto est\u00e1 dividida en 6 distritos diferentes. Tanto nuestro conductor como un gu\u00eda tur\u00edstico independiente estar\u00e1n a su disposici\u00f3n durante las 8 horas que dura la visita. Si lo prefiere, podemos organizar una visita m\u00e1s larga. No se pierda ninguno de nuestros otros recorridos privados por la ciudad de Toronto.<\/p>\n<h2><b><strong>Puntos de inter\u00e9s y lugares emblem\u00e1ticos<\/strong><\/b><\/h2>\n<p>Su viaje comienza con un c\u00f3modo trayecto en coche por los pintorescos paisajes de Ontario. Su gu\u00eda experto le proporcionar\u00e1 comentarios perspicaces sobre la historia y la cultura de la zona. Al llegar a Blue Mountain, tendr\u00e1 la oportunidad de explorar su encantador pueblo, famoso por sus pintorescas boutiques, acogedores caf\u00e9s e impresionantes vistas de la Escarpa del Ni\u00e1gara.<\/p>\n<p>La excursi\u00f3n tambi\u00e9n ofrece una serie de actividades adaptadas a todos los intereses. Tanto si prefiere un paseo tranquilo por la costa de la bah\u00eda Georgiana, una caminata aventurera por uno de los senderos de la monta\u00f1a o un momento de relax en uno de los balnearios locales, el d\u00eda puede adaptarse a sus preferencias. Adem\u00e1s, su gu\u00eda puede organizarle una visita a las Scenic Caves Nature Adventures, donde podr\u00e1 maravillarse con las incre\u00edbles vistas desde el puente colgante o explorar las antiguas cuevas y cavernas.<\/p>\n<ul>\n<li><b><strong>Coche privado y gu\u00eda experto:<\/strong><\/b> Disfrute de una experiencia personalizada con su propio veh\u00edculo privado y gu\u00eda, garantiz\u00e1ndole un d\u00eda a la medida de sus intereses.<\/li>\n<li><b><strong>Viaje panor\u00e1mico:<\/strong><\/b> Viaje a trav\u00e9s de la hermosa campi\u00f1a de Ontario con comentarios perspicaces sobre la historia y la cultura de la regi\u00f3n.<\/li>\n<li><b><strong>Explore el pueblo de Blue Mountain:<\/strong><\/b> Descubra el encanto de este vibrante pueblo, con oportunidades para ir de compras, cenar y disfrutar de unas vistas impresionantes.<\/li>\n<li><b><strong>Actividades a medida:<\/strong><\/b> Elija entre una variedad de actividades que incluyen senderismo, visita a las Cuevas Esc\u00e9nicas o relajarse en un balneario local.<\/li>\n<li><b><strong>Impresionante belleza natural:<\/strong><\/b> Sum\u00e9rjase en los impresionantes paisajes de la Escarpa del Ni\u00e1gara y la Bah\u00eda Georgiana.<\/li>\n<\/ul>\n<p>Esta excursi\u00f3n privada terminar\u00e1 en su hotel o lugar de su elecci\u00f3n en Toronto.<\/p>\n<p>\u00a1Nuestros expertos en viajes est\u00e1n a su disposici\u00f3n para ofrecerle una experiencia \u00fanica! <a href=\"https:\/\/tourtravelandmore.com\/es\/ciudad\/canada-es\/toronto-en\/\">Eche un vistazo a nuestras otras excursiones privadas que ofrecemos en Toronto.<\/a><\/p>\n","protected":false},"excerpt":{"rendered":"<p id=\"tw-target-text\" class=\"tw-data-text tw-text-large XcVN5d tw-ta\" dir=\"ltr\" data-placeholder=\"Traducci\u00f3n\">Emb\u00e1rquese en una cautivadora excursi\u00f3n privada de 8 horas desde Toronto a la pintoresca <b><strong>Monta\u00f1a Azul,<\/strong><\/b> un destino que combina a la perfecci\u00f3n la belleza natural con vibrantes actividades de ocio. Con un coche privado y un gu\u00eda experto a su disposici\u00f3n, disfrutar\u00e1 de una experiencia fluida y personalizada, explorando una de las regiones m\u00e1s renombradas de Ontario.<\/p>\n","protected":false},"featured_media":177729,"comment_status":"open","ping_status":"closed","template":"","meta":{"_acf_changed":false},"product_brand":[],"product_cat":[2789,2836,2841,1602],"product_tag":[],"class_list":{"0":"post-177710","1":"product","2":"type-product","3":"status-publish","4":"has-post-thumbnail","6":"product_cat-canada-es","7":"product_cat-toronto-es","8":"product_cat-toronto-tours-es","9":"product_cat-eeuu-es","11":"first","12":"instock","13":"shipping-taxable","14":"purchasable","15":"product-type-simple"},"acf":[],"yoast_head":"<!-- This site is optimized with the Yoast SEO Premium plugin v25.3.1 (Yoast SEO v25.3.1) - https:\/\/yoast.com\/wordpress\/plugins\/seo\/ -->\n<title>Tour privado de las Monta\u00f1as Azules desde Toronto | TTM<\/title>\n<meta name=\"description\" content=\"\u00a1Tome este Tour privado de las Monta\u00f1as Azules desde Toronto y tenga la oportunidad de disfrutar de lo mejor de Toronto! \u00a1Este es un gran tour privado! \u2705\" \/>\n<meta name=\"robots\" content=\"index, follow, max-snippet:-1, max-image-preview:large, max-video-preview:-1\" \/>\n<link rel=\"canonical\" href=\"https:\/\/tourtravelandmore.com\/es\/tours\/canada-es\/toronto-es\/toronto-tours-es\/tour-privado-de-toronto-copy-2\/\" \/>\n<meta property=\"og:locale\" content=\"es_ES\" \/>\n<meta property=\"og:type\" content=\"article\" \/>\n<meta property=\"og:title\" content=\"Tour privado de las Monta\u00f1as Azules desde Toronto\" \/>\n<meta property=\"og:description\" content=\"\u00a1Tome este Tour privado de las Monta\u00f1as Azules desde Toronto y tenga la oportunidad de disfrutar de lo mejor de Toronto! \u00a1Este es un gran tour privado! \u2705\" \/>\n<meta property=\"og:url\" content=\"https:\/\/tourtravelandmore.com\/es\/tours\/canada-es\/toronto-es\/toronto-tours-es\/tour-privado-de-toronto-copy-2\/\" \/>\n<meta property=\"og:site_name\" content=\"Tour Travel And More\" \/>\n<meta property=\"article:publisher\" content=\"https:\/\/www.facebook.com\/tourtravelandmore\/\" \/>\n<meta property=\"article:modified_time\" content=\"2024-08-30T15:51:31+00:00\" \/>\n<meta property=\"og:image\" content=\"https:\/\/tourtravelandmore.com\/wp-content\/uploads\/2024\/08\/Blue-Mountains.jpg\" \/>\n\t<meta property=\"og:image:width\" content=\"840\" \/>\n\t<meta property=\"og:image:height\" content=\"560\" \/>\n\t<meta property=\"og:image:type\" content=\"image\/jpeg\" \/>\n<meta name=\"twitter:card\" content=\"summary_large_image\" \/>\n<meta name=\"twitter:site\" content=\"@TourTravel_More\" \/>\n<meta name=\"twitter:label1\" content=\"Tiempo de lectura\" \/>\n\t<meta name=\"twitter:data1\" content=\"3 minutos\" \/>\n<script type=\"application\/ld+json\" class=\"yoast-schema-graph\">{\"@context\":\"https:\/\/schema.org\",\"@graph\":[{\"@type\":\"WebPage\",\"@id\":\"https:\/\/tourtravelandmore.com\/es\/tours\/canada-es\/toronto-es\/toronto-tours-es\/tour-privado-de-toronto-copy-2\/\",\"url\":\"https:\/\/tourtravelandmore.com\/es\/tours\/canada-es\/toronto-es\/toronto-tours-es\/tour-privado-de-toronto-copy-2\/\",\"name\":\"Tour privado de las Monta\u00f1as Azules desde Toronto | TTM\",\"isPartOf\":{\"@id\":\"https:\/\/tourtravelandmore.com\/es\/#website\"},\"primaryImageOfPage\":{\"@id\":\"https:\/\/tourtravelandmore.com\/es\/tours\/canada-es\/toronto-es\/toronto-tours-es\/tour-privado-de-toronto-copy-2\/#primaryimage\"},\"image\":{\"@id\":\"https:\/\/tourtravelandmore.com\/es\/tours\/canada-es\/toronto-es\/toronto-tours-es\/tour-privado-de-toronto-copy-2\/#primaryimage\"},\"thumbnailUrl\":\"https:\/\/tourtravelandmore.com\/wp-content\/uploads\/2024\/08\/Blue-Mountains.jpg\",\"datePublished\":\"2024-08-30T15:26:01+00:00\",\"dateModified\":\"2024-08-30T15:51:31+00:00\",\"description\":\"\u00a1Tome este Tour privado de las Monta\u00f1as Azules desde Toronto y tenga la oportunidad de disfrutar de lo mejor de Toronto! \u00a1Este es un gran tour privado! \u2705\",\"breadcrumb\":{\"@id\":\"https:\/\/tourtravelandmore.com\/es\/tours\/canada-es\/toronto-es\/toronto-tours-es\/tour-privado-de-toronto-copy-2\/#breadcrumb\"},\"inLanguage\":\"es\",\"potentialAction\":[{\"@type\":\"ReadAction\",\"target\":[\"https:\/\/tourtravelandmore.com\/es\/tours\/canada-es\/toronto-es\/toronto-tours-es\/tour-privado-de-toronto-copy-2\/\"]}]},{\"@type\":\"ImageObject\",\"inLanguage\":\"es\",\"@id\":\"https:\/\/tourtravelandmore.com\/es\/tours\/canada-es\/toronto-es\/toronto-tours-es\/tour-privado-de-toronto-copy-2\/#primaryimage\",\"url\":\"https:\/\/tourtravelandmore.com\/wp-content\/uploads\/2024\/08\/Blue-Mountains.jpg\",\"contentUrl\":\"https:\/\/tourtravelandmore.com\/wp-content\/uploads\/2024\/08\/Blue-Mountains.jpg\",\"width\":840,\"height\":560},{\"@type\":\"BreadcrumbList\",\"@id\":\"https:\/\/tourtravelandmore.com\/es\/tours\/canada-es\/toronto-es\/toronto-tours-es\/tour-privado-de-toronto-copy-2\/#breadcrumb\",\"itemListElement\":[{\"@type\":\"ListItem\",\"position\":1,\"name\":\"Home\",\"item\":\"https:\/\/tourtravelandmore.com\/es\/\"},{\"@type\":\"ListItem\",\"position\":2,\"name\":\"Tours\",\"item\":\"https:\/\/tourtravelandmore.com\/es\/tours\/\"},{\"@type\":\"ListItem\",\"position\":3,\"name\":\"Tour privado de las Monta\u00f1as Azules desde Toronto\"}]},{\"@type\":\"WebSite\",\"@id\":\"https:\/\/tourtravelandmore.com\/es\/#website\",\"url\":\"https:\/\/tourtravelandmore.com\/es\/\",\"name\":\"Tour Travel And More\",\"description\":\"Private sightseeing tours and luxury transfers in Spain\",\"publisher\":{\"@id\":\"https:\/\/tourtravelandmore.com\/es\/#organization\"},\"potentialAction\":[{\"@type\":\"SearchAction\",\"target\":{\"@type\":\"EntryPoint\",\"urlTemplate\":\"https:\/\/tourtravelandmore.com\/es\/?s={search_term_string}\"},\"query-input\":{\"@type\":\"PropertyValueSpecification\",\"valueRequired\":true,\"valueName\":\"search_term_string\"}}],\"inLanguage\":\"es\"},{\"@type\":\"Organization\",\"@id\":\"https:\/\/tourtravelandmore.com\/es\/#organization\",\"name\":\"Tour Travel And More\",\"url\":\"https:\/\/tourtravelandmore.com\/es\/\",\"logo\":{\"@type\":\"ImageObject\",\"inLanguage\":\"es\",\"@id\":\"https:\/\/tourtravelandmore.com\/es\/#\/schema\/logo\/image\/\",\"url\":\"https:\/\/tourtravelandmore.com\/wp-content\/uploads\/2022\/12\/cropped-logo-cabecera-new.png\",\"contentUrl\":\"https:\/\/tourtravelandmore.com\/wp-content\/uploads\/2022\/12\/cropped-logo-cabecera-new.png\",\"width\":430,\"height\":61,\"caption\":\"Tour Travel And More\"},\"image\":{\"@id\":\"https:\/\/tourtravelandmore.com\/es\/#\/schema\/logo\/image\/\"},\"sameAs\":[\"https:\/\/www.facebook.com\/tourtravelandmore\/\",\"https:\/\/x.com\/TourTravel_More\"]}]}<\/script>\n<!-- \/ Yoast SEO Premium plugin. -->","yoast_head_json":{"title":"Tour privado de las Monta\u00f1as Azules desde Toronto | TTM","description":"\u00a1Tome este Tour privado de las Monta\u00f1as Azules desde Toronto y tenga la oportunidad de disfrutar de lo mejor de Toronto! \u00a1Este es un gran tour privado! \u2705","robots":{"index":"index","follow":"follow","max-snippet":"max-snippet:-1","max-image-preview":"max-image-preview:large","max-video-preview":"max-video-preview:-1"},"canonical":"https:\/\/tourtravelandmore.com\/es\/tours\/canada-es\/toronto-es\/toronto-tours-es\/tour-privado-de-toronto-copy-2\/","og_locale":"es_ES","og_type":"article","og_title":"Tour privado de las Monta\u00f1as Azules desde Toronto","og_description":"\u00a1Tome este Tour privado de las Monta\u00f1as Azules desde Toronto y tenga la oportunidad de disfrutar de lo mejor de Toronto! \u00a1Este es un gran tour privado! \u2705","og_url":"https:\/\/tourtravelandmore.com\/es\/tours\/canada-es\/toronto-es\/toronto-tours-es\/tour-privado-de-toronto-copy-2\/","og_site_name":"Tour Travel And More","article_publisher":"https:\/\/www.facebook.com\/tourtravelandmore\/","article_modified_time":"2024-08-30T15:51:31+00:00","og_image":[{"width":840,"height":560,"url":"https:\/\/tourtravelandmore.com\/wp-content\/uploads\/2024\/08\/Blue-Mountains.jpg","type":"image\/jpeg"}],"twitter_card":"summary_large_image","twitter_site":"@TourTravel_More","twitter_misc":{"Tiempo de lectura":"3 minutos"},"schema":{"@context":"https:\/\/schema.org","@graph":[{"@type":"WebPage","@id":"https:\/\/tourtravelandmore.com\/es\/tours\/canada-es\/toronto-es\/toronto-tours-es\/tour-privado-de-toronto-copy-2\/","url":"https:\/\/tourtravelandmore.com\/es\/tours\/canada-es\/toronto-es\/toronto-tours-es\/tour-privado-de-toronto-copy-2\/","name":"Tour privado de las Monta\u00f1as Azules desde Toronto | TTM","isPartOf":{"@id":"https:\/\/tourtravelandmore.com\/es\/#website"},"primaryImageOfPage":{"@id":"https:\/\/tourtravelandmore.com\/es\/tours\/canada-es\/toronto-es\/toronto-tours-es\/tour-privado-de-toronto-copy-2\/#primaryimage"},"image":{"@id":"https:\/\/tourtravelandmore.com\/es\/tours\/canada-es\/toronto-es\/toronto-tours-es\/tour-privado-de-toronto-copy-2\/#primaryimage"},"thumbnailUrl":"https:\/\/tourtravelandmore.com\/wp-content\/uploads\/2024\/08\/Blue-Mountains.jpg","datePublished":"2024-08-30T15:26:01+00:00","dateModified":"2024-08-30T15:51:31+00:00","description":"\u00a1Tome este Tour privado de las Monta\u00f1as Azules desde Toronto y tenga la oportunidad de disfrutar de lo mejor de Toronto! \u00a1Este es un gran tour privado! \u2705","breadcrumb":{"@id":"https:\/\/tourtravelandmore.com\/es\/tours\/canada-es\/toronto-es\/toronto-tours-es\/tour-privado-de-toronto-copy-2\/#breadcrumb"},"inLanguage":"es","potentialAction":[{"@type":"ReadAction","target":["https:\/\/tourtravelandmore.com\/es\/tours\/canada-es\/toronto-es\/toronto-tours-es\/tour-privado-de-toronto-copy-2\/"]}]},{"@type":"ImageObject","inLanguage":"es","@id":"https:\/\/tourtravelandmore.com\/es\/tours\/canada-es\/toronto-es\/toronto-tours-es\/tour-privado-de-toronto-copy-2\/#primaryimage","url":"https:\/\/tourtravelandmore.com\/wp-content\/uploads\/2024\/08\/Blue-Mountains.jpg","contentUrl":"https:\/\/tourtravelandmore.com\/wp-content\/uploads\/2024\/08\/Blue-Mountains.jpg","width":840,"height":560},{"@type":"BreadcrumbList","@id":"https:\/\/tourtravelandmore.com\/es\/tours\/canada-es\/toronto-es\/toronto-tours-es\/tour-privado-de-toronto-copy-2\/#breadcrumb","itemListElement":[{"@type":"ListItem","position":1,"name":"Home","item":"https:\/\/tourtravelandmore.com\/es\/"},{"@type":"ListItem","position":2,"name":"Tours","item":"https:\/\/tourtravelandmore.com\/es\/tours\/"},{"@type":"ListItem","position":3,"name":"Tour privado de las Monta\u00f1as Azules desde Toronto"}]},{"@type":"WebSite","@id":"https:\/\/tourtravelandmore.com\/es\/#website","url":"https:\/\/tourtravelandmore.com\/es\/","name":"Tour Travel And More","description":"Private sightseeing tours and luxury transfers in Spain","publisher":{"@id":"https:\/\/tourtravelandmore.com\/es\/#organization"},"potentialAction":[{"@type":"SearchAction","target":{"@type":"EntryPoint","urlTemplate":"https:\/\/tourtravelandmore.com\/es\/?s={search_term_string}"},"query-input":{"@type":"PropertyValueSpecification","valueRequired":true,"valueName":"search_term_string"}}],"inLanguage":"es"},{"@type":"Organization","@id":"https:\/\/tourtravelandmore.com\/es\/#organization","name":"Tour Travel And More","url":"https:\/\/tourtravelandmore.com\/es\/","logo":{"@type":"ImageObject","inLanguage":"es","@id":"https:\/\/tourtravelandmore.com\/es\/#\/schema\/logo\/image\/","url":"https:\/\/tourtravelandmore.com\/wp-content\/uploads\/2022\/12\/cropped-logo-cabecera-new.png","contentUrl":"https:\/\/tourtravelandmore.com\/wp-content\/uploads\/2022\/12\/cropped-logo-cabecera-new.png","width":430,"height":61,"caption":"Tour Travel And More"},"image":{"@id":"https:\/\/tourtravelandmore.com\/es\/#\/schema\/logo\/image\/"},"sameAs":["https:\/\/www.facebook.com\/tourtravelandmore\/","https:\/\/x.com\/TourTravel_More"]}]}},"_links":{"self":[{"href":"https:\/\/tourtravelandmore.com\/es\/wp-json\/wp\/v2\/product\/177710","targetHints":{"allow":["GET"]}}],"collection":[{"href":"https:\/\/tourtravelandmore.com\/es\/wp-json\/wp\/v2\/product"}],"about":[{"href":"https:\/\/tourtravelandmore.com\/es\/wp-json\/wp\/v2\/types\/product"}],"replies":[{"embeddable":true,"href":"https:\/\/tourtravelandmore.com\/es\/wp-json\/wp\/v2\/comments?post=177710"}],"wp:featuredmedia":[{"embeddable":true,"href":"https:\/\/tourtravelandmore.com\/es\/wp-json\/wp\/v2\/media\/177729"}],"wp:attachment":[{"href":"https:\/\/tourtravelandmore.com\/es\/wp-json\/wp\/v2\/media?parent=177710"}],"wp:term":[{"taxonomy":"product_brand","embeddable":true,"href":"https:\/\/tourtravelandmore.com\/es\/wp-json\/wp\/v2\/product_brand?post=177710"},{"taxonomy":"product_cat","embeddable":true,"href":"https:\/\/tourtravelandmore.com\/es\/wp-json\/wp\/v2\/product_cat?post=177710"},{"taxonomy":"product_tag","embeddable":true,"href":"https:\/\/tourtravelandmore.com\/es\/wp-json\/wp\/v2\/product_tag?post=177710"}],"curies":[{"name":"wp","href":"https:\/\/api.w.org\/{rel}","templated":true}]}}