{"id":177661,"date":"2024-08-30T17:04:10","date_gmt":"2024-08-30T15:04:11","guid":{"rendered":"https:\/\/tourtravelandmore.com\/?post_type=product&#038;p=177661"},"modified":"2024-08-30T17:21:31","modified_gmt":"2024-08-30T15:21:31","slug":"tour-privado-de-toronto-copy","status":"publish","type":"product","link":"https:\/\/tourtravelandmore.com\/es\/tours\/canada-es\/toronto-es\/toronto-tours-es\/tour-privado-de-toronto-copy\/","title":{"rendered":"Traslado privado del\/al aeropuerto de Toronto al\/del hotel"},"content":{"rendered":"<h2><b><strong>Descripci\u00f3n<\/strong><\/b><\/h2>\n<p>Experimente un viaje fluido y sin estr\u00e9s con nuestro servicio de <b><strong>traslado privado<\/strong><\/b> desde\/hasta el <b><strong>aeropuerto<\/strong><\/b> de Toronto a\/hasta su hotel. Tanto si llega a <b><strong>Toronto<\/strong><\/b> como si se dirige de vuelta al aeropuerto, nuestro servicio especializado garantiza que su traslado sea fluido, c\u00f3modo y puntual. Disfrute de la comodidad de un veh\u00edculo privado reservado exclusivamente para usted, lo que le permitir\u00e1 viajar a su propio ritmo y horario. Nuestros conductores profesionales se comprometen a proporcionarle un servicio fiable y cort\u00e9s, asegur\u00e1ndose de que llegue a su destino sin ning\u00fan problema. Si\u00e9ntese, rel\u00e1jese y disfrute del viaje mientras nos ocupamos de sus necesidades de transporte.<\/p>\n<p>En primer lugar, haga que nuestro ch\u00f3fer privado le recoja en el lugar de su elecci\u00f3n. Puede ser un hotel, el aeropuerto o incluso el puerto de cruceros. Podemos llevarle al centro de la ciudad, a otra ciudad o a cualquier lugar que desee.<\/p>\n<p>Nuestro equipo de expertos est\u00e1 aqu\u00ed para hacer que su experiencia sea \u00fanica. Le estaremos esperando para llevarle c\u00f3modamente a su destino final en Toronto o en los alrededores.<\/p>\n<p>Nuestros traslados privados pueden ser traslados de ciudad, de restaurante, de llegada o de salida. Podemos organizar cualquier tipo de experiencia de traslado privado que necesite.<\/p>\n<h2><b><strong>Puntos de inter\u00e9s<\/strong><\/b><\/h2>\n<p>Despu\u00e9s de una c\u00f3moda recogida, vamos a comenzar este Traslado Privado.<\/p>\n<p>Estos son algunos ejemplos de lo que tendr\u00e1:<\/p>\n<ul>\n<li><b><strong>Veh\u00edculo Privado Exclusivo:<\/strong><\/b> Viaje con comodidad y privacidad con un veh\u00edculo reservado s\u00f3lo para usted.<\/li>\n<li><b><strong>C\u00f3modo y puntual:<\/strong><\/b> Disfrute de una recogida y entrega puntual, asegur\u00e1ndose de llegar a su destino a tiempo.<\/li>\n<li><b><strong>Conductores profesionales:<\/strong><\/b> Nuestros experimentados conductores proporcionan un servicio cort\u00e9s y fiable.<\/li>\n<li><b><strong>Horarios flexibles:<\/strong><\/b> Disponible tanto para llegadas como para salidas, adaptado a su itinerario de viaje.<\/li>\n<li><b><strong>Traslado directo:<\/strong><\/b> Sin paradas ni retrasos innecesarios, s\u00f3lo un viaje directo y eficiente hacia o desde su hotel.<\/li>\n<\/ul>\n<p>Este traslado privado terminar\u00e1 en su hotel o lugar de su elecci\u00f3n en Toronto.<\/p>\n<p>\u00a1Nuestros expertos en viajes est\u00e1n a su disposici\u00f3n para ofrecerle una experiencia \u00fanica! <a href=\"https:\/\/tourtravelandmore.com\/es\/ciudad\/canada-es\/toronto-en\/\">Eche un vistazo a nuestros otros tours privados que ofrecemos en Toronto.<\/a><\/p>\n","protected":false},"excerpt":{"rendered":"<p id=\"tw-target-text\" class=\"tw-data-text tw-text-large XcVN5d tw-ta\" dir=\"ltr\" data-placeholder=\"Traducci\u00f3n\">Experimente un viaje fluido y sin estr\u00e9s con nuestro servicio de <b><strong>traslado privado<\/strong><\/b> desde\/hasta el <b><strong>aeropuerto<\/strong><\/b> de Toronto a\/hasta su hotel. Tanto si llega a <b><strong>Toronto<\/strong><\/b> como si se dirige de vuelta al aeropuerto, nuestro servicio especializado garantiza que su traslado sea fluido, c\u00f3modo y puntual. Disfrute de la comodidad de un veh\u00edculo privado reservado exclusivamente para usted, lo que le permitir\u00e1 viajar a su propio ritmo y horario. Nuestros conductores profesionales se comprometen a proporcionarle un servicio fiable y cort\u00e9s, asegur\u00e1ndose de que llegue a su destino sin ning\u00fan problema. Si\u00e9ntese, rel\u00e1jese y disfrute del viaje mientras nos ocupamos de sus necesidades de transporte.<\/p>\n","protected":false},"featured_media":177680,"comment_status":"open","ping_status":"closed","template":"","meta":{"_acf_changed":false},"product_brand":[],"product_cat":[2789,2836,2841,1602],"product_tag":[],"class_list":{"0":"post-177661","1":"product","2":"type-product","3":"status-publish","4":"has-post-thumbnail","6":"product_cat-canada-es","7":"product_cat-toronto-es","8":"product_cat-toronto-tours-es","9":"product_cat-eeuu-es","11":"first","12":"instock","13":"shipping-taxable","14":"purchasable","15":"product-type-simple"},"acf":[],"yoast_head":"<!-- This site is optimized with the Yoast SEO Premium plugin v25.3.1 (Yoast SEO v25.3.1) - https:\/\/yoast.com\/wordpress\/plugins\/seo\/ -->\n<title>Traslado privado a Toronto | TTM<\/title>\n<meta name=\"description\" content=\"\u00a1Tome este traslado privado de Toronto y tenga la oportunidad de disfrutar de lo mejor de la ciudad de Toronto! \u00a1Este es un gran tour privado! \u2705\" \/>\n<meta name=\"robots\" content=\"index, follow, max-snippet:-1, max-image-preview:large, max-video-preview:-1\" \/>\n<link rel=\"canonical\" href=\"https:\/\/tourtravelandmore.com\/es\/tours\/canada-es\/toronto-es\/toronto-tours-es\/tour-privado-de-toronto-copy\/\" \/>\n<meta property=\"og:locale\" content=\"es_ES\" \/>\n<meta property=\"og:type\" content=\"article\" \/>\n<meta property=\"og:title\" content=\"Traslado privado del\/al aeropuerto de Toronto al\/del hotel\" \/>\n<meta property=\"og:description\" content=\"\u00a1Tome este traslado privado de Toronto y tenga la oportunidad de disfrutar de lo mejor de la ciudad de Toronto! \u00a1Este es un gran tour privado! \u2705\" \/>\n<meta property=\"og:url\" content=\"https:\/\/tourtravelandmore.com\/es\/tours\/canada-es\/toronto-es\/toronto-tours-es\/tour-privado-de-toronto-copy\/\" \/>\n<meta property=\"og:site_name\" content=\"Tour Travel And More\" \/>\n<meta property=\"article:publisher\" content=\"https:\/\/www.facebook.com\/tourtravelandmore\/\" \/>\n<meta property=\"article:modified_time\" content=\"2024-08-30T15:21:31+00:00\" \/>\n<meta property=\"og:image\" content=\"https:\/\/tourtravelandmore.com\/wp-content\/uploads\/2024\/08\/barcelona-wedding-transfer-2.jpg\" \/>\n\t<meta property=\"og:image:width\" content=\"1296\" \/>\n\t<meta property=\"og:image:height\" content=\"730\" \/>\n\t<meta property=\"og:image:type\" content=\"image\/jpeg\" \/>\n<meta name=\"twitter:card\" content=\"summary_large_image\" \/>\n<meta name=\"twitter:site\" content=\"@TourTravel_More\" \/>\n<meta name=\"twitter:label1\" content=\"Tiempo de lectura\" \/>\n\t<meta name=\"twitter:data1\" content=\"2 minutos\" \/>\n<script type=\"application\/ld+json\" class=\"yoast-schema-graph\">{\"@context\":\"https:\/\/schema.org\",\"@graph\":[{\"@type\":\"WebPage\",\"@id\":\"https:\/\/tourtravelandmore.com\/es\/tours\/canada-es\/toronto-es\/toronto-tours-es\/tour-privado-de-toronto-copy\/\",\"url\":\"https:\/\/tourtravelandmore.com\/es\/tours\/canada-es\/toronto-es\/toronto-tours-es\/tour-privado-de-toronto-copy\/\",\"name\":\"Traslado privado a Toronto | TTM\",\"isPartOf\":{\"@id\":\"https:\/\/tourtravelandmore.com\/es\/#website\"},\"primaryImageOfPage\":{\"@id\":\"https:\/\/tourtravelandmore.com\/es\/tours\/canada-es\/toronto-es\/toronto-tours-es\/tour-privado-de-toronto-copy\/#primaryimage\"},\"image\":{\"@id\":\"https:\/\/tourtravelandmore.com\/es\/tours\/canada-es\/toronto-es\/toronto-tours-es\/tour-privado-de-toronto-copy\/#primaryimage\"},\"thumbnailUrl\":\"https:\/\/tourtravelandmore.com\/wp-content\/uploads\/2024\/08\/barcelona-wedding-transfer-2.jpg\",\"datePublished\":\"2024-08-30T15:04:11+00:00\",\"dateModified\":\"2024-08-30T15:21:31+00:00\",\"description\":\"\u00a1Tome este traslado privado de Toronto y tenga la oportunidad de disfrutar de lo mejor de la ciudad de Toronto! \u00a1Este es un gran tour privado! \u2705\",\"breadcrumb\":{\"@id\":\"https:\/\/tourtravelandmore.com\/es\/tours\/canada-es\/toronto-es\/toronto-tours-es\/tour-privado-de-toronto-copy\/#breadcrumb\"},\"inLanguage\":\"es\",\"potentialAction\":[{\"@type\":\"ReadAction\",\"target\":[\"https:\/\/tourtravelandmore.com\/es\/tours\/canada-es\/toronto-es\/toronto-tours-es\/tour-privado-de-toronto-copy\/\"]}]},{\"@type\":\"ImageObject\",\"inLanguage\":\"es\",\"@id\":\"https:\/\/tourtravelandmore.com\/es\/tours\/canada-es\/toronto-es\/toronto-tours-es\/tour-privado-de-toronto-copy\/#primaryimage\",\"url\":\"https:\/\/tourtravelandmore.com\/wp-content\/uploads\/2024\/08\/barcelona-wedding-transfer-2.jpg\",\"contentUrl\":\"https:\/\/tourtravelandmore.com\/wp-content\/uploads\/2024\/08\/barcelona-wedding-transfer-2.jpg\",\"width\":1296,\"height\":730,\"caption\":\"Mercedes-Benz S-Klasse, (W 222), 2012\"},{\"@type\":\"BreadcrumbList\",\"@id\":\"https:\/\/tourtravelandmore.com\/es\/tours\/canada-es\/toronto-es\/toronto-tours-es\/tour-privado-de-toronto-copy\/#breadcrumb\",\"itemListElement\":[{\"@type\":\"ListItem\",\"position\":1,\"name\":\"Home\",\"item\":\"https:\/\/tourtravelandmore.com\/es\/\"},{\"@type\":\"ListItem\",\"position\":2,\"name\":\"Tours\",\"item\":\"https:\/\/tourtravelandmore.com\/es\/tours\/\"},{\"@type\":\"ListItem\",\"position\":3,\"name\":\"Traslado privado del\/al aeropuerto de Toronto al\/del hotel\"}]},{\"@type\":\"WebSite\",\"@id\":\"https:\/\/tourtravelandmore.com\/es\/#website\",\"url\":\"https:\/\/tourtravelandmore.com\/es\/\",\"name\":\"Tour Travel And More\",\"description\":\"Private sightseeing tours and luxury transfers in Spain\",\"publisher\":{\"@id\":\"https:\/\/tourtravelandmore.com\/es\/#organization\"},\"potentialAction\":[{\"@type\":\"SearchAction\",\"target\":{\"@type\":\"EntryPoint\",\"urlTemplate\":\"https:\/\/tourtravelandmore.com\/es\/?s={search_term_string}\"},\"query-input\":{\"@type\":\"PropertyValueSpecification\",\"valueRequired\":true,\"valueName\":\"search_term_string\"}}],\"inLanguage\":\"es\"},{\"@type\":\"Organization\",\"@id\":\"https:\/\/tourtravelandmore.com\/es\/#organization\",\"name\":\"Tour Travel And More\",\"url\":\"https:\/\/tourtravelandmore.com\/es\/\",\"logo\":{\"@type\":\"ImageObject\",\"inLanguage\":\"es\",\"@id\":\"https:\/\/tourtravelandmore.com\/es\/#\/schema\/logo\/image\/\",\"url\":\"https:\/\/tourtravelandmore.com\/wp-content\/uploads\/2022\/12\/cropped-logo-cabecera-new.png\",\"contentUrl\":\"https:\/\/tourtravelandmore.com\/wp-content\/uploads\/2022\/12\/cropped-logo-cabecera-new.png\",\"width\":430,\"height\":61,\"caption\":\"Tour Travel And More\"},\"image\":{\"@id\":\"https:\/\/tourtravelandmore.com\/es\/#\/schema\/logo\/image\/\"},\"sameAs\":[\"https:\/\/www.facebook.com\/tourtravelandmore\/\",\"https:\/\/x.com\/TourTravel_More\"]}]}<\/script>\n<!-- \/ Yoast SEO Premium plugin. -->","yoast_head_json":{"title":"Traslado privado a Toronto | TTM","description":"\u00a1Tome este traslado privado de Toronto y tenga la oportunidad de disfrutar de lo mejor de la ciudad de Toronto! \u00a1Este es un gran tour privado! \u2705","robots":{"index":"index","follow":"follow","max-snippet":"max-snippet:-1","max-image-preview":"max-image-preview:large","max-video-preview":"max-video-preview:-1"},"canonical":"https:\/\/tourtravelandmore.com\/es\/tours\/canada-es\/toronto-es\/toronto-tours-es\/tour-privado-de-toronto-copy\/","og_locale":"es_ES","og_type":"article","og_title":"Traslado privado del\/al aeropuerto de Toronto al\/del hotel","og_description":"\u00a1Tome este traslado privado de Toronto y tenga la oportunidad de disfrutar de lo mejor de la ciudad de Toronto! \u00a1Este es un gran tour privado! \u2705","og_url":"https:\/\/tourtravelandmore.com\/es\/tours\/canada-es\/toronto-es\/toronto-tours-es\/tour-privado-de-toronto-copy\/","og_site_name":"Tour Travel And More","article_publisher":"https:\/\/www.facebook.com\/tourtravelandmore\/","article_modified_time":"2024-08-30T15:21:31+00:00","og_image":[{"width":1296,"height":730,"url":"https:\/\/tourtravelandmore.com\/wp-content\/uploads\/2024\/08\/barcelona-wedding-transfer-2.jpg","type":"image\/jpeg"}],"twitter_card":"summary_large_image","twitter_site":"@TourTravel_More","twitter_misc":{"Tiempo de lectura":"2 minutos"},"schema":{"@context":"https:\/\/schema.org","@graph":[{"@type":"WebPage","@id":"https:\/\/tourtravelandmore.com\/es\/tours\/canada-es\/toronto-es\/toronto-tours-es\/tour-privado-de-toronto-copy\/","url":"https:\/\/tourtravelandmore.com\/es\/tours\/canada-es\/toronto-es\/toronto-tours-es\/tour-privado-de-toronto-copy\/","name":"Traslado privado a Toronto | TTM","isPartOf":{"@id":"https:\/\/tourtravelandmore.com\/es\/#website"},"primaryImageOfPage":{"@id":"https:\/\/tourtravelandmore.com\/es\/tours\/canada-es\/toronto-es\/toronto-tours-es\/tour-privado-de-toronto-copy\/#primaryimage"},"image":{"@id":"https:\/\/tourtravelandmore.com\/es\/tours\/canada-es\/toronto-es\/toronto-tours-es\/tour-privado-de-toronto-copy\/#primaryimage"},"thumbnailUrl":"https:\/\/tourtravelandmore.com\/wp-content\/uploads\/2024\/08\/barcelona-wedding-transfer-2.jpg","datePublished":"2024-08-30T15:04:11+00:00","dateModified":"2024-08-30T15:21:31+00:00","description":"\u00a1Tome este traslado privado de Toronto y tenga la oportunidad de disfrutar de lo mejor de la ciudad de Toronto! \u00a1Este es un gran tour privado! \u2705","breadcrumb":{"@id":"https:\/\/tourtravelandmore.com\/es\/tours\/canada-es\/toronto-es\/toronto-tours-es\/tour-privado-de-toronto-copy\/#breadcrumb"},"inLanguage":"es","potentialAction":[{"@type":"ReadAction","target":["https:\/\/tourtravelandmore.com\/es\/tours\/canada-es\/toronto-es\/toronto-tours-es\/tour-privado-de-toronto-copy\/"]}]},{"@type":"ImageObject","inLanguage":"es","@id":"https:\/\/tourtravelandmore.com\/es\/tours\/canada-es\/toronto-es\/toronto-tours-es\/tour-privado-de-toronto-copy\/#primaryimage","url":"https:\/\/tourtravelandmore.com\/wp-content\/uploads\/2024\/08\/barcelona-wedding-transfer-2.jpg","contentUrl":"https:\/\/tourtravelandmore.com\/wp-content\/uploads\/2024\/08\/barcelona-wedding-transfer-2.jpg","width":1296,"height":730,"caption":"Mercedes-Benz S-Klasse, (W 222), 2012"},{"@type":"BreadcrumbList","@id":"https:\/\/tourtravelandmore.com\/es\/tours\/canada-es\/toronto-es\/toronto-tours-es\/tour-privado-de-toronto-copy\/#breadcrumb","itemListElement":[{"@type":"ListItem","position":1,"name":"Home","item":"https:\/\/tourtravelandmore.com\/es\/"},{"@type":"ListItem","position":2,"name":"Tours","item":"https:\/\/tourtravelandmore.com\/es\/tours\/"},{"@type":"ListItem","position":3,"name":"Traslado privado del\/al aeropuerto de Toronto al\/del hotel"}]},{"@type":"WebSite","@id":"https:\/\/tourtravelandmore.com\/es\/#website","url":"https:\/\/tourtravelandmore.com\/es\/","name":"Tour Travel And More","description":"Private sightseeing tours and luxury transfers in Spain","publisher":{"@id":"https:\/\/tourtravelandmore.com\/es\/#organization"},"potentialAction":[{"@type":"SearchAction","target":{"@type":"EntryPoint","urlTemplate":"https:\/\/tourtravelandmore.com\/es\/?s={search_term_string}"},"query-input":{"@type":"PropertyValueSpecification","valueRequired":true,"valueName":"search_term_string"}}],"inLanguage":"es"},{"@type":"Organization","@id":"https:\/\/tourtravelandmore.com\/es\/#organization","name":"Tour Travel And More","url":"https:\/\/tourtravelandmore.com\/es\/","logo":{"@type":"ImageObject","inLanguage":"es","@id":"https:\/\/tourtravelandmore.com\/es\/#\/schema\/logo\/image\/","url":"https:\/\/tourtravelandmore.com\/wp-content\/uploads\/2022\/12\/cropped-logo-cabecera-new.png","contentUrl":"https:\/\/tourtravelandmore.com\/wp-content\/uploads\/2022\/12\/cropped-logo-cabecera-new.png","width":430,"height":61,"caption":"Tour Travel And More"},"image":{"@id":"https:\/\/tourtravelandmore.com\/es\/#\/schema\/logo\/image\/"},"sameAs":["https:\/\/www.facebook.com\/tourtravelandmore\/","https:\/\/x.com\/TourTravel_More"]}]}},"_links":{"self":[{"href":"https:\/\/tourtravelandmore.com\/es\/wp-json\/wp\/v2\/product\/177661","targetHints":{"allow":["GET"]}}],"collection":[{"href":"https:\/\/tourtravelandmore.com\/es\/wp-json\/wp\/v2\/product"}],"about":[{"href":"https:\/\/tourtravelandmore.com\/es\/wp-json\/wp\/v2\/types\/product"}],"replies":[{"embeddable":true,"href":"https:\/\/tourtravelandmore.com\/es\/wp-json\/wp\/v2\/comments?post=177661"}],"wp:featuredmedia":[{"embeddable":true,"href":"https:\/\/tourtravelandmore.com\/es\/wp-json\/wp\/v2\/media\/177680"}],"wp:attachment":[{"href":"https:\/\/tourtravelandmore.com\/es\/wp-json\/wp\/v2\/media?parent=177661"}],"wp:term":[{"taxonomy":"product_brand","embeddable":true,"href":"https:\/\/tourtravelandmore.com\/es\/wp-json\/wp\/v2\/product_brand?post=177661"},{"taxonomy":"product_cat","embeddable":true,"href":"https:\/\/tourtravelandmore.com\/es\/wp-json\/wp\/v2\/product_cat?post=177661"},{"taxonomy":"product_tag","embeddable":true,"href":"https:\/\/tourtravelandmore.com\/es\/wp-json\/wp\/v2\/product_tag?post=177661"}],"curies":[{"name":"wp","href":"https:\/\/api.w.org\/{rel}","templated":true}]}}