{"id":17762,"date":"2018-02-07T10:03:46","date_gmt":"2018-02-07T10:31:12","guid":{"rendered":"http:\/\/tourtravelandmore.com\/es\/?post_type=product&#038;p=17762"},"modified":"2024-08-21T17:48:22","modified_gmt":"2024-08-21T15:48:22","slug":"tour-privado-de-orvieto-y-asis-desde-roma","status":"publish","type":"product","link":"https:\/\/tourtravelandmore.com\/es\/tours\/italia-es\/roma-es\/tour-privado-de-orvieto-y-asis-desde-roma\/","title":{"rendered":"Tour Privado de Orvieto y As\u00eds desde Roma"},"content":{"rendered":"<h2><strong>Descripci\u00f3n del Tour Privado de Orvieto y As\u00eds desde Roma<\/strong><\/h2>\n<p>Disfrute de este <strong>tour privado de Orvieto y As\u00eds desde Roma<\/strong> y conozca la hermosa regi\u00f3n de Umbr\u00eda. Visitar\u00e1 dos hermosas ciudades, Orvieto y As\u00eds, en su veh\u00edculo <strong>privado de lujo con chofer<\/strong>.<\/p>\n<p>Aproveche al m\u00e1ximo su visita a <strong>Roma<\/strong> y visite una de las regiones m\u00e1s bellas de Italia, Umbr\u00eda. Conducir\u00e1s por pueblos antiguos y hermosos paisajes (visitando el m\u00e1s hermoso de ellos, Orvieto).<\/p>\n<p>Despu\u00e9s de pasar el r\u00edo T\u00edber, llegar\u00e1s a <strong>Orvieto<\/strong>. Esta ciudad alberga una catedral del siglo XII, que tiene un estilo g\u00f3tico muy impresionante, considerada como una de las catedrales m\u00e1s bellas de Italia.<\/p>\n<p><strong>As\u00eds<\/strong>, es una ciudad en la regi\u00f3n de Perugia, Umbr\u00eda, y fue el lugar de nacimiento de San Francisco de As\u00eds. Es uno de los centros religiosos italianos m\u00e1s importantes y a sus habitantes los llaman Assisani o Assisiati.<\/p>\n<p>Este es un recorrido personalizado completo. Adaptamos nuestros tours para satisfacer sus propias necesidades personales. Tambi\u00e9n entendemos las necesidades de cada cliente durante las vacaciones y hacemos todo lo posible para que su estad\u00eda y experiencia sean inolvidables.<\/p>\n<p>Este tour es perfecto para aquellos que desean pasar un d\u00eda fuera de la ciudad de Roma, sin embargo, tenemos otras opciones, como un <a href=\"https:\/\/tourtravelandmore.com\/es\/tours\/italia-es\/roma-es\/tour-privado-ostia-antica-desde-roma\/\">tour privado a Ostia Antica desde Roma<\/a>.<\/p>\n<h2><strong>Puntos de inter\u00e9s en el Tour Privado de Orvieto y As\u00eds desde Roma<\/strong><\/h2>\n<p>Su conductor privado lo recoger\u00e1 de su hotel o lugar de elecci\u00f3n para comenzar este tour privado de Orvieto y As\u00eds desde Roma.<\/p>\n<p>En primer lugar, visitar\u00e1s Orvieto, una ciudad incre\u00edble detenida en el tiempo. Aqu\u00ed, admirar\u00e1s la arquitectura antigua de los monumentos. Entre otros lugares que podr\u00e1s visitar:<\/p>\n<ul>\n<li><strong>La Catedral de Orvieto<\/strong><\/li>\n<li><strong>El Pozo de San Patricio<\/strong><\/li>\n<li><strong>Fortaleza de Albornoz<\/strong><\/li>\n<li><strong>La Torre del Moro<\/strong><\/li>\n<li><strong>La Ciudad Subterr\u00e1nea<\/strong><\/li>\n<li>\u00a1Y mucho m\u00e1s!<\/li>\n<\/ul>\n<p>Luego de visitar Orvieto, su conductor privado continuar\u00e1 conduciendo a trav\u00e9s de vi\u00f1edos y villas antiguas hasta llegar a la ciudad de As\u00eds.<\/p>\n<p>Conocer\u00e1 la historia y los secretos de As\u00eds con un gu\u00eda privado durante 2 horas. Visitar\u00e1 la <a href=\"http:\/\/www.sanfrancescoassisi.org\/html\/ita\/index.php\" rel=\"nofollow\">Bas\u00edlica de San Francisco<\/a> (entrada incluida) y <strong>Santa Clara<\/strong>, desde donde podr\u00e1 disfrutar de impresionantes vistas panor\u00e1micas de la campi\u00f1a de Umbr\u00eda, as\u00ed como del <strong>antiguo centro de la ciudad de As\u00eds<\/strong>.<\/p>\n<p>Finalmente, tendr\u00e1 algo de tiempo para almorzar y disfrutar del \u00e1rea hasta que su conductor privado comience a llevarlo de regreso a Roma.<br \/>\nEl recorrido tiene una duraci\u00f3n de 10 horas desde el momento de la recogida hasta el momento de devoluci\u00f3n en su hotel o lugar de elecci\u00f3n en Roma.<\/p>\n<p>Todos nuestros expertos en viajes est\u00e1n a su disposici\u00f3n para organizar una experiencia perfecta para su visita a Orvieto y As\u00eds desde Roma. Organizaremos desde el momento de recogida hasta que lo dejemos nuevamente una vez que haya finalizado el recorrido. Tendr\u00e1s un d\u00eda libre de estr\u00e9s.<\/p>\n","protected":false},"excerpt":{"rendered":"<p>Conozca y disfrute la hermosa regi\u00f3n de Umbria\u00a0durante este tour con vuestro <strong>gu\u00eda oficial privado<\/strong> 2 horas en As\u00eds y vuestro <strong>veh\u00edculo privado de lujo<\/strong> con chofer durante todo el d\u00eda. Conocer uno de los pueblos m\u00e1s bonitos de Italia, Orvieto, y la magnifica ciudad de As\u00eds.<\/p>\n<p>&nbsp;<\/p>\n","protected":false},"featured_media":17759,"comment_status":"open","ping_status":"closed","template":"","meta":{"_acf_changed":false},"product_brand":[],"product_cat":[367,368,370,369],"product_tag":[],"class_list":{"0":"post-17762","1":"product","2":"type-product","3":"status-publish","4":"has-post-thumbnail","6":"product_cat-roma-es","7":"product_cat-roma-actividades-es","8":"product_cat-roma-rutas-turisticas-privadas-es","9":"product_cat-roma-excursiones-es","11":"first","12":"instock","13":"shipping-taxable","14":"purchasable","15":"product-type-simple"},"acf":[],"yoast_head":"<!-- This site is optimized with the Yoast SEO Premium plugin v25.3.1 (Yoast SEO v25.3.1) - https:\/\/yoast.com\/wordpress\/plugins\/seo\/ -->\n<title>Tour Privado de Orvieto y As\u00eds desde Roma con entrada sin cola | TTM<\/title>\n<meta name=\"description\" content=\"Disfrute la oportunidad de conocer la regi\u00f3n de Umbria en un veh\u00edculo de lujo con chofer y gu\u00eda con este Tour Privado de Orvieto y As\u00eds desde Roma \u2705\" \/>\n<meta name=\"robots\" content=\"index, follow, max-snippet:-1, max-image-preview:large, max-video-preview:-1\" \/>\n<link rel=\"canonical\" href=\"https:\/\/tourtravelandmore.com\/es\/tours\/italia-es\/roma-es\/tour-privado-de-orvieto-y-asis-desde-roma\/\" \/>\n<meta property=\"og:locale\" content=\"es_ES\" \/>\n<meta property=\"og:type\" content=\"article\" \/>\n<meta property=\"og:title\" content=\"Tour Privado de Orvieto y As\u00eds desde Roma\" \/>\n<meta property=\"og:description\" content=\"Disfrute la oportunidad de conocer la regi\u00f3n de Umbria en un veh\u00edculo de lujo con chofer y gu\u00eda con este Tour Privado de Orvieto y As\u00eds desde Roma \u2705\" \/>\n<meta property=\"og:url\" content=\"https:\/\/tourtravelandmore.com\/es\/tours\/italia-es\/roma-es\/tour-privado-de-orvieto-y-asis-desde-roma\/\" \/>\n<meta property=\"og:site_name\" content=\"Tour Travel And More\" \/>\n<meta property=\"article:publisher\" content=\"https:\/\/www.facebook.com\/tourtravelandmore\/\" \/>\n<meta property=\"article:modified_time\" content=\"2024-08-21T15:48:22+00:00\" \/>\n<meta property=\"og:image\" content=\"https:\/\/tourtravelandmore.com\/wp-content\/uploads\/2018\/02\/orvieto-2078656_960_720.jpg\" \/>\n\t<meta property=\"og:image:width\" content=\"960\" \/>\n\t<meta property=\"og:image:height\" content=\"640\" \/>\n\t<meta property=\"og:image:type\" content=\"image\/jpeg\" \/>\n<meta name=\"twitter:card\" content=\"summary_large_image\" \/>\n<meta name=\"twitter:site\" content=\"@TourTravel_More\" \/>\n<meta name=\"twitter:label1\" content=\"Tiempo de lectura\" \/>\n\t<meta name=\"twitter:data1\" content=\"3 minutos\" \/>\n<script type=\"application\/ld+json\" class=\"yoast-schema-graph\">{\"@context\":\"https:\/\/schema.org\",\"@graph\":[{\"@type\":\"WebPage\",\"@id\":\"https:\/\/tourtravelandmore.com\/es\/tours\/italia-es\/roma-es\/tour-privado-de-orvieto-y-asis-desde-roma\/\",\"url\":\"https:\/\/tourtravelandmore.com\/es\/tours\/italia-es\/roma-es\/tour-privado-de-orvieto-y-asis-desde-roma\/\",\"name\":\"Tour Privado de Orvieto y As\u00eds desde Roma con entrada sin cola | TTM\",\"isPartOf\":{\"@id\":\"https:\/\/tourtravelandmore.com\/es\/#website\"},\"primaryImageOfPage\":{\"@id\":\"https:\/\/tourtravelandmore.com\/es\/tours\/italia-es\/roma-es\/tour-privado-de-orvieto-y-asis-desde-roma\/#primaryimage\"},\"image\":{\"@id\":\"https:\/\/tourtravelandmore.com\/es\/tours\/italia-es\/roma-es\/tour-privado-de-orvieto-y-asis-desde-roma\/#primaryimage\"},\"thumbnailUrl\":\"https:\/\/tourtravelandmore.com\/wp-content\/uploads\/2018\/02\/orvieto-2078656_960_720.jpg\",\"datePublished\":\"2018-02-07T10:31:12+00:00\",\"dateModified\":\"2024-08-21T15:48:22+00:00\",\"description\":\"Disfrute la oportunidad de conocer la regi\u00f3n de Umbria en un veh\u00edculo de lujo con chofer y gu\u00eda con este Tour Privado de Orvieto y As\u00eds desde Roma \u2705\",\"breadcrumb\":{\"@id\":\"https:\/\/tourtravelandmore.com\/es\/tours\/italia-es\/roma-es\/tour-privado-de-orvieto-y-asis-desde-roma\/#breadcrumb\"},\"inLanguage\":\"es\",\"potentialAction\":[{\"@type\":\"ReadAction\",\"target\":[\"https:\/\/tourtravelandmore.com\/es\/tours\/italia-es\/roma-es\/tour-privado-de-orvieto-y-asis-desde-roma\/\"]}]},{\"@type\":\"ImageObject\",\"inLanguage\":\"es\",\"@id\":\"https:\/\/tourtravelandmore.com\/es\/tours\/italia-es\/roma-es\/tour-privado-de-orvieto-y-asis-desde-roma\/#primaryimage\",\"url\":\"https:\/\/tourtravelandmore.com\/wp-content\/uploads\/2018\/02\/orvieto-2078656_960_720.jpg\",\"contentUrl\":\"https:\/\/tourtravelandmore.com\/wp-content\/uploads\/2018\/02\/orvieto-2078656_960_720.jpg\",\"width\":960,\"height\":640},{\"@type\":\"BreadcrumbList\",\"@id\":\"https:\/\/tourtravelandmore.com\/es\/tours\/italia-es\/roma-es\/tour-privado-de-orvieto-y-asis-desde-roma\/#breadcrumb\",\"itemListElement\":[{\"@type\":\"ListItem\",\"position\":1,\"name\":\"Home\",\"item\":\"https:\/\/tourtravelandmore.com\/es\/\"},{\"@type\":\"ListItem\",\"position\":2,\"name\":\"Tours\",\"item\":\"https:\/\/tourtravelandmore.com\/es\/tours\/\"},{\"@type\":\"ListItem\",\"position\":3,\"name\":\"Tour Privado de Orvieto y As\u00eds desde Roma\"}]},{\"@type\":\"WebSite\",\"@id\":\"https:\/\/tourtravelandmore.com\/es\/#website\",\"url\":\"https:\/\/tourtravelandmore.com\/es\/\",\"name\":\"Tour Travel And More\",\"description\":\"Private sightseeing tours and luxury transfers in Spain\",\"publisher\":{\"@id\":\"https:\/\/tourtravelandmore.com\/es\/#organization\"},\"potentialAction\":[{\"@type\":\"SearchAction\",\"target\":{\"@type\":\"EntryPoint\",\"urlTemplate\":\"https:\/\/tourtravelandmore.com\/es\/?s={search_term_string}\"},\"query-input\":{\"@type\":\"PropertyValueSpecification\",\"valueRequired\":true,\"valueName\":\"search_term_string\"}}],\"inLanguage\":\"es\"},{\"@type\":\"Organization\",\"@id\":\"https:\/\/tourtravelandmore.com\/es\/#organization\",\"name\":\"Tour Travel And More\",\"url\":\"https:\/\/tourtravelandmore.com\/es\/\",\"logo\":{\"@type\":\"ImageObject\",\"inLanguage\":\"es\",\"@id\":\"https:\/\/tourtravelandmore.com\/es\/#\/schema\/logo\/image\/\",\"url\":\"https:\/\/tourtravelandmore.com\/wp-content\/uploads\/2022\/12\/cropped-logo-cabecera-new.png\",\"contentUrl\":\"https:\/\/tourtravelandmore.com\/wp-content\/uploads\/2022\/12\/cropped-logo-cabecera-new.png\",\"width\":430,\"height\":61,\"caption\":\"Tour Travel And More\"},\"image\":{\"@id\":\"https:\/\/tourtravelandmore.com\/es\/#\/schema\/logo\/image\/\"},\"sameAs\":[\"https:\/\/www.facebook.com\/tourtravelandmore\/\",\"https:\/\/x.com\/TourTravel_More\"]}]}<\/script>\n<!-- \/ Yoast SEO Premium plugin. -->","yoast_head_json":{"title":"Tour Privado de Orvieto y As\u00eds desde Roma con entrada sin cola | TTM","description":"Disfrute la oportunidad de conocer la regi\u00f3n de Umbria en un veh\u00edculo de lujo con chofer y gu\u00eda con este Tour Privado de Orvieto y As\u00eds desde Roma \u2705","robots":{"index":"index","follow":"follow","max-snippet":"max-snippet:-1","max-image-preview":"max-image-preview:large","max-video-preview":"max-video-preview:-1"},"canonical":"https:\/\/tourtravelandmore.com\/es\/tours\/italia-es\/roma-es\/tour-privado-de-orvieto-y-asis-desde-roma\/","og_locale":"es_ES","og_type":"article","og_title":"Tour Privado de Orvieto y As\u00eds desde Roma","og_description":"Disfrute la oportunidad de conocer la regi\u00f3n de Umbria en un veh\u00edculo de lujo con chofer y gu\u00eda con este Tour Privado de Orvieto y As\u00eds desde Roma \u2705","og_url":"https:\/\/tourtravelandmore.com\/es\/tours\/italia-es\/roma-es\/tour-privado-de-orvieto-y-asis-desde-roma\/","og_site_name":"Tour Travel And More","article_publisher":"https:\/\/www.facebook.com\/tourtravelandmore\/","article_modified_time":"2024-08-21T15:48:22+00:00","og_image":[{"width":960,"height":640,"url":"https:\/\/tourtravelandmore.com\/wp-content\/uploads\/2018\/02\/orvieto-2078656_960_720.jpg","type":"image\/jpeg"}],"twitter_card":"summary_large_image","twitter_site":"@TourTravel_More","twitter_misc":{"Tiempo de lectura":"3 minutos"},"schema":{"@context":"https:\/\/schema.org","@graph":[{"@type":"WebPage","@id":"https:\/\/tourtravelandmore.com\/es\/tours\/italia-es\/roma-es\/tour-privado-de-orvieto-y-asis-desde-roma\/","url":"https:\/\/tourtravelandmore.com\/es\/tours\/italia-es\/roma-es\/tour-privado-de-orvieto-y-asis-desde-roma\/","name":"Tour Privado de Orvieto y As\u00eds desde Roma con entrada sin cola | TTM","isPartOf":{"@id":"https:\/\/tourtravelandmore.com\/es\/#website"},"primaryImageOfPage":{"@id":"https:\/\/tourtravelandmore.com\/es\/tours\/italia-es\/roma-es\/tour-privado-de-orvieto-y-asis-desde-roma\/#primaryimage"},"image":{"@id":"https:\/\/tourtravelandmore.com\/es\/tours\/italia-es\/roma-es\/tour-privado-de-orvieto-y-asis-desde-roma\/#primaryimage"},"thumbnailUrl":"https:\/\/tourtravelandmore.com\/wp-content\/uploads\/2018\/02\/orvieto-2078656_960_720.jpg","datePublished":"2018-02-07T10:31:12+00:00","dateModified":"2024-08-21T15:48:22+00:00","description":"Disfrute la oportunidad de conocer la regi\u00f3n de Umbria en un veh\u00edculo de lujo con chofer y gu\u00eda con este Tour Privado de Orvieto y As\u00eds desde Roma \u2705","breadcrumb":{"@id":"https:\/\/tourtravelandmore.com\/es\/tours\/italia-es\/roma-es\/tour-privado-de-orvieto-y-asis-desde-roma\/#breadcrumb"},"inLanguage":"es","potentialAction":[{"@type":"ReadAction","target":["https:\/\/tourtravelandmore.com\/es\/tours\/italia-es\/roma-es\/tour-privado-de-orvieto-y-asis-desde-roma\/"]}]},{"@type":"ImageObject","inLanguage":"es","@id":"https:\/\/tourtravelandmore.com\/es\/tours\/italia-es\/roma-es\/tour-privado-de-orvieto-y-asis-desde-roma\/#primaryimage","url":"https:\/\/tourtravelandmore.com\/wp-content\/uploads\/2018\/02\/orvieto-2078656_960_720.jpg","contentUrl":"https:\/\/tourtravelandmore.com\/wp-content\/uploads\/2018\/02\/orvieto-2078656_960_720.jpg","width":960,"height":640},{"@type":"BreadcrumbList","@id":"https:\/\/tourtravelandmore.com\/es\/tours\/italia-es\/roma-es\/tour-privado-de-orvieto-y-asis-desde-roma\/#breadcrumb","itemListElement":[{"@type":"ListItem","position":1,"name":"Home","item":"https:\/\/tourtravelandmore.com\/es\/"},{"@type":"ListItem","position":2,"name":"Tours","item":"https:\/\/tourtravelandmore.com\/es\/tours\/"},{"@type":"ListItem","position":3,"name":"Tour Privado de Orvieto y As\u00eds desde Roma"}]},{"@type":"WebSite","@id":"https:\/\/tourtravelandmore.com\/es\/#website","url":"https:\/\/tourtravelandmore.com\/es\/","name":"Tour Travel And More","description":"Private sightseeing tours and luxury transfers in Spain","publisher":{"@id":"https:\/\/tourtravelandmore.com\/es\/#organization"},"potentialAction":[{"@type":"SearchAction","target":{"@type":"EntryPoint","urlTemplate":"https:\/\/tourtravelandmore.com\/es\/?s={search_term_string}"},"query-input":{"@type":"PropertyValueSpecification","valueRequired":true,"valueName":"search_term_string"}}],"inLanguage":"es"},{"@type":"Organization","@id":"https:\/\/tourtravelandmore.com\/es\/#organization","name":"Tour Travel And More","url":"https:\/\/tourtravelandmore.com\/es\/","logo":{"@type":"ImageObject","inLanguage":"es","@id":"https:\/\/tourtravelandmore.com\/es\/#\/schema\/logo\/image\/","url":"https:\/\/tourtravelandmore.com\/wp-content\/uploads\/2022\/12\/cropped-logo-cabecera-new.png","contentUrl":"https:\/\/tourtravelandmore.com\/wp-content\/uploads\/2022\/12\/cropped-logo-cabecera-new.png","width":430,"height":61,"caption":"Tour Travel And More"},"image":{"@id":"https:\/\/tourtravelandmore.com\/es\/#\/schema\/logo\/image\/"},"sameAs":["https:\/\/www.facebook.com\/tourtravelandmore\/","https:\/\/x.com\/TourTravel_More"]}]}},"_links":{"self":[{"href":"https:\/\/tourtravelandmore.com\/es\/wp-json\/wp\/v2\/product\/17762","targetHints":{"allow":["GET"]}}],"collection":[{"href":"https:\/\/tourtravelandmore.com\/es\/wp-json\/wp\/v2\/product"}],"about":[{"href":"https:\/\/tourtravelandmore.com\/es\/wp-json\/wp\/v2\/types\/product"}],"replies":[{"embeddable":true,"href":"https:\/\/tourtravelandmore.com\/es\/wp-json\/wp\/v2\/comments?post=17762"}],"wp:featuredmedia":[{"embeddable":true,"href":"https:\/\/tourtravelandmore.com\/es\/wp-json\/wp\/v2\/media\/17759"}],"wp:attachment":[{"href":"https:\/\/tourtravelandmore.com\/es\/wp-json\/wp\/v2\/media?parent=17762"}],"wp:term":[{"taxonomy":"product_brand","embeddable":true,"href":"https:\/\/tourtravelandmore.com\/es\/wp-json\/wp\/v2\/product_brand?post=17762"},{"taxonomy":"product_cat","embeddable":true,"href":"https:\/\/tourtravelandmore.com\/es\/wp-json\/wp\/v2\/product_cat?post=17762"},{"taxonomy":"product_tag","embeddable":true,"href":"https:\/\/tourtravelandmore.com\/es\/wp-json\/wp\/v2\/product_tag?post=17762"}],"curies":[{"name":"wp","href":"https:\/\/api.w.org\/{rel}","templated":true}]}}