{"id":177561,"date":"2024-08-27T22:04:53","date_gmt":"2024-08-27T20:04:53","guid":{"rendered":"https:\/\/tourtravelandmore.com\/?post_type=product&#038;p=177561"},"modified":"2024-08-27T22:09:34","modified_gmt":"2024-08-27T20:09:34","slug":"tour-privado-de-8-horas-por-estambul-copy","status":"publish","type":"product","link":"https:\/\/tourtravelandmore.com\/es\/tours\/turquia-es\/estambul-es\/tour-privado-de-8-horas-por-estambul-copy\/","title":{"rendered":"Tour privado de Estambul con entradas"},"content":{"rendered":"<h2>Tour privado de Estambul con entradas Descripci\u00f3n<\/h2>\n<p>Turqu\u00eda, un pa\u00eds con una posici\u00f3n geogr\u00e1fica estrat\u00e9gica, que se extiende desde la parte de Europa Oriental hasta la de Asia Occidental, dividida por el estrecho del B\u00f3sforo. Ha recibido influencias de las culturas griega, persa, romana, bizantina y otomana.<\/p>\n<p>Podr\u00e1 disfrutar de un recorrido privado y personalizado de 8 horas por la ciudad de Estambul, llena de tanta historia y esplendor. Adem\u00e1s, contar\u00e1 con el servicio de un gu\u00eda biling\u00fce y un veh\u00edculo de lujo con aire acondicionado, que le recoger\u00e1 y le llevar\u00e1 de vuelta a su hotel.<\/p>\n<h2>Puntos de inter\u00e9s<\/h2>\n<p>Su viaje comienza con una visita a Santa Sof\u00eda, una maravilla de la arquitectura bizantina y s\u00edmbolo del pasado hist\u00f3rico de Estambul. Desde all\u00ed, explorar\u00e1 la Mezquita Azul, conocida por sus magn\u00edficas c\u00fapulas y su intrincado trabajo en azulejos. La visita contin\u00faa hacia el Palacio de Topkapi, donde pasear\u00e1 por las opulentas habitaciones y los exuberantes patios que anta\u00f1o albergaron a los sultanes otomanos.<\/p>\n<ul>\n<li><b><strong>Santa Sof\u00eda:<\/strong><\/b> Explore la grandeza de esta obra maestra de la arquitectura que ha servido como iglesia, mezquita y ahora como museo.<\/li>\n<li><b><strong>Mezquita Azul:<\/strong><\/b> Admire los impresionantes azulejos azules y los seis alt\u00edsimos minaretes de este emblem\u00e1tico monumento de Estambul.<\/li>\n<li><b><strong>Palacio de Topkapi:<\/strong><\/b> Retroceda en el tiempo mientras pasea por la antigua residencia de los sultanes otomanos.<\/li>\n<li><b><strong>Gran Bazar:<\/strong><\/b> Experimente la bulliciosa energ\u00eda de uno de los mercados m\u00e1s antiguos del mundo, con m\u00e1s de 4.000 tiendas para explorar.<\/li>\n<li><b><strong>Paseo del B\u00f3sforo:<\/strong><\/b> Disfrute de las vistas panor\u00e1micas del perfil de Estambul y del majestuoso estrecho del B\u00f3sforo desde la comodidad de su veh\u00edculo privado.<\/li>\n<\/ul>\n<p>Tras un delicioso almuerzo local, la aventura le llevar\u00e1 al Gran Bazar, uno de los mercados cubiertos m\u00e1s grandes y antiguos del mundo. Aqu\u00ed podr\u00e1 sumergirse en la vibrante atm\u00f3sfera mientras busca recuerdos \u00fanicos, desde exquisitas joyas hasta alfombras hechas a mano. El recorrido concluye con un pintoresco paseo a lo largo del B\u00f3sforo, que ofrece impresionantes vistas del perfil de la ciudad y de sus emblem\u00e1ticos monumentos.<\/p>\n<p>A lo largo del d\u00eda, su gu\u00eda le proporcionar\u00e1 fascinantes conocimientos sobre la historia y la cultura de Estambul, asegur\u00e1ndole una experiencia memorable y enriquecedora.<\/p>\n<p><a href=\"https:\/\/tourtravelandmore.com\/es\/ciudad\/turquia-es\/istanbul-en\/\">No se pierda nuestros recorridos privados por Estambul.<\/a><\/p>\n","protected":false},"excerpt":{"rendered":"<p>Turqu\u00eda, un pa\u00eds con una posici\u00f3n geogr\u00e1fica estrat\u00e9gica, que se extiende desde la parte de Europa Oriental hasta la de Asia Occidental, dividida por el estrecho del B\u00f3sforo. Ha recibido influencias de las culturas griega, persa, romana, bizantina y otomana.<\/p>\n","protected":false},"featured_media":177580,"comment_status":"open","ping_status":"closed","template":"","meta":{"_acf_changed":false},"product_brand":[],"product_cat":[5433,1601,1162,1163],"product_tag":[],"class_list":{"0":"post-177561","1":"product","2":"type-product","3":"status-publish","4":"has-post-thumbnail","6":"product_cat-private-tours-es","7":"product_cat-turquia-es","8":"product_cat-estambul-es","9":"product_cat-estambul-actividades-es","11":"first","12":"instock","13":"shipping-taxable","14":"purchasable","15":"product-type-simple"},"acf":[],"yoast_head":"<!-- This site is optimized with the Yoast SEO Premium plugin v25.3.1 (Yoast SEO v25.3.1) - https:\/\/yoast.com\/wordpress\/plugins\/seo\/ -->\n<title>\u27a1\ufe0f El mejor tour privado de 8 horas por Estambul \u2013 TourTravel &amp; More<\/title>\n<meta name=\"description\" content=\"Tour privado de Estambul, recorriendo los sitios hist\u00f3ricos importantes de la ciudad, y la influencia que han dejado las culturas del pasado \u2705\" \/>\n<meta name=\"robots\" content=\"index, follow, max-snippet:-1, max-image-preview:large, max-video-preview:-1\" \/>\n<link rel=\"canonical\" href=\"https:\/\/tourtravelandmore.com\/es\/tours\/turquia-es\/estambul-es\/tour-privado-de-8-horas-por-estambul-copy\/\" \/>\n<meta property=\"og:locale\" content=\"es_ES\" \/>\n<meta property=\"og:type\" content=\"article\" \/>\n<meta property=\"og:title\" content=\"Tour privado de Estambul con entradas\" \/>\n<meta property=\"og:description\" content=\"Tour privado de Estambul, recorriendo los sitios hist\u00f3ricos importantes de la ciudad, y la influencia que han dejado las culturas del pasado \u2705\" \/>\n<meta property=\"og:url\" content=\"https:\/\/tourtravelandmore.com\/es\/tours\/turquia-es\/estambul-es\/tour-privado-de-8-horas-por-estambul-copy\/\" \/>\n<meta property=\"og:site_name\" content=\"Tour Travel And More\" \/>\n<meta property=\"article:publisher\" content=\"https:\/\/www.facebook.com\/tourtravelandmore\/\" \/>\n<meta property=\"article:modified_time\" content=\"2024-08-27T20:09:34+00:00\" \/>\n<meta property=\"og:image\" content=\"https:\/\/tourtravelandmore.com\/wp-content\/uploads\/2024\/08\/pexels-meruyert-gonullu-6152151.jpg\" \/>\n\t<meta property=\"og:image:width\" content=\"1279\" \/>\n\t<meta property=\"og:image:height\" content=\"853\" \/>\n\t<meta property=\"og:image:type\" content=\"image\/jpeg\" \/>\n<meta name=\"twitter:card\" content=\"summary_large_image\" \/>\n<meta name=\"twitter:site\" content=\"@TourTravel_More\" \/>\n<meta name=\"twitter:label1\" content=\"Tiempo de lectura\" \/>\n\t<meta name=\"twitter:data1\" content=\"3 minutos\" \/>\n<script type=\"application\/ld+json\" class=\"yoast-schema-graph\">{\"@context\":\"https:\/\/schema.org\",\"@graph\":[{\"@type\":\"WebPage\",\"@id\":\"https:\/\/tourtravelandmore.com\/es\/tours\/turquia-es\/estambul-es\/tour-privado-de-8-horas-por-estambul-copy\/\",\"url\":\"https:\/\/tourtravelandmore.com\/es\/tours\/turquia-es\/estambul-es\/tour-privado-de-8-horas-por-estambul-copy\/\",\"name\":\"\u27a1\ufe0f El mejor tour privado de 8 horas por Estambul \u2013 TourTravel & More\",\"isPartOf\":{\"@id\":\"https:\/\/tourtravelandmore.com\/es\/#website\"},\"primaryImageOfPage\":{\"@id\":\"https:\/\/tourtravelandmore.com\/es\/tours\/turquia-es\/estambul-es\/tour-privado-de-8-horas-por-estambul-copy\/#primaryimage\"},\"image\":{\"@id\":\"https:\/\/tourtravelandmore.com\/es\/tours\/turquia-es\/estambul-es\/tour-privado-de-8-horas-por-estambul-copy\/#primaryimage\"},\"thumbnailUrl\":\"https:\/\/tourtravelandmore.com\/wp-content\/uploads\/2024\/08\/pexels-meruyert-gonullu-6152151.jpg\",\"datePublished\":\"2024-08-27T20:04:53+00:00\",\"dateModified\":\"2024-08-27T20:09:34+00:00\",\"description\":\"Tour privado de Estambul, recorriendo los sitios hist\u00f3ricos importantes de la ciudad, y la influencia que han dejado las culturas del pasado \u2705\",\"breadcrumb\":{\"@id\":\"https:\/\/tourtravelandmore.com\/es\/tours\/turquia-es\/estambul-es\/tour-privado-de-8-horas-por-estambul-copy\/#breadcrumb\"},\"inLanguage\":\"es\",\"potentialAction\":[{\"@type\":\"ReadAction\",\"target\":[\"https:\/\/tourtravelandmore.com\/es\/tours\/turquia-es\/estambul-es\/tour-privado-de-8-horas-por-estambul-copy\/\"]}]},{\"@type\":\"ImageObject\",\"inLanguage\":\"es\",\"@id\":\"https:\/\/tourtravelandmore.com\/es\/tours\/turquia-es\/estambul-es\/tour-privado-de-8-horas-por-estambul-copy\/#primaryimage\",\"url\":\"https:\/\/tourtravelandmore.com\/wp-content\/uploads\/2024\/08\/pexels-meruyert-gonullu-6152151.jpg\",\"contentUrl\":\"https:\/\/tourtravelandmore.com\/wp-content\/uploads\/2024\/08\/pexels-meruyert-gonullu-6152151.jpg\",\"width\":1279,\"height\":853},{\"@type\":\"BreadcrumbList\",\"@id\":\"https:\/\/tourtravelandmore.com\/es\/tours\/turquia-es\/estambul-es\/tour-privado-de-8-horas-por-estambul-copy\/#breadcrumb\",\"itemListElement\":[{\"@type\":\"ListItem\",\"position\":1,\"name\":\"Home\",\"item\":\"https:\/\/tourtravelandmore.com\/es\/\"},{\"@type\":\"ListItem\",\"position\":2,\"name\":\"Tours\",\"item\":\"https:\/\/tourtravelandmore.com\/es\/tours\/\"},{\"@type\":\"ListItem\",\"position\":3,\"name\":\"Tour privado de Estambul con entradas\"}]},{\"@type\":\"WebSite\",\"@id\":\"https:\/\/tourtravelandmore.com\/es\/#website\",\"url\":\"https:\/\/tourtravelandmore.com\/es\/\",\"name\":\"Tour Travel And More\",\"description\":\"Private sightseeing tours and luxury transfers in Spain\",\"publisher\":{\"@id\":\"https:\/\/tourtravelandmore.com\/es\/#organization\"},\"potentialAction\":[{\"@type\":\"SearchAction\",\"target\":{\"@type\":\"EntryPoint\",\"urlTemplate\":\"https:\/\/tourtravelandmore.com\/es\/?s={search_term_string}\"},\"query-input\":{\"@type\":\"PropertyValueSpecification\",\"valueRequired\":true,\"valueName\":\"search_term_string\"}}],\"inLanguage\":\"es\"},{\"@type\":\"Organization\",\"@id\":\"https:\/\/tourtravelandmore.com\/es\/#organization\",\"name\":\"Tour Travel And More\",\"url\":\"https:\/\/tourtravelandmore.com\/es\/\",\"logo\":{\"@type\":\"ImageObject\",\"inLanguage\":\"es\",\"@id\":\"https:\/\/tourtravelandmore.com\/es\/#\/schema\/logo\/image\/\",\"url\":\"https:\/\/tourtravelandmore.com\/wp-content\/uploads\/2022\/12\/cropped-logo-cabecera-new.png\",\"contentUrl\":\"https:\/\/tourtravelandmore.com\/wp-content\/uploads\/2022\/12\/cropped-logo-cabecera-new.png\",\"width\":430,\"height\":61,\"caption\":\"Tour Travel And More\"},\"image\":{\"@id\":\"https:\/\/tourtravelandmore.com\/es\/#\/schema\/logo\/image\/\"},\"sameAs\":[\"https:\/\/www.facebook.com\/tourtravelandmore\/\",\"https:\/\/x.com\/TourTravel_More\"]}]}<\/script>\n<!-- \/ Yoast SEO Premium plugin. -->","yoast_head_json":{"title":"\u27a1\ufe0f El mejor tour privado de 8 horas por Estambul \u2013 TourTravel & More","description":"Tour privado de Estambul, recorriendo los sitios hist\u00f3ricos importantes de la ciudad, y la influencia que han dejado las culturas del pasado \u2705","robots":{"index":"index","follow":"follow","max-snippet":"max-snippet:-1","max-image-preview":"max-image-preview:large","max-video-preview":"max-video-preview:-1"},"canonical":"https:\/\/tourtravelandmore.com\/es\/tours\/turquia-es\/estambul-es\/tour-privado-de-8-horas-por-estambul-copy\/","og_locale":"es_ES","og_type":"article","og_title":"Tour privado de Estambul con entradas","og_description":"Tour privado de Estambul, recorriendo los sitios hist\u00f3ricos importantes de la ciudad, y la influencia que han dejado las culturas del pasado \u2705","og_url":"https:\/\/tourtravelandmore.com\/es\/tours\/turquia-es\/estambul-es\/tour-privado-de-8-horas-por-estambul-copy\/","og_site_name":"Tour Travel And More","article_publisher":"https:\/\/www.facebook.com\/tourtravelandmore\/","article_modified_time":"2024-08-27T20:09:34+00:00","og_image":[{"width":1279,"height":853,"url":"https:\/\/tourtravelandmore.com\/wp-content\/uploads\/2024\/08\/pexels-meruyert-gonullu-6152151.jpg","type":"image\/jpeg"}],"twitter_card":"summary_large_image","twitter_site":"@TourTravel_More","twitter_misc":{"Tiempo de lectura":"3 minutos"},"schema":{"@context":"https:\/\/schema.org","@graph":[{"@type":"WebPage","@id":"https:\/\/tourtravelandmore.com\/es\/tours\/turquia-es\/estambul-es\/tour-privado-de-8-horas-por-estambul-copy\/","url":"https:\/\/tourtravelandmore.com\/es\/tours\/turquia-es\/estambul-es\/tour-privado-de-8-horas-por-estambul-copy\/","name":"\u27a1\ufe0f El mejor tour privado de 8 horas por Estambul \u2013 TourTravel & More","isPartOf":{"@id":"https:\/\/tourtravelandmore.com\/es\/#website"},"primaryImageOfPage":{"@id":"https:\/\/tourtravelandmore.com\/es\/tours\/turquia-es\/estambul-es\/tour-privado-de-8-horas-por-estambul-copy\/#primaryimage"},"image":{"@id":"https:\/\/tourtravelandmore.com\/es\/tours\/turquia-es\/estambul-es\/tour-privado-de-8-horas-por-estambul-copy\/#primaryimage"},"thumbnailUrl":"https:\/\/tourtravelandmore.com\/wp-content\/uploads\/2024\/08\/pexels-meruyert-gonullu-6152151.jpg","datePublished":"2024-08-27T20:04:53+00:00","dateModified":"2024-08-27T20:09:34+00:00","description":"Tour privado de Estambul, recorriendo los sitios hist\u00f3ricos importantes de la ciudad, y la influencia que han dejado las culturas del pasado \u2705","breadcrumb":{"@id":"https:\/\/tourtravelandmore.com\/es\/tours\/turquia-es\/estambul-es\/tour-privado-de-8-horas-por-estambul-copy\/#breadcrumb"},"inLanguage":"es","potentialAction":[{"@type":"ReadAction","target":["https:\/\/tourtravelandmore.com\/es\/tours\/turquia-es\/estambul-es\/tour-privado-de-8-horas-por-estambul-copy\/"]}]},{"@type":"ImageObject","inLanguage":"es","@id":"https:\/\/tourtravelandmore.com\/es\/tours\/turquia-es\/estambul-es\/tour-privado-de-8-horas-por-estambul-copy\/#primaryimage","url":"https:\/\/tourtravelandmore.com\/wp-content\/uploads\/2024\/08\/pexels-meruyert-gonullu-6152151.jpg","contentUrl":"https:\/\/tourtravelandmore.com\/wp-content\/uploads\/2024\/08\/pexels-meruyert-gonullu-6152151.jpg","width":1279,"height":853},{"@type":"BreadcrumbList","@id":"https:\/\/tourtravelandmore.com\/es\/tours\/turquia-es\/estambul-es\/tour-privado-de-8-horas-por-estambul-copy\/#breadcrumb","itemListElement":[{"@type":"ListItem","position":1,"name":"Home","item":"https:\/\/tourtravelandmore.com\/es\/"},{"@type":"ListItem","position":2,"name":"Tours","item":"https:\/\/tourtravelandmore.com\/es\/tours\/"},{"@type":"ListItem","position":3,"name":"Tour privado de Estambul con entradas"}]},{"@type":"WebSite","@id":"https:\/\/tourtravelandmore.com\/es\/#website","url":"https:\/\/tourtravelandmore.com\/es\/","name":"Tour Travel And More","description":"Private sightseeing tours and luxury transfers in Spain","publisher":{"@id":"https:\/\/tourtravelandmore.com\/es\/#organization"},"potentialAction":[{"@type":"SearchAction","target":{"@type":"EntryPoint","urlTemplate":"https:\/\/tourtravelandmore.com\/es\/?s={search_term_string}"},"query-input":{"@type":"PropertyValueSpecification","valueRequired":true,"valueName":"search_term_string"}}],"inLanguage":"es"},{"@type":"Organization","@id":"https:\/\/tourtravelandmore.com\/es\/#organization","name":"Tour Travel And More","url":"https:\/\/tourtravelandmore.com\/es\/","logo":{"@type":"ImageObject","inLanguage":"es","@id":"https:\/\/tourtravelandmore.com\/es\/#\/schema\/logo\/image\/","url":"https:\/\/tourtravelandmore.com\/wp-content\/uploads\/2022\/12\/cropped-logo-cabecera-new.png","contentUrl":"https:\/\/tourtravelandmore.com\/wp-content\/uploads\/2022\/12\/cropped-logo-cabecera-new.png","width":430,"height":61,"caption":"Tour Travel And More"},"image":{"@id":"https:\/\/tourtravelandmore.com\/es\/#\/schema\/logo\/image\/"},"sameAs":["https:\/\/www.facebook.com\/tourtravelandmore\/","https:\/\/x.com\/TourTravel_More"]}]}},"_links":{"self":[{"href":"https:\/\/tourtravelandmore.com\/es\/wp-json\/wp\/v2\/product\/177561","targetHints":{"allow":["GET"]}}],"collection":[{"href":"https:\/\/tourtravelandmore.com\/es\/wp-json\/wp\/v2\/product"}],"about":[{"href":"https:\/\/tourtravelandmore.com\/es\/wp-json\/wp\/v2\/types\/product"}],"replies":[{"embeddable":true,"href":"https:\/\/tourtravelandmore.com\/es\/wp-json\/wp\/v2\/comments?post=177561"}],"wp:featuredmedia":[{"embeddable":true,"href":"https:\/\/tourtravelandmore.com\/es\/wp-json\/wp\/v2\/media\/177580"}],"wp:attachment":[{"href":"https:\/\/tourtravelandmore.com\/es\/wp-json\/wp\/v2\/media?parent=177561"}],"wp:term":[{"taxonomy":"product_brand","embeddable":true,"href":"https:\/\/tourtravelandmore.com\/es\/wp-json\/wp\/v2\/product_brand?post=177561"},{"taxonomy":"product_cat","embeddable":true,"href":"https:\/\/tourtravelandmore.com\/es\/wp-json\/wp\/v2\/product_cat?post=177561"},{"taxonomy":"product_tag","embeddable":true,"href":"https:\/\/tourtravelandmore.com\/es\/wp-json\/wp\/v2\/product_tag?post=177561"}],"curies":[{"name":"wp","href":"https:\/\/api.w.org\/{rel}","templated":true}]}}