{"id":177529,"date":"2024-08-27T21:21:11","date_gmt":"2024-08-27T19:21:11","guid":{"rendered":"https:\/\/tourtravelandmore.com\/?post_type=product&#038;p=177529"},"modified":"2024-08-27T21:41:44","modified_gmt":"2024-08-27T19:41:44","slug":"tour-privado-de-4-horas-por-estambul-con-hagia-sophia","status":"publish","type":"product","link":"https:\/\/tourtravelandmore.com\/es\/tours\/turquia-es\/estambul-es\/tour-privado-de-4-horas-por-estambul-con-hagia-sophia\/","title":{"rendered":"Tour privado de 4 horas por Estambul con Hagia Sophia"},"content":{"rendered":"<h2>Tour r\u00e1pido privado de Estambul Descripci\u00f3n<\/h2>\n<p>Turqu\u00eda, un pa\u00eds con una posici\u00f3n geogr\u00e1fica estrat\u00e9gica, que se extiende desde la parte de Europa Oriental hasta la de Asia Occidental, dividida por el estrecho del B\u00f3sforo. Ha recibido la influencia de las culturas griega, persa, romana, bizantina y otomana.<\/p>\n<p>Podr\u00e1 disfrutar de un recorrido privado y personalizado de 4 horas por la ciudad de Estambul, llena de tanta historia y esplendor. Adem\u00e1s, contar\u00e1 con el servicio de un gu\u00eda biling\u00fce y un veh\u00edculo de lujo con aire acondicionado, que le recoger\u00e1 y le llevar\u00e1 de vuelta a su hotel.<\/p>\n<h2>Puntos de inter\u00e9s<\/h2>\n<p>Entre en la impresionante Santa Sof\u00eda, obra maestra de la arquitectura bizantina y s\u00edmbolo de la rica historia de Estambul. Como parte de su visita privada, la entrada a este emblem\u00e1tico monumento est\u00e1 incluida, lo que le permitir\u00e1 explorar sus magn\u00edficos interiores a su propio ritmo. Marav\u00edllese ante la gran c\u00fapula, los intrincados mosaicos y los frescos centenarios que narran la historia de imperios pasados. Tanto si le cautiva su significado religioso como su grandeza arquitect\u00f3nica, Santa Sof\u00eda le ofrece una visi\u00f3n del patrimonio espiritual y cultural de Estambul, lo que la convierte en un punto culminante ineludible de su viaje.<\/p>\n<ul>\n<li><strong>Santa Sof\u00eda:<\/strong> Explore la grandeza de esta obra maestra de la arquitectura que ha servido como iglesia, mezquita y ahora como museo.<\/li>\n<li><strong>Mezquita Azul:<\/strong> Admire los impresionantes azulejos azules y los seis alt\u00edsimos minaretes de este emblem\u00e1tico monumento de Estambul.<\/li>\n<li><strong>Palacio de Topkapi:<\/strong> Retroceda en el tiempo mientras pasea por la antigua residencia de los sultanes otomanos.<\/li>\n<li><strong>Gran Bazar:<\/strong> Experimente la bulliciosa energ\u00eda de uno de los mercados m\u00e1s antiguos del mundo, con m\u00e1s de 4.000 tiendas para explorar.<\/li>\n<li><strong>Paseo del B\u00f3sforo:<\/strong> Disfrute de las vistas panor\u00e1micas del perfil de Estambul y del majestuoso estrecho del B\u00f3sforo desde la comodidad de su veh\u00edculo privado.<\/li>\n<\/ul>\n<p>A lo largo del d\u00eda, su gu\u00eda le proporcionar\u00e1 fascinantes conocimientos sobre la historia y la cultura de Estambul, asegur\u00e1ndole una experiencia memorable y enriquecedora.<\/p>\n<p><a href=\"https:\/\/tourtravelandmore.com\/es\/ciudad\/turquia-es\/istanbul-en\/\">No se pierda nuestras visitas privadas a Estambul.<\/a><\/p>\n","protected":false},"excerpt":{"rendered":"<p>Entre en la impresionante Santa Sof\u00eda, obra maestra de la arquitectura bizantina y s\u00edmbolo de la rica historia de Estambul. Como parte de su visita privada, la entrada a este emblem\u00e1tico monumento est\u00e1 incluida, lo que le permitir\u00e1 explorar sus magn\u00edficos interiores a su propio ritmo. Marav\u00edllese ante la gran c\u00fapula, los intrincados mosaicos y los frescos centenarios que narran la historia de imperios pasados. Tanto si le cautiva su significado religioso como su grandeza arquitect\u00f3nica, Santa Sof\u00eda le ofrece una visi\u00f3n del patrimonio espiritual y cultural de Estambul, lo que la convierte en un punto culminante ineludible de su viaje.<\/p>\n","protected":false},"featured_media":177553,"comment_status":"open","ping_status":"closed","template":"","meta":{"_acf_changed":false},"product_brand":[],"product_cat":[1601,1162,1163],"product_tag":[],"class_list":{"0":"post-177529","1":"product","2":"type-product","3":"status-publish","4":"has-post-thumbnail","6":"product_cat-turquia-es","7":"product_cat-estambul-es","8":"product_cat-estambul-actividades-es","10":"first","11":"instock","12":"shipping-taxable","13":"purchasable","14":"product-type-simple"},"acf":[],"yoast_head":"<!-- This site is optimized with the Yoast SEO Premium plugin v25.3.1 (Yoast SEO v25.3.1) - https:\/\/yoast.com\/wordpress\/plugins\/seo\/ -->\n<title>\u27a1\ufe0f Tour privado de 4 horas por Estambul con Hagia Sophia- TT&amp;M<\/title>\n<meta name=\"description\" content=\"Tour privado de Estambul, recorriendo los sitios hist\u00f3ricos importantes de la ciudad, y la influencia que han dejado las culturas del pasado \u2705\" \/>\n<meta name=\"robots\" content=\"index, follow, max-snippet:-1, max-image-preview:large, max-video-preview:-1\" \/>\n<link rel=\"canonical\" href=\"https:\/\/tourtravelandmore.com\/es\/tours\/turquia-es\/estambul-es\/tour-privado-de-4-horas-por-estambul-con-hagia-sophia\/\" \/>\n<meta property=\"og:locale\" content=\"es_ES\" \/>\n<meta property=\"og:type\" content=\"article\" \/>\n<meta property=\"og:title\" content=\"Tour privado de 4 horas por Estambul con Hagia Sophia\" \/>\n<meta property=\"og:description\" content=\"Tour privado de Estambul, recorriendo los sitios hist\u00f3ricos importantes de la ciudad, y la influencia que han dejado las culturas del pasado \u2705\" \/>\n<meta property=\"og:url\" content=\"https:\/\/tourtravelandmore.com\/es\/tours\/turquia-es\/estambul-es\/tour-privado-de-4-horas-por-estambul-con-hagia-sophia\/\" \/>\n<meta property=\"og:site_name\" content=\"Tour Travel And More\" \/>\n<meta property=\"article:publisher\" content=\"https:\/\/www.facebook.com\/tourtravelandmore\/\" \/>\n<meta property=\"article:modified_time\" content=\"2024-08-27T19:41:44+00:00\" \/>\n<meta property=\"og:image\" content=\"https:\/\/tourtravelandmore.com\/wp-content\/uploads\/2024\/08\/pexels-ozgomz-2818045.jpg\" \/>\n\t<meta property=\"og:image:width\" content=\"1280\" \/>\n\t<meta property=\"og:image:height\" content=\"853\" \/>\n\t<meta property=\"og:image:type\" content=\"image\/jpeg\" \/>\n<meta name=\"twitter:card\" content=\"summary_large_image\" \/>\n<meta name=\"twitter:site\" content=\"@TourTravel_More\" \/>\n<meta name=\"twitter:label1\" content=\"Tiempo de lectura\" \/>\n\t<meta name=\"twitter:data1\" content=\"2 minutos\" \/>\n<script type=\"application\/ld+json\" class=\"yoast-schema-graph\">{\"@context\":\"https:\/\/schema.org\",\"@graph\":[{\"@type\":\"WebPage\",\"@id\":\"https:\/\/tourtravelandmore.com\/es\/tours\/turquia-es\/estambul-es\/tour-privado-de-4-horas-por-estambul-con-hagia-sophia\/\",\"url\":\"https:\/\/tourtravelandmore.com\/es\/tours\/turquia-es\/estambul-es\/tour-privado-de-4-horas-por-estambul-con-hagia-sophia\/\",\"name\":\"\u27a1\ufe0f Tour privado de 4 horas por Estambul con Hagia Sophia- TT&M\",\"isPartOf\":{\"@id\":\"https:\/\/tourtravelandmore.com\/es\/#website\"},\"primaryImageOfPage\":{\"@id\":\"https:\/\/tourtravelandmore.com\/es\/tours\/turquia-es\/estambul-es\/tour-privado-de-4-horas-por-estambul-con-hagia-sophia\/#primaryimage\"},\"image\":{\"@id\":\"https:\/\/tourtravelandmore.com\/es\/tours\/turquia-es\/estambul-es\/tour-privado-de-4-horas-por-estambul-con-hagia-sophia\/#primaryimage\"},\"thumbnailUrl\":\"https:\/\/tourtravelandmore.com\/wp-content\/uploads\/2024\/08\/pexels-ozgomz-2818045.jpg\",\"datePublished\":\"2024-08-27T19:21:11+00:00\",\"dateModified\":\"2024-08-27T19:41:44+00:00\",\"description\":\"Tour privado de Estambul, recorriendo los sitios hist\u00f3ricos importantes de la ciudad, y la influencia que han dejado las culturas del pasado \u2705\",\"breadcrumb\":{\"@id\":\"https:\/\/tourtravelandmore.com\/es\/tours\/turquia-es\/estambul-es\/tour-privado-de-4-horas-por-estambul-con-hagia-sophia\/#breadcrumb\"},\"inLanguage\":\"es\",\"potentialAction\":[{\"@type\":\"ReadAction\",\"target\":[\"https:\/\/tourtravelandmore.com\/es\/tours\/turquia-es\/estambul-es\/tour-privado-de-4-horas-por-estambul-con-hagia-sophia\/\"]}]},{\"@type\":\"ImageObject\",\"inLanguage\":\"es\",\"@id\":\"https:\/\/tourtravelandmore.com\/es\/tours\/turquia-es\/estambul-es\/tour-privado-de-4-horas-por-estambul-con-hagia-sophia\/#primaryimage\",\"url\":\"https:\/\/tourtravelandmore.com\/wp-content\/uploads\/2024\/08\/pexels-ozgomz-2818045.jpg\",\"contentUrl\":\"https:\/\/tourtravelandmore.com\/wp-content\/uploads\/2024\/08\/pexels-ozgomz-2818045.jpg\",\"width\":1280,\"height\":853},{\"@type\":\"BreadcrumbList\",\"@id\":\"https:\/\/tourtravelandmore.com\/es\/tours\/turquia-es\/estambul-es\/tour-privado-de-4-horas-por-estambul-con-hagia-sophia\/#breadcrumb\",\"itemListElement\":[{\"@type\":\"ListItem\",\"position\":1,\"name\":\"Home\",\"item\":\"https:\/\/tourtravelandmore.com\/es\/\"},{\"@type\":\"ListItem\",\"position\":2,\"name\":\"Tours\",\"item\":\"https:\/\/tourtravelandmore.com\/es\/tours\/\"},{\"@type\":\"ListItem\",\"position\":3,\"name\":\"Tour privado de 4 horas por Estambul con Hagia Sophia\"}]},{\"@type\":\"WebSite\",\"@id\":\"https:\/\/tourtravelandmore.com\/es\/#website\",\"url\":\"https:\/\/tourtravelandmore.com\/es\/\",\"name\":\"Tour Travel And More\",\"description\":\"Private sightseeing tours and luxury transfers in Spain\",\"publisher\":{\"@id\":\"https:\/\/tourtravelandmore.com\/es\/#organization\"},\"potentialAction\":[{\"@type\":\"SearchAction\",\"target\":{\"@type\":\"EntryPoint\",\"urlTemplate\":\"https:\/\/tourtravelandmore.com\/es\/?s={search_term_string}\"},\"query-input\":{\"@type\":\"PropertyValueSpecification\",\"valueRequired\":true,\"valueName\":\"search_term_string\"}}],\"inLanguage\":\"es\"},{\"@type\":\"Organization\",\"@id\":\"https:\/\/tourtravelandmore.com\/es\/#organization\",\"name\":\"Tour Travel And More\",\"url\":\"https:\/\/tourtravelandmore.com\/es\/\",\"logo\":{\"@type\":\"ImageObject\",\"inLanguage\":\"es\",\"@id\":\"https:\/\/tourtravelandmore.com\/es\/#\/schema\/logo\/image\/\",\"url\":\"https:\/\/tourtravelandmore.com\/wp-content\/uploads\/2022\/12\/cropped-logo-cabecera-new.png\",\"contentUrl\":\"https:\/\/tourtravelandmore.com\/wp-content\/uploads\/2022\/12\/cropped-logo-cabecera-new.png\",\"width\":430,\"height\":61,\"caption\":\"Tour Travel And More\"},\"image\":{\"@id\":\"https:\/\/tourtravelandmore.com\/es\/#\/schema\/logo\/image\/\"},\"sameAs\":[\"https:\/\/www.facebook.com\/tourtravelandmore\/\",\"https:\/\/x.com\/TourTravel_More\"]}]}<\/script>\n<!-- \/ Yoast SEO Premium plugin. -->","yoast_head_json":{"title":"\u27a1\ufe0f Tour privado de 4 horas por Estambul con Hagia Sophia- TT&M","description":"Tour privado de Estambul, recorriendo los sitios hist\u00f3ricos importantes de la ciudad, y la influencia que han dejado las culturas del pasado \u2705","robots":{"index":"index","follow":"follow","max-snippet":"max-snippet:-1","max-image-preview":"max-image-preview:large","max-video-preview":"max-video-preview:-1"},"canonical":"https:\/\/tourtravelandmore.com\/es\/tours\/turquia-es\/estambul-es\/tour-privado-de-4-horas-por-estambul-con-hagia-sophia\/","og_locale":"es_ES","og_type":"article","og_title":"Tour privado de 4 horas por Estambul con Hagia Sophia","og_description":"Tour privado de Estambul, recorriendo los sitios hist\u00f3ricos importantes de la ciudad, y la influencia que han dejado las culturas del pasado \u2705","og_url":"https:\/\/tourtravelandmore.com\/es\/tours\/turquia-es\/estambul-es\/tour-privado-de-4-horas-por-estambul-con-hagia-sophia\/","og_site_name":"Tour Travel And More","article_publisher":"https:\/\/www.facebook.com\/tourtravelandmore\/","article_modified_time":"2024-08-27T19:41:44+00:00","og_image":[{"width":1280,"height":853,"url":"https:\/\/tourtravelandmore.com\/wp-content\/uploads\/2024\/08\/pexels-ozgomz-2818045.jpg","type":"image\/jpeg"}],"twitter_card":"summary_large_image","twitter_site":"@TourTravel_More","twitter_misc":{"Tiempo de lectura":"2 minutos"},"schema":{"@context":"https:\/\/schema.org","@graph":[{"@type":"WebPage","@id":"https:\/\/tourtravelandmore.com\/es\/tours\/turquia-es\/estambul-es\/tour-privado-de-4-horas-por-estambul-con-hagia-sophia\/","url":"https:\/\/tourtravelandmore.com\/es\/tours\/turquia-es\/estambul-es\/tour-privado-de-4-horas-por-estambul-con-hagia-sophia\/","name":"\u27a1\ufe0f Tour privado de 4 horas por Estambul con Hagia Sophia- TT&M","isPartOf":{"@id":"https:\/\/tourtravelandmore.com\/es\/#website"},"primaryImageOfPage":{"@id":"https:\/\/tourtravelandmore.com\/es\/tours\/turquia-es\/estambul-es\/tour-privado-de-4-horas-por-estambul-con-hagia-sophia\/#primaryimage"},"image":{"@id":"https:\/\/tourtravelandmore.com\/es\/tours\/turquia-es\/estambul-es\/tour-privado-de-4-horas-por-estambul-con-hagia-sophia\/#primaryimage"},"thumbnailUrl":"https:\/\/tourtravelandmore.com\/wp-content\/uploads\/2024\/08\/pexels-ozgomz-2818045.jpg","datePublished":"2024-08-27T19:21:11+00:00","dateModified":"2024-08-27T19:41:44+00:00","description":"Tour privado de Estambul, recorriendo los sitios hist\u00f3ricos importantes de la ciudad, y la influencia que han dejado las culturas del pasado \u2705","breadcrumb":{"@id":"https:\/\/tourtravelandmore.com\/es\/tours\/turquia-es\/estambul-es\/tour-privado-de-4-horas-por-estambul-con-hagia-sophia\/#breadcrumb"},"inLanguage":"es","potentialAction":[{"@type":"ReadAction","target":["https:\/\/tourtravelandmore.com\/es\/tours\/turquia-es\/estambul-es\/tour-privado-de-4-horas-por-estambul-con-hagia-sophia\/"]}]},{"@type":"ImageObject","inLanguage":"es","@id":"https:\/\/tourtravelandmore.com\/es\/tours\/turquia-es\/estambul-es\/tour-privado-de-4-horas-por-estambul-con-hagia-sophia\/#primaryimage","url":"https:\/\/tourtravelandmore.com\/wp-content\/uploads\/2024\/08\/pexels-ozgomz-2818045.jpg","contentUrl":"https:\/\/tourtravelandmore.com\/wp-content\/uploads\/2024\/08\/pexels-ozgomz-2818045.jpg","width":1280,"height":853},{"@type":"BreadcrumbList","@id":"https:\/\/tourtravelandmore.com\/es\/tours\/turquia-es\/estambul-es\/tour-privado-de-4-horas-por-estambul-con-hagia-sophia\/#breadcrumb","itemListElement":[{"@type":"ListItem","position":1,"name":"Home","item":"https:\/\/tourtravelandmore.com\/es\/"},{"@type":"ListItem","position":2,"name":"Tours","item":"https:\/\/tourtravelandmore.com\/es\/tours\/"},{"@type":"ListItem","position":3,"name":"Tour privado de 4 horas por Estambul con Hagia Sophia"}]},{"@type":"WebSite","@id":"https:\/\/tourtravelandmore.com\/es\/#website","url":"https:\/\/tourtravelandmore.com\/es\/","name":"Tour Travel And More","description":"Private sightseeing tours and luxury transfers in Spain","publisher":{"@id":"https:\/\/tourtravelandmore.com\/es\/#organization"},"potentialAction":[{"@type":"SearchAction","target":{"@type":"EntryPoint","urlTemplate":"https:\/\/tourtravelandmore.com\/es\/?s={search_term_string}"},"query-input":{"@type":"PropertyValueSpecification","valueRequired":true,"valueName":"search_term_string"}}],"inLanguage":"es"},{"@type":"Organization","@id":"https:\/\/tourtravelandmore.com\/es\/#organization","name":"Tour Travel And More","url":"https:\/\/tourtravelandmore.com\/es\/","logo":{"@type":"ImageObject","inLanguage":"es","@id":"https:\/\/tourtravelandmore.com\/es\/#\/schema\/logo\/image\/","url":"https:\/\/tourtravelandmore.com\/wp-content\/uploads\/2022\/12\/cropped-logo-cabecera-new.png","contentUrl":"https:\/\/tourtravelandmore.com\/wp-content\/uploads\/2022\/12\/cropped-logo-cabecera-new.png","width":430,"height":61,"caption":"Tour Travel And More"},"image":{"@id":"https:\/\/tourtravelandmore.com\/es\/#\/schema\/logo\/image\/"},"sameAs":["https:\/\/www.facebook.com\/tourtravelandmore\/","https:\/\/x.com\/TourTravel_More"]}]}},"_links":{"self":[{"href":"https:\/\/tourtravelandmore.com\/es\/wp-json\/wp\/v2\/product\/177529","targetHints":{"allow":["GET"]}}],"collection":[{"href":"https:\/\/tourtravelandmore.com\/es\/wp-json\/wp\/v2\/product"}],"about":[{"href":"https:\/\/tourtravelandmore.com\/es\/wp-json\/wp\/v2\/types\/product"}],"replies":[{"embeddable":true,"href":"https:\/\/tourtravelandmore.com\/es\/wp-json\/wp\/v2\/comments?post=177529"}],"wp:featuredmedia":[{"embeddable":true,"href":"https:\/\/tourtravelandmore.com\/es\/wp-json\/wp\/v2\/media\/177553"}],"wp:attachment":[{"href":"https:\/\/tourtravelandmore.com\/es\/wp-json\/wp\/v2\/media?parent=177529"}],"wp:term":[{"taxonomy":"product_brand","embeddable":true,"href":"https:\/\/tourtravelandmore.com\/es\/wp-json\/wp\/v2\/product_brand?post=177529"},{"taxonomy":"product_cat","embeddable":true,"href":"https:\/\/tourtravelandmore.com\/es\/wp-json\/wp\/v2\/product_cat?post=177529"},{"taxonomy":"product_tag","embeddable":true,"href":"https:\/\/tourtravelandmore.com\/es\/wp-json\/wp\/v2\/product_tag?post=177529"}],"curies":[{"name":"wp","href":"https:\/\/api.w.org\/{rel}","templated":true}]}}