{"id":177506,"date":"2024-08-27T19:32:12","date_gmt":"2024-08-27T17:32:13","guid":{"rendered":"https:\/\/tourtravelandmore.com\/?post_type=product&#038;p=177506"},"modified":"2024-08-27T19:45:18","modified_gmt":"2024-08-27T17:45:18","slug":"tour-privado-de-estambul-con-experiencia-gastronomica","status":"publish","type":"product","link":"https:\/\/tourtravelandmore.com\/es\/tours\/turquia-es\/estambul-es\/tour-privado-de-estambul-con-experiencia-gastronomica\/","title":{"rendered":"Tour privado de Estambul con experiencia gastron\u00f3mica"},"content":{"rendered":"<h2><strong>Descripci\u00f3n del tour privado<\/strong><\/h2>\n<p>Emb\u00e1rquese en un inolvidable recorrido privado de 8 horas por Estambul, donde la historia y las delicias culinarias se entrelazan. Su viaje comienza con la c\u00f3moda recogida por un conductor y un gu\u00eda privados, que ser\u00e1n sus compa\u00f1eros durante todo el d\u00eda. Explore los lugares emblem\u00e1ticos de Estambul, desde la majestuosa Santa Sof\u00eda hasta el vibrante Gran Bazar, y sum\u00e9rjase en el rico tapiz cultural de la ciudad.<\/p>\n<p>Mientras pasea por las bulliciosas calles, su gu\u00eda le presentar\u00e1 los diversos sabores de Estambul. Disfrute de una experiencia gastron\u00f3mica cuidadosamente seleccionada que incluye paradas en restaurantes tradicionales y joyas ocultas que s\u00f3lo conocen los lugare\u00f1os. Saboree platos como suculentos kebabs, arom\u00e1ticos mezes y dulce baklava, cada bocado le ofrecer\u00e1 una muestra del patrimonio culinario de Estambul.<\/p>\n<p>Finalmente, el recorrido concluir\u00e1 en el hotel o restaurante de su elecci\u00f3n. P\u00f3ngase en contacto con nuestros expertos en viajes para personalizar la experiencia a sus necesidades exactas.<\/p>\n<h2><strong>Puntos de inter\u00e9s y lugares emblem\u00e1ticos<\/strong><\/h2>\n<p>Este recorrido est\u00e1 dise\u00f1ado para ofrecerle una mezcla perfecta de turismo y gastronom\u00eda, permiti\u00e9ndole experimentar la esencia de Estambul en un solo d\u00eda. Tanto si es un entusiasta de la historia como un amante de la gastronom\u00eda, este recorrido ofrece algo para todos los gustos, lo que lo convierte en la forma ideal de descubrir el coraz\u00f3n y el alma de esta vibrante ciudad.<\/p>\n<p>Su gu\u00eda le conducir\u00e1 a trav\u00e9s de una cuidada selecci\u00f3n de delicias t\u00edpicas, cada una de las cuales representa el coraz\u00f3n y el alma de la cocina turca. Desde delicias saladas como kebabs y meze hasta dulces como baklava y delicias turcas, experimentar\u00e1 todo el espectro de sabores que hacen de Estambul un para\u00edso para los amantes de la gastronom\u00eda. Mientras saborea estos platos, conocer\u00e1 tambi\u00e9n sus or\u00edgenes, su significado cultural y los m\u00e9todos \u00fanicos de preparaci\u00f3n que se han transmitido de generaci\u00f3n en generaci\u00f3n.<\/p>\n<ul>\n<li><strong>Gu\u00eda y conductor privados:<\/strong> Disfrute de la comodidad y conveniencia de un gu\u00eda y conductor privados a lo largo de su recorrido de 8 horas.<\/li>\n<li><strong>Hitos hist\u00f3ricos:<\/strong> Visite los lugares m\u00e1s famosos de Estambul, como Santa Sof\u00eda, la Mezquita Azul y el Gran Bazar.<\/li>\n<li><strong>Delicias gastron\u00f3micas:<\/strong> Disfrute de un viaje culinario con paradas en restaurantes t\u00edpicos, donde degustar\u00e1 10 aut\u00e9nticos platos turcos.<\/li>\n<li><strong>Inmersi\u00f3n cultural:<\/strong> Experimente la cultura local de primera mano mientras explora los barrios y mercados de Estambul con su gu\u00eda experto.<\/li>\n<li><strong>Experiencia personalizada:<\/strong> Adapte el recorrido a sus preferencias, garantizando una experiencia personalizada y memorable.<\/li>\n<\/ul>\n<p>Este recorrido ofrece una experiencia integral de Estambul, combinando la rica historia de la ciudad con su vibrante escena culinaria, perfecta para quienes deseen explorar los tesoros ocultos de Estambul tanto en vistas como en sabores.<\/p>\n<p>A lo largo del recorrido, su gu\u00eda le proporcionar\u00e1 fascinantes conocimientos sobre la historia y la cultura de Estambul, asegur\u00e1ndose de que se marcha con una comprensi\u00f3n m\u00e1s profunda de esta cautivadora ciudad.<\/p>\n","protected":false},"excerpt":{"rendered":"<p>Emb\u00e1rquese en un inolvidable recorrido privado de 8 horas por Estambul, donde la historia y las delicias culinarias se entrelazan. Su viaje comienza con la c\u00f3moda recogida por un conductor y un gu\u00eda privados, que ser\u00e1n sus compa\u00f1eros durante todo el d\u00eda. Explore los lugares emblem\u00e1ticos de Estambul, desde la majestuosa Santa Sof\u00eda hasta el vibrante Gran Bazar, y sum\u00e9rjase en el rico tapiz cultural de la ciudad.<\/p>\n","protected":false},"featured_media":177522,"comment_status":"open","ping_status":"closed","template":"","meta":{"_acf_changed":false},"product_brand":[],"product_cat":[1601,1162,1163,1164],"product_tag":[],"class_list":{"0":"post-177506","1":"product","2":"type-product","3":"status-publish","4":"has-post-thumbnail","6":"product_cat-turquia-es","7":"product_cat-estambul-es","8":"product_cat-estambul-actividades-es","9":"product_cat-estambul-tours-privados-pie-es","11":"first","12":"instock","13":"shipping-taxable","14":"purchasable","15":"product-type-simple"},"acf":[],"yoast_head":"<!-- This site is optimized with the Yoast SEO Premium plugin v25.3.1 (Yoast SEO v25.3.1) - https:\/\/yoast.com\/wordpress\/plugins\/seo\/ -->\n<title>Tour privado de Estambul con experiencia gastron\u00f3mica - TT&amp;M<\/title>\n<meta name=\"description\" content=\"Tour privado de Estambul con experiencia gastron\u00f3mica. Descubra todos lo secretos y lugares que tiene para ofrecer esta hermosa ciudad.\" \/>\n<meta name=\"robots\" content=\"index, follow, max-snippet:-1, max-image-preview:large, max-video-preview:-1\" \/>\n<link rel=\"canonical\" href=\"https:\/\/tourtravelandmore.com\/es\/tours\/turquia-es\/estambul-es\/tour-privado-de-estambul-con-experiencia-gastronomica\/\" \/>\n<meta property=\"og:locale\" content=\"es_ES\" \/>\n<meta property=\"og:type\" content=\"article\" \/>\n<meta property=\"og:title\" content=\"Tour privado de Estambul con experiencia gastron\u00f3mica\" \/>\n<meta property=\"og:description\" content=\"Tour privado de Estambul con experiencia gastron\u00f3mica. Descubra todos lo secretos y lugares que tiene para ofrecer esta hermosa ciudad.\" \/>\n<meta property=\"og:url\" content=\"https:\/\/tourtravelandmore.com\/es\/tours\/turquia-es\/estambul-es\/tour-privado-de-estambul-con-experiencia-gastronomica\/\" \/>\n<meta property=\"og:site_name\" content=\"Tour Travel And More\" \/>\n<meta property=\"article:publisher\" content=\"https:\/\/www.facebook.com\/tourtravelandmore\/\" \/>\n<meta property=\"article:modified_time\" content=\"2024-08-27T17:45:18+00:00\" \/>\n<meta property=\"og:image\" content=\"https:\/\/tourtravelandmore.com\/wp-content\/uploads\/2024\/08\/pexels-meruyert-gonullu-6161503.jpg\" \/>\n\t<meta property=\"og:image:width\" content=\"1279\" \/>\n\t<meta property=\"og:image:height\" content=\"880\" \/>\n\t<meta property=\"og:image:type\" content=\"image\/jpeg\" \/>\n<meta name=\"twitter:card\" content=\"summary_large_image\" \/>\n<meta name=\"twitter:site\" content=\"@TourTravel_More\" \/>\n<meta name=\"twitter:label1\" content=\"Tiempo de lectura\" \/>\n\t<meta name=\"twitter:data1\" content=\"3 minutos\" \/>\n<script type=\"application\/ld+json\" class=\"yoast-schema-graph\">{\"@context\":\"https:\/\/schema.org\",\"@graph\":[{\"@type\":\"WebPage\",\"@id\":\"https:\/\/tourtravelandmore.com\/es\/tours\/turquia-es\/estambul-es\/tour-privado-de-estambul-con-experiencia-gastronomica\/\",\"url\":\"https:\/\/tourtravelandmore.com\/es\/tours\/turquia-es\/estambul-es\/tour-privado-de-estambul-con-experiencia-gastronomica\/\",\"name\":\"Tour privado de Estambul con experiencia gastron\u00f3mica - TT&M\",\"isPartOf\":{\"@id\":\"https:\/\/tourtravelandmore.com\/es\/#website\"},\"primaryImageOfPage\":{\"@id\":\"https:\/\/tourtravelandmore.com\/es\/tours\/turquia-es\/estambul-es\/tour-privado-de-estambul-con-experiencia-gastronomica\/#primaryimage\"},\"image\":{\"@id\":\"https:\/\/tourtravelandmore.com\/es\/tours\/turquia-es\/estambul-es\/tour-privado-de-estambul-con-experiencia-gastronomica\/#primaryimage\"},\"thumbnailUrl\":\"https:\/\/tourtravelandmore.com\/wp-content\/uploads\/2024\/08\/pexels-meruyert-gonullu-6161503.jpg\",\"datePublished\":\"2024-08-27T17:32:13+00:00\",\"dateModified\":\"2024-08-27T17:45:18+00:00\",\"description\":\"Tour privado de Estambul con experiencia gastron\u00f3mica. Descubra todos lo secretos y lugares que tiene para ofrecer esta hermosa ciudad.\",\"breadcrumb\":{\"@id\":\"https:\/\/tourtravelandmore.com\/es\/tours\/turquia-es\/estambul-es\/tour-privado-de-estambul-con-experiencia-gastronomica\/#breadcrumb\"},\"inLanguage\":\"es\",\"potentialAction\":[{\"@type\":\"ReadAction\",\"target\":[\"https:\/\/tourtravelandmore.com\/es\/tours\/turquia-es\/estambul-es\/tour-privado-de-estambul-con-experiencia-gastronomica\/\"]}]},{\"@type\":\"ImageObject\",\"inLanguage\":\"es\",\"@id\":\"https:\/\/tourtravelandmore.com\/es\/tours\/turquia-es\/estambul-es\/tour-privado-de-estambul-con-experiencia-gastronomica\/#primaryimage\",\"url\":\"https:\/\/tourtravelandmore.com\/wp-content\/uploads\/2024\/08\/pexels-meruyert-gonullu-6161503.jpg\",\"contentUrl\":\"https:\/\/tourtravelandmore.com\/wp-content\/uploads\/2024\/08\/pexels-meruyert-gonullu-6161503.jpg\",\"width\":1279,\"height\":880},{\"@type\":\"BreadcrumbList\",\"@id\":\"https:\/\/tourtravelandmore.com\/es\/tours\/turquia-es\/estambul-es\/tour-privado-de-estambul-con-experiencia-gastronomica\/#breadcrumb\",\"itemListElement\":[{\"@type\":\"ListItem\",\"position\":1,\"name\":\"Home\",\"item\":\"https:\/\/tourtravelandmore.com\/es\/\"},{\"@type\":\"ListItem\",\"position\":2,\"name\":\"Tours\",\"item\":\"https:\/\/tourtravelandmore.com\/es\/tours\/\"},{\"@type\":\"ListItem\",\"position\":3,\"name\":\"Tour privado de Estambul con experiencia gastron\u00f3mica\"}]},{\"@type\":\"WebSite\",\"@id\":\"https:\/\/tourtravelandmore.com\/es\/#website\",\"url\":\"https:\/\/tourtravelandmore.com\/es\/\",\"name\":\"Tour Travel And More\",\"description\":\"Private sightseeing tours and luxury transfers in Spain\",\"publisher\":{\"@id\":\"https:\/\/tourtravelandmore.com\/es\/#organization\"},\"potentialAction\":[{\"@type\":\"SearchAction\",\"target\":{\"@type\":\"EntryPoint\",\"urlTemplate\":\"https:\/\/tourtravelandmore.com\/es\/?s={search_term_string}\"},\"query-input\":{\"@type\":\"PropertyValueSpecification\",\"valueRequired\":true,\"valueName\":\"search_term_string\"}}],\"inLanguage\":\"es\"},{\"@type\":\"Organization\",\"@id\":\"https:\/\/tourtravelandmore.com\/es\/#organization\",\"name\":\"Tour Travel And More\",\"url\":\"https:\/\/tourtravelandmore.com\/es\/\",\"logo\":{\"@type\":\"ImageObject\",\"inLanguage\":\"es\",\"@id\":\"https:\/\/tourtravelandmore.com\/es\/#\/schema\/logo\/image\/\",\"url\":\"https:\/\/tourtravelandmore.com\/wp-content\/uploads\/2022\/12\/cropped-logo-cabecera-new.png\",\"contentUrl\":\"https:\/\/tourtravelandmore.com\/wp-content\/uploads\/2022\/12\/cropped-logo-cabecera-new.png\",\"width\":430,\"height\":61,\"caption\":\"Tour Travel And More\"},\"image\":{\"@id\":\"https:\/\/tourtravelandmore.com\/es\/#\/schema\/logo\/image\/\"},\"sameAs\":[\"https:\/\/www.facebook.com\/tourtravelandmore\/\",\"https:\/\/x.com\/TourTravel_More\"]}]}<\/script>\n<!-- \/ Yoast SEO Premium plugin. -->","yoast_head_json":{"title":"Tour privado de Estambul con experiencia gastron\u00f3mica - TT&M","description":"Tour privado de Estambul con experiencia gastron\u00f3mica. Descubra todos lo secretos y lugares que tiene para ofrecer esta hermosa ciudad.","robots":{"index":"index","follow":"follow","max-snippet":"max-snippet:-1","max-image-preview":"max-image-preview:large","max-video-preview":"max-video-preview:-1"},"canonical":"https:\/\/tourtravelandmore.com\/es\/tours\/turquia-es\/estambul-es\/tour-privado-de-estambul-con-experiencia-gastronomica\/","og_locale":"es_ES","og_type":"article","og_title":"Tour privado de Estambul con experiencia gastron\u00f3mica","og_description":"Tour privado de Estambul con experiencia gastron\u00f3mica. Descubra todos lo secretos y lugares que tiene para ofrecer esta hermosa ciudad.","og_url":"https:\/\/tourtravelandmore.com\/es\/tours\/turquia-es\/estambul-es\/tour-privado-de-estambul-con-experiencia-gastronomica\/","og_site_name":"Tour Travel And More","article_publisher":"https:\/\/www.facebook.com\/tourtravelandmore\/","article_modified_time":"2024-08-27T17:45:18+00:00","og_image":[{"width":1279,"height":880,"url":"https:\/\/tourtravelandmore.com\/wp-content\/uploads\/2024\/08\/pexels-meruyert-gonullu-6161503.jpg","type":"image\/jpeg"}],"twitter_card":"summary_large_image","twitter_site":"@TourTravel_More","twitter_misc":{"Tiempo de lectura":"3 minutos"},"schema":{"@context":"https:\/\/schema.org","@graph":[{"@type":"WebPage","@id":"https:\/\/tourtravelandmore.com\/es\/tours\/turquia-es\/estambul-es\/tour-privado-de-estambul-con-experiencia-gastronomica\/","url":"https:\/\/tourtravelandmore.com\/es\/tours\/turquia-es\/estambul-es\/tour-privado-de-estambul-con-experiencia-gastronomica\/","name":"Tour privado de Estambul con experiencia gastron\u00f3mica - TT&M","isPartOf":{"@id":"https:\/\/tourtravelandmore.com\/es\/#website"},"primaryImageOfPage":{"@id":"https:\/\/tourtravelandmore.com\/es\/tours\/turquia-es\/estambul-es\/tour-privado-de-estambul-con-experiencia-gastronomica\/#primaryimage"},"image":{"@id":"https:\/\/tourtravelandmore.com\/es\/tours\/turquia-es\/estambul-es\/tour-privado-de-estambul-con-experiencia-gastronomica\/#primaryimage"},"thumbnailUrl":"https:\/\/tourtravelandmore.com\/wp-content\/uploads\/2024\/08\/pexels-meruyert-gonullu-6161503.jpg","datePublished":"2024-08-27T17:32:13+00:00","dateModified":"2024-08-27T17:45:18+00:00","description":"Tour privado de Estambul con experiencia gastron\u00f3mica. Descubra todos lo secretos y lugares que tiene para ofrecer esta hermosa ciudad.","breadcrumb":{"@id":"https:\/\/tourtravelandmore.com\/es\/tours\/turquia-es\/estambul-es\/tour-privado-de-estambul-con-experiencia-gastronomica\/#breadcrumb"},"inLanguage":"es","potentialAction":[{"@type":"ReadAction","target":["https:\/\/tourtravelandmore.com\/es\/tours\/turquia-es\/estambul-es\/tour-privado-de-estambul-con-experiencia-gastronomica\/"]}]},{"@type":"ImageObject","inLanguage":"es","@id":"https:\/\/tourtravelandmore.com\/es\/tours\/turquia-es\/estambul-es\/tour-privado-de-estambul-con-experiencia-gastronomica\/#primaryimage","url":"https:\/\/tourtravelandmore.com\/wp-content\/uploads\/2024\/08\/pexels-meruyert-gonullu-6161503.jpg","contentUrl":"https:\/\/tourtravelandmore.com\/wp-content\/uploads\/2024\/08\/pexels-meruyert-gonullu-6161503.jpg","width":1279,"height":880},{"@type":"BreadcrumbList","@id":"https:\/\/tourtravelandmore.com\/es\/tours\/turquia-es\/estambul-es\/tour-privado-de-estambul-con-experiencia-gastronomica\/#breadcrumb","itemListElement":[{"@type":"ListItem","position":1,"name":"Home","item":"https:\/\/tourtravelandmore.com\/es\/"},{"@type":"ListItem","position":2,"name":"Tours","item":"https:\/\/tourtravelandmore.com\/es\/tours\/"},{"@type":"ListItem","position":3,"name":"Tour privado de Estambul con experiencia gastron\u00f3mica"}]},{"@type":"WebSite","@id":"https:\/\/tourtravelandmore.com\/es\/#website","url":"https:\/\/tourtravelandmore.com\/es\/","name":"Tour Travel And More","description":"Private sightseeing tours and luxury transfers in Spain","publisher":{"@id":"https:\/\/tourtravelandmore.com\/es\/#organization"},"potentialAction":[{"@type":"SearchAction","target":{"@type":"EntryPoint","urlTemplate":"https:\/\/tourtravelandmore.com\/es\/?s={search_term_string}"},"query-input":{"@type":"PropertyValueSpecification","valueRequired":true,"valueName":"search_term_string"}}],"inLanguage":"es"},{"@type":"Organization","@id":"https:\/\/tourtravelandmore.com\/es\/#organization","name":"Tour Travel And More","url":"https:\/\/tourtravelandmore.com\/es\/","logo":{"@type":"ImageObject","inLanguage":"es","@id":"https:\/\/tourtravelandmore.com\/es\/#\/schema\/logo\/image\/","url":"https:\/\/tourtravelandmore.com\/wp-content\/uploads\/2022\/12\/cropped-logo-cabecera-new.png","contentUrl":"https:\/\/tourtravelandmore.com\/wp-content\/uploads\/2022\/12\/cropped-logo-cabecera-new.png","width":430,"height":61,"caption":"Tour Travel And More"},"image":{"@id":"https:\/\/tourtravelandmore.com\/es\/#\/schema\/logo\/image\/"},"sameAs":["https:\/\/www.facebook.com\/tourtravelandmore\/","https:\/\/x.com\/TourTravel_More"]}]}},"_links":{"self":[{"href":"https:\/\/tourtravelandmore.com\/es\/wp-json\/wp\/v2\/product\/177506","targetHints":{"allow":["GET"]}}],"collection":[{"href":"https:\/\/tourtravelandmore.com\/es\/wp-json\/wp\/v2\/product"}],"about":[{"href":"https:\/\/tourtravelandmore.com\/es\/wp-json\/wp\/v2\/types\/product"}],"replies":[{"embeddable":true,"href":"https:\/\/tourtravelandmore.com\/es\/wp-json\/wp\/v2\/comments?post=177506"}],"wp:featuredmedia":[{"embeddable":true,"href":"https:\/\/tourtravelandmore.com\/es\/wp-json\/wp\/v2\/media\/177522"}],"wp:attachment":[{"href":"https:\/\/tourtravelandmore.com\/es\/wp-json\/wp\/v2\/media?parent=177506"}],"wp:term":[{"taxonomy":"product_brand","embeddable":true,"href":"https:\/\/tourtravelandmore.com\/es\/wp-json\/wp\/v2\/product_brand?post=177506"},{"taxonomy":"product_cat","embeddable":true,"href":"https:\/\/tourtravelandmore.com\/es\/wp-json\/wp\/v2\/product_cat?post=177506"},{"taxonomy":"product_tag","embeddable":true,"href":"https:\/\/tourtravelandmore.com\/es\/wp-json\/wp\/v2\/product_tag?post=177506"}],"curies":[{"name":"wp","href":"https:\/\/api.w.org\/{rel}","templated":true}]}}