{"id":177478,"date":"2024-08-27T15:46:34","date_gmt":"2024-08-27T13:46:34","guid":{"rendered":"https:\/\/tourtravelandmore.com\/?post_type=product&#038;p=177478"},"modified":"2024-08-29T17:37:37","modified_gmt":"2024-08-29T15:37:37","slug":"tour-privado-gastronomico-a-pie-de-estambul","status":"publish","type":"product","link":"https:\/\/tourtravelandmore.com\/es\/tours\/turquia-es\/estambul-es\/tour-privado-gastronomico-a-pie-de-estambul\/","title":{"rendered":"Tour privado gastron\u00f3mico a pie de Estambul"},"content":{"rendered":"<h2><strong>Descripci\u00f3n del tour privado<\/strong><\/h2>\n<p>Emb\u00e1rquese en un viaje culinario por las vibrantes calles de Estambul, donde los sabores cuentan historias de tradiciones y culturas centenarias. Este exclusivo recorrido gastron\u00f3mico de 3 horas le invita a deleitarse con la rica y diversa cocina que define a esta extraordinaria ciudad. Acompa\u00f1ado por un experto gu\u00eda local, explorar\u00e1 los bulliciosos mercados, los restaurantes ocultos y los emblem\u00e1ticos puestos de comida que ofrecen los sabores m\u00e1s aut\u00e9nticos de Estambul.<\/p>\n<p>Descubra los tesoros de Estambul a pie y a trav\u00e9s de los ojos de un lugare\u00f1o con este inolvidable recorrido privado a pie.<\/p>\n<p>Eche un vistazo a todos los lugares que Estambul puede ofrecerle. Finalmente, el recorrido concluir\u00e1 en el hotel o restaurante de su elecci\u00f3n. P\u00f3ngase en contacto con nuestros expertos en viajes para personalizar la experiencia a sus necesidades exactas.<\/p>\n<h2><strong>Puntos de inter\u00e9s y lugares emblem\u00e1ticos<\/strong><\/h2>\n<p>Su gu\u00eda le conducir\u00e1 a trav\u00e9s de una cuidada selecci\u00f3n de 10 delicias t\u00edpicas, cada una de las cuales representa el coraz\u00f3n y el alma de la cocina turca. Desde delicias saladas como kebabs y meze hasta dulces como baklava y delicias turcas, experimentar\u00e1 todo el espectro de sabores que hacen de Estambul un para\u00edso para los amantes de la gastronom\u00eda. Mientras saborea estos platos, conocer\u00e1 tambi\u00e9n sus or\u00edgenes, su significado cultural y los m\u00e9todos \u00fanicos de preparaci\u00f3n que se han transmitido de generaci\u00f3n en generaci\u00f3n.<\/p>\n<ul>\n<li><strong>10 manjares t\u00edpicos<\/strong>: Deguste una variada selecci\u00f3n de 10 comidas t\u00edpicas turcas, incluyendo platos salados, platos callejeros favoritos y dulces tradicionales.<\/li>\n<li><strong>Aut\u00e9ntica experiencia culinaria<\/strong>: Visite los mercados locales, los puestos de comida y las joyas ocultas que s\u00f3lo conocen los lugare\u00f1os, donde podr\u00e1 experimentar los verdaderos sabores de Estambul.<\/li>\n<li><strong>Perspectivas culturales<\/strong>: Conozca el significado cultural de cada plato, la historia de la cocina turca y las t\u00e9cnicas de preparaci\u00f3n \u00fanicas que hacen que estos alimentos sean tan especiales.<\/li>\n<\/ul>\n<p>Este recorrido privado est\u00e1 dise\u00f1ado para ofrecerle una experiencia \u00edntima y envolvente, permiti\u00e9ndole conectar con la cultura local a trav\u00e9s de sus tradiciones culinarias m\u00e1s preciadas. Tanto si es un avezado gastr\u00f3nomo como si simplemente siente curiosidad por la cocina turca, este recorrido promete ser un momento memorable de su visita a Estambul.<\/p>\n<p>A lo largo del recorrido, su gu\u00eda le proporcionar\u00e1 fascinantes conocimientos sobre la historia y la cultura de Estambul, asegur\u00e1ndose de que se marcha con una comprensi\u00f3n m\u00e1s profunda de esta cautivadora ciudad.<\/p>\n","protected":false},"excerpt":{"rendered":"<p>Emb\u00e1rquese en un viaje culinario por las vibrantes calles de Estambul, donde los sabores cuentan historias de tradiciones y culturas centenarias. Este exclusivo recorrido gastron\u00f3mico de 3 horas le invita a deleitarse con la rica y diversa cocina que define a esta extraordinaria ciudad. Acompa\u00f1ado por un experto gu\u00eda local, explorar\u00e1 los bulliciosos mercados, los restaurantes ocultos y los emblem\u00e1ticos puestos de comida que ofrecen los sabores m\u00e1s aut\u00e9nticos de Estambul.<\/p>\n","protected":false},"featured_media":177499,"comment_status":"open","ping_status":"closed","template":"","meta":{"_acf_changed":false},"product_brand":[],"product_cat":[5433,1601,1162,1163,1164],"product_tag":[],"class_list":{"0":"post-177478","1":"product","2":"type-product","3":"status-publish","4":"has-post-thumbnail","6":"product_cat-private-tours-es","7":"product_cat-turquia-es","8":"product_cat-estambul-es","9":"product_cat-estambul-actividades-es","10":"product_cat-estambul-tours-privados-pie-es","12":"first","13":"instock","14":"shipping-taxable","15":"purchasable","16":"product-type-simple"},"acf":[],"yoast_head":"<!-- This site is optimized with the Yoast SEO Premium plugin v25.3.1 (Yoast SEO v25.3.1) - https:\/\/yoast.com\/wordpress\/plugins\/seo\/ -->\n<title>Tour privado gastron\u00f3mico a pie de Estambul - TT&amp;M<\/title>\n<meta name=\"description\" content=\"TOUR PRIVADO de los mejores lugares Tur\u00edsticos de Estambul y descubra todos lo secretos y lugares que tiene para ofrecer esta hermosa ciudad.\" \/>\n<meta name=\"robots\" content=\"index, follow, max-snippet:-1, max-image-preview:large, max-video-preview:-1\" \/>\n<link rel=\"canonical\" href=\"https:\/\/tourtravelandmore.com\/es\/tours\/turquia-es\/estambul-es\/tour-privado-gastronomico-a-pie-de-estambul\/\" \/>\n<meta property=\"og:locale\" content=\"es_ES\" \/>\n<meta property=\"og:type\" content=\"article\" \/>\n<meta property=\"og:title\" content=\"Tour privado gastron\u00f3mico a pie de Estambul\" \/>\n<meta property=\"og:description\" content=\"TOUR PRIVADO de los mejores lugares Tur\u00edsticos de Estambul y descubra todos lo secretos y lugares que tiene para ofrecer esta hermosa ciudad.\" \/>\n<meta property=\"og:url\" content=\"https:\/\/tourtravelandmore.com\/es\/tours\/turquia-es\/estambul-es\/tour-privado-gastronomico-a-pie-de-estambul\/\" \/>\n<meta property=\"og:site_name\" content=\"Tour Travel And More\" \/>\n<meta property=\"article:publisher\" content=\"https:\/\/www.facebook.com\/tourtravelandmore\/\" \/>\n<meta property=\"article:modified_time\" content=\"2024-08-29T15:37:37+00:00\" \/>\n<meta property=\"og:image\" content=\"https:\/\/tourtravelandmore.com\/wp-content\/uploads\/2024\/08\/pexels-ekrulila-8147948-1.jpg\" \/>\n\t<meta property=\"og:image:width\" content=\"1280\" \/>\n\t<meta property=\"og:image:height\" content=\"853\" \/>\n\t<meta property=\"og:image:type\" content=\"image\/jpeg\" \/>\n<meta name=\"twitter:card\" content=\"summary_large_image\" \/>\n<meta name=\"twitter:site\" content=\"@TourTravel_More\" \/>\n<meta name=\"twitter:label1\" content=\"Tiempo de lectura\" \/>\n\t<meta name=\"twitter:data1\" content=\"2 minutos\" \/>\n<script type=\"application\/ld+json\" class=\"yoast-schema-graph\">{\"@context\":\"https:\/\/schema.org\",\"@graph\":[{\"@type\":\"WebPage\",\"@id\":\"https:\/\/tourtravelandmore.com\/es\/tours\/turquia-es\/estambul-es\/tour-privado-gastronomico-a-pie-de-estambul\/\",\"url\":\"https:\/\/tourtravelandmore.com\/es\/tours\/turquia-es\/estambul-es\/tour-privado-gastronomico-a-pie-de-estambul\/\",\"name\":\"Tour privado gastron\u00f3mico a pie de Estambul - TT&M\",\"isPartOf\":{\"@id\":\"https:\/\/tourtravelandmore.com\/es\/#website\"},\"primaryImageOfPage\":{\"@id\":\"https:\/\/tourtravelandmore.com\/es\/tours\/turquia-es\/estambul-es\/tour-privado-gastronomico-a-pie-de-estambul\/#primaryimage\"},\"image\":{\"@id\":\"https:\/\/tourtravelandmore.com\/es\/tours\/turquia-es\/estambul-es\/tour-privado-gastronomico-a-pie-de-estambul\/#primaryimage\"},\"thumbnailUrl\":\"https:\/\/tourtravelandmore.com\/wp-content\/uploads\/2024\/08\/pexels-ekrulila-8147948-1.jpg\",\"datePublished\":\"2024-08-27T13:46:34+00:00\",\"dateModified\":\"2024-08-29T15:37:37+00:00\",\"description\":\"TOUR PRIVADO de los mejores lugares Tur\u00edsticos de Estambul y descubra todos lo secretos y lugares que tiene para ofrecer esta hermosa ciudad.\",\"breadcrumb\":{\"@id\":\"https:\/\/tourtravelandmore.com\/es\/tours\/turquia-es\/estambul-es\/tour-privado-gastronomico-a-pie-de-estambul\/#breadcrumb\"},\"inLanguage\":\"es\",\"potentialAction\":[{\"@type\":\"ReadAction\",\"target\":[\"https:\/\/tourtravelandmore.com\/es\/tours\/turquia-es\/estambul-es\/tour-privado-gastronomico-a-pie-de-estambul\/\"]}]},{\"@type\":\"ImageObject\",\"inLanguage\":\"es\",\"@id\":\"https:\/\/tourtravelandmore.com\/es\/tours\/turquia-es\/estambul-es\/tour-privado-gastronomico-a-pie-de-estambul\/#primaryimage\",\"url\":\"https:\/\/tourtravelandmore.com\/wp-content\/uploads\/2024\/08\/pexels-ekrulila-8147948-1.jpg\",\"contentUrl\":\"https:\/\/tourtravelandmore.com\/wp-content\/uploads\/2024\/08\/pexels-ekrulila-8147948-1.jpg\",\"width\":1280,\"height\":853},{\"@type\":\"BreadcrumbList\",\"@id\":\"https:\/\/tourtravelandmore.com\/es\/tours\/turquia-es\/estambul-es\/tour-privado-gastronomico-a-pie-de-estambul\/#breadcrumb\",\"itemListElement\":[{\"@type\":\"ListItem\",\"position\":1,\"name\":\"Home\",\"item\":\"https:\/\/tourtravelandmore.com\/es\/\"},{\"@type\":\"ListItem\",\"position\":2,\"name\":\"Tours\",\"item\":\"https:\/\/tourtravelandmore.com\/es\/tours\/\"},{\"@type\":\"ListItem\",\"position\":3,\"name\":\"Tour privado gastron\u00f3mico a pie de Estambul\"}]},{\"@type\":\"WebSite\",\"@id\":\"https:\/\/tourtravelandmore.com\/es\/#website\",\"url\":\"https:\/\/tourtravelandmore.com\/es\/\",\"name\":\"Tour Travel And More\",\"description\":\"Private sightseeing tours and luxury transfers in Spain\",\"publisher\":{\"@id\":\"https:\/\/tourtravelandmore.com\/es\/#organization\"},\"potentialAction\":[{\"@type\":\"SearchAction\",\"target\":{\"@type\":\"EntryPoint\",\"urlTemplate\":\"https:\/\/tourtravelandmore.com\/es\/?s={search_term_string}\"},\"query-input\":{\"@type\":\"PropertyValueSpecification\",\"valueRequired\":true,\"valueName\":\"search_term_string\"}}],\"inLanguage\":\"es\"},{\"@type\":\"Organization\",\"@id\":\"https:\/\/tourtravelandmore.com\/es\/#organization\",\"name\":\"Tour Travel And More\",\"url\":\"https:\/\/tourtravelandmore.com\/es\/\",\"logo\":{\"@type\":\"ImageObject\",\"inLanguage\":\"es\",\"@id\":\"https:\/\/tourtravelandmore.com\/es\/#\/schema\/logo\/image\/\",\"url\":\"https:\/\/tourtravelandmore.com\/wp-content\/uploads\/2022\/12\/cropped-logo-cabecera-new.png\",\"contentUrl\":\"https:\/\/tourtravelandmore.com\/wp-content\/uploads\/2022\/12\/cropped-logo-cabecera-new.png\",\"width\":430,\"height\":61,\"caption\":\"Tour Travel And More\"},\"image\":{\"@id\":\"https:\/\/tourtravelandmore.com\/es\/#\/schema\/logo\/image\/\"},\"sameAs\":[\"https:\/\/www.facebook.com\/tourtravelandmore\/\",\"https:\/\/x.com\/TourTravel_More\"]}]}<\/script>\n<!-- \/ Yoast SEO Premium plugin. -->","yoast_head_json":{"title":"Tour privado gastron\u00f3mico a pie de Estambul - TT&M","description":"TOUR PRIVADO de los mejores lugares Tur\u00edsticos de Estambul y descubra todos lo secretos y lugares que tiene para ofrecer esta hermosa ciudad.","robots":{"index":"index","follow":"follow","max-snippet":"max-snippet:-1","max-image-preview":"max-image-preview:large","max-video-preview":"max-video-preview:-1"},"canonical":"https:\/\/tourtravelandmore.com\/es\/tours\/turquia-es\/estambul-es\/tour-privado-gastronomico-a-pie-de-estambul\/","og_locale":"es_ES","og_type":"article","og_title":"Tour privado gastron\u00f3mico a pie de Estambul","og_description":"TOUR PRIVADO de los mejores lugares Tur\u00edsticos de Estambul y descubra todos lo secretos y lugares que tiene para ofrecer esta hermosa ciudad.","og_url":"https:\/\/tourtravelandmore.com\/es\/tours\/turquia-es\/estambul-es\/tour-privado-gastronomico-a-pie-de-estambul\/","og_site_name":"Tour Travel And More","article_publisher":"https:\/\/www.facebook.com\/tourtravelandmore\/","article_modified_time":"2024-08-29T15:37:37+00:00","og_image":[{"width":1280,"height":853,"url":"https:\/\/tourtravelandmore.com\/wp-content\/uploads\/2024\/08\/pexels-ekrulila-8147948-1.jpg","type":"image\/jpeg"}],"twitter_card":"summary_large_image","twitter_site":"@TourTravel_More","twitter_misc":{"Tiempo de lectura":"2 minutos"},"schema":{"@context":"https:\/\/schema.org","@graph":[{"@type":"WebPage","@id":"https:\/\/tourtravelandmore.com\/es\/tours\/turquia-es\/estambul-es\/tour-privado-gastronomico-a-pie-de-estambul\/","url":"https:\/\/tourtravelandmore.com\/es\/tours\/turquia-es\/estambul-es\/tour-privado-gastronomico-a-pie-de-estambul\/","name":"Tour privado gastron\u00f3mico a pie de Estambul - TT&M","isPartOf":{"@id":"https:\/\/tourtravelandmore.com\/es\/#website"},"primaryImageOfPage":{"@id":"https:\/\/tourtravelandmore.com\/es\/tours\/turquia-es\/estambul-es\/tour-privado-gastronomico-a-pie-de-estambul\/#primaryimage"},"image":{"@id":"https:\/\/tourtravelandmore.com\/es\/tours\/turquia-es\/estambul-es\/tour-privado-gastronomico-a-pie-de-estambul\/#primaryimage"},"thumbnailUrl":"https:\/\/tourtravelandmore.com\/wp-content\/uploads\/2024\/08\/pexels-ekrulila-8147948-1.jpg","datePublished":"2024-08-27T13:46:34+00:00","dateModified":"2024-08-29T15:37:37+00:00","description":"TOUR PRIVADO de los mejores lugares Tur\u00edsticos de Estambul y descubra todos lo secretos y lugares que tiene para ofrecer esta hermosa ciudad.","breadcrumb":{"@id":"https:\/\/tourtravelandmore.com\/es\/tours\/turquia-es\/estambul-es\/tour-privado-gastronomico-a-pie-de-estambul\/#breadcrumb"},"inLanguage":"es","potentialAction":[{"@type":"ReadAction","target":["https:\/\/tourtravelandmore.com\/es\/tours\/turquia-es\/estambul-es\/tour-privado-gastronomico-a-pie-de-estambul\/"]}]},{"@type":"ImageObject","inLanguage":"es","@id":"https:\/\/tourtravelandmore.com\/es\/tours\/turquia-es\/estambul-es\/tour-privado-gastronomico-a-pie-de-estambul\/#primaryimage","url":"https:\/\/tourtravelandmore.com\/wp-content\/uploads\/2024\/08\/pexels-ekrulila-8147948-1.jpg","contentUrl":"https:\/\/tourtravelandmore.com\/wp-content\/uploads\/2024\/08\/pexels-ekrulila-8147948-1.jpg","width":1280,"height":853},{"@type":"BreadcrumbList","@id":"https:\/\/tourtravelandmore.com\/es\/tours\/turquia-es\/estambul-es\/tour-privado-gastronomico-a-pie-de-estambul\/#breadcrumb","itemListElement":[{"@type":"ListItem","position":1,"name":"Home","item":"https:\/\/tourtravelandmore.com\/es\/"},{"@type":"ListItem","position":2,"name":"Tours","item":"https:\/\/tourtravelandmore.com\/es\/tours\/"},{"@type":"ListItem","position":3,"name":"Tour privado gastron\u00f3mico a pie de Estambul"}]},{"@type":"WebSite","@id":"https:\/\/tourtravelandmore.com\/es\/#website","url":"https:\/\/tourtravelandmore.com\/es\/","name":"Tour Travel And More","description":"Private sightseeing tours and luxury transfers in Spain","publisher":{"@id":"https:\/\/tourtravelandmore.com\/es\/#organization"},"potentialAction":[{"@type":"SearchAction","target":{"@type":"EntryPoint","urlTemplate":"https:\/\/tourtravelandmore.com\/es\/?s={search_term_string}"},"query-input":{"@type":"PropertyValueSpecification","valueRequired":true,"valueName":"search_term_string"}}],"inLanguage":"es"},{"@type":"Organization","@id":"https:\/\/tourtravelandmore.com\/es\/#organization","name":"Tour Travel And More","url":"https:\/\/tourtravelandmore.com\/es\/","logo":{"@type":"ImageObject","inLanguage":"es","@id":"https:\/\/tourtravelandmore.com\/es\/#\/schema\/logo\/image\/","url":"https:\/\/tourtravelandmore.com\/wp-content\/uploads\/2022\/12\/cropped-logo-cabecera-new.png","contentUrl":"https:\/\/tourtravelandmore.com\/wp-content\/uploads\/2022\/12\/cropped-logo-cabecera-new.png","width":430,"height":61,"caption":"Tour Travel And More"},"image":{"@id":"https:\/\/tourtravelandmore.com\/es\/#\/schema\/logo\/image\/"},"sameAs":["https:\/\/www.facebook.com\/tourtravelandmore\/","https:\/\/x.com\/TourTravel_More"]}]}},"_links":{"self":[{"href":"https:\/\/tourtravelandmore.com\/es\/wp-json\/wp\/v2\/product\/177478","targetHints":{"allow":["GET"]}}],"collection":[{"href":"https:\/\/tourtravelandmore.com\/es\/wp-json\/wp\/v2\/product"}],"about":[{"href":"https:\/\/tourtravelandmore.com\/es\/wp-json\/wp\/v2\/types\/product"}],"replies":[{"embeddable":true,"href":"https:\/\/tourtravelandmore.com\/es\/wp-json\/wp\/v2\/comments?post=177478"}],"wp:featuredmedia":[{"embeddable":true,"href":"https:\/\/tourtravelandmore.com\/es\/wp-json\/wp\/v2\/media\/177499"}],"wp:attachment":[{"href":"https:\/\/tourtravelandmore.com\/es\/wp-json\/wp\/v2\/media?parent=177478"}],"wp:term":[{"taxonomy":"product_brand","embeddable":true,"href":"https:\/\/tourtravelandmore.com\/es\/wp-json\/wp\/v2\/product_brand?post=177478"},{"taxonomy":"product_cat","embeddable":true,"href":"https:\/\/tourtravelandmore.com\/es\/wp-json\/wp\/v2\/product_cat?post=177478"},{"taxonomy":"product_tag","embeddable":true,"href":"https:\/\/tourtravelandmore.com\/es\/wp-json\/wp\/v2\/product_tag?post=177478"}],"curies":[{"name":"wp","href":"https:\/\/api.w.org\/{rel}","templated":true}]}}