{"id":176832,"date":"2024-08-19T17:34:34","date_gmt":"2024-08-19T15:34:34","guid":{"rendered":"https:\/\/tourtravelandmore.com\/?post_type=product&#038;p=176832"},"modified":"2024-08-20T17:35:53","modified_gmt":"2024-08-20T15:35:53","slug":"tour-privado-a-pie-de-estambul-con-transporte-publico","status":"publish","type":"product","link":"https:\/\/tourtravelandmore.com\/es\/tours\/turquia-es\/estambul-es\/tour-privado-a-pie-de-estambul-con-transporte-publico\/","title":{"rendered":"Tour privado a pie de Estambul con transporte p\u00fablico"},"content":{"rendered":"<h2><strong>Descripci\u00f3n del tour privado<\/strong><\/h2>\n<p>Experimente Estambul como un lugare\u00f1o en esta inmersiva excursi\u00f3n privada a pie de 8 horas, en la que explorar\u00e1 la rica historia de la ciudad, su vibrante cultura y su impresionante arquitectura. Acompa\u00f1ado por un gu\u00eda experto, recorrer\u00e1 las bulliciosas calles de la ciudad utilizando el transporte p\u00fablico, ofreci\u00e9ndole una visi\u00f3n aut\u00e9ntica de la vida cotidiana en Estambul.<\/p>\n<p>Descubra los tesoros de Estambul a pie y a trav\u00e9s de los ojos de un lugare\u00f1o con este inolvidable recorrido privado a pie.<\/p>\n<p>Eche un vistazo a todos los lugares que Estambul puede ofrecerle. Finalmente, el recorrido concluir\u00e1 en el hotel o restaurante de su elecci\u00f3n. P\u00f3ngase en contacto con nuestros expertos en viajes para personalizar la experiencia a sus necesidades exactas.<\/p>\n<h2><strong>Puntos de inter\u00e9s y lugares emblem\u00e1ticos<\/strong><\/h2>\n<p>Su viaje comienza en el coraz\u00f3n de la ciudad, donde visitar\u00e1 lugares emblem\u00e1ticos como la Mezquita Azul, con sus llamativos azulejos azules y sus grandes c\u00fapulas, y el Hip\u00f3dromo, anta\u00f1o centro de la vida bizantina. Pasee por el hist\u00f3rico barrio de Sultanahmet, donde se encuentran algunos de los lugares m\u00e1s importantes de la ciudad.<\/p>\n<p>Un punto culminante del recorrido es la opci\u00f3n de visitar la magn\u00edfica Santa Sof\u00eda, obra maestra de la arquitectura bizantina y s\u00edmbolo de la variada historia de Estambul. En su interior, se maravillar\u00e1 ante los intrincados mosaicos y la grandeza de este lugar declarado Patrimonio de la Humanidad por la UNESCO.<\/p>\n<p>La visita contin\u00faa adentr\u00e1ndose en el bullicioso Gran Bazar, uno de los mercados cubiertos m\u00e1s antiguos y grandes del mundo. Aqu\u00ed tendr\u00e1 la oportunidad de curiosear por un sinf\u00edn de tiendas que venden de todo, desde exquisitas joyas hasta especias tradicionales turcas.<\/p>\n<p>A lo largo del recorrido, su gu\u00eda le proporcionar\u00e1 fascinantes conocimientos sobre la historia y la cultura de Estambul, asegur\u00e1ndose de que se marcha con un conocimiento m\u00e1s profundo de esta cautivadora ciudad.<\/p>\n","protected":false},"excerpt":{"rendered":"<p>Experimente Estambul como un lugare\u00f1o en esta inmersiva excursi\u00f3n privada a pie de 8 horas, en la que explorar\u00e1 la rica historia de la ciudad, su vibrante cultura y su impresionante arquitectura. Acompa\u00f1ado por un gu\u00eda experto, recorrer\u00e1 las bulliciosas calles de la ciudad utilizando el transporte p\u00fablico, ofreci\u00e9ndole una visi\u00f3n aut\u00e9ntica de la vida cotidiana en Estambul.<\/p>\n","protected":false},"featured_media":176863,"comment_status":"open","ping_status":"closed","template":"","meta":{"_acf_changed":false},"product_brand":[],"product_cat":[1601,1162,1163,1164],"product_tag":[],"class_list":{"0":"post-176832","1":"product","2":"type-product","3":"status-publish","4":"has-post-thumbnail","6":"product_cat-turquia-es","7":"product_cat-estambul-es","8":"product_cat-estambul-actividades-es","9":"product_cat-estambul-tours-privados-pie-es","11":"first","12":"instock","13":"shipping-taxable","14":"purchasable","15":"product-type-simple"},"acf":[],"yoast_head":"<!-- This site is optimized with the Yoast SEO Premium plugin v25.3.1 (Yoast SEO v25.3.1) - https:\/\/yoast.com\/wordpress\/plugins\/seo\/ -->\n<title>Tour privado a pie de Estambul con transporte p\u00fablico<\/title>\n<meta name=\"description\" content=\"TOUR PRIVADO de los mejores lugares Tur\u00edsticos de Estambul y descubra todos lo secretos y lugares que tiene para ofrecer esta hermosa ciudad.\" \/>\n<meta name=\"robots\" content=\"index, follow, max-snippet:-1, max-image-preview:large, max-video-preview:-1\" \/>\n<link rel=\"canonical\" href=\"https:\/\/tourtravelandmore.com\/es\/tours\/turquia-es\/estambul-es\/tour-privado-a-pie-de-estambul-con-transporte-publico\/\" \/>\n<meta property=\"og:locale\" content=\"es_ES\" \/>\n<meta property=\"og:type\" content=\"article\" \/>\n<meta property=\"og:title\" content=\"Tour privado a pie de Estambul con transporte p\u00fablico\" \/>\n<meta property=\"og:description\" content=\"TOUR PRIVADO de los mejores lugares Tur\u00edsticos de Estambul y descubra todos lo secretos y lugares que tiene para ofrecer esta hermosa ciudad.\" \/>\n<meta property=\"og:url\" content=\"https:\/\/tourtravelandmore.com\/es\/tours\/turquia-es\/estambul-es\/tour-privado-a-pie-de-estambul-con-transporte-publico\/\" \/>\n<meta property=\"og:site_name\" content=\"Tour Travel And More\" \/>\n<meta property=\"article:publisher\" content=\"https:\/\/www.facebook.com\/tourtravelandmore\/\" \/>\n<meta property=\"article:modified_time\" content=\"2024-08-20T15:35:53+00:00\" \/>\n<meta property=\"og:image\" content=\"https:\/\/tourtravelandmore.com\/wp-content\/uploads\/2024\/08\/pexels-photo-2159549.jpg\" \/>\n\t<meta property=\"og:image:width\" content=\"1125\" \/>\n\t<meta property=\"og:image:height\" content=\"750\" \/>\n\t<meta property=\"og:image:type\" content=\"image\/jpeg\" \/>\n<meta name=\"twitter:card\" content=\"summary_large_image\" \/>\n<meta name=\"twitter:site\" content=\"@TourTravel_More\" \/>\n<meta name=\"twitter:label1\" content=\"Tiempo de lectura\" \/>\n\t<meta name=\"twitter:data1\" content=\"2 minutos\" \/>\n<script type=\"application\/ld+json\" class=\"yoast-schema-graph\">{\"@context\":\"https:\/\/schema.org\",\"@graph\":[{\"@type\":\"WebPage\",\"@id\":\"https:\/\/tourtravelandmore.com\/es\/tours\/turquia-es\/estambul-es\/tour-privado-a-pie-de-estambul-con-transporte-publico\/\",\"url\":\"https:\/\/tourtravelandmore.com\/es\/tours\/turquia-es\/estambul-es\/tour-privado-a-pie-de-estambul-con-transporte-publico\/\",\"name\":\"Tour privado a pie de Estambul con transporte p\u00fablico\",\"isPartOf\":{\"@id\":\"https:\/\/tourtravelandmore.com\/es\/#website\"},\"primaryImageOfPage\":{\"@id\":\"https:\/\/tourtravelandmore.com\/es\/tours\/turquia-es\/estambul-es\/tour-privado-a-pie-de-estambul-con-transporte-publico\/#primaryimage\"},\"image\":{\"@id\":\"https:\/\/tourtravelandmore.com\/es\/tours\/turquia-es\/estambul-es\/tour-privado-a-pie-de-estambul-con-transporte-publico\/#primaryimage\"},\"thumbnailUrl\":\"https:\/\/tourtravelandmore.com\/wp-content\/uploads\/2024\/08\/pexels-photo-2159549.jpg\",\"datePublished\":\"2024-08-19T15:34:34+00:00\",\"dateModified\":\"2024-08-20T15:35:53+00:00\",\"description\":\"TOUR PRIVADO de los mejores lugares Tur\u00edsticos de Estambul y descubra todos lo secretos y lugares que tiene para ofrecer esta hermosa ciudad.\",\"breadcrumb\":{\"@id\":\"https:\/\/tourtravelandmore.com\/es\/tours\/turquia-es\/estambul-es\/tour-privado-a-pie-de-estambul-con-transporte-publico\/#breadcrumb\"},\"inLanguage\":\"es\",\"potentialAction\":[{\"@type\":\"ReadAction\",\"target\":[\"https:\/\/tourtravelandmore.com\/es\/tours\/turquia-es\/estambul-es\/tour-privado-a-pie-de-estambul-con-transporte-publico\/\"]}]},{\"@type\":\"ImageObject\",\"inLanguage\":\"es\",\"@id\":\"https:\/\/tourtravelandmore.com\/es\/tours\/turquia-es\/estambul-es\/tour-privado-a-pie-de-estambul-con-transporte-publico\/#primaryimage\",\"url\":\"https:\/\/tourtravelandmore.com\/wp-content\/uploads\/2024\/08\/pexels-photo-2159549.jpg\",\"contentUrl\":\"https:\/\/tourtravelandmore.com\/wp-content\/uploads\/2024\/08\/pexels-photo-2159549.jpg\",\"width\":1125,\"height\":750},{\"@type\":\"BreadcrumbList\",\"@id\":\"https:\/\/tourtravelandmore.com\/es\/tours\/turquia-es\/estambul-es\/tour-privado-a-pie-de-estambul-con-transporte-publico\/#breadcrumb\",\"itemListElement\":[{\"@type\":\"ListItem\",\"position\":1,\"name\":\"Home\",\"item\":\"https:\/\/tourtravelandmore.com\/es\/\"},{\"@type\":\"ListItem\",\"position\":2,\"name\":\"Tours\",\"item\":\"https:\/\/tourtravelandmore.com\/es\/tours\/\"},{\"@type\":\"ListItem\",\"position\":3,\"name\":\"Tour privado a pie de Estambul con transporte p\u00fablico\"}]},{\"@type\":\"WebSite\",\"@id\":\"https:\/\/tourtravelandmore.com\/es\/#website\",\"url\":\"https:\/\/tourtravelandmore.com\/es\/\",\"name\":\"Tour Travel And More\",\"description\":\"Private sightseeing tours and luxury transfers in Spain\",\"publisher\":{\"@id\":\"https:\/\/tourtravelandmore.com\/es\/#organization\"},\"potentialAction\":[{\"@type\":\"SearchAction\",\"target\":{\"@type\":\"EntryPoint\",\"urlTemplate\":\"https:\/\/tourtravelandmore.com\/es\/?s={search_term_string}\"},\"query-input\":{\"@type\":\"PropertyValueSpecification\",\"valueRequired\":true,\"valueName\":\"search_term_string\"}}],\"inLanguage\":\"es\"},{\"@type\":\"Organization\",\"@id\":\"https:\/\/tourtravelandmore.com\/es\/#organization\",\"name\":\"Tour Travel And More\",\"url\":\"https:\/\/tourtravelandmore.com\/es\/\",\"logo\":{\"@type\":\"ImageObject\",\"inLanguage\":\"es\",\"@id\":\"https:\/\/tourtravelandmore.com\/es\/#\/schema\/logo\/image\/\",\"url\":\"https:\/\/tourtravelandmore.com\/wp-content\/uploads\/2022\/12\/cropped-logo-cabecera-new.png\",\"contentUrl\":\"https:\/\/tourtravelandmore.com\/wp-content\/uploads\/2022\/12\/cropped-logo-cabecera-new.png\",\"width\":430,\"height\":61,\"caption\":\"Tour Travel And More\"},\"image\":{\"@id\":\"https:\/\/tourtravelandmore.com\/es\/#\/schema\/logo\/image\/\"},\"sameAs\":[\"https:\/\/www.facebook.com\/tourtravelandmore\/\",\"https:\/\/x.com\/TourTravel_More\"]}]}<\/script>\n<!-- \/ Yoast SEO Premium plugin. -->","yoast_head_json":{"title":"Tour privado a pie de Estambul con transporte p\u00fablico","description":"TOUR PRIVADO de los mejores lugares Tur\u00edsticos de Estambul y descubra todos lo secretos y lugares que tiene para ofrecer esta hermosa ciudad.","robots":{"index":"index","follow":"follow","max-snippet":"max-snippet:-1","max-image-preview":"max-image-preview:large","max-video-preview":"max-video-preview:-1"},"canonical":"https:\/\/tourtravelandmore.com\/es\/tours\/turquia-es\/estambul-es\/tour-privado-a-pie-de-estambul-con-transporte-publico\/","og_locale":"es_ES","og_type":"article","og_title":"Tour privado a pie de Estambul con transporte p\u00fablico","og_description":"TOUR PRIVADO de los mejores lugares Tur\u00edsticos de Estambul y descubra todos lo secretos y lugares que tiene para ofrecer esta hermosa ciudad.","og_url":"https:\/\/tourtravelandmore.com\/es\/tours\/turquia-es\/estambul-es\/tour-privado-a-pie-de-estambul-con-transporte-publico\/","og_site_name":"Tour Travel And More","article_publisher":"https:\/\/www.facebook.com\/tourtravelandmore\/","article_modified_time":"2024-08-20T15:35:53+00:00","og_image":[{"width":1125,"height":750,"url":"https:\/\/tourtravelandmore.com\/wp-content\/uploads\/2024\/08\/pexels-photo-2159549.jpg","type":"image\/jpeg"}],"twitter_card":"summary_large_image","twitter_site":"@TourTravel_More","twitter_misc":{"Tiempo de lectura":"2 minutos"},"schema":{"@context":"https:\/\/schema.org","@graph":[{"@type":"WebPage","@id":"https:\/\/tourtravelandmore.com\/es\/tours\/turquia-es\/estambul-es\/tour-privado-a-pie-de-estambul-con-transporte-publico\/","url":"https:\/\/tourtravelandmore.com\/es\/tours\/turquia-es\/estambul-es\/tour-privado-a-pie-de-estambul-con-transporte-publico\/","name":"Tour privado a pie de Estambul con transporte p\u00fablico","isPartOf":{"@id":"https:\/\/tourtravelandmore.com\/es\/#website"},"primaryImageOfPage":{"@id":"https:\/\/tourtravelandmore.com\/es\/tours\/turquia-es\/estambul-es\/tour-privado-a-pie-de-estambul-con-transporte-publico\/#primaryimage"},"image":{"@id":"https:\/\/tourtravelandmore.com\/es\/tours\/turquia-es\/estambul-es\/tour-privado-a-pie-de-estambul-con-transporte-publico\/#primaryimage"},"thumbnailUrl":"https:\/\/tourtravelandmore.com\/wp-content\/uploads\/2024\/08\/pexels-photo-2159549.jpg","datePublished":"2024-08-19T15:34:34+00:00","dateModified":"2024-08-20T15:35:53+00:00","description":"TOUR PRIVADO de los mejores lugares Tur\u00edsticos de Estambul y descubra todos lo secretos y lugares que tiene para ofrecer esta hermosa ciudad.","breadcrumb":{"@id":"https:\/\/tourtravelandmore.com\/es\/tours\/turquia-es\/estambul-es\/tour-privado-a-pie-de-estambul-con-transporte-publico\/#breadcrumb"},"inLanguage":"es","potentialAction":[{"@type":"ReadAction","target":["https:\/\/tourtravelandmore.com\/es\/tours\/turquia-es\/estambul-es\/tour-privado-a-pie-de-estambul-con-transporte-publico\/"]}]},{"@type":"ImageObject","inLanguage":"es","@id":"https:\/\/tourtravelandmore.com\/es\/tours\/turquia-es\/estambul-es\/tour-privado-a-pie-de-estambul-con-transporte-publico\/#primaryimage","url":"https:\/\/tourtravelandmore.com\/wp-content\/uploads\/2024\/08\/pexels-photo-2159549.jpg","contentUrl":"https:\/\/tourtravelandmore.com\/wp-content\/uploads\/2024\/08\/pexels-photo-2159549.jpg","width":1125,"height":750},{"@type":"BreadcrumbList","@id":"https:\/\/tourtravelandmore.com\/es\/tours\/turquia-es\/estambul-es\/tour-privado-a-pie-de-estambul-con-transporte-publico\/#breadcrumb","itemListElement":[{"@type":"ListItem","position":1,"name":"Home","item":"https:\/\/tourtravelandmore.com\/es\/"},{"@type":"ListItem","position":2,"name":"Tours","item":"https:\/\/tourtravelandmore.com\/es\/tours\/"},{"@type":"ListItem","position":3,"name":"Tour privado a pie de Estambul con transporte p\u00fablico"}]},{"@type":"WebSite","@id":"https:\/\/tourtravelandmore.com\/es\/#website","url":"https:\/\/tourtravelandmore.com\/es\/","name":"Tour Travel And More","description":"Private sightseeing tours and luxury transfers in Spain","publisher":{"@id":"https:\/\/tourtravelandmore.com\/es\/#organization"},"potentialAction":[{"@type":"SearchAction","target":{"@type":"EntryPoint","urlTemplate":"https:\/\/tourtravelandmore.com\/es\/?s={search_term_string}"},"query-input":{"@type":"PropertyValueSpecification","valueRequired":true,"valueName":"search_term_string"}}],"inLanguage":"es"},{"@type":"Organization","@id":"https:\/\/tourtravelandmore.com\/es\/#organization","name":"Tour Travel And More","url":"https:\/\/tourtravelandmore.com\/es\/","logo":{"@type":"ImageObject","inLanguage":"es","@id":"https:\/\/tourtravelandmore.com\/es\/#\/schema\/logo\/image\/","url":"https:\/\/tourtravelandmore.com\/wp-content\/uploads\/2022\/12\/cropped-logo-cabecera-new.png","contentUrl":"https:\/\/tourtravelandmore.com\/wp-content\/uploads\/2022\/12\/cropped-logo-cabecera-new.png","width":430,"height":61,"caption":"Tour Travel And More"},"image":{"@id":"https:\/\/tourtravelandmore.com\/es\/#\/schema\/logo\/image\/"},"sameAs":["https:\/\/www.facebook.com\/tourtravelandmore\/","https:\/\/x.com\/TourTravel_More"]}]}},"_links":{"self":[{"href":"https:\/\/tourtravelandmore.com\/es\/wp-json\/wp\/v2\/product\/176832","targetHints":{"allow":["GET"]}}],"collection":[{"href":"https:\/\/tourtravelandmore.com\/es\/wp-json\/wp\/v2\/product"}],"about":[{"href":"https:\/\/tourtravelandmore.com\/es\/wp-json\/wp\/v2\/types\/product"}],"replies":[{"embeddable":true,"href":"https:\/\/tourtravelandmore.com\/es\/wp-json\/wp\/v2\/comments?post=176832"}],"wp:featuredmedia":[{"embeddable":true,"href":"https:\/\/tourtravelandmore.com\/es\/wp-json\/wp\/v2\/media\/176863"}],"wp:attachment":[{"href":"https:\/\/tourtravelandmore.com\/es\/wp-json\/wp\/v2\/media?parent=176832"}],"wp:term":[{"taxonomy":"product_brand","embeddable":true,"href":"https:\/\/tourtravelandmore.com\/es\/wp-json\/wp\/v2\/product_brand?post=176832"},{"taxonomy":"product_cat","embeddable":true,"href":"https:\/\/tourtravelandmore.com\/es\/wp-json\/wp\/v2\/product_cat?post=176832"},{"taxonomy":"product_tag","embeddable":true,"href":"https:\/\/tourtravelandmore.com\/es\/wp-json\/wp\/v2\/product_tag?post=176832"}],"curies":[{"name":"wp","href":"https:\/\/api.w.org\/{rel}","templated":true}]}}