{"id":176132,"date":"2024-08-14T17:43:15","date_gmt":"2024-08-14T15:43:15","guid":{"rendered":"https:\/\/tourtravelandmore.com\/?post_type=product&#038;p=176132"},"modified":"2024-08-14T18:10:05","modified_gmt":"2024-08-14T16:10:05","slug":"tour-privado-de-nueva-york-copy","status":"publish","type":"product","link":"https:\/\/tourtravelandmore.com\/es\/tours\/espana-es\/madrid-es\/tour-privado-de-nueva-york-copy\/","title":{"rendered":"Tour de un d\u00eda a las bodegas de La Rioja desde Madrid"},"content":{"rendered":"<h2>Tour de un d\u00eda a las bodegas de La Rioja desde Madrid Descripci\u00f3n<\/h2>\n<p>Esta excursi\u00f3n de 12 horas a las bodegas de<strong> La<\/strong> Rioja es perfecta para aquellos visitantes que quieran conocer y disfrutar de los mejores vinos del norte de <strong>Espa\u00f1a<\/strong> desde la capital. Comenzaremos temprano por la ma\u00f1ana para aprovechar al m\u00e1ximo nuestra visita de un d\u00eda completo a las bodegas de <strong>La<\/strong> Rioja desde <strong>Madrid,<\/strong> con un veh\u00edculo privado de lujo con ch\u00f3fer para un viaje c\u00f3modo y seguro.<\/p>\n<p>La Rioja es una bella e hist\u00f3rica regi\u00f3n vin\u00edcola que incluye la provincia del mismo nombre, as\u00ed como parte del <strong>Pa\u00eds<\/strong> <strong>Vasco<\/strong> <strong>, Navarra<\/strong> y <strong>Castilla<\/strong> y <strong>Le\u00f3n.<\/strong> Esta regi\u00f3n ha estado vinculada a la producci\u00f3n de vino desde antes de la llegada de los romanos. Las condiciones y suelos privilegiados y la experiencia milenaria de sus bodegas dan lugar a la alta calidad de los vinos de la Denominaci\u00f3n de Origen Calificada (DOCa) Rioja, una de las favoritas de los aficionados a la enolog\u00eda, compuesta por vinos frescos y arom\u00e1ticos, de composici\u00f3n equilibrada y excelente bouquet.<\/p>\n<p>Las uvas tradicionalmente autorizadas para elaborar vinos de Rioja son tanto tintas <strong>(Tempranillo, Garnacha tinta, Cari\u00f1ena<\/strong> y <strong>Graciano)<\/strong> como blancas <strong>(Viura, Malvas\u00eda<\/strong> y <strong>Garnacha<\/strong> blanca <strong>),<\/strong> pero en los \u00faltimos a\u00f1os tambi\u00e9n se han aceptado otras como Maturana, Monastel, Chardonnay, Sauvignon blanc y Verdejo. Con estas uvas se elaboran tintos, blancos y rosados, que se dividen en Crianza, Reserva y Gran Reserva, seg\u00fan su grado de madurez.<\/p>\n<p>El \u00e9xito de los vinos de la DOCa Rioja hace que la disponibilidad de las bodegas sea escasa, y es dif\u00edcil visitar dos bodegas en un d\u00eda, pero nosotros nos encargamos de todo para que usted s\u00f3lo tenga que disfrutar de la experiencia.<\/p>\n<p>Su ch\u00f3fer le recoger\u00e1 en el lugar que elija de Madrid en un veh\u00edculo de lujo, y comenzar\u00e1 su ruta hacia el norte. Una vez en La Rioja podr\u00e1 visitar dos bodegas, donde conocer\u00e1 la historia y t\u00e9cnica de cada una de ellas, y donde podr\u00e1 degustar sus vinos m\u00e1s representativos, acompa\u00f1ados de los tradicionales aperitivos que los bodegueros saben que mejor maridan con sus vinos.<\/p>\n<h2>Tour de un d\u00eda completo a las bodegas de La Rioja desde Madrid | Puntos de inter\u00e9s<\/h2>\n<p>Entre las bodegas que se pueden visitar se encuentran:<\/p>\n<ul>\n<li><strong>Campillo<\/strong><\/li>\n<li><strong>Valdelana<\/strong><\/li>\n<li><strong>Ram\u00f3n Bilbao<\/strong><\/li>\n<li><strong>El Fabulista<\/strong><\/li>\n<li><strong>Muga<\/strong><\/li>\n<li><strong>Marqu\u00e9s de Riscal<\/strong><\/li>\n<li><strong>Y muchas m\u00e1s, s\u00f3lo tiene que indicarnos si tiene preferencia por alguna bodega en particular.<\/strong><\/li>\n<\/ul>\n<p>Si lo desea, su ch\u00f3fer le mostrar\u00e1 los lugares m\u00e1s interesantes de la zona o le llevar\u00e1 a comer a un restaurante t\u00edpico cercano.<\/p>\n<p>Al final de sus visitas, su ch\u00f3fer le llevar\u00e1 de vuelta a su lugar de origen en Madrid para descansar.<\/p>\n<p>Como alternativa a nuestra excursi\u00f3n de d\u00eda completo a las bodegas de <strong>La Rioja<\/strong> desde Madrid, puede realizar nuestra excursi\u00f3n de d\u00eda completo a las bodegas de<strong> La Ribera del Duero desde Madrid<\/strong> de 12 horas, o nuestra excursi\u00f3n de d\u00eda completo a las bodegas de <strong>Toledo<\/strong> tambi\u00e9n desde Madrid, pero de 8 horas.<\/p>\n","protected":false},"excerpt":{"rendered":"<p>Esta excursi\u00f3n de 12 horas a las bodegas de<strong> La<\/strong> Rioja es perfecta para aquellos visitantes que quieran conocer y disfrutar de los mejores vinos del norte de <strong>Espa\u00f1a<\/strong> desde la capital. Comenzaremos temprano por la ma\u00f1ana para aprovechar al m\u00e1ximo nuestra visita de un d\u00eda completo a las bodegas de <strong>La<\/strong> Rioja desde <strong>Madrid,<\/strong> con un veh\u00edculo privado de lujo con ch\u00f3fer para un viaje c\u00f3modo y seguro.<\/p>\n","protected":false},"featured_media":176148,"comment_status":"open","ping_status":"closed","template":"","meta":{"_acf_changed":false},"product_brand":[],"product_cat":[284,4024,285,286],"product_tag":[],"class_list":{"0":"post-176132","1":"product","2":"type-product","3":"status-publish","4":"has-post-thumbnail","6":"product_cat-madrid-es","7":"product_cat-winery-tours-es-madrid-es","8":"product_cat-madrid-actividades-es","9":"product_cat-madrid-excursiones-es","11":"first","12":"instock","13":"shipping-taxable","14":"purchasable","15":"product-type-simple"},"acf":[],"yoast_head":"<!-- This site is optimized with the Yoast SEO Premium plugin v25.3.1 (Yoast SEO v25.3.1) - https:\/\/yoast.com\/wordpress\/plugins\/seo\/ -->\n<title>Tour de un d\u00eda a las bodegas de La Rioja desde Madrid<\/title>\n<meta name=\"description\" content=\"Tour de un d\u00eda a las bodegas de La Rioja desde Madrid y descubra todos lo secretos y lugares que tiene para ofrecer esta hermosa ciudad.\" \/>\n<meta name=\"robots\" content=\"index, follow, max-snippet:-1, max-image-preview:large, max-video-preview:-1\" \/>\n<link rel=\"canonical\" href=\"https:\/\/tourtravelandmore.com\/es\/tours\/espana-es\/madrid-es\/tour-privado-de-nueva-york-copy\/\" \/>\n<meta property=\"og:locale\" content=\"es_ES\" \/>\n<meta property=\"og:type\" content=\"article\" \/>\n<meta property=\"og:title\" content=\"Tour de un d\u00eda a las bodegas de La Rioja desde Madrid\" \/>\n<meta property=\"og:description\" content=\"Tour de un d\u00eda a las bodegas de La Rioja desde Madrid y descubra todos lo secretos y lugares que tiene para ofrecer esta hermosa ciudad.\" \/>\n<meta property=\"og:url\" content=\"https:\/\/tourtravelandmore.com\/es\/tours\/espana-es\/madrid-es\/tour-privado-de-nueva-york-copy\/\" \/>\n<meta property=\"og:site_name\" content=\"Tour Travel And More\" \/>\n<meta property=\"article:publisher\" content=\"https:\/\/www.facebook.com\/tourtravelandmore\/\" \/>\n<meta property=\"article:modified_time\" content=\"2024-08-14T16:10:05+00:00\" \/>\n<meta property=\"og:image\" content=\"https:\/\/tourtravelandmore.com\/wp-content\/uploads\/2024\/08\/pexels-pixabay-51947.jpg\" \/>\n\t<meta property=\"og:image:width\" content=\"1920\" \/>\n\t<meta property=\"og:image:height\" content=\"1280\" \/>\n\t<meta property=\"og:image:type\" content=\"image\/jpeg\" \/>\n<meta name=\"twitter:card\" content=\"summary_large_image\" \/>\n<meta name=\"twitter:site\" content=\"@TourTravel_More\" \/>\n<meta name=\"twitter:label1\" content=\"Tiempo de lectura\" \/>\n\t<meta name=\"twitter:data1\" content=\"3 minutos\" \/>\n<script type=\"application\/ld+json\" class=\"yoast-schema-graph\">{\"@context\":\"https:\/\/schema.org\",\"@graph\":[{\"@type\":\"WebPage\",\"@id\":\"https:\/\/tourtravelandmore.com\/es\/tours\/espana-es\/madrid-es\/tour-privado-de-nueva-york-copy\/\",\"url\":\"https:\/\/tourtravelandmore.com\/es\/tours\/espana-es\/madrid-es\/tour-privado-de-nueva-york-copy\/\",\"name\":\"Tour de un d\u00eda a las bodegas de La Rioja desde Madrid\",\"isPartOf\":{\"@id\":\"https:\/\/tourtravelandmore.com\/es\/#website\"},\"primaryImageOfPage\":{\"@id\":\"https:\/\/tourtravelandmore.com\/es\/tours\/espana-es\/madrid-es\/tour-privado-de-nueva-york-copy\/#primaryimage\"},\"image\":{\"@id\":\"https:\/\/tourtravelandmore.com\/es\/tours\/espana-es\/madrid-es\/tour-privado-de-nueva-york-copy\/#primaryimage\"},\"thumbnailUrl\":\"https:\/\/tourtravelandmore.com\/wp-content\/uploads\/2024\/08\/pexels-pixabay-51947.jpg\",\"datePublished\":\"2024-08-14T15:43:15+00:00\",\"dateModified\":\"2024-08-14T16:10:05+00:00\",\"description\":\"Tour de un d\u00eda a las bodegas de La Rioja desde Madrid y descubra todos lo secretos y lugares que tiene para ofrecer esta hermosa ciudad.\",\"breadcrumb\":{\"@id\":\"https:\/\/tourtravelandmore.com\/es\/tours\/espana-es\/madrid-es\/tour-privado-de-nueva-york-copy\/#breadcrumb\"},\"inLanguage\":\"es\",\"potentialAction\":[{\"@type\":\"ReadAction\",\"target\":[\"https:\/\/tourtravelandmore.com\/es\/tours\/espana-es\/madrid-es\/tour-privado-de-nueva-york-copy\/\"]}]},{\"@type\":\"ImageObject\",\"inLanguage\":\"es\",\"@id\":\"https:\/\/tourtravelandmore.com\/es\/tours\/espana-es\/madrid-es\/tour-privado-de-nueva-york-copy\/#primaryimage\",\"url\":\"https:\/\/tourtravelandmore.com\/wp-content\/uploads\/2024\/08\/pexels-pixabay-51947.jpg\",\"contentUrl\":\"https:\/\/tourtravelandmore.com\/wp-content\/uploads\/2024\/08\/pexels-pixabay-51947.jpg\",\"width\":1920,\"height\":1280},{\"@type\":\"BreadcrumbList\",\"@id\":\"https:\/\/tourtravelandmore.com\/es\/tours\/espana-es\/madrid-es\/tour-privado-de-nueva-york-copy\/#breadcrumb\",\"itemListElement\":[{\"@type\":\"ListItem\",\"position\":1,\"name\":\"Home\",\"item\":\"https:\/\/tourtravelandmore.com\/es\/\"},{\"@type\":\"ListItem\",\"position\":2,\"name\":\"Tours\",\"item\":\"https:\/\/tourtravelandmore.com\/es\/tours\/\"},{\"@type\":\"ListItem\",\"position\":3,\"name\":\"Tour de un d\u00eda a las bodegas de La Rioja desde Madrid\"}]},{\"@type\":\"WebSite\",\"@id\":\"https:\/\/tourtravelandmore.com\/es\/#website\",\"url\":\"https:\/\/tourtravelandmore.com\/es\/\",\"name\":\"Tour Travel And More\",\"description\":\"Private sightseeing tours and luxury transfers in Spain\",\"publisher\":{\"@id\":\"https:\/\/tourtravelandmore.com\/es\/#organization\"},\"potentialAction\":[{\"@type\":\"SearchAction\",\"target\":{\"@type\":\"EntryPoint\",\"urlTemplate\":\"https:\/\/tourtravelandmore.com\/es\/?s={search_term_string}\"},\"query-input\":{\"@type\":\"PropertyValueSpecification\",\"valueRequired\":true,\"valueName\":\"search_term_string\"}}],\"inLanguage\":\"es\"},{\"@type\":\"Organization\",\"@id\":\"https:\/\/tourtravelandmore.com\/es\/#organization\",\"name\":\"Tour Travel And More\",\"url\":\"https:\/\/tourtravelandmore.com\/es\/\",\"logo\":{\"@type\":\"ImageObject\",\"inLanguage\":\"es\",\"@id\":\"https:\/\/tourtravelandmore.com\/es\/#\/schema\/logo\/image\/\",\"url\":\"https:\/\/tourtravelandmore.com\/wp-content\/uploads\/2022\/12\/cropped-logo-cabecera-new.png\",\"contentUrl\":\"https:\/\/tourtravelandmore.com\/wp-content\/uploads\/2022\/12\/cropped-logo-cabecera-new.png\",\"width\":430,\"height\":61,\"caption\":\"Tour Travel And More\"},\"image\":{\"@id\":\"https:\/\/tourtravelandmore.com\/es\/#\/schema\/logo\/image\/\"},\"sameAs\":[\"https:\/\/www.facebook.com\/tourtravelandmore\/\",\"https:\/\/x.com\/TourTravel_More\"]}]}<\/script>\n<!-- \/ Yoast SEO Premium plugin. -->","yoast_head_json":{"title":"Tour de un d\u00eda a las bodegas de La Rioja desde Madrid","description":"Tour de un d\u00eda a las bodegas de La Rioja desde Madrid y descubra todos lo secretos y lugares que tiene para ofrecer esta hermosa ciudad.","robots":{"index":"index","follow":"follow","max-snippet":"max-snippet:-1","max-image-preview":"max-image-preview:large","max-video-preview":"max-video-preview:-1"},"canonical":"https:\/\/tourtravelandmore.com\/es\/tours\/espana-es\/madrid-es\/tour-privado-de-nueva-york-copy\/","og_locale":"es_ES","og_type":"article","og_title":"Tour de un d\u00eda a las bodegas de La Rioja desde Madrid","og_description":"Tour de un d\u00eda a las bodegas de La Rioja desde Madrid y descubra todos lo secretos y lugares que tiene para ofrecer esta hermosa ciudad.","og_url":"https:\/\/tourtravelandmore.com\/es\/tours\/espana-es\/madrid-es\/tour-privado-de-nueva-york-copy\/","og_site_name":"Tour Travel And More","article_publisher":"https:\/\/www.facebook.com\/tourtravelandmore\/","article_modified_time":"2024-08-14T16:10:05+00:00","og_image":[{"width":1920,"height":1280,"url":"https:\/\/tourtravelandmore.com\/wp-content\/uploads\/2024\/08\/pexels-pixabay-51947.jpg","type":"image\/jpeg"}],"twitter_card":"summary_large_image","twitter_site":"@TourTravel_More","twitter_misc":{"Tiempo de lectura":"3 minutos"},"schema":{"@context":"https:\/\/schema.org","@graph":[{"@type":"WebPage","@id":"https:\/\/tourtravelandmore.com\/es\/tours\/espana-es\/madrid-es\/tour-privado-de-nueva-york-copy\/","url":"https:\/\/tourtravelandmore.com\/es\/tours\/espana-es\/madrid-es\/tour-privado-de-nueva-york-copy\/","name":"Tour de un d\u00eda a las bodegas de La Rioja desde Madrid","isPartOf":{"@id":"https:\/\/tourtravelandmore.com\/es\/#website"},"primaryImageOfPage":{"@id":"https:\/\/tourtravelandmore.com\/es\/tours\/espana-es\/madrid-es\/tour-privado-de-nueva-york-copy\/#primaryimage"},"image":{"@id":"https:\/\/tourtravelandmore.com\/es\/tours\/espana-es\/madrid-es\/tour-privado-de-nueva-york-copy\/#primaryimage"},"thumbnailUrl":"https:\/\/tourtravelandmore.com\/wp-content\/uploads\/2024\/08\/pexels-pixabay-51947.jpg","datePublished":"2024-08-14T15:43:15+00:00","dateModified":"2024-08-14T16:10:05+00:00","description":"Tour de un d\u00eda a las bodegas de La Rioja desde Madrid y descubra todos lo secretos y lugares que tiene para ofrecer esta hermosa ciudad.","breadcrumb":{"@id":"https:\/\/tourtravelandmore.com\/es\/tours\/espana-es\/madrid-es\/tour-privado-de-nueva-york-copy\/#breadcrumb"},"inLanguage":"es","potentialAction":[{"@type":"ReadAction","target":["https:\/\/tourtravelandmore.com\/es\/tours\/espana-es\/madrid-es\/tour-privado-de-nueva-york-copy\/"]}]},{"@type":"ImageObject","inLanguage":"es","@id":"https:\/\/tourtravelandmore.com\/es\/tours\/espana-es\/madrid-es\/tour-privado-de-nueva-york-copy\/#primaryimage","url":"https:\/\/tourtravelandmore.com\/wp-content\/uploads\/2024\/08\/pexels-pixabay-51947.jpg","contentUrl":"https:\/\/tourtravelandmore.com\/wp-content\/uploads\/2024\/08\/pexels-pixabay-51947.jpg","width":1920,"height":1280},{"@type":"BreadcrumbList","@id":"https:\/\/tourtravelandmore.com\/es\/tours\/espana-es\/madrid-es\/tour-privado-de-nueva-york-copy\/#breadcrumb","itemListElement":[{"@type":"ListItem","position":1,"name":"Home","item":"https:\/\/tourtravelandmore.com\/es\/"},{"@type":"ListItem","position":2,"name":"Tours","item":"https:\/\/tourtravelandmore.com\/es\/tours\/"},{"@type":"ListItem","position":3,"name":"Tour de un d\u00eda a las bodegas de La Rioja desde Madrid"}]},{"@type":"WebSite","@id":"https:\/\/tourtravelandmore.com\/es\/#website","url":"https:\/\/tourtravelandmore.com\/es\/","name":"Tour Travel And More","description":"Private sightseeing tours and luxury transfers in Spain","publisher":{"@id":"https:\/\/tourtravelandmore.com\/es\/#organization"},"potentialAction":[{"@type":"SearchAction","target":{"@type":"EntryPoint","urlTemplate":"https:\/\/tourtravelandmore.com\/es\/?s={search_term_string}"},"query-input":{"@type":"PropertyValueSpecification","valueRequired":true,"valueName":"search_term_string"}}],"inLanguage":"es"},{"@type":"Organization","@id":"https:\/\/tourtravelandmore.com\/es\/#organization","name":"Tour Travel And More","url":"https:\/\/tourtravelandmore.com\/es\/","logo":{"@type":"ImageObject","inLanguage":"es","@id":"https:\/\/tourtravelandmore.com\/es\/#\/schema\/logo\/image\/","url":"https:\/\/tourtravelandmore.com\/wp-content\/uploads\/2022\/12\/cropped-logo-cabecera-new.png","contentUrl":"https:\/\/tourtravelandmore.com\/wp-content\/uploads\/2022\/12\/cropped-logo-cabecera-new.png","width":430,"height":61,"caption":"Tour Travel And More"},"image":{"@id":"https:\/\/tourtravelandmore.com\/es\/#\/schema\/logo\/image\/"},"sameAs":["https:\/\/www.facebook.com\/tourtravelandmore\/","https:\/\/x.com\/TourTravel_More"]}]}},"_links":{"self":[{"href":"https:\/\/tourtravelandmore.com\/es\/wp-json\/wp\/v2\/product\/176132","targetHints":{"allow":["GET"]}}],"collection":[{"href":"https:\/\/tourtravelandmore.com\/es\/wp-json\/wp\/v2\/product"}],"about":[{"href":"https:\/\/tourtravelandmore.com\/es\/wp-json\/wp\/v2\/types\/product"}],"replies":[{"embeddable":true,"href":"https:\/\/tourtravelandmore.com\/es\/wp-json\/wp\/v2\/comments?post=176132"}],"wp:featuredmedia":[{"embeddable":true,"href":"https:\/\/tourtravelandmore.com\/es\/wp-json\/wp\/v2\/media\/176148"}],"wp:attachment":[{"href":"https:\/\/tourtravelandmore.com\/es\/wp-json\/wp\/v2\/media?parent=176132"}],"wp:term":[{"taxonomy":"product_brand","embeddable":true,"href":"https:\/\/tourtravelandmore.com\/es\/wp-json\/wp\/v2\/product_brand?post=176132"},{"taxonomy":"product_cat","embeddable":true,"href":"https:\/\/tourtravelandmore.com\/es\/wp-json\/wp\/v2\/product_cat?post=176132"},{"taxonomy":"product_tag","embeddable":true,"href":"https:\/\/tourtravelandmore.com\/es\/wp-json\/wp\/v2\/product_tag?post=176132"}],"curies":[{"name":"wp","href":"https:\/\/api.w.org\/{rel}","templated":true}]}}