{"id":176006,"date":"2024-08-05T16:51:26","date_gmt":"2024-08-05T14:51:26","guid":{"rendered":"https:\/\/tourtravelandmore.com\/?post_type=product&#038;p=176006"},"modified":"2025-05-26T10:33:08","modified_gmt":"2025-05-26T08:33:08","slug":"tour-privado-a-pie-del-alcazar-y-la-catedral-de-sevilla-copy","status":"publish","type":"product","link":"https:\/\/tourtravelandmore.com\/es\/tours\/espana-es\/sevilla-es\/tour-privado-a-pie-del-alcazar-y-la-catedral-de-sevilla-copy\/","title":{"rendered":"Tour Privado a pie por Sevilla"},"content":{"rendered":"<h2><b><strong>Descripci\u00f3n del Tour Privado a Pie por Sevilla<\/strong><\/b><\/h2>\n<p class=\"p1\">Descubra el vibrante e hist\u00f3rico coraz\u00f3n de Sevilla en un <a href=\"https:\/\/tourtravelandmore.com\/es\/ciudad\/espana-es\/sevilla-es\/\">tour privado en Sevilla<\/a> dise\u00f1ado para sumergirle en la rica cultura y la impresionante arquitectura de la ciudad. A lo largo de tres horas, nuestro <span class=\"s1\"><b>gu\u00eda<\/b><\/span> experto le conducir\u00e1 por los monumentos m\u00e1s emblem\u00e1ticos y las joyas ocultas de Sevilla, ofreci\u00e9ndole una visi\u00f3n fascinante de la historia, las tradiciones y la vida local de la ciudad.<\/p>\n<p class=\"p1\">Pasee por las pintorescas calles del <span class=\"s1\"><b>barrio de Santa Cruz<\/b><\/span>, anta\u00f1o la juder\u00eda, con sus estrechas callejuelas, encantadoras plazas y patios llenos de flores. Admire el impresionante exterior de la <span class=\"s1\"><b>Catedral de Sevilla<\/b><\/span>, la mayor catedral g\u00f3tica del mundo, y la majestuosa <span class=\"s1\"><b>Torre de la Giralda<\/b><\/span>, s\u00edmbolo del pasado isl\u00e1mico de la ciudad.<\/p>\n<p class=\"p1\">Al continuar su paseo, pasar\u00e1 por el <span class=\"s1\"><b>Alc\u00e1zar de Sevilla<\/b><\/span>, un palacio real de impresionante arquitectura morisca, y el <span class=\"s1\"><b>Archivo de Indias<\/b><\/span>, declarado Patrimonio de la Humanidad por la UNESCO y que alberga documentos de incalculable valor del Imperio espa\u00f1ol.<\/p>\n<h2><b><strong>Tour privado a pie por Sevilla| Puntos de inter\u00e9s y lugares emblem\u00e1ticos<\/strong><\/b><\/h2>\n<p>En primer lugar, se reunir\u00e1 con su gu\u00eda oficial de turismo. Su gu\u00eda oficial privado estar\u00e1 a su disposici\u00f3n durante las <b><strong>3 horas<\/strong><\/b> para que disfrute al m\u00e1ximo de los monumentos y saque el m\u00e1ximo partido a su experiencia en <b><strong>Sevilla<\/strong><\/b>. Pasear\u00e1 por el barrio jud\u00edo y visitar\u00e1 la plaza m\u00e1s famosa de la ciudad, la Plaza Espa\u00f1a.<\/p>\n<p>Su recorrido le llevar\u00e1 tambi\u00e9n a orillas del r\u00edo Guadalquivir, donde podr\u00e1 disfrutar de las vistas de la Torre del Oro, una atalaya medieval, y del emblem\u00e1tico Puente de Triana, que conecta el hist\u00f3rico barrio de Triana con el resto de la ciudad. Tanto si visita la ciudad por primera vez como si es un viajero experimentado, este recorrido a pie le ofrece una mezcla perfecta de historia, cultura y sabor local, que le dejar\u00e1 con una apreciaci\u00f3n m\u00e1s profunda del encanto \u00fanico de Sevilla.<\/p>\n<p>En conclusi\u00f3n, aproveche esta oportunidad para disfrutar de los mejores lugares de Sevilla y de sus monumentos \u00fanicos.<\/p>\n<p><a href=\"https:\/\/tourtravelandmore.com\/es\/ciudad\/espana-es\/sevilla-es\/\">Eche un vistazo a nuestros otros recorridos privados por la ciudad de Sevilla.<\/a><\/p>\n","protected":false},"excerpt":{"rendered":"<p>Descubra el vibrante e hist\u00f3rico coraz\u00f3n de Sevilla en un recorrido privado <b><strong>a<\/strong><\/b> pie dise\u00f1ado para sumergirle en la rica cultura y la impresionante arquitectura de la ciudad. A lo largo de tres horas, nuestro <b><strong>gu\u00eda<\/strong><\/b> experto le conducir\u00e1 por los monumentos m\u00e1s emblem\u00e1ticos y las joyas ocultas <b><strong>de<\/strong><\/b> Sevilla, ofreci\u00e9ndole una visi\u00f3n fascinante de la historia, las tradiciones y la vida local de la ciudad.<\/p>\n","protected":false},"featured_media":176022,"comment_status":"open","ping_status":"closed","template":"","meta":{"_acf_changed":false},"product_brand":[],"product_cat":[105,108],"product_tag":[],"class_list":{"0":"post-176006","1":"product","2":"type-product","3":"status-publish","4":"has-post-thumbnail","6":"product_cat-sevilla-es","7":"product_cat-sevilla-tours-privados-pie-es","9":"first","10":"instock","11":"shipping-taxable","12":"purchasable","13":"product-type-simple"},"acf":[],"yoast_head":"<!-- This site is optimized with the Yoast SEO Premium plugin v25.3.1 (Yoast SEO v25.3.1) - https:\/\/yoast.com\/wordpress\/plugins\/seo\/ -->\n<title>\u27a1\ufe0f Tour privado a Pie por Alcazar y Catedral | Tour Travel &amp; More<\/title>\n<meta name=\"description\" content=\"Tour privado a pie por Sevilla. Tour privado con gu\u00eda oficial privado durante 3 horas. Entradas a la Catedral y el Alc\u00e1zar de Sevilla incluidas \u2705.\" \/>\n<meta name=\"robots\" content=\"index, follow, max-snippet:-1, max-image-preview:large, max-video-preview:-1\" \/>\n<link rel=\"canonical\" href=\"https:\/\/tourtravelandmore.com\/es\/tours\/espana-es\/sevilla-es\/tour-privado-a-pie-del-alcazar-y-la-catedral-de-sevilla-copy\/\" \/>\n<meta property=\"og:locale\" content=\"es_ES\" \/>\n<meta property=\"og:type\" content=\"article\" \/>\n<meta property=\"og:title\" content=\"Tour Privado a pie por Sevilla\" \/>\n<meta property=\"og:description\" content=\"Tour privado a pie por Sevilla. Tour privado con gu\u00eda oficial privado durante 3 horas. Entradas a la Catedral y el Alc\u00e1zar de Sevilla incluidas \u2705.\" \/>\n<meta property=\"og:url\" content=\"https:\/\/tourtravelandmore.com\/es\/tours\/espana-es\/sevilla-es\/tour-privado-a-pie-del-alcazar-y-la-catedral-de-sevilla-copy\/\" \/>\n<meta property=\"og:site_name\" content=\"Tour Travel And More\" \/>\n<meta property=\"article:publisher\" content=\"https:\/\/www.facebook.com\/tourtravelandmore\/\" \/>\n<meta property=\"article:modified_time\" content=\"2025-05-26T08:33:08+00:00\" \/>\n<meta property=\"og:image\" content=\"https:\/\/tourtravelandmore.com\/wp-content\/uploads\/2024\/08\/dom-1630295_1280.jpg\" \/>\n\t<meta property=\"og:image:width\" content=\"1280\" \/>\n\t<meta property=\"og:image:height\" content=\"853\" \/>\n\t<meta property=\"og:image:type\" content=\"image\/jpeg\" \/>\n<meta name=\"twitter:card\" content=\"summary_large_image\" \/>\n<meta name=\"twitter:site\" content=\"@TourTravel_More\" \/>\n<meta name=\"twitter:label1\" content=\"Tiempo de lectura\" \/>\n\t<meta name=\"twitter:data1\" content=\"2 minutos\" \/>\n<script type=\"application\/ld+json\" class=\"yoast-schema-graph\">{\"@context\":\"https:\/\/schema.org\",\"@graph\":[{\"@type\":\"WebPage\",\"@id\":\"https:\/\/tourtravelandmore.com\/es\/tours\/espana-es\/sevilla-es\/tour-privado-a-pie-del-alcazar-y-la-catedral-de-sevilla-copy\/\",\"url\":\"https:\/\/tourtravelandmore.com\/es\/tours\/espana-es\/sevilla-es\/tour-privado-a-pie-del-alcazar-y-la-catedral-de-sevilla-copy\/\",\"name\":\"\u27a1\ufe0f Tour privado a Pie por Alcazar y Catedral | Tour Travel & More\",\"isPartOf\":{\"@id\":\"https:\/\/tourtravelandmore.com\/es\/#website\"},\"primaryImageOfPage\":{\"@id\":\"https:\/\/tourtravelandmore.com\/es\/tours\/espana-es\/sevilla-es\/tour-privado-a-pie-del-alcazar-y-la-catedral-de-sevilla-copy\/#primaryimage\"},\"image\":{\"@id\":\"https:\/\/tourtravelandmore.com\/es\/tours\/espana-es\/sevilla-es\/tour-privado-a-pie-del-alcazar-y-la-catedral-de-sevilla-copy\/#primaryimage\"},\"thumbnailUrl\":\"https:\/\/tourtravelandmore.com\/wp-content\/uploads\/2024\/08\/dom-1630295_1280.jpg\",\"datePublished\":\"2024-08-05T14:51:26+00:00\",\"dateModified\":\"2025-05-26T08:33:08+00:00\",\"description\":\"Tour privado a pie por Sevilla. Tour privado con gu\u00eda oficial privado durante 3 horas. Entradas a la Catedral y el Alc\u00e1zar de Sevilla incluidas \u2705.\",\"breadcrumb\":{\"@id\":\"https:\/\/tourtravelandmore.com\/es\/tours\/espana-es\/sevilla-es\/tour-privado-a-pie-del-alcazar-y-la-catedral-de-sevilla-copy\/#breadcrumb\"},\"inLanguage\":\"es\",\"potentialAction\":[{\"@type\":\"ReadAction\",\"target\":[\"https:\/\/tourtravelandmore.com\/es\/tours\/espana-es\/sevilla-es\/tour-privado-a-pie-del-alcazar-y-la-catedral-de-sevilla-copy\/\"]}]},{\"@type\":\"ImageObject\",\"inLanguage\":\"es\",\"@id\":\"https:\/\/tourtravelandmore.com\/es\/tours\/espana-es\/sevilla-es\/tour-privado-a-pie-del-alcazar-y-la-catedral-de-sevilla-copy\/#primaryimage\",\"url\":\"https:\/\/tourtravelandmore.com\/wp-content\/uploads\/2024\/08\/dom-1630295_1280.jpg\",\"contentUrl\":\"https:\/\/tourtravelandmore.com\/wp-content\/uploads\/2024\/08\/dom-1630295_1280.jpg\",\"width\":1280,\"height\":853},{\"@type\":\"BreadcrumbList\",\"@id\":\"https:\/\/tourtravelandmore.com\/es\/tours\/espana-es\/sevilla-es\/tour-privado-a-pie-del-alcazar-y-la-catedral-de-sevilla-copy\/#breadcrumb\",\"itemListElement\":[{\"@type\":\"ListItem\",\"position\":1,\"name\":\"Home\",\"item\":\"https:\/\/tourtravelandmore.com\/es\/\"},{\"@type\":\"ListItem\",\"position\":2,\"name\":\"Tours\",\"item\":\"https:\/\/tourtravelandmore.com\/es\/tours\/\"},{\"@type\":\"ListItem\",\"position\":3,\"name\":\"Tour Privado a pie por Sevilla\"}]},{\"@type\":\"WebSite\",\"@id\":\"https:\/\/tourtravelandmore.com\/es\/#website\",\"url\":\"https:\/\/tourtravelandmore.com\/es\/\",\"name\":\"Tour Travel And More\",\"description\":\"Private sightseeing tours and luxury transfers in Spain\",\"publisher\":{\"@id\":\"https:\/\/tourtravelandmore.com\/es\/#organization\"},\"potentialAction\":[{\"@type\":\"SearchAction\",\"target\":{\"@type\":\"EntryPoint\",\"urlTemplate\":\"https:\/\/tourtravelandmore.com\/es\/?s={search_term_string}\"},\"query-input\":{\"@type\":\"PropertyValueSpecification\",\"valueRequired\":true,\"valueName\":\"search_term_string\"}}],\"inLanguage\":\"es\"},{\"@type\":\"Organization\",\"@id\":\"https:\/\/tourtravelandmore.com\/es\/#organization\",\"name\":\"Tour Travel And More\",\"url\":\"https:\/\/tourtravelandmore.com\/es\/\",\"logo\":{\"@type\":\"ImageObject\",\"inLanguage\":\"es\",\"@id\":\"https:\/\/tourtravelandmore.com\/es\/#\/schema\/logo\/image\/\",\"url\":\"https:\/\/tourtravelandmore.com\/wp-content\/uploads\/2022\/12\/cropped-logo-cabecera-new.png\",\"contentUrl\":\"https:\/\/tourtravelandmore.com\/wp-content\/uploads\/2022\/12\/cropped-logo-cabecera-new.png\",\"width\":430,\"height\":61,\"caption\":\"Tour Travel And More\"},\"image\":{\"@id\":\"https:\/\/tourtravelandmore.com\/es\/#\/schema\/logo\/image\/\"},\"sameAs\":[\"https:\/\/www.facebook.com\/tourtravelandmore\/\",\"https:\/\/x.com\/TourTravel_More\"]}]}<\/script>\n<!-- \/ Yoast SEO Premium plugin. -->","yoast_head_json":{"title":"\u27a1\ufe0f Tour privado a Pie por Alcazar y Catedral | Tour Travel & More","description":"Tour privado a pie por Sevilla. Tour privado con gu\u00eda oficial privado durante 3 horas. Entradas a la Catedral y el Alc\u00e1zar de Sevilla incluidas \u2705.","robots":{"index":"index","follow":"follow","max-snippet":"max-snippet:-1","max-image-preview":"max-image-preview:large","max-video-preview":"max-video-preview:-1"},"canonical":"https:\/\/tourtravelandmore.com\/es\/tours\/espana-es\/sevilla-es\/tour-privado-a-pie-del-alcazar-y-la-catedral-de-sevilla-copy\/","og_locale":"es_ES","og_type":"article","og_title":"Tour Privado a pie por Sevilla","og_description":"Tour privado a pie por Sevilla. Tour privado con gu\u00eda oficial privado durante 3 horas. Entradas a la Catedral y el Alc\u00e1zar de Sevilla incluidas \u2705.","og_url":"https:\/\/tourtravelandmore.com\/es\/tours\/espana-es\/sevilla-es\/tour-privado-a-pie-del-alcazar-y-la-catedral-de-sevilla-copy\/","og_site_name":"Tour Travel And More","article_publisher":"https:\/\/www.facebook.com\/tourtravelandmore\/","article_modified_time":"2025-05-26T08:33:08+00:00","og_image":[{"width":1280,"height":853,"url":"https:\/\/tourtravelandmore.com\/wp-content\/uploads\/2024\/08\/dom-1630295_1280.jpg","type":"image\/jpeg"}],"twitter_card":"summary_large_image","twitter_site":"@TourTravel_More","twitter_misc":{"Tiempo de lectura":"2 minutos"},"schema":{"@context":"https:\/\/schema.org","@graph":[{"@type":"WebPage","@id":"https:\/\/tourtravelandmore.com\/es\/tours\/espana-es\/sevilla-es\/tour-privado-a-pie-del-alcazar-y-la-catedral-de-sevilla-copy\/","url":"https:\/\/tourtravelandmore.com\/es\/tours\/espana-es\/sevilla-es\/tour-privado-a-pie-del-alcazar-y-la-catedral-de-sevilla-copy\/","name":"\u27a1\ufe0f Tour privado a Pie por Alcazar y Catedral | Tour Travel & More","isPartOf":{"@id":"https:\/\/tourtravelandmore.com\/es\/#website"},"primaryImageOfPage":{"@id":"https:\/\/tourtravelandmore.com\/es\/tours\/espana-es\/sevilla-es\/tour-privado-a-pie-del-alcazar-y-la-catedral-de-sevilla-copy\/#primaryimage"},"image":{"@id":"https:\/\/tourtravelandmore.com\/es\/tours\/espana-es\/sevilla-es\/tour-privado-a-pie-del-alcazar-y-la-catedral-de-sevilla-copy\/#primaryimage"},"thumbnailUrl":"https:\/\/tourtravelandmore.com\/wp-content\/uploads\/2024\/08\/dom-1630295_1280.jpg","datePublished":"2024-08-05T14:51:26+00:00","dateModified":"2025-05-26T08:33:08+00:00","description":"Tour privado a pie por Sevilla. Tour privado con gu\u00eda oficial privado durante 3 horas. Entradas a la Catedral y el Alc\u00e1zar de Sevilla incluidas \u2705.","breadcrumb":{"@id":"https:\/\/tourtravelandmore.com\/es\/tours\/espana-es\/sevilla-es\/tour-privado-a-pie-del-alcazar-y-la-catedral-de-sevilla-copy\/#breadcrumb"},"inLanguage":"es","potentialAction":[{"@type":"ReadAction","target":["https:\/\/tourtravelandmore.com\/es\/tours\/espana-es\/sevilla-es\/tour-privado-a-pie-del-alcazar-y-la-catedral-de-sevilla-copy\/"]}]},{"@type":"ImageObject","inLanguage":"es","@id":"https:\/\/tourtravelandmore.com\/es\/tours\/espana-es\/sevilla-es\/tour-privado-a-pie-del-alcazar-y-la-catedral-de-sevilla-copy\/#primaryimage","url":"https:\/\/tourtravelandmore.com\/wp-content\/uploads\/2024\/08\/dom-1630295_1280.jpg","contentUrl":"https:\/\/tourtravelandmore.com\/wp-content\/uploads\/2024\/08\/dom-1630295_1280.jpg","width":1280,"height":853},{"@type":"BreadcrumbList","@id":"https:\/\/tourtravelandmore.com\/es\/tours\/espana-es\/sevilla-es\/tour-privado-a-pie-del-alcazar-y-la-catedral-de-sevilla-copy\/#breadcrumb","itemListElement":[{"@type":"ListItem","position":1,"name":"Home","item":"https:\/\/tourtravelandmore.com\/es\/"},{"@type":"ListItem","position":2,"name":"Tours","item":"https:\/\/tourtravelandmore.com\/es\/tours\/"},{"@type":"ListItem","position":3,"name":"Tour Privado a pie por Sevilla"}]},{"@type":"WebSite","@id":"https:\/\/tourtravelandmore.com\/es\/#website","url":"https:\/\/tourtravelandmore.com\/es\/","name":"Tour Travel And More","description":"Private sightseeing tours and luxury transfers in Spain","publisher":{"@id":"https:\/\/tourtravelandmore.com\/es\/#organization"},"potentialAction":[{"@type":"SearchAction","target":{"@type":"EntryPoint","urlTemplate":"https:\/\/tourtravelandmore.com\/es\/?s={search_term_string}"},"query-input":{"@type":"PropertyValueSpecification","valueRequired":true,"valueName":"search_term_string"}}],"inLanguage":"es"},{"@type":"Organization","@id":"https:\/\/tourtravelandmore.com\/es\/#organization","name":"Tour Travel And More","url":"https:\/\/tourtravelandmore.com\/es\/","logo":{"@type":"ImageObject","inLanguage":"es","@id":"https:\/\/tourtravelandmore.com\/es\/#\/schema\/logo\/image\/","url":"https:\/\/tourtravelandmore.com\/wp-content\/uploads\/2022\/12\/cropped-logo-cabecera-new.png","contentUrl":"https:\/\/tourtravelandmore.com\/wp-content\/uploads\/2022\/12\/cropped-logo-cabecera-new.png","width":430,"height":61,"caption":"Tour Travel And More"},"image":{"@id":"https:\/\/tourtravelandmore.com\/es\/#\/schema\/logo\/image\/"},"sameAs":["https:\/\/www.facebook.com\/tourtravelandmore\/","https:\/\/x.com\/TourTravel_More"]}]}},"_links":{"self":[{"href":"https:\/\/tourtravelandmore.com\/es\/wp-json\/wp\/v2\/product\/176006","targetHints":{"allow":["GET"]}}],"collection":[{"href":"https:\/\/tourtravelandmore.com\/es\/wp-json\/wp\/v2\/product"}],"about":[{"href":"https:\/\/tourtravelandmore.com\/es\/wp-json\/wp\/v2\/types\/product"}],"replies":[{"embeddable":true,"href":"https:\/\/tourtravelandmore.com\/es\/wp-json\/wp\/v2\/comments?post=176006"}],"wp:featuredmedia":[{"embeddable":true,"href":"https:\/\/tourtravelandmore.com\/es\/wp-json\/wp\/v2\/media\/176022"}],"wp:attachment":[{"href":"https:\/\/tourtravelandmore.com\/es\/wp-json\/wp\/v2\/media?parent=176006"}],"wp:term":[{"taxonomy":"product_brand","embeddable":true,"href":"https:\/\/tourtravelandmore.com\/es\/wp-json\/wp\/v2\/product_brand?post=176006"},{"taxonomy":"product_cat","embeddable":true,"href":"https:\/\/tourtravelandmore.com\/es\/wp-json\/wp\/v2\/product_cat?post=176006"},{"taxonomy":"product_tag","embeddable":true,"href":"https:\/\/tourtravelandmore.com\/es\/wp-json\/wp\/v2\/product_tag?post=176006"}],"curies":[{"name":"wp","href":"https:\/\/api.w.org\/{rel}","templated":true}]}}