{"id":175923,"date":"2024-07-30T21:42:07","date_gmt":"2024-07-30T19:42:07","guid":{"rendered":"https:\/\/tourtravelandmore.com\/?post_type=product&#038;p=175923"},"modified":"2024-07-30T22:08:33","modified_gmt":"2024-07-30T20:08:33","slug":"tour-privado-por-los-museos-prado-reina-sofia-y-thyssen-copy","status":"publish","type":"product","link":"https:\/\/tourtravelandmore.com\/es\/tours\/espana-es\/madrid-es\/tour-privado-por-los-museos-prado-reina-sofia-y-thyssen-copy\/","title":{"rendered":"Tour privado del Monasterio de El Escorial desde Madrid"},"content":{"rendered":"<h2><b><strong>Descripci\u00f3n<\/strong><\/b><\/h2>\n<p>Emb\u00e1rquese en un enriquecedor viaje al <b><strong>Monasterio<\/strong><\/b> de El Escorial<b><strong>,<\/strong><\/b> <b><strong>declarado Patrimonio de la Humanidad por la UNESCO<\/strong><\/b> y uno de los monumentos m\u00e1s destacados <b><strong>de Espa\u00f1a<\/strong><\/b>. Este tour privado le ofrece una experiencia exclusiva, combinando comodidad y comentarios perspicaces, mientras explora la grandeza de El Escorial. Su aventura comienza con una c\u00f3moda recogida en su alojamiento de Madrid en un lujoso coche. Durante el pintoresco trayecto hasta El Escorial, su gu\u00eda experto le proporcionar\u00e1 fascinantes conocimientos sobre la historia y el significado de este complejo monumental.<\/p>\n<p>Esta <b><strong>visita privada<\/strong><\/b> es perfecta para aquellos que buscan profundizar en este encanto e historia \u00fanicos, todo ello mientras disfrutan de la atenci\u00f3n personalizada de un gu\u00eda experto.<\/p>\n<p>Acomp\u00e1\u00f1enos en este cautivador recorrido y conozca mejor la rica diversidad y la vibrante cultura que hacen de Madrid una de las ciudades m\u00e1s din\u00e1micas del mundo.<\/p>\n<p>Otra posible opci\u00f3n de recorrido privado por Madrid, es nuestro <a href=\"\u00abhttps:\/\/tourtravelandmore.com\/?product_cat=madrid-en\u00bb\/\">Recorrido privado por Madrid<\/a> con s\u00f3lo un gu\u00eda tur\u00edstico, \u00a1\u00e9chele un vistazo!<\/p>\n<h2><b><strong>Puntos de inter\u00e9s y lugares emblem\u00e1ticos<\/strong><\/b><\/h2>\n<p>A su llegada, ad\u00e9ntrese en la magnificencia arquitect\u00f3nica del <a href=\"\u00abhttps:\/\/es.wikipedia.org\/wiki\/Real_Monasterio_de_San_Lorenzo_de_El_Escorial\u00bb\"><b><strong>Monasterio<\/strong><\/b> de <\/a><b><strong>El Escorial<\/strong><\/b>, testimonio del <b><strong>Siglo de Oro espa\u00f1ol.<\/strong><\/b> Su gu\u00eda le conducir\u00e1 a trav\u00e9s de los vastos corredores, la impresionante bas\u00edlica, el pante\u00f3n real y la espl\u00e9ndida biblioteca, cada rinc\u00f3n impregnado de historia y arte.<\/p>\n<p>Descubra las historias de reyes y reinas que una vez recorrieron estos pasillos y marav\u00edllese ante los intrincados detalles que hacen de <b><strong>El Escorial<\/strong><\/b> una obra maestra de la arquitectura renacentista.<\/p>\n<p>Tras explorar el monasterio, disfrute de un tranquilo paseo por los hermosos jardines, donde la serena atm\u00f3sfera ofrece un final perfecto a su visita. A continuaci\u00f3n, su gu\u00eda le acompa\u00f1ar\u00e1 de vuelta a su veh\u00edculo para un c\u00f3modo viaje de regreso a Madrid, asegur\u00e1ndole una experiencia fluida y memorable.<\/p>\n<p>Concluya su expedici\u00f3n cultural con un c\u00f3modo regreso a su punto de partida, enriquecido por los tesoros art\u00edsticos de <b><strong>Madrid.<\/strong><\/b><\/p>\n","protected":false},"excerpt":{"rendered":"<p>Emb\u00e1rquese en un enriquecedor viaje al <b><strong>Monasterio<\/strong><\/b> de El Escorial<b><strong>,<\/strong><\/b> <b><strong>declarado Patrimonio de la Humanidad por la UNESCO<\/strong><\/b> y uno de los monumentos m\u00e1s destacados <b><strong>de Espa\u00f1a<\/strong><\/b>. Este tour privado le ofrece una experiencia exclusiva, combinando comodidad y comentarios perspicaces, mientras explora la grandeza de El Escorial. Su aventura comienza con una c\u00f3moda recogida en su alojamiento de Madrid en un lujoso coche. Durante el pintoresco trayecto hasta El Escorial, su gu\u00eda experto le proporcionar\u00e1 fascinantes conocimientos sobre la historia y el significado de este complejo monumental.<\/p>\n","protected":false},"featured_media":175939,"comment_status":"open","ping_status":"closed","template":"","meta":{"_acf_changed":false},"product_brand":[],"product_cat":[284,285,286,1602],"product_tag":[],"class_list":{"0":"post-175923","1":"product","2":"type-product","3":"status-publish","4":"has-post-thumbnail","6":"product_cat-madrid-es","7":"product_cat-madrid-actividades-es","8":"product_cat-madrid-excursiones-es","9":"product_cat-eeuu-es","11":"first","12":"instock","13":"shipping-taxable","14":"purchasable","15":"product-type-simple"},"acf":[],"yoast_head":"<!-- This site is optimized with the Yoast SEO Premium plugin v25.3.1 (Yoast SEO v25.3.1) - https:\/\/yoast.com\/wordpress\/plugins\/seo\/ -->\n<title>Tour privado del Monasterio de El Escorial desde Madrid<\/title>\n<meta name=\"description\" content=\"Tour privado del Monasterio de El Escorial desde Madrid, sus maravillosos monumentos, sus deslumbrantes museos, sus ic\u00f3nicas avenidas y mucho m\u00e1s \u2705.\" \/>\n<meta name=\"robots\" content=\"index, follow, max-snippet:-1, max-image-preview:large, max-video-preview:-1\" \/>\n<link rel=\"canonical\" href=\"https:\/\/tourtravelandmore.com\/es\/tours\/espana-es\/madrid-es\/tour-privado-por-los-museos-prado-reina-sofia-y-thyssen-copy\/\" \/>\n<meta property=\"og:locale\" content=\"es_ES\" \/>\n<meta property=\"og:type\" content=\"article\" \/>\n<meta property=\"og:title\" content=\"Tour privado del Monasterio de El Escorial desde Madrid\" \/>\n<meta property=\"og:description\" content=\"Tour privado del Monasterio de El Escorial desde Madrid, sus maravillosos monumentos, sus deslumbrantes museos, sus ic\u00f3nicas avenidas y mucho m\u00e1s \u2705.\" \/>\n<meta property=\"og:url\" content=\"https:\/\/tourtravelandmore.com\/es\/tours\/espana-es\/madrid-es\/tour-privado-por-los-museos-prado-reina-sofia-y-thyssen-copy\/\" \/>\n<meta property=\"og:site_name\" content=\"Tour Travel And More\" \/>\n<meta property=\"article:publisher\" content=\"https:\/\/www.facebook.com\/tourtravelandmore\/\" \/>\n<meta property=\"article:modified_time\" content=\"2024-07-30T20:08:33+00:00\" \/>\n<meta property=\"og:image\" content=\"https:\/\/tourtravelandmore.com\/wp-content\/uploads\/2024\/07\/history-3254880_1280.jpg\" \/>\n\t<meta property=\"og:image:width\" content=\"1280\" \/>\n\t<meta property=\"og:image:height\" content=\"853\" \/>\n\t<meta property=\"og:image:type\" content=\"image\/jpeg\" \/>\n<meta name=\"twitter:card\" content=\"summary_large_image\" \/>\n<meta name=\"twitter:site\" content=\"@TourTravel_More\" \/>\n<meta name=\"twitter:label1\" content=\"Tiempo de lectura\" \/>\n\t<meta name=\"twitter:data1\" content=\"2 minutos\" \/>\n<script type=\"application\/ld+json\" class=\"yoast-schema-graph\">{\"@context\":\"https:\/\/schema.org\",\"@graph\":[{\"@type\":\"WebPage\",\"@id\":\"https:\/\/tourtravelandmore.com\/es\/tours\/espana-es\/madrid-es\/tour-privado-por-los-museos-prado-reina-sofia-y-thyssen-copy\/\",\"url\":\"https:\/\/tourtravelandmore.com\/es\/tours\/espana-es\/madrid-es\/tour-privado-por-los-museos-prado-reina-sofia-y-thyssen-copy\/\",\"name\":\"Tour privado del Monasterio de El Escorial desde Madrid\",\"isPartOf\":{\"@id\":\"https:\/\/tourtravelandmore.com\/es\/#website\"},\"primaryImageOfPage\":{\"@id\":\"https:\/\/tourtravelandmore.com\/es\/tours\/espana-es\/madrid-es\/tour-privado-por-los-museos-prado-reina-sofia-y-thyssen-copy\/#primaryimage\"},\"image\":{\"@id\":\"https:\/\/tourtravelandmore.com\/es\/tours\/espana-es\/madrid-es\/tour-privado-por-los-museos-prado-reina-sofia-y-thyssen-copy\/#primaryimage\"},\"thumbnailUrl\":\"https:\/\/tourtravelandmore.com\/wp-content\/uploads\/2024\/07\/history-3254880_1280.jpg\",\"datePublished\":\"2024-07-30T19:42:07+00:00\",\"dateModified\":\"2024-07-30T20:08:33+00:00\",\"description\":\"Tour privado del Monasterio de El Escorial desde Madrid, sus maravillosos monumentos, sus deslumbrantes museos, sus ic\u00f3nicas avenidas y mucho m\u00e1s \u2705.\",\"breadcrumb\":{\"@id\":\"https:\/\/tourtravelandmore.com\/es\/tours\/espana-es\/madrid-es\/tour-privado-por-los-museos-prado-reina-sofia-y-thyssen-copy\/#breadcrumb\"},\"inLanguage\":\"es\",\"potentialAction\":[{\"@type\":\"ReadAction\",\"target\":[\"https:\/\/tourtravelandmore.com\/es\/tours\/espana-es\/madrid-es\/tour-privado-por-los-museos-prado-reina-sofia-y-thyssen-copy\/\"]}]},{\"@type\":\"ImageObject\",\"inLanguage\":\"es\",\"@id\":\"https:\/\/tourtravelandmore.com\/es\/tours\/espana-es\/madrid-es\/tour-privado-por-los-museos-prado-reina-sofia-y-thyssen-copy\/#primaryimage\",\"url\":\"https:\/\/tourtravelandmore.com\/wp-content\/uploads\/2024\/07\/history-3254880_1280.jpg\",\"contentUrl\":\"https:\/\/tourtravelandmore.com\/wp-content\/uploads\/2024\/07\/history-3254880_1280.jpg\",\"width\":1280,\"height\":853},{\"@type\":\"BreadcrumbList\",\"@id\":\"https:\/\/tourtravelandmore.com\/es\/tours\/espana-es\/madrid-es\/tour-privado-por-los-museos-prado-reina-sofia-y-thyssen-copy\/#breadcrumb\",\"itemListElement\":[{\"@type\":\"ListItem\",\"position\":1,\"name\":\"Home\",\"item\":\"https:\/\/tourtravelandmore.com\/es\/\"},{\"@type\":\"ListItem\",\"position\":2,\"name\":\"Tours\",\"item\":\"https:\/\/tourtravelandmore.com\/es\/tours\/\"},{\"@type\":\"ListItem\",\"position\":3,\"name\":\"Tour privado del Monasterio de El Escorial desde Madrid\"}]},{\"@type\":\"WebSite\",\"@id\":\"https:\/\/tourtravelandmore.com\/es\/#website\",\"url\":\"https:\/\/tourtravelandmore.com\/es\/\",\"name\":\"Tour Travel And More\",\"description\":\"Private sightseeing tours and luxury transfers in Spain\",\"publisher\":{\"@id\":\"https:\/\/tourtravelandmore.com\/es\/#organization\"},\"potentialAction\":[{\"@type\":\"SearchAction\",\"target\":{\"@type\":\"EntryPoint\",\"urlTemplate\":\"https:\/\/tourtravelandmore.com\/es\/?s={search_term_string}\"},\"query-input\":{\"@type\":\"PropertyValueSpecification\",\"valueRequired\":true,\"valueName\":\"search_term_string\"}}],\"inLanguage\":\"es\"},{\"@type\":\"Organization\",\"@id\":\"https:\/\/tourtravelandmore.com\/es\/#organization\",\"name\":\"Tour Travel And More\",\"url\":\"https:\/\/tourtravelandmore.com\/es\/\",\"logo\":{\"@type\":\"ImageObject\",\"inLanguage\":\"es\",\"@id\":\"https:\/\/tourtravelandmore.com\/es\/#\/schema\/logo\/image\/\",\"url\":\"https:\/\/tourtravelandmore.com\/wp-content\/uploads\/2022\/12\/cropped-logo-cabecera-new.png\",\"contentUrl\":\"https:\/\/tourtravelandmore.com\/wp-content\/uploads\/2022\/12\/cropped-logo-cabecera-new.png\",\"width\":430,\"height\":61,\"caption\":\"Tour Travel And More\"},\"image\":{\"@id\":\"https:\/\/tourtravelandmore.com\/es\/#\/schema\/logo\/image\/\"},\"sameAs\":[\"https:\/\/www.facebook.com\/tourtravelandmore\/\",\"https:\/\/x.com\/TourTravel_More\"]}]}<\/script>\n<!-- \/ Yoast SEO Premium plugin. -->","yoast_head_json":{"title":"Tour privado del Monasterio de El Escorial desde Madrid","description":"Tour privado del Monasterio de El Escorial desde Madrid, sus maravillosos monumentos, sus deslumbrantes museos, sus ic\u00f3nicas avenidas y mucho m\u00e1s \u2705.","robots":{"index":"index","follow":"follow","max-snippet":"max-snippet:-1","max-image-preview":"max-image-preview:large","max-video-preview":"max-video-preview:-1"},"canonical":"https:\/\/tourtravelandmore.com\/es\/tours\/espana-es\/madrid-es\/tour-privado-por-los-museos-prado-reina-sofia-y-thyssen-copy\/","og_locale":"es_ES","og_type":"article","og_title":"Tour privado del Monasterio de El Escorial desde Madrid","og_description":"Tour privado del Monasterio de El Escorial desde Madrid, sus maravillosos monumentos, sus deslumbrantes museos, sus ic\u00f3nicas avenidas y mucho m\u00e1s \u2705.","og_url":"https:\/\/tourtravelandmore.com\/es\/tours\/espana-es\/madrid-es\/tour-privado-por-los-museos-prado-reina-sofia-y-thyssen-copy\/","og_site_name":"Tour Travel And More","article_publisher":"https:\/\/www.facebook.com\/tourtravelandmore\/","article_modified_time":"2024-07-30T20:08:33+00:00","og_image":[{"width":1280,"height":853,"url":"https:\/\/tourtravelandmore.com\/wp-content\/uploads\/2024\/07\/history-3254880_1280.jpg","type":"image\/jpeg"}],"twitter_card":"summary_large_image","twitter_site":"@TourTravel_More","twitter_misc":{"Tiempo de lectura":"2 minutos"},"schema":{"@context":"https:\/\/schema.org","@graph":[{"@type":"WebPage","@id":"https:\/\/tourtravelandmore.com\/es\/tours\/espana-es\/madrid-es\/tour-privado-por-los-museos-prado-reina-sofia-y-thyssen-copy\/","url":"https:\/\/tourtravelandmore.com\/es\/tours\/espana-es\/madrid-es\/tour-privado-por-los-museos-prado-reina-sofia-y-thyssen-copy\/","name":"Tour privado del Monasterio de El Escorial desde Madrid","isPartOf":{"@id":"https:\/\/tourtravelandmore.com\/es\/#website"},"primaryImageOfPage":{"@id":"https:\/\/tourtravelandmore.com\/es\/tours\/espana-es\/madrid-es\/tour-privado-por-los-museos-prado-reina-sofia-y-thyssen-copy\/#primaryimage"},"image":{"@id":"https:\/\/tourtravelandmore.com\/es\/tours\/espana-es\/madrid-es\/tour-privado-por-los-museos-prado-reina-sofia-y-thyssen-copy\/#primaryimage"},"thumbnailUrl":"https:\/\/tourtravelandmore.com\/wp-content\/uploads\/2024\/07\/history-3254880_1280.jpg","datePublished":"2024-07-30T19:42:07+00:00","dateModified":"2024-07-30T20:08:33+00:00","description":"Tour privado del Monasterio de El Escorial desde Madrid, sus maravillosos monumentos, sus deslumbrantes museos, sus ic\u00f3nicas avenidas y mucho m\u00e1s \u2705.","breadcrumb":{"@id":"https:\/\/tourtravelandmore.com\/es\/tours\/espana-es\/madrid-es\/tour-privado-por-los-museos-prado-reina-sofia-y-thyssen-copy\/#breadcrumb"},"inLanguage":"es","potentialAction":[{"@type":"ReadAction","target":["https:\/\/tourtravelandmore.com\/es\/tours\/espana-es\/madrid-es\/tour-privado-por-los-museos-prado-reina-sofia-y-thyssen-copy\/"]}]},{"@type":"ImageObject","inLanguage":"es","@id":"https:\/\/tourtravelandmore.com\/es\/tours\/espana-es\/madrid-es\/tour-privado-por-los-museos-prado-reina-sofia-y-thyssen-copy\/#primaryimage","url":"https:\/\/tourtravelandmore.com\/wp-content\/uploads\/2024\/07\/history-3254880_1280.jpg","contentUrl":"https:\/\/tourtravelandmore.com\/wp-content\/uploads\/2024\/07\/history-3254880_1280.jpg","width":1280,"height":853},{"@type":"BreadcrumbList","@id":"https:\/\/tourtravelandmore.com\/es\/tours\/espana-es\/madrid-es\/tour-privado-por-los-museos-prado-reina-sofia-y-thyssen-copy\/#breadcrumb","itemListElement":[{"@type":"ListItem","position":1,"name":"Home","item":"https:\/\/tourtravelandmore.com\/es\/"},{"@type":"ListItem","position":2,"name":"Tours","item":"https:\/\/tourtravelandmore.com\/es\/tours\/"},{"@type":"ListItem","position":3,"name":"Tour privado del Monasterio de El Escorial desde Madrid"}]},{"@type":"WebSite","@id":"https:\/\/tourtravelandmore.com\/es\/#website","url":"https:\/\/tourtravelandmore.com\/es\/","name":"Tour Travel And More","description":"Private sightseeing tours and luxury transfers in Spain","publisher":{"@id":"https:\/\/tourtravelandmore.com\/es\/#organization"},"potentialAction":[{"@type":"SearchAction","target":{"@type":"EntryPoint","urlTemplate":"https:\/\/tourtravelandmore.com\/es\/?s={search_term_string}"},"query-input":{"@type":"PropertyValueSpecification","valueRequired":true,"valueName":"search_term_string"}}],"inLanguage":"es"},{"@type":"Organization","@id":"https:\/\/tourtravelandmore.com\/es\/#organization","name":"Tour Travel And More","url":"https:\/\/tourtravelandmore.com\/es\/","logo":{"@type":"ImageObject","inLanguage":"es","@id":"https:\/\/tourtravelandmore.com\/es\/#\/schema\/logo\/image\/","url":"https:\/\/tourtravelandmore.com\/wp-content\/uploads\/2022\/12\/cropped-logo-cabecera-new.png","contentUrl":"https:\/\/tourtravelandmore.com\/wp-content\/uploads\/2022\/12\/cropped-logo-cabecera-new.png","width":430,"height":61,"caption":"Tour Travel And More"},"image":{"@id":"https:\/\/tourtravelandmore.com\/es\/#\/schema\/logo\/image\/"},"sameAs":["https:\/\/www.facebook.com\/tourtravelandmore\/","https:\/\/x.com\/TourTravel_More"]}]}},"_links":{"self":[{"href":"https:\/\/tourtravelandmore.com\/es\/wp-json\/wp\/v2\/product\/175923","targetHints":{"allow":["GET"]}}],"collection":[{"href":"https:\/\/tourtravelandmore.com\/es\/wp-json\/wp\/v2\/product"}],"about":[{"href":"https:\/\/tourtravelandmore.com\/es\/wp-json\/wp\/v2\/types\/product"}],"replies":[{"embeddable":true,"href":"https:\/\/tourtravelandmore.com\/es\/wp-json\/wp\/v2\/comments?post=175923"}],"wp:featuredmedia":[{"embeddable":true,"href":"https:\/\/tourtravelandmore.com\/es\/wp-json\/wp\/v2\/media\/175939"}],"wp:attachment":[{"href":"https:\/\/tourtravelandmore.com\/es\/wp-json\/wp\/v2\/media?parent=175923"}],"wp:term":[{"taxonomy":"product_brand","embeddable":true,"href":"https:\/\/tourtravelandmore.com\/es\/wp-json\/wp\/v2\/product_brand?post=175923"},{"taxonomy":"product_cat","embeddable":true,"href":"https:\/\/tourtravelandmore.com\/es\/wp-json\/wp\/v2\/product_cat?post=175923"},{"taxonomy":"product_tag","embeddable":true,"href":"https:\/\/tourtravelandmore.com\/es\/wp-json\/wp\/v2\/product_tag?post=175923"}],"curies":[{"name":"wp","href":"https:\/\/api.w.org\/{rel}","templated":true}]}}