{"id":175896,"date":"2024-07-30T21:00:53","date_gmt":"2024-07-30T19:00:53","guid":{"rendered":"https:\/\/tourtravelandmore.com\/?post_type=product&#038;p=175896"},"modified":"2024-07-30T21:38:41","modified_gmt":"2024-07-30T19:38:41","slug":"tour-privado-de-los-molinos-de-viento-de-consuegra-y-toledo-desde-madrid-copy","status":"publish","type":"product","link":"https:\/\/tourtravelandmore.com\/es\/tours\/espana-es\/madrid-es\/tour-privado-de-los-molinos-de-viento-de-consuegra-y-toledo-desde-madrid-copy\/","title":{"rendered":"Tour privado por los museos: Prado, Reina Sof\u00eda y Thyssen"},"content":{"rendered":"<h2><b><strong>Descripci\u00f3n<\/strong><\/b><\/h2>\n<p>Sum\u00e9rjase en el rico patrimonio cultural de Madrid con nuestro exclusivo <b><strong>Tour Privado de un D\u00eda por los Museos<\/strong><\/b>, que le mostrar\u00e1 tres de las instituciones art\u00edsticas m\u00e1s prestigiosas de la ciudad: el Museo del Prado, el Museo Reina Sof\u00eda y el Museo Thyssen-Bornemisza. Este completo recorrido ofrece una oportunidad sin igual de explorar colecciones de renombre mundial en la comodidad y el confort de un veh\u00edculo privado con un gu\u00eda especializado a su servicio durante todo el d\u00eda.<\/p>\n<p>Este recorrido <b><strong>privado<\/strong><\/b> es perfecto para aquellos que buscan profundizar en este encanto e historia \u00fanicos, todo ello mientras disfrutan de la atenci\u00f3n personalizada de un gu\u00eda experto.<\/p>\n<p>Acomp\u00e1\u00f1enos en este cautivador recorrido y conozca mejor la rica diversidad y la vibrante cultura que hacen de Madrid una de las ciudades m\u00e1s din\u00e1micas del mundo.<\/p>\n<p>Otra posible opci\u00f3n de recorrido privado por Madrid, es nuestro <a href=\"\u00abhttps:\/\/tourtravelandmore.com\/?product_cat=madrid-en\u00bb\/\">Recorrido privado por Madrid<\/a> con s\u00f3lo un gu\u00eda tur\u00edstico, \u00a1\u00e9chele un vistazo!<\/p>\n<h2><b><strong>Puntos de inter\u00e9s y lugares emblem\u00e1ticos<\/strong><\/b><\/h2>\n<p>Su viaje comienza con la recogida en el lugar que desee de <b><strong>Madrid<\/strong><\/b> en un lujoso veh\u00edculo con aire acondicionado. Nuestro gu\u00eda experto le proporcionar\u00e1 fascinantes conocimientos sobre la historia y el legado art\u00edstico de la ciudad mientras se dirige a su primer destino, el Museo <b><strong>del Prado<\/strong><\/b>. Hogar de obras maestras de Vel\u00e1zquez, Goya y El Bosco, el Prado es un tesoro del arte europeo desde el siglo XII hasta principios del XX.<\/p>\n<p>Tras adentrarse en el mundo del arte cl\u00e1sico en el Prado <b><strong>,<\/strong><\/b> se dirigir\u00e1 al <b><strong>Museo Reina<\/strong><\/b> Sof\u00eda, un para\u00edso para los amantes del arte contempor\u00e1neo. Aqu\u00ed encontrar\u00e1 obras emblem\u00e1ticas de maestros modernos como Picasso, Dal\u00ed y Mir\u00f3, incluido <b><strong>el<\/strong><\/b> legendario <b><strong>\u00abGuernica\u00bb<\/strong><\/b> <b><strong>de Picasso<\/strong><\/b> <b><strong>.<\/strong><\/b><\/p>\n<p>Su aventura art\u00edstica contin\u00faa en el <a href=\"\u00abhttps:\/\/www.museothyssen.org\/\u00bb\"><b><strong>Museo Thyssen-Bornemisza<\/strong><\/b><\/a><b><strong>,<\/strong><\/b> que alberga una colecci\u00f3n ecl\u00e9ctica que abarca varios siglos y estilos art\u00edsticos, desde el arte medieval hasta el arte pop moderno. Este museo ofrece una perspectiva \u00fanica de la evoluci\u00f3n del arte occidental, complementando las colecciones del Prado y el Reina Sof\u00eda.<\/p>\n<p>A lo largo de la visita, nuestro experto gu\u00eda le ofrecer\u00e1 comentarios personalizados, asegur\u00e1ndole una comprensi\u00f3n profunda y atractiva de las obras de arte y su contexto hist\u00f3rico. Dispondr\u00e1 de tiempo suficiente para explorar cada museo a su propio ritmo, con un c\u00f3modo transporte entre los distintos lugares que le garantizar\u00e1 una experiencia fluida y agradable.<\/p>\n<p>Concluya su expedici\u00f3n cultural con un c\u00f3modo regreso a su punto de partida, enriquecido por los tesoros art\u00edsticos de <b><strong>los<\/strong><\/b> museos m\u00e1s importantes de Madrid.<\/p>\n","protected":false},"excerpt":{"rendered":"<p>Sum\u00e9rjase en el rico patrimonio cultural de Madrid con nuestro exclusivo <b><strong>Tour Privado de un D\u00eda por los Museos<\/strong><\/b>, que le mostrar\u00e1 tres de las instituciones art\u00edsticas m\u00e1s prestigiosas de la ciudad: el Museo del Prado, el Museo Reina Sof\u00eda y el Museo Thyssen-Bornemisza. Este completo recorrido ofrece una oportunidad sin igual de explorar colecciones de renombre mundial en la comodidad y el confort de un veh\u00edculo privado con un gu\u00eda especializado a su servicio durante todo el d\u00eda.<\/p>\n","protected":false},"featured_media":175912,"comment_status":"open","ping_status":"closed","template":"","meta":{"_acf_changed":false},"product_brand":[],"product_cat":[284,285,286,1602],"product_tag":[],"class_list":{"0":"post-175896","1":"product","2":"type-product","3":"status-publish","4":"has-post-thumbnail","6":"product_cat-madrid-es","7":"product_cat-madrid-actividades-es","8":"product_cat-madrid-excursiones-es","9":"product_cat-eeuu-es","11":"first","12":"instock","13":"shipping-taxable","14":"purchasable","15":"product-type-simple"},"acf":[],"yoast_head":"<!-- This site is optimized with the Yoast SEO Premium plugin v25.3.1 (Yoast SEO v25.3.1) - https:\/\/yoast.com\/wordpress\/plugins\/seo\/ -->\n<title>Tour privado por los museos: Prado, Reina Sof\u00eda y Thyssen<\/title>\n<meta name=\"description\" content=\"Tour privado de un d\u00eda completo por museos - Tour Travel &amp; More de Madrid, sus maravillosos monumentos, sus deslumbrantes museos, sus ic\u00f3nicas avenidas y mucho m\u00e1s \u2705.\" \/>\n<meta name=\"robots\" content=\"index, follow, max-snippet:-1, max-image-preview:large, max-video-preview:-1\" \/>\n<link rel=\"canonical\" href=\"https:\/\/tourtravelandmore.com\/es\/tours\/espana-es\/madrid-es\/tour-privado-de-los-molinos-de-viento-de-consuegra-y-toledo-desde-madrid-copy\/\" \/>\n<meta property=\"og:locale\" content=\"es_ES\" \/>\n<meta property=\"og:type\" content=\"article\" \/>\n<meta property=\"og:title\" content=\"Tour privado por los museos: Prado, Reina Sof\u00eda y Thyssen\" \/>\n<meta property=\"og:description\" content=\"Tour privado de un d\u00eda completo por museos - Tour Travel &amp; More de Madrid, sus maravillosos monumentos, sus deslumbrantes museos, sus ic\u00f3nicas avenidas y mucho m\u00e1s \u2705.\" \/>\n<meta property=\"og:url\" content=\"https:\/\/tourtravelandmore.com\/es\/tours\/espana-es\/madrid-es\/tour-privado-de-los-molinos-de-viento-de-consuegra-y-toledo-desde-madrid-copy\/\" \/>\n<meta property=\"og:site_name\" content=\"Tour Travel And More\" \/>\n<meta property=\"article:publisher\" content=\"https:\/\/www.facebook.com\/tourtravelandmore\/\" \/>\n<meta property=\"article:modified_time\" content=\"2024-07-30T19:38:41+00:00\" \/>\n<meta property=\"og:image\" content=\"https:\/\/tourtravelandmore.com\/wp-content\/uploads\/2024\/07\/museum-1196428_1280.jpg\" \/>\n\t<meta property=\"og:image:width\" content=\"1280\" \/>\n\t<meta property=\"og:image:height\" content=\"916\" \/>\n\t<meta property=\"og:image:type\" content=\"image\/jpeg\" \/>\n<meta name=\"twitter:card\" content=\"summary_large_image\" \/>\n<meta name=\"twitter:site\" content=\"@TourTravel_More\" \/>\n<meta name=\"twitter:label1\" content=\"Tiempo de lectura\" \/>\n\t<meta name=\"twitter:data1\" content=\"2 minutos\" \/>\n<script type=\"application\/ld+json\" class=\"yoast-schema-graph\">{\"@context\":\"https:\/\/schema.org\",\"@graph\":[{\"@type\":\"WebPage\",\"@id\":\"https:\/\/tourtravelandmore.com\/es\/tours\/espana-es\/madrid-es\/tour-privado-de-los-molinos-de-viento-de-consuegra-y-toledo-desde-madrid-copy\/\",\"url\":\"https:\/\/tourtravelandmore.com\/es\/tours\/espana-es\/madrid-es\/tour-privado-de-los-molinos-de-viento-de-consuegra-y-toledo-desde-madrid-copy\/\",\"name\":\"Tour privado por los museos: Prado, Reina Sof\u00eda y Thyssen\",\"isPartOf\":{\"@id\":\"https:\/\/tourtravelandmore.com\/es\/#website\"},\"primaryImageOfPage\":{\"@id\":\"https:\/\/tourtravelandmore.com\/es\/tours\/espana-es\/madrid-es\/tour-privado-de-los-molinos-de-viento-de-consuegra-y-toledo-desde-madrid-copy\/#primaryimage\"},\"image\":{\"@id\":\"https:\/\/tourtravelandmore.com\/es\/tours\/espana-es\/madrid-es\/tour-privado-de-los-molinos-de-viento-de-consuegra-y-toledo-desde-madrid-copy\/#primaryimage\"},\"thumbnailUrl\":\"https:\/\/tourtravelandmore.com\/wp-content\/uploads\/2024\/07\/museum-1196428_1280.jpg\",\"datePublished\":\"2024-07-30T19:00:53+00:00\",\"dateModified\":\"2024-07-30T19:38:41+00:00\",\"description\":\"Tour privado de un d\u00eda completo por museos - Tour Travel & More de Madrid, sus maravillosos monumentos, sus deslumbrantes museos, sus ic\u00f3nicas avenidas y mucho m\u00e1s \u2705.\",\"breadcrumb\":{\"@id\":\"https:\/\/tourtravelandmore.com\/es\/tours\/espana-es\/madrid-es\/tour-privado-de-los-molinos-de-viento-de-consuegra-y-toledo-desde-madrid-copy\/#breadcrumb\"},\"inLanguage\":\"es\",\"potentialAction\":[{\"@type\":\"ReadAction\",\"target\":[\"https:\/\/tourtravelandmore.com\/es\/tours\/espana-es\/madrid-es\/tour-privado-de-los-molinos-de-viento-de-consuegra-y-toledo-desde-madrid-copy\/\"]}]},{\"@type\":\"ImageObject\",\"inLanguage\":\"es\",\"@id\":\"https:\/\/tourtravelandmore.com\/es\/tours\/espana-es\/madrid-es\/tour-privado-de-los-molinos-de-viento-de-consuegra-y-toledo-desde-madrid-copy\/#primaryimage\",\"url\":\"https:\/\/tourtravelandmore.com\/wp-content\/uploads\/2024\/07\/museum-1196428_1280.jpg\",\"contentUrl\":\"https:\/\/tourtravelandmore.com\/wp-content\/uploads\/2024\/07\/museum-1196428_1280.jpg\",\"width\":1280,\"height\":916},{\"@type\":\"BreadcrumbList\",\"@id\":\"https:\/\/tourtravelandmore.com\/es\/tours\/espana-es\/madrid-es\/tour-privado-de-los-molinos-de-viento-de-consuegra-y-toledo-desde-madrid-copy\/#breadcrumb\",\"itemListElement\":[{\"@type\":\"ListItem\",\"position\":1,\"name\":\"Home\",\"item\":\"https:\/\/tourtravelandmore.com\/es\/\"},{\"@type\":\"ListItem\",\"position\":2,\"name\":\"Tours\",\"item\":\"https:\/\/tourtravelandmore.com\/es\/tours\/\"},{\"@type\":\"ListItem\",\"position\":3,\"name\":\"Tour privado por los museos: Prado, Reina Sof\u00eda y Thyssen\"}]},{\"@type\":\"WebSite\",\"@id\":\"https:\/\/tourtravelandmore.com\/es\/#website\",\"url\":\"https:\/\/tourtravelandmore.com\/es\/\",\"name\":\"Tour Travel And More\",\"description\":\"Private sightseeing tours and luxury transfers in Spain\",\"publisher\":{\"@id\":\"https:\/\/tourtravelandmore.com\/es\/#organization\"},\"potentialAction\":[{\"@type\":\"SearchAction\",\"target\":{\"@type\":\"EntryPoint\",\"urlTemplate\":\"https:\/\/tourtravelandmore.com\/es\/?s={search_term_string}\"},\"query-input\":{\"@type\":\"PropertyValueSpecification\",\"valueRequired\":true,\"valueName\":\"search_term_string\"}}],\"inLanguage\":\"es\"},{\"@type\":\"Organization\",\"@id\":\"https:\/\/tourtravelandmore.com\/es\/#organization\",\"name\":\"Tour Travel And More\",\"url\":\"https:\/\/tourtravelandmore.com\/es\/\",\"logo\":{\"@type\":\"ImageObject\",\"inLanguage\":\"es\",\"@id\":\"https:\/\/tourtravelandmore.com\/es\/#\/schema\/logo\/image\/\",\"url\":\"https:\/\/tourtravelandmore.com\/wp-content\/uploads\/2022\/12\/cropped-logo-cabecera-new.png\",\"contentUrl\":\"https:\/\/tourtravelandmore.com\/wp-content\/uploads\/2022\/12\/cropped-logo-cabecera-new.png\",\"width\":430,\"height\":61,\"caption\":\"Tour Travel And More\"},\"image\":{\"@id\":\"https:\/\/tourtravelandmore.com\/es\/#\/schema\/logo\/image\/\"},\"sameAs\":[\"https:\/\/www.facebook.com\/tourtravelandmore\/\",\"https:\/\/x.com\/TourTravel_More\"]}]}<\/script>\n<!-- \/ Yoast SEO Premium plugin. -->","yoast_head_json":{"title":"Tour privado por los museos: Prado, Reina Sof\u00eda y Thyssen","description":"Tour privado de un d\u00eda completo por museos - Tour Travel & More de Madrid, sus maravillosos monumentos, sus deslumbrantes museos, sus ic\u00f3nicas avenidas y mucho m\u00e1s \u2705.","robots":{"index":"index","follow":"follow","max-snippet":"max-snippet:-1","max-image-preview":"max-image-preview:large","max-video-preview":"max-video-preview:-1"},"canonical":"https:\/\/tourtravelandmore.com\/es\/tours\/espana-es\/madrid-es\/tour-privado-de-los-molinos-de-viento-de-consuegra-y-toledo-desde-madrid-copy\/","og_locale":"es_ES","og_type":"article","og_title":"Tour privado por los museos: Prado, Reina Sof\u00eda y Thyssen","og_description":"Tour privado de un d\u00eda completo por museos - Tour Travel & More de Madrid, sus maravillosos monumentos, sus deslumbrantes museos, sus ic\u00f3nicas avenidas y mucho m\u00e1s \u2705.","og_url":"https:\/\/tourtravelandmore.com\/es\/tours\/espana-es\/madrid-es\/tour-privado-de-los-molinos-de-viento-de-consuegra-y-toledo-desde-madrid-copy\/","og_site_name":"Tour Travel And More","article_publisher":"https:\/\/www.facebook.com\/tourtravelandmore\/","article_modified_time":"2024-07-30T19:38:41+00:00","og_image":[{"width":1280,"height":916,"url":"https:\/\/tourtravelandmore.com\/wp-content\/uploads\/2024\/07\/museum-1196428_1280.jpg","type":"image\/jpeg"}],"twitter_card":"summary_large_image","twitter_site":"@TourTravel_More","twitter_misc":{"Tiempo de lectura":"2 minutos"},"schema":{"@context":"https:\/\/schema.org","@graph":[{"@type":"WebPage","@id":"https:\/\/tourtravelandmore.com\/es\/tours\/espana-es\/madrid-es\/tour-privado-de-los-molinos-de-viento-de-consuegra-y-toledo-desde-madrid-copy\/","url":"https:\/\/tourtravelandmore.com\/es\/tours\/espana-es\/madrid-es\/tour-privado-de-los-molinos-de-viento-de-consuegra-y-toledo-desde-madrid-copy\/","name":"Tour privado por los museos: Prado, Reina Sof\u00eda y Thyssen","isPartOf":{"@id":"https:\/\/tourtravelandmore.com\/es\/#website"},"primaryImageOfPage":{"@id":"https:\/\/tourtravelandmore.com\/es\/tours\/espana-es\/madrid-es\/tour-privado-de-los-molinos-de-viento-de-consuegra-y-toledo-desde-madrid-copy\/#primaryimage"},"image":{"@id":"https:\/\/tourtravelandmore.com\/es\/tours\/espana-es\/madrid-es\/tour-privado-de-los-molinos-de-viento-de-consuegra-y-toledo-desde-madrid-copy\/#primaryimage"},"thumbnailUrl":"https:\/\/tourtravelandmore.com\/wp-content\/uploads\/2024\/07\/museum-1196428_1280.jpg","datePublished":"2024-07-30T19:00:53+00:00","dateModified":"2024-07-30T19:38:41+00:00","description":"Tour privado de un d\u00eda completo por museos - Tour Travel & More de Madrid, sus maravillosos monumentos, sus deslumbrantes museos, sus ic\u00f3nicas avenidas y mucho m\u00e1s \u2705.","breadcrumb":{"@id":"https:\/\/tourtravelandmore.com\/es\/tours\/espana-es\/madrid-es\/tour-privado-de-los-molinos-de-viento-de-consuegra-y-toledo-desde-madrid-copy\/#breadcrumb"},"inLanguage":"es","potentialAction":[{"@type":"ReadAction","target":["https:\/\/tourtravelandmore.com\/es\/tours\/espana-es\/madrid-es\/tour-privado-de-los-molinos-de-viento-de-consuegra-y-toledo-desde-madrid-copy\/"]}]},{"@type":"ImageObject","inLanguage":"es","@id":"https:\/\/tourtravelandmore.com\/es\/tours\/espana-es\/madrid-es\/tour-privado-de-los-molinos-de-viento-de-consuegra-y-toledo-desde-madrid-copy\/#primaryimage","url":"https:\/\/tourtravelandmore.com\/wp-content\/uploads\/2024\/07\/museum-1196428_1280.jpg","contentUrl":"https:\/\/tourtravelandmore.com\/wp-content\/uploads\/2024\/07\/museum-1196428_1280.jpg","width":1280,"height":916},{"@type":"BreadcrumbList","@id":"https:\/\/tourtravelandmore.com\/es\/tours\/espana-es\/madrid-es\/tour-privado-de-los-molinos-de-viento-de-consuegra-y-toledo-desde-madrid-copy\/#breadcrumb","itemListElement":[{"@type":"ListItem","position":1,"name":"Home","item":"https:\/\/tourtravelandmore.com\/es\/"},{"@type":"ListItem","position":2,"name":"Tours","item":"https:\/\/tourtravelandmore.com\/es\/tours\/"},{"@type":"ListItem","position":3,"name":"Tour privado por los museos: Prado, Reina Sof\u00eda y Thyssen"}]},{"@type":"WebSite","@id":"https:\/\/tourtravelandmore.com\/es\/#website","url":"https:\/\/tourtravelandmore.com\/es\/","name":"Tour Travel And More","description":"Private sightseeing tours and luxury transfers in Spain","publisher":{"@id":"https:\/\/tourtravelandmore.com\/es\/#organization"},"potentialAction":[{"@type":"SearchAction","target":{"@type":"EntryPoint","urlTemplate":"https:\/\/tourtravelandmore.com\/es\/?s={search_term_string}"},"query-input":{"@type":"PropertyValueSpecification","valueRequired":true,"valueName":"search_term_string"}}],"inLanguage":"es"},{"@type":"Organization","@id":"https:\/\/tourtravelandmore.com\/es\/#organization","name":"Tour Travel And More","url":"https:\/\/tourtravelandmore.com\/es\/","logo":{"@type":"ImageObject","inLanguage":"es","@id":"https:\/\/tourtravelandmore.com\/es\/#\/schema\/logo\/image\/","url":"https:\/\/tourtravelandmore.com\/wp-content\/uploads\/2022\/12\/cropped-logo-cabecera-new.png","contentUrl":"https:\/\/tourtravelandmore.com\/wp-content\/uploads\/2022\/12\/cropped-logo-cabecera-new.png","width":430,"height":61,"caption":"Tour Travel And More"},"image":{"@id":"https:\/\/tourtravelandmore.com\/es\/#\/schema\/logo\/image\/"},"sameAs":["https:\/\/www.facebook.com\/tourtravelandmore\/","https:\/\/x.com\/TourTravel_More"]}]}},"_links":{"self":[{"href":"https:\/\/tourtravelandmore.com\/es\/wp-json\/wp\/v2\/product\/175896","targetHints":{"allow":["GET"]}}],"collection":[{"href":"https:\/\/tourtravelandmore.com\/es\/wp-json\/wp\/v2\/product"}],"about":[{"href":"https:\/\/tourtravelandmore.com\/es\/wp-json\/wp\/v2\/types\/product"}],"replies":[{"embeddable":true,"href":"https:\/\/tourtravelandmore.com\/es\/wp-json\/wp\/v2\/comments?post=175896"}],"wp:featuredmedia":[{"embeddable":true,"href":"https:\/\/tourtravelandmore.com\/es\/wp-json\/wp\/v2\/media\/175912"}],"wp:attachment":[{"href":"https:\/\/tourtravelandmore.com\/es\/wp-json\/wp\/v2\/media?parent=175896"}],"wp:term":[{"taxonomy":"product_brand","embeddable":true,"href":"https:\/\/tourtravelandmore.com\/es\/wp-json\/wp\/v2\/product_brand?post=175896"},{"taxonomy":"product_cat","embeddable":true,"href":"https:\/\/tourtravelandmore.com\/es\/wp-json\/wp\/v2\/product_cat?post=175896"},{"taxonomy":"product_tag","embeddable":true,"href":"https:\/\/tourtravelandmore.com\/es\/wp-json\/wp\/v2\/product_tag?post=175896"}],"curies":[{"name":"wp","href":"https:\/\/api.w.org\/{rel}","templated":true}]}}