{"id":175849,"date":"2024-07-30T20:31:37","date_gmt":"2024-07-30T18:31:38","guid":{"rendered":"https:\/\/tourtravelandmore.com\/?post_type=product&#038;p=175849"},"modified":"2024-07-30T20:58:15","modified_gmt":"2024-07-30T18:58:15","slug":"tour-privado-del-soho-chinatown-little-italy-y-greenwich-village-copy","status":"publish","type":"product","link":"https:\/\/tourtravelandmore.com\/es\/tours\/espana-es\/madrid-es\/tour-privado-del-soho-chinatown-little-italy-y-greenwich-village-copy\/","title":{"rendered":"Tour Privado de los Molinos de Viento de Consuegra y Toledo desde Madrid"},"content":{"rendered":"<h2><b><strong>Descripci\u00f3n<\/strong><\/b><\/h2>\n<p>Emb\u00e1rquese en un encantador viaje a trav\u00e9s de la historia y la cultura con nuestro exclusivo <b><strong>Tour Privado de los Molinos de Viento de Consuegra y Toledo desde Madrid<\/strong><\/b>. Esta experiencia de 10 horas promete transportarle al coraz\u00f3n del rico patrimonio espa\u00f1ol, ofreci\u00e9ndole una mezcla perfecta de impresionantes paisajes, maravillas arquitect\u00f3nicas y profundos conocimientos hist\u00f3ricos.<\/p>\n<p>Este <b><strong>recorrido privado<\/strong><\/b> es perfecto para aquellos que buscan profundizar en este encanto e historia \u00fanicos, todo ello mientras disfrutan de la atenci\u00f3n personalizada de un gu\u00eda experto.<\/p>\n<p>Acomp\u00e1\u00f1enos en este cautivador recorrido y conozca mejor la rica diversidad y la vibrante cultura que hacen de Madrid una de las ciudades m\u00e1s din\u00e1micas del mundo.<\/p>\n<p>Otra posible opci\u00f3n de recorrido privado por Madrid, es nuestro <a href=\"\u00abhttps:\/\/tourtravelandmore.com\/?product_cat=madrid-en\u00bb\/\">Recorrido privado por Madrid<\/a> con s\u00f3lo un gu\u00eda tur\u00edstico, \u00a1\u00e9chele un vistazo!<\/p>\n<h2><b><strong>Puntos de inter\u00e9s y lugares emblem\u00e1ticos<\/strong><\/b><\/h2>\n<p>Su aventura comienza con una c\u00f3moda recogida en su alojamiento de <b><strong>Madrid<\/strong><\/b> en un veh\u00edculo de lujo. Nuestro conductor, profesional y experto, le garantizar\u00e1 un viaje tranquilo mientras se dirige a la pintoresca localidad de <b><strong>Consuegra.<\/strong><\/b> Aqu\u00ed explorar\u00e1 los ic\u00f3nicos molinos de viento que inspiraron <b><strong>\u00abEl Quijote\u00bb de<\/strong><\/b> <b><strong>Miguel<\/strong><\/b> de <b><strong>Cervantes.<\/strong><\/b> Estos gigantes son un testimonio del pasado rural de Espa\u00f1a y ofrecen impresionantes vistas panor\u00e1micas de la campi\u00f1a circundante.<\/p>\n<p>A continuaci\u00f3n, contin\u00fae hacia <a href=\"\u00abhttps:\/\/es.wikipedia.org\/wiki\/Toledo\u00bb\"><b><strong>Toledo<\/strong><\/b><\/a><b><strong>,<\/strong><\/b> una ciudad que resume a la perfecci\u00f3n la diversa historia de Espa\u00f1a. Conocida como la \u00abCiudad de las Tres Culturas\u00bb, Toledo presume de una mezcla \u00fanica de influencias cristianas, jud\u00edas y musulmanas. A su llegada, ser\u00e1 recibido por un gu\u00eda local experto que le conducir\u00e1 en un recorrido a pie de 3 horas por las estrechas y sinuosas calles de la ciudad. Descubra la impresionante <b><strong>Catedral de Toledo,<\/strong><\/b> el Alc\u00e1zar y las antiguas sinagogas que ponen de relieve el patrimonio multicultural de la ciudad.<\/p>\n<p>Tras la visita guiada, dispondr\u00e1 de tiempo libre para explorar Toledo a su ritmo. Saboree la gastronom\u00eda local, curiosee por las tiendas de artesan\u00eda o simplemente emp\u00e1pese del ambiente de esta ciudad atemporal.<\/p>\n<p>Cuando concluya la Excursi\u00f3n Privada a los Molinos de Viento de Consuegra y Toledo desde Madrid, su ch\u00f3fer le estar\u00e1 esperando para trasladarle de vuelta a Madrid, asegur\u00e1ndole un final relajante a un d\u00eda inolvidable.<\/p>\n","protected":false},"excerpt":{"rendered":"<p>Emb\u00e1rquese en un encantador viaje a trav\u00e9s de la historia y la cultura con nuestro exclusivo <b><strong>Tour Privado de los Molinos de Viento de Consuegra y Toledo desde Madrid<\/strong><\/b>. Esta experiencia de 10 horas promete transportarle al coraz\u00f3n del rico patrimonio espa\u00f1ol, ofreci\u00e9ndole una mezcla perfecta de impresionantes paisajes, maravillas arquitect\u00f3nicas y profundos conocimientos hist\u00f3ricos.<\/p>\n","protected":false},"featured_media":175886,"comment_status":"open","ping_status":"closed","template":"","meta":{"_acf_changed":false},"product_brand":[],"product_cat":[284,285,286,1602],"product_tag":[],"class_list":{"0":"post-175849","1":"product","2":"type-product","3":"status-publish","4":"has-post-thumbnail","6":"product_cat-madrid-es","7":"product_cat-madrid-actividades-es","8":"product_cat-madrid-excursiones-es","9":"product_cat-eeuu-es","11":"first","12":"instock","13":"shipping-taxable","14":"purchasable","15":"product-type-simple"},"acf":[],"yoast_head":"<!-- This site is optimized with the Yoast SEO Premium plugin v25.3.1 (Yoast SEO v25.3.1) - https:\/\/yoast.com\/wordpress\/plugins\/seo\/ -->\n<title>Tour Privado de los Molinos de Viento de Consuegra y Toledo desde Madrid<\/title>\n<meta name=\"description\" content=\"Tour Privado de Consuegra, Molinos de Viento y Toledo desde Madrid, sus maravillosos monumentos, sus deslumbrantes museos, sus ic\u00f3nicas avenidas y mucho m\u00e1s \u2705.\" \/>\n<meta name=\"robots\" content=\"index, follow, max-snippet:-1, max-image-preview:large, max-video-preview:-1\" \/>\n<link rel=\"canonical\" href=\"https:\/\/tourtravelandmore.com\/es\/tours\/espana-es\/madrid-es\/tour-privado-del-soho-chinatown-little-italy-y-greenwich-village-copy\/\" \/>\n<meta property=\"og:locale\" content=\"es_ES\" \/>\n<meta property=\"og:type\" content=\"article\" \/>\n<meta property=\"og:title\" content=\"Tour Privado de los Molinos de Viento de Consuegra y Toledo desde Madrid\" \/>\n<meta property=\"og:description\" content=\"Tour Privado de Consuegra, Molinos de Viento y Toledo desde Madrid, sus maravillosos monumentos, sus deslumbrantes museos, sus ic\u00f3nicas avenidas y mucho m\u00e1s \u2705.\" \/>\n<meta property=\"og:url\" content=\"https:\/\/tourtravelandmore.com\/es\/tours\/espana-es\/madrid-es\/tour-privado-del-soho-chinatown-little-italy-y-greenwich-village-copy\/\" \/>\n<meta property=\"og:site_name\" content=\"Tour Travel And More\" \/>\n<meta property=\"article:publisher\" content=\"https:\/\/www.facebook.com\/tourtravelandmore\/\" \/>\n<meta property=\"article:modified_time\" content=\"2024-07-30T18:58:15+00:00\" \/>\n<meta property=\"og:image\" content=\"https:\/\/tourtravelandmore.com\/wp-content\/uploads\/2024\/07\/pexels-postiglioni-947169-1.jpg\" \/>\n\t<meta property=\"og:image:width\" content=\"1920\" \/>\n\t<meta property=\"og:image:height\" content=\"1272\" \/>\n\t<meta property=\"og:image:type\" content=\"image\/jpeg\" \/>\n<meta name=\"twitter:card\" content=\"summary_large_image\" \/>\n<meta name=\"twitter:site\" content=\"@TourTravel_More\" \/>\n<meta name=\"twitter:label1\" content=\"Tiempo de lectura\" \/>\n\t<meta name=\"twitter:data1\" content=\"2 minutos\" \/>\n<script type=\"application\/ld+json\" class=\"yoast-schema-graph\">{\"@context\":\"https:\/\/schema.org\",\"@graph\":[{\"@type\":\"WebPage\",\"@id\":\"https:\/\/tourtravelandmore.com\/es\/tours\/espana-es\/madrid-es\/tour-privado-del-soho-chinatown-little-italy-y-greenwich-village-copy\/\",\"url\":\"https:\/\/tourtravelandmore.com\/es\/tours\/espana-es\/madrid-es\/tour-privado-del-soho-chinatown-little-italy-y-greenwich-village-copy\/\",\"name\":\"Tour Privado de los Molinos de Viento de Consuegra y Toledo desde Madrid\",\"isPartOf\":{\"@id\":\"https:\/\/tourtravelandmore.com\/es\/#website\"},\"primaryImageOfPage\":{\"@id\":\"https:\/\/tourtravelandmore.com\/es\/tours\/espana-es\/madrid-es\/tour-privado-del-soho-chinatown-little-italy-y-greenwich-village-copy\/#primaryimage\"},\"image\":{\"@id\":\"https:\/\/tourtravelandmore.com\/es\/tours\/espana-es\/madrid-es\/tour-privado-del-soho-chinatown-little-italy-y-greenwich-village-copy\/#primaryimage\"},\"thumbnailUrl\":\"https:\/\/tourtravelandmore.com\/wp-content\/uploads\/2024\/07\/pexels-postiglioni-947169-1.jpg\",\"datePublished\":\"2024-07-30T18:31:38+00:00\",\"dateModified\":\"2024-07-30T18:58:15+00:00\",\"description\":\"Tour Privado de Consuegra, Molinos de Viento y Toledo desde Madrid, sus maravillosos monumentos, sus deslumbrantes museos, sus ic\u00f3nicas avenidas y mucho m\u00e1s \u2705.\",\"breadcrumb\":{\"@id\":\"https:\/\/tourtravelandmore.com\/es\/tours\/espana-es\/madrid-es\/tour-privado-del-soho-chinatown-little-italy-y-greenwich-village-copy\/#breadcrumb\"},\"inLanguage\":\"es\",\"potentialAction\":[{\"@type\":\"ReadAction\",\"target\":[\"https:\/\/tourtravelandmore.com\/es\/tours\/espana-es\/madrid-es\/tour-privado-del-soho-chinatown-little-italy-y-greenwich-village-copy\/\"]}]},{\"@type\":\"ImageObject\",\"inLanguage\":\"es\",\"@id\":\"https:\/\/tourtravelandmore.com\/es\/tours\/espana-es\/madrid-es\/tour-privado-del-soho-chinatown-little-italy-y-greenwich-village-copy\/#primaryimage\",\"url\":\"https:\/\/tourtravelandmore.com\/wp-content\/uploads\/2024\/07\/pexels-postiglioni-947169-1.jpg\",\"contentUrl\":\"https:\/\/tourtravelandmore.com\/wp-content\/uploads\/2024\/07\/pexels-postiglioni-947169-1.jpg\",\"width\":1920,\"height\":1272},{\"@type\":\"BreadcrumbList\",\"@id\":\"https:\/\/tourtravelandmore.com\/es\/tours\/espana-es\/madrid-es\/tour-privado-del-soho-chinatown-little-italy-y-greenwich-village-copy\/#breadcrumb\",\"itemListElement\":[{\"@type\":\"ListItem\",\"position\":1,\"name\":\"Home\",\"item\":\"https:\/\/tourtravelandmore.com\/es\/\"},{\"@type\":\"ListItem\",\"position\":2,\"name\":\"Tours\",\"item\":\"https:\/\/tourtravelandmore.com\/es\/tours\/\"},{\"@type\":\"ListItem\",\"position\":3,\"name\":\"Tour Privado de los Molinos de Viento de Consuegra y Toledo desde Madrid\"}]},{\"@type\":\"WebSite\",\"@id\":\"https:\/\/tourtravelandmore.com\/es\/#website\",\"url\":\"https:\/\/tourtravelandmore.com\/es\/\",\"name\":\"Tour Travel And More\",\"description\":\"Private sightseeing tours and luxury transfers in Spain\",\"publisher\":{\"@id\":\"https:\/\/tourtravelandmore.com\/es\/#organization\"},\"potentialAction\":[{\"@type\":\"SearchAction\",\"target\":{\"@type\":\"EntryPoint\",\"urlTemplate\":\"https:\/\/tourtravelandmore.com\/es\/?s={search_term_string}\"},\"query-input\":{\"@type\":\"PropertyValueSpecification\",\"valueRequired\":true,\"valueName\":\"search_term_string\"}}],\"inLanguage\":\"es\"},{\"@type\":\"Organization\",\"@id\":\"https:\/\/tourtravelandmore.com\/es\/#organization\",\"name\":\"Tour Travel And More\",\"url\":\"https:\/\/tourtravelandmore.com\/es\/\",\"logo\":{\"@type\":\"ImageObject\",\"inLanguage\":\"es\",\"@id\":\"https:\/\/tourtravelandmore.com\/es\/#\/schema\/logo\/image\/\",\"url\":\"https:\/\/tourtravelandmore.com\/wp-content\/uploads\/2022\/12\/cropped-logo-cabecera-new.png\",\"contentUrl\":\"https:\/\/tourtravelandmore.com\/wp-content\/uploads\/2022\/12\/cropped-logo-cabecera-new.png\",\"width\":430,\"height\":61,\"caption\":\"Tour Travel And More\"},\"image\":{\"@id\":\"https:\/\/tourtravelandmore.com\/es\/#\/schema\/logo\/image\/\"},\"sameAs\":[\"https:\/\/www.facebook.com\/tourtravelandmore\/\",\"https:\/\/x.com\/TourTravel_More\"]}]}<\/script>\n<!-- \/ Yoast SEO Premium plugin. -->","yoast_head_json":{"title":"Tour Privado de los Molinos de Viento de Consuegra y Toledo desde Madrid","description":"Tour Privado de Consuegra, Molinos de Viento y Toledo desde Madrid, sus maravillosos monumentos, sus deslumbrantes museos, sus ic\u00f3nicas avenidas y mucho m\u00e1s \u2705.","robots":{"index":"index","follow":"follow","max-snippet":"max-snippet:-1","max-image-preview":"max-image-preview:large","max-video-preview":"max-video-preview:-1"},"canonical":"https:\/\/tourtravelandmore.com\/es\/tours\/espana-es\/madrid-es\/tour-privado-del-soho-chinatown-little-italy-y-greenwich-village-copy\/","og_locale":"es_ES","og_type":"article","og_title":"Tour Privado de los Molinos de Viento de Consuegra y Toledo desde Madrid","og_description":"Tour Privado de Consuegra, Molinos de Viento y Toledo desde Madrid, sus maravillosos monumentos, sus deslumbrantes museos, sus ic\u00f3nicas avenidas y mucho m\u00e1s \u2705.","og_url":"https:\/\/tourtravelandmore.com\/es\/tours\/espana-es\/madrid-es\/tour-privado-del-soho-chinatown-little-italy-y-greenwich-village-copy\/","og_site_name":"Tour Travel And More","article_publisher":"https:\/\/www.facebook.com\/tourtravelandmore\/","article_modified_time":"2024-07-30T18:58:15+00:00","og_image":[{"width":1920,"height":1272,"url":"https:\/\/tourtravelandmore.com\/wp-content\/uploads\/2024\/07\/pexels-postiglioni-947169-1.jpg","type":"image\/jpeg"}],"twitter_card":"summary_large_image","twitter_site":"@TourTravel_More","twitter_misc":{"Tiempo de lectura":"2 minutos"},"schema":{"@context":"https:\/\/schema.org","@graph":[{"@type":"WebPage","@id":"https:\/\/tourtravelandmore.com\/es\/tours\/espana-es\/madrid-es\/tour-privado-del-soho-chinatown-little-italy-y-greenwich-village-copy\/","url":"https:\/\/tourtravelandmore.com\/es\/tours\/espana-es\/madrid-es\/tour-privado-del-soho-chinatown-little-italy-y-greenwich-village-copy\/","name":"Tour Privado de los Molinos de Viento de Consuegra y Toledo desde Madrid","isPartOf":{"@id":"https:\/\/tourtravelandmore.com\/es\/#website"},"primaryImageOfPage":{"@id":"https:\/\/tourtravelandmore.com\/es\/tours\/espana-es\/madrid-es\/tour-privado-del-soho-chinatown-little-italy-y-greenwich-village-copy\/#primaryimage"},"image":{"@id":"https:\/\/tourtravelandmore.com\/es\/tours\/espana-es\/madrid-es\/tour-privado-del-soho-chinatown-little-italy-y-greenwich-village-copy\/#primaryimage"},"thumbnailUrl":"https:\/\/tourtravelandmore.com\/wp-content\/uploads\/2024\/07\/pexels-postiglioni-947169-1.jpg","datePublished":"2024-07-30T18:31:38+00:00","dateModified":"2024-07-30T18:58:15+00:00","description":"Tour Privado de Consuegra, Molinos de Viento y Toledo desde Madrid, sus maravillosos monumentos, sus deslumbrantes museos, sus ic\u00f3nicas avenidas y mucho m\u00e1s \u2705.","breadcrumb":{"@id":"https:\/\/tourtravelandmore.com\/es\/tours\/espana-es\/madrid-es\/tour-privado-del-soho-chinatown-little-italy-y-greenwich-village-copy\/#breadcrumb"},"inLanguage":"es","potentialAction":[{"@type":"ReadAction","target":["https:\/\/tourtravelandmore.com\/es\/tours\/espana-es\/madrid-es\/tour-privado-del-soho-chinatown-little-italy-y-greenwich-village-copy\/"]}]},{"@type":"ImageObject","inLanguage":"es","@id":"https:\/\/tourtravelandmore.com\/es\/tours\/espana-es\/madrid-es\/tour-privado-del-soho-chinatown-little-italy-y-greenwich-village-copy\/#primaryimage","url":"https:\/\/tourtravelandmore.com\/wp-content\/uploads\/2024\/07\/pexels-postiglioni-947169-1.jpg","contentUrl":"https:\/\/tourtravelandmore.com\/wp-content\/uploads\/2024\/07\/pexels-postiglioni-947169-1.jpg","width":1920,"height":1272},{"@type":"BreadcrumbList","@id":"https:\/\/tourtravelandmore.com\/es\/tours\/espana-es\/madrid-es\/tour-privado-del-soho-chinatown-little-italy-y-greenwich-village-copy\/#breadcrumb","itemListElement":[{"@type":"ListItem","position":1,"name":"Home","item":"https:\/\/tourtravelandmore.com\/es\/"},{"@type":"ListItem","position":2,"name":"Tours","item":"https:\/\/tourtravelandmore.com\/es\/tours\/"},{"@type":"ListItem","position":3,"name":"Tour Privado de los Molinos de Viento de Consuegra y Toledo desde Madrid"}]},{"@type":"WebSite","@id":"https:\/\/tourtravelandmore.com\/es\/#website","url":"https:\/\/tourtravelandmore.com\/es\/","name":"Tour Travel And More","description":"Private sightseeing tours and luxury transfers in Spain","publisher":{"@id":"https:\/\/tourtravelandmore.com\/es\/#organization"},"potentialAction":[{"@type":"SearchAction","target":{"@type":"EntryPoint","urlTemplate":"https:\/\/tourtravelandmore.com\/es\/?s={search_term_string}"},"query-input":{"@type":"PropertyValueSpecification","valueRequired":true,"valueName":"search_term_string"}}],"inLanguage":"es"},{"@type":"Organization","@id":"https:\/\/tourtravelandmore.com\/es\/#organization","name":"Tour Travel And More","url":"https:\/\/tourtravelandmore.com\/es\/","logo":{"@type":"ImageObject","inLanguage":"es","@id":"https:\/\/tourtravelandmore.com\/es\/#\/schema\/logo\/image\/","url":"https:\/\/tourtravelandmore.com\/wp-content\/uploads\/2022\/12\/cropped-logo-cabecera-new.png","contentUrl":"https:\/\/tourtravelandmore.com\/wp-content\/uploads\/2022\/12\/cropped-logo-cabecera-new.png","width":430,"height":61,"caption":"Tour Travel And More"},"image":{"@id":"https:\/\/tourtravelandmore.com\/es\/#\/schema\/logo\/image\/"},"sameAs":["https:\/\/www.facebook.com\/tourtravelandmore\/","https:\/\/x.com\/TourTravel_More"]}]}},"_links":{"self":[{"href":"https:\/\/tourtravelandmore.com\/es\/wp-json\/wp\/v2\/product\/175849","targetHints":{"allow":["GET"]}}],"collection":[{"href":"https:\/\/tourtravelandmore.com\/es\/wp-json\/wp\/v2\/product"}],"about":[{"href":"https:\/\/tourtravelandmore.com\/es\/wp-json\/wp\/v2\/types\/product"}],"replies":[{"embeddable":true,"href":"https:\/\/tourtravelandmore.com\/es\/wp-json\/wp\/v2\/comments?post=175849"}],"wp:featuredmedia":[{"embeddable":true,"href":"https:\/\/tourtravelandmore.com\/es\/wp-json\/wp\/v2\/media\/175886"}],"wp:attachment":[{"href":"https:\/\/tourtravelandmore.com\/es\/wp-json\/wp\/v2\/media?parent=175849"}],"wp:term":[{"taxonomy":"product_brand","embeddable":true,"href":"https:\/\/tourtravelandmore.com\/es\/wp-json\/wp\/v2\/product_brand?post=175849"},{"taxonomy":"product_cat","embeddable":true,"href":"https:\/\/tourtravelandmore.com\/es\/wp-json\/wp\/v2\/product_cat?post=175849"},{"taxonomy":"product_tag","embeddable":true,"href":"https:\/\/tourtravelandmore.com\/es\/wp-json\/wp\/v2\/product_tag?post=175849"}],"curies":[{"name":"wp","href":"https:\/\/api.w.org\/{rel}","templated":true}]}}