{"id":175762,"date":"2024-07-29T22:05:28","date_gmt":"2024-07-29T20:05:28","guid":{"rendered":"https:\/\/tourtravelandmore.com\/?post_type=product&#038;p=175762"},"modified":"2024-07-30T17:15:16","modified_gmt":"2024-07-30T15:15:16","slug":"tour-privado-de-los-contrastes-de-nueva-york-copy","status":"publish","type":"product","link":"https:\/\/tourtravelandmore.com\/es\/tours\/eeuu-es\/nueva-york-es\/nueva-york-rutas-turisticas-privadas-es\/tour-privado-de-los-contrastes-de-nueva-york-copy\/","title":{"rendered":"Tour Privado Nocturno de Nueva York"},"content":{"rendered":"<h2><b><strong>Descripci\u00f3n<\/strong><\/b><\/h2>\n<p>Experimente la magia de la ciudad de Nueva York al anochecer con nuestra exclusiva Visita Privada Nocturna. Este viaje de tres horas, con un c\u00f3modo coche y un gu\u00eda experto, le llevar\u00e1 por los lugares m\u00e1s emblem\u00e1ticos de la ciudad bellamente iluminados por la noche. Desde las deslumbrantes luces de Times Square hasta las serenas vistas desde el puente de Brooklyn, este recorrido le ofrece una perspectiva \u00fanica de la ciudad que nunca duerme. Tanto si visita la ciudad por primera vez como si es un viajero experimentado, nuestro recorrido le promete una velada inolvidable llena del glamour y el encanto de la vida nocturna de Nueva York.<\/p>\n<p>Le recogeremos en su hotel o en el lugar que elija de <b>Nueva <\/b>York en un<b> veh\u00edculo privado de lujo.<\/b> Durante esta excursi\u00f3n privada conocer\u00e1 los lugares emblem\u00e1ticos de esta incre\u00edble ciudad.<\/p>\n<p><b><strong>Nueva<\/strong><\/b> York est\u00e1 situada en el extremo sur del estado de Nueva York. Est\u00e1 considerada la capital cultural, financiera y medi\u00e1tica del mundo. La ciudad ofrece una riqu\u00edsima variedad de atracciones, es muy vanguardista y moderna. Se ha convertido en un nodo mundial de tolerancia social, libertad y diversidad cultural.<\/p>\n<p>Otra posible opci\u00f3n de visita privada en NY, es nuestra <a href=\"\u00abhttps:\/\/tourtravelandmore.com\/?p=73896\u00bb\/\">visita privada a pie de medio d\u00eda por NYC<\/a> con s\u00f3lo un gu\u00eda tur\u00edstico, \u00a1\u00e9chele un vistazo!<\/p>\n<h2><b><strong>Puntos de inter\u00e9s y lugares emblem\u00e1ticos<\/strong><\/b><\/h2>\n<p>Una vez que iniciemos el recorrido en NYC, le ofrecemos visitar, entre otros sitios<\/p>\n<ul>\n<li><b><strong>Times Square:<\/strong><\/b> Sea testigo del vibrante coraz\u00f3n de la ciudad de Nueva York, resplandeciente de luces de ne\u00f3n y bullicioso de actividad.<\/li>\n<li><b><strong>Puente de Brooklyn:<\/strong><\/b> Disfrute de las impresionantes vistas nocturnas del horizonte de Manhattan desde este puente hist\u00f3rico.<\/li>\n<li><b><strong>Edificio Empire State:<\/strong><\/b> Marav\u00edllese ante la aguja iluminada de este ic\u00f3nico rascacielos, s\u00edmbolo de la grandeza de Nueva York.<\/li>\n<li><b><strong>Centro Rockefeller:<\/strong><\/b> Contemple el famoso centro, incluida la pista de hielo bellamente iluminada y los alt\u00edsimos rascacielos.<\/li>\n<li><b><strong>5\u00aa Avenida:<\/strong><\/b> Recorra esta prestigiosa avenida, bordeada de tiendas de lujo y edificios hist\u00f3ricos.<\/li>\n<li><b><strong>Bryant Park:<\/strong><\/b> Pasee por este encantador parque, un oasis de paz en medio del ajetreo de la ciudad.<\/li>\n<li><b><strong>Central Park:<\/strong><\/b> Contemple la serena belleza de los paisajes del parque bajo el cielo nocturno.<\/li>\n<li><b><strong>The High Line:<\/strong><\/b> Explore este parque elevado, que ofrece unas vistas \u00fanicas del paisaje urbano.<\/li>\n<li><b><strong>Edificio Chrysler:<\/strong><\/b> Admire el esplendor art d\u00e9co de esta obra maestra arquitect\u00f3nica, brillantemente iluminada.<\/li>\n<\/ul>\n<p>En caso de que est\u00e9 interesado en visitar alg\u00fan monumento o museo en concreto, s\u00f3lo tiene que dec\u00edrnoslo y lo organizaremos todo para usted.<\/p>\n<p>Por \u00faltimo, al final del recorrido, su ch\u00f3fer privado y su gu\u00eda oficial le llevar\u00e1n de vuelta a su punto de partida en Nueva York.<\/p>\n","protected":false},"excerpt":{"rendered":"<p>Experimente la magia de la ciudad de Nueva York al anochecer con nuestra exclusiva Visita Privada Nocturna. Este viaje de tres horas, con un c\u00f3modo coche y un gu\u00eda experto, le llevar\u00e1 por los lugares m\u00e1s emblem\u00e1ticos de la ciudad bellamente iluminados por la noche. Desde las deslumbrantes luces de Times Square hasta las serenas vistas desde el puente de Brooklyn, este recorrido le ofrece una perspectiva \u00fanica de la ciudad que nunca duerme. Tanto si visita la ciudad por primera vez como si es un viajero experimentado, nuestro recorrido le promete una velada inolvidable llena del glamour y el encanto de la vida nocturna de Nueva York.<\/p>\n","protected":false},"featured_media":175778,"comment_status":"open","ping_status":"closed","template":"","meta":{"_acf_changed":false},"product_brand":[],"product_cat":[1602,2015,2018,2017],"product_tag":[],"class_list":{"0":"post-175762","1":"product","2":"type-product","3":"status-publish","4":"has-post-thumbnail","6":"product_cat-eeuu-es","7":"product_cat-nueva-york-es","8":"product_cat-nueva-york-actividades-es","9":"product_cat-nueva-york-rutas-turisticas-privadas-es","11":"first","12":"instock","13":"shipping-taxable","14":"purchasable","15":"product-type-simple"},"acf":[],"yoast_head":"<!-- This site is optimized with the Yoast SEO Premium plugin v25.3.1 (Yoast SEO v25.3.1) - https:\/\/yoast.com\/wordpress\/plugins\/seo\/ -->\n<title>Tour Privado Nocturno de Nueva York - TT&amp;M<\/title>\n<meta name=\"description\" content=\"Disfrute de este Tour Privado Nocturno de Nueva York, donde podr\u00e1 explorar sus maravillosos rascacielos, sus deslumbrantes museos y mucho m\u00e1s.\" \/>\n<meta name=\"robots\" content=\"index, follow, max-snippet:-1, max-image-preview:large, max-video-preview:-1\" \/>\n<link rel=\"canonical\" href=\"https:\/\/tourtravelandmore.com\/es\/tours\/eeuu-es\/nueva-york-es\/nueva-york-rutas-turisticas-privadas-es\/tour-privado-de-los-contrastes-de-nueva-york-copy\/\" \/>\n<meta property=\"og:locale\" content=\"es_ES\" \/>\n<meta property=\"og:type\" content=\"article\" \/>\n<meta property=\"og:title\" content=\"Tour Privado Nocturno de Nueva York\" \/>\n<meta property=\"og:description\" content=\"Disfrute de este Tour Privado Nocturno de Nueva York, donde podr\u00e1 explorar sus maravillosos rascacielos, sus deslumbrantes museos y mucho m\u00e1s.\" \/>\n<meta property=\"og:url\" content=\"https:\/\/tourtravelandmore.com\/es\/tours\/eeuu-es\/nueva-york-es\/nueva-york-rutas-turisticas-privadas-es\/tour-privado-de-los-contrastes-de-nueva-york-copy\/\" \/>\n<meta property=\"og:site_name\" content=\"Tour Travel And More\" \/>\n<meta property=\"article:publisher\" content=\"https:\/\/www.facebook.com\/tourtravelandmore\/\" \/>\n<meta property=\"article:modified_time\" content=\"2024-07-30T15:15:16+00:00\" \/>\n<meta property=\"og:image\" content=\"https:\/\/tourtravelandmore.com\/wp-content\/uploads\/2024\/07\/pexels-kaip-534757-scaled.jpg\" \/>\n\t<meta property=\"og:image:width\" content=\"2560\" \/>\n\t<meta property=\"og:image:height\" content=\"1707\" \/>\n\t<meta property=\"og:image:type\" content=\"image\/jpeg\" \/>\n<meta name=\"twitter:card\" content=\"summary_large_image\" \/>\n<meta name=\"twitter:site\" content=\"@TourTravel_More\" \/>\n<meta name=\"twitter:label1\" content=\"Tiempo de lectura\" \/>\n\t<meta name=\"twitter:data1\" content=\"2 minutos\" \/>\n<script type=\"application\/ld+json\" class=\"yoast-schema-graph\">{\"@context\":\"https:\/\/schema.org\",\"@graph\":[{\"@type\":\"WebPage\",\"@id\":\"https:\/\/tourtravelandmore.com\/es\/tours\/eeuu-es\/nueva-york-es\/nueva-york-rutas-turisticas-privadas-es\/tour-privado-de-los-contrastes-de-nueva-york-copy\/\",\"url\":\"https:\/\/tourtravelandmore.com\/es\/tours\/eeuu-es\/nueva-york-es\/nueva-york-rutas-turisticas-privadas-es\/tour-privado-de-los-contrastes-de-nueva-york-copy\/\",\"name\":\"Tour Privado Nocturno de Nueva York - TT&M\",\"isPartOf\":{\"@id\":\"https:\/\/tourtravelandmore.com\/es\/#website\"},\"primaryImageOfPage\":{\"@id\":\"https:\/\/tourtravelandmore.com\/es\/tours\/eeuu-es\/nueva-york-es\/nueva-york-rutas-turisticas-privadas-es\/tour-privado-de-los-contrastes-de-nueva-york-copy\/#primaryimage\"},\"image\":{\"@id\":\"https:\/\/tourtravelandmore.com\/es\/tours\/eeuu-es\/nueva-york-es\/nueva-york-rutas-turisticas-privadas-es\/tour-privado-de-los-contrastes-de-nueva-york-copy\/#primaryimage\"},\"thumbnailUrl\":\"https:\/\/tourtravelandmore.com\/wp-content\/uploads\/2024\/07\/pexels-kaip-534757-scaled.jpg\",\"datePublished\":\"2024-07-29T20:05:28+00:00\",\"dateModified\":\"2024-07-30T15:15:16+00:00\",\"description\":\"Disfrute de este Tour Privado Nocturno de Nueva York, donde podr\u00e1 explorar sus maravillosos rascacielos, sus deslumbrantes museos y mucho m\u00e1s.\",\"breadcrumb\":{\"@id\":\"https:\/\/tourtravelandmore.com\/es\/tours\/eeuu-es\/nueva-york-es\/nueva-york-rutas-turisticas-privadas-es\/tour-privado-de-los-contrastes-de-nueva-york-copy\/#breadcrumb\"},\"inLanguage\":\"es\",\"potentialAction\":[{\"@type\":\"ReadAction\",\"target\":[\"https:\/\/tourtravelandmore.com\/es\/tours\/eeuu-es\/nueva-york-es\/nueva-york-rutas-turisticas-privadas-es\/tour-privado-de-los-contrastes-de-nueva-york-copy\/\"]}]},{\"@type\":\"ImageObject\",\"inLanguage\":\"es\",\"@id\":\"https:\/\/tourtravelandmore.com\/es\/tours\/eeuu-es\/nueva-york-es\/nueva-york-rutas-turisticas-privadas-es\/tour-privado-de-los-contrastes-de-nueva-york-copy\/#primaryimage\",\"url\":\"https:\/\/tourtravelandmore.com\/wp-content\/uploads\/2024\/07\/pexels-kaip-534757-scaled.jpg\",\"contentUrl\":\"https:\/\/tourtravelandmore.com\/wp-content\/uploads\/2024\/07\/pexels-kaip-534757-scaled.jpg\",\"width\":2560,\"height\":1707},{\"@type\":\"BreadcrumbList\",\"@id\":\"https:\/\/tourtravelandmore.com\/es\/tours\/eeuu-es\/nueva-york-es\/nueva-york-rutas-turisticas-privadas-es\/tour-privado-de-los-contrastes-de-nueva-york-copy\/#breadcrumb\",\"itemListElement\":[{\"@type\":\"ListItem\",\"position\":1,\"name\":\"Home\",\"item\":\"https:\/\/tourtravelandmore.com\/es\/\"},{\"@type\":\"ListItem\",\"position\":2,\"name\":\"Tours\",\"item\":\"https:\/\/tourtravelandmore.com\/es\/tours\/\"},{\"@type\":\"ListItem\",\"position\":3,\"name\":\"Tour Privado Nocturno de Nueva York\"}]},{\"@type\":\"WebSite\",\"@id\":\"https:\/\/tourtravelandmore.com\/es\/#website\",\"url\":\"https:\/\/tourtravelandmore.com\/es\/\",\"name\":\"Tour Travel And More\",\"description\":\"Private sightseeing tours and luxury transfers in Spain\",\"publisher\":{\"@id\":\"https:\/\/tourtravelandmore.com\/es\/#organization\"},\"potentialAction\":[{\"@type\":\"SearchAction\",\"target\":{\"@type\":\"EntryPoint\",\"urlTemplate\":\"https:\/\/tourtravelandmore.com\/es\/?s={search_term_string}\"},\"query-input\":{\"@type\":\"PropertyValueSpecification\",\"valueRequired\":true,\"valueName\":\"search_term_string\"}}],\"inLanguage\":\"es\"},{\"@type\":\"Organization\",\"@id\":\"https:\/\/tourtravelandmore.com\/es\/#organization\",\"name\":\"Tour Travel And More\",\"url\":\"https:\/\/tourtravelandmore.com\/es\/\",\"logo\":{\"@type\":\"ImageObject\",\"inLanguage\":\"es\",\"@id\":\"https:\/\/tourtravelandmore.com\/es\/#\/schema\/logo\/image\/\",\"url\":\"https:\/\/tourtravelandmore.com\/wp-content\/uploads\/2022\/12\/cropped-logo-cabecera-new.png\",\"contentUrl\":\"https:\/\/tourtravelandmore.com\/wp-content\/uploads\/2022\/12\/cropped-logo-cabecera-new.png\",\"width\":430,\"height\":61,\"caption\":\"Tour Travel And More\"},\"image\":{\"@id\":\"https:\/\/tourtravelandmore.com\/es\/#\/schema\/logo\/image\/\"},\"sameAs\":[\"https:\/\/www.facebook.com\/tourtravelandmore\/\",\"https:\/\/x.com\/TourTravel_More\"]}]}<\/script>\n<!-- \/ Yoast SEO Premium plugin. -->","yoast_head_json":{"title":"Tour Privado Nocturno de Nueva York - TT&M","description":"Disfrute de este Tour Privado Nocturno de Nueva York, donde podr\u00e1 explorar sus maravillosos rascacielos, sus deslumbrantes museos y mucho m\u00e1s.","robots":{"index":"index","follow":"follow","max-snippet":"max-snippet:-1","max-image-preview":"max-image-preview:large","max-video-preview":"max-video-preview:-1"},"canonical":"https:\/\/tourtravelandmore.com\/es\/tours\/eeuu-es\/nueva-york-es\/nueva-york-rutas-turisticas-privadas-es\/tour-privado-de-los-contrastes-de-nueva-york-copy\/","og_locale":"es_ES","og_type":"article","og_title":"Tour Privado Nocturno de Nueva York","og_description":"Disfrute de este Tour Privado Nocturno de Nueva York, donde podr\u00e1 explorar sus maravillosos rascacielos, sus deslumbrantes museos y mucho m\u00e1s.","og_url":"https:\/\/tourtravelandmore.com\/es\/tours\/eeuu-es\/nueva-york-es\/nueva-york-rutas-turisticas-privadas-es\/tour-privado-de-los-contrastes-de-nueva-york-copy\/","og_site_name":"Tour Travel And More","article_publisher":"https:\/\/www.facebook.com\/tourtravelandmore\/","article_modified_time":"2024-07-30T15:15:16+00:00","og_image":[{"width":2560,"height":1707,"url":"https:\/\/tourtravelandmore.com\/wp-content\/uploads\/2024\/07\/pexels-kaip-534757-scaled.jpg","type":"image\/jpeg"}],"twitter_card":"summary_large_image","twitter_site":"@TourTravel_More","twitter_misc":{"Tiempo de lectura":"2 minutos"},"schema":{"@context":"https:\/\/schema.org","@graph":[{"@type":"WebPage","@id":"https:\/\/tourtravelandmore.com\/es\/tours\/eeuu-es\/nueva-york-es\/nueva-york-rutas-turisticas-privadas-es\/tour-privado-de-los-contrastes-de-nueva-york-copy\/","url":"https:\/\/tourtravelandmore.com\/es\/tours\/eeuu-es\/nueva-york-es\/nueva-york-rutas-turisticas-privadas-es\/tour-privado-de-los-contrastes-de-nueva-york-copy\/","name":"Tour Privado Nocturno de Nueva York - TT&M","isPartOf":{"@id":"https:\/\/tourtravelandmore.com\/es\/#website"},"primaryImageOfPage":{"@id":"https:\/\/tourtravelandmore.com\/es\/tours\/eeuu-es\/nueva-york-es\/nueva-york-rutas-turisticas-privadas-es\/tour-privado-de-los-contrastes-de-nueva-york-copy\/#primaryimage"},"image":{"@id":"https:\/\/tourtravelandmore.com\/es\/tours\/eeuu-es\/nueva-york-es\/nueva-york-rutas-turisticas-privadas-es\/tour-privado-de-los-contrastes-de-nueva-york-copy\/#primaryimage"},"thumbnailUrl":"https:\/\/tourtravelandmore.com\/wp-content\/uploads\/2024\/07\/pexels-kaip-534757-scaled.jpg","datePublished":"2024-07-29T20:05:28+00:00","dateModified":"2024-07-30T15:15:16+00:00","description":"Disfrute de este Tour Privado Nocturno de Nueva York, donde podr\u00e1 explorar sus maravillosos rascacielos, sus deslumbrantes museos y mucho m\u00e1s.","breadcrumb":{"@id":"https:\/\/tourtravelandmore.com\/es\/tours\/eeuu-es\/nueva-york-es\/nueva-york-rutas-turisticas-privadas-es\/tour-privado-de-los-contrastes-de-nueva-york-copy\/#breadcrumb"},"inLanguage":"es","potentialAction":[{"@type":"ReadAction","target":["https:\/\/tourtravelandmore.com\/es\/tours\/eeuu-es\/nueva-york-es\/nueva-york-rutas-turisticas-privadas-es\/tour-privado-de-los-contrastes-de-nueva-york-copy\/"]}]},{"@type":"ImageObject","inLanguage":"es","@id":"https:\/\/tourtravelandmore.com\/es\/tours\/eeuu-es\/nueva-york-es\/nueva-york-rutas-turisticas-privadas-es\/tour-privado-de-los-contrastes-de-nueva-york-copy\/#primaryimage","url":"https:\/\/tourtravelandmore.com\/wp-content\/uploads\/2024\/07\/pexels-kaip-534757-scaled.jpg","contentUrl":"https:\/\/tourtravelandmore.com\/wp-content\/uploads\/2024\/07\/pexels-kaip-534757-scaled.jpg","width":2560,"height":1707},{"@type":"BreadcrumbList","@id":"https:\/\/tourtravelandmore.com\/es\/tours\/eeuu-es\/nueva-york-es\/nueva-york-rutas-turisticas-privadas-es\/tour-privado-de-los-contrastes-de-nueva-york-copy\/#breadcrumb","itemListElement":[{"@type":"ListItem","position":1,"name":"Home","item":"https:\/\/tourtravelandmore.com\/es\/"},{"@type":"ListItem","position":2,"name":"Tours","item":"https:\/\/tourtravelandmore.com\/es\/tours\/"},{"@type":"ListItem","position":3,"name":"Tour Privado Nocturno de Nueva York"}]},{"@type":"WebSite","@id":"https:\/\/tourtravelandmore.com\/es\/#website","url":"https:\/\/tourtravelandmore.com\/es\/","name":"Tour Travel And More","description":"Private sightseeing tours and luxury transfers in Spain","publisher":{"@id":"https:\/\/tourtravelandmore.com\/es\/#organization"},"potentialAction":[{"@type":"SearchAction","target":{"@type":"EntryPoint","urlTemplate":"https:\/\/tourtravelandmore.com\/es\/?s={search_term_string}"},"query-input":{"@type":"PropertyValueSpecification","valueRequired":true,"valueName":"search_term_string"}}],"inLanguage":"es"},{"@type":"Organization","@id":"https:\/\/tourtravelandmore.com\/es\/#organization","name":"Tour Travel And More","url":"https:\/\/tourtravelandmore.com\/es\/","logo":{"@type":"ImageObject","inLanguage":"es","@id":"https:\/\/tourtravelandmore.com\/es\/#\/schema\/logo\/image\/","url":"https:\/\/tourtravelandmore.com\/wp-content\/uploads\/2022\/12\/cropped-logo-cabecera-new.png","contentUrl":"https:\/\/tourtravelandmore.com\/wp-content\/uploads\/2022\/12\/cropped-logo-cabecera-new.png","width":430,"height":61,"caption":"Tour Travel And More"},"image":{"@id":"https:\/\/tourtravelandmore.com\/es\/#\/schema\/logo\/image\/"},"sameAs":["https:\/\/www.facebook.com\/tourtravelandmore\/","https:\/\/x.com\/TourTravel_More"]}]}},"_links":{"self":[{"href":"https:\/\/tourtravelandmore.com\/es\/wp-json\/wp\/v2\/product\/175762","targetHints":{"allow":["GET"]}}],"collection":[{"href":"https:\/\/tourtravelandmore.com\/es\/wp-json\/wp\/v2\/product"}],"about":[{"href":"https:\/\/tourtravelandmore.com\/es\/wp-json\/wp\/v2\/types\/product"}],"replies":[{"embeddable":true,"href":"https:\/\/tourtravelandmore.com\/es\/wp-json\/wp\/v2\/comments?post=175762"}],"wp:featuredmedia":[{"embeddable":true,"href":"https:\/\/tourtravelandmore.com\/es\/wp-json\/wp\/v2\/media\/175778"}],"wp:attachment":[{"href":"https:\/\/tourtravelandmore.com\/es\/wp-json\/wp\/v2\/media?parent=175762"}],"wp:term":[{"taxonomy":"product_brand","embeddable":true,"href":"https:\/\/tourtravelandmore.com\/es\/wp-json\/wp\/v2\/product_brand?post=175762"},{"taxonomy":"product_cat","embeddable":true,"href":"https:\/\/tourtravelandmore.com\/es\/wp-json\/wp\/v2\/product_cat?post=175762"},{"taxonomy":"product_tag","embeddable":true,"href":"https:\/\/tourtravelandmore.com\/es\/wp-json\/wp\/v2\/product_tag?post=175762"}],"curies":[{"name":"wp","href":"https:\/\/api.w.org\/{rel}","templated":true}]}}