{"id":17576,"date":"2018-02-01T14:22:19","date_gmt":"2018-02-01T13:58:01","guid":{"rendered":"http:\/\/tourtravelandmore.com\/es\/?post_type=product&#038;p=17576"},"modified":"2024-08-21T17:48:43","modified_gmt":"2024-08-21T15:48:43","slug":"tour-privado-5-horas-castel-gandolfo-de-roma","status":"publish","type":"product","link":"https:\/\/tourtravelandmore.com\/es\/tours\/italia-es\/roma-es\/tour-privado-5-horas-castel-gandolfo-de-roma\/","title":{"rendered":"Tour Privado de Castel Gandolfo desde Roma"},"content":{"rendered":"<h2><strong>Descripci\u00f3n del Tour Privado de Castel Gandolfo desde Roma<\/strong><\/h2>\n<p>Disfrute de este t<strong>our privado de Castel Gandolfo desde Roma<\/strong> con su <strong>gu\u00eda oficial<\/strong> y conozca la exclusiva residencia de verano del Papa.<\/p>\n<p>Tendr\u00e1 a su disposici\u00f3n un <strong>veh\u00edculo privado de lujo<\/strong> con <strong>chofer<\/strong> que lo llevar\u00e1 desde su hotel hasta Castel Gandolfo.<\/p>\n<p><strong>Roma<\/strong> se encuentra en la parte centro-occidental de la pen\u00ednsula italiana, a lo largo de la orilla del r\u00edo T\u00edber. La <strong>Ciudad del Vaticano<\/strong> es un pa\u00eds independiente ubicado dentro de los l\u00edmites de Roma.<\/p>\n<p>El \u00e1rea pontificia de <strong>Castel Gandolfo<\/strong> cubre m\u00e1s de 55 hect\u00e1reas, 30 de ellas son jardines y las otras 25 se utilizan para la agricultura.<\/p>\n<p>Este es un recorrido completamente privado y nuestros expertos en viajes est\u00e1n aqu\u00ed para hacer que su recorrido privado en Roma sea \u00fanico. Puede personalizar cada recorrido con solo contactarnos. Aqu\u00ed hay un ejemplo de algunos de los lugares m\u00e1s importantes que ver\u00e1 en este tour privado de Castel Gandolfo.<\/p>\n<h2><strong>Puntos de inter\u00e9s en el Tour Privado de Castel Gandolfo desde Roma<\/strong><\/h2>\n<p>En primer lugar, su conductor privado junto con su gu\u00eda oficial lo recoger\u00e1 en su hotel en Roma para llevarlo hacia Castel Gandolfo.<\/p>\n<p>Una vez all\u00ed, podr\u00e1 admirar las impresionantes vistas del lago Albano, que es un peque\u00f1o lago volc\u00e1nico ubicado en el centro de Castel Gandolfo.<\/p>\n<p>Entre otros monumentos y lugares de inter\u00e9s que puedes conocer:<\/p>\n<ul>\n<li><strong>Residencia de verano del papa<\/strong><\/li>\n<li><strong>Jardines Barberini<\/strong><\/li>\n<li><strong>Apartamentos papales privados<\/strong><\/li>\n<li><strong>Impresionantes vistas del lago Albano<\/strong><\/li>\n<li><strong>\u00a1Mucho m\u00e1s!<\/strong><\/li>\n<\/ul>\n<p>Podr\u00e1 salir del bullicio de la ciudad y visitar la hermosa zona donde se encuentra Castel Gandolfo, llena de jardines, plantas y un hermoso lago.<\/p>\n<p>Finalmente, su conductor privado y su gu\u00eda oficial lo llevar\u00e1n de regreso a su hotel o punto de partida en Roma.<\/p>\n<p>Este recorrido tiene una duraci\u00f3n de 5 horas desde el momento de la recogida hasta el momento de devoluci\u00f3n en su hotel en Roma. La entrada sin cola a <a href=\"https:\/\/biglietteriamusei.vatican.va\/musei\/tickets\/do?action=booking&amp;amp;amp;codiceTipoVisita=26&amp;amp;amp;step=2\">Castel Gandolfo<\/a> est\u00e1 incluida en el precio de este tour privado.<\/p>\n<p><strong>Si usted es religioso y est\u00e1 muy interesado en el trabajo del Papa y en la Ciudad del Vaticano, le recomendamos nuestro <a href=\"https:\/\/tourtravelandmore.com\/es\/tours\/italia-es\/roma-es\/tour-privado-ciudad-del-vaticano-4-horas\/\">tour privado por la Ciudad del Vaticano con entrada sin colas<\/a>.<\/strong><\/p>\n","protected":false},"excerpt":{"rendered":"<p>Disfrute de uno de los sitios m\u00e1s bonitos de los alrededores de Roma durante este tour privado. Disfrutar\u00e1 del hermoso entorno donde se encuentra la residencia de Verano Papal, compuesta por el palacio papal, los fant\u00e1sticos <strong>jardines de Barberini<\/strong> y rodeado por el <strong>Lago Albano<\/strong>.<\/p>\n","protected":false},"featured_media":17573,"comment_status":"open","ping_status":"closed","template":"","meta":{"_acf_changed":false},"product_brand":[],"product_cat":[367,368,370],"product_tag":[],"class_list":{"0":"post-17576","1":"product","2":"type-product","3":"status-publish","4":"has-post-thumbnail","6":"product_cat-roma-es","7":"product_cat-roma-actividades-es","8":"product_cat-roma-rutas-turisticas-privadas-es","10":"first","11":"instock","12":"shipping-taxable","13":"purchasable","14":"product-type-simple"},"acf":[],"yoast_head":"<!-- This site is optimized with the Yoast SEO Premium plugin v25.3.1 (Yoast SEO v25.3.1) - https:\/\/yoast.com\/wordpress\/plugins\/seo\/ -->\n<title>Tour Privado de Castel Gandolfo desde Roma con chofer y guia privado | TTM<\/title>\n<meta name=\"description\" content=\"Disfrute de visitar uno de los sitios m\u00e1s bonitos en los alrededores de Roma. Conozca los fabulosos jardines de Barberini y la residencia papal de verano \u2705\" \/>\n<meta name=\"robots\" content=\"index, follow, max-snippet:-1, max-image-preview:large, max-video-preview:-1\" \/>\n<link rel=\"canonical\" href=\"https:\/\/tourtravelandmore.com\/es\/tours\/italia-es\/roma-es\/tour-privado-5-horas-castel-gandolfo-de-roma\/\" \/>\n<meta property=\"og:locale\" content=\"es_ES\" \/>\n<meta property=\"og:type\" content=\"article\" \/>\n<meta property=\"og:title\" content=\"Tour Privado de Castel Gandolfo desde Roma\" \/>\n<meta property=\"og:description\" content=\"Disfrute de visitar uno de los sitios m\u00e1s bonitos en los alrededores de Roma. Conozca los fabulosos jardines de Barberini y la residencia papal de verano \u2705\" \/>\n<meta property=\"og:url\" content=\"https:\/\/tourtravelandmore.com\/es\/tours\/italia-es\/roma-es\/tour-privado-5-horas-castel-gandolfo-de-roma\/\" \/>\n<meta property=\"og:site_name\" content=\"Tour Travel And More\" \/>\n<meta property=\"article:publisher\" content=\"https:\/\/www.facebook.com\/tourtravelandmore\/\" \/>\n<meta property=\"article:modified_time\" content=\"2024-08-21T15:48:43+00:00\" \/>\n<meta property=\"og:image\" content=\"https:\/\/tourtravelandmore.com\/wp-content\/uploads\/2018\/02\/Giardino_agrumeto_Giardini_del_Belvedere_III_20141006-scaled.jpg\" \/>\n\t<meta property=\"og:image:width\" content=\"4128\" \/>\n\t<meta property=\"og:image:height\" content=\"2322\" \/>\n\t<meta property=\"og:image:type\" content=\"image\/jpeg\" \/>\n<meta name=\"twitter:card\" content=\"summary_large_image\" \/>\n<meta name=\"twitter:site\" content=\"@TourTravel_More\" \/>\n<meta name=\"twitter:label1\" content=\"Tiempo de lectura\" \/>\n\t<meta name=\"twitter:data1\" content=\"2 minutos\" \/>\n<script type=\"application\/ld+json\" class=\"yoast-schema-graph\">{\"@context\":\"https:\/\/schema.org\",\"@graph\":[{\"@type\":\"WebPage\",\"@id\":\"https:\/\/tourtravelandmore.com\/es\/tours\/italia-es\/roma-es\/tour-privado-5-horas-castel-gandolfo-de-roma\/\",\"url\":\"https:\/\/tourtravelandmore.com\/es\/tours\/italia-es\/roma-es\/tour-privado-5-horas-castel-gandolfo-de-roma\/\",\"name\":\"Tour Privado de Castel Gandolfo desde Roma con chofer y guia privado | TTM\",\"isPartOf\":{\"@id\":\"https:\/\/tourtravelandmore.com\/es\/#website\"},\"primaryImageOfPage\":{\"@id\":\"https:\/\/tourtravelandmore.com\/es\/tours\/italia-es\/roma-es\/tour-privado-5-horas-castel-gandolfo-de-roma\/#primaryimage\"},\"image\":{\"@id\":\"https:\/\/tourtravelandmore.com\/es\/tours\/italia-es\/roma-es\/tour-privado-5-horas-castel-gandolfo-de-roma\/#primaryimage\"},\"thumbnailUrl\":\"https:\/\/tourtravelandmore.com\/wp-content\/uploads\/2018\/02\/Giardino_agrumeto_Giardini_del_Belvedere_III_20141006-scaled.jpg\",\"datePublished\":\"2018-02-01T13:58:01+00:00\",\"dateModified\":\"2024-08-21T15:48:43+00:00\",\"description\":\"Disfrute de visitar uno de los sitios m\u00e1s bonitos en los alrededores de Roma. Conozca los fabulosos jardines de Barberini y la residencia papal de verano \u2705\",\"breadcrumb\":{\"@id\":\"https:\/\/tourtravelandmore.com\/es\/tours\/italia-es\/roma-es\/tour-privado-5-horas-castel-gandolfo-de-roma\/#breadcrumb\"},\"inLanguage\":\"es\",\"potentialAction\":[{\"@type\":\"ReadAction\",\"target\":[\"https:\/\/tourtravelandmore.com\/es\/tours\/italia-es\/roma-es\/tour-privado-5-horas-castel-gandolfo-de-roma\/\"]}]},{\"@type\":\"ImageObject\",\"inLanguage\":\"es\",\"@id\":\"https:\/\/tourtravelandmore.com\/es\/tours\/italia-es\/roma-es\/tour-privado-5-horas-castel-gandolfo-de-roma\/#primaryimage\",\"url\":\"https:\/\/tourtravelandmore.com\/wp-content\/uploads\/2018\/02\/Giardino_agrumeto_Giardini_del_Belvedere_III_20141006-scaled.jpg\",\"contentUrl\":\"https:\/\/tourtravelandmore.com\/wp-content\/uploads\/2018\/02\/Giardino_agrumeto_Giardini_del_Belvedere_III_20141006-scaled.jpg\",\"width\":4128,\"height\":2322},{\"@type\":\"BreadcrumbList\",\"@id\":\"https:\/\/tourtravelandmore.com\/es\/tours\/italia-es\/roma-es\/tour-privado-5-horas-castel-gandolfo-de-roma\/#breadcrumb\",\"itemListElement\":[{\"@type\":\"ListItem\",\"position\":1,\"name\":\"Home\",\"item\":\"https:\/\/tourtravelandmore.com\/es\/\"},{\"@type\":\"ListItem\",\"position\":2,\"name\":\"Tours\",\"item\":\"https:\/\/tourtravelandmore.com\/es\/tours\/\"},{\"@type\":\"ListItem\",\"position\":3,\"name\":\"Tour Privado de Castel Gandolfo desde Roma\"}]},{\"@type\":\"WebSite\",\"@id\":\"https:\/\/tourtravelandmore.com\/es\/#website\",\"url\":\"https:\/\/tourtravelandmore.com\/es\/\",\"name\":\"Tour Travel And More\",\"description\":\"Private sightseeing tours and luxury transfers in Spain\",\"publisher\":{\"@id\":\"https:\/\/tourtravelandmore.com\/es\/#organization\"},\"potentialAction\":[{\"@type\":\"SearchAction\",\"target\":{\"@type\":\"EntryPoint\",\"urlTemplate\":\"https:\/\/tourtravelandmore.com\/es\/?s={search_term_string}\"},\"query-input\":{\"@type\":\"PropertyValueSpecification\",\"valueRequired\":true,\"valueName\":\"search_term_string\"}}],\"inLanguage\":\"es\"},{\"@type\":\"Organization\",\"@id\":\"https:\/\/tourtravelandmore.com\/es\/#organization\",\"name\":\"Tour Travel And More\",\"url\":\"https:\/\/tourtravelandmore.com\/es\/\",\"logo\":{\"@type\":\"ImageObject\",\"inLanguage\":\"es\",\"@id\":\"https:\/\/tourtravelandmore.com\/es\/#\/schema\/logo\/image\/\",\"url\":\"https:\/\/tourtravelandmore.com\/wp-content\/uploads\/2022\/12\/cropped-logo-cabecera-new.png\",\"contentUrl\":\"https:\/\/tourtravelandmore.com\/wp-content\/uploads\/2022\/12\/cropped-logo-cabecera-new.png\",\"width\":430,\"height\":61,\"caption\":\"Tour Travel And More\"},\"image\":{\"@id\":\"https:\/\/tourtravelandmore.com\/es\/#\/schema\/logo\/image\/\"},\"sameAs\":[\"https:\/\/www.facebook.com\/tourtravelandmore\/\",\"https:\/\/x.com\/TourTravel_More\"]}]}<\/script>\n<!-- \/ Yoast SEO Premium plugin. -->","yoast_head_json":{"title":"Tour Privado de Castel Gandolfo desde Roma con chofer y guia privado | TTM","description":"Disfrute de visitar uno de los sitios m\u00e1s bonitos en los alrededores de Roma. Conozca los fabulosos jardines de Barberini y la residencia papal de verano \u2705","robots":{"index":"index","follow":"follow","max-snippet":"max-snippet:-1","max-image-preview":"max-image-preview:large","max-video-preview":"max-video-preview:-1"},"canonical":"https:\/\/tourtravelandmore.com\/es\/tours\/italia-es\/roma-es\/tour-privado-5-horas-castel-gandolfo-de-roma\/","og_locale":"es_ES","og_type":"article","og_title":"Tour Privado de Castel Gandolfo desde Roma","og_description":"Disfrute de visitar uno de los sitios m\u00e1s bonitos en los alrededores de Roma. Conozca los fabulosos jardines de Barberini y la residencia papal de verano \u2705","og_url":"https:\/\/tourtravelandmore.com\/es\/tours\/italia-es\/roma-es\/tour-privado-5-horas-castel-gandolfo-de-roma\/","og_site_name":"Tour Travel And More","article_publisher":"https:\/\/www.facebook.com\/tourtravelandmore\/","article_modified_time":"2024-08-21T15:48:43+00:00","og_image":[{"width":4128,"height":2322,"url":"https:\/\/tourtravelandmore.com\/wp-content\/uploads\/2018\/02\/Giardino_agrumeto_Giardini_del_Belvedere_III_20141006-scaled.jpg","type":"image\/jpeg"}],"twitter_card":"summary_large_image","twitter_site":"@TourTravel_More","twitter_misc":{"Tiempo de lectura":"2 minutos"},"schema":{"@context":"https:\/\/schema.org","@graph":[{"@type":"WebPage","@id":"https:\/\/tourtravelandmore.com\/es\/tours\/italia-es\/roma-es\/tour-privado-5-horas-castel-gandolfo-de-roma\/","url":"https:\/\/tourtravelandmore.com\/es\/tours\/italia-es\/roma-es\/tour-privado-5-horas-castel-gandolfo-de-roma\/","name":"Tour Privado de Castel Gandolfo desde Roma con chofer y guia privado | TTM","isPartOf":{"@id":"https:\/\/tourtravelandmore.com\/es\/#website"},"primaryImageOfPage":{"@id":"https:\/\/tourtravelandmore.com\/es\/tours\/italia-es\/roma-es\/tour-privado-5-horas-castel-gandolfo-de-roma\/#primaryimage"},"image":{"@id":"https:\/\/tourtravelandmore.com\/es\/tours\/italia-es\/roma-es\/tour-privado-5-horas-castel-gandolfo-de-roma\/#primaryimage"},"thumbnailUrl":"https:\/\/tourtravelandmore.com\/wp-content\/uploads\/2018\/02\/Giardino_agrumeto_Giardini_del_Belvedere_III_20141006-scaled.jpg","datePublished":"2018-02-01T13:58:01+00:00","dateModified":"2024-08-21T15:48:43+00:00","description":"Disfrute de visitar uno de los sitios m\u00e1s bonitos en los alrededores de Roma. Conozca los fabulosos jardines de Barberini y la residencia papal de verano \u2705","breadcrumb":{"@id":"https:\/\/tourtravelandmore.com\/es\/tours\/italia-es\/roma-es\/tour-privado-5-horas-castel-gandolfo-de-roma\/#breadcrumb"},"inLanguage":"es","potentialAction":[{"@type":"ReadAction","target":["https:\/\/tourtravelandmore.com\/es\/tours\/italia-es\/roma-es\/tour-privado-5-horas-castel-gandolfo-de-roma\/"]}]},{"@type":"ImageObject","inLanguage":"es","@id":"https:\/\/tourtravelandmore.com\/es\/tours\/italia-es\/roma-es\/tour-privado-5-horas-castel-gandolfo-de-roma\/#primaryimage","url":"https:\/\/tourtravelandmore.com\/wp-content\/uploads\/2018\/02\/Giardino_agrumeto_Giardini_del_Belvedere_III_20141006-scaled.jpg","contentUrl":"https:\/\/tourtravelandmore.com\/wp-content\/uploads\/2018\/02\/Giardino_agrumeto_Giardini_del_Belvedere_III_20141006-scaled.jpg","width":4128,"height":2322},{"@type":"BreadcrumbList","@id":"https:\/\/tourtravelandmore.com\/es\/tours\/italia-es\/roma-es\/tour-privado-5-horas-castel-gandolfo-de-roma\/#breadcrumb","itemListElement":[{"@type":"ListItem","position":1,"name":"Home","item":"https:\/\/tourtravelandmore.com\/es\/"},{"@type":"ListItem","position":2,"name":"Tours","item":"https:\/\/tourtravelandmore.com\/es\/tours\/"},{"@type":"ListItem","position":3,"name":"Tour Privado de Castel Gandolfo desde Roma"}]},{"@type":"WebSite","@id":"https:\/\/tourtravelandmore.com\/es\/#website","url":"https:\/\/tourtravelandmore.com\/es\/","name":"Tour Travel And More","description":"Private sightseeing tours and luxury transfers in Spain","publisher":{"@id":"https:\/\/tourtravelandmore.com\/es\/#organization"},"potentialAction":[{"@type":"SearchAction","target":{"@type":"EntryPoint","urlTemplate":"https:\/\/tourtravelandmore.com\/es\/?s={search_term_string}"},"query-input":{"@type":"PropertyValueSpecification","valueRequired":true,"valueName":"search_term_string"}}],"inLanguage":"es"},{"@type":"Organization","@id":"https:\/\/tourtravelandmore.com\/es\/#organization","name":"Tour Travel And More","url":"https:\/\/tourtravelandmore.com\/es\/","logo":{"@type":"ImageObject","inLanguage":"es","@id":"https:\/\/tourtravelandmore.com\/es\/#\/schema\/logo\/image\/","url":"https:\/\/tourtravelandmore.com\/wp-content\/uploads\/2022\/12\/cropped-logo-cabecera-new.png","contentUrl":"https:\/\/tourtravelandmore.com\/wp-content\/uploads\/2022\/12\/cropped-logo-cabecera-new.png","width":430,"height":61,"caption":"Tour Travel And More"},"image":{"@id":"https:\/\/tourtravelandmore.com\/es\/#\/schema\/logo\/image\/"},"sameAs":["https:\/\/www.facebook.com\/tourtravelandmore\/","https:\/\/x.com\/TourTravel_More"]}]}},"_links":{"self":[{"href":"https:\/\/tourtravelandmore.com\/es\/wp-json\/wp\/v2\/product\/17576","targetHints":{"allow":["GET"]}}],"collection":[{"href":"https:\/\/tourtravelandmore.com\/es\/wp-json\/wp\/v2\/product"}],"about":[{"href":"https:\/\/tourtravelandmore.com\/es\/wp-json\/wp\/v2\/types\/product"}],"replies":[{"embeddable":true,"href":"https:\/\/tourtravelandmore.com\/es\/wp-json\/wp\/v2\/comments?post=17576"}],"wp:featuredmedia":[{"embeddable":true,"href":"https:\/\/tourtravelandmore.com\/es\/wp-json\/wp\/v2\/media\/17573"}],"wp:attachment":[{"href":"https:\/\/tourtravelandmore.com\/es\/wp-json\/wp\/v2\/media?parent=17576"}],"wp:term":[{"taxonomy":"product_brand","embeddable":true,"href":"https:\/\/tourtravelandmore.com\/es\/wp-json\/wp\/v2\/product_brand?post=17576"},{"taxonomy":"product_cat","embeddable":true,"href":"https:\/\/tourtravelandmore.com\/es\/wp-json\/wp\/v2\/product_cat?post=17576"},{"taxonomy":"product_tag","embeddable":true,"href":"https:\/\/tourtravelandmore.com\/es\/wp-json\/wp\/v2\/product_tag?post=17576"}],"curies":[{"name":"wp","href":"https:\/\/api.w.org\/{rel}","templated":true}]}}