{"id":175736,"date":"2024-07-29T21:54:48","date_gmt":"2024-07-29T19:54:48","guid":{"rendered":"https:\/\/tourtravelandmore.com\/?post_type=product&#038;p=175736"},"modified":"2024-07-29T22:00:43","modified_gmt":"2024-07-29T20:00:43","slug":"tour-privado-por-nueva-york-con-top-of-the-rock-copy","status":"publish","type":"product","link":"https:\/\/tourtravelandmore.com\/es\/tours\/eeuu-es\/nueva-york-es\/nueva-york-rutas-turisticas-privadas-es\/tour-privado-por-nueva-york-con-top-of-the-rock-copy\/","title":{"rendered":"Tour privado de los contrastes de Nueva York"},"content":{"rendered":"<h2><b><strong>Descripci\u00f3n<\/strong><\/b><\/h2>\n<p>Experimente el diverso y vibrante tapiz de la ciudad de Nueva York con nuestra Excursi\u00f3n Privada Contrastes de Nueva York. Este exclusivo viaje de 5 horas le llevar\u00e1 por los barrios m\u00e1s acomodados y desfavorecidos de la ciudad, proporcion\u00e1ndole una comprensi\u00f3n exhaustiva de su car\u00e1cter polifac\u00e9tico. Con un coche privado y un gu\u00eda experto a su servicio, explorar\u00e1 los marcados contrastes que definen la Gran Manzana, desde las opulentas calles del Upper East Side hasta las zonas hist\u00f3ricamente ricas y culturalmente vibrantes de Harlem y el Bronx.<\/p>\n<p>Le recogeremos en su hotel o en el lugar que elija de <b>Nueva <\/b>York en un<b> veh\u00edculo privado de lujo.<\/b> Durante esta excursi\u00f3n privada conocer\u00e1 los lugares emblem\u00e1ticos de esta incre\u00edble ciudad.<\/p>\n<p><b><strong>Nueva York<\/strong><\/b> est\u00e1 situada en el extremo sur del estado de Nueva York. Est\u00e1 considerada la capital cultural, financiera y medi\u00e1tica del mundo. La ciudad ofrece una riqu\u00edsima variedad de atracciones, es muy vanguardista y moderna. Se ha convertido en un nodo mundial de tolerancia social, libertad y diversidad cultural.<\/p>\n<p>Otra posible opci\u00f3n de visita privada en NY, es nuestra <a href=\"\u00abhttps:\/\/tourtravelandmore.com\/?p=73896\u00bb\/\">visita privada a pie de medio d\u00eda por NYC<\/a> con s\u00f3lo un gu\u00eda tur\u00edstico, \u00a1\u00e9chele un vistazo!<\/p>\n<h2><b><strong>Puntos de inter\u00e9s y lugares emblem\u00e1ticos<\/strong><\/b><\/h2>\n<p>Su recorrido comienza con una visita al emblem\u00e1tico <b><strong>Upper East Side,<\/strong><\/b> famoso por sus lujosas residencias, boutiques de alta gama y museos de categor\u00eda mundial. Aqu\u00ed ser\u00e1 testigo del ep\u00edtome de la <b><strong>vida elitista de<\/strong><\/b> Nueva York <b><strong>.<\/strong><\/b> Mientras recorre este prestigioso barrio, su gu\u00eda le contar\u00e1 historias fascinantes de los habitantes adinerados de la ciudad y de las maravillas arquitect\u00f3nicas que los albergan.<\/p>\n<p>A continuaci\u00f3n, atravesar\u00e1 el din\u00e1mico y art\u00edstico barrio de <b><strong>Harlem.<\/strong><\/b> Conocido por su importante papel en el renacimiento cultural afroamericano, <b><strong>Harlem<\/strong><\/b> es un centro neur\u00e1lgico de historia, m\u00fasica y comida soul. Aqu\u00ed explorar\u00e1 lugares emblem\u00e1ticos como el <b><strong>Teatro Apollo<\/strong><\/b> y conocer\u00e1 la vibrante comunidad que sigue dando forma a su legado.<\/p>\n<p>El recorrido contin\u00faa hacia el <b><strong>Bronx,<\/strong><\/b> un barrio que encarna la resistencia y la riqueza cultural. Visitar\u00e1 zonas que ponen de relieve el contraste entre los retos a los que se enfrentan sus residentes y el vibrante esp\u00edritu que mantiene pr\u00f3spera a la comunidad. El <b><strong>Bronx<\/strong><\/b> alberga tambi\u00e9n <b><strong>el estadio de los Yankees<\/strong><\/b> y el <b><strong>zoo del Bronx,<\/strong><\/b> lugares emblem\u00e1ticos que contribuyen a su encanto \u00fanico.<\/p>\n<p>Por \u00faltimo, se dirigir\u00e1 a <b><strong>Brooklyn,<\/strong><\/b> donde aburguesamiento y tradici\u00f3n coexisten en un delicado equilibrio. Desde los barrios de lujo de Brooklyn Heights hasta las zonas m\u00e1s modestas de Bushwick, ver\u00e1 c\u00f3mo ha evolucionado este distrito a lo largo de los a\u00f1os.<\/p>\n<p>En caso de que est\u00e9 interesado en visitar alg\u00fan monumento o museo en concreto, s\u00f3lo tiene que dec\u00edrnoslo y lo organizaremos todo para usted.<\/p>\n<p>Por \u00faltimo, al final del recorrido, su ch\u00f3fer privado y su gu\u00eda oficial le llevar\u00e1n de vuelta a su punto de partida en Nueva York.<\/p>\n","protected":false},"excerpt":{"rendered":"<p>Experimente el diverso y vibrante tapiz de la ciudad de Nueva York con nuestra Excursi\u00f3n Privada Contrastes de Nueva York. Este exclusivo viaje de 5 horas le llevar\u00e1 por los barrios m\u00e1s acomodados y desfavorecidos de la ciudad, proporcion\u00e1ndole una comprensi\u00f3n exhaustiva de su car\u00e1cter polifac\u00e9tico. Con un coche privado y un gu\u00eda experto a su servicio, explorar\u00e1 los marcados contrastes que definen la Gran Manzana, desde las opulentas calles del Upper East Side hasta las zonas hist\u00f3ricamente ricas y culturalmente vibrantes de Harlem y el Bronx.<\/p>\n","protected":false},"featured_media":175752,"comment_status":"open","ping_status":"closed","template":"","meta":{"_acf_changed":false},"product_brand":[],"product_cat":[1602,2015,2018,2017],"product_tag":[],"class_list":{"0":"post-175736","1":"product","2":"type-product","3":"status-publish","4":"has-post-thumbnail","6":"product_cat-eeuu-es","7":"product_cat-nueva-york-es","8":"product_cat-nueva-york-actividades-es","9":"product_cat-nueva-york-rutas-turisticas-privadas-es","11":"first","12":"instock","13":"shipping-taxable","14":"purchasable","15":"product-type-simple"},"acf":[],"yoast_head":"<!-- This site is optimized with the Yoast SEO Premium plugin v25.3.1 (Yoast SEO v25.3.1) - https:\/\/yoast.com\/wordpress\/plugins\/seo\/ -->\n<title>Tour Privado por Nueva York con Top of The Rock y gu\u00eda oficial<\/title>\n<meta name=\"description\" content=\"Disfrute de este TOUR PRIVADO por Nueva York con Top of The Rock, donde podr\u00e1 explorar sus maravillosos rascacielos, sus deslumbrantes museos y mucho m\u00e1s.\" \/>\n<meta name=\"robots\" content=\"index, follow, max-snippet:-1, max-image-preview:large, max-video-preview:-1\" \/>\n<link rel=\"canonical\" href=\"https:\/\/tourtravelandmore.com\/es\/tours\/eeuu-es\/nueva-york-es\/nueva-york-rutas-turisticas-privadas-es\/tour-privado-por-nueva-york-con-top-of-the-rock-copy\/\" \/>\n<meta property=\"og:locale\" content=\"es_ES\" \/>\n<meta property=\"og:type\" content=\"article\" \/>\n<meta property=\"og:title\" content=\"Tour privado de los contrastes de Nueva York\" \/>\n<meta property=\"og:description\" content=\"Disfrute de este TOUR PRIVADO por Nueva York con Top of The Rock, donde podr\u00e1 explorar sus maravillosos rascacielos, sus deslumbrantes museos y mucho m\u00e1s.\" \/>\n<meta property=\"og:url\" content=\"https:\/\/tourtravelandmore.com\/es\/tours\/eeuu-es\/nueva-york-es\/nueva-york-rutas-turisticas-privadas-es\/tour-privado-por-nueva-york-con-top-of-the-rock-copy\/\" \/>\n<meta property=\"og:site_name\" content=\"Tour Travel And More\" \/>\n<meta property=\"article:publisher\" content=\"https:\/\/www.facebook.com\/tourtravelandmore\/\" \/>\n<meta property=\"article:modified_time\" content=\"2024-07-29T20:00:43+00:00\" \/>\n<meta property=\"og:image\" content=\"https:\/\/tourtravelandmore.com\/wp-content\/uploads\/2024\/07\/pexels-vlada-karpovich-4451501-scaled.jpg\" \/>\n\t<meta property=\"og:image:width\" content=\"2560\" \/>\n\t<meta property=\"og:image:height\" content=\"1707\" \/>\n\t<meta property=\"og:image:type\" content=\"image\/jpeg\" \/>\n<meta name=\"twitter:card\" content=\"summary_large_image\" \/>\n<meta name=\"twitter:site\" content=\"@TourTravel_More\" \/>\n<meta name=\"twitter:label1\" content=\"Tiempo de lectura\" \/>\n\t<meta name=\"twitter:data1\" content=\"3 minutos\" \/>\n<script type=\"application\/ld+json\" class=\"yoast-schema-graph\">{\"@context\":\"https:\/\/schema.org\",\"@graph\":[{\"@type\":\"WebPage\",\"@id\":\"https:\/\/tourtravelandmore.com\/es\/tours\/eeuu-es\/nueva-york-es\/nueva-york-rutas-turisticas-privadas-es\/tour-privado-por-nueva-york-con-top-of-the-rock-copy\/\",\"url\":\"https:\/\/tourtravelandmore.com\/es\/tours\/eeuu-es\/nueva-york-es\/nueva-york-rutas-turisticas-privadas-es\/tour-privado-por-nueva-york-con-top-of-the-rock-copy\/\",\"name\":\"Tour Privado por Nueva York con Top of The Rock y gu\u00eda oficial\",\"isPartOf\":{\"@id\":\"https:\/\/tourtravelandmore.com\/es\/#website\"},\"primaryImageOfPage\":{\"@id\":\"https:\/\/tourtravelandmore.com\/es\/tours\/eeuu-es\/nueva-york-es\/nueva-york-rutas-turisticas-privadas-es\/tour-privado-por-nueva-york-con-top-of-the-rock-copy\/#primaryimage\"},\"image\":{\"@id\":\"https:\/\/tourtravelandmore.com\/es\/tours\/eeuu-es\/nueva-york-es\/nueva-york-rutas-turisticas-privadas-es\/tour-privado-por-nueva-york-con-top-of-the-rock-copy\/#primaryimage\"},\"thumbnailUrl\":\"https:\/\/tourtravelandmore.com\/wp-content\/uploads\/2024\/07\/pexels-vlada-karpovich-4451501-scaled.jpg\",\"datePublished\":\"2024-07-29T19:54:48+00:00\",\"dateModified\":\"2024-07-29T20:00:43+00:00\",\"description\":\"Disfrute de este TOUR PRIVADO por Nueva York con Top of The Rock, donde podr\u00e1 explorar sus maravillosos rascacielos, sus deslumbrantes museos y mucho m\u00e1s.\",\"breadcrumb\":{\"@id\":\"https:\/\/tourtravelandmore.com\/es\/tours\/eeuu-es\/nueva-york-es\/nueva-york-rutas-turisticas-privadas-es\/tour-privado-por-nueva-york-con-top-of-the-rock-copy\/#breadcrumb\"},\"inLanguage\":\"es\",\"potentialAction\":[{\"@type\":\"ReadAction\",\"target\":[\"https:\/\/tourtravelandmore.com\/es\/tours\/eeuu-es\/nueva-york-es\/nueva-york-rutas-turisticas-privadas-es\/tour-privado-por-nueva-york-con-top-of-the-rock-copy\/\"]}]},{\"@type\":\"ImageObject\",\"inLanguage\":\"es\",\"@id\":\"https:\/\/tourtravelandmore.com\/es\/tours\/eeuu-es\/nueva-york-es\/nueva-york-rutas-turisticas-privadas-es\/tour-privado-por-nueva-york-con-top-of-the-rock-copy\/#primaryimage\",\"url\":\"https:\/\/tourtravelandmore.com\/wp-content\/uploads\/2024\/07\/pexels-vlada-karpovich-4451501-scaled.jpg\",\"contentUrl\":\"https:\/\/tourtravelandmore.com\/wp-content\/uploads\/2024\/07\/pexels-vlada-karpovich-4451501-scaled.jpg\",\"width\":2560,\"height\":1707},{\"@type\":\"BreadcrumbList\",\"@id\":\"https:\/\/tourtravelandmore.com\/es\/tours\/eeuu-es\/nueva-york-es\/nueva-york-rutas-turisticas-privadas-es\/tour-privado-por-nueva-york-con-top-of-the-rock-copy\/#breadcrumb\",\"itemListElement\":[{\"@type\":\"ListItem\",\"position\":1,\"name\":\"Home\",\"item\":\"https:\/\/tourtravelandmore.com\/es\/\"},{\"@type\":\"ListItem\",\"position\":2,\"name\":\"Tours\",\"item\":\"https:\/\/tourtravelandmore.com\/es\/tours\/\"},{\"@type\":\"ListItem\",\"position\":3,\"name\":\"Tour privado de los contrastes de Nueva York\"}]},{\"@type\":\"WebSite\",\"@id\":\"https:\/\/tourtravelandmore.com\/es\/#website\",\"url\":\"https:\/\/tourtravelandmore.com\/es\/\",\"name\":\"Tour Travel And More\",\"description\":\"Private sightseeing tours and luxury transfers in Spain\",\"publisher\":{\"@id\":\"https:\/\/tourtravelandmore.com\/es\/#organization\"},\"potentialAction\":[{\"@type\":\"SearchAction\",\"target\":{\"@type\":\"EntryPoint\",\"urlTemplate\":\"https:\/\/tourtravelandmore.com\/es\/?s={search_term_string}\"},\"query-input\":{\"@type\":\"PropertyValueSpecification\",\"valueRequired\":true,\"valueName\":\"search_term_string\"}}],\"inLanguage\":\"es\"},{\"@type\":\"Organization\",\"@id\":\"https:\/\/tourtravelandmore.com\/es\/#organization\",\"name\":\"Tour Travel And More\",\"url\":\"https:\/\/tourtravelandmore.com\/es\/\",\"logo\":{\"@type\":\"ImageObject\",\"inLanguage\":\"es\",\"@id\":\"https:\/\/tourtravelandmore.com\/es\/#\/schema\/logo\/image\/\",\"url\":\"https:\/\/tourtravelandmore.com\/wp-content\/uploads\/2022\/12\/cropped-logo-cabecera-new.png\",\"contentUrl\":\"https:\/\/tourtravelandmore.com\/wp-content\/uploads\/2022\/12\/cropped-logo-cabecera-new.png\",\"width\":430,\"height\":61,\"caption\":\"Tour Travel And More\"},\"image\":{\"@id\":\"https:\/\/tourtravelandmore.com\/es\/#\/schema\/logo\/image\/\"},\"sameAs\":[\"https:\/\/www.facebook.com\/tourtravelandmore\/\",\"https:\/\/x.com\/TourTravel_More\"]}]}<\/script>\n<!-- \/ Yoast SEO Premium plugin. -->","yoast_head_json":{"title":"Tour Privado por Nueva York con Top of The Rock y gu\u00eda oficial","description":"Disfrute de este TOUR PRIVADO por Nueva York con Top of The Rock, donde podr\u00e1 explorar sus maravillosos rascacielos, sus deslumbrantes museos y mucho m\u00e1s.","robots":{"index":"index","follow":"follow","max-snippet":"max-snippet:-1","max-image-preview":"max-image-preview:large","max-video-preview":"max-video-preview:-1"},"canonical":"https:\/\/tourtravelandmore.com\/es\/tours\/eeuu-es\/nueva-york-es\/nueva-york-rutas-turisticas-privadas-es\/tour-privado-por-nueva-york-con-top-of-the-rock-copy\/","og_locale":"es_ES","og_type":"article","og_title":"Tour privado de los contrastes de Nueva York","og_description":"Disfrute de este TOUR PRIVADO por Nueva York con Top of The Rock, donde podr\u00e1 explorar sus maravillosos rascacielos, sus deslumbrantes museos y mucho m\u00e1s.","og_url":"https:\/\/tourtravelandmore.com\/es\/tours\/eeuu-es\/nueva-york-es\/nueva-york-rutas-turisticas-privadas-es\/tour-privado-por-nueva-york-con-top-of-the-rock-copy\/","og_site_name":"Tour Travel And More","article_publisher":"https:\/\/www.facebook.com\/tourtravelandmore\/","article_modified_time":"2024-07-29T20:00:43+00:00","og_image":[{"width":2560,"height":1707,"url":"https:\/\/tourtravelandmore.com\/wp-content\/uploads\/2024\/07\/pexels-vlada-karpovich-4451501-scaled.jpg","type":"image\/jpeg"}],"twitter_card":"summary_large_image","twitter_site":"@TourTravel_More","twitter_misc":{"Tiempo de lectura":"3 minutos"},"schema":{"@context":"https:\/\/schema.org","@graph":[{"@type":"WebPage","@id":"https:\/\/tourtravelandmore.com\/es\/tours\/eeuu-es\/nueva-york-es\/nueva-york-rutas-turisticas-privadas-es\/tour-privado-por-nueva-york-con-top-of-the-rock-copy\/","url":"https:\/\/tourtravelandmore.com\/es\/tours\/eeuu-es\/nueva-york-es\/nueva-york-rutas-turisticas-privadas-es\/tour-privado-por-nueva-york-con-top-of-the-rock-copy\/","name":"Tour Privado por Nueva York con Top of The Rock y gu\u00eda oficial","isPartOf":{"@id":"https:\/\/tourtravelandmore.com\/es\/#website"},"primaryImageOfPage":{"@id":"https:\/\/tourtravelandmore.com\/es\/tours\/eeuu-es\/nueva-york-es\/nueva-york-rutas-turisticas-privadas-es\/tour-privado-por-nueva-york-con-top-of-the-rock-copy\/#primaryimage"},"image":{"@id":"https:\/\/tourtravelandmore.com\/es\/tours\/eeuu-es\/nueva-york-es\/nueva-york-rutas-turisticas-privadas-es\/tour-privado-por-nueva-york-con-top-of-the-rock-copy\/#primaryimage"},"thumbnailUrl":"https:\/\/tourtravelandmore.com\/wp-content\/uploads\/2024\/07\/pexels-vlada-karpovich-4451501-scaled.jpg","datePublished":"2024-07-29T19:54:48+00:00","dateModified":"2024-07-29T20:00:43+00:00","description":"Disfrute de este TOUR PRIVADO por Nueva York con Top of The Rock, donde podr\u00e1 explorar sus maravillosos rascacielos, sus deslumbrantes museos y mucho m\u00e1s.","breadcrumb":{"@id":"https:\/\/tourtravelandmore.com\/es\/tours\/eeuu-es\/nueva-york-es\/nueva-york-rutas-turisticas-privadas-es\/tour-privado-por-nueva-york-con-top-of-the-rock-copy\/#breadcrumb"},"inLanguage":"es","potentialAction":[{"@type":"ReadAction","target":["https:\/\/tourtravelandmore.com\/es\/tours\/eeuu-es\/nueva-york-es\/nueva-york-rutas-turisticas-privadas-es\/tour-privado-por-nueva-york-con-top-of-the-rock-copy\/"]}]},{"@type":"ImageObject","inLanguage":"es","@id":"https:\/\/tourtravelandmore.com\/es\/tours\/eeuu-es\/nueva-york-es\/nueva-york-rutas-turisticas-privadas-es\/tour-privado-por-nueva-york-con-top-of-the-rock-copy\/#primaryimage","url":"https:\/\/tourtravelandmore.com\/wp-content\/uploads\/2024\/07\/pexels-vlada-karpovich-4451501-scaled.jpg","contentUrl":"https:\/\/tourtravelandmore.com\/wp-content\/uploads\/2024\/07\/pexels-vlada-karpovich-4451501-scaled.jpg","width":2560,"height":1707},{"@type":"BreadcrumbList","@id":"https:\/\/tourtravelandmore.com\/es\/tours\/eeuu-es\/nueva-york-es\/nueva-york-rutas-turisticas-privadas-es\/tour-privado-por-nueva-york-con-top-of-the-rock-copy\/#breadcrumb","itemListElement":[{"@type":"ListItem","position":1,"name":"Home","item":"https:\/\/tourtravelandmore.com\/es\/"},{"@type":"ListItem","position":2,"name":"Tours","item":"https:\/\/tourtravelandmore.com\/es\/tours\/"},{"@type":"ListItem","position":3,"name":"Tour privado de los contrastes de Nueva York"}]},{"@type":"WebSite","@id":"https:\/\/tourtravelandmore.com\/es\/#website","url":"https:\/\/tourtravelandmore.com\/es\/","name":"Tour Travel And More","description":"Private sightseeing tours and luxury transfers in Spain","publisher":{"@id":"https:\/\/tourtravelandmore.com\/es\/#organization"},"potentialAction":[{"@type":"SearchAction","target":{"@type":"EntryPoint","urlTemplate":"https:\/\/tourtravelandmore.com\/es\/?s={search_term_string}"},"query-input":{"@type":"PropertyValueSpecification","valueRequired":true,"valueName":"search_term_string"}}],"inLanguage":"es"},{"@type":"Organization","@id":"https:\/\/tourtravelandmore.com\/es\/#organization","name":"Tour Travel And More","url":"https:\/\/tourtravelandmore.com\/es\/","logo":{"@type":"ImageObject","inLanguage":"es","@id":"https:\/\/tourtravelandmore.com\/es\/#\/schema\/logo\/image\/","url":"https:\/\/tourtravelandmore.com\/wp-content\/uploads\/2022\/12\/cropped-logo-cabecera-new.png","contentUrl":"https:\/\/tourtravelandmore.com\/wp-content\/uploads\/2022\/12\/cropped-logo-cabecera-new.png","width":430,"height":61,"caption":"Tour Travel And More"},"image":{"@id":"https:\/\/tourtravelandmore.com\/es\/#\/schema\/logo\/image\/"},"sameAs":["https:\/\/www.facebook.com\/tourtravelandmore\/","https:\/\/x.com\/TourTravel_More"]}]}},"_links":{"self":[{"href":"https:\/\/tourtravelandmore.com\/es\/wp-json\/wp\/v2\/product\/175736","targetHints":{"allow":["GET"]}}],"collection":[{"href":"https:\/\/tourtravelandmore.com\/es\/wp-json\/wp\/v2\/product"}],"about":[{"href":"https:\/\/tourtravelandmore.com\/es\/wp-json\/wp\/v2\/types\/product"}],"replies":[{"embeddable":true,"href":"https:\/\/tourtravelandmore.com\/es\/wp-json\/wp\/v2\/comments?post=175736"}],"wp:featuredmedia":[{"embeddable":true,"href":"https:\/\/tourtravelandmore.com\/es\/wp-json\/wp\/v2\/media\/175752"}],"wp:attachment":[{"href":"https:\/\/tourtravelandmore.com\/es\/wp-json\/wp\/v2\/media?parent=175736"}],"wp:term":[{"taxonomy":"product_brand","embeddable":true,"href":"https:\/\/tourtravelandmore.com\/es\/wp-json\/wp\/v2\/product_brand?post=175736"},{"taxonomy":"product_cat","embeddable":true,"href":"https:\/\/tourtravelandmore.com\/es\/wp-json\/wp\/v2\/product_cat?post=175736"},{"taxonomy":"product_tag","embeddable":true,"href":"https:\/\/tourtravelandmore.com\/es\/wp-json\/wp\/v2\/product_tag?post=175736"}],"curies":[{"name":"wp","href":"https:\/\/api.w.org\/{rel}","templated":true}]}}