{"id":175550,"date":"2024-07-19T17:24:54","date_gmt":"2024-07-19T15:24:54","guid":{"rendered":"https:\/\/tourtravelandmore.com\/?post_type=product&#038;p=175550"},"modified":"2024-07-19T20:18:49","modified_gmt":"2024-07-19T18:18:49","slug":"tour-privado-a-pie-del-palacio-real-de-turin","status":"publish","type":"product","link":"https:\/\/tourtravelandmore.com\/es\/tours\/italia-es\/milan-es\/tour-privado-a-pie-del-palacio-real-de-turin\/","title":{"rendered":"Tour privado a pie del Palacio Real de Tur\u00edn"},"content":{"rendered":"<h2><b>Descripci\u00f3n<\/b><\/h2>\n<p>Descubra el esplendor hist\u00f3rico del Palacio Real de Tur\u00edn con nuestra exclusiva visita privada de 2 horas. Esta experiencia \u00fanica le llevar\u00e1 por los magn\u00edficos salones del palacio, la venerada Capilla de la S\u00e1bana Santa, la impresionante Armer\u00eda y los serenos jardines del palacio. Con la experiencia de un gu\u00eda experto y todas las entradas incluidas, sum\u00e9rjase en la rica historia y el exquisito arte de uno de los monumentos m\u00e1s preciados de Italia.<\/p>\n<p>La ciudad de Tur\u00edn es la capital de la regi\u00f3n del Piamonte. Fue la antigua sede del Reino de Saboya. El conocid\u00edsimo arquitecto Le Corbusier defini\u00f3 Tur\u00edn como \u00abla ciudad con el emplazamiento natural m\u00e1s bello del mundo\u00bb.<\/p>\n<p>Acomp\u00e1\u00f1enos en un viaje inolvidable a trav\u00e9s del tiempo en el Palacio Real de Tur\u00edn. Reserve hoy mismo su visita privada con Tour Travel &amp; More y experimente de primera mano la grandeza de la historia italiana.<\/p>\n<h2><b><strong>Puntos de inter\u00e9s y lugares emblem\u00e1ticos<\/strong><\/b><\/h2>\n<p>Comience su viaje en las opulentas estancias del Palacio Real, anta\u00f1o residencia de la Casa de Saboya. Marav\u00edllese ante la exquisita arquitectura, los suntuosos interiores y los objetos hist\u00f3ricos que narran la historia de la herencia real italiana.<\/p>\n<p>A continuaci\u00f3n, visite la Capilla de la S\u00e1bana Santa, un lugar sagrado famoso por albergar la S\u00e1bana Santa de Tur\u00edn. Aunque la S\u00e1bana Santa en s\u00ed rara vez est\u00e1 expuesta, el intrincado dise\u00f1o de la capilla y su significado espiritual proporcionan una experiencia profunda y conmovedora.<\/p>\n<p>Explore la gran Armer\u00eda, que alberga una de las colecciones de armas y armaduras m\u00e1s extensas del mundo. Desde espadas medievales hasta armas de fuego renacentistas, esta colecci\u00f3n ofrece una fascinante visi\u00f3n de la historia marcial de Europa.<\/p>\n<p>Concluya su visita con un paseo por los hermosos jardines del palacio. Dise\u00f1ados al estilo cl\u00e1sico italiano, estos jardines ofrecen un apacible retiro con sus cuidados c\u00e9spedes, elegantes fuentes e impresionantes vistas de la arquitectura circundante.<\/p>\n","protected":false},"excerpt":{"rendered":"<p>Acomp\u00e1\u00f1enos en un viaje inolvidable a trav\u00e9s del tiempo en el Palacio Real de Tur\u00edn. Reserve hoy mismo su visita privada con Tour Travel &amp; More y experimente de primera mano la grandeza de la historia italiana.<\/p>\n","protected":false},"featured_media":175566,"comment_status":"open","ping_status":"closed","template":"","meta":{"_acf_changed":false},"product_brand":[],"product_cat":[424,425,427,426,700,706,718,712],"product_tag":[],"class_list":{"0":"post-175550","1":"product","2":"type-product","3":"status-publish","4":"has-post-thumbnail","6":"product_cat-milan-es","7":"product_cat-milan-actividades-es","8":"product_cat-milan-rutas-turisticas-privadas-es","9":"product_cat-milan-excursiones-es","10":"product_cat-turin-es","11":"product_cat-turin-actividades-es","12":"product_cat-turin-rutas-turisticas-privadas-es","13":"product_cat-turin-excursiones-es","15":"first","16":"instock","17":"shipping-taxable","18":"purchasable","19":"product-type-simple"},"acf":[],"yoast_head":"<!-- This site is optimized with the Yoast SEO Premium plugin v25.3.1 (Yoast SEO v25.3.1) - https:\/\/yoast.com\/wordpress\/plugins\/seo\/ -->\n<title>Tour privado a pie del Palacio Real de Tur\u00edn | TTM<\/title>\n<meta name=\"description\" content=\"Visite la hermosa ciudad de Tur\u00edn. Tour privado a pie del Palacio Real de Tur\u00edn. Un gu\u00eda oficial privado lo estar\u00e1 esperando en Tur\u00edn \u2705\" \/>\n<meta name=\"robots\" content=\"index, follow, max-snippet:-1, max-image-preview:large, max-video-preview:-1\" \/>\n<link rel=\"canonical\" href=\"https:\/\/tourtravelandmore.com\/es\/tours\/italia-es\/milan-es\/tour-privado-a-pie-del-palacio-real-de-turin\/\" \/>\n<meta property=\"og:locale\" content=\"es_ES\" \/>\n<meta property=\"og:type\" content=\"article\" \/>\n<meta property=\"og:title\" content=\"Tour privado a pie del Palacio Real de Tur\u00edn\" \/>\n<meta property=\"og:description\" content=\"Visite la hermosa ciudad de Tur\u00edn. Tour privado a pie del Palacio Real de Tur\u00edn. Un gu\u00eda oficial privado lo estar\u00e1 esperando en Tur\u00edn \u2705\" \/>\n<meta property=\"og:url\" content=\"https:\/\/tourtravelandmore.com\/es\/tours\/italia-es\/milan-es\/tour-privado-a-pie-del-palacio-real-de-turin\/\" \/>\n<meta property=\"og:site_name\" content=\"Tour Travel And More\" \/>\n<meta property=\"article:publisher\" content=\"https:\/\/www.facebook.com\/tourtravelandmore\/\" \/>\n<meta property=\"article:modified_time\" content=\"2024-07-19T18:18:49+00:00\" \/>\n<meta property=\"og:image\" content=\"https:\/\/tourtravelandmore.com\/wp-content\/uploads\/2024\/07\/99.jpg\" \/>\n\t<meta property=\"og:image:width\" content=\"1585\" \/>\n\t<meta property=\"og:image:height\" content=\"792\" \/>\n\t<meta property=\"og:image:type\" content=\"image\/jpeg\" \/>\n<meta name=\"twitter:card\" content=\"summary_large_image\" \/>\n<meta name=\"twitter:site\" content=\"@TourTravel_More\" \/>\n<meta name=\"twitter:label1\" content=\"Tiempo de lectura\" \/>\n\t<meta name=\"twitter:data1\" content=\"2 minutos\" \/>\n<script type=\"application\/ld+json\" class=\"yoast-schema-graph\">{\"@context\":\"https:\/\/schema.org\",\"@graph\":[{\"@type\":\"WebPage\",\"@id\":\"https:\/\/tourtravelandmore.com\/es\/tours\/italia-es\/milan-es\/tour-privado-a-pie-del-palacio-real-de-turin\/\",\"url\":\"https:\/\/tourtravelandmore.com\/es\/tours\/italia-es\/milan-es\/tour-privado-a-pie-del-palacio-real-de-turin\/\",\"name\":\"Tour privado a pie del Palacio Real de Tur\u00edn | TTM\",\"isPartOf\":{\"@id\":\"https:\/\/tourtravelandmore.com\/es\/#website\"},\"primaryImageOfPage\":{\"@id\":\"https:\/\/tourtravelandmore.com\/es\/tours\/italia-es\/milan-es\/tour-privado-a-pie-del-palacio-real-de-turin\/#primaryimage\"},\"image\":{\"@id\":\"https:\/\/tourtravelandmore.com\/es\/tours\/italia-es\/milan-es\/tour-privado-a-pie-del-palacio-real-de-turin\/#primaryimage\"},\"thumbnailUrl\":\"https:\/\/tourtravelandmore.com\/wp-content\/uploads\/2024\/07\/99.jpg\",\"datePublished\":\"2024-07-19T15:24:54+00:00\",\"dateModified\":\"2024-07-19T18:18:49+00:00\",\"description\":\"Visite la hermosa ciudad de Tur\u00edn. Tour privado a pie del Palacio Real de Tur\u00edn. Un gu\u00eda oficial privado lo estar\u00e1 esperando en Tur\u00edn \u2705\",\"breadcrumb\":{\"@id\":\"https:\/\/tourtravelandmore.com\/es\/tours\/italia-es\/milan-es\/tour-privado-a-pie-del-palacio-real-de-turin\/#breadcrumb\"},\"inLanguage\":\"es\",\"potentialAction\":[{\"@type\":\"ReadAction\",\"target\":[\"https:\/\/tourtravelandmore.com\/es\/tours\/italia-es\/milan-es\/tour-privado-a-pie-del-palacio-real-de-turin\/\"]}]},{\"@type\":\"ImageObject\",\"inLanguage\":\"es\",\"@id\":\"https:\/\/tourtravelandmore.com\/es\/tours\/italia-es\/milan-es\/tour-privado-a-pie-del-palacio-real-de-turin\/#primaryimage\",\"url\":\"https:\/\/tourtravelandmore.com\/wp-content\/uploads\/2024\/07\/99.jpg\",\"contentUrl\":\"https:\/\/tourtravelandmore.com\/wp-content\/uploads\/2024\/07\/99.jpg\",\"width\":1585,\"height\":792},{\"@type\":\"BreadcrumbList\",\"@id\":\"https:\/\/tourtravelandmore.com\/es\/tours\/italia-es\/milan-es\/tour-privado-a-pie-del-palacio-real-de-turin\/#breadcrumb\",\"itemListElement\":[{\"@type\":\"ListItem\",\"position\":1,\"name\":\"Home\",\"item\":\"https:\/\/tourtravelandmore.com\/es\/\"},{\"@type\":\"ListItem\",\"position\":2,\"name\":\"Tours\",\"item\":\"https:\/\/tourtravelandmore.com\/es\/tours\/\"},{\"@type\":\"ListItem\",\"position\":3,\"name\":\"Tour privado a pie del Palacio Real de Tur\u00edn\"}]},{\"@type\":\"WebSite\",\"@id\":\"https:\/\/tourtravelandmore.com\/es\/#website\",\"url\":\"https:\/\/tourtravelandmore.com\/es\/\",\"name\":\"Tour Travel And More\",\"description\":\"Private sightseeing tours and luxury transfers in Spain\",\"publisher\":{\"@id\":\"https:\/\/tourtravelandmore.com\/es\/#organization\"},\"potentialAction\":[{\"@type\":\"SearchAction\",\"target\":{\"@type\":\"EntryPoint\",\"urlTemplate\":\"https:\/\/tourtravelandmore.com\/es\/?s={search_term_string}\"},\"query-input\":{\"@type\":\"PropertyValueSpecification\",\"valueRequired\":true,\"valueName\":\"search_term_string\"}}],\"inLanguage\":\"es\"},{\"@type\":\"Organization\",\"@id\":\"https:\/\/tourtravelandmore.com\/es\/#organization\",\"name\":\"Tour Travel And More\",\"url\":\"https:\/\/tourtravelandmore.com\/es\/\",\"logo\":{\"@type\":\"ImageObject\",\"inLanguage\":\"es\",\"@id\":\"https:\/\/tourtravelandmore.com\/es\/#\/schema\/logo\/image\/\",\"url\":\"https:\/\/tourtravelandmore.com\/wp-content\/uploads\/2022\/12\/cropped-logo-cabecera-new.png\",\"contentUrl\":\"https:\/\/tourtravelandmore.com\/wp-content\/uploads\/2022\/12\/cropped-logo-cabecera-new.png\",\"width\":430,\"height\":61,\"caption\":\"Tour Travel And More\"},\"image\":{\"@id\":\"https:\/\/tourtravelandmore.com\/es\/#\/schema\/logo\/image\/\"},\"sameAs\":[\"https:\/\/www.facebook.com\/tourtravelandmore\/\",\"https:\/\/x.com\/TourTravel_More\"]}]}<\/script>\n<!-- \/ Yoast SEO Premium plugin. -->","yoast_head_json":{"title":"Tour privado a pie del Palacio Real de Tur\u00edn | TTM","description":"Visite la hermosa ciudad de Tur\u00edn. Tour privado a pie del Palacio Real de Tur\u00edn. Un gu\u00eda oficial privado lo estar\u00e1 esperando en Tur\u00edn \u2705","robots":{"index":"index","follow":"follow","max-snippet":"max-snippet:-1","max-image-preview":"max-image-preview:large","max-video-preview":"max-video-preview:-1"},"canonical":"https:\/\/tourtravelandmore.com\/es\/tours\/italia-es\/milan-es\/tour-privado-a-pie-del-palacio-real-de-turin\/","og_locale":"es_ES","og_type":"article","og_title":"Tour privado a pie del Palacio Real de Tur\u00edn","og_description":"Visite la hermosa ciudad de Tur\u00edn. Tour privado a pie del Palacio Real de Tur\u00edn. Un gu\u00eda oficial privado lo estar\u00e1 esperando en Tur\u00edn \u2705","og_url":"https:\/\/tourtravelandmore.com\/es\/tours\/italia-es\/milan-es\/tour-privado-a-pie-del-palacio-real-de-turin\/","og_site_name":"Tour Travel And More","article_publisher":"https:\/\/www.facebook.com\/tourtravelandmore\/","article_modified_time":"2024-07-19T18:18:49+00:00","og_image":[{"width":1585,"height":792,"url":"https:\/\/tourtravelandmore.com\/wp-content\/uploads\/2024\/07\/99.jpg","type":"image\/jpeg"}],"twitter_card":"summary_large_image","twitter_site":"@TourTravel_More","twitter_misc":{"Tiempo de lectura":"2 minutos"},"schema":{"@context":"https:\/\/schema.org","@graph":[{"@type":"WebPage","@id":"https:\/\/tourtravelandmore.com\/es\/tours\/italia-es\/milan-es\/tour-privado-a-pie-del-palacio-real-de-turin\/","url":"https:\/\/tourtravelandmore.com\/es\/tours\/italia-es\/milan-es\/tour-privado-a-pie-del-palacio-real-de-turin\/","name":"Tour privado a pie del Palacio Real de Tur\u00edn | TTM","isPartOf":{"@id":"https:\/\/tourtravelandmore.com\/es\/#website"},"primaryImageOfPage":{"@id":"https:\/\/tourtravelandmore.com\/es\/tours\/italia-es\/milan-es\/tour-privado-a-pie-del-palacio-real-de-turin\/#primaryimage"},"image":{"@id":"https:\/\/tourtravelandmore.com\/es\/tours\/italia-es\/milan-es\/tour-privado-a-pie-del-palacio-real-de-turin\/#primaryimage"},"thumbnailUrl":"https:\/\/tourtravelandmore.com\/wp-content\/uploads\/2024\/07\/99.jpg","datePublished":"2024-07-19T15:24:54+00:00","dateModified":"2024-07-19T18:18:49+00:00","description":"Visite la hermosa ciudad de Tur\u00edn. Tour privado a pie del Palacio Real de Tur\u00edn. Un gu\u00eda oficial privado lo estar\u00e1 esperando en Tur\u00edn \u2705","breadcrumb":{"@id":"https:\/\/tourtravelandmore.com\/es\/tours\/italia-es\/milan-es\/tour-privado-a-pie-del-palacio-real-de-turin\/#breadcrumb"},"inLanguage":"es","potentialAction":[{"@type":"ReadAction","target":["https:\/\/tourtravelandmore.com\/es\/tours\/italia-es\/milan-es\/tour-privado-a-pie-del-palacio-real-de-turin\/"]}]},{"@type":"ImageObject","inLanguage":"es","@id":"https:\/\/tourtravelandmore.com\/es\/tours\/italia-es\/milan-es\/tour-privado-a-pie-del-palacio-real-de-turin\/#primaryimage","url":"https:\/\/tourtravelandmore.com\/wp-content\/uploads\/2024\/07\/99.jpg","contentUrl":"https:\/\/tourtravelandmore.com\/wp-content\/uploads\/2024\/07\/99.jpg","width":1585,"height":792},{"@type":"BreadcrumbList","@id":"https:\/\/tourtravelandmore.com\/es\/tours\/italia-es\/milan-es\/tour-privado-a-pie-del-palacio-real-de-turin\/#breadcrumb","itemListElement":[{"@type":"ListItem","position":1,"name":"Home","item":"https:\/\/tourtravelandmore.com\/es\/"},{"@type":"ListItem","position":2,"name":"Tours","item":"https:\/\/tourtravelandmore.com\/es\/tours\/"},{"@type":"ListItem","position":3,"name":"Tour privado a pie del Palacio Real de Tur\u00edn"}]},{"@type":"WebSite","@id":"https:\/\/tourtravelandmore.com\/es\/#website","url":"https:\/\/tourtravelandmore.com\/es\/","name":"Tour Travel And More","description":"Private sightseeing tours and luxury transfers in Spain","publisher":{"@id":"https:\/\/tourtravelandmore.com\/es\/#organization"},"potentialAction":[{"@type":"SearchAction","target":{"@type":"EntryPoint","urlTemplate":"https:\/\/tourtravelandmore.com\/es\/?s={search_term_string}"},"query-input":{"@type":"PropertyValueSpecification","valueRequired":true,"valueName":"search_term_string"}}],"inLanguage":"es"},{"@type":"Organization","@id":"https:\/\/tourtravelandmore.com\/es\/#organization","name":"Tour Travel And More","url":"https:\/\/tourtravelandmore.com\/es\/","logo":{"@type":"ImageObject","inLanguage":"es","@id":"https:\/\/tourtravelandmore.com\/es\/#\/schema\/logo\/image\/","url":"https:\/\/tourtravelandmore.com\/wp-content\/uploads\/2022\/12\/cropped-logo-cabecera-new.png","contentUrl":"https:\/\/tourtravelandmore.com\/wp-content\/uploads\/2022\/12\/cropped-logo-cabecera-new.png","width":430,"height":61,"caption":"Tour Travel And More"},"image":{"@id":"https:\/\/tourtravelandmore.com\/es\/#\/schema\/logo\/image\/"},"sameAs":["https:\/\/www.facebook.com\/tourtravelandmore\/","https:\/\/x.com\/TourTravel_More"]}]}},"_links":{"self":[{"href":"https:\/\/tourtravelandmore.com\/es\/wp-json\/wp\/v2\/product\/175550","targetHints":{"allow":["GET"]}}],"collection":[{"href":"https:\/\/tourtravelandmore.com\/es\/wp-json\/wp\/v2\/product"}],"about":[{"href":"https:\/\/tourtravelandmore.com\/es\/wp-json\/wp\/v2\/types\/product"}],"replies":[{"embeddable":true,"href":"https:\/\/tourtravelandmore.com\/es\/wp-json\/wp\/v2\/comments?post=175550"}],"wp:featuredmedia":[{"embeddable":true,"href":"https:\/\/tourtravelandmore.com\/es\/wp-json\/wp\/v2\/media\/175566"}],"wp:attachment":[{"href":"https:\/\/tourtravelandmore.com\/es\/wp-json\/wp\/v2\/media?parent=175550"}],"wp:term":[{"taxonomy":"product_brand","embeddable":true,"href":"https:\/\/tourtravelandmore.com\/es\/wp-json\/wp\/v2\/product_brand?post=175550"},{"taxonomy":"product_cat","embeddable":true,"href":"https:\/\/tourtravelandmore.com\/es\/wp-json\/wp\/v2\/product_cat?post=175550"},{"taxonomy":"product_tag","embeddable":true,"href":"https:\/\/tourtravelandmore.com\/es\/wp-json\/wp\/v2\/product_tag?post=175550"}],"curies":[{"name":"wp","href":"https:\/\/api.w.org\/{rel}","templated":true}]}}