{"id":17540,"date":"2018-02-01T13:48:36","date_gmt":"2018-02-01T13:06:51","guid":{"rendered":"http:\/\/tourtravelandmore.com\/es\/?post_type=product&#038;p=17540"},"modified":"2024-08-21T17:48:38","modified_gmt":"2024-08-21T15:48:38","slug":"tour-privado-3-horas-a-pie-galeria-borghese","status":"publish","type":"product","link":"https:\/\/tourtravelandmore.com\/es\/tours\/italia-es\/roma-es\/tour-privado-3-horas-a-pie-galeria-borghese\/","title":{"rendered":"Tour Privado de Galer\u00eda Borghese a pie"},"content":{"rendered":"<h2><strong>Descripci\u00f3n del Tour Privado por las Catacumbas de San Calixto<\/strong><\/h2>\n<p>Disfrute de este <strong>tour privado de Galer\u00eda Borghese a pie con gu\u00eda oficial<\/strong> y conozca uno de los museos m\u00e1s bellos y emblem\u00e1ticos de Roma.<\/p>\n<p>Te encontrar\u00e1s en tu gu\u00eda tur\u00edstico privado frente a la Galer\u00eda. Si desea que organicemos su traslado privado desde su hotel o lugar de elecci\u00f3n en Roma a la Galer\u00eda, no dude en contactarnos.<\/p>\n<p>La ciudad de <strong>Roma<\/strong> tiene m\u00e1s de 2760 a\u00f1os de existencia. Ha sido el hogar de uno de los imperios m\u00e1s grandes del mundo, el imperio romano y de la iglesia cat\u00f3lica. La ciudad ha sido uno de los lugares m\u00e1s influyentes de toda la historia del mundo.<\/p>\n<p>La <strong>Galer\u00eda Borghese<\/strong> est\u00e1 ubicada en la casa del siglo XVII de Cardenal Borghese. Durante este recorrido privado, podr\u00e1s ver toda la colecci\u00f3n privada que el Cardenal hab\u00eda estado recolectando durante su vida. La Galer\u00eda presenta obras de los mejores artistas del renacimiento: Bernini, Rafael, Caravaggio, Tiziano y muchos m\u00e1s.<\/p>\n<p>Aproveche esta oportunidad y conozca uno de los museos\/galer\u00edas m\u00e1s famosos de Roma en este recorrido privado a pie. Su gu\u00eda tur\u00edstico oficial privado le mostrar\u00e1 e iluminar\u00e1 con la historia de este maravilloso palacio y la incre\u00edble colecci\u00f3n privada de arte de la <strong>familia Borghese<\/strong>.<\/p>\n<h2><strong>Puntos de inter\u00e9s en el Tour Privado por las Catacumbas de San Calixto<\/strong><\/h2>\n<p>En primer lugar, se encontrar\u00e1 con su gu\u00eda tur\u00edstico oficial en la entrada principal de la Galer\u00eda Borghese para comenzar su recorrido privado a pie. Una vez dentro de la Galer\u00eda, podr\u00e1 admirar una gran colecci\u00f3n de arte y esculturas.<\/p>\n<p>La Galer\u00eda Borghese se compone de dos pisos, en el piso superior encontraremos la galer\u00eda de arte y en el piso inferior una colecci\u00f3n de esculturas. Arriba destacamos algunos <strong>Caravaggios<\/strong> y debajo, <strong>estatuas romanas y esculturas de Bernini<\/strong>.<\/p>\n<p>Entre otras esculturas y colecciones de arte, podr\u00e1 admirar:<\/p>\n<ul>\n<li><strong>Apolo y Daphne de Bernini<\/strong><\/li>\n<li><strong>El rapto de Proserpina de Bernini<\/strong><\/li>\n<li><strong>El David de Bernini<\/strong><\/li>\n<li><strong>Paulina Bonaparte de Canova<\/strong><\/li>\n<li><strong>Autorretrato de Caravaggio<\/strong><\/li>\n<li><strong>Descendimiento de Rafael<\/strong><\/li>\n<li><strong>\u00a1Y mucho m\u00e1s!<\/strong><\/li>\n<\/ul>\n<p>Finalmente, su gu\u00eda tur\u00edstico oficial privado lo dejar\u00e1 en la entrada principal de la Galer\u00eda. La entrada sin cola a la <a href=\"https:\/\/galleriaborghese.beniculturali.it\">Galer\u00eda<\/a> est\u00e1 incluida en el precio del tour.<\/p>\n<p>Este recorrido a pie tiene una duraci\u00f3n de 3 horas desde el inicio hasta el momento de devoluci\u00f3n. Tambi\u00e9n es posible organizar una duraci\u00f3n mayor o menor del recorrido, y adem\u00e1s un traslado en veh\u00edculo privado desde\/hacia su hotel en Roma. Este es un recorrido totalmente privado y personalizado, as\u00ed que no dude en contactarnos.<\/p>\n<p><strong>Si tambi\u00e9n desea experimentar un recorrido a pie privado en el exterior, eche un vistazo a nuestro <a href=\"https:\/\/tourtravelandmore.com\/es\/tours\/italia-es\/roma-es\/tour-privado-pie-de-3-horas-por-roma\/\">tour privado a pie de 3 horas por Roma<\/a>.<\/strong><\/p>\n","protected":false},"excerpt":{"rendered":"<p>Ven con nosotros y conozca uno de los museos m\u00e1s populares de Roma en esta experiencia con tu propio gu\u00eda tur\u00edstico oficial privado. <span class=\"JLqJ4b ChMk0b\" data-language-for-alternatives=\"es\" data-language-to-translate-into=\"en\" data-phrase-index=\"1\">La Galer\u00eda alberga obras de los mejores artistas del Renacimiento <strong>(\u00a1Bernini, Tiziano, Rapahel, Caravaggio y m\u00e1s!).<\/strong><\/span><\/p>\n<p>&nbsp;<\/p>\n","protected":false},"featured_media":17533,"comment_status":"open","ping_status":"closed","template":"","meta":{"_acf_changed":false},"product_brand":[],"product_cat":[367,368,371],"product_tag":[],"class_list":{"0":"post-17540","1":"product","2":"type-product","3":"status-publish","4":"has-post-thumbnail","6":"product_cat-roma-es","7":"product_cat-roma-actividades-es","8":"product_cat-roma-tours-privados-pie-es","10":"first","11":"instock","12":"shipping-taxable","13":"purchasable","14":"product-type-simple"},"acf":[],"yoast_head":"<!-- This site is optimized with the Yoast SEO Premium plugin v25.3.1 (Yoast SEO v25.3.1) - https:\/\/yoast.com\/wordpress\/plugins\/seo\/ -->\n<title>Tour Privado de Galer\u00eda Borghese a pie con guia oficial | TTM<\/title>\n<meta name=\"description\" content=\"Disfrute de este tour privado de Galer\u00eda Borghese a pie y visite unos de los museum mas bonitos de toda Roma. Entrada incluida en el precio del tour \u2705\" \/>\n<meta name=\"robots\" content=\"index, follow, max-snippet:-1, max-image-preview:large, max-video-preview:-1\" \/>\n<link rel=\"canonical\" href=\"https:\/\/tourtravelandmore.com\/es\/tours\/italia-es\/roma-es\/tour-privado-3-horas-a-pie-galeria-borghese\/\" \/>\n<meta property=\"og:locale\" content=\"es_ES\" \/>\n<meta property=\"og:type\" content=\"article\" \/>\n<meta property=\"og:title\" content=\"Tour Privado de Galer\u00eda Borghese a pie\" \/>\n<meta property=\"og:description\" content=\"Disfrute de este tour privado de Galer\u00eda Borghese a pie y visite unos de los museum mas bonitos de toda Roma. Entrada incluida en el precio del tour \u2705\" \/>\n<meta property=\"og:url\" content=\"https:\/\/tourtravelandmore.com\/es\/tours\/italia-es\/roma-es\/tour-privado-3-horas-a-pie-galeria-borghese\/\" \/>\n<meta property=\"og:site_name\" content=\"Tour Travel And More\" \/>\n<meta property=\"article:publisher\" content=\"https:\/\/www.facebook.com\/tourtravelandmore\/\" \/>\n<meta property=\"article:modified_time\" content=\"2024-08-21T15:48:38+00:00\" \/>\n<meta property=\"og:image\" content=\"https:\/\/tourtravelandmore.com\/wp-content\/uploads\/2018\/02\/Galleria_borghese_facade-scaled.jpg\" \/>\n\t<meta property=\"og:image:width\" content=\"4378\" \/>\n\t<meta property=\"og:image:height\" content=\"2574\" \/>\n\t<meta property=\"og:image:type\" content=\"image\/jpeg\" \/>\n<meta name=\"twitter:card\" content=\"summary_large_image\" \/>\n<meta name=\"twitter:site\" content=\"@TourTravel_More\" \/>\n<meta name=\"twitter:label1\" content=\"Tiempo de lectura\" \/>\n\t<meta name=\"twitter:data1\" content=\"2 minutos\" \/>\n<script type=\"application\/ld+json\" class=\"yoast-schema-graph\">{\"@context\":\"https:\/\/schema.org\",\"@graph\":[{\"@type\":\"WebPage\",\"@id\":\"https:\/\/tourtravelandmore.com\/es\/tours\/italia-es\/roma-es\/tour-privado-3-horas-a-pie-galeria-borghese\/\",\"url\":\"https:\/\/tourtravelandmore.com\/es\/tours\/italia-es\/roma-es\/tour-privado-3-horas-a-pie-galeria-borghese\/\",\"name\":\"Tour Privado de Galer\u00eda Borghese a pie con guia oficial | TTM\",\"isPartOf\":{\"@id\":\"https:\/\/tourtravelandmore.com\/es\/#website\"},\"primaryImageOfPage\":{\"@id\":\"https:\/\/tourtravelandmore.com\/es\/tours\/italia-es\/roma-es\/tour-privado-3-horas-a-pie-galeria-borghese\/#primaryimage\"},\"image\":{\"@id\":\"https:\/\/tourtravelandmore.com\/es\/tours\/italia-es\/roma-es\/tour-privado-3-horas-a-pie-galeria-borghese\/#primaryimage\"},\"thumbnailUrl\":\"https:\/\/tourtravelandmore.com\/wp-content\/uploads\/2018\/02\/Galleria_borghese_facade-scaled.jpg\",\"datePublished\":\"2018-02-01T13:06:51+00:00\",\"dateModified\":\"2024-08-21T15:48:38+00:00\",\"description\":\"Disfrute de este tour privado de Galer\u00eda Borghese a pie y visite unos de los museum mas bonitos de toda Roma. Entrada incluida en el precio del tour \u2705\",\"breadcrumb\":{\"@id\":\"https:\/\/tourtravelandmore.com\/es\/tours\/italia-es\/roma-es\/tour-privado-3-horas-a-pie-galeria-borghese\/#breadcrumb\"},\"inLanguage\":\"es\",\"potentialAction\":[{\"@type\":\"ReadAction\",\"target\":[\"https:\/\/tourtravelandmore.com\/es\/tours\/italia-es\/roma-es\/tour-privado-3-horas-a-pie-galeria-borghese\/\"]}]},{\"@type\":\"ImageObject\",\"inLanguage\":\"es\",\"@id\":\"https:\/\/tourtravelandmore.com\/es\/tours\/italia-es\/roma-es\/tour-privado-3-horas-a-pie-galeria-borghese\/#primaryimage\",\"url\":\"https:\/\/tourtravelandmore.com\/wp-content\/uploads\/2018\/02\/Galleria_borghese_facade-scaled.jpg\",\"contentUrl\":\"https:\/\/tourtravelandmore.com\/wp-content\/uploads\/2018\/02\/Galleria_borghese_facade-scaled.jpg\",\"width\":4378,\"height\":2574},{\"@type\":\"BreadcrumbList\",\"@id\":\"https:\/\/tourtravelandmore.com\/es\/tours\/italia-es\/roma-es\/tour-privado-3-horas-a-pie-galeria-borghese\/#breadcrumb\",\"itemListElement\":[{\"@type\":\"ListItem\",\"position\":1,\"name\":\"Home\",\"item\":\"https:\/\/tourtravelandmore.com\/es\/\"},{\"@type\":\"ListItem\",\"position\":2,\"name\":\"Tours\",\"item\":\"https:\/\/tourtravelandmore.com\/es\/tours\/\"},{\"@type\":\"ListItem\",\"position\":3,\"name\":\"Tour Privado de Galer\u00eda Borghese a pie\"}]},{\"@type\":\"WebSite\",\"@id\":\"https:\/\/tourtravelandmore.com\/es\/#website\",\"url\":\"https:\/\/tourtravelandmore.com\/es\/\",\"name\":\"Tour Travel And More\",\"description\":\"Private sightseeing tours and luxury transfers in Spain\",\"publisher\":{\"@id\":\"https:\/\/tourtravelandmore.com\/es\/#organization\"},\"potentialAction\":[{\"@type\":\"SearchAction\",\"target\":{\"@type\":\"EntryPoint\",\"urlTemplate\":\"https:\/\/tourtravelandmore.com\/es\/?s={search_term_string}\"},\"query-input\":{\"@type\":\"PropertyValueSpecification\",\"valueRequired\":true,\"valueName\":\"search_term_string\"}}],\"inLanguage\":\"es\"},{\"@type\":\"Organization\",\"@id\":\"https:\/\/tourtravelandmore.com\/es\/#organization\",\"name\":\"Tour Travel And More\",\"url\":\"https:\/\/tourtravelandmore.com\/es\/\",\"logo\":{\"@type\":\"ImageObject\",\"inLanguage\":\"es\",\"@id\":\"https:\/\/tourtravelandmore.com\/es\/#\/schema\/logo\/image\/\",\"url\":\"https:\/\/tourtravelandmore.com\/wp-content\/uploads\/2022\/12\/cropped-logo-cabecera-new.png\",\"contentUrl\":\"https:\/\/tourtravelandmore.com\/wp-content\/uploads\/2022\/12\/cropped-logo-cabecera-new.png\",\"width\":430,\"height\":61,\"caption\":\"Tour Travel And More\"},\"image\":{\"@id\":\"https:\/\/tourtravelandmore.com\/es\/#\/schema\/logo\/image\/\"},\"sameAs\":[\"https:\/\/www.facebook.com\/tourtravelandmore\/\",\"https:\/\/x.com\/TourTravel_More\"]}]}<\/script>\n<!-- \/ Yoast SEO Premium plugin. -->","yoast_head_json":{"title":"Tour Privado de Galer\u00eda Borghese a pie con guia oficial | TTM","description":"Disfrute de este tour privado de Galer\u00eda Borghese a pie y visite unos de los museum mas bonitos de toda Roma. Entrada incluida en el precio del tour \u2705","robots":{"index":"index","follow":"follow","max-snippet":"max-snippet:-1","max-image-preview":"max-image-preview:large","max-video-preview":"max-video-preview:-1"},"canonical":"https:\/\/tourtravelandmore.com\/es\/tours\/italia-es\/roma-es\/tour-privado-3-horas-a-pie-galeria-borghese\/","og_locale":"es_ES","og_type":"article","og_title":"Tour Privado de Galer\u00eda Borghese a pie","og_description":"Disfrute de este tour privado de Galer\u00eda Borghese a pie y visite unos de los museum mas bonitos de toda Roma. Entrada incluida en el precio del tour \u2705","og_url":"https:\/\/tourtravelandmore.com\/es\/tours\/italia-es\/roma-es\/tour-privado-3-horas-a-pie-galeria-borghese\/","og_site_name":"Tour Travel And More","article_publisher":"https:\/\/www.facebook.com\/tourtravelandmore\/","article_modified_time":"2024-08-21T15:48:38+00:00","og_image":[{"width":4378,"height":2574,"url":"https:\/\/tourtravelandmore.com\/wp-content\/uploads\/2018\/02\/Galleria_borghese_facade-scaled.jpg","type":"image\/jpeg"}],"twitter_card":"summary_large_image","twitter_site":"@TourTravel_More","twitter_misc":{"Tiempo de lectura":"2 minutos"},"schema":{"@context":"https:\/\/schema.org","@graph":[{"@type":"WebPage","@id":"https:\/\/tourtravelandmore.com\/es\/tours\/italia-es\/roma-es\/tour-privado-3-horas-a-pie-galeria-borghese\/","url":"https:\/\/tourtravelandmore.com\/es\/tours\/italia-es\/roma-es\/tour-privado-3-horas-a-pie-galeria-borghese\/","name":"Tour Privado de Galer\u00eda Borghese a pie con guia oficial | TTM","isPartOf":{"@id":"https:\/\/tourtravelandmore.com\/es\/#website"},"primaryImageOfPage":{"@id":"https:\/\/tourtravelandmore.com\/es\/tours\/italia-es\/roma-es\/tour-privado-3-horas-a-pie-galeria-borghese\/#primaryimage"},"image":{"@id":"https:\/\/tourtravelandmore.com\/es\/tours\/italia-es\/roma-es\/tour-privado-3-horas-a-pie-galeria-borghese\/#primaryimage"},"thumbnailUrl":"https:\/\/tourtravelandmore.com\/wp-content\/uploads\/2018\/02\/Galleria_borghese_facade-scaled.jpg","datePublished":"2018-02-01T13:06:51+00:00","dateModified":"2024-08-21T15:48:38+00:00","description":"Disfrute de este tour privado de Galer\u00eda Borghese a pie y visite unos de los museum mas bonitos de toda Roma. Entrada incluida en el precio del tour \u2705","breadcrumb":{"@id":"https:\/\/tourtravelandmore.com\/es\/tours\/italia-es\/roma-es\/tour-privado-3-horas-a-pie-galeria-borghese\/#breadcrumb"},"inLanguage":"es","potentialAction":[{"@type":"ReadAction","target":["https:\/\/tourtravelandmore.com\/es\/tours\/italia-es\/roma-es\/tour-privado-3-horas-a-pie-galeria-borghese\/"]}]},{"@type":"ImageObject","inLanguage":"es","@id":"https:\/\/tourtravelandmore.com\/es\/tours\/italia-es\/roma-es\/tour-privado-3-horas-a-pie-galeria-borghese\/#primaryimage","url":"https:\/\/tourtravelandmore.com\/wp-content\/uploads\/2018\/02\/Galleria_borghese_facade-scaled.jpg","contentUrl":"https:\/\/tourtravelandmore.com\/wp-content\/uploads\/2018\/02\/Galleria_borghese_facade-scaled.jpg","width":4378,"height":2574},{"@type":"BreadcrumbList","@id":"https:\/\/tourtravelandmore.com\/es\/tours\/italia-es\/roma-es\/tour-privado-3-horas-a-pie-galeria-borghese\/#breadcrumb","itemListElement":[{"@type":"ListItem","position":1,"name":"Home","item":"https:\/\/tourtravelandmore.com\/es\/"},{"@type":"ListItem","position":2,"name":"Tours","item":"https:\/\/tourtravelandmore.com\/es\/tours\/"},{"@type":"ListItem","position":3,"name":"Tour Privado de Galer\u00eda Borghese a pie"}]},{"@type":"WebSite","@id":"https:\/\/tourtravelandmore.com\/es\/#website","url":"https:\/\/tourtravelandmore.com\/es\/","name":"Tour Travel And More","description":"Private sightseeing tours and luxury transfers in Spain","publisher":{"@id":"https:\/\/tourtravelandmore.com\/es\/#organization"},"potentialAction":[{"@type":"SearchAction","target":{"@type":"EntryPoint","urlTemplate":"https:\/\/tourtravelandmore.com\/es\/?s={search_term_string}"},"query-input":{"@type":"PropertyValueSpecification","valueRequired":true,"valueName":"search_term_string"}}],"inLanguage":"es"},{"@type":"Organization","@id":"https:\/\/tourtravelandmore.com\/es\/#organization","name":"Tour Travel And More","url":"https:\/\/tourtravelandmore.com\/es\/","logo":{"@type":"ImageObject","inLanguage":"es","@id":"https:\/\/tourtravelandmore.com\/es\/#\/schema\/logo\/image\/","url":"https:\/\/tourtravelandmore.com\/wp-content\/uploads\/2022\/12\/cropped-logo-cabecera-new.png","contentUrl":"https:\/\/tourtravelandmore.com\/wp-content\/uploads\/2022\/12\/cropped-logo-cabecera-new.png","width":430,"height":61,"caption":"Tour Travel And More"},"image":{"@id":"https:\/\/tourtravelandmore.com\/es\/#\/schema\/logo\/image\/"},"sameAs":["https:\/\/www.facebook.com\/tourtravelandmore\/","https:\/\/x.com\/TourTravel_More"]}]}},"_links":{"self":[{"href":"https:\/\/tourtravelandmore.com\/es\/wp-json\/wp\/v2\/product\/17540","targetHints":{"allow":["GET"]}}],"collection":[{"href":"https:\/\/tourtravelandmore.com\/es\/wp-json\/wp\/v2\/product"}],"about":[{"href":"https:\/\/tourtravelandmore.com\/es\/wp-json\/wp\/v2\/types\/product"}],"replies":[{"embeddable":true,"href":"https:\/\/tourtravelandmore.com\/es\/wp-json\/wp\/v2\/comments?post=17540"}],"wp:featuredmedia":[{"embeddable":true,"href":"https:\/\/tourtravelandmore.com\/es\/wp-json\/wp\/v2\/media\/17533"}],"wp:attachment":[{"href":"https:\/\/tourtravelandmore.com\/es\/wp-json\/wp\/v2\/media?parent=17540"}],"wp:term":[{"taxonomy":"product_brand","embeddable":true,"href":"https:\/\/tourtravelandmore.com\/es\/wp-json\/wp\/v2\/product_brand?post=17540"},{"taxonomy":"product_cat","embeddable":true,"href":"https:\/\/tourtravelandmore.com\/es\/wp-json\/wp\/v2\/product_cat?post=17540"},{"taxonomy":"product_tag","embeddable":true,"href":"https:\/\/tourtravelandmore.com\/es\/wp-json\/wp\/v2\/product_tag?post=17540"}],"curies":[{"name":"wp","href":"https:\/\/api.w.org\/{rel}","templated":true}]}}