{"id":175320,"date":"2024-06-03T20:37:21","date_gmt":"2024-06-03T18:37:21","guid":{"rendered":"https:\/\/tourtravelandmore.com\/?post_type=product&#038;p=175320"},"modified":"2024-07-05T13:21:47","modified_gmt":"2024-07-05T11:21:47","slug":"traslado-privado-a-segovia-desde-madrid-copy","status":"publish","type":"product","link":"https:\/\/tourtravelandmore.com\/es\/tours\/espana-es\/madrid-es\/traslado-privado-a-segovia-desde-madrid-copy\/","title":{"rendered":"Traslado Privado de Madrid a Avila"},"content":{"rendered":"<h2>Traslado Privado Madrid a Avila | Descripci\u00f3n<\/h2>\n<p>Tome este f\u00e1cil y c\u00f3modo <strong>Traslado Privado<\/strong> de ida, <strong>Madrid<\/strong> a <strong>\u00c1vila.<\/strong> Es la mejor manera de llegar a \u00c1vila de forma segura.<\/p>\n<p>En primer lugar, su ch\u00f3fer privado en un veh\u00edculo de lujo le recoger\u00e1 en su hotel o en el lugar de su elecci\u00f3n en Madrid. Tambi\u00e9n podemos organizar una recogida privada en el aeropuerto si s\u00f3lo planea dirigirse a \u00c1vila por unos d\u00edas.<\/p>\n<p>A continuaci\u00f3n, nos dirigiremos c\u00f3modamente hacia \u00c1vila. El trayecto durar\u00e1 aproximadamente 1 hora desde la ciudad de Madrid.<\/p>\n<p>Para los traslados disponemos de veh\u00edculos Mercedes Clase E, Mercedes Clase V y monovol\u00famenes. El n\u00famero de equipajes no est\u00e1 limitado. Le rogamos que nos comunique si va a llevar m\u00e1s de 1 pieza de equipaje por persona. Los veh\u00edculos est\u00e1n preparados para 1 pieza de equipaje por persona en cada uno. Si tiene m\u00e1s equipaje, tendremos que organizar un tipo de veh\u00edculo diferente. Esto puede suponer un suplemento en la tarifa indicada.<\/p>\n<h2><strong>Puntos de Inter\u00e9s en el Traslado Privado a \u00c1vila desde Madrid<\/strong><\/h2>\n<p>Emb\u00e1rquese en un viaje sin contratiempos de Madrid a \u00c1vila con el servicio de traslado privado de Tour Travel &amp; More. Partiendo de la vibrante capital de Espa\u00f1a, Madrid, su c\u00f3modo y lujoso coche privado le espera para transportarle a la encantadora ciudad de \u00c1vila. Tanto si viaja solo, como si es una pareja en busca de una escapada rom\u00e1ntica o una familia que explora el rico patrimonio cultural espa\u00f1ol, nuestro traslado privado le garantiza una experiencia agradable y sin complicaciones.<\/p>\n<p>Disfrute de la comodidad de un servicio puerta a puerta con nuestro traslado privado de Madrid a \u00c1vila. No tendr\u00e1 que preocuparse por desplazarse en transporte p\u00fablico o llamar a un taxi; nuestro conductor profesional le recoger\u00e1 directamente en el lugar que desee de Madrid y le dejar\u00e1 en su alojamiento de \u00c1vila.<\/p>\n<p>Puede consultar nuestros<a href=\"https:\/\/tourtravelandmore.com\/es\/ciudad\/espana-es\/madrid-es\/\"> tours privados de la ciudad de Madrid.<\/a><\/p>\n","protected":false},"excerpt":{"rendered":"<p>Tome este f\u00e1cil y c\u00f3modo <strong>Traslado Privado<\/strong> de ida, <strong>Madrid<\/strong> a <strong>\u00c1vila.<\/strong> Es la mejor manera de llegar a \u00c1vila de forma segura.<\/p>\n","protected":false},"featured_media":31621,"comment_status":"open","ping_status":"closed","template":"","meta":{"_acf_changed":false},"product_brand":[],"product_cat":[1596,2404,284,289],"product_tag":[4041,4040],"class_list":{"0":"post-175320","1":"product","2":"type-product","3":"status-publish","4":"has-post-thumbnail","6":"product_cat-espana-es","7":"product_cat-avila-tour-es","8":"product_cat-madrid-es","9":"product_cat-madrid-traslados-es","10":"product_tag-private-es","11":"product_tag-transfer-es","13":"first","14":"instock","15":"shipping-taxable","16":"purchasable","17":"product-type-simple"},"acf":[],"yoast_head":"<!-- This site is optimized with the Yoast SEO Premium plugin v25.3.1 (Yoast SEO v25.3.1) - https:\/\/yoast.com\/wordpress\/plugins\/seo\/ -->\n<title>\u27a1\ufe0f Traslado Privado a Segovia desde \u00c1vila | Tour Travel &amp; More<\/title>\n<meta name=\"description\" content=\"LLegara a \u00c1vila de forma r\u00e1pida y segura con nuestro Transfer Segovia Madrid, con nuestro conductor privado y vehiculo de lujo \u2705\" \/>\n<meta name=\"robots\" content=\"index, follow, max-snippet:-1, max-image-preview:large, max-video-preview:-1\" \/>\n<link rel=\"canonical\" href=\"https:\/\/tourtravelandmore.com\/es\/tours\/espana-es\/madrid-es\/traslado-privado-a-segovia-desde-madrid-copy\/\" \/>\n<meta property=\"og:locale\" content=\"es_ES\" \/>\n<meta property=\"og:type\" content=\"article\" \/>\n<meta property=\"og:title\" content=\"Traslado Privado de Madrid a Avila\" \/>\n<meta property=\"og:description\" content=\"LLegara a \u00c1vila de forma r\u00e1pida y segura con nuestro Transfer Segovia Madrid, con nuestro conductor privado y vehiculo de lujo \u2705\" \/>\n<meta property=\"og:url\" content=\"https:\/\/tourtravelandmore.com\/es\/tours\/espana-es\/madrid-es\/traslado-privado-a-segovia-desde-madrid-copy\/\" \/>\n<meta property=\"og:site_name\" content=\"Tour Travel And More\" \/>\n<meta property=\"article:publisher\" content=\"https:\/\/www.facebook.com\/tourtravelandmore\/\" \/>\n<meta property=\"article:modified_time\" content=\"2024-07-05T11:21:47+00:00\" \/>\n<meta property=\"og:image\" content=\"https:\/\/tourtravelandmore.com\/wp-content\/uploads\/2019\/01\/Cars-de-Luxe-22.jpg\" \/>\n\t<meta property=\"og:image:width\" content=\"1146\" \/>\n\t<meta property=\"og:image:height\" content=\"789\" \/>\n\t<meta property=\"og:image:type\" content=\"image\/jpeg\" \/>\n<meta name=\"twitter:card\" content=\"summary_large_image\" \/>\n<meta name=\"twitter:site\" content=\"@TourTravel_More\" \/>\n<meta name=\"twitter:label1\" content=\"Tiempo de lectura\" \/>\n\t<meta name=\"twitter:data1\" content=\"2 minutos\" \/>\n<script type=\"application\/ld+json\" class=\"yoast-schema-graph\">{\"@context\":\"https:\/\/schema.org\",\"@graph\":[{\"@type\":\"WebPage\",\"@id\":\"https:\/\/tourtravelandmore.com\/es\/tours\/espana-es\/madrid-es\/traslado-privado-a-segovia-desde-madrid-copy\/\",\"url\":\"https:\/\/tourtravelandmore.com\/es\/tours\/espana-es\/madrid-es\/traslado-privado-a-segovia-desde-madrid-copy\/\",\"name\":\"\u27a1\ufe0f Traslado Privado a Segovia desde \u00c1vila | Tour Travel & More\",\"isPartOf\":{\"@id\":\"https:\/\/tourtravelandmore.com\/es\/#website\"},\"primaryImageOfPage\":{\"@id\":\"https:\/\/tourtravelandmore.com\/es\/tours\/espana-es\/madrid-es\/traslado-privado-a-segovia-desde-madrid-copy\/#primaryimage\"},\"image\":{\"@id\":\"https:\/\/tourtravelandmore.com\/es\/tours\/espana-es\/madrid-es\/traslado-privado-a-segovia-desde-madrid-copy\/#primaryimage\"},\"thumbnailUrl\":\"https:\/\/tourtravelandmore.com\/wp-content\/uploads\/2019\/01\/Cars-de-Luxe-22.jpg\",\"datePublished\":\"2024-06-03T18:37:21+00:00\",\"dateModified\":\"2024-07-05T11:21:47+00:00\",\"description\":\"LLegara a \u00c1vila de forma r\u00e1pida y segura con nuestro Transfer Segovia Madrid, con nuestro conductor privado y vehiculo de lujo \u2705\",\"breadcrumb\":{\"@id\":\"https:\/\/tourtravelandmore.com\/es\/tours\/espana-es\/madrid-es\/traslado-privado-a-segovia-desde-madrid-copy\/#breadcrumb\"},\"inLanguage\":\"es\",\"potentialAction\":[{\"@type\":\"ReadAction\",\"target\":[\"https:\/\/tourtravelandmore.com\/es\/tours\/espana-es\/madrid-es\/traslado-privado-a-segovia-desde-madrid-copy\/\"]}]},{\"@type\":\"ImageObject\",\"inLanguage\":\"es\",\"@id\":\"https:\/\/tourtravelandmore.com\/es\/tours\/espana-es\/madrid-es\/traslado-privado-a-segovia-desde-madrid-copy\/#primaryimage\",\"url\":\"https:\/\/tourtravelandmore.com\/wp-content\/uploads\/2019\/01\/Cars-de-Luxe-22.jpg\",\"contentUrl\":\"https:\/\/tourtravelandmore.com\/wp-content\/uploads\/2019\/01\/Cars-de-Luxe-22.jpg\",\"width\":1146,\"height\":789},{\"@type\":\"BreadcrumbList\",\"@id\":\"https:\/\/tourtravelandmore.com\/es\/tours\/espana-es\/madrid-es\/traslado-privado-a-segovia-desde-madrid-copy\/#breadcrumb\",\"itemListElement\":[{\"@type\":\"ListItem\",\"position\":1,\"name\":\"Home\",\"item\":\"https:\/\/tourtravelandmore.com\/es\/\"},{\"@type\":\"ListItem\",\"position\":2,\"name\":\"Tours\",\"item\":\"https:\/\/tourtravelandmore.com\/es\/tours\/\"},{\"@type\":\"ListItem\",\"position\":3,\"name\":\"Traslado Privado de Madrid a Avila\"}]},{\"@type\":\"WebSite\",\"@id\":\"https:\/\/tourtravelandmore.com\/es\/#website\",\"url\":\"https:\/\/tourtravelandmore.com\/es\/\",\"name\":\"Tour Travel And More\",\"description\":\"Private sightseeing tours and luxury transfers in Spain\",\"publisher\":{\"@id\":\"https:\/\/tourtravelandmore.com\/es\/#organization\"},\"potentialAction\":[{\"@type\":\"SearchAction\",\"target\":{\"@type\":\"EntryPoint\",\"urlTemplate\":\"https:\/\/tourtravelandmore.com\/es\/?s={search_term_string}\"},\"query-input\":{\"@type\":\"PropertyValueSpecification\",\"valueRequired\":true,\"valueName\":\"search_term_string\"}}],\"inLanguage\":\"es\"},{\"@type\":\"Organization\",\"@id\":\"https:\/\/tourtravelandmore.com\/es\/#organization\",\"name\":\"Tour Travel And More\",\"url\":\"https:\/\/tourtravelandmore.com\/es\/\",\"logo\":{\"@type\":\"ImageObject\",\"inLanguage\":\"es\",\"@id\":\"https:\/\/tourtravelandmore.com\/es\/#\/schema\/logo\/image\/\",\"url\":\"https:\/\/tourtravelandmore.com\/wp-content\/uploads\/2022\/12\/cropped-logo-cabecera-new.png\",\"contentUrl\":\"https:\/\/tourtravelandmore.com\/wp-content\/uploads\/2022\/12\/cropped-logo-cabecera-new.png\",\"width\":430,\"height\":61,\"caption\":\"Tour Travel And More\"},\"image\":{\"@id\":\"https:\/\/tourtravelandmore.com\/es\/#\/schema\/logo\/image\/\"},\"sameAs\":[\"https:\/\/www.facebook.com\/tourtravelandmore\/\",\"https:\/\/x.com\/TourTravel_More\"]}]}<\/script>\n<!-- \/ Yoast SEO Premium plugin. -->","yoast_head_json":{"title":"\u27a1\ufe0f Traslado Privado a Segovia desde \u00c1vila | Tour Travel & More","description":"LLegara a \u00c1vila de forma r\u00e1pida y segura con nuestro Transfer Segovia Madrid, con nuestro conductor privado y vehiculo de lujo \u2705","robots":{"index":"index","follow":"follow","max-snippet":"max-snippet:-1","max-image-preview":"max-image-preview:large","max-video-preview":"max-video-preview:-1"},"canonical":"https:\/\/tourtravelandmore.com\/es\/tours\/espana-es\/madrid-es\/traslado-privado-a-segovia-desde-madrid-copy\/","og_locale":"es_ES","og_type":"article","og_title":"Traslado Privado de Madrid a Avila","og_description":"LLegara a \u00c1vila de forma r\u00e1pida y segura con nuestro Transfer Segovia Madrid, con nuestro conductor privado y vehiculo de lujo \u2705","og_url":"https:\/\/tourtravelandmore.com\/es\/tours\/espana-es\/madrid-es\/traslado-privado-a-segovia-desde-madrid-copy\/","og_site_name":"Tour Travel And More","article_publisher":"https:\/\/www.facebook.com\/tourtravelandmore\/","article_modified_time":"2024-07-05T11:21:47+00:00","og_image":[{"width":1146,"height":789,"url":"https:\/\/tourtravelandmore.com\/wp-content\/uploads\/2019\/01\/Cars-de-Luxe-22.jpg","type":"image\/jpeg"}],"twitter_card":"summary_large_image","twitter_site":"@TourTravel_More","twitter_misc":{"Tiempo de lectura":"2 minutos"},"schema":{"@context":"https:\/\/schema.org","@graph":[{"@type":"WebPage","@id":"https:\/\/tourtravelandmore.com\/es\/tours\/espana-es\/madrid-es\/traslado-privado-a-segovia-desde-madrid-copy\/","url":"https:\/\/tourtravelandmore.com\/es\/tours\/espana-es\/madrid-es\/traslado-privado-a-segovia-desde-madrid-copy\/","name":"\u27a1\ufe0f Traslado Privado a Segovia desde \u00c1vila | Tour Travel & More","isPartOf":{"@id":"https:\/\/tourtravelandmore.com\/es\/#website"},"primaryImageOfPage":{"@id":"https:\/\/tourtravelandmore.com\/es\/tours\/espana-es\/madrid-es\/traslado-privado-a-segovia-desde-madrid-copy\/#primaryimage"},"image":{"@id":"https:\/\/tourtravelandmore.com\/es\/tours\/espana-es\/madrid-es\/traslado-privado-a-segovia-desde-madrid-copy\/#primaryimage"},"thumbnailUrl":"https:\/\/tourtravelandmore.com\/wp-content\/uploads\/2019\/01\/Cars-de-Luxe-22.jpg","datePublished":"2024-06-03T18:37:21+00:00","dateModified":"2024-07-05T11:21:47+00:00","description":"LLegara a \u00c1vila de forma r\u00e1pida y segura con nuestro Transfer Segovia Madrid, con nuestro conductor privado y vehiculo de lujo \u2705","breadcrumb":{"@id":"https:\/\/tourtravelandmore.com\/es\/tours\/espana-es\/madrid-es\/traslado-privado-a-segovia-desde-madrid-copy\/#breadcrumb"},"inLanguage":"es","potentialAction":[{"@type":"ReadAction","target":["https:\/\/tourtravelandmore.com\/es\/tours\/espana-es\/madrid-es\/traslado-privado-a-segovia-desde-madrid-copy\/"]}]},{"@type":"ImageObject","inLanguage":"es","@id":"https:\/\/tourtravelandmore.com\/es\/tours\/espana-es\/madrid-es\/traslado-privado-a-segovia-desde-madrid-copy\/#primaryimage","url":"https:\/\/tourtravelandmore.com\/wp-content\/uploads\/2019\/01\/Cars-de-Luxe-22.jpg","contentUrl":"https:\/\/tourtravelandmore.com\/wp-content\/uploads\/2019\/01\/Cars-de-Luxe-22.jpg","width":1146,"height":789},{"@type":"BreadcrumbList","@id":"https:\/\/tourtravelandmore.com\/es\/tours\/espana-es\/madrid-es\/traslado-privado-a-segovia-desde-madrid-copy\/#breadcrumb","itemListElement":[{"@type":"ListItem","position":1,"name":"Home","item":"https:\/\/tourtravelandmore.com\/es\/"},{"@type":"ListItem","position":2,"name":"Tours","item":"https:\/\/tourtravelandmore.com\/es\/tours\/"},{"@type":"ListItem","position":3,"name":"Traslado Privado de Madrid a Avila"}]},{"@type":"WebSite","@id":"https:\/\/tourtravelandmore.com\/es\/#website","url":"https:\/\/tourtravelandmore.com\/es\/","name":"Tour Travel And More","description":"Private sightseeing tours and luxury transfers in Spain","publisher":{"@id":"https:\/\/tourtravelandmore.com\/es\/#organization"},"potentialAction":[{"@type":"SearchAction","target":{"@type":"EntryPoint","urlTemplate":"https:\/\/tourtravelandmore.com\/es\/?s={search_term_string}"},"query-input":{"@type":"PropertyValueSpecification","valueRequired":true,"valueName":"search_term_string"}}],"inLanguage":"es"},{"@type":"Organization","@id":"https:\/\/tourtravelandmore.com\/es\/#organization","name":"Tour Travel And More","url":"https:\/\/tourtravelandmore.com\/es\/","logo":{"@type":"ImageObject","inLanguage":"es","@id":"https:\/\/tourtravelandmore.com\/es\/#\/schema\/logo\/image\/","url":"https:\/\/tourtravelandmore.com\/wp-content\/uploads\/2022\/12\/cropped-logo-cabecera-new.png","contentUrl":"https:\/\/tourtravelandmore.com\/wp-content\/uploads\/2022\/12\/cropped-logo-cabecera-new.png","width":430,"height":61,"caption":"Tour Travel And More"},"image":{"@id":"https:\/\/tourtravelandmore.com\/es\/#\/schema\/logo\/image\/"},"sameAs":["https:\/\/www.facebook.com\/tourtravelandmore\/","https:\/\/x.com\/TourTravel_More"]}]}},"_links":{"self":[{"href":"https:\/\/tourtravelandmore.com\/es\/wp-json\/wp\/v2\/product\/175320","targetHints":{"allow":["GET"]}}],"collection":[{"href":"https:\/\/tourtravelandmore.com\/es\/wp-json\/wp\/v2\/product"}],"about":[{"href":"https:\/\/tourtravelandmore.com\/es\/wp-json\/wp\/v2\/types\/product"}],"replies":[{"embeddable":true,"href":"https:\/\/tourtravelandmore.com\/es\/wp-json\/wp\/v2\/comments?post=175320"}],"wp:featuredmedia":[{"embeddable":true,"href":"https:\/\/tourtravelandmore.com\/es\/wp-json\/wp\/v2\/media\/31621"}],"wp:attachment":[{"href":"https:\/\/tourtravelandmore.com\/es\/wp-json\/wp\/v2\/media?parent=175320"}],"wp:term":[{"taxonomy":"product_brand","embeddable":true,"href":"https:\/\/tourtravelandmore.com\/es\/wp-json\/wp\/v2\/product_brand?post=175320"},{"taxonomy":"product_cat","embeddable":true,"href":"https:\/\/tourtravelandmore.com\/es\/wp-json\/wp\/v2\/product_cat?post=175320"},{"taxonomy":"product_tag","embeddable":true,"href":"https:\/\/tourtravelandmore.com\/es\/wp-json\/wp\/v2\/product_tag?post=175320"}],"curies":[{"name":"wp","href":"https:\/\/api.w.org\/{rel}","templated":true}]}}