{"id":175266,"date":"2024-05-31T18:06:14","date_gmt":"2024-05-31T16:06:15","guid":{"rendered":"https:\/\/tourtravelandmore.com\/?post_type=product&#038;p=175266"},"modified":"2024-06-03T16:23:33","modified_gmt":"2024-06-03T14:23:33","slug":"tour-privado-de-segovia-y-avila-desde-madrid-copy","status":"publish","type":"product","link":"https:\/\/tourtravelandmore.com\/es\/tours\/espana-es\/avila-tour-es\/avila-excursiones-privadas-es\/tour-privado-de-segovia-y-avila-desde-madrid-copy\/","title":{"rendered":"Tour privado de Toledo, \u00c1vila y Segovia desde Madrid"},"content":{"rendered":"<h2>Tour privado de Toledo, \u00c1vila y Segovia desde Madrid Descripci\u00f3n<\/h2>\n<p>Emb\u00e1rquese en un viaje inolvidable a trav\u00e9s de la rica historia y los impresionantes paisajes de Toledo, Segovia y \u00c1vila con nuestro exclusivo recorrido privado desde Madrid. Esta experiencia inmersiva de 12 horas promete encantarle con el patrimonio cultural, las maravillas arquitect\u00f3nicas y las delicias gastron\u00f3micas de estas tres emblem\u00e1ticas ciudades espa\u00f1olas.<\/p>\n<p>Experimente la esencia del patrimonio cultural y las maravillas arquitect\u00f3nicas de Espa\u00f1a en este exclusivo recorrido privado por Toledo, Segovia y \u00c1vila. Reserve ahora con Tour Travel &amp; More un viaje inolvidable de descubrimiento y exploraci\u00f3n.<\/p>\n<p>En primer lugar, visitaremos Toledo y, a continuaci\u00f3n, Segovia. Despu\u00e9s de dejar Segovia, conduciremos hacia \u00c1vila. El viaje a \u00c1vila durar\u00e1 alrededor de 1 hora desde Segovia. Una vez en \u00c1vila, disfrutar\u00e1 de un recorrido a pie de 2 horas por \u00c1vila.<\/p>\n<p>Despu\u00e9s le llevaremos de vuelta hacia su hotel en Madrid c\u00f3modamente.<\/p>\n<h2>Puntos de inter\u00e9s y lugares emblem\u00e1ticos<\/h2>\n<p>Esta excursi\u00f3n privada de d\u00eda completo incluir\u00e1 los mejores lugares de Toledo, \u00c1vila y Segovia.<\/p>\n<p>Comience el d\u00eda explorando Toledo, la \u00abCiudad de las Tres Culturas\u00bb, donde convergen armoniosamente influencias cristianas, jud\u00edas y musulmanas. Pasee por las sinuosas calles del casco antiguo, declarado Patrimonio de la Humanidad por la UNESCO y adornado con arquitectura medieval y monumentos antiguos.<\/p>\n<p>Marav\u00edllese ante la majestuosa Catedral de Toledo, obra maestra del dise\u00f1o g\u00f3tico, y profundice en su fascinante historia. Descubra el legado de El Greco visitando la antigua residencia del famoso artista y admire sus obras maestras en los museos locales.<\/p>\n<p>Disfrute de una visita guiada dirigida por un experto durante 2 horas, que le desvelar\u00e1 los secretos y leyendas del pasado hist\u00f3rico de Toledo.<\/p>\n<p>A continuaci\u00f3n, nos dirigiremos hacia Segovia. Hay mucho que ver y disfrutar de esta ciudad hist\u00f3rica. He aqu\u00ed algunos ejemplos de lo que Segovia tiene que ofrecer:<\/p>\n<ul>\n<li><strong>Acueducto de Segovia. Se trata de una visita obligada. Es el icono de Segovia. Es un lugar realmente extraordinario para visitar.<\/strong><\/li>\n<li><strong>Eche un vistazo al Alc\u00e1zar de Segovia. Se trata de un palacio de origen romano y \u00e1rabe. Una gran parada fotogr\u00e1fica y recuerdos \u00fanicos para llevarse a casa.<\/strong><\/li>\n<li><strong>Catedral de Segovia: Nueva Catedral construida en el antiguo barrio jud\u00edo de Segovia.<\/strong><\/li>\n<li><strong>Murallas de Segovia<\/strong><\/li>\n<li><strong>Calle Real de Segovia<\/strong><\/li>\n<li><strong>Mucho m\u00e1s<\/strong><\/li>\n<\/ul>\n<p>Una vez que haya comido algo r\u00e1pido. Nos dirigiremos hacia \u00c1vila. \u00c1vila es tambi\u00e9n una ciudad medieval, con unas murallas medievales \u00fanicas. He aqu\u00ed algunos monumentos de los que podr\u00e1 disfrutar:<\/p>\n<ul>\n<li>Las Murallas: Murallas catalogadas por la UNESCO que se encuentran en \u00c1vila. Estas murallas son conocidas por sus defensas estrat\u00e9gicas. Sus muros tienen 3 metros de grosor y el per\u00edmetro de las murallas es de \u00a12,5 kil\u00f3metros! Una verdadera maravilla para visitar.<\/li>\n<li>\u00a1Puertas de las Murallas y mucho m\u00e1s!<\/li>\n<li>Los Cuatro Postes. Se trata de un lugar de peregrinaci\u00f3n que se encuentra cerca de la ciudad.<br \/>\nBas\u00edlica de San Vicente: Arquitectura rom\u00e1nica que se encuentra en \u00c1vila.<\/li>\n<li>\u00a1Y mucho m\u00e1s!<\/li>\n<\/ul>\n<p>A continuaci\u00f3n, le llevaremos c\u00f3modamente de vuelta a su hotel en Madrid con su ch\u00f3fer privado.<\/p>\n<p>\u00a1Vea tambi\u00e9n nuestra excursi\u00f3n de d\u00eda completo a <a href=\"https:\/\/tourtravelandmore.com\/tours\/spain\/madrid-en\/private-tour-toledo-from-madrid\/\">Toledo<\/a>!<\/p>\n","protected":false},"excerpt":{"rendered":"<p>Emb\u00e1rquese en un viaje inolvidable a trav\u00e9s de la rica historia y los impresionantes paisajes de Toledo, Segovia y \u00c1vila con nuestro exclusivo recorrido privado desde Madrid. Esta experiencia inmersiva de 12 horas promete encantarle con el patrimonio cultural, las maravillas arquitect\u00f3nicas y las delicias gastron\u00f3micas de estas tres emblem\u00e1ticas ciudades espa\u00f1olas.<\/p>\n","protected":false},"featured_media":175282,"comment_status":"open","ping_status":"closed","template":"","meta":{"_acf_changed":false},"product_brand":[],"product_cat":[2404,2405,284,293,285,287,286,533,534,351],"product_tag":[],"class_list":{"0":"post-175266","1":"product","2":"type-product","3":"status-publish","4":"has-post-thumbnail","6":"product_cat-avila-tour-es","7":"product_cat-avila-excursiones-privadas-es","8":"product_cat-madrid-es","9":"product_cat-madrid-top-ventas-es","10":"product_cat-madrid-actividades-es","11":"product_cat-madrid-rutas-turisticas-privadas-es","12":"product_cat-madrid-excursiones-es","13":"product_cat-segovia-actividades-es","14":"product_cat-segovia-rutas-turisticas-privadas-es","15":"product_cat-segovia-excursiones-es","17":"first","18":"instock","19":"shipping-taxable","20":"purchasable","21":"product-type-simple"},"acf":[],"yoast_head":"<!-- This site is optimized with the Yoast SEO Premium plugin v25.3.1 (Yoast SEO v25.3.1) - https:\/\/yoast.com\/wordpress\/plugins\/seo\/ -->\n<title>\u27a1\ufe0f Tour privado de Toledo, \u00c1vila y Segovia desde Madrid | Tour Travel &amp; More<\/title>\n<meta name=\"description\" content=\"Descubre en un mismo dias 3 ciudades, gracias a este tour de Segovia y Avila desde Madrid, con guia oficial privado y vehiculo privado con conductor \u2705\" \/>\n<meta name=\"robots\" content=\"index, follow, max-snippet:-1, max-image-preview:large, max-video-preview:-1\" \/>\n<link rel=\"canonical\" href=\"https:\/\/tourtravelandmore.com\/es\/tours\/espana-es\/avila-tour-es\/avila-excursiones-privadas-es\/tour-privado-de-segovia-y-avila-desde-madrid-copy\/\" \/>\n<meta property=\"og:locale\" content=\"es_ES\" \/>\n<meta property=\"og:type\" content=\"article\" \/>\n<meta property=\"og:title\" content=\"Tour privado de Toledo, \u00c1vila y Segovia desde Madrid\" \/>\n<meta property=\"og:description\" content=\"Descubre en un mismo dias 3 ciudades, gracias a este tour de Segovia y Avila desde Madrid, con guia oficial privado y vehiculo privado con conductor \u2705\" \/>\n<meta property=\"og:url\" content=\"https:\/\/tourtravelandmore.com\/es\/tours\/espana-es\/avila-tour-es\/avila-excursiones-privadas-es\/tour-privado-de-segovia-y-avila-desde-madrid-copy\/\" \/>\n<meta property=\"og:site_name\" content=\"Tour Travel And More\" \/>\n<meta property=\"article:publisher\" content=\"https:\/\/www.facebook.com\/tourtravelandmore\/\" \/>\n<meta property=\"article:modified_time\" content=\"2024-06-03T14:23:33+00:00\" \/>\n<meta property=\"og:image\" content=\"https:\/\/tourtravelandmore.com\/wp-content\/uploads\/2024\/05\/pexels-photo-8430373.jpg\" \/>\n\t<meta property=\"og:image:width\" content=\"1126\" \/>\n\t<meta property=\"og:image:height\" content=\"750\" \/>\n\t<meta property=\"og:image:type\" content=\"image\/jpeg\" \/>\n<meta name=\"twitter:card\" content=\"summary_large_image\" \/>\n<meta name=\"twitter:site\" content=\"@TourTravel_More\" \/>\n<meta name=\"twitter:label1\" content=\"Tiempo de lectura\" \/>\n\t<meta name=\"twitter:data1\" content=\"3 minutos\" \/>\n<script type=\"application\/ld+json\" class=\"yoast-schema-graph\">{\"@context\":\"https:\/\/schema.org\",\"@graph\":[{\"@type\":\"WebPage\",\"@id\":\"https:\/\/tourtravelandmore.com\/es\/tours\/espana-es\/avila-tour-es\/avila-excursiones-privadas-es\/tour-privado-de-segovia-y-avila-desde-madrid-copy\/\",\"url\":\"https:\/\/tourtravelandmore.com\/es\/tours\/espana-es\/avila-tour-es\/avila-excursiones-privadas-es\/tour-privado-de-segovia-y-avila-desde-madrid-copy\/\",\"name\":\"\u27a1\ufe0f Tour privado de Toledo, \u00c1vila y Segovia desde Madrid | Tour Travel & More\",\"isPartOf\":{\"@id\":\"https:\/\/tourtravelandmore.com\/es\/#website\"},\"primaryImageOfPage\":{\"@id\":\"https:\/\/tourtravelandmore.com\/es\/tours\/espana-es\/avila-tour-es\/avila-excursiones-privadas-es\/tour-privado-de-segovia-y-avila-desde-madrid-copy\/#primaryimage\"},\"image\":{\"@id\":\"https:\/\/tourtravelandmore.com\/es\/tours\/espana-es\/avila-tour-es\/avila-excursiones-privadas-es\/tour-privado-de-segovia-y-avila-desde-madrid-copy\/#primaryimage\"},\"thumbnailUrl\":\"https:\/\/tourtravelandmore.com\/wp-content\/uploads\/2024\/05\/pexels-photo-8430373.jpg\",\"datePublished\":\"2024-05-31T16:06:15+00:00\",\"dateModified\":\"2024-06-03T14:23:33+00:00\",\"description\":\"Descubre en un mismo dias 3 ciudades, gracias a este tour de Segovia y Avila desde Madrid, con guia oficial privado y vehiculo privado con conductor \u2705\",\"breadcrumb\":{\"@id\":\"https:\/\/tourtravelandmore.com\/es\/tours\/espana-es\/avila-tour-es\/avila-excursiones-privadas-es\/tour-privado-de-segovia-y-avila-desde-madrid-copy\/#breadcrumb\"},\"inLanguage\":\"es\",\"potentialAction\":[{\"@type\":\"ReadAction\",\"target\":[\"https:\/\/tourtravelandmore.com\/es\/tours\/espana-es\/avila-tour-es\/avila-excursiones-privadas-es\/tour-privado-de-segovia-y-avila-desde-madrid-copy\/\"]}]},{\"@type\":\"ImageObject\",\"inLanguage\":\"es\",\"@id\":\"https:\/\/tourtravelandmore.com\/es\/tours\/espana-es\/avila-tour-es\/avila-excursiones-privadas-es\/tour-privado-de-segovia-y-avila-desde-madrid-copy\/#primaryimage\",\"url\":\"https:\/\/tourtravelandmore.com\/wp-content\/uploads\/2024\/05\/pexels-photo-8430373.jpg\",\"contentUrl\":\"https:\/\/tourtravelandmore.com\/wp-content\/uploads\/2024\/05\/pexels-photo-8430373.jpg\",\"width\":1126,\"height\":750},{\"@type\":\"BreadcrumbList\",\"@id\":\"https:\/\/tourtravelandmore.com\/es\/tours\/espana-es\/avila-tour-es\/avila-excursiones-privadas-es\/tour-privado-de-segovia-y-avila-desde-madrid-copy\/#breadcrumb\",\"itemListElement\":[{\"@type\":\"ListItem\",\"position\":1,\"name\":\"Home\",\"item\":\"https:\/\/tourtravelandmore.com\/es\/\"},{\"@type\":\"ListItem\",\"position\":2,\"name\":\"Tours\",\"item\":\"https:\/\/tourtravelandmore.com\/es\/tours\/\"},{\"@type\":\"ListItem\",\"position\":3,\"name\":\"Tour privado de Toledo, \u00c1vila y Segovia desde Madrid\"}]},{\"@type\":\"WebSite\",\"@id\":\"https:\/\/tourtravelandmore.com\/es\/#website\",\"url\":\"https:\/\/tourtravelandmore.com\/es\/\",\"name\":\"Tour Travel And More\",\"description\":\"Private sightseeing tours and luxury transfers in Spain\",\"publisher\":{\"@id\":\"https:\/\/tourtravelandmore.com\/es\/#organization\"},\"potentialAction\":[{\"@type\":\"SearchAction\",\"target\":{\"@type\":\"EntryPoint\",\"urlTemplate\":\"https:\/\/tourtravelandmore.com\/es\/?s={search_term_string}\"},\"query-input\":{\"@type\":\"PropertyValueSpecification\",\"valueRequired\":true,\"valueName\":\"search_term_string\"}}],\"inLanguage\":\"es\"},{\"@type\":\"Organization\",\"@id\":\"https:\/\/tourtravelandmore.com\/es\/#organization\",\"name\":\"Tour Travel And More\",\"url\":\"https:\/\/tourtravelandmore.com\/es\/\",\"logo\":{\"@type\":\"ImageObject\",\"inLanguage\":\"es\",\"@id\":\"https:\/\/tourtravelandmore.com\/es\/#\/schema\/logo\/image\/\",\"url\":\"https:\/\/tourtravelandmore.com\/wp-content\/uploads\/2022\/12\/cropped-logo-cabecera-new.png\",\"contentUrl\":\"https:\/\/tourtravelandmore.com\/wp-content\/uploads\/2022\/12\/cropped-logo-cabecera-new.png\",\"width\":430,\"height\":61,\"caption\":\"Tour Travel And More\"},\"image\":{\"@id\":\"https:\/\/tourtravelandmore.com\/es\/#\/schema\/logo\/image\/\"},\"sameAs\":[\"https:\/\/www.facebook.com\/tourtravelandmore\/\",\"https:\/\/x.com\/TourTravel_More\"]}]}<\/script>\n<!-- \/ Yoast SEO Premium plugin. -->","yoast_head_json":{"title":"\u27a1\ufe0f Tour privado de Toledo, \u00c1vila y Segovia desde Madrid | Tour Travel & More","description":"Descubre en un mismo dias 3 ciudades, gracias a este tour de Segovia y Avila desde Madrid, con guia oficial privado y vehiculo privado con conductor \u2705","robots":{"index":"index","follow":"follow","max-snippet":"max-snippet:-1","max-image-preview":"max-image-preview:large","max-video-preview":"max-video-preview:-1"},"canonical":"https:\/\/tourtravelandmore.com\/es\/tours\/espana-es\/avila-tour-es\/avila-excursiones-privadas-es\/tour-privado-de-segovia-y-avila-desde-madrid-copy\/","og_locale":"es_ES","og_type":"article","og_title":"Tour privado de Toledo, \u00c1vila y Segovia desde Madrid","og_description":"Descubre en un mismo dias 3 ciudades, gracias a este tour de Segovia y Avila desde Madrid, con guia oficial privado y vehiculo privado con conductor \u2705","og_url":"https:\/\/tourtravelandmore.com\/es\/tours\/espana-es\/avila-tour-es\/avila-excursiones-privadas-es\/tour-privado-de-segovia-y-avila-desde-madrid-copy\/","og_site_name":"Tour Travel And More","article_publisher":"https:\/\/www.facebook.com\/tourtravelandmore\/","article_modified_time":"2024-06-03T14:23:33+00:00","og_image":[{"width":1126,"height":750,"url":"https:\/\/tourtravelandmore.com\/wp-content\/uploads\/2024\/05\/pexels-photo-8430373.jpg","type":"image\/jpeg"}],"twitter_card":"summary_large_image","twitter_site":"@TourTravel_More","twitter_misc":{"Tiempo de lectura":"3 minutos"},"schema":{"@context":"https:\/\/schema.org","@graph":[{"@type":"WebPage","@id":"https:\/\/tourtravelandmore.com\/es\/tours\/espana-es\/avila-tour-es\/avila-excursiones-privadas-es\/tour-privado-de-segovia-y-avila-desde-madrid-copy\/","url":"https:\/\/tourtravelandmore.com\/es\/tours\/espana-es\/avila-tour-es\/avila-excursiones-privadas-es\/tour-privado-de-segovia-y-avila-desde-madrid-copy\/","name":"\u27a1\ufe0f Tour privado de Toledo, \u00c1vila y Segovia desde Madrid | Tour Travel & More","isPartOf":{"@id":"https:\/\/tourtravelandmore.com\/es\/#website"},"primaryImageOfPage":{"@id":"https:\/\/tourtravelandmore.com\/es\/tours\/espana-es\/avila-tour-es\/avila-excursiones-privadas-es\/tour-privado-de-segovia-y-avila-desde-madrid-copy\/#primaryimage"},"image":{"@id":"https:\/\/tourtravelandmore.com\/es\/tours\/espana-es\/avila-tour-es\/avila-excursiones-privadas-es\/tour-privado-de-segovia-y-avila-desde-madrid-copy\/#primaryimage"},"thumbnailUrl":"https:\/\/tourtravelandmore.com\/wp-content\/uploads\/2024\/05\/pexels-photo-8430373.jpg","datePublished":"2024-05-31T16:06:15+00:00","dateModified":"2024-06-03T14:23:33+00:00","description":"Descubre en un mismo dias 3 ciudades, gracias a este tour de Segovia y Avila desde Madrid, con guia oficial privado y vehiculo privado con conductor \u2705","breadcrumb":{"@id":"https:\/\/tourtravelandmore.com\/es\/tours\/espana-es\/avila-tour-es\/avila-excursiones-privadas-es\/tour-privado-de-segovia-y-avila-desde-madrid-copy\/#breadcrumb"},"inLanguage":"es","potentialAction":[{"@type":"ReadAction","target":["https:\/\/tourtravelandmore.com\/es\/tours\/espana-es\/avila-tour-es\/avila-excursiones-privadas-es\/tour-privado-de-segovia-y-avila-desde-madrid-copy\/"]}]},{"@type":"ImageObject","inLanguage":"es","@id":"https:\/\/tourtravelandmore.com\/es\/tours\/espana-es\/avila-tour-es\/avila-excursiones-privadas-es\/tour-privado-de-segovia-y-avila-desde-madrid-copy\/#primaryimage","url":"https:\/\/tourtravelandmore.com\/wp-content\/uploads\/2024\/05\/pexels-photo-8430373.jpg","contentUrl":"https:\/\/tourtravelandmore.com\/wp-content\/uploads\/2024\/05\/pexels-photo-8430373.jpg","width":1126,"height":750},{"@type":"BreadcrumbList","@id":"https:\/\/tourtravelandmore.com\/es\/tours\/espana-es\/avila-tour-es\/avila-excursiones-privadas-es\/tour-privado-de-segovia-y-avila-desde-madrid-copy\/#breadcrumb","itemListElement":[{"@type":"ListItem","position":1,"name":"Home","item":"https:\/\/tourtravelandmore.com\/es\/"},{"@type":"ListItem","position":2,"name":"Tours","item":"https:\/\/tourtravelandmore.com\/es\/tours\/"},{"@type":"ListItem","position":3,"name":"Tour privado de Toledo, \u00c1vila y Segovia desde Madrid"}]},{"@type":"WebSite","@id":"https:\/\/tourtravelandmore.com\/es\/#website","url":"https:\/\/tourtravelandmore.com\/es\/","name":"Tour Travel And More","description":"Private sightseeing tours and luxury transfers in Spain","publisher":{"@id":"https:\/\/tourtravelandmore.com\/es\/#organization"},"potentialAction":[{"@type":"SearchAction","target":{"@type":"EntryPoint","urlTemplate":"https:\/\/tourtravelandmore.com\/es\/?s={search_term_string}"},"query-input":{"@type":"PropertyValueSpecification","valueRequired":true,"valueName":"search_term_string"}}],"inLanguage":"es"},{"@type":"Organization","@id":"https:\/\/tourtravelandmore.com\/es\/#organization","name":"Tour Travel And More","url":"https:\/\/tourtravelandmore.com\/es\/","logo":{"@type":"ImageObject","inLanguage":"es","@id":"https:\/\/tourtravelandmore.com\/es\/#\/schema\/logo\/image\/","url":"https:\/\/tourtravelandmore.com\/wp-content\/uploads\/2022\/12\/cropped-logo-cabecera-new.png","contentUrl":"https:\/\/tourtravelandmore.com\/wp-content\/uploads\/2022\/12\/cropped-logo-cabecera-new.png","width":430,"height":61,"caption":"Tour Travel And More"},"image":{"@id":"https:\/\/tourtravelandmore.com\/es\/#\/schema\/logo\/image\/"},"sameAs":["https:\/\/www.facebook.com\/tourtravelandmore\/","https:\/\/x.com\/TourTravel_More"]}]}},"_links":{"self":[{"href":"https:\/\/tourtravelandmore.com\/es\/wp-json\/wp\/v2\/product\/175266","targetHints":{"allow":["GET"]}}],"collection":[{"href":"https:\/\/tourtravelandmore.com\/es\/wp-json\/wp\/v2\/product"}],"about":[{"href":"https:\/\/tourtravelandmore.com\/es\/wp-json\/wp\/v2\/types\/product"}],"replies":[{"embeddable":true,"href":"https:\/\/tourtravelandmore.com\/es\/wp-json\/wp\/v2\/comments?post=175266"}],"wp:featuredmedia":[{"embeddable":true,"href":"https:\/\/tourtravelandmore.com\/es\/wp-json\/wp\/v2\/media\/175282"}],"wp:attachment":[{"href":"https:\/\/tourtravelandmore.com\/es\/wp-json\/wp\/v2\/media?parent=175266"}],"wp:term":[{"taxonomy":"product_brand","embeddable":true,"href":"https:\/\/tourtravelandmore.com\/es\/wp-json\/wp\/v2\/product_brand?post=175266"},{"taxonomy":"product_cat","embeddable":true,"href":"https:\/\/tourtravelandmore.com\/es\/wp-json\/wp\/v2\/product_cat?post=175266"},{"taxonomy":"product_tag","embeddable":true,"href":"https:\/\/tourtravelandmore.com\/es\/wp-json\/wp\/v2\/product_tag?post=175266"}],"curies":[{"name":"wp","href":"https:\/\/api.w.org\/{rel}","templated":true}]}}