{"id":17518,"date":"2018-01-31T14:03:22","date_gmt":"2018-01-31T13:18:34","guid":{"rendered":"http:\/\/tourtravelandmore.com\/es\/?post_type=product&#038;p=17518"},"modified":"2024-08-21T17:48:34","modified_gmt":"2024-08-21T15:48:34","slug":"tour-privado-4-horas-por-las-catacumbas-de-san-calixto","status":"publish","type":"product","link":"https:\/\/tourtravelandmore.com\/es\/tours\/italia-es\/roma-es\/tour-privado-4-horas-por-las-catacumbas-de-san-calixto\/","title":{"rendered":"Tour Privado por las Catacumbas de San Calixto"},"content":{"rendered":"<h2><strong>Descripci\u00f3n del Tour Privado por las Catacumbas de San Calixto<\/strong><\/h2>\n<p>Disfrute de este <strong>Tour Privado por las<\/strong>\u00a0<strong>Catacumbas de San Calixto\u00a0<\/strong>en Roma c\u00f3modo en su <strong>veh\u00edculo privado de lujo\u00a0<\/strong>junto a su<strong> gu\u00eda oficial <\/strong>y<strong>\u00a0conductor privado.<\/strong><\/p>\n<p><strong>Roma<\/strong> es la capital de Italia y de la regi\u00f3n del Lacio. La ciudad est\u00e1 ubicada en la parte centro-occidental de la pen\u00ednsula italiana, a lo largo de las orillas del r\u00edo T\u00edber.<\/p>\n<p>Conozca el lado subterr\u00e1neo de Roma en este recorrido privado, donde visitar\u00e1 antiguas iglesias de los siglos IV y V. Durante algunos a\u00f1os, el cristianismo estuvo prohibido en Roma, por eso se vieron obligados a enterrar a sus familiares fuera de los muros de Roma y a hacer sus rituales religiosos all\u00ed.<\/p>\n<p>Las <strong>catacumbas de San Calixt<\/strong>o fueron el primer cementerio de la comunidad romana. A partir del siglo V en adelante, las catacumbas se volvieron obsoletas, por lo que los cristianos comenzaron a hacer entierros en la superficie.<\/p>\n<p>Lo recogeremos en su hotel o lugar a elecci\u00f3n en Roma, su conductor privado, junto con su gu\u00eda oficial, lo llevar\u00e1 en un tour privado por Roma subterr\u00e1nea, donde conocer\u00e1 algunos de los sitios m\u00e1s hist\u00f3ricos de la ciudad.<\/p>\n<p>Esta es una experiencia completa de medio d\u00eda en Roma que podr\u00e1 personalizar seg\u00fan sus propias necesidades. Otro recorrido de medio d\u00eda basado en sitios hist\u00f3ricos es nuestro <a href=\"https:\/\/tourtravelandmore.com\/es\/tours\/italia-es\/roma-es\/tour-privado-ostia-antica-desde-roma\/\">tour privado a Ostia Antica desde Roma<\/a>, \u00a1eche un vistazo!.<\/p>\n<h2><strong>Puntos de inter\u00e9s en el Tour Privado por las Catacumbas de San Calixto<\/strong><\/h2>\n<p>En primer lugar, su conductor privado y su gu\u00eda oficial lo recoger\u00e1n de su hotel o lugar de elecci\u00f3n en Roma a la hora deseada. Podr\u00e1 disfrutar y admirar la gran arquitectura y las vistas de los monumentos m\u00e1s importantes y conocidos de Roma.<\/p>\n<p>En segundo lugar, visitar\u00e1n la <strong>cripta<\/strong>, donde fueron enterrados muchos de los primeros papas. Debido a la gran cantidad de santos enterrados all\u00ed, las <a href=\"https:\/\/www.catacombe.roma.it\/es\/index.php\">Catacumbas de San Calixto<\/a> son un sitio de peregrinaci\u00f3n.<\/p>\n<p>En tercer lugar, visitar\u00e1 una parte de las antiguas galer\u00edas que alberga m\u00e1s de 1 mill\u00f3n de tumbas. La parte m\u00e1s antigua nos lleva a trav\u00e9s de las <strong>criptas de Lucina y Santa Cecilia<\/strong>.<\/p>\n<p>Finalmente, mientras su conductor y gu\u00eda lo llevan de regreso a su hotel, tambi\u00e9n disfrutar\u00e1 de un recorrido panor\u00e1mico por la hermosa ciudad de Roma.<\/p>\n<p>Este tour privado por las Catacumbas de San Calixto tiene una duraci\u00f3n de 4 horas desde el momento de recogida hasta el momento de devoluci\u00f3n en su hotel en Roma. Entrada sin cola a las catacumbas de Roma incluida en el precio de este tour privado. Si est\u00e1 interesado en visitar cualquier otro monumento en Roma, no dude en ponerse en contacto con nosotros.<\/p>\n","protected":false},"excerpt":{"rendered":"<p><strong>Tour personalizable de Roma y las Catacumbas de San Calixto<\/strong>. Tome esta oportunidad para conocer y disfrutar de Roma durante este tour con vuestro gu\u00eda oficial privado y vuestro veh\u00edculo de lujo con chofer. Disfrute de los monumentos y zonas m\u00e1s emblem\u00e1ticas de <strong>Roma<\/strong>\u00a0ademas de la visita a las Catacumbas (entradas incluidas).<\/p>\n","protected":false},"featured_media":81052,"comment_status":"open","ping_status":"closed","template":"","meta":{"_acf_changed":false},"product_brand":[],"product_cat":[367,368,370],"product_tag":[],"class_list":{"0":"post-17518","1":"product","2":"type-product","3":"status-publish","4":"has-post-thumbnail","6":"product_cat-roma-es","7":"product_cat-roma-actividades-es","8":"product_cat-roma-rutas-turisticas-privadas-es","10":"first","11":"instock","12":"shipping-taxable","13":"purchasable","14":"product-type-simple"},"acf":[],"yoast_head":"<!-- This site is optimized with the Yoast SEO Premium plugin v25.3.1 (Yoast SEO v25.3.1) - https:\/\/yoast.com\/wordpress\/plugins\/seo\/ -->\n<title>Tour Privado por las Catacumbas de San Calixto con guia oficial | TTM<\/title>\n<meta name=\"description\" content=\"Disfrute de este tour privado por las Catacumbas de San Calixto con su chofer y guia oficial privado. Descubra parte de la historia de Roma \u2705\" \/>\n<meta name=\"robots\" content=\"index, follow, max-snippet:-1, max-image-preview:large, max-video-preview:-1\" \/>\n<link rel=\"canonical\" href=\"https:\/\/tourtravelandmore.com\/es\/tours\/italia-es\/roma-es\/tour-privado-4-horas-por-las-catacumbas-de-san-calixto\/\" \/>\n<meta property=\"og:locale\" content=\"es_ES\" \/>\n<meta property=\"og:type\" content=\"article\" \/>\n<meta property=\"og:title\" content=\"Tour Privado por las Catacumbas de San Calixto\" \/>\n<meta property=\"og:description\" content=\"Disfrute de este tour privado por las Catacumbas de San Calixto con su chofer y guia oficial privado. Descubra parte de la historia de Roma \u2705\" \/>\n<meta property=\"og:url\" content=\"https:\/\/tourtravelandmore.com\/es\/tours\/italia-es\/roma-es\/tour-privado-4-horas-por-las-catacumbas-de-san-calixto\/\" \/>\n<meta property=\"og:site_name\" content=\"Tour Travel And More\" \/>\n<meta property=\"article:publisher\" content=\"https:\/\/www.facebook.com\/tourtravelandmore\/\" \/>\n<meta property=\"article:modified_time\" content=\"2024-08-21T15:48:34+00:00\" \/>\n<meta property=\"og:image\" content=\"https:\/\/tourtravelandmore.com\/wp-content\/uploads\/2018\/01\/catacombe-3-1024x726.jpg\" \/>\n\t<meta property=\"og:image:width\" content=\"1024\" \/>\n\t<meta property=\"og:image:height\" content=\"726\" \/>\n\t<meta property=\"og:image:type\" content=\"image\/jpeg\" \/>\n<meta name=\"twitter:card\" content=\"summary_large_image\" \/>\n<meta name=\"twitter:site\" content=\"@TourTravel_More\" \/>\n<meta name=\"twitter:label1\" content=\"Tiempo de lectura\" \/>\n\t<meta name=\"twitter:data1\" content=\"2 minutos\" \/>\n<script type=\"application\/ld+json\" class=\"yoast-schema-graph\">{\"@context\":\"https:\/\/schema.org\",\"@graph\":[{\"@type\":\"WebPage\",\"@id\":\"https:\/\/tourtravelandmore.com\/es\/tours\/italia-es\/roma-es\/tour-privado-4-horas-por-las-catacumbas-de-san-calixto\/\",\"url\":\"https:\/\/tourtravelandmore.com\/es\/tours\/italia-es\/roma-es\/tour-privado-4-horas-por-las-catacumbas-de-san-calixto\/\",\"name\":\"Tour Privado por las Catacumbas de San Calixto con guia oficial | TTM\",\"isPartOf\":{\"@id\":\"https:\/\/tourtravelandmore.com\/es\/#website\"},\"primaryImageOfPage\":{\"@id\":\"https:\/\/tourtravelandmore.com\/es\/tours\/italia-es\/roma-es\/tour-privado-4-horas-por-las-catacumbas-de-san-calixto\/#primaryimage\"},\"image\":{\"@id\":\"https:\/\/tourtravelandmore.com\/es\/tours\/italia-es\/roma-es\/tour-privado-4-horas-por-las-catacumbas-de-san-calixto\/#primaryimage\"},\"thumbnailUrl\":\"https:\/\/tourtravelandmore.com\/wp-content\/uploads\/2018\/01\/catacombe-3.jpg\",\"datePublished\":\"2018-01-31T13:18:34+00:00\",\"dateModified\":\"2024-08-21T15:48:34+00:00\",\"description\":\"Disfrute de este tour privado por las Catacumbas de San Calixto con su chofer y guia oficial privado. Descubra parte de la historia de Roma \u2705\",\"breadcrumb\":{\"@id\":\"https:\/\/tourtravelandmore.com\/es\/tours\/italia-es\/roma-es\/tour-privado-4-horas-por-las-catacumbas-de-san-calixto\/#breadcrumb\"},\"inLanguage\":\"es\",\"potentialAction\":[{\"@type\":\"ReadAction\",\"target\":[\"https:\/\/tourtravelandmore.com\/es\/tours\/italia-es\/roma-es\/tour-privado-4-horas-por-las-catacumbas-de-san-calixto\/\"]}]},{\"@type\":\"ImageObject\",\"inLanguage\":\"es\",\"@id\":\"https:\/\/tourtravelandmore.com\/es\/tours\/italia-es\/roma-es\/tour-privado-4-horas-por-las-catacumbas-de-san-calixto\/#primaryimage\",\"url\":\"https:\/\/tourtravelandmore.com\/wp-content\/uploads\/2018\/01\/catacombe-3.jpg\",\"contentUrl\":\"https:\/\/tourtravelandmore.com\/wp-content\/uploads\/2018\/01\/catacombe-3.jpg\",\"width\":2553,\"height\":1811,\"caption\":\"OLYMPUS DIGITAL CAMERA\"},{\"@type\":\"BreadcrumbList\",\"@id\":\"https:\/\/tourtravelandmore.com\/es\/tours\/italia-es\/roma-es\/tour-privado-4-horas-por-las-catacumbas-de-san-calixto\/#breadcrumb\",\"itemListElement\":[{\"@type\":\"ListItem\",\"position\":1,\"name\":\"Home\",\"item\":\"https:\/\/tourtravelandmore.com\/es\/\"},{\"@type\":\"ListItem\",\"position\":2,\"name\":\"Tours\",\"item\":\"https:\/\/tourtravelandmore.com\/es\/tours\/\"},{\"@type\":\"ListItem\",\"position\":3,\"name\":\"Tour Privado por las Catacumbas de San Calixto\"}]},{\"@type\":\"WebSite\",\"@id\":\"https:\/\/tourtravelandmore.com\/es\/#website\",\"url\":\"https:\/\/tourtravelandmore.com\/es\/\",\"name\":\"Tour Travel And More\",\"description\":\"Private sightseeing tours and luxury transfers in Spain\",\"publisher\":{\"@id\":\"https:\/\/tourtravelandmore.com\/es\/#organization\"},\"potentialAction\":[{\"@type\":\"SearchAction\",\"target\":{\"@type\":\"EntryPoint\",\"urlTemplate\":\"https:\/\/tourtravelandmore.com\/es\/?s={search_term_string}\"},\"query-input\":{\"@type\":\"PropertyValueSpecification\",\"valueRequired\":true,\"valueName\":\"search_term_string\"}}],\"inLanguage\":\"es\"},{\"@type\":\"Organization\",\"@id\":\"https:\/\/tourtravelandmore.com\/es\/#organization\",\"name\":\"Tour Travel And More\",\"url\":\"https:\/\/tourtravelandmore.com\/es\/\",\"logo\":{\"@type\":\"ImageObject\",\"inLanguage\":\"es\",\"@id\":\"https:\/\/tourtravelandmore.com\/es\/#\/schema\/logo\/image\/\",\"url\":\"https:\/\/tourtravelandmore.com\/wp-content\/uploads\/2022\/12\/cropped-logo-cabecera-new.png\",\"contentUrl\":\"https:\/\/tourtravelandmore.com\/wp-content\/uploads\/2022\/12\/cropped-logo-cabecera-new.png\",\"width\":430,\"height\":61,\"caption\":\"Tour Travel And More\"},\"image\":{\"@id\":\"https:\/\/tourtravelandmore.com\/es\/#\/schema\/logo\/image\/\"},\"sameAs\":[\"https:\/\/www.facebook.com\/tourtravelandmore\/\",\"https:\/\/x.com\/TourTravel_More\"]}]}<\/script>\n<!-- \/ Yoast SEO Premium plugin. -->","yoast_head_json":{"title":"Tour Privado por las Catacumbas de San Calixto con guia oficial | TTM","description":"Disfrute de este tour privado por las Catacumbas de San Calixto con su chofer y guia oficial privado. Descubra parte de la historia de Roma \u2705","robots":{"index":"index","follow":"follow","max-snippet":"max-snippet:-1","max-image-preview":"max-image-preview:large","max-video-preview":"max-video-preview:-1"},"canonical":"https:\/\/tourtravelandmore.com\/es\/tours\/italia-es\/roma-es\/tour-privado-4-horas-por-las-catacumbas-de-san-calixto\/","og_locale":"es_ES","og_type":"article","og_title":"Tour Privado por las Catacumbas de San Calixto","og_description":"Disfrute de este tour privado por las Catacumbas de San Calixto con su chofer y guia oficial privado. Descubra parte de la historia de Roma \u2705","og_url":"https:\/\/tourtravelandmore.com\/es\/tours\/italia-es\/roma-es\/tour-privado-4-horas-por-las-catacumbas-de-san-calixto\/","og_site_name":"Tour Travel And More","article_publisher":"https:\/\/www.facebook.com\/tourtravelandmore\/","article_modified_time":"2024-08-21T15:48:34+00:00","og_image":[{"width":1024,"height":726,"url":"https:\/\/tourtravelandmore.com\/wp-content\/uploads\/2018\/01\/catacombe-3-1024x726.jpg","type":"image\/jpeg"}],"twitter_card":"summary_large_image","twitter_site":"@TourTravel_More","twitter_misc":{"Tiempo de lectura":"2 minutos"},"schema":{"@context":"https:\/\/schema.org","@graph":[{"@type":"WebPage","@id":"https:\/\/tourtravelandmore.com\/es\/tours\/italia-es\/roma-es\/tour-privado-4-horas-por-las-catacumbas-de-san-calixto\/","url":"https:\/\/tourtravelandmore.com\/es\/tours\/italia-es\/roma-es\/tour-privado-4-horas-por-las-catacumbas-de-san-calixto\/","name":"Tour Privado por las Catacumbas de San Calixto con guia oficial | TTM","isPartOf":{"@id":"https:\/\/tourtravelandmore.com\/es\/#website"},"primaryImageOfPage":{"@id":"https:\/\/tourtravelandmore.com\/es\/tours\/italia-es\/roma-es\/tour-privado-4-horas-por-las-catacumbas-de-san-calixto\/#primaryimage"},"image":{"@id":"https:\/\/tourtravelandmore.com\/es\/tours\/italia-es\/roma-es\/tour-privado-4-horas-por-las-catacumbas-de-san-calixto\/#primaryimage"},"thumbnailUrl":"https:\/\/tourtravelandmore.com\/wp-content\/uploads\/2018\/01\/catacombe-3.jpg","datePublished":"2018-01-31T13:18:34+00:00","dateModified":"2024-08-21T15:48:34+00:00","description":"Disfrute de este tour privado por las Catacumbas de San Calixto con su chofer y guia oficial privado. Descubra parte de la historia de Roma \u2705","breadcrumb":{"@id":"https:\/\/tourtravelandmore.com\/es\/tours\/italia-es\/roma-es\/tour-privado-4-horas-por-las-catacumbas-de-san-calixto\/#breadcrumb"},"inLanguage":"es","potentialAction":[{"@type":"ReadAction","target":["https:\/\/tourtravelandmore.com\/es\/tours\/italia-es\/roma-es\/tour-privado-4-horas-por-las-catacumbas-de-san-calixto\/"]}]},{"@type":"ImageObject","inLanguage":"es","@id":"https:\/\/tourtravelandmore.com\/es\/tours\/italia-es\/roma-es\/tour-privado-4-horas-por-las-catacumbas-de-san-calixto\/#primaryimage","url":"https:\/\/tourtravelandmore.com\/wp-content\/uploads\/2018\/01\/catacombe-3.jpg","contentUrl":"https:\/\/tourtravelandmore.com\/wp-content\/uploads\/2018\/01\/catacombe-3.jpg","width":2553,"height":1811,"caption":"OLYMPUS DIGITAL CAMERA"},{"@type":"BreadcrumbList","@id":"https:\/\/tourtravelandmore.com\/es\/tours\/italia-es\/roma-es\/tour-privado-4-horas-por-las-catacumbas-de-san-calixto\/#breadcrumb","itemListElement":[{"@type":"ListItem","position":1,"name":"Home","item":"https:\/\/tourtravelandmore.com\/es\/"},{"@type":"ListItem","position":2,"name":"Tours","item":"https:\/\/tourtravelandmore.com\/es\/tours\/"},{"@type":"ListItem","position":3,"name":"Tour Privado por las Catacumbas de San Calixto"}]},{"@type":"WebSite","@id":"https:\/\/tourtravelandmore.com\/es\/#website","url":"https:\/\/tourtravelandmore.com\/es\/","name":"Tour Travel And More","description":"Private sightseeing tours and luxury transfers in Spain","publisher":{"@id":"https:\/\/tourtravelandmore.com\/es\/#organization"},"potentialAction":[{"@type":"SearchAction","target":{"@type":"EntryPoint","urlTemplate":"https:\/\/tourtravelandmore.com\/es\/?s={search_term_string}"},"query-input":{"@type":"PropertyValueSpecification","valueRequired":true,"valueName":"search_term_string"}}],"inLanguage":"es"},{"@type":"Organization","@id":"https:\/\/tourtravelandmore.com\/es\/#organization","name":"Tour Travel And More","url":"https:\/\/tourtravelandmore.com\/es\/","logo":{"@type":"ImageObject","inLanguage":"es","@id":"https:\/\/tourtravelandmore.com\/es\/#\/schema\/logo\/image\/","url":"https:\/\/tourtravelandmore.com\/wp-content\/uploads\/2022\/12\/cropped-logo-cabecera-new.png","contentUrl":"https:\/\/tourtravelandmore.com\/wp-content\/uploads\/2022\/12\/cropped-logo-cabecera-new.png","width":430,"height":61,"caption":"Tour Travel And More"},"image":{"@id":"https:\/\/tourtravelandmore.com\/es\/#\/schema\/logo\/image\/"},"sameAs":["https:\/\/www.facebook.com\/tourtravelandmore\/","https:\/\/x.com\/TourTravel_More"]}]}},"_links":{"self":[{"href":"https:\/\/tourtravelandmore.com\/es\/wp-json\/wp\/v2\/product\/17518","targetHints":{"allow":["GET"]}}],"collection":[{"href":"https:\/\/tourtravelandmore.com\/es\/wp-json\/wp\/v2\/product"}],"about":[{"href":"https:\/\/tourtravelandmore.com\/es\/wp-json\/wp\/v2\/types\/product"}],"replies":[{"embeddable":true,"href":"https:\/\/tourtravelandmore.com\/es\/wp-json\/wp\/v2\/comments?post=17518"}],"wp:featuredmedia":[{"embeddable":true,"href":"https:\/\/tourtravelandmore.com\/es\/wp-json\/wp\/v2\/media\/81052"}],"wp:attachment":[{"href":"https:\/\/tourtravelandmore.com\/es\/wp-json\/wp\/v2\/media?parent=17518"}],"wp:term":[{"taxonomy":"product_brand","embeddable":true,"href":"https:\/\/tourtravelandmore.com\/es\/wp-json\/wp\/v2\/product_brand?post=17518"},{"taxonomy":"product_cat","embeddable":true,"href":"https:\/\/tourtravelandmore.com\/es\/wp-json\/wp\/v2\/product_cat?post=17518"},{"taxonomy":"product_tag","embeddable":true,"href":"https:\/\/tourtravelandmore.com\/es\/wp-json\/wp\/v2\/product_tag?post=17518"}],"curies":[{"name":"wp","href":"https:\/\/api.w.org\/{rel}","templated":true}]}}