{"id":175117,"date":"2024-05-08T16:44:47","date_gmt":"2024-05-08T14:44:47","guid":{"rendered":"https:\/\/tourtravelandmore.com\/?post_type=product&#038;p=175117"},"modified":"2024-05-10T19:19:03","modified_gmt":"2024-05-10T17:19:03","slug":"tour-privado-a-las-bodegas-de-la-ribera-del-duero-desde-madrid","status":"publish","type":"product","link":"https:\/\/tourtravelandmore.com\/es\/tours\/espana-es\/madrid-es\/tour-privado-a-las-bodegas-de-la-ribera-del-duero-desde-madrid\/","title":{"rendered":"Tour privado a las bodegas de la Ribera del Duero desde Madrid"},"content":{"rendered":"<h2>Tour privado a las bodegas de la Ribera del Duero desde Madrid Descripci\u00f3n<\/h2>\n<p>Este recorrido de 12 horas por las bodegas de la Ribera del Duero es perfecto para los visitantes que quieran experimentar y disfrutar de algunos de los mejores vinos del centro de Espa\u00f1a desde la capital. Comenzaremos temprano por la ma\u00f1ana para aprovechar al m\u00e1ximo nuestra visita de un d\u00eda completo a las bodegas de la Ribera del Duero desde Madrid, con un lujoso veh\u00edculo privado con ch\u00f3fer para un viaje c\u00f3modo y seguro.<\/p>\n<p>Ribera del Duero es una Denominaci\u00f3n de Origen (D.O.) que incluye vi\u00f1edos en la cuenca del Duero, en la confluencia de las provincias de Burgos, Segovia, Soria y Valladolid, entre Madrid y el norte de Espa\u00f1a. Esta regi\u00f3n ha estado vinculada a la producci\u00f3n vin\u00edcola al menos desde la \u00e9poca de los fenicios, y ha experimentado un \u00e9xito creciente en los \u00faltimos a\u00f1os a medida que la alta calidad de sus vinos ha ido ganando reconocimiento.<\/p>\n<p>Los vinos de la D.O. Ribera del Duero son principalmente tintos, desde los j\u00f3venes hasta los Gran Reserva, elaborados con uvas Tempranillo.<\/p>\n<p>De color intenso, viol\u00e1ceo y brillante cuando son j\u00f3venes, se vuelven ligeramente turbios y apagados a medida que envejecen hacia Gran Reserva. Su aroma es intenso, con notas de frutas del bosque y bayas. A medida que envejecen, adquieren el car\u00e1cter de las barricas de roble y ganan en matices de especias, tostados, cuero, vainilla, regaliz&#8230; Su sabor equilibrado tiene un punto fresco debido a su excelente nivel de acidez, y adquieren cuerpo a medida que maduran.<\/p>\n<p>Dentro de la D.O. Ribera del Duero tambi\u00e9n hay rosados y, m\u00e1s recientemente, vinos blancos. Otras uvas utilizadas en su elaboraci\u00f3n son Cabernet Sauvignon, Merlot, Malbec, Garnacha y Albillo.<\/p>\n<h2>Tour de un d\u00eda completo a las bodegas de la Ribera del Duero desde Madrid | Puntos de inter\u00e9s<\/h2>\n<p>Su ch\u00f3fer le recoger\u00e1 en el lugar que elija de Madrid en un veh\u00edculo de lujo, e iniciar\u00e1 su ruta hacia el norte. Una vez en su destino podr\u00e1 visitar dos bodegas, donde conocer\u00e1 la historia y las t\u00e9cnicas de cada una de ellas, y donde podr\u00e1 degustar sus vinos m\u00e1s representativos, acompa\u00f1ados de los tradicionales aperitivos que los bodegueros saben que mejor maridan con sus vinos.<\/p>\n<p>El \u00e9xito de los vinos de la D.O. Ribera del Duero hace que la disponibilidad de las bodegas sea escasa, y que sea dif\u00edcil visitar dos bodegas en un d\u00eda, pero nosotros nos encargamos de todo para que usted s\u00f3lo tenga que disfrutar de la experiencia.<\/p>\n<p>Entre las bodegas que se pueden visitar est\u00e1n:<\/p>\n<ul>\n<li><strong>Pago de Carraovejas<\/strong><\/li>\n<li><strong>Portia<\/strong><\/li>\n<li><strong>Protos<\/strong><\/li>\n<li><strong>Arzuaga<\/strong><\/li>\n<li><strong>Matarromera<\/strong><\/li>\n<li><strong>Emilio Moro<\/strong><\/li>\n<li><strong>PradoRey<\/strong><\/li>\n<li><strong>Lagar de Isilla<\/strong><\/li>\n<li><strong>Y muchos m\u00e1s, s\u00f3lo tiene que dec\u00edrnoslo si tiene preferencia por alguno en concreto.<\/strong><\/li>\n<\/ul>\n<p>Si lo desea, su ch\u00f3fer le mostrar\u00e1 los lugares m\u00e1s interesantes de la zona o le llevar\u00e1 a comer a un restaurante t\u00edpico cercano.<\/p>\n<p>Al final de sus visitas, su ch\u00f3fer le llevar\u00e1 de vuelta a su lugar de origen en Madrid para descansar.<\/p>\n<p>Como alternativa a nuestra visita de d\u00eda completo a las bodegas de la Ribera del Duero desde Madrid, puede realizar nuestra excursi\u00f3n de d\u00eda completo a las bodegas de La Rioja desde Madrid de 13 horas, o nuestra excursi\u00f3n de d\u00eda completo a las bodegas de Toledo tambi\u00e9n desde Madrid, pero de 8 horas.<\/p>\n","protected":false},"excerpt":{"rendered":"<p>Este recorrido de 12 horas por las bodegas de la Ribera del Duero es perfecto para los visitantes que quieran experimentar y disfrutar de algunos de los mejores vinos del centro de Espa\u00f1a desde la capital. Comenzaremos temprano por la ma\u00f1ana para aprovechar al m\u00e1ximo nuestra visita de un d\u00eda completo a las bodegas de la Ribera del Duero desde Madrid, con un lujoso veh\u00edculo privado con ch\u00f3fer para un viaje c\u00f3modo y seguro.<\/p>\n","protected":false},"featured_media":175118,"comment_status":"open","ping_status":"closed","template":"","meta":{"_acf_changed":false},"product_brand":[],"product_cat":[1596,284,4024,285,286],"product_tag":[],"class_list":{"0":"post-175117","1":"product","2":"type-product","3":"status-publish","4":"has-post-thumbnail","6":"product_cat-espana-es","7":"product_cat-madrid-es","8":"product_cat-winery-tours-es-madrid-es","9":"product_cat-madrid-actividades-es","10":"product_cat-madrid-excursiones-es","12":"first","13":"instock","14":"shipping-taxable","15":"purchasable","16":"product-type-simple"},"acf":[],"yoast_head":"<!-- This site is optimized with the Yoast SEO Premium plugin v25.3.1 (Yoast SEO v25.3.1) - https:\/\/yoast.com\/wordpress\/plugins\/seo\/ -->\n<title>Full-day visit to the wineries of Ribera del Duero from Madrid - TTM<\/title>\n<meta name=\"description\" content=\"Full-day visit to the wineries of Ribera del Duero from Madrid. Enjoy this private tour alongside your private vehicle with driver and Tour Travel and More!\" \/>\n<meta name=\"robots\" content=\"index, follow, max-snippet:-1, max-image-preview:large, max-video-preview:-1\" \/>\n<link rel=\"canonical\" href=\"https:\/\/tourtravelandmore.com\/es\/tours\/espana-es\/madrid-es\/tour-privado-a-las-bodegas-de-la-ribera-del-duero-desde-madrid\/\" \/>\n<meta property=\"og:locale\" content=\"es_ES\" \/>\n<meta property=\"og:type\" content=\"article\" \/>\n<meta property=\"og:title\" content=\"Tour privado a las bodegas de la Ribera del Duero desde Madrid\" \/>\n<meta property=\"og:description\" content=\"Full-day visit to the wineries of Ribera del Duero from Madrid. Enjoy this private tour alongside your private vehicle with driver and Tour Travel and More!\" \/>\n<meta property=\"og:url\" content=\"https:\/\/tourtravelandmore.com\/es\/tours\/espana-es\/madrid-es\/tour-privado-a-las-bodegas-de-la-ribera-del-duero-desde-madrid\/\" \/>\n<meta property=\"og:site_name\" content=\"Tour Travel And More\" \/>\n<meta property=\"article:publisher\" content=\"https:\/\/www.facebook.com\/tourtravelandmore\/\" \/>\n<meta property=\"article:modified_time\" content=\"2024-05-10T17:19:03+00:00\" \/>\n<meta property=\"og:image\" content=\"https:\/\/tourtravelandmore.com\/wp-content\/uploads\/2024\/05\/pexels-pixabay-290316.jpg\" \/>\n\t<meta property=\"og:image:width\" content=\"1280\" \/>\n\t<meta property=\"og:image:height\" content=\"853\" \/>\n\t<meta property=\"og:image:type\" content=\"image\/jpeg\" \/>\n<meta name=\"twitter:card\" content=\"summary_large_image\" \/>\n<meta name=\"twitter:site\" content=\"@TourTravel_More\" \/>\n<meta name=\"twitter:label1\" content=\"Tiempo de lectura\" \/>\n\t<meta name=\"twitter:data1\" content=\"3 minutos\" \/>\n<script type=\"application\/ld+json\" class=\"yoast-schema-graph\">{\"@context\":\"https:\/\/schema.org\",\"@graph\":[{\"@type\":\"WebPage\",\"@id\":\"https:\/\/tourtravelandmore.com\/es\/tours\/espana-es\/madrid-es\/tour-privado-a-las-bodegas-de-la-ribera-del-duero-desde-madrid\/\",\"url\":\"https:\/\/tourtravelandmore.com\/es\/tours\/espana-es\/madrid-es\/tour-privado-a-las-bodegas-de-la-ribera-del-duero-desde-madrid\/\",\"name\":\"Full-day visit to the wineries of Ribera del Duero from Madrid - TTM\",\"isPartOf\":{\"@id\":\"https:\/\/tourtravelandmore.com\/es\/#website\"},\"primaryImageOfPage\":{\"@id\":\"https:\/\/tourtravelandmore.com\/es\/tours\/espana-es\/madrid-es\/tour-privado-a-las-bodegas-de-la-ribera-del-duero-desde-madrid\/#primaryimage\"},\"image\":{\"@id\":\"https:\/\/tourtravelandmore.com\/es\/tours\/espana-es\/madrid-es\/tour-privado-a-las-bodegas-de-la-ribera-del-duero-desde-madrid\/#primaryimage\"},\"thumbnailUrl\":\"https:\/\/tourtravelandmore.com\/wp-content\/uploads\/2024\/05\/pexels-pixabay-290316.jpg\",\"datePublished\":\"2024-05-08T14:44:47+00:00\",\"dateModified\":\"2024-05-10T17:19:03+00:00\",\"description\":\"Full-day visit to the wineries of Ribera del Duero from Madrid. Enjoy this private tour alongside your private vehicle with driver and Tour Travel and More!\",\"breadcrumb\":{\"@id\":\"https:\/\/tourtravelandmore.com\/es\/tours\/espana-es\/madrid-es\/tour-privado-a-las-bodegas-de-la-ribera-del-duero-desde-madrid\/#breadcrumb\"},\"inLanguage\":\"es\",\"potentialAction\":[{\"@type\":\"ReadAction\",\"target\":[\"https:\/\/tourtravelandmore.com\/es\/tours\/espana-es\/madrid-es\/tour-privado-a-las-bodegas-de-la-ribera-del-duero-desde-madrid\/\"]}]},{\"@type\":\"ImageObject\",\"inLanguage\":\"es\",\"@id\":\"https:\/\/tourtravelandmore.com\/es\/tours\/espana-es\/madrid-es\/tour-privado-a-las-bodegas-de-la-ribera-del-duero-desde-madrid\/#primaryimage\",\"url\":\"https:\/\/tourtravelandmore.com\/wp-content\/uploads\/2024\/05\/pexels-pixabay-290316.jpg\",\"contentUrl\":\"https:\/\/tourtravelandmore.com\/wp-content\/uploads\/2024\/05\/pexels-pixabay-290316.jpg\",\"width\":1280,\"height\":853},{\"@type\":\"BreadcrumbList\",\"@id\":\"https:\/\/tourtravelandmore.com\/es\/tours\/espana-es\/madrid-es\/tour-privado-a-las-bodegas-de-la-ribera-del-duero-desde-madrid\/#breadcrumb\",\"itemListElement\":[{\"@type\":\"ListItem\",\"position\":1,\"name\":\"Home\",\"item\":\"https:\/\/tourtravelandmore.com\/es\/\"},{\"@type\":\"ListItem\",\"position\":2,\"name\":\"Tours\",\"item\":\"https:\/\/tourtravelandmore.com\/es\/tours\/\"},{\"@type\":\"ListItem\",\"position\":3,\"name\":\"Full-day visit to the wineries of Ribera del Duero from Madrid\"}]},{\"@type\":\"WebSite\",\"@id\":\"https:\/\/tourtravelandmore.com\/es\/#website\",\"url\":\"https:\/\/tourtravelandmore.com\/es\/\",\"name\":\"Tour Travel And More\",\"description\":\"Private sightseeing tours and luxury transfers in Spain\",\"publisher\":{\"@id\":\"https:\/\/tourtravelandmore.com\/es\/#organization\"},\"potentialAction\":[{\"@type\":\"SearchAction\",\"target\":{\"@type\":\"EntryPoint\",\"urlTemplate\":\"https:\/\/tourtravelandmore.com\/es\/?s={search_term_string}\"},\"query-input\":{\"@type\":\"PropertyValueSpecification\",\"valueRequired\":true,\"valueName\":\"search_term_string\"}}],\"inLanguage\":\"es\"},{\"@type\":\"Organization\",\"@id\":\"https:\/\/tourtravelandmore.com\/es\/#organization\",\"name\":\"Tour Travel And More\",\"url\":\"https:\/\/tourtravelandmore.com\/es\/\",\"logo\":{\"@type\":\"ImageObject\",\"inLanguage\":\"es\",\"@id\":\"https:\/\/tourtravelandmore.com\/es\/#\/schema\/logo\/image\/\",\"url\":\"https:\/\/tourtravelandmore.com\/wp-content\/uploads\/2022\/12\/cropped-logo-cabecera-new.png\",\"contentUrl\":\"https:\/\/tourtravelandmore.com\/wp-content\/uploads\/2022\/12\/cropped-logo-cabecera-new.png\",\"width\":430,\"height\":61,\"caption\":\"Tour Travel And More\"},\"image\":{\"@id\":\"https:\/\/tourtravelandmore.com\/es\/#\/schema\/logo\/image\/\"},\"sameAs\":[\"https:\/\/www.facebook.com\/tourtravelandmore\/\",\"https:\/\/x.com\/TourTravel_More\"]}]}<\/script>\n<!-- \/ Yoast SEO Premium plugin. -->","yoast_head_json":{"title":"Full-day visit to the wineries of Ribera del Duero from Madrid - TTM","description":"Full-day visit to the wineries of Ribera del Duero from Madrid. Enjoy this private tour alongside your private vehicle with driver and Tour Travel and More!","robots":{"index":"index","follow":"follow","max-snippet":"max-snippet:-1","max-image-preview":"max-image-preview:large","max-video-preview":"max-video-preview:-1"},"canonical":"https:\/\/tourtravelandmore.com\/es\/tours\/espana-es\/madrid-es\/tour-privado-a-las-bodegas-de-la-ribera-del-duero-desde-madrid\/","og_locale":"es_ES","og_type":"article","og_title":"Tour privado a las bodegas de la Ribera del Duero desde Madrid","og_description":"Full-day visit to the wineries of Ribera del Duero from Madrid. Enjoy this private tour alongside your private vehicle with driver and Tour Travel and More!","og_url":"https:\/\/tourtravelandmore.com\/es\/tours\/espana-es\/madrid-es\/tour-privado-a-las-bodegas-de-la-ribera-del-duero-desde-madrid\/","og_site_name":"Tour Travel And More","article_publisher":"https:\/\/www.facebook.com\/tourtravelandmore\/","article_modified_time":"2024-05-10T17:19:03+00:00","og_image":[{"width":1280,"height":853,"url":"https:\/\/tourtravelandmore.com\/wp-content\/uploads\/2024\/05\/pexels-pixabay-290316.jpg","type":"image\/jpeg"}],"twitter_card":"summary_large_image","twitter_site":"@TourTravel_More","twitter_misc":{"Tiempo de lectura":"3 minutos"},"schema":{"@context":"https:\/\/schema.org","@graph":[{"@type":"WebPage","@id":"https:\/\/tourtravelandmore.com\/es\/tours\/espana-es\/madrid-es\/tour-privado-a-las-bodegas-de-la-ribera-del-duero-desde-madrid\/","url":"https:\/\/tourtravelandmore.com\/es\/tours\/espana-es\/madrid-es\/tour-privado-a-las-bodegas-de-la-ribera-del-duero-desde-madrid\/","name":"Full-day visit to the wineries of Ribera del Duero from Madrid - TTM","isPartOf":{"@id":"https:\/\/tourtravelandmore.com\/es\/#website"},"primaryImageOfPage":{"@id":"https:\/\/tourtravelandmore.com\/es\/tours\/espana-es\/madrid-es\/tour-privado-a-las-bodegas-de-la-ribera-del-duero-desde-madrid\/#primaryimage"},"image":{"@id":"https:\/\/tourtravelandmore.com\/es\/tours\/espana-es\/madrid-es\/tour-privado-a-las-bodegas-de-la-ribera-del-duero-desde-madrid\/#primaryimage"},"thumbnailUrl":"https:\/\/tourtravelandmore.com\/wp-content\/uploads\/2024\/05\/pexels-pixabay-290316.jpg","datePublished":"2024-05-08T14:44:47+00:00","dateModified":"2024-05-10T17:19:03+00:00","description":"Full-day visit to the wineries of Ribera del Duero from Madrid. Enjoy this private tour alongside your private vehicle with driver and Tour Travel and More!","breadcrumb":{"@id":"https:\/\/tourtravelandmore.com\/es\/tours\/espana-es\/madrid-es\/tour-privado-a-las-bodegas-de-la-ribera-del-duero-desde-madrid\/#breadcrumb"},"inLanguage":"es","potentialAction":[{"@type":"ReadAction","target":["https:\/\/tourtravelandmore.com\/es\/tours\/espana-es\/madrid-es\/tour-privado-a-las-bodegas-de-la-ribera-del-duero-desde-madrid\/"]}]},{"@type":"ImageObject","inLanguage":"es","@id":"https:\/\/tourtravelandmore.com\/es\/tours\/espana-es\/madrid-es\/tour-privado-a-las-bodegas-de-la-ribera-del-duero-desde-madrid\/#primaryimage","url":"https:\/\/tourtravelandmore.com\/wp-content\/uploads\/2024\/05\/pexels-pixabay-290316.jpg","contentUrl":"https:\/\/tourtravelandmore.com\/wp-content\/uploads\/2024\/05\/pexels-pixabay-290316.jpg","width":1280,"height":853},{"@type":"BreadcrumbList","@id":"https:\/\/tourtravelandmore.com\/es\/tours\/espana-es\/madrid-es\/tour-privado-a-las-bodegas-de-la-ribera-del-duero-desde-madrid\/#breadcrumb","itemListElement":[{"@type":"ListItem","position":1,"name":"Home","item":"https:\/\/tourtravelandmore.com\/es\/"},{"@type":"ListItem","position":2,"name":"Tours","item":"https:\/\/tourtravelandmore.com\/es\/tours\/"},{"@type":"ListItem","position":3,"name":"Full-day visit to the wineries of Ribera del Duero from Madrid"}]},{"@type":"WebSite","@id":"https:\/\/tourtravelandmore.com\/es\/#website","url":"https:\/\/tourtravelandmore.com\/es\/","name":"Tour Travel And More","description":"Private sightseeing tours and luxury transfers in Spain","publisher":{"@id":"https:\/\/tourtravelandmore.com\/es\/#organization"},"potentialAction":[{"@type":"SearchAction","target":{"@type":"EntryPoint","urlTemplate":"https:\/\/tourtravelandmore.com\/es\/?s={search_term_string}"},"query-input":{"@type":"PropertyValueSpecification","valueRequired":true,"valueName":"search_term_string"}}],"inLanguage":"es"},{"@type":"Organization","@id":"https:\/\/tourtravelandmore.com\/es\/#organization","name":"Tour Travel And More","url":"https:\/\/tourtravelandmore.com\/es\/","logo":{"@type":"ImageObject","inLanguage":"es","@id":"https:\/\/tourtravelandmore.com\/es\/#\/schema\/logo\/image\/","url":"https:\/\/tourtravelandmore.com\/wp-content\/uploads\/2022\/12\/cropped-logo-cabecera-new.png","contentUrl":"https:\/\/tourtravelandmore.com\/wp-content\/uploads\/2022\/12\/cropped-logo-cabecera-new.png","width":430,"height":61,"caption":"Tour Travel And More"},"image":{"@id":"https:\/\/tourtravelandmore.com\/es\/#\/schema\/logo\/image\/"},"sameAs":["https:\/\/www.facebook.com\/tourtravelandmore\/","https:\/\/x.com\/TourTravel_More"]}]}},"_links":{"self":[{"href":"https:\/\/tourtravelandmore.com\/es\/wp-json\/wp\/v2\/product\/175117","targetHints":{"allow":["GET"]}}],"collection":[{"href":"https:\/\/tourtravelandmore.com\/es\/wp-json\/wp\/v2\/product"}],"about":[{"href":"https:\/\/tourtravelandmore.com\/es\/wp-json\/wp\/v2\/types\/product"}],"replies":[{"embeddable":true,"href":"https:\/\/tourtravelandmore.com\/es\/wp-json\/wp\/v2\/comments?post=175117"}],"wp:featuredmedia":[{"embeddable":true,"href":"https:\/\/tourtravelandmore.com\/es\/wp-json\/wp\/v2\/media\/175118"}],"wp:attachment":[{"href":"https:\/\/tourtravelandmore.com\/es\/wp-json\/wp\/v2\/media?parent=175117"}],"wp:term":[{"taxonomy":"product_brand","embeddable":true,"href":"https:\/\/tourtravelandmore.com\/es\/wp-json\/wp\/v2\/product_brand?post=175117"},{"taxonomy":"product_cat","embeddable":true,"href":"https:\/\/tourtravelandmore.com\/es\/wp-json\/wp\/v2\/product_cat?post=175117"},{"taxonomy":"product_tag","embeddable":true,"href":"https:\/\/tourtravelandmore.com\/es\/wp-json\/wp\/v2\/product_tag?post=175117"}],"curies":[{"name":"wp","href":"https:\/\/api.w.org\/{rel}","templated":true}]}}