{"id":174928,"date":"2024-04-23T21:10:18","date_gmt":"2024-04-23T19:10:17","guid":{"rendered":"https:\/\/tourtravelandmore.com\/?post_type=product&#038;p=174928"},"modified":"2024-04-24T18:28:16","modified_gmt":"2024-04-24T16:28:16","slug":"tour-en-globo-aerostatico-por-capadocia-con-traslado-privado","status":"publish","type":"product","link":"https:\/\/tourtravelandmore.com\/es\/tours\/turquia-es\/capadocia\/todos-los-tours-privados-es-4\/tour-en-globo-aerostatico-por-capadocia-con-traslado-privado\/","title":{"rendered":"Tour en globo aerost\u00e1tico por Capadocia con traslado privado"},"content":{"rendered":"<h2><strong>Tour en globo aerost\u00e1tico por Capadocia con traslado privado Descripci\u00f3n<\/strong><\/h2>\n<p>Experimente la impresionante belleza de <strong>Capadocia<\/strong> desde una perspectiva \u00fanica con nuestra exclusiva excursi\u00f3n en globo aerost\u00e1tico por <strong>Capadocia.<\/strong> Desl\u00edcese suavemente por el cielo mientras el sol se eleva sobre el hipnotizador paisaje, adornado con chimeneas de hadas, valles y vi\u00f1edos. Nuestro paseo privado en globo ofrece un viaje \u00edntimo para usted y su grupo, garantizando una experiencia inolvidable.<\/p>\n<p>Disfrute de la comodidad y el confort del traslado privado desde su alojamiento hasta el lugar de despegue del <strong>globo aerost\u00e1tico<\/strong>, y de vuelta tras el recorrido.<\/p>\n<p>Sum\u00e9rjase en la magia de los <strong>paisajes de Capadocia<\/strong> y cree recuerdos para toda la vida con nuestra exclusiva <strong>excursi\u00f3n en globo<\/strong> aerost\u00e1tico. Reserve ahora un viaje inolvidable por encima de las chimeneas de hadas y los valles de esta encantadora regi\u00f3n.<\/p>\n<h2>Puntos de inter\u00e9s<\/h2>\n<p>Emb\u00e1rquese en una emocionante aventura con un <strong>viaje en globo aer<\/strong> ost\u00e1tico en grupo <strong>,<\/strong> sobrevolando los lugares emblem\u00e1ticos y las maravillas geol\u00f3gicas <a href=\"\u00abhttps:\/\/es.wikipedia.org\/wiki\/Capadocia\u00bb\"><strong>de Capadocia<\/strong><\/a> . Marav\u00edllese con las vistas panor\u00e1micas de <strong>palomares, huertos<\/strong> y <strong>vi\u00f1edos,<\/strong> mientras disfruta de la serenidad del <strong>cielo matutino.<\/strong><\/p>\n<p>Con nuestro <strong>vuelo en globo,<\/strong> contar\u00e1 con la atenci\u00f3n dedicada de nuestros <strong>experimentados pilotos y tripulaci\u00f3n,<\/strong> garantiz\u00e1ndole un viaje <strong>inolvidable<\/strong>. La espaciosa cesta permite una visi\u00f3n y unas oportunidades fotogr\u00e1ficas \u00f3ptimas, por lo que es perfecta para capturar sus recuerdos de Capadocia desde las alturas.<\/p>\n<p>Al aterrizar, celebre su aventura en globo con un brindis tradicional con champ\u00e1n, a\u00f1adiendo un toque de lujo a su experiencia. Reciba su certificado de vuelo personalizado como recuerdo de su viaje a\u00e9reo sobre el impresionante paisaje de Capadocia.<\/p>\n<p><a href=\"\u00ab\/?product_cat=turkey\/istanbul-en\u00bb\">Eche un vistazo a nuestras otras excursiones privadas en Estambul.<\/a><\/p>\n","protected":false},"excerpt":{"rendered":"<p>Experimente la impresionante belleza de <strong>Capadocia<\/strong> desde una perspectiva \u00fanica con nuestra exclusiva excursi\u00f3n en globo aerost\u00e1tico por <strong>Capadocia.<\/strong> Desl\u00edcese suavemente por el cielo mientras el sol se eleva sobre el hipnotizador paisaje, adornado con chimeneas de hadas, valles y vi\u00f1edos. Nuestro paseo privado en globo ofrece un viaje \u00edntimo para usted y su grupo, garantizando una experiencia inolvidable.<\/p>\n","protected":false},"featured_media":174814,"comment_status":"open","ping_status":"closed","template":"","meta":{"_acf_changed":false},"product_brand":[],"product_cat":[5323,5326,1601],"product_tag":[],"class_list":{"0":"post-174928","1":"product","2":"type-product","3":"status-publish","4":"has-post-thumbnail","6":"product_cat-capadocia","7":"product_cat-todos-los-tours-privados-es-4","8":"product_cat-turquia-es","10":"first","11":"instock","12":"shipping-taxable","13":"purchasable","14":"product-type-simple"},"acf":[],"yoast_head":"<!-- This site is optimized with the Yoast SEO Premium plugin v25.3.1 (Yoast SEO v25.3.1) - https:\/\/yoast.com\/wordpress\/plugins\/seo\/ -->\n<title>\u27a1\ufe0f Tour en globo aerost\u00e1tico por Capadocia con traslado privado | TT&amp;M<\/title>\n<meta name=\"description\" content=\"Avent\u00farese en este recorrido y disfrute de este Tour en globo aerost\u00e1tico por Capadocia con traslado privado \u2705\" \/>\n<meta name=\"robots\" content=\"index, follow, max-snippet:-1, max-image-preview:large, max-video-preview:-1\" \/>\n<link rel=\"canonical\" href=\"https:\/\/tourtravelandmore.com\/es\/tours\/turquia-es\/capadocia\/todos-los-tours-privados-es-4\/tour-en-globo-aerostatico-por-capadocia-con-traslado-privado\/\" \/>\n<meta property=\"og:locale\" content=\"es_ES\" \/>\n<meta property=\"og:type\" content=\"article\" \/>\n<meta property=\"og:title\" content=\"Tour en globo aerost\u00e1tico por Capadocia con traslado privado\" \/>\n<meta property=\"og:description\" content=\"Avent\u00farese en este recorrido y disfrute de este Tour en globo aerost\u00e1tico por Capadocia con traslado privado \u2705\" \/>\n<meta property=\"og:url\" content=\"https:\/\/tourtravelandmore.com\/es\/tours\/turquia-es\/capadocia\/todos-los-tours-privados-es-4\/tour-en-globo-aerostatico-por-capadocia-con-traslado-privado\/\" \/>\n<meta property=\"og:site_name\" content=\"Tour Travel And More\" \/>\n<meta property=\"article:publisher\" content=\"https:\/\/www.facebook.com\/tourtravelandmore\/\" \/>\n<meta property=\"article:modified_time\" content=\"2024-04-24T16:28:16+00:00\" \/>\n<meta property=\"og:image\" content=\"https:\/\/tourtravelandmore.com\/wp-content\/uploads\/2024\/04\/pexels-photo-3789147.jpg\" \/>\n\t<meta property=\"og:image:width\" content=\"1125\" \/>\n\t<meta property=\"og:image:height\" content=\"750\" \/>\n\t<meta property=\"og:image:type\" content=\"image\/jpeg\" \/>\n<meta name=\"twitter:card\" content=\"summary_large_image\" \/>\n<meta name=\"twitter:site\" content=\"@TourTravel_More\" \/>\n<meta name=\"twitter:label1\" content=\"Tiempo de lectura\" \/>\n\t<meta name=\"twitter:data1\" content=\"2 minutos\" \/>\n<script type=\"application\/ld+json\" class=\"yoast-schema-graph\">{\"@context\":\"https:\/\/schema.org\",\"@graph\":[{\"@type\":\"WebPage\",\"@id\":\"https:\/\/tourtravelandmore.com\/es\/tours\/turquia-es\/capadocia\/todos-los-tours-privados-es-4\/tour-en-globo-aerostatico-por-capadocia-con-traslado-privado\/\",\"url\":\"https:\/\/tourtravelandmore.com\/es\/tours\/turquia-es\/capadocia\/todos-los-tours-privados-es-4\/tour-en-globo-aerostatico-por-capadocia-con-traslado-privado\/\",\"name\":\"\u27a1\ufe0f Tour en globo aerost\u00e1tico por Capadocia con traslado privado | TT&M\",\"isPartOf\":{\"@id\":\"https:\/\/tourtravelandmore.com\/es\/#website\"},\"primaryImageOfPage\":{\"@id\":\"https:\/\/tourtravelandmore.com\/es\/tours\/turquia-es\/capadocia\/todos-los-tours-privados-es-4\/tour-en-globo-aerostatico-por-capadocia-con-traslado-privado\/#primaryimage\"},\"image\":{\"@id\":\"https:\/\/tourtravelandmore.com\/es\/tours\/turquia-es\/capadocia\/todos-los-tours-privados-es-4\/tour-en-globo-aerostatico-por-capadocia-con-traslado-privado\/#primaryimage\"},\"thumbnailUrl\":\"https:\/\/tourtravelandmore.com\/wp-content\/uploads\/2024\/04\/pexels-photo-3789147.jpg\",\"datePublished\":\"2024-04-23T19:10:17+00:00\",\"dateModified\":\"2024-04-24T16:28:16+00:00\",\"description\":\"Avent\u00farese en este recorrido y disfrute de este Tour en globo aerost\u00e1tico por Capadocia con traslado privado \u2705\",\"breadcrumb\":{\"@id\":\"https:\/\/tourtravelandmore.com\/es\/tours\/turquia-es\/capadocia\/todos-los-tours-privados-es-4\/tour-en-globo-aerostatico-por-capadocia-con-traslado-privado\/#breadcrumb\"},\"inLanguage\":\"es\",\"potentialAction\":[{\"@type\":\"ReadAction\",\"target\":[\"https:\/\/tourtravelandmore.com\/es\/tours\/turquia-es\/capadocia\/todos-los-tours-privados-es-4\/tour-en-globo-aerostatico-por-capadocia-con-traslado-privado\/\"]}]},{\"@type\":\"ImageObject\",\"inLanguage\":\"es\",\"@id\":\"https:\/\/tourtravelandmore.com\/es\/tours\/turquia-es\/capadocia\/todos-los-tours-privados-es-4\/tour-en-globo-aerostatico-por-capadocia-con-traslado-privado\/#primaryimage\",\"url\":\"https:\/\/tourtravelandmore.com\/wp-content\/uploads\/2024\/04\/pexels-photo-3789147.jpg\",\"contentUrl\":\"https:\/\/tourtravelandmore.com\/wp-content\/uploads\/2024\/04\/pexels-photo-3789147.jpg\",\"width\":1125,\"height\":750},{\"@type\":\"BreadcrumbList\",\"@id\":\"https:\/\/tourtravelandmore.com\/es\/tours\/turquia-es\/capadocia\/todos-los-tours-privados-es-4\/tour-en-globo-aerostatico-por-capadocia-con-traslado-privado\/#breadcrumb\",\"itemListElement\":[{\"@type\":\"ListItem\",\"position\":1,\"name\":\"Home\",\"item\":\"https:\/\/tourtravelandmore.com\/es\/\"},{\"@type\":\"ListItem\",\"position\":2,\"name\":\"Tours\",\"item\":\"https:\/\/tourtravelandmore.com\/es\/tours\/\"},{\"@type\":\"ListItem\",\"position\":3,\"name\":\"Tour en globo aerost\u00e1tico por Capadocia con traslado privado\"}]},{\"@type\":\"WebSite\",\"@id\":\"https:\/\/tourtravelandmore.com\/es\/#website\",\"url\":\"https:\/\/tourtravelandmore.com\/es\/\",\"name\":\"Tour Travel And More\",\"description\":\"Private sightseeing tours and luxury transfers in Spain\",\"publisher\":{\"@id\":\"https:\/\/tourtravelandmore.com\/es\/#organization\"},\"potentialAction\":[{\"@type\":\"SearchAction\",\"target\":{\"@type\":\"EntryPoint\",\"urlTemplate\":\"https:\/\/tourtravelandmore.com\/es\/?s={search_term_string}\"},\"query-input\":{\"@type\":\"PropertyValueSpecification\",\"valueRequired\":true,\"valueName\":\"search_term_string\"}}],\"inLanguage\":\"es\"},{\"@type\":\"Organization\",\"@id\":\"https:\/\/tourtravelandmore.com\/es\/#organization\",\"name\":\"Tour Travel And More\",\"url\":\"https:\/\/tourtravelandmore.com\/es\/\",\"logo\":{\"@type\":\"ImageObject\",\"inLanguage\":\"es\",\"@id\":\"https:\/\/tourtravelandmore.com\/es\/#\/schema\/logo\/image\/\",\"url\":\"https:\/\/tourtravelandmore.com\/wp-content\/uploads\/2022\/12\/cropped-logo-cabecera-new.png\",\"contentUrl\":\"https:\/\/tourtravelandmore.com\/wp-content\/uploads\/2022\/12\/cropped-logo-cabecera-new.png\",\"width\":430,\"height\":61,\"caption\":\"Tour Travel And More\"},\"image\":{\"@id\":\"https:\/\/tourtravelandmore.com\/es\/#\/schema\/logo\/image\/\"},\"sameAs\":[\"https:\/\/www.facebook.com\/tourtravelandmore\/\",\"https:\/\/x.com\/TourTravel_More\"]}]}<\/script>\n<!-- \/ Yoast SEO Premium plugin. -->","yoast_head_json":{"title":"\u27a1\ufe0f Tour en globo aerost\u00e1tico por Capadocia con traslado privado | TT&M","description":"Avent\u00farese en este recorrido y disfrute de este Tour en globo aerost\u00e1tico por Capadocia con traslado privado \u2705","robots":{"index":"index","follow":"follow","max-snippet":"max-snippet:-1","max-image-preview":"max-image-preview:large","max-video-preview":"max-video-preview:-1"},"canonical":"https:\/\/tourtravelandmore.com\/es\/tours\/turquia-es\/capadocia\/todos-los-tours-privados-es-4\/tour-en-globo-aerostatico-por-capadocia-con-traslado-privado\/","og_locale":"es_ES","og_type":"article","og_title":"Tour en globo aerost\u00e1tico por Capadocia con traslado privado","og_description":"Avent\u00farese en este recorrido y disfrute de este Tour en globo aerost\u00e1tico por Capadocia con traslado privado \u2705","og_url":"https:\/\/tourtravelandmore.com\/es\/tours\/turquia-es\/capadocia\/todos-los-tours-privados-es-4\/tour-en-globo-aerostatico-por-capadocia-con-traslado-privado\/","og_site_name":"Tour Travel And More","article_publisher":"https:\/\/www.facebook.com\/tourtravelandmore\/","article_modified_time":"2024-04-24T16:28:16+00:00","og_image":[{"width":1125,"height":750,"url":"https:\/\/tourtravelandmore.com\/wp-content\/uploads\/2024\/04\/pexels-photo-3789147.jpg","type":"image\/jpeg"}],"twitter_card":"summary_large_image","twitter_site":"@TourTravel_More","twitter_misc":{"Tiempo de lectura":"2 minutos"},"schema":{"@context":"https:\/\/schema.org","@graph":[{"@type":"WebPage","@id":"https:\/\/tourtravelandmore.com\/es\/tours\/turquia-es\/capadocia\/todos-los-tours-privados-es-4\/tour-en-globo-aerostatico-por-capadocia-con-traslado-privado\/","url":"https:\/\/tourtravelandmore.com\/es\/tours\/turquia-es\/capadocia\/todos-los-tours-privados-es-4\/tour-en-globo-aerostatico-por-capadocia-con-traslado-privado\/","name":"\u27a1\ufe0f Tour en globo aerost\u00e1tico por Capadocia con traslado privado | TT&M","isPartOf":{"@id":"https:\/\/tourtravelandmore.com\/es\/#website"},"primaryImageOfPage":{"@id":"https:\/\/tourtravelandmore.com\/es\/tours\/turquia-es\/capadocia\/todos-los-tours-privados-es-4\/tour-en-globo-aerostatico-por-capadocia-con-traslado-privado\/#primaryimage"},"image":{"@id":"https:\/\/tourtravelandmore.com\/es\/tours\/turquia-es\/capadocia\/todos-los-tours-privados-es-4\/tour-en-globo-aerostatico-por-capadocia-con-traslado-privado\/#primaryimage"},"thumbnailUrl":"https:\/\/tourtravelandmore.com\/wp-content\/uploads\/2024\/04\/pexels-photo-3789147.jpg","datePublished":"2024-04-23T19:10:17+00:00","dateModified":"2024-04-24T16:28:16+00:00","description":"Avent\u00farese en este recorrido y disfrute de este Tour en globo aerost\u00e1tico por Capadocia con traslado privado \u2705","breadcrumb":{"@id":"https:\/\/tourtravelandmore.com\/es\/tours\/turquia-es\/capadocia\/todos-los-tours-privados-es-4\/tour-en-globo-aerostatico-por-capadocia-con-traslado-privado\/#breadcrumb"},"inLanguage":"es","potentialAction":[{"@type":"ReadAction","target":["https:\/\/tourtravelandmore.com\/es\/tours\/turquia-es\/capadocia\/todos-los-tours-privados-es-4\/tour-en-globo-aerostatico-por-capadocia-con-traslado-privado\/"]}]},{"@type":"ImageObject","inLanguage":"es","@id":"https:\/\/tourtravelandmore.com\/es\/tours\/turquia-es\/capadocia\/todos-los-tours-privados-es-4\/tour-en-globo-aerostatico-por-capadocia-con-traslado-privado\/#primaryimage","url":"https:\/\/tourtravelandmore.com\/wp-content\/uploads\/2024\/04\/pexels-photo-3789147.jpg","contentUrl":"https:\/\/tourtravelandmore.com\/wp-content\/uploads\/2024\/04\/pexels-photo-3789147.jpg","width":1125,"height":750},{"@type":"BreadcrumbList","@id":"https:\/\/tourtravelandmore.com\/es\/tours\/turquia-es\/capadocia\/todos-los-tours-privados-es-4\/tour-en-globo-aerostatico-por-capadocia-con-traslado-privado\/#breadcrumb","itemListElement":[{"@type":"ListItem","position":1,"name":"Home","item":"https:\/\/tourtravelandmore.com\/es\/"},{"@type":"ListItem","position":2,"name":"Tours","item":"https:\/\/tourtravelandmore.com\/es\/tours\/"},{"@type":"ListItem","position":3,"name":"Tour en globo aerost\u00e1tico por Capadocia con traslado privado"}]},{"@type":"WebSite","@id":"https:\/\/tourtravelandmore.com\/es\/#website","url":"https:\/\/tourtravelandmore.com\/es\/","name":"Tour Travel And More","description":"Private sightseeing tours and luxury transfers in Spain","publisher":{"@id":"https:\/\/tourtravelandmore.com\/es\/#organization"},"potentialAction":[{"@type":"SearchAction","target":{"@type":"EntryPoint","urlTemplate":"https:\/\/tourtravelandmore.com\/es\/?s={search_term_string}"},"query-input":{"@type":"PropertyValueSpecification","valueRequired":true,"valueName":"search_term_string"}}],"inLanguage":"es"},{"@type":"Organization","@id":"https:\/\/tourtravelandmore.com\/es\/#organization","name":"Tour Travel And More","url":"https:\/\/tourtravelandmore.com\/es\/","logo":{"@type":"ImageObject","inLanguage":"es","@id":"https:\/\/tourtravelandmore.com\/es\/#\/schema\/logo\/image\/","url":"https:\/\/tourtravelandmore.com\/wp-content\/uploads\/2022\/12\/cropped-logo-cabecera-new.png","contentUrl":"https:\/\/tourtravelandmore.com\/wp-content\/uploads\/2022\/12\/cropped-logo-cabecera-new.png","width":430,"height":61,"caption":"Tour Travel And More"},"image":{"@id":"https:\/\/tourtravelandmore.com\/es\/#\/schema\/logo\/image\/"},"sameAs":["https:\/\/www.facebook.com\/tourtravelandmore\/","https:\/\/x.com\/TourTravel_More"]}]}},"_links":{"self":[{"href":"https:\/\/tourtravelandmore.com\/es\/wp-json\/wp\/v2\/product\/174928","targetHints":{"allow":["GET"]}}],"collection":[{"href":"https:\/\/tourtravelandmore.com\/es\/wp-json\/wp\/v2\/product"}],"about":[{"href":"https:\/\/tourtravelandmore.com\/es\/wp-json\/wp\/v2\/types\/product"}],"replies":[{"embeddable":true,"href":"https:\/\/tourtravelandmore.com\/es\/wp-json\/wp\/v2\/comments?post=174928"}],"wp:featuredmedia":[{"embeddable":true,"href":"https:\/\/tourtravelandmore.com\/es\/wp-json\/wp\/v2\/media\/174814"}],"wp:attachment":[{"href":"https:\/\/tourtravelandmore.com\/es\/wp-json\/wp\/v2\/media?parent=174928"}],"wp:term":[{"taxonomy":"product_brand","embeddable":true,"href":"https:\/\/tourtravelandmore.com\/es\/wp-json\/wp\/v2\/product_brand?post=174928"},{"taxonomy":"product_cat","embeddable":true,"href":"https:\/\/tourtravelandmore.com\/es\/wp-json\/wp\/v2\/product_cat?post=174928"},{"taxonomy":"product_tag","embeddable":true,"href":"https:\/\/tourtravelandmore.com\/es\/wp-json\/wp\/v2\/product_tag?post=174928"}],"curies":[{"name":"wp","href":"https:\/\/api.w.org\/{rel}","templated":true}]}}