{"id":174901,"date":"2024-04-23T18:25:14","date_gmt":"2024-04-23T16:25:14","guid":{"rendered":"https:\/\/tourtravelandmore.com\/?post_type=product&#038;p=174901"},"modified":"2024-04-26T17:54:35","modified_gmt":"2024-04-26T15:54:35","slug":"traslado-privado-de-ida-y-vuelta-aeropuerto-kayseri-copy","status":"publish","type":"product","link":"https:\/\/tourtravelandmore.com\/es\/tours\/turquia-es\/capadocia\/traslados-privados-es-5\/traslado-privado-de-ida-y-vuelta-aeropuerto-kayseri-copy\/","title":{"rendered":"Traslado privado de ida y vuelta Aeropuerto Nevsehir"},"content":{"rendered":"<h2><b><strong>Descripci\u00f3n | Traslado privado de ida y vuelta Aeropuerto <\/strong><\/b><strong>Nevsehir<\/strong><\/h2>\n<p>Disfrute de un transporte lujoso y sin problemas con el traslado privado de ida y vuelta al aeropuerto <b><strong>de<\/strong><\/b> Nevsehir de Tour Travel &amp; More. Tanto si llega como si sale, nuestros conductores profesionales y corteses le garantizan un viaje sin complicaciones desde el momento en que salga del aeropuerto. Si\u00e9ntese, rel\u00e1jese y disfrute de la comodidad de nuestros veh\u00edculos bien equipados mientras le llevamos a su destino con estilo.<\/p>\n<p>Nuestros traslados est\u00e1n meticulosamente planificados para garantizar una llegada y salida r\u00e1pidas, minimizando el tiempo de espera y maximizando la comodidad.<\/p>\n<p>Viaje con absoluta comodidad en nuestros espaciosos y modernos veh\u00edculos equipados con asientos de felpa y climatizador. Nuestros experimentados conductores est\u00e1n altamente formados, lo que garantiza un transporte seguro y sin problemas durante todo su viaje.<\/p>\n<h2><b>Destacados<\/b><\/h2>\n<p>Entendemos que cada viajero es \u00fanico, por lo que ofrecemos un servicio personalizado adaptado a sus necesidades y preferencias espec\u00edficas. Cuente con nosotros para un servicio puntual y fiable, que le permita relajarse y centrarse en disfrutar de su viaje.<\/p>\n<p>Con Tour Travel &amp; More, podr\u00e1 disfrutar de la tranquilidad de saber que sus necesidades de transporte ser\u00e1n atendidas con la m\u00e1xima profesionalidad y atenci\u00f3n al detalle.<\/p>\n<p>Tanto si visita Nevsehir por negocios como por placer, haga que su experiencia de viaje sea realmente excepcional con el<b><strong> traslado privado de ida y vuelta al aeropuerto de Nevsehir <\/strong><\/b>de Tour Travel &amp; More<b><strong>.<\/strong><\/b><\/p>\n<p>Del\u00e9itese con el encanto de los tesoros del sur de Capadocia con nuestro Tour Privado Capadocia Verde, y otro d\u00eda, ad\u00e9ntrese en las maravillas del centro de Capadocia con nuestra experiencia Tour Rojo. Consulte aqu\u00ed nuestros recorridos privados<\/p>\n","protected":false},"excerpt":{"rendered":"<p>Disfrute de un transporte lujoso y sin problemas con el traslado privado de ida y vuelta al aeropuerto <b><strong>de<\/strong><\/b> Nevsehir de Tour Travel &amp; More. Tanto si llega como si sale, nuestros conductores profesionales y corteses le garantizan un viaje sin complicaciones desde el momento en que salga del aeropuerto. Si\u00e9ntese, rel\u00e1jese y disfrute de la comodidad de nuestros veh\u00edculos bien equipados mientras le llevamos a su destino con estilo.<\/p>\n","protected":false},"featured_media":174656,"comment_status":"open","ping_status":"closed","template":"","meta":{"_acf_changed":false},"product_brand":[],"product_cat":[5323,5329,1601],"product_tag":[],"class_list":{"0":"post-174901","1":"product","2":"type-product","3":"status-publish","4":"has-post-thumbnail","6":"product_cat-capadocia","7":"product_cat-traslados-privados-es-5","8":"product_cat-turquia-es","10":"first","11":"instock","12":"shipping-taxable","13":"purchasable","14":"product-type-simple"},"acf":[],"yoast_head":"<!-- This site is optimized with the Yoast SEO Premium plugin v25.3.1 (Yoast SEO v25.3.1) - https:\/\/yoast.com\/wordpress\/plugins\/seo\/ -->\n<title>\u27a1\ufe0f Traslado privado de ida y vuelta Aeropuerto Nevsehir | Tour Travel &amp; More<\/title>\n<meta name=\"description\" content=\"Cuente con nosotros para un servicio puntual y fiable, que le permita relajarse y centrarse en disfrutar de su viaje \u2705\" \/>\n<meta name=\"robots\" content=\"index, follow, max-snippet:-1, max-image-preview:large, max-video-preview:-1\" \/>\n<link rel=\"canonical\" href=\"https:\/\/tourtravelandmore.com\/es\/tours\/turquia-es\/capadocia\/traslados-privados-es-5\/traslado-privado-de-ida-y-vuelta-aeropuerto-kayseri-copy\/\" \/>\n<meta property=\"og:locale\" content=\"es_ES\" \/>\n<meta property=\"og:type\" content=\"article\" \/>\n<meta property=\"og:title\" content=\"Traslado privado de ida y vuelta Aeropuerto Nevsehir\" \/>\n<meta property=\"og:description\" content=\"Cuente con nosotros para un servicio puntual y fiable, que le permita relajarse y centrarse en disfrutar de su viaje \u2705\" \/>\n<meta property=\"og:url\" content=\"https:\/\/tourtravelandmore.com\/es\/tours\/turquia-es\/capadocia\/traslados-privados-es-5\/traslado-privado-de-ida-y-vuelta-aeropuerto-kayseri-copy\/\" \/>\n<meta property=\"og:site_name\" content=\"Tour Travel And More\" \/>\n<meta property=\"article:publisher\" content=\"https:\/\/www.facebook.com\/tourtravelandmore\/\" \/>\n<meta property=\"article:modified_time\" content=\"2024-04-26T15:54:35+00:00\" \/>\n<meta property=\"og:image\" content=\"https:\/\/tourtravelandmore.com\/wp-content\/uploads\/2024\/04\/csm_airport-transfer_1_86c6f1c624.jpg\" \/>\n\t<meta property=\"og:image:width\" content=\"1920\" \/>\n\t<meta property=\"og:image:height\" content=\"1080\" \/>\n\t<meta property=\"og:image:type\" content=\"image\/jpeg\" \/>\n<meta name=\"twitter:card\" content=\"summary_large_image\" \/>\n<meta name=\"twitter:site\" content=\"@TourTravel_More\" \/>\n<meta name=\"twitter:label1\" content=\"Tiempo de lectura\" \/>\n\t<meta name=\"twitter:data1\" content=\"3 minutos\" \/>\n<script type=\"application\/ld+json\" class=\"yoast-schema-graph\">{\"@context\":\"https:\/\/schema.org\",\"@graph\":[{\"@type\":\"WebPage\",\"@id\":\"https:\/\/tourtravelandmore.com\/es\/tours\/turquia-es\/capadocia\/traslados-privados-es-5\/traslado-privado-de-ida-y-vuelta-aeropuerto-kayseri-copy\/\",\"url\":\"https:\/\/tourtravelandmore.com\/es\/tours\/turquia-es\/capadocia\/traslados-privados-es-5\/traslado-privado-de-ida-y-vuelta-aeropuerto-kayseri-copy\/\",\"name\":\"\u27a1\ufe0f Traslado privado de ida y vuelta Aeropuerto Nevsehir | Tour Travel & More\",\"isPartOf\":{\"@id\":\"https:\/\/tourtravelandmore.com\/es\/#website\"},\"primaryImageOfPage\":{\"@id\":\"https:\/\/tourtravelandmore.com\/es\/tours\/turquia-es\/capadocia\/traslados-privados-es-5\/traslado-privado-de-ida-y-vuelta-aeropuerto-kayseri-copy\/#primaryimage\"},\"image\":{\"@id\":\"https:\/\/tourtravelandmore.com\/es\/tours\/turquia-es\/capadocia\/traslados-privados-es-5\/traslado-privado-de-ida-y-vuelta-aeropuerto-kayseri-copy\/#primaryimage\"},\"thumbnailUrl\":\"https:\/\/tourtravelandmore.com\/wp-content\/uploads\/2024\/04\/csm_airport-transfer_1_86c6f1c624.jpg\",\"datePublished\":\"2024-04-23T16:25:14+00:00\",\"dateModified\":\"2024-04-26T15:54:35+00:00\",\"description\":\"Cuente con nosotros para un servicio puntual y fiable, que le permita relajarse y centrarse en disfrutar de su viaje \u2705\",\"breadcrumb\":{\"@id\":\"https:\/\/tourtravelandmore.com\/es\/tours\/turquia-es\/capadocia\/traslados-privados-es-5\/traslado-privado-de-ida-y-vuelta-aeropuerto-kayseri-copy\/#breadcrumb\"},\"inLanguage\":\"es\",\"potentialAction\":[{\"@type\":\"ReadAction\",\"target\":[\"https:\/\/tourtravelandmore.com\/es\/tours\/turquia-es\/capadocia\/traslados-privados-es-5\/traslado-privado-de-ida-y-vuelta-aeropuerto-kayseri-copy\/\"]}]},{\"@type\":\"ImageObject\",\"inLanguage\":\"es\",\"@id\":\"https:\/\/tourtravelandmore.com\/es\/tours\/turquia-es\/capadocia\/traslados-privados-es-5\/traslado-privado-de-ida-y-vuelta-aeropuerto-kayseri-copy\/#primaryimage\",\"url\":\"https:\/\/tourtravelandmore.com\/wp-content\/uploads\/2024\/04\/csm_airport-transfer_1_86c6f1c624.jpg\",\"contentUrl\":\"https:\/\/tourtravelandmore.com\/wp-content\/uploads\/2024\/04\/csm_airport-transfer_1_86c6f1c624.jpg\",\"width\":1920,\"height\":1080},{\"@type\":\"BreadcrumbList\",\"@id\":\"https:\/\/tourtravelandmore.com\/es\/tours\/turquia-es\/capadocia\/traslados-privados-es-5\/traslado-privado-de-ida-y-vuelta-aeropuerto-kayseri-copy\/#breadcrumb\",\"itemListElement\":[{\"@type\":\"ListItem\",\"position\":1,\"name\":\"Home\",\"item\":\"https:\/\/tourtravelandmore.com\/es\/\"},{\"@type\":\"ListItem\",\"position\":2,\"name\":\"Tours\",\"item\":\"https:\/\/tourtravelandmore.com\/es\/tours\/\"},{\"@type\":\"ListItem\",\"position\":3,\"name\":\"Traslado privado de ida y vuelta Aeropuerto Nevsehir\"}]},{\"@type\":\"WebSite\",\"@id\":\"https:\/\/tourtravelandmore.com\/es\/#website\",\"url\":\"https:\/\/tourtravelandmore.com\/es\/\",\"name\":\"Tour Travel And More\",\"description\":\"Private sightseeing tours and luxury transfers in Spain\",\"publisher\":{\"@id\":\"https:\/\/tourtravelandmore.com\/es\/#organization\"},\"potentialAction\":[{\"@type\":\"SearchAction\",\"target\":{\"@type\":\"EntryPoint\",\"urlTemplate\":\"https:\/\/tourtravelandmore.com\/es\/?s={search_term_string}\"},\"query-input\":{\"@type\":\"PropertyValueSpecification\",\"valueRequired\":true,\"valueName\":\"search_term_string\"}}],\"inLanguage\":\"es\"},{\"@type\":\"Organization\",\"@id\":\"https:\/\/tourtravelandmore.com\/es\/#organization\",\"name\":\"Tour Travel And More\",\"url\":\"https:\/\/tourtravelandmore.com\/es\/\",\"logo\":{\"@type\":\"ImageObject\",\"inLanguage\":\"es\",\"@id\":\"https:\/\/tourtravelandmore.com\/es\/#\/schema\/logo\/image\/\",\"url\":\"https:\/\/tourtravelandmore.com\/wp-content\/uploads\/2022\/12\/cropped-logo-cabecera-new.png\",\"contentUrl\":\"https:\/\/tourtravelandmore.com\/wp-content\/uploads\/2022\/12\/cropped-logo-cabecera-new.png\",\"width\":430,\"height\":61,\"caption\":\"Tour Travel And More\"},\"image\":{\"@id\":\"https:\/\/tourtravelandmore.com\/es\/#\/schema\/logo\/image\/\"},\"sameAs\":[\"https:\/\/www.facebook.com\/tourtravelandmore\/\",\"https:\/\/x.com\/TourTravel_More\"]}]}<\/script>\n<!-- \/ Yoast SEO Premium plugin. -->","yoast_head_json":{"title":"\u27a1\ufe0f Traslado privado de ida y vuelta Aeropuerto Nevsehir | Tour Travel & More","description":"Cuente con nosotros para un servicio puntual y fiable, que le permita relajarse y centrarse en disfrutar de su viaje \u2705","robots":{"index":"index","follow":"follow","max-snippet":"max-snippet:-1","max-image-preview":"max-image-preview:large","max-video-preview":"max-video-preview:-1"},"canonical":"https:\/\/tourtravelandmore.com\/es\/tours\/turquia-es\/capadocia\/traslados-privados-es-5\/traslado-privado-de-ida-y-vuelta-aeropuerto-kayseri-copy\/","og_locale":"es_ES","og_type":"article","og_title":"Traslado privado de ida y vuelta Aeropuerto Nevsehir","og_description":"Cuente con nosotros para un servicio puntual y fiable, que le permita relajarse y centrarse en disfrutar de su viaje \u2705","og_url":"https:\/\/tourtravelandmore.com\/es\/tours\/turquia-es\/capadocia\/traslados-privados-es-5\/traslado-privado-de-ida-y-vuelta-aeropuerto-kayseri-copy\/","og_site_name":"Tour Travel And More","article_publisher":"https:\/\/www.facebook.com\/tourtravelandmore\/","article_modified_time":"2024-04-26T15:54:35+00:00","og_image":[{"width":1920,"height":1080,"url":"https:\/\/tourtravelandmore.com\/wp-content\/uploads\/2024\/04\/csm_airport-transfer_1_86c6f1c624.jpg","type":"image\/jpeg"}],"twitter_card":"summary_large_image","twitter_site":"@TourTravel_More","twitter_misc":{"Tiempo de lectura":"3 minutos"},"schema":{"@context":"https:\/\/schema.org","@graph":[{"@type":"WebPage","@id":"https:\/\/tourtravelandmore.com\/es\/tours\/turquia-es\/capadocia\/traslados-privados-es-5\/traslado-privado-de-ida-y-vuelta-aeropuerto-kayseri-copy\/","url":"https:\/\/tourtravelandmore.com\/es\/tours\/turquia-es\/capadocia\/traslados-privados-es-5\/traslado-privado-de-ida-y-vuelta-aeropuerto-kayseri-copy\/","name":"\u27a1\ufe0f Traslado privado de ida y vuelta Aeropuerto Nevsehir | Tour Travel & More","isPartOf":{"@id":"https:\/\/tourtravelandmore.com\/es\/#website"},"primaryImageOfPage":{"@id":"https:\/\/tourtravelandmore.com\/es\/tours\/turquia-es\/capadocia\/traslados-privados-es-5\/traslado-privado-de-ida-y-vuelta-aeropuerto-kayseri-copy\/#primaryimage"},"image":{"@id":"https:\/\/tourtravelandmore.com\/es\/tours\/turquia-es\/capadocia\/traslados-privados-es-5\/traslado-privado-de-ida-y-vuelta-aeropuerto-kayseri-copy\/#primaryimage"},"thumbnailUrl":"https:\/\/tourtravelandmore.com\/wp-content\/uploads\/2024\/04\/csm_airport-transfer_1_86c6f1c624.jpg","datePublished":"2024-04-23T16:25:14+00:00","dateModified":"2024-04-26T15:54:35+00:00","description":"Cuente con nosotros para un servicio puntual y fiable, que le permita relajarse y centrarse en disfrutar de su viaje \u2705","breadcrumb":{"@id":"https:\/\/tourtravelandmore.com\/es\/tours\/turquia-es\/capadocia\/traslados-privados-es-5\/traslado-privado-de-ida-y-vuelta-aeropuerto-kayseri-copy\/#breadcrumb"},"inLanguage":"es","potentialAction":[{"@type":"ReadAction","target":["https:\/\/tourtravelandmore.com\/es\/tours\/turquia-es\/capadocia\/traslados-privados-es-5\/traslado-privado-de-ida-y-vuelta-aeropuerto-kayseri-copy\/"]}]},{"@type":"ImageObject","inLanguage":"es","@id":"https:\/\/tourtravelandmore.com\/es\/tours\/turquia-es\/capadocia\/traslados-privados-es-5\/traslado-privado-de-ida-y-vuelta-aeropuerto-kayseri-copy\/#primaryimage","url":"https:\/\/tourtravelandmore.com\/wp-content\/uploads\/2024\/04\/csm_airport-transfer_1_86c6f1c624.jpg","contentUrl":"https:\/\/tourtravelandmore.com\/wp-content\/uploads\/2024\/04\/csm_airport-transfer_1_86c6f1c624.jpg","width":1920,"height":1080},{"@type":"BreadcrumbList","@id":"https:\/\/tourtravelandmore.com\/es\/tours\/turquia-es\/capadocia\/traslados-privados-es-5\/traslado-privado-de-ida-y-vuelta-aeropuerto-kayseri-copy\/#breadcrumb","itemListElement":[{"@type":"ListItem","position":1,"name":"Home","item":"https:\/\/tourtravelandmore.com\/es\/"},{"@type":"ListItem","position":2,"name":"Tours","item":"https:\/\/tourtravelandmore.com\/es\/tours\/"},{"@type":"ListItem","position":3,"name":"Traslado privado de ida y vuelta Aeropuerto Nevsehir"}]},{"@type":"WebSite","@id":"https:\/\/tourtravelandmore.com\/es\/#website","url":"https:\/\/tourtravelandmore.com\/es\/","name":"Tour Travel And More","description":"Private sightseeing tours and luxury transfers in Spain","publisher":{"@id":"https:\/\/tourtravelandmore.com\/es\/#organization"},"potentialAction":[{"@type":"SearchAction","target":{"@type":"EntryPoint","urlTemplate":"https:\/\/tourtravelandmore.com\/es\/?s={search_term_string}"},"query-input":{"@type":"PropertyValueSpecification","valueRequired":true,"valueName":"search_term_string"}}],"inLanguage":"es"},{"@type":"Organization","@id":"https:\/\/tourtravelandmore.com\/es\/#organization","name":"Tour Travel And More","url":"https:\/\/tourtravelandmore.com\/es\/","logo":{"@type":"ImageObject","inLanguage":"es","@id":"https:\/\/tourtravelandmore.com\/es\/#\/schema\/logo\/image\/","url":"https:\/\/tourtravelandmore.com\/wp-content\/uploads\/2022\/12\/cropped-logo-cabecera-new.png","contentUrl":"https:\/\/tourtravelandmore.com\/wp-content\/uploads\/2022\/12\/cropped-logo-cabecera-new.png","width":430,"height":61,"caption":"Tour Travel And More"},"image":{"@id":"https:\/\/tourtravelandmore.com\/es\/#\/schema\/logo\/image\/"},"sameAs":["https:\/\/www.facebook.com\/tourtravelandmore\/","https:\/\/x.com\/TourTravel_More"]}]}},"_links":{"self":[{"href":"https:\/\/tourtravelandmore.com\/es\/wp-json\/wp\/v2\/product\/174901","targetHints":{"allow":["GET"]}}],"collection":[{"href":"https:\/\/tourtravelandmore.com\/es\/wp-json\/wp\/v2\/product"}],"about":[{"href":"https:\/\/tourtravelandmore.com\/es\/wp-json\/wp\/v2\/types\/product"}],"replies":[{"embeddable":true,"href":"https:\/\/tourtravelandmore.com\/es\/wp-json\/wp\/v2\/comments?post=174901"}],"wp:featuredmedia":[{"embeddable":true,"href":"https:\/\/tourtravelandmore.com\/es\/wp-json\/wp\/v2\/media\/174656"}],"wp:attachment":[{"href":"https:\/\/tourtravelandmore.com\/es\/wp-json\/wp\/v2\/media?parent=174901"}],"wp:term":[{"taxonomy":"product_brand","embeddable":true,"href":"https:\/\/tourtravelandmore.com\/es\/wp-json\/wp\/v2\/product_brand?post=174901"},{"taxonomy":"product_cat","embeddable":true,"href":"https:\/\/tourtravelandmore.com\/es\/wp-json\/wp\/v2\/product_cat?post=174901"},{"taxonomy":"product_tag","embeddable":true,"href":"https:\/\/tourtravelandmore.com\/es\/wp-json\/wp\/v2\/product_tag?post=174901"}],"curies":[{"name":"wp","href":"https:\/\/api.w.org\/{rel}","templated":true}]}}