{"id":174845,"date":"2024-04-23T14:46:15","date_gmt":"2024-04-23T12:46:15","guid":{"rendered":"https:\/\/tourtravelandmore.com\/?post_type=product&#038;p=174845"},"modified":"2024-04-25T19:31:45","modified_gmt":"2024-04-25T17:31:45","slug":"tour-privado-de-capadocia-tour-verde-copy","status":"publish","type":"product","link":"https:\/\/tourtravelandmore.com\/es\/tours\/turquia-es\/capadocia\/todos-los-tours-privados-es-4\/tour-privado-de-capadocia-tour-verde-copy\/","title":{"rendered":"Tour Privado de Capadocia (tour azul)"},"content":{"rendered":"<h2><b><strong>Descripci\u00f3n | Tour Privado de Capadocia (tour azul)<\/strong><\/b><\/h2>\n<p>Emb\u00e1rquese en un viaje inolvidable por las joyas ocultas de <b><strong>Capadocia<\/strong><\/b> con nuestra Excursi\u00f3n Privada <b><strong>Azul<\/strong><\/b>. Ad\u00e9ntrese en la rica historia y los impresionantes paisajes de esta antigua regi\u00f3n junto a nuestros expertos gu\u00edas arque\u00f3logos posgraduados. Su aventura comienza cuando le recogemos en su hotel.<\/p>\n<p>Esta inmersiva excursi\u00f3n le ofrece una oportunidad \u00fanica de descubrir los tesoros menos conocidos de <a href=\"https:\/\/es.wikipedia.org\/wiki\/Capadocia\"><b><strong>Capadocia<\/strong><\/b><\/a><b><strong>,<\/strong><\/b> prometi\u00e9ndole un d\u00eda lleno de exploraci\u00f3n, historia y belleza natural.<\/p>\n<p>Ad\u00e9ntrese en la historia en la antigua <b><strong>ciudad subterr\u00e1nea de Kaymakl\u0131, que<\/strong><\/b> se cree es la m\u00e1s antigua de su clase en Capadocia <b><strong>.<\/strong><\/b> Sea testigo del ingenio de las antiguas civilizaciones mientras explora los pasadizos subterr\u00e1neos, que una vez sirvieron como santuarios y almacenes, ofreciendo protecci\u00f3n contra los adversarios.<\/p>\n<h2><b>Lo m\u00e1s destacado<\/b><\/h2>\n<p>Comience el d\u00eda en el pintoresco <b><strong>pueblo de Mustafapa\u015fa,<\/strong><\/b> antiguamente conocido como <b><strong>Sobesos.<\/strong><\/b> Marav\u00edllese ante las impresionantes casas neocl\u00e1sicas y explore las madrigueras de grutas que esconde este antiguo asentamiento griego.<\/p>\n<p>A continuaci\u00f3n, viaje al <b><strong>monasterio de Ke\u015flik,<\/strong><\/b> donde tres iglesias, una bodega, un refectorio y mucho m\u00e1s est\u00e1n excavados en las rocas. Sea testigo de los raros frescos <b><strong>bizantinos<\/strong><\/b> que datan de la \u00e9poca del rey III. Leo.<\/p>\n<p>Despu\u00e9s, experimente la tranquilidad de <b><strong>Ta\u015fk\u0131npa\u015fa,<\/strong><\/b> hogar de una escuela teol\u00f3gica cl\u00e1sica <b><strong>de estilo sely\u00facida<\/strong><\/b> y de una mezquita. Interact\u00fae con los lugare\u00f1os tomando t\u00e9 turco y del\u00e9itese con la deliciosa cocina local servida en una casa cueva tradicional del pueblo.<\/p>\n<p>Retroceda en el tiempo mientras explora el <b><strong>antiguo<\/strong><\/b> asentamiento <b><strong>romano<\/strong><\/b> de <b><strong>Sobessos.<\/strong><\/b> Admire los restos bien conservados, incluida una sala de reuniones adornada con hermosos suelos de mosaico.<\/p>\n<p>Avent\u00farese en el <b><strong>valle de So\u011fanl\u0131,<\/strong><\/b> el mayor emplazamiento mon\u00e1stico de <b><strong>Capadocia,<\/strong><\/b> salpicado de iglesias rupestres y monasterios que datan de los siglos IX al XIII. Encu\u00e9ntrese con las encantadoras &#8220;Mu\u00f1ecas de So\u011fanl\u0131&#8221; y sum\u00e9rjase en la belleza natural intacta del valle.<\/p>\n<p>Concluya su viaje en la Ciudad Subterr\u00e1nea de Kaymakl\u0131, la segunda ciudad subterr\u00e1nea m\u00e1s grande de <b><strong>Capadocia.<\/strong><\/b> Explore sus laber\u00ednticos pasadizos, cocinas, viviendas y mucho m\u00e1s, excavados en las profundidades de la roca.<\/p>\n<p>Del\u00e9itese con el encanto de los tesoros del sur de Capadocia con nuestra Excursi\u00f3n Privada <b><strong>Capadocia Azul<\/strong><\/b> y, otro d\u00eda, ad\u00e9ntrese en las maravillas del centro de <b><strong>Capadocia<\/strong><\/b> con nuestra experiencia de la Excursi\u00f3n Verde. Consulte aqu\u00ed nuestros recorridos privados<\/p>\n","protected":false},"excerpt":{"rendered":"<p>Emb\u00e1rquese en un viaje inolvidable por las joyas ocultas de <b><strong>Capadocia<\/strong><\/b> con nuestra Excursi\u00f3n Privada <b><strong>Azul<\/strong><\/b>. Ad\u00e9ntrese en la rica historia y los impresionantes paisajes de esta antigua regi\u00f3n junto a nuestros expertos gu\u00edas arque\u00f3logos posgraduados. Su aventura comienza cuando le recogemos en su hotel.<\/p>\n","protected":false},"featured_media":174808,"comment_status":"open","ping_status":"closed","template":"","meta":{"_acf_changed":false},"product_brand":[],"product_cat":[5323,5326,1601],"product_tag":[],"class_list":{"0":"post-174845","1":"product","2":"type-product","3":"status-publish","4":"has-post-thumbnail","6":"product_cat-capadocia","7":"product_cat-todos-los-tours-privados-es-4","8":"product_cat-turquia-es","10":"first","11":"instock","12":"shipping-taxable","13":"purchasable","14":"product-type-simple"},"acf":[],"yoast_head":"<!-- This site is optimized with the Yoast SEO Premium plugin v25.3.1 (Yoast SEO v25.3.1) - https:\/\/yoast.com\/wordpress\/plugins\/seo\/ -->\n<title>\u27a1\ufe0f Tour Privado de Capadocia (tour azul) | Tour Travel &amp; More<\/title>\n<meta name=\"description\" content=\"Disfrute de un maravilloso Tour Privado de Capadocia (tour azul) para admirar sus edificios m\u00e1s importantes en compa\u00f1\u00eda de un gu\u00eda oficial \u2705.\" \/>\n<meta name=\"robots\" content=\"index, follow, max-snippet:-1, max-image-preview:large, max-video-preview:-1\" \/>\n<link rel=\"canonical\" href=\"https:\/\/tourtravelandmore.com\/es\/tours\/turquia-es\/capadocia\/todos-los-tours-privados-es-4\/tour-privado-de-capadocia-tour-verde-copy\/\" \/>\n<meta property=\"og:locale\" content=\"es_ES\" \/>\n<meta property=\"og:type\" content=\"article\" \/>\n<meta property=\"og:title\" content=\"Tour Privado de Capadocia (tour azul)\" \/>\n<meta property=\"og:description\" content=\"Disfrute de un maravilloso Tour Privado de Capadocia (tour azul) para admirar sus edificios m\u00e1s importantes en compa\u00f1\u00eda de un gu\u00eda oficial \u2705.\" \/>\n<meta property=\"og:url\" content=\"https:\/\/tourtravelandmore.com\/es\/tours\/turquia-es\/capadocia\/todos-los-tours-privados-es-4\/tour-privado-de-capadocia-tour-verde-copy\/\" \/>\n<meta property=\"og:site_name\" content=\"Tour Travel And More\" \/>\n<meta property=\"article:publisher\" content=\"https:\/\/www.facebook.com\/tourtravelandmore\/\" \/>\n<meta property=\"article:modified_time\" content=\"2024-04-25T17:31:45+00:00\" \/>\n<meta property=\"og:image\" content=\"https:\/\/tourtravelandmore.com\/wp-content\/uploads\/2024\/04\/pexels-photo-2563681.jpg\" \/>\n\t<meta property=\"og:image:width\" content=\"1125\" \/>\n\t<meta property=\"og:image:height\" content=\"750\" \/>\n\t<meta property=\"og:image:type\" content=\"image\/jpeg\" \/>\n<meta name=\"twitter:card\" content=\"summary_large_image\" \/>\n<meta name=\"twitter:site\" content=\"@TourTravel_More\" \/>\n<meta name=\"twitter:label1\" content=\"Tiempo de lectura\" \/>\n\t<meta name=\"twitter:data1\" content=\"3 minutos\" \/>\n<script type=\"application\/ld+json\" class=\"yoast-schema-graph\">{\"@context\":\"https:\/\/schema.org\",\"@graph\":[{\"@type\":\"WebPage\",\"@id\":\"https:\/\/tourtravelandmore.com\/es\/tours\/turquia-es\/capadocia\/todos-los-tours-privados-es-4\/tour-privado-de-capadocia-tour-verde-copy\/\",\"url\":\"https:\/\/tourtravelandmore.com\/es\/tours\/turquia-es\/capadocia\/todos-los-tours-privados-es-4\/tour-privado-de-capadocia-tour-verde-copy\/\",\"name\":\"\u27a1\ufe0f Tour Privado de Capadocia (tour azul) | Tour Travel & More\",\"isPartOf\":{\"@id\":\"https:\/\/tourtravelandmore.com\/es\/#website\"},\"primaryImageOfPage\":{\"@id\":\"https:\/\/tourtravelandmore.com\/es\/tours\/turquia-es\/capadocia\/todos-los-tours-privados-es-4\/tour-privado-de-capadocia-tour-verde-copy\/#primaryimage\"},\"image\":{\"@id\":\"https:\/\/tourtravelandmore.com\/es\/tours\/turquia-es\/capadocia\/todos-los-tours-privados-es-4\/tour-privado-de-capadocia-tour-verde-copy\/#primaryimage\"},\"thumbnailUrl\":\"https:\/\/tourtravelandmore.com\/wp-content\/uploads\/2024\/04\/pexels-photo-2563681.jpg\",\"datePublished\":\"2024-04-23T12:46:15+00:00\",\"dateModified\":\"2024-04-25T17:31:45+00:00\",\"description\":\"Disfrute de un maravilloso Tour Privado de Capadocia (tour azul) para admirar sus edificios m\u00e1s importantes en compa\u00f1\u00eda de un gu\u00eda oficial \u2705.\",\"breadcrumb\":{\"@id\":\"https:\/\/tourtravelandmore.com\/es\/tours\/turquia-es\/capadocia\/todos-los-tours-privados-es-4\/tour-privado-de-capadocia-tour-verde-copy\/#breadcrumb\"},\"inLanguage\":\"es\",\"potentialAction\":[{\"@type\":\"ReadAction\",\"target\":[\"https:\/\/tourtravelandmore.com\/es\/tours\/turquia-es\/capadocia\/todos-los-tours-privados-es-4\/tour-privado-de-capadocia-tour-verde-copy\/\"]}]},{\"@type\":\"ImageObject\",\"inLanguage\":\"es\",\"@id\":\"https:\/\/tourtravelandmore.com\/es\/tours\/turquia-es\/capadocia\/todos-los-tours-privados-es-4\/tour-privado-de-capadocia-tour-verde-copy\/#primaryimage\",\"url\":\"https:\/\/tourtravelandmore.com\/wp-content\/uploads\/2024\/04\/pexels-photo-2563681.jpg\",\"contentUrl\":\"https:\/\/tourtravelandmore.com\/wp-content\/uploads\/2024\/04\/pexels-photo-2563681.jpg\",\"width\":1125,\"height\":750},{\"@type\":\"BreadcrumbList\",\"@id\":\"https:\/\/tourtravelandmore.com\/es\/tours\/turquia-es\/capadocia\/todos-los-tours-privados-es-4\/tour-privado-de-capadocia-tour-verde-copy\/#breadcrumb\",\"itemListElement\":[{\"@type\":\"ListItem\",\"position\":1,\"name\":\"Home\",\"item\":\"https:\/\/tourtravelandmore.com\/es\/\"},{\"@type\":\"ListItem\",\"position\":2,\"name\":\"Tours\",\"item\":\"https:\/\/tourtravelandmore.com\/es\/tours\/\"},{\"@type\":\"ListItem\",\"position\":3,\"name\":\"Tour Privado de Capadocia (tour azul)\"}]},{\"@type\":\"WebSite\",\"@id\":\"https:\/\/tourtravelandmore.com\/es\/#website\",\"url\":\"https:\/\/tourtravelandmore.com\/es\/\",\"name\":\"Tour Travel And More\",\"description\":\"Private sightseeing tours and luxury transfers in Spain\",\"publisher\":{\"@id\":\"https:\/\/tourtravelandmore.com\/es\/#organization\"},\"potentialAction\":[{\"@type\":\"SearchAction\",\"target\":{\"@type\":\"EntryPoint\",\"urlTemplate\":\"https:\/\/tourtravelandmore.com\/es\/?s={search_term_string}\"},\"query-input\":{\"@type\":\"PropertyValueSpecification\",\"valueRequired\":true,\"valueName\":\"search_term_string\"}}],\"inLanguage\":\"es\"},{\"@type\":\"Organization\",\"@id\":\"https:\/\/tourtravelandmore.com\/es\/#organization\",\"name\":\"Tour Travel And More\",\"url\":\"https:\/\/tourtravelandmore.com\/es\/\",\"logo\":{\"@type\":\"ImageObject\",\"inLanguage\":\"es\",\"@id\":\"https:\/\/tourtravelandmore.com\/es\/#\/schema\/logo\/image\/\",\"url\":\"https:\/\/tourtravelandmore.com\/wp-content\/uploads\/2022\/12\/cropped-logo-cabecera-new.png\",\"contentUrl\":\"https:\/\/tourtravelandmore.com\/wp-content\/uploads\/2022\/12\/cropped-logo-cabecera-new.png\",\"width\":430,\"height\":61,\"caption\":\"Tour Travel And More\"},\"image\":{\"@id\":\"https:\/\/tourtravelandmore.com\/es\/#\/schema\/logo\/image\/\"},\"sameAs\":[\"https:\/\/www.facebook.com\/tourtravelandmore\/\",\"https:\/\/x.com\/TourTravel_More\"]}]}<\/script>\n<!-- \/ Yoast SEO Premium plugin. -->","yoast_head_json":{"title":"\u27a1\ufe0f Tour Privado de Capadocia (tour azul) | Tour Travel & More","description":"Disfrute de un maravilloso Tour Privado de Capadocia (tour azul) para admirar sus edificios m\u00e1s importantes en compa\u00f1\u00eda de un gu\u00eda oficial \u2705.","robots":{"index":"index","follow":"follow","max-snippet":"max-snippet:-1","max-image-preview":"max-image-preview:large","max-video-preview":"max-video-preview:-1"},"canonical":"https:\/\/tourtravelandmore.com\/es\/tours\/turquia-es\/capadocia\/todos-los-tours-privados-es-4\/tour-privado-de-capadocia-tour-verde-copy\/","og_locale":"es_ES","og_type":"article","og_title":"Tour Privado de Capadocia (tour azul)","og_description":"Disfrute de un maravilloso Tour Privado de Capadocia (tour azul) para admirar sus edificios m\u00e1s importantes en compa\u00f1\u00eda de un gu\u00eda oficial \u2705.","og_url":"https:\/\/tourtravelandmore.com\/es\/tours\/turquia-es\/capadocia\/todos-los-tours-privados-es-4\/tour-privado-de-capadocia-tour-verde-copy\/","og_site_name":"Tour Travel And More","article_publisher":"https:\/\/www.facebook.com\/tourtravelandmore\/","article_modified_time":"2024-04-25T17:31:45+00:00","og_image":[{"width":1125,"height":750,"url":"https:\/\/tourtravelandmore.com\/wp-content\/uploads\/2024\/04\/pexels-photo-2563681.jpg","type":"image\/jpeg"}],"twitter_card":"summary_large_image","twitter_site":"@TourTravel_More","twitter_misc":{"Tiempo de lectura":"3 minutos"},"schema":{"@context":"https:\/\/schema.org","@graph":[{"@type":"WebPage","@id":"https:\/\/tourtravelandmore.com\/es\/tours\/turquia-es\/capadocia\/todos-los-tours-privados-es-4\/tour-privado-de-capadocia-tour-verde-copy\/","url":"https:\/\/tourtravelandmore.com\/es\/tours\/turquia-es\/capadocia\/todos-los-tours-privados-es-4\/tour-privado-de-capadocia-tour-verde-copy\/","name":"\u27a1\ufe0f Tour Privado de Capadocia (tour azul) | Tour Travel & More","isPartOf":{"@id":"https:\/\/tourtravelandmore.com\/es\/#website"},"primaryImageOfPage":{"@id":"https:\/\/tourtravelandmore.com\/es\/tours\/turquia-es\/capadocia\/todos-los-tours-privados-es-4\/tour-privado-de-capadocia-tour-verde-copy\/#primaryimage"},"image":{"@id":"https:\/\/tourtravelandmore.com\/es\/tours\/turquia-es\/capadocia\/todos-los-tours-privados-es-4\/tour-privado-de-capadocia-tour-verde-copy\/#primaryimage"},"thumbnailUrl":"https:\/\/tourtravelandmore.com\/wp-content\/uploads\/2024\/04\/pexels-photo-2563681.jpg","datePublished":"2024-04-23T12:46:15+00:00","dateModified":"2024-04-25T17:31:45+00:00","description":"Disfrute de un maravilloso Tour Privado de Capadocia (tour azul) para admirar sus edificios m\u00e1s importantes en compa\u00f1\u00eda de un gu\u00eda oficial \u2705.","breadcrumb":{"@id":"https:\/\/tourtravelandmore.com\/es\/tours\/turquia-es\/capadocia\/todos-los-tours-privados-es-4\/tour-privado-de-capadocia-tour-verde-copy\/#breadcrumb"},"inLanguage":"es","potentialAction":[{"@type":"ReadAction","target":["https:\/\/tourtravelandmore.com\/es\/tours\/turquia-es\/capadocia\/todos-los-tours-privados-es-4\/tour-privado-de-capadocia-tour-verde-copy\/"]}]},{"@type":"ImageObject","inLanguage":"es","@id":"https:\/\/tourtravelandmore.com\/es\/tours\/turquia-es\/capadocia\/todos-los-tours-privados-es-4\/tour-privado-de-capadocia-tour-verde-copy\/#primaryimage","url":"https:\/\/tourtravelandmore.com\/wp-content\/uploads\/2024\/04\/pexels-photo-2563681.jpg","contentUrl":"https:\/\/tourtravelandmore.com\/wp-content\/uploads\/2024\/04\/pexels-photo-2563681.jpg","width":1125,"height":750},{"@type":"BreadcrumbList","@id":"https:\/\/tourtravelandmore.com\/es\/tours\/turquia-es\/capadocia\/todos-los-tours-privados-es-4\/tour-privado-de-capadocia-tour-verde-copy\/#breadcrumb","itemListElement":[{"@type":"ListItem","position":1,"name":"Home","item":"https:\/\/tourtravelandmore.com\/es\/"},{"@type":"ListItem","position":2,"name":"Tours","item":"https:\/\/tourtravelandmore.com\/es\/tours\/"},{"@type":"ListItem","position":3,"name":"Tour Privado de Capadocia (tour azul)"}]},{"@type":"WebSite","@id":"https:\/\/tourtravelandmore.com\/es\/#website","url":"https:\/\/tourtravelandmore.com\/es\/","name":"Tour Travel And More","description":"Private sightseeing tours and luxury transfers in Spain","publisher":{"@id":"https:\/\/tourtravelandmore.com\/es\/#organization"},"potentialAction":[{"@type":"SearchAction","target":{"@type":"EntryPoint","urlTemplate":"https:\/\/tourtravelandmore.com\/es\/?s={search_term_string}"},"query-input":{"@type":"PropertyValueSpecification","valueRequired":true,"valueName":"search_term_string"}}],"inLanguage":"es"},{"@type":"Organization","@id":"https:\/\/tourtravelandmore.com\/es\/#organization","name":"Tour Travel And More","url":"https:\/\/tourtravelandmore.com\/es\/","logo":{"@type":"ImageObject","inLanguage":"es","@id":"https:\/\/tourtravelandmore.com\/es\/#\/schema\/logo\/image\/","url":"https:\/\/tourtravelandmore.com\/wp-content\/uploads\/2022\/12\/cropped-logo-cabecera-new.png","contentUrl":"https:\/\/tourtravelandmore.com\/wp-content\/uploads\/2022\/12\/cropped-logo-cabecera-new.png","width":430,"height":61,"caption":"Tour Travel And More"},"image":{"@id":"https:\/\/tourtravelandmore.com\/es\/#\/schema\/logo\/image\/"},"sameAs":["https:\/\/www.facebook.com\/tourtravelandmore\/","https:\/\/x.com\/TourTravel_More"]}]}},"_links":{"self":[{"href":"https:\/\/tourtravelandmore.com\/es\/wp-json\/wp\/v2\/product\/174845","targetHints":{"allow":["GET"]}}],"collection":[{"href":"https:\/\/tourtravelandmore.com\/es\/wp-json\/wp\/v2\/product"}],"about":[{"href":"https:\/\/tourtravelandmore.com\/es\/wp-json\/wp\/v2\/types\/product"}],"replies":[{"embeddable":true,"href":"https:\/\/tourtravelandmore.com\/es\/wp-json\/wp\/v2\/comments?post=174845"}],"wp:featuredmedia":[{"embeddable":true,"href":"https:\/\/tourtravelandmore.com\/es\/wp-json\/wp\/v2\/media\/174808"}],"wp:attachment":[{"href":"https:\/\/tourtravelandmore.com\/es\/wp-json\/wp\/v2\/media?parent=174845"}],"wp:term":[{"taxonomy":"product_brand","embeddable":true,"href":"https:\/\/tourtravelandmore.com\/es\/wp-json\/wp\/v2\/product_brand?post=174845"},{"taxonomy":"product_cat","embeddable":true,"href":"https:\/\/tourtravelandmore.com\/es\/wp-json\/wp\/v2\/product_cat?post=174845"},{"taxonomy":"product_tag","embeddable":true,"href":"https:\/\/tourtravelandmore.com\/es\/wp-json\/wp\/v2\/product_tag?post=174845"}],"curies":[{"name":"wp","href":"https:\/\/api.w.org\/{rel}","templated":true}]}}