{"id":174816,"date":"2024-04-22T18:23:05","date_gmt":"2024-04-22T16:23:05","guid":{"rendered":"https:\/\/tourtravelandmore.com\/?post_type=product&#038;p=174816"},"modified":"2024-04-25T18:15:01","modified_gmt":"2024-04-25T16:15:01","slug":"tour-privado-de-liverpool-y-el-estadio-de-anfield-copy-2","status":"publish","type":"product","link":"https:\/\/tourtravelandmore.com\/es\/tours\/turquia-es\/capadocia\/todos-los-tours-privados-es-4\/tour-privado-de-liverpool-y-el-estadio-de-anfield-copy-2\/","title":{"rendered":"Tour Privado de Capadocia (tour verde)"},"content":{"rendered":"<h2><b><strong>Descripci\u00f3n | Tour Privado de Capadocia (tour verde)<\/strong><\/b><\/h2>\n<p>Emb\u00e1rquese en un cautivador viaje a trav\u00e9s de los encantadores paisajes de Capadocia con nuestro Tour Verde Privado de Capadocia. Comience su aventura a las 09:30 de la ma\u00f1ana mientras le llevamos desde su hotel, acompa\u00f1ado por nuestro gu\u00eda tur\u00edstico profesional y un conductor experto.<\/p>\n<p>La Excursi\u00f3n <strong>Verde<\/strong> le descubrir\u00e1 las maravillas del sur de Capadocia, comenzando por el impresionante Mirador Panor\u00e1mico de G\u00f6reme. Aqu\u00ed, sum\u00e9rjase en las vistas panor\u00e1micas de la ciudad de G\u00f6reme y capture fascinantes fotograf\u00edas de la Capadocia central.<\/p>\n<p>Ad\u00e9ntrese en la historia en la antigua Ciudad Subterr\u00e1nea de Kaymakl\u0131, considerada la m\u00e1s antigua de su clase en Capadocia. Sea testigo del ingenio de las antiguas civilizaciones mientras explora los pasadizos subterr\u00e1neos, que en su d\u00eda sirvieron como santuarios y almacenes, ofreciendo protecci\u00f3n frente a los adversarios.<\/p>\n<h2><b>Lo m\u00e1s destacado<\/b><\/h2>\n<p>La Excursi\u00f3n Verde est\u00e1 dirigida a los entusiastas de la naturaleza, los amantes de la bot\u00e1nica y los \u00e1vidos excursionistas, ya que ofrece una inmersiva mezcla de historia y esplendor natural en los pintorescos paisajes de Capadocia.<\/p>\n<ul>\n<li><b><strong>Punto de vista panor\u00e1mico de G\u00f6reme:<\/strong><\/b> Marav\u00edllese con las amplias vistas de la ciudad de G\u00f6reme, capturando la esencia de la Capadocia Central en instant\u00e1neas inolvidables.<\/li>\n<li><b><strong>Ciudad Subterr\u00e1nea de Kaymakl\u0131:<\/strong><\/b> Retroceda en el tiempo y explore la intrincada red de t\u00faneles y c\u00e1maras de esta antigua ciudad subterr\u00e1nea, testimonio de la resistencia y la innovaci\u00f3n humanas.<\/li>\n<li><b><strong>Valle de Ihlara:<\/strong><\/b> Sum\u00e9rjase en el esplendor natural del Valle de Ihlara, uno de los ca\u00f1ones m\u00e1s grandes del mundo, que cuenta con un paisaje sobrecogedor y una rica biodiversidad.<\/li>\n<li><b><strong>Pueblo de Belis\u0131rma:<\/strong><\/b> Experimente el encanto r\u00fastico de la aldea de Belis\u0131rma, donde el tiempo parece haberse detenido en medio de un entorno pintoresco y una c\u00e1lida hospitalidad.<\/li>\n<li><b><strong>Panorama de Yaprakhisar y Monasterio de Selime:<\/strong><\/b> Transp\u00f3rtese al reino de las maravillas cinematogr\u00e1ficas en el Panorama de Yaprakhisar, conocido por su papel en ic\u00f3nicas escenas de La Guerra de las Galaxias. Explore el majestuoso Monasterio de Selime, una maravilla arquitect\u00f3nica excavada en el paisaje rocoso.<\/li>\n<li><b><strong>Panorama del Valle de las Palomas:<\/strong><\/b> Capte la belleza del Valle de las Palomas en U\u00e7hisar, adornado con innumerables palomares, mientras desentra\u00f1a la importancia de estos habitantes emplumados para la regi\u00f3n.<\/li>\n<\/ul>\n<p>Concluya su recorrido con una visita a un vibrante bazar de artesan\u00eda, donde los artesanos muestran el arte tradicional de Capadocia, ofreciendo una visi\u00f3n del rico patrimonio cultural de la regi\u00f3n.<\/p>\n<p>Del\u00e9itese con el encanto de los tesoros del sur de Capadocia con nuestro Tour verde privado de Capadocia y, otro d\u00eda, ad\u00e9ntrese en las maravillas del centro de Capadocia con nuestra experiencia del Tour rojo. Consulte aqu\u00ed nuestros recorridos privados<\/p>\n","protected":false},"excerpt":{"rendered":"<p>Emb\u00e1rquese en un cautivador viaje a trav\u00e9s de los encantadores paisajes de Capadocia con nuestro Tour Verde Privado de Capadocia. Comience su aventura a las 09:30 de la ma\u00f1ana mientras le llevamos desde su hotel, acompa\u00f1ado por nuestro gu\u00eda tur\u00edstico profesional y un conductor experto.<\/p>\n","protected":false},"featured_media":174799,"comment_status":"open","ping_status":"closed","template":"","meta":{"_acf_changed":false},"product_brand":[],"product_cat":[5323,5326,1601],"product_tag":[],"class_list":{"0":"post-174816","1":"product","2":"type-product","3":"status-publish","4":"has-post-thumbnail","6":"product_cat-capadocia","7":"product_cat-todos-los-tours-privados-es-4","8":"product_cat-turquia-es","10":"first","11":"instock","12":"shipping-taxable","13":"purchasable","14":"product-type-simple"},"acf":[],"yoast_head":"<!-- This site is optimized with the Yoast SEO Premium plugin v25.3.1 (Yoast SEO v25.3.1) - https:\/\/yoast.com\/wordpress\/plugins\/seo\/ -->\n<title>\u27a1\ufe0f Tour Privado de Capadocia (tour verde) | Tour Travel &amp; More<\/title>\n<meta name=\"description\" content=\"Disfrute de un maravilloso Tour Verde Privado por Capadocia para admirar sus edificios m\u00e1s importantes en compa\u00f1\u00eda de un gu\u00eda oficial \u2705.\" \/>\n<meta name=\"robots\" content=\"index, follow, max-snippet:-1, max-image-preview:large, max-video-preview:-1\" \/>\n<link rel=\"canonical\" href=\"https:\/\/tourtravelandmore.com\/es\/tours\/turquia-es\/capadocia\/todos-los-tours-privados-es-4\/tour-privado-de-liverpool-y-el-estadio-de-anfield-copy-2\/\" \/>\n<meta property=\"og:locale\" content=\"es_ES\" \/>\n<meta property=\"og:type\" content=\"article\" \/>\n<meta property=\"og:title\" content=\"Tour Privado de Capadocia (tour verde)\" \/>\n<meta property=\"og:description\" content=\"Disfrute de un maravilloso Tour Verde Privado por Capadocia para admirar sus edificios m\u00e1s importantes en compa\u00f1\u00eda de un gu\u00eda oficial \u2705.\" \/>\n<meta property=\"og:url\" content=\"https:\/\/tourtravelandmore.com\/es\/tours\/turquia-es\/capadocia\/todos-los-tours-privados-es-4\/tour-privado-de-liverpool-y-el-estadio-de-anfield-copy-2\/\" \/>\n<meta property=\"og:site_name\" content=\"Tour Travel And More\" \/>\n<meta property=\"article:publisher\" content=\"https:\/\/www.facebook.com\/tourtravelandmore\/\" \/>\n<meta property=\"article:modified_time\" content=\"2024-04-25T16:15:01+00:00\" \/>\n<meta property=\"og:image\" content=\"https:\/\/tourtravelandmore.com\/wp-content\/uploads\/2024\/04\/pexels-photo-2563598.jpg\" \/>\n\t<meta property=\"og:image:width\" content=\"1125\" \/>\n\t<meta property=\"og:image:height\" content=\"750\" \/>\n\t<meta property=\"og:image:type\" content=\"image\/jpeg\" \/>\n<meta name=\"twitter:card\" content=\"summary_large_image\" \/>\n<meta name=\"twitter:site\" content=\"@TourTravel_More\" \/>\n<meta name=\"twitter:label1\" content=\"Tiempo de lectura\" \/>\n\t<meta name=\"twitter:data1\" content=\"3 minutos\" \/>\n<script type=\"application\/ld+json\" class=\"yoast-schema-graph\">{\"@context\":\"https:\/\/schema.org\",\"@graph\":[{\"@type\":\"WebPage\",\"@id\":\"https:\/\/tourtravelandmore.com\/es\/tours\/turquia-es\/capadocia\/todos-los-tours-privados-es-4\/tour-privado-de-liverpool-y-el-estadio-de-anfield-copy-2\/\",\"url\":\"https:\/\/tourtravelandmore.com\/es\/tours\/turquia-es\/capadocia\/todos-los-tours-privados-es-4\/tour-privado-de-liverpool-y-el-estadio-de-anfield-copy-2\/\",\"name\":\"\u27a1\ufe0f Tour Privado de Capadocia (tour verde) | Tour Travel & More\",\"isPartOf\":{\"@id\":\"https:\/\/tourtravelandmore.com\/es\/#website\"},\"primaryImageOfPage\":{\"@id\":\"https:\/\/tourtravelandmore.com\/es\/tours\/turquia-es\/capadocia\/todos-los-tours-privados-es-4\/tour-privado-de-liverpool-y-el-estadio-de-anfield-copy-2\/#primaryimage\"},\"image\":{\"@id\":\"https:\/\/tourtravelandmore.com\/es\/tours\/turquia-es\/capadocia\/todos-los-tours-privados-es-4\/tour-privado-de-liverpool-y-el-estadio-de-anfield-copy-2\/#primaryimage\"},\"thumbnailUrl\":\"https:\/\/tourtravelandmore.com\/wp-content\/uploads\/2024\/04\/pexels-photo-2563598.jpg\",\"datePublished\":\"2024-04-22T16:23:05+00:00\",\"dateModified\":\"2024-04-25T16:15:01+00:00\",\"description\":\"Disfrute de un maravilloso Tour Verde Privado por Capadocia para admirar sus edificios m\u00e1s importantes en compa\u00f1\u00eda de un gu\u00eda oficial \u2705.\",\"breadcrumb\":{\"@id\":\"https:\/\/tourtravelandmore.com\/es\/tours\/turquia-es\/capadocia\/todos-los-tours-privados-es-4\/tour-privado-de-liverpool-y-el-estadio-de-anfield-copy-2\/#breadcrumb\"},\"inLanguage\":\"es\",\"potentialAction\":[{\"@type\":\"ReadAction\",\"target\":[\"https:\/\/tourtravelandmore.com\/es\/tours\/turquia-es\/capadocia\/todos-los-tours-privados-es-4\/tour-privado-de-liverpool-y-el-estadio-de-anfield-copy-2\/\"]}]},{\"@type\":\"ImageObject\",\"inLanguage\":\"es\",\"@id\":\"https:\/\/tourtravelandmore.com\/es\/tours\/turquia-es\/capadocia\/todos-los-tours-privados-es-4\/tour-privado-de-liverpool-y-el-estadio-de-anfield-copy-2\/#primaryimage\",\"url\":\"https:\/\/tourtravelandmore.com\/wp-content\/uploads\/2024\/04\/pexels-photo-2563598.jpg\",\"contentUrl\":\"https:\/\/tourtravelandmore.com\/wp-content\/uploads\/2024\/04\/pexels-photo-2563598.jpg\",\"width\":1125,\"height\":750},{\"@type\":\"BreadcrumbList\",\"@id\":\"https:\/\/tourtravelandmore.com\/es\/tours\/turquia-es\/capadocia\/todos-los-tours-privados-es-4\/tour-privado-de-liverpool-y-el-estadio-de-anfield-copy-2\/#breadcrumb\",\"itemListElement\":[{\"@type\":\"ListItem\",\"position\":1,\"name\":\"Home\",\"item\":\"https:\/\/tourtravelandmore.com\/es\/\"},{\"@type\":\"ListItem\",\"position\":2,\"name\":\"Tours\",\"item\":\"https:\/\/tourtravelandmore.com\/es\/tours\/\"},{\"@type\":\"ListItem\",\"position\":3,\"name\":\"Tour Privado de Capadocia (tour verde)\"}]},{\"@type\":\"WebSite\",\"@id\":\"https:\/\/tourtravelandmore.com\/es\/#website\",\"url\":\"https:\/\/tourtravelandmore.com\/es\/\",\"name\":\"Tour Travel And More\",\"description\":\"Private sightseeing tours and luxury transfers in Spain\",\"publisher\":{\"@id\":\"https:\/\/tourtravelandmore.com\/es\/#organization\"},\"potentialAction\":[{\"@type\":\"SearchAction\",\"target\":{\"@type\":\"EntryPoint\",\"urlTemplate\":\"https:\/\/tourtravelandmore.com\/es\/?s={search_term_string}\"},\"query-input\":{\"@type\":\"PropertyValueSpecification\",\"valueRequired\":true,\"valueName\":\"search_term_string\"}}],\"inLanguage\":\"es\"},{\"@type\":\"Organization\",\"@id\":\"https:\/\/tourtravelandmore.com\/es\/#organization\",\"name\":\"Tour Travel And More\",\"url\":\"https:\/\/tourtravelandmore.com\/es\/\",\"logo\":{\"@type\":\"ImageObject\",\"inLanguage\":\"es\",\"@id\":\"https:\/\/tourtravelandmore.com\/es\/#\/schema\/logo\/image\/\",\"url\":\"https:\/\/tourtravelandmore.com\/wp-content\/uploads\/2022\/12\/cropped-logo-cabecera-new.png\",\"contentUrl\":\"https:\/\/tourtravelandmore.com\/wp-content\/uploads\/2022\/12\/cropped-logo-cabecera-new.png\",\"width\":430,\"height\":61,\"caption\":\"Tour Travel And More\"},\"image\":{\"@id\":\"https:\/\/tourtravelandmore.com\/es\/#\/schema\/logo\/image\/\"},\"sameAs\":[\"https:\/\/www.facebook.com\/tourtravelandmore\/\",\"https:\/\/x.com\/TourTravel_More\"]}]}<\/script>\n<!-- \/ Yoast SEO Premium plugin. -->","yoast_head_json":{"title":"\u27a1\ufe0f Tour Privado de Capadocia (tour verde) | Tour Travel & More","description":"Disfrute de un maravilloso Tour Verde Privado por Capadocia para admirar sus edificios m\u00e1s importantes en compa\u00f1\u00eda de un gu\u00eda oficial \u2705.","robots":{"index":"index","follow":"follow","max-snippet":"max-snippet:-1","max-image-preview":"max-image-preview:large","max-video-preview":"max-video-preview:-1"},"canonical":"https:\/\/tourtravelandmore.com\/es\/tours\/turquia-es\/capadocia\/todos-los-tours-privados-es-4\/tour-privado-de-liverpool-y-el-estadio-de-anfield-copy-2\/","og_locale":"es_ES","og_type":"article","og_title":"Tour Privado de Capadocia (tour verde)","og_description":"Disfrute de un maravilloso Tour Verde Privado por Capadocia para admirar sus edificios m\u00e1s importantes en compa\u00f1\u00eda de un gu\u00eda oficial \u2705.","og_url":"https:\/\/tourtravelandmore.com\/es\/tours\/turquia-es\/capadocia\/todos-los-tours-privados-es-4\/tour-privado-de-liverpool-y-el-estadio-de-anfield-copy-2\/","og_site_name":"Tour Travel And More","article_publisher":"https:\/\/www.facebook.com\/tourtravelandmore\/","article_modified_time":"2024-04-25T16:15:01+00:00","og_image":[{"width":1125,"height":750,"url":"https:\/\/tourtravelandmore.com\/wp-content\/uploads\/2024\/04\/pexels-photo-2563598.jpg","type":"image\/jpeg"}],"twitter_card":"summary_large_image","twitter_site":"@TourTravel_More","twitter_misc":{"Tiempo de lectura":"3 minutos"},"schema":{"@context":"https:\/\/schema.org","@graph":[{"@type":"WebPage","@id":"https:\/\/tourtravelandmore.com\/es\/tours\/turquia-es\/capadocia\/todos-los-tours-privados-es-4\/tour-privado-de-liverpool-y-el-estadio-de-anfield-copy-2\/","url":"https:\/\/tourtravelandmore.com\/es\/tours\/turquia-es\/capadocia\/todos-los-tours-privados-es-4\/tour-privado-de-liverpool-y-el-estadio-de-anfield-copy-2\/","name":"\u27a1\ufe0f Tour Privado de Capadocia (tour verde) | Tour Travel & More","isPartOf":{"@id":"https:\/\/tourtravelandmore.com\/es\/#website"},"primaryImageOfPage":{"@id":"https:\/\/tourtravelandmore.com\/es\/tours\/turquia-es\/capadocia\/todos-los-tours-privados-es-4\/tour-privado-de-liverpool-y-el-estadio-de-anfield-copy-2\/#primaryimage"},"image":{"@id":"https:\/\/tourtravelandmore.com\/es\/tours\/turquia-es\/capadocia\/todos-los-tours-privados-es-4\/tour-privado-de-liverpool-y-el-estadio-de-anfield-copy-2\/#primaryimage"},"thumbnailUrl":"https:\/\/tourtravelandmore.com\/wp-content\/uploads\/2024\/04\/pexels-photo-2563598.jpg","datePublished":"2024-04-22T16:23:05+00:00","dateModified":"2024-04-25T16:15:01+00:00","description":"Disfrute de un maravilloso Tour Verde Privado por Capadocia para admirar sus edificios m\u00e1s importantes en compa\u00f1\u00eda de un gu\u00eda oficial \u2705.","breadcrumb":{"@id":"https:\/\/tourtravelandmore.com\/es\/tours\/turquia-es\/capadocia\/todos-los-tours-privados-es-4\/tour-privado-de-liverpool-y-el-estadio-de-anfield-copy-2\/#breadcrumb"},"inLanguage":"es","potentialAction":[{"@type":"ReadAction","target":["https:\/\/tourtravelandmore.com\/es\/tours\/turquia-es\/capadocia\/todos-los-tours-privados-es-4\/tour-privado-de-liverpool-y-el-estadio-de-anfield-copy-2\/"]}]},{"@type":"ImageObject","inLanguage":"es","@id":"https:\/\/tourtravelandmore.com\/es\/tours\/turquia-es\/capadocia\/todos-los-tours-privados-es-4\/tour-privado-de-liverpool-y-el-estadio-de-anfield-copy-2\/#primaryimage","url":"https:\/\/tourtravelandmore.com\/wp-content\/uploads\/2024\/04\/pexels-photo-2563598.jpg","contentUrl":"https:\/\/tourtravelandmore.com\/wp-content\/uploads\/2024\/04\/pexels-photo-2563598.jpg","width":1125,"height":750},{"@type":"BreadcrumbList","@id":"https:\/\/tourtravelandmore.com\/es\/tours\/turquia-es\/capadocia\/todos-los-tours-privados-es-4\/tour-privado-de-liverpool-y-el-estadio-de-anfield-copy-2\/#breadcrumb","itemListElement":[{"@type":"ListItem","position":1,"name":"Home","item":"https:\/\/tourtravelandmore.com\/es\/"},{"@type":"ListItem","position":2,"name":"Tours","item":"https:\/\/tourtravelandmore.com\/es\/tours\/"},{"@type":"ListItem","position":3,"name":"Tour Privado de Capadocia (tour verde)"}]},{"@type":"WebSite","@id":"https:\/\/tourtravelandmore.com\/es\/#website","url":"https:\/\/tourtravelandmore.com\/es\/","name":"Tour Travel And More","description":"Private sightseeing tours and luxury transfers in Spain","publisher":{"@id":"https:\/\/tourtravelandmore.com\/es\/#organization"},"potentialAction":[{"@type":"SearchAction","target":{"@type":"EntryPoint","urlTemplate":"https:\/\/tourtravelandmore.com\/es\/?s={search_term_string}"},"query-input":{"@type":"PropertyValueSpecification","valueRequired":true,"valueName":"search_term_string"}}],"inLanguage":"es"},{"@type":"Organization","@id":"https:\/\/tourtravelandmore.com\/es\/#organization","name":"Tour Travel And More","url":"https:\/\/tourtravelandmore.com\/es\/","logo":{"@type":"ImageObject","inLanguage":"es","@id":"https:\/\/tourtravelandmore.com\/es\/#\/schema\/logo\/image\/","url":"https:\/\/tourtravelandmore.com\/wp-content\/uploads\/2022\/12\/cropped-logo-cabecera-new.png","contentUrl":"https:\/\/tourtravelandmore.com\/wp-content\/uploads\/2022\/12\/cropped-logo-cabecera-new.png","width":430,"height":61,"caption":"Tour Travel And More"},"image":{"@id":"https:\/\/tourtravelandmore.com\/es\/#\/schema\/logo\/image\/"},"sameAs":["https:\/\/www.facebook.com\/tourtravelandmore\/","https:\/\/x.com\/TourTravel_More"]}]}},"_links":{"self":[{"href":"https:\/\/tourtravelandmore.com\/es\/wp-json\/wp\/v2\/product\/174816","targetHints":{"allow":["GET"]}}],"collection":[{"href":"https:\/\/tourtravelandmore.com\/es\/wp-json\/wp\/v2\/product"}],"about":[{"href":"https:\/\/tourtravelandmore.com\/es\/wp-json\/wp\/v2\/types\/product"}],"replies":[{"embeddable":true,"href":"https:\/\/tourtravelandmore.com\/es\/wp-json\/wp\/v2\/comments?post=174816"}],"wp:featuredmedia":[{"embeddable":true,"href":"https:\/\/tourtravelandmore.com\/es\/wp-json\/wp\/v2\/media\/174799"}],"wp:attachment":[{"href":"https:\/\/tourtravelandmore.com\/es\/wp-json\/wp\/v2\/media?parent=174816"}],"wp:term":[{"taxonomy":"product_brand","embeddable":true,"href":"https:\/\/tourtravelandmore.com\/es\/wp-json\/wp\/v2\/product_brand?post=174816"},{"taxonomy":"product_cat","embeddable":true,"href":"https:\/\/tourtravelandmore.com\/es\/wp-json\/wp\/v2\/product_cat?post=174816"},{"taxonomy":"product_tag","embeddable":true,"href":"https:\/\/tourtravelandmore.com\/es\/wp-json\/wp\/v2\/product_tag?post=174816"}],"curies":[{"name":"wp","href":"https:\/\/api.w.org\/{rel}","templated":true}]}}