{"id":174771,"date":"2024-04-22T16:22:32","date_gmt":"2024-04-22T14:22:33","guid":{"rendered":"https:\/\/tourtravelandmore.com\/?post_type=product&#038;p=174771"},"modified":"2024-07-04T17:12:24","modified_gmt":"2024-07-04T15:12:24","slug":"tour-privado-rojo-tour-norte-de-capadocia","status":"publish","type":"product","link":"https:\/\/tourtravelandmore.com\/es\/tours\/turquia-es\/capadocia\/todos-los-tours-privados-es-4\/tour-privado-rojo-tour-norte-de-capadocia\/","title":{"rendered":"Tour Privado de Capadocia (tour rojo)"},"content":{"rendered":"<h2><strong>Tour Privado Rojo (Tour Norte) de Capadocia Descripci\u00f3n<\/strong><\/h2>\n<p>Prep\u00e1rese para dejarse hechizar por los cautivadores paisajes y tesoros culturales de <strong>Capadocia<\/strong> en nuestro Tour Privado Rojo (Tour Norte) de Capadocia. Con una duraci\u00f3n de 8 horas, este viaje inmersivo promete una exploraci\u00f3n inolvidable de los lugares m\u00e1s emblem\u00e1ticos de la regi\u00f3n. Acompa\u00f1ado por un gu\u00eda experto y conducido en un c\u00f3modo veh\u00edculo, se adentrar\u00e1 en la rica historia y las maravillas naturales de Capadocia.<\/p>\n<p>Durante todo el recorrido, disfrutar\u00e1 del confort y la comodidad del transporte privado, que le garantizar\u00e1 una experiencia fluida y agradable de principio a fin. Con nuestro gu\u00eda experto al frente, profundizar\u00e1 en la historia, la cultura y la belleza natural de Capadocia, creando recuerdos para toda la vida.<\/p>\n<p>Experimente las maravillas de Capadocia con comodidad y estilo con nuestro exclusivo Tour Privado Rojo (Tour Norte) de Capadocia. Reserve ahora y emb\u00e1rquese en un viaje inolvidable lleno de historia, cultura y belleza natural.<\/p>\n<h2>Puntos de inter\u00e9s<\/h2>\n<p>Este es realmente un recorrido privado \u00fanico, y debemos tomarnos el tiempo necesario para contemplar Capadocia. Nuestro Tour Privado <strong>Rojo (Tour Norte) de Capadocia <\/strong>es perfecto para usted.<\/p>\n<p>Disfrute de los dos siguientes lugares \u00fanicos<\/p>\n<ul>\n<li><strong>Mirador Panor\u00e1mico de G\u00f6reme:<\/strong> Capte vistas panor\u00e1micas del impresionante paisaje de Capadocia desde este mirador panor\u00e1mico, que ofrece vistas incomparables de las ic\u00f3nicas formaciones rocosas y chimeneas de hadas de la regi\u00f3n.<\/li>\n<li><strong>Ladera del castillo de Uchisar:<\/strong> Explore la antigua fortaleza excavada en la imponente formaci\u00f3n rocosa del castillo de Uchisar y disfrute de unas vistas panor\u00e1micas de los valles y pueblos de los alrededores desde su percha en la ladera de la colina.<\/li>\n<li><strong>Museo al Aire Libre de G\u00f6reme o Pa\u015faba\u011f\u0131 (Valle de los Monjes):<\/strong> Sum\u00e9rjase en el rico patrimonio religioso de Capadocia con una visita al Museo al Aire Libre de G\u00f6reme o al paisaje surrealista de Pa\u015faba\u011f\u0131, donde le esperan antiguas iglesias excavadas en la roca, frescos vibrantes y formaciones rocosas surrealistas.<\/li>\n<li><strong>Pueblo de \u00c7avu\u015fin:<\/strong> Experimente el encanto r\u00fastico del pueblo de \u00c7avu\u015fin, con sus casas tradicionales de piedra y sus sinuosos callejones que ofrecen una visi\u00f3n de la vida rural en Capadocia.<\/li>\n<li><strong>Taller de alfarer\u00eda Avanos:<\/strong> Sea testigo de la milenaria artesan\u00eda de la alfarer\u00eda en un taller de Avanos, donde artesanos expertos demuestran sus t\u00e9cnicas y ofrecen recuerdos \u00fanicos hechos a mano.<\/li>\n<li><strong>Valle de Devrent (Valle de la Imaginaci\u00f3n):<\/strong> D\u00e9 rienda suelta a su imaginaci\u00f3n entre las caprichosas formaciones rocosas del Valle de Devrent, donde esculturas naturales que parecen animales y criaturas m\u00edticas esperan ser descubiertas.<\/li>\n<\/ul>\n<p>La excursi\u00f3n terminar\u00e1 en un c\u00e9ntrico punto de encuentro junto a Santa Sof\u00eda.<\/p>\n<p><a href=\"https:\/\/tourtravelandmore.com\/es\/ciudad\/turquia-es\/istanbul-en\/\">Eche un vistazo a nuestras otras excursiones privadas en Estambul.<\/a><\/p>\n","protected":false},"excerpt":{"rendered":"<p>Prep\u00e1rese para dejarse hechizar por los cautivadores paisajes y tesoros culturales de <strong>Capadocia<\/strong> en nuestro Tour Privado Rojo (Tour Norte) de Capadocia. Con una duraci\u00f3n de 8 horas, este viaje inmersivo promete una exploraci\u00f3n inolvidable de los lugares m\u00e1s emblem\u00e1ticos de la regi\u00f3n. Acompa\u00f1ado por un gu\u00eda experto y conducido en un c\u00f3modo veh\u00edculo, se adentrar\u00e1 en la rica historia y las maravillas naturales de Capadocia.<\/p>\n","protected":false},"featured_media":174805,"comment_status":"open","ping_status":"closed","template":"","meta":{"_acf_changed":false},"product_brand":[],"product_cat":[5323,5326,1601],"product_tag":[],"class_list":{"0":"post-174771","1":"product","2":"type-product","3":"status-publish","4":"has-post-thumbnail","6":"product_cat-capadocia","7":"product_cat-todos-los-tours-privados-es-4","8":"product_cat-turquia-es","10":"first","11":"instock","12":"shipping-taxable","13":"purchasable","14":"product-type-simple"},"acf":[],"yoast_head":"<!-- This site is optimized with the Yoast SEO Premium plugin v25.3.1 (Yoast SEO v25.3.1) - https:\/\/yoast.com\/wordpress\/plugins\/seo\/ -->\n<title>\u27a1\ufe0f Tour Privado Rojo (Tour Norte) de Capadocia | TT&amp;M<\/title>\n<meta name=\"description\" content=\"Avent\u00farese en este recorrido y disfrute de este Tour Privado Rojo (Tour Norte) de Capadocia con chofer y gu\u00eda profesional local \u2705\" \/>\n<meta name=\"robots\" content=\"index, follow, max-snippet:-1, max-image-preview:large, max-video-preview:-1\" \/>\n<link rel=\"canonical\" href=\"https:\/\/tourtravelandmore.com\/es\/tours\/turquia-es\/capadocia\/todos-los-tours-privados-es-4\/tour-privado-rojo-tour-norte-de-capadocia\/\" \/>\n<meta property=\"og:locale\" content=\"es_ES\" \/>\n<meta property=\"og:type\" content=\"article\" \/>\n<meta property=\"og:title\" content=\"Tour Privado de Capadocia (tour rojo)\" \/>\n<meta property=\"og:description\" content=\"Avent\u00farese en este recorrido y disfrute de este Tour Privado Rojo (Tour Norte) de Capadocia con chofer y gu\u00eda profesional local \u2705\" \/>\n<meta property=\"og:url\" content=\"https:\/\/tourtravelandmore.com\/es\/tours\/turquia-es\/capadocia\/todos-los-tours-privados-es-4\/tour-privado-rojo-tour-norte-de-capadocia\/\" \/>\n<meta property=\"og:site_name\" content=\"Tour Travel And More\" \/>\n<meta property=\"article:publisher\" content=\"https:\/\/www.facebook.com\/tourtravelandmore\/\" \/>\n<meta property=\"article:modified_time\" content=\"2024-07-04T15:12:24+00:00\" \/>\n<meta property=\"og:image\" content=\"https:\/\/tourtravelandmore.com\/wp-content\/uploads\/2024\/04\/pexels-photo-2563678.jpg\" \/>\n\t<meta property=\"og:image:width\" content=\"1125\" \/>\n\t<meta property=\"og:image:height\" content=\"750\" \/>\n\t<meta property=\"og:image:type\" content=\"image\/jpeg\" \/>\n<meta name=\"twitter:card\" content=\"summary_large_image\" \/>\n<meta name=\"twitter:site\" content=\"@TourTravel_More\" \/>\n<meta name=\"twitter:label1\" content=\"Tiempo de lectura\" \/>\n\t<meta name=\"twitter:data1\" content=\"3 minutos\" \/>\n<script type=\"application\/ld+json\" class=\"yoast-schema-graph\">{\"@context\":\"https:\/\/schema.org\",\"@graph\":[{\"@type\":\"WebPage\",\"@id\":\"https:\/\/tourtravelandmore.com\/es\/tours\/turquia-es\/capadocia\/todos-los-tours-privados-es-4\/tour-privado-rojo-tour-norte-de-capadocia\/\",\"url\":\"https:\/\/tourtravelandmore.com\/es\/tours\/turquia-es\/capadocia\/todos-los-tours-privados-es-4\/tour-privado-rojo-tour-norte-de-capadocia\/\",\"name\":\"\u27a1\ufe0f Tour Privado Rojo (Tour Norte) de Capadocia | TT&M\",\"isPartOf\":{\"@id\":\"https:\/\/tourtravelandmore.com\/es\/#website\"},\"primaryImageOfPage\":{\"@id\":\"https:\/\/tourtravelandmore.com\/es\/tours\/turquia-es\/capadocia\/todos-los-tours-privados-es-4\/tour-privado-rojo-tour-norte-de-capadocia\/#primaryimage\"},\"image\":{\"@id\":\"https:\/\/tourtravelandmore.com\/es\/tours\/turquia-es\/capadocia\/todos-los-tours-privados-es-4\/tour-privado-rojo-tour-norte-de-capadocia\/#primaryimage\"},\"thumbnailUrl\":\"https:\/\/tourtravelandmore.com\/wp-content\/uploads\/2024\/04\/pexels-photo-2563678.jpg\",\"datePublished\":\"2024-04-22T14:22:33+00:00\",\"dateModified\":\"2024-07-04T15:12:24+00:00\",\"description\":\"Avent\u00farese en este recorrido y disfrute de este Tour Privado Rojo (Tour Norte) de Capadocia con chofer y gu\u00eda profesional local \u2705\",\"breadcrumb\":{\"@id\":\"https:\/\/tourtravelandmore.com\/es\/tours\/turquia-es\/capadocia\/todos-los-tours-privados-es-4\/tour-privado-rojo-tour-norte-de-capadocia\/#breadcrumb\"},\"inLanguage\":\"es\",\"potentialAction\":[{\"@type\":\"ReadAction\",\"target\":[\"https:\/\/tourtravelandmore.com\/es\/tours\/turquia-es\/capadocia\/todos-los-tours-privados-es-4\/tour-privado-rojo-tour-norte-de-capadocia\/\"]}]},{\"@type\":\"ImageObject\",\"inLanguage\":\"es\",\"@id\":\"https:\/\/tourtravelandmore.com\/es\/tours\/turquia-es\/capadocia\/todos-los-tours-privados-es-4\/tour-privado-rojo-tour-norte-de-capadocia\/#primaryimage\",\"url\":\"https:\/\/tourtravelandmore.com\/wp-content\/uploads\/2024\/04\/pexels-photo-2563678.jpg\",\"contentUrl\":\"https:\/\/tourtravelandmore.com\/wp-content\/uploads\/2024\/04\/pexels-photo-2563678.jpg\",\"width\":1125,\"height\":750},{\"@type\":\"BreadcrumbList\",\"@id\":\"https:\/\/tourtravelandmore.com\/es\/tours\/turquia-es\/capadocia\/todos-los-tours-privados-es-4\/tour-privado-rojo-tour-norte-de-capadocia\/#breadcrumb\",\"itemListElement\":[{\"@type\":\"ListItem\",\"position\":1,\"name\":\"Home\",\"item\":\"https:\/\/tourtravelandmore.com\/es\/\"},{\"@type\":\"ListItem\",\"position\":2,\"name\":\"Tours\",\"item\":\"https:\/\/tourtravelandmore.com\/es\/tours\/\"},{\"@type\":\"ListItem\",\"position\":3,\"name\":\"Tour Privado de Capadocia (tour rojo)\"}]},{\"@type\":\"WebSite\",\"@id\":\"https:\/\/tourtravelandmore.com\/es\/#website\",\"url\":\"https:\/\/tourtravelandmore.com\/es\/\",\"name\":\"Tour Travel And More\",\"description\":\"Private sightseeing tours and luxury transfers in Spain\",\"publisher\":{\"@id\":\"https:\/\/tourtravelandmore.com\/es\/#organization\"},\"potentialAction\":[{\"@type\":\"SearchAction\",\"target\":{\"@type\":\"EntryPoint\",\"urlTemplate\":\"https:\/\/tourtravelandmore.com\/es\/?s={search_term_string}\"},\"query-input\":{\"@type\":\"PropertyValueSpecification\",\"valueRequired\":true,\"valueName\":\"search_term_string\"}}],\"inLanguage\":\"es\"},{\"@type\":\"Organization\",\"@id\":\"https:\/\/tourtravelandmore.com\/es\/#organization\",\"name\":\"Tour Travel And More\",\"url\":\"https:\/\/tourtravelandmore.com\/es\/\",\"logo\":{\"@type\":\"ImageObject\",\"inLanguage\":\"es\",\"@id\":\"https:\/\/tourtravelandmore.com\/es\/#\/schema\/logo\/image\/\",\"url\":\"https:\/\/tourtravelandmore.com\/wp-content\/uploads\/2022\/12\/cropped-logo-cabecera-new.png\",\"contentUrl\":\"https:\/\/tourtravelandmore.com\/wp-content\/uploads\/2022\/12\/cropped-logo-cabecera-new.png\",\"width\":430,\"height\":61,\"caption\":\"Tour Travel And More\"},\"image\":{\"@id\":\"https:\/\/tourtravelandmore.com\/es\/#\/schema\/logo\/image\/\"},\"sameAs\":[\"https:\/\/www.facebook.com\/tourtravelandmore\/\",\"https:\/\/x.com\/TourTravel_More\"]}]}<\/script>\n<!-- \/ Yoast SEO Premium plugin. -->","yoast_head_json":{"title":"\u27a1\ufe0f Tour Privado Rojo (Tour Norte) de Capadocia | TT&M","description":"Avent\u00farese en este recorrido y disfrute de este Tour Privado Rojo (Tour Norte) de Capadocia con chofer y gu\u00eda profesional local \u2705","robots":{"index":"index","follow":"follow","max-snippet":"max-snippet:-1","max-image-preview":"max-image-preview:large","max-video-preview":"max-video-preview:-1"},"canonical":"https:\/\/tourtravelandmore.com\/es\/tours\/turquia-es\/capadocia\/todos-los-tours-privados-es-4\/tour-privado-rojo-tour-norte-de-capadocia\/","og_locale":"es_ES","og_type":"article","og_title":"Tour Privado de Capadocia (tour rojo)","og_description":"Avent\u00farese en este recorrido y disfrute de este Tour Privado Rojo (Tour Norte) de Capadocia con chofer y gu\u00eda profesional local \u2705","og_url":"https:\/\/tourtravelandmore.com\/es\/tours\/turquia-es\/capadocia\/todos-los-tours-privados-es-4\/tour-privado-rojo-tour-norte-de-capadocia\/","og_site_name":"Tour Travel And More","article_publisher":"https:\/\/www.facebook.com\/tourtravelandmore\/","article_modified_time":"2024-07-04T15:12:24+00:00","og_image":[{"width":1125,"height":750,"url":"https:\/\/tourtravelandmore.com\/wp-content\/uploads\/2024\/04\/pexels-photo-2563678.jpg","type":"image\/jpeg"}],"twitter_card":"summary_large_image","twitter_site":"@TourTravel_More","twitter_misc":{"Tiempo de lectura":"3 minutos"},"schema":{"@context":"https:\/\/schema.org","@graph":[{"@type":"WebPage","@id":"https:\/\/tourtravelandmore.com\/es\/tours\/turquia-es\/capadocia\/todos-los-tours-privados-es-4\/tour-privado-rojo-tour-norte-de-capadocia\/","url":"https:\/\/tourtravelandmore.com\/es\/tours\/turquia-es\/capadocia\/todos-los-tours-privados-es-4\/tour-privado-rojo-tour-norte-de-capadocia\/","name":"\u27a1\ufe0f Tour Privado Rojo (Tour Norte) de Capadocia | TT&M","isPartOf":{"@id":"https:\/\/tourtravelandmore.com\/es\/#website"},"primaryImageOfPage":{"@id":"https:\/\/tourtravelandmore.com\/es\/tours\/turquia-es\/capadocia\/todos-los-tours-privados-es-4\/tour-privado-rojo-tour-norte-de-capadocia\/#primaryimage"},"image":{"@id":"https:\/\/tourtravelandmore.com\/es\/tours\/turquia-es\/capadocia\/todos-los-tours-privados-es-4\/tour-privado-rojo-tour-norte-de-capadocia\/#primaryimage"},"thumbnailUrl":"https:\/\/tourtravelandmore.com\/wp-content\/uploads\/2024\/04\/pexels-photo-2563678.jpg","datePublished":"2024-04-22T14:22:33+00:00","dateModified":"2024-07-04T15:12:24+00:00","description":"Avent\u00farese en este recorrido y disfrute de este Tour Privado Rojo (Tour Norte) de Capadocia con chofer y gu\u00eda profesional local \u2705","breadcrumb":{"@id":"https:\/\/tourtravelandmore.com\/es\/tours\/turquia-es\/capadocia\/todos-los-tours-privados-es-4\/tour-privado-rojo-tour-norte-de-capadocia\/#breadcrumb"},"inLanguage":"es","potentialAction":[{"@type":"ReadAction","target":["https:\/\/tourtravelandmore.com\/es\/tours\/turquia-es\/capadocia\/todos-los-tours-privados-es-4\/tour-privado-rojo-tour-norte-de-capadocia\/"]}]},{"@type":"ImageObject","inLanguage":"es","@id":"https:\/\/tourtravelandmore.com\/es\/tours\/turquia-es\/capadocia\/todos-los-tours-privados-es-4\/tour-privado-rojo-tour-norte-de-capadocia\/#primaryimage","url":"https:\/\/tourtravelandmore.com\/wp-content\/uploads\/2024\/04\/pexels-photo-2563678.jpg","contentUrl":"https:\/\/tourtravelandmore.com\/wp-content\/uploads\/2024\/04\/pexels-photo-2563678.jpg","width":1125,"height":750},{"@type":"BreadcrumbList","@id":"https:\/\/tourtravelandmore.com\/es\/tours\/turquia-es\/capadocia\/todos-los-tours-privados-es-4\/tour-privado-rojo-tour-norte-de-capadocia\/#breadcrumb","itemListElement":[{"@type":"ListItem","position":1,"name":"Home","item":"https:\/\/tourtravelandmore.com\/es\/"},{"@type":"ListItem","position":2,"name":"Tours","item":"https:\/\/tourtravelandmore.com\/es\/tours\/"},{"@type":"ListItem","position":3,"name":"Tour Privado de Capadocia (tour rojo)"}]},{"@type":"WebSite","@id":"https:\/\/tourtravelandmore.com\/es\/#website","url":"https:\/\/tourtravelandmore.com\/es\/","name":"Tour Travel And More","description":"Private sightseeing tours and luxury transfers in Spain","publisher":{"@id":"https:\/\/tourtravelandmore.com\/es\/#organization"},"potentialAction":[{"@type":"SearchAction","target":{"@type":"EntryPoint","urlTemplate":"https:\/\/tourtravelandmore.com\/es\/?s={search_term_string}"},"query-input":{"@type":"PropertyValueSpecification","valueRequired":true,"valueName":"search_term_string"}}],"inLanguage":"es"},{"@type":"Organization","@id":"https:\/\/tourtravelandmore.com\/es\/#organization","name":"Tour Travel And More","url":"https:\/\/tourtravelandmore.com\/es\/","logo":{"@type":"ImageObject","inLanguage":"es","@id":"https:\/\/tourtravelandmore.com\/es\/#\/schema\/logo\/image\/","url":"https:\/\/tourtravelandmore.com\/wp-content\/uploads\/2022\/12\/cropped-logo-cabecera-new.png","contentUrl":"https:\/\/tourtravelandmore.com\/wp-content\/uploads\/2022\/12\/cropped-logo-cabecera-new.png","width":430,"height":61,"caption":"Tour Travel And More"},"image":{"@id":"https:\/\/tourtravelandmore.com\/es\/#\/schema\/logo\/image\/"},"sameAs":["https:\/\/www.facebook.com\/tourtravelandmore\/","https:\/\/x.com\/TourTravel_More"]}]}},"_links":{"self":[{"href":"https:\/\/tourtravelandmore.com\/es\/wp-json\/wp\/v2\/product\/174771","targetHints":{"allow":["GET"]}}],"collection":[{"href":"https:\/\/tourtravelandmore.com\/es\/wp-json\/wp\/v2\/product"}],"about":[{"href":"https:\/\/tourtravelandmore.com\/es\/wp-json\/wp\/v2\/types\/product"}],"replies":[{"embeddable":true,"href":"https:\/\/tourtravelandmore.com\/es\/wp-json\/wp\/v2\/comments?post=174771"}],"wp:featuredmedia":[{"embeddable":true,"href":"https:\/\/tourtravelandmore.com\/es\/wp-json\/wp\/v2\/media\/174805"}],"wp:attachment":[{"href":"https:\/\/tourtravelandmore.com\/es\/wp-json\/wp\/v2\/media?parent=174771"}],"wp:term":[{"taxonomy":"product_brand","embeddable":true,"href":"https:\/\/tourtravelandmore.com\/es\/wp-json\/wp\/v2\/product_brand?post=174771"},{"taxonomy":"product_cat","embeddable":true,"href":"https:\/\/tourtravelandmore.com\/es\/wp-json\/wp\/v2\/product_cat?post=174771"},{"taxonomy":"product_tag","embeddable":true,"href":"https:\/\/tourtravelandmore.com\/es\/wp-json\/wp\/v2\/product_tag?post=174771"}],"curies":[{"name":"wp","href":"https:\/\/api.w.org\/{rel}","templated":true}]}}