{"id":174686,"date":"2024-04-16T15:58:54","date_gmt":"2024-04-16T13:58:54","guid":{"rendered":"https:\/\/tourtravelandmore.com\/?post_type=product&#038;p=174686"},"modified":"2024-04-16T17:17:56","modified_gmt":"2024-04-16T15:17:56","slug":"tour-privado-a-pie-por-liverpool-copy-2","status":"publish","type":"product","link":"https:\/\/tourtravelandmore.com\/es\/tours\/reino-unido-es\/liverpool-es\/tour-privado-a-pie-por-liverpool-copy-2\/","title":{"rendered":"Tour privado a pie de Los Beatles"},"content":{"rendered":"<h2><b>Descripci\u00f3n de Tour privado a pie de Los Beatles<\/b><\/h2>\n<p>Explore los legendarios pasos de Los Beatles en este exclusivo recorrido privado a pie que le ofrece Tour Travel &amp; More. A lo largo de tres cautivadoras horas, sum\u00e9rjase en la vibrante historia de la banda m\u00e1s emblem\u00e1tica del mundo mientras le guiamos por las calles llenas de historia de Liverpool.<\/p>\n<p>Disfrute de la compa\u00f1\u00eda de un gu\u00eda experto que le deleitar\u00e1 con fascinantes an\u00e9cdotas y conocimientos sobre la extraordinaria trayectoria de The Beatles. Obtenga acceso exclusivo al Museo de la Historia de los Beatles, donde podr\u00e1 profundizar en la historia de la banda a trav\u00e9s de exposiciones interactivas, recuerdos raros y exhibiciones envolventes.<\/p>\n<p>Acomp\u00e1\u00f1enos en este viaje inolvidable por el coraz\u00f3n de la Beatleman\u00eda y experimente la magia de Los Beatles como nunca antes. \u00a1Reserve hoy mismo su visita privada a pie con Tour Travel &amp; More!<\/p>\n<h2><b>Puntos de inter\u00e9s<\/b><\/h2>\n<p><b><strong>Casas de la infancia de los Beatles:<\/strong><\/b> En primer lugar, comience su viaje en las casas de la infancia de John Lennon y Paul McCartney, donde comenz\u00f3 a fraguarse la magia de su asociaci\u00f3n musical. Ad\u00e9ntrese en los primeros a\u00f1os de Los Beatles y descubra los lugares que dieron forma a su extraordinario talento.<\/p>\n<p><b><strong>Penny Lane:<\/strong><\/b> Ad\u00e9ntrese en la letra de una de las canciones m\u00e1s queridas de Los Beatles mientras paseamos por Penny Lane. Desde la barber\u00eda hasta la rotonda, emp\u00e1pese de la nostalgia de esta ic\u00f3nica calle mientras aprende sobre la inspiraci\u00f3n que hay detr\u00e1s de la letra.<\/p>\n<p><b><strong>Strawberry Field:<\/strong><\/b> Visite las famosas puertas de Strawberry Field, inmortalizadas en una canci\u00f3n por John Lennon. Escuche los relatos de las visitas de la infancia de Lennon a este hogar infantil del Ej\u00e9rcito de Salvaci\u00f3n y su duradero impacto en su m\u00fasica.<\/p>\n<p><b><strong>Estatua de los Beatles en Pier<\/strong><\/b> Head: Qu\u00e9dese boquiabierto ante la estatua de los Beatles, m\u00e1s grande que la vida real, en Pier Head, con vistas al r\u00edo Mersey. H\u00e1gase fotos con los Fab Four mientras admira este impresionante homenaje a su perdurable legado.<\/p>\n<p><b><strong>Cavern Club:<\/strong><\/b> Concluya su recorrido con una visita al legendario Cavern Club, donde los Beatles perfeccionaron su arte y saltaron a la fama. Entre en el emblem\u00e1tico local donde actuaron casi 300 veces y sienta la energ\u00eda que a\u00fan reverbera por sus sagrados pasillos.<\/p>\n<p>Si quiere aprovechar al m\u00e1ximo su estancia en el Reino Unido, puede optar por nuestra <a href=\"https:\/\/tourtravelandmore.com\/tours\/united-kingdom\/london-en\/private-tour-of-oxford-from-london\/\"><b><strong>excursi\u00f3n privada a Oxford desde Londres<\/strong><\/b>.<\/a> As\u00ed conocer\u00e1 una de las ciudades m\u00e1s asombrosas e hist\u00f3ricas de Europa.<\/p>\n","protected":false},"excerpt":{"rendered":"<p>Explore los legendarios pasos de Los Beatles en este exclusivo recorrido privado a pie que le ofrece Tour Travel &amp; More. A lo largo de tres cautivadoras horas, sum\u00e9rjase en la vibrante historia de la banda m\u00e1s emblem\u00e1tica del mundo mientras le guiamos por las calles llenas de historia de Liverpool.<\/p>\n<p>&nbsp;<\/p>\n","protected":false},"featured_media":174717,"comment_status":"open","ping_status":"closed","template":"","meta":{"_acf_changed":false},"product_brand":[],"product_cat":[5313,5303,5314,1603],"product_tag":[],"class_list":{"0":"post-174686","1":"product","2":"type-product","3":"status-publish","4":"has-post-thumbnail","6":"product_cat-all-private-tours-es-3","7":"product_cat-liverpool-es","8":"product_cat-private-walking-tour-es-2","9":"product_cat-reino-unido-es","11":"first","12":"instock","13":"shipping-taxable","14":"purchasable","15":"product-type-simple"},"acf":[],"yoast_head":"<!-- This site is optimized with the Yoast SEO Premium plugin v25.3.1 (Yoast SEO v25.3.1) - https:\/\/yoast.com\/wordpress\/plugins\/seo\/ -->\n<title>\u27a1\ufe0f Tour privado a pie de Los Beatles | Tour Travel &amp; More<\/title>\n<meta name=\"description\" content=\"Disfruta de un maravilloso Tour privado a pie de Los Beatles para que admires de cerca sus edificios y monumentos m\u00e1s importantes en compa\u00f1\u00eda de un gu\u00eda oficial \u2705\" \/>\n<meta name=\"robots\" content=\"index, follow, max-snippet:-1, max-image-preview:large, max-video-preview:-1\" \/>\n<link rel=\"canonical\" href=\"https:\/\/tourtravelandmore.com\/es\/tours\/reino-unido-es\/liverpool-es\/tour-privado-a-pie-por-liverpool-copy-2\/\" \/>\n<meta property=\"og:locale\" content=\"es_ES\" \/>\n<meta property=\"og:type\" content=\"article\" \/>\n<meta property=\"og:title\" content=\"Tour privado a pie de Los Beatles\" \/>\n<meta property=\"og:description\" content=\"Disfruta de un maravilloso Tour privado a pie de Los Beatles para que admires de cerca sus edificios y monumentos m\u00e1s importantes en compa\u00f1\u00eda de un gu\u00eda oficial \u2705\" \/>\n<meta property=\"og:url\" content=\"https:\/\/tourtravelandmore.com\/es\/tours\/reino-unido-es\/liverpool-es\/tour-privado-a-pie-por-liverpool-copy-2\/\" \/>\n<meta property=\"og:site_name\" content=\"Tour Travel And More\" \/>\n<meta property=\"article:publisher\" content=\"https:\/\/www.facebook.com\/tourtravelandmore\/\" \/>\n<meta property=\"article:modified_time\" content=\"2024-04-16T15:17:56+00:00\" \/>\n<meta property=\"og:image\" content=\"https:\/\/tourtravelandmore.com\/wp-content\/uploads\/2024\/04\/turntable-3425284_1280.jpg\" \/>\n\t<meta property=\"og:image:width\" content=\"1280\" \/>\n\t<meta property=\"og:image:height\" content=\"815\" \/>\n\t<meta property=\"og:image:type\" content=\"image\/jpeg\" \/>\n<meta name=\"twitter:card\" content=\"summary_large_image\" \/>\n<meta name=\"twitter:site\" content=\"@TourTravel_More\" \/>\n<meta name=\"twitter:label1\" content=\"Tiempo de lectura\" \/>\n\t<meta name=\"twitter:data1\" content=\"3 minutos\" \/>\n<script type=\"application\/ld+json\" class=\"yoast-schema-graph\">{\"@context\":\"https:\/\/schema.org\",\"@graph\":[{\"@type\":\"WebPage\",\"@id\":\"https:\/\/tourtravelandmore.com\/es\/tours\/reino-unido-es\/liverpool-es\/tour-privado-a-pie-por-liverpool-copy-2\/\",\"url\":\"https:\/\/tourtravelandmore.com\/es\/tours\/reino-unido-es\/liverpool-es\/tour-privado-a-pie-por-liverpool-copy-2\/\",\"name\":\"\u27a1\ufe0f Tour privado a pie de Los Beatles | Tour Travel & More\",\"isPartOf\":{\"@id\":\"https:\/\/tourtravelandmore.com\/es\/#website\"},\"primaryImageOfPage\":{\"@id\":\"https:\/\/tourtravelandmore.com\/es\/tours\/reino-unido-es\/liverpool-es\/tour-privado-a-pie-por-liverpool-copy-2\/#primaryimage\"},\"image\":{\"@id\":\"https:\/\/tourtravelandmore.com\/es\/tours\/reino-unido-es\/liverpool-es\/tour-privado-a-pie-por-liverpool-copy-2\/#primaryimage\"},\"thumbnailUrl\":\"https:\/\/tourtravelandmore.com\/wp-content\/uploads\/2024\/04\/turntable-3425284_1280.jpg\",\"datePublished\":\"2024-04-16T13:58:54+00:00\",\"dateModified\":\"2024-04-16T15:17:56+00:00\",\"description\":\"Disfruta de un maravilloso Tour privado a pie de Los Beatles para que admires de cerca sus edificios y monumentos m\u00e1s importantes en compa\u00f1\u00eda de un gu\u00eda oficial \u2705\",\"breadcrumb\":{\"@id\":\"https:\/\/tourtravelandmore.com\/es\/tours\/reino-unido-es\/liverpool-es\/tour-privado-a-pie-por-liverpool-copy-2\/#breadcrumb\"},\"inLanguage\":\"es\",\"potentialAction\":[{\"@type\":\"ReadAction\",\"target\":[\"https:\/\/tourtravelandmore.com\/es\/tours\/reino-unido-es\/liverpool-es\/tour-privado-a-pie-por-liverpool-copy-2\/\"]}]},{\"@type\":\"ImageObject\",\"inLanguage\":\"es\",\"@id\":\"https:\/\/tourtravelandmore.com\/es\/tours\/reino-unido-es\/liverpool-es\/tour-privado-a-pie-por-liverpool-copy-2\/#primaryimage\",\"url\":\"https:\/\/tourtravelandmore.com\/wp-content\/uploads\/2024\/04\/turntable-3425284_1280.jpg\",\"contentUrl\":\"https:\/\/tourtravelandmore.com\/wp-content\/uploads\/2024\/04\/turntable-3425284_1280.jpg\",\"width\":1280,\"height\":815},{\"@type\":\"BreadcrumbList\",\"@id\":\"https:\/\/tourtravelandmore.com\/es\/tours\/reino-unido-es\/liverpool-es\/tour-privado-a-pie-por-liverpool-copy-2\/#breadcrumb\",\"itemListElement\":[{\"@type\":\"ListItem\",\"position\":1,\"name\":\"Home\",\"item\":\"https:\/\/tourtravelandmore.com\/es\/\"},{\"@type\":\"ListItem\",\"position\":2,\"name\":\"Tours\",\"item\":\"https:\/\/tourtravelandmore.com\/es\/tours\/\"},{\"@type\":\"ListItem\",\"position\":3,\"name\":\"Tour privado a pie de Los Beatles\"}]},{\"@type\":\"WebSite\",\"@id\":\"https:\/\/tourtravelandmore.com\/es\/#website\",\"url\":\"https:\/\/tourtravelandmore.com\/es\/\",\"name\":\"Tour Travel And More\",\"description\":\"Private sightseeing tours and luxury transfers in Spain\",\"publisher\":{\"@id\":\"https:\/\/tourtravelandmore.com\/es\/#organization\"},\"potentialAction\":[{\"@type\":\"SearchAction\",\"target\":{\"@type\":\"EntryPoint\",\"urlTemplate\":\"https:\/\/tourtravelandmore.com\/es\/?s={search_term_string}\"},\"query-input\":{\"@type\":\"PropertyValueSpecification\",\"valueRequired\":true,\"valueName\":\"search_term_string\"}}],\"inLanguage\":\"es\"},{\"@type\":\"Organization\",\"@id\":\"https:\/\/tourtravelandmore.com\/es\/#organization\",\"name\":\"Tour Travel And More\",\"url\":\"https:\/\/tourtravelandmore.com\/es\/\",\"logo\":{\"@type\":\"ImageObject\",\"inLanguage\":\"es\",\"@id\":\"https:\/\/tourtravelandmore.com\/es\/#\/schema\/logo\/image\/\",\"url\":\"https:\/\/tourtravelandmore.com\/wp-content\/uploads\/2022\/12\/cropped-logo-cabecera-new.png\",\"contentUrl\":\"https:\/\/tourtravelandmore.com\/wp-content\/uploads\/2022\/12\/cropped-logo-cabecera-new.png\",\"width\":430,\"height\":61,\"caption\":\"Tour Travel And More\"},\"image\":{\"@id\":\"https:\/\/tourtravelandmore.com\/es\/#\/schema\/logo\/image\/\"},\"sameAs\":[\"https:\/\/www.facebook.com\/tourtravelandmore\/\",\"https:\/\/x.com\/TourTravel_More\"]}]}<\/script>\n<!-- \/ Yoast SEO Premium plugin. -->","yoast_head_json":{"title":"\u27a1\ufe0f Tour privado a pie de Los Beatles | Tour Travel & More","description":"Disfruta de un maravilloso Tour privado a pie de Los Beatles para que admires de cerca sus edificios y monumentos m\u00e1s importantes en compa\u00f1\u00eda de un gu\u00eda oficial \u2705","robots":{"index":"index","follow":"follow","max-snippet":"max-snippet:-1","max-image-preview":"max-image-preview:large","max-video-preview":"max-video-preview:-1"},"canonical":"https:\/\/tourtravelandmore.com\/es\/tours\/reino-unido-es\/liverpool-es\/tour-privado-a-pie-por-liverpool-copy-2\/","og_locale":"es_ES","og_type":"article","og_title":"Tour privado a pie de Los Beatles","og_description":"Disfruta de un maravilloso Tour privado a pie de Los Beatles para que admires de cerca sus edificios y monumentos m\u00e1s importantes en compa\u00f1\u00eda de un gu\u00eda oficial \u2705","og_url":"https:\/\/tourtravelandmore.com\/es\/tours\/reino-unido-es\/liverpool-es\/tour-privado-a-pie-por-liverpool-copy-2\/","og_site_name":"Tour Travel And More","article_publisher":"https:\/\/www.facebook.com\/tourtravelandmore\/","article_modified_time":"2024-04-16T15:17:56+00:00","og_image":[{"width":1280,"height":815,"url":"https:\/\/tourtravelandmore.com\/wp-content\/uploads\/2024\/04\/turntable-3425284_1280.jpg","type":"image\/jpeg"}],"twitter_card":"summary_large_image","twitter_site":"@TourTravel_More","twitter_misc":{"Tiempo de lectura":"3 minutos"},"schema":{"@context":"https:\/\/schema.org","@graph":[{"@type":"WebPage","@id":"https:\/\/tourtravelandmore.com\/es\/tours\/reino-unido-es\/liverpool-es\/tour-privado-a-pie-por-liverpool-copy-2\/","url":"https:\/\/tourtravelandmore.com\/es\/tours\/reino-unido-es\/liverpool-es\/tour-privado-a-pie-por-liverpool-copy-2\/","name":"\u27a1\ufe0f Tour privado a pie de Los Beatles | Tour Travel & More","isPartOf":{"@id":"https:\/\/tourtravelandmore.com\/es\/#website"},"primaryImageOfPage":{"@id":"https:\/\/tourtravelandmore.com\/es\/tours\/reino-unido-es\/liverpool-es\/tour-privado-a-pie-por-liverpool-copy-2\/#primaryimage"},"image":{"@id":"https:\/\/tourtravelandmore.com\/es\/tours\/reino-unido-es\/liverpool-es\/tour-privado-a-pie-por-liverpool-copy-2\/#primaryimage"},"thumbnailUrl":"https:\/\/tourtravelandmore.com\/wp-content\/uploads\/2024\/04\/turntable-3425284_1280.jpg","datePublished":"2024-04-16T13:58:54+00:00","dateModified":"2024-04-16T15:17:56+00:00","description":"Disfruta de un maravilloso Tour privado a pie de Los Beatles para que admires de cerca sus edificios y monumentos m\u00e1s importantes en compa\u00f1\u00eda de un gu\u00eda oficial \u2705","breadcrumb":{"@id":"https:\/\/tourtravelandmore.com\/es\/tours\/reino-unido-es\/liverpool-es\/tour-privado-a-pie-por-liverpool-copy-2\/#breadcrumb"},"inLanguage":"es","potentialAction":[{"@type":"ReadAction","target":["https:\/\/tourtravelandmore.com\/es\/tours\/reino-unido-es\/liverpool-es\/tour-privado-a-pie-por-liverpool-copy-2\/"]}]},{"@type":"ImageObject","inLanguage":"es","@id":"https:\/\/tourtravelandmore.com\/es\/tours\/reino-unido-es\/liverpool-es\/tour-privado-a-pie-por-liverpool-copy-2\/#primaryimage","url":"https:\/\/tourtravelandmore.com\/wp-content\/uploads\/2024\/04\/turntable-3425284_1280.jpg","contentUrl":"https:\/\/tourtravelandmore.com\/wp-content\/uploads\/2024\/04\/turntable-3425284_1280.jpg","width":1280,"height":815},{"@type":"BreadcrumbList","@id":"https:\/\/tourtravelandmore.com\/es\/tours\/reino-unido-es\/liverpool-es\/tour-privado-a-pie-por-liverpool-copy-2\/#breadcrumb","itemListElement":[{"@type":"ListItem","position":1,"name":"Home","item":"https:\/\/tourtravelandmore.com\/es\/"},{"@type":"ListItem","position":2,"name":"Tours","item":"https:\/\/tourtravelandmore.com\/es\/tours\/"},{"@type":"ListItem","position":3,"name":"Tour privado a pie de Los Beatles"}]},{"@type":"WebSite","@id":"https:\/\/tourtravelandmore.com\/es\/#website","url":"https:\/\/tourtravelandmore.com\/es\/","name":"Tour Travel And More","description":"Private sightseeing tours and luxury transfers in Spain","publisher":{"@id":"https:\/\/tourtravelandmore.com\/es\/#organization"},"potentialAction":[{"@type":"SearchAction","target":{"@type":"EntryPoint","urlTemplate":"https:\/\/tourtravelandmore.com\/es\/?s={search_term_string}"},"query-input":{"@type":"PropertyValueSpecification","valueRequired":true,"valueName":"search_term_string"}}],"inLanguage":"es"},{"@type":"Organization","@id":"https:\/\/tourtravelandmore.com\/es\/#organization","name":"Tour Travel And More","url":"https:\/\/tourtravelandmore.com\/es\/","logo":{"@type":"ImageObject","inLanguage":"es","@id":"https:\/\/tourtravelandmore.com\/es\/#\/schema\/logo\/image\/","url":"https:\/\/tourtravelandmore.com\/wp-content\/uploads\/2022\/12\/cropped-logo-cabecera-new.png","contentUrl":"https:\/\/tourtravelandmore.com\/wp-content\/uploads\/2022\/12\/cropped-logo-cabecera-new.png","width":430,"height":61,"caption":"Tour Travel And More"},"image":{"@id":"https:\/\/tourtravelandmore.com\/es\/#\/schema\/logo\/image\/"},"sameAs":["https:\/\/www.facebook.com\/tourtravelandmore\/","https:\/\/x.com\/TourTravel_More"]}]}},"_links":{"self":[{"href":"https:\/\/tourtravelandmore.com\/es\/wp-json\/wp\/v2\/product\/174686","targetHints":{"allow":["GET"]}}],"collection":[{"href":"https:\/\/tourtravelandmore.com\/es\/wp-json\/wp\/v2\/product"}],"about":[{"href":"https:\/\/tourtravelandmore.com\/es\/wp-json\/wp\/v2\/types\/product"}],"replies":[{"embeddable":true,"href":"https:\/\/tourtravelandmore.com\/es\/wp-json\/wp\/v2\/comments?post=174686"}],"wp:featuredmedia":[{"embeddable":true,"href":"https:\/\/tourtravelandmore.com\/es\/wp-json\/wp\/v2\/media\/174717"}],"wp:attachment":[{"href":"https:\/\/tourtravelandmore.com\/es\/wp-json\/wp\/v2\/media?parent=174686"}],"wp:term":[{"taxonomy":"product_brand","embeddable":true,"href":"https:\/\/tourtravelandmore.com\/es\/wp-json\/wp\/v2\/product_brand?post=174686"},{"taxonomy":"product_cat","embeddable":true,"href":"https:\/\/tourtravelandmore.com\/es\/wp-json\/wp\/v2\/product_cat?post=174686"},{"taxonomy":"product_tag","embeddable":true,"href":"https:\/\/tourtravelandmore.com\/es\/wp-json\/wp\/v2\/product_tag?post=174686"}],"curies":[{"name":"wp","href":"https:\/\/api.w.org\/{rel}","templated":true}]}}