{"id":174606,"date":"2024-04-15T16:58:04","date_gmt":"2024-04-15T14:58:04","guid":{"rendered":"https:\/\/tourtravelandmore.com\/?post_type=product&#038;p=174606"},"modified":"2024-05-14T15:39:24","modified_gmt":"2024-05-14T13:39:24","slug":"tour-privado-de-liverpool-con-guia-y-vehiculo-copy","status":"publish","type":"product","link":"https:\/\/tourtravelandmore.com\/es\/tours\/reino-unido-es\/liverpool-es\/tour-privado-de-liverpool-con-guia-y-vehiculo-copy\/","title":{"rendered":"Tour Privado de Liverpool y el Estadio de Anfield"},"content":{"rendered":"<h2><b>Descripci\u00f3n del Tour Privado de Liverpool y el Estadio de Anfield<\/b><\/h2>\n<p>Emb\u00e1rquese en un viaje exclusivo por la vibrante ciudad de <b><strong>Liverpool<\/strong><\/b> y el emblem\u00e1tico estadio de <b><strong>Anfield<\/strong><\/b> con Tour Travel &amp; More. Nuestro Tour Privado de Liverpool <b><strong>y<\/strong><\/b> el Estadio de Anfield ofrece una exploraci\u00f3n personalizada dirigida por un gu\u00eda experimentado, garantizando una experiencia inolvidable adaptada a sus intereses.<\/p>\n<p>Disfrute de la atenci\u00f3n exclusiva de un gu\u00eda experto. Le acompa\u00f1ar\u00e1 a lo largo de toda la excursi\u00f3n, no entrar\u00e1 a Anfield junto a vosotros, ofreci\u00e9ndole una visi\u00f3n personalizada y comentarios adaptados a sus preferencias. Rel\u00e1jese en un veh\u00edculo privado equipado con modernas comodidades, garantizando un viaje c\u00f3modo entre las atracciones.<\/p>\n<p>Todas nuestras excursiones son privadas y se adaptan a los intereses de nuestros clientes. Nuestros expertos en viajes le ayudar\u00e1n a organizar una experiencia \u00fanica y a su medida.<\/p>\n<h2><b>Lo m\u00e1s destacado<\/b><\/h2>\n<p>Su aventura comienza con una c\u00f3moda recogida en un confortable veh\u00edculo. Prepare el escenario para una exploraci\u00f3n perfecta del rico <b><strong>patrimonio<\/strong><\/b> cultural y el legado futbol\u00edstico <b><strong>de Liverpool<\/strong><\/b>. Mientras recorre la ciudad, su experto gu\u00eda le deleitar\u00e1 con fascinantes historias, an\u00e9cdotas y conocimientos hist\u00f3ricos. Le proporcionar\u00e1 una comprensi\u00f3n m\u00e1s profunda de la importancia de Liverpool como centro cultural y meca del f\u00fatbol.<\/p>\n<p>A su llegada al <b><strong>estadio de Anfield,<\/strong><\/b> sede del <b><strong>legendario Liverpool Football Club,<\/strong><\/b> prep\u00e1rese para sumergirse en la electrizante atm\u00f3sfera de uno de los estadios m\u00e1s emblem\u00e1ticos del f\u00fatbol. Su gu\u00eda le acompa\u00f1ar\u00e1 durante todo el recorrido por el estadio. Le ofrecer\u00e1 perspectivas privilegiadas y acceso exclusivo entre bastidores a zonas normalmente vedadas al p\u00fablico. Cada rinc\u00f3n de <b><strong>Anfield<\/strong><\/b> guarda un pedazo de la historia del f\u00fatbol esperando a ser descubierto.<\/p>\n<p>A lo largo de la excursi\u00f3n <b><strong>de 4 horas<\/strong><\/b>, dispondr\u00e1 de tiempo suficiente para empaparse de las vistas, capturar fotos memorables y entablar conversaci\u00f3n con su gu\u00eda para profundizar en el ilustre pasado y la cultura futbol\u00edstica del Liverpool. Tanto si es un ac\u00e9rrimo aficionado al f\u00fatbol como si simplemente le intriga el encanto de la ciudad, nuestra excursi\u00f3n privada le promete una experiencia enriquecedora que trasciende lo ordinario.}<\/p>\n<p>Si desea aprovechar al m\u00e1ximo su estancia en el Reino Unido, puede optar por nuestra excursi\u00f3n privada <a href=\"https:\/\/tourtravelandmore.com\/tours\/united-kingdom\/london-en\/private-tour-of-oxford-from-london\/\"><b><strong>a Oxford desde Londres<\/strong><\/b>.<\/a> As\u00ed conocer\u00e1 una de las ciudades m\u00e1s asombrosas e hist\u00f3ricas de Europa.<\/p>\n","protected":false},"excerpt":{"rendered":"<p>Emb\u00e1rquese en un viaje exclusivo por la vibrante ciudad de <b><strong>Liverpool<\/strong><\/b> y el emblem\u00e1tico estadio de <b><strong>Anfield<\/strong><\/b> con Tour Travel &amp; More. Nuestro Tour Privado de Liverpool <b><strong>y<\/strong><\/b> el Estadio de Anfield ofrece una exploraci\u00f3n personalizada dirigida por un gu\u00eda experimentado, garantizando una experiencia inolvidable adaptada a sus intereses.<\/p>\n<p>&nbsp;<\/p>\n","protected":false},"featured_media":174625,"comment_status":"open","ping_status":"closed","template":"","meta":{"_acf_changed":false},"product_brand":[],"product_cat":[5313,5303,5317,1603],"product_tag":[],"class_list":{"0":"post-174606","1":"product","2":"type-product","3":"status-publish","4":"has-post-thumbnail","6":"product_cat-all-private-tours-es-3","7":"product_cat-liverpool-es","8":"product_cat-private-sightseeing-tours-es-3","9":"product_cat-reino-unido-es","11":"first","12":"instock","13":"shipping-taxable","14":"purchasable","15":"product-type-simple"},"acf":[],"yoast_head":"<!-- This site is optimized with the Yoast SEO Premium plugin v25.3.1 (Yoast SEO v25.3.1) - https:\/\/yoast.com\/wordpress\/plugins\/seo\/ -->\n<title>\u27a1\ufe0f Tour Privado de Liverpool y el Estadio de Anfield | Tour Travel &amp; More<\/title>\n<meta name=\"description\" content=\"Disfruta de un maravilloso recorrido privado por Liverpool y Anfield para que admires de cerca sus edificios y monumentos m\u00e1s importantes en compa\u00f1\u00eda de un gu\u00eda oficial \u2705\" \/>\n<meta name=\"robots\" content=\"index, follow, max-snippet:-1, max-image-preview:large, max-video-preview:-1\" \/>\n<link rel=\"canonical\" href=\"https:\/\/tourtravelandmore.com\/es\/tours\/reino-unido-es\/liverpool-es\/tour-privado-de-liverpool-con-guia-y-vehiculo-copy\/\" \/>\n<meta property=\"og:locale\" content=\"es_ES\" \/>\n<meta property=\"og:type\" content=\"article\" \/>\n<meta property=\"og:title\" content=\"Tour Privado de Liverpool y el Estadio de Anfield\" \/>\n<meta property=\"og:description\" content=\"Disfruta de un maravilloso recorrido privado por Liverpool y Anfield para que admires de cerca sus edificios y monumentos m\u00e1s importantes en compa\u00f1\u00eda de un gu\u00eda oficial \u2705\" \/>\n<meta property=\"og:url\" content=\"https:\/\/tourtravelandmore.com\/es\/tours\/reino-unido-es\/liverpool-es\/tour-privado-de-liverpool-con-guia-y-vehiculo-copy\/\" \/>\n<meta property=\"og:site_name\" content=\"Tour Travel And More\" \/>\n<meta property=\"article:publisher\" content=\"https:\/\/www.facebook.com\/tourtravelandmore\/\" \/>\n<meta property=\"article:modified_time\" content=\"2024-05-14T13:39:24+00:00\" \/>\n<meta property=\"og:image\" content=\"https:\/\/tourtravelandmore.com\/wp-content\/uploads\/2024\/04\/pexels-tembela-bohle-1884574.jpg\" \/>\n\t<meta property=\"og:image:width\" content=\"1280\" \/>\n\t<meta property=\"og:image:height\" content=\"853\" \/>\n\t<meta property=\"og:image:type\" content=\"image\/jpeg\" \/>\n<meta name=\"twitter:card\" content=\"summary_large_image\" \/>\n<meta name=\"twitter:site\" content=\"@TourTravel_More\" \/>\n<meta name=\"twitter:label1\" content=\"Tiempo de lectura\" \/>\n\t<meta name=\"twitter:data1\" content=\"3 minutos\" \/>\n<script type=\"application\/ld+json\" class=\"yoast-schema-graph\">{\"@context\":\"https:\/\/schema.org\",\"@graph\":[{\"@type\":\"WebPage\",\"@id\":\"https:\/\/tourtravelandmore.com\/es\/tours\/reino-unido-es\/liverpool-es\/tour-privado-de-liverpool-con-guia-y-vehiculo-copy\/\",\"url\":\"https:\/\/tourtravelandmore.com\/es\/tours\/reino-unido-es\/liverpool-es\/tour-privado-de-liverpool-con-guia-y-vehiculo-copy\/\",\"name\":\"\u27a1\ufe0f Tour Privado de Liverpool y el Estadio de Anfield | Tour Travel & More\",\"isPartOf\":{\"@id\":\"https:\/\/tourtravelandmore.com\/es\/#website\"},\"primaryImageOfPage\":{\"@id\":\"https:\/\/tourtravelandmore.com\/es\/tours\/reino-unido-es\/liverpool-es\/tour-privado-de-liverpool-con-guia-y-vehiculo-copy\/#primaryimage\"},\"image\":{\"@id\":\"https:\/\/tourtravelandmore.com\/es\/tours\/reino-unido-es\/liverpool-es\/tour-privado-de-liverpool-con-guia-y-vehiculo-copy\/#primaryimage\"},\"thumbnailUrl\":\"https:\/\/tourtravelandmore.com\/wp-content\/uploads\/2024\/04\/pexels-tembela-bohle-1884574.jpg\",\"datePublished\":\"2024-04-15T14:58:04+00:00\",\"dateModified\":\"2024-05-14T13:39:24+00:00\",\"description\":\"Disfruta de un maravilloso recorrido privado por Liverpool y Anfield para que admires de cerca sus edificios y monumentos m\u00e1s importantes en compa\u00f1\u00eda de un gu\u00eda oficial \u2705\",\"breadcrumb\":{\"@id\":\"https:\/\/tourtravelandmore.com\/es\/tours\/reino-unido-es\/liverpool-es\/tour-privado-de-liverpool-con-guia-y-vehiculo-copy\/#breadcrumb\"},\"inLanguage\":\"es\",\"potentialAction\":[{\"@type\":\"ReadAction\",\"target\":[\"https:\/\/tourtravelandmore.com\/es\/tours\/reino-unido-es\/liverpool-es\/tour-privado-de-liverpool-con-guia-y-vehiculo-copy\/\"]}]},{\"@type\":\"ImageObject\",\"inLanguage\":\"es\",\"@id\":\"https:\/\/tourtravelandmore.com\/es\/tours\/reino-unido-es\/liverpool-es\/tour-privado-de-liverpool-con-guia-y-vehiculo-copy\/#primaryimage\",\"url\":\"https:\/\/tourtravelandmore.com\/wp-content\/uploads\/2024\/04\/pexels-tembela-bohle-1884574.jpg\",\"contentUrl\":\"https:\/\/tourtravelandmore.com\/wp-content\/uploads\/2024\/04\/pexels-tembela-bohle-1884574.jpg\",\"width\":1280,\"height\":853},{\"@type\":\"BreadcrumbList\",\"@id\":\"https:\/\/tourtravelandmore.com\/es\/tours\/reino-unido-es\/liverpool-es\/tour-privado-de-liverpool-con-guia-y-vehiculo-copy\/#breadcrumb\",\"itemListElement\":[{\"@type\":\"ListItem\",\"position\":1,\"name\":\"Home\",\"item\":\"https:\/\/tourtravelandmore.com\/es\/\"},{\"@type\":\"ListItem\",\"position\":2,\"name\":\"Tours\",\"item\":\"https:\/\/tourtravelandmore.com\/es\/tours\/\"},{\"@type\":\"ListItem\",\"position\":3,\"name\":\"Tour Privado de Liverpool y el Estadio de Anfield\"}]},{\"@type\":\"WebSite\",\"@id\":\"https:\/\/tourtravelandmore.com\/es\/#website\",\"url\":\"https:\/\/tourtravelandmore.com\/es\/\",\"name\":\"Tour Travel And More\",\"description\":\"Private sightseeing tours and luxury transfers in Spain\",\"publisher\":{\"@id\":\"https:\/\/tourtravelandmore.com\/es\/#organization\"},\"potentialAction\":[{\"@type\":\"SearchAction\",\"target\":{\"@type\":\"EntryPoint\",\"urlTemplate\":\"https:\/\/tourtravelandmore.com\/es\/?s={search_term_string}\"},\"query-input\":{\"@type\":\"PropertyValueSpecification\",\"valueRequired\":true,\"valueName\":\"search_term_string\"}}],\"inLanguage\":\"es\"},{\"@type\":\"Organization\",\"@id\":\"https:\/\/tourtravelandmore.com\/es\/#organization\",\"name\":\"Tour Travel And More\",\"url\":\"https:\/\/tourtravelandmore.com\/es\/\",\"logo\":{\"@type\":\"ImageObject\",\"inLanguage\":\"es\",\"@id\":\"https:\/\/tourtravelandmore.com\/es\/#\/schema\/logo\/image\/\",\"url\":\"https:\/\/tourtravelandmore.com\/wp-content\/uploads\/2022\/12\/cropped-logo-cabecera-new.png\",\"contentUrl\":\"https:\/\/tourtravelandmore.com\/wp-content\/uploads\/2022\/12\/cropped-logo-cabecera-new.png\",\"width\":430,\"height\":61,\"caption\":\"Tour Travel And More\"},\"image\":{\"@id\":\"https:\/\/tourtravelandmore.com\/es\/#\/schema\/logo\/image\/\"},\"sameAs\":[\"https:\/\/www.facebook.com\/tourtravelandmore\/\",\"https:\/\/x.com\/TourTravel_More\"]}]}<\/script>\n<!-- \/ Yoast SEO Premium plugin. -->","yoast_head_json":{"title":"\u27a1\ufe0f Tour Privado de Liverpool y el Estadio de Anfield | Tour Travel & More","description":"Disfruta de un maravilloso recorrido privado por Liverpool y Anfield para que admires de cerca sus edificios y monumentos m\u00e1s importantes en compa\u00f1\u00eda de un gu\u00eda oficial \u2705","robots":{"index":"index","follow":"follow","max-snippet":"max-snippet:-1","max-image-preview":"max-image-preview:large","max-video-preview":"max-video-preview:-1"},"canonical":"https:\/\/tourtravelandmore.com\/es\/tours\/reino-unido-es\/liverpool-es\/tour-privado-de-liverpool-con-guia-y-vehiculo-copy\/","og_locale":"es_ES","og_type":"article","og_title":"Tour Privado de Liverpool y el Estadio de Anfield","og_description":"Disfruta de un maravilloso recorrido privado por Liverpool y Anfield para que admires de cerca sus edificios y monumentos m\u00e1s importantes en compa\u00f1\u00eda de un gu\u00eda oficial \u2705","og_url":"https:\/\/tourtravelandmore.com\/es\/tours\/reino-unido-es\/liverpool-es\/tour-privado-de-liverpool-con-guia-y-vehiculo-copy\/","og_site_name":"Tour Travel And More","article_publisher":"https:\/\/www.facebook.com\/tourtravelandmore\/","article_modified_time":"2024-05-14T13:39:24+00:00","og_image":[{"width":1280,"height":853,"url":"https:\/\/tourtravelandmore.com\/wp-content\/uploads\/2024\/04\/pexels-tembela-bohle-1884574.jpg","type":"image\/jpeg"}],"twitter_card":"summary_large_image","twitter_site":"@TourTravel_More","twitter_misc":{"Tiempo de lectura":"3 minutos"},"schema":{"@context":"https:\/\/schema.org","@graph":[{"@type":"WebPage","@id":"https:\/\/tourtravelandmore.com\/es\/tours\/reino-unido-es\/liverpool-es\/tour-privado-de-liverpool-con-guia-y-vehiculo-copy\/","url":"https:\/\/tourtravelandmore.com\/es\/tours\/reino-unido-es\/liverpool-es\/tour-privado-de-liverpool-con-guia-y-vehiculo-copy\/","name":"\u27a1\ufe0f Tour Privado de Liverpool y el Estadio de Anfield | Tour Travel & More","isPartOf":{"@id":"https:\/\/tourtravelandmore.com\/es\/#website"},"primaryImageOfPage":{"@id":"https:\/\/tourtravelandmore.com\/es\/tours\/reino-unido-es\/liverpool-es\/tour-privado-de-liverpool-con-guia-y-vehiculo-copy\/#primaryimage"},"image":{"@id":"https:\/\/tourtravelandmore.com\/es\/tours\/reino-unido-es\/liverpool-es\/tour-privado-de-liverpool-con-guia-y-vehiculo-copy\/#primaryimage"},"thumbnailUrl":"https:\/\/tourtravelandmore.com\/wp-content\/uploads\/2024\/04\/pexels-tembela-bohle-1884574.jpg","datePublished":"2024-04-15T14:58:04+00:00","dateModified":"2024-05-14T13:39:24+00:00","description":"Disfruta de un maravilloso recorrido privado por Liverpool y Anfield para que admires de cerca sus edificios y monumentos m\u00e1s importantes en compa\u00f1\u00eda de un gu\u00eda oficial \u2705","breadcrumb":{"@id":"https:\/\/tourtravelandmore.com\/es\/tours\/reino-unido-es\/liverpool-es\/tour-privado-de-liverpool-con-guia-y-vehiculo-copy\/#breadcrumb"},"inLanguage":"es","potentialAction":[{"@type":"ReadAction","target":["https:\/\/tourtravelandmore.com\/es\/tours\/reino-unido-es\/liverpool-es\/tour-privado-de-liverpool-con-guia-y-vehiculo-copy\/"]}]},{"@type":"ImageObject","inLanguage":"es","@id":"https:\/\/tourtravelandmore.com\/es\/tours\/reino-unido-es\/liverpool-es\/tour-privado-de-liverpool-con-guia-y-vehiculo-copy\/#primaryimage","url":"https:\/\/tourtravelandmore.com\/wp-content\/uploads\/2024\/04\/pexels-tembela-bohle-1884574.jpg","contentUrl":"https:\/\/tourtravelandmore.com\/wp-content\/uploads\/2024\/04\/pexels-tembela-bohle-1884574.jpg","width":1280,"height":853},{"@type":"BreadcrumbList","@id":"https:\/\/tourtravelandmore.com\/es\/tours\/reino-unido-es\/liverpool-es\/tour-privado-de-liverpool-con-guia-y-vehiculo-copy\/#breadcrumb","itemListElement":[{"@type":"ListItem","position":1,"name":"Home","item":"https:\/\/tourtravelandmore.com\/es\/"},{"@type":"ListItem","position":2,"name":"Tours","item":"https:\/\/tourtravelandmore.com\/es\/tours\/"},{"@type":"ListItem","position":3,"name":"Tour Privado de Liverpool y el Estadio de Anfield"}]},{"@type":"WebSite","@id":"https:\/\/tourtravelandmore.com\/es\/#website","url":"https:\/\/tourtravelandmore.com\/es\/","name":"Tour Travel And More","description":"Private sightseeing tours and luxury transfers in Spain","publisher":{"@id":"https:\/\/tourtravelandmore.com\/es\/#organization"},"potentialAction":[{"@type":"SearchAction","target":{"@type":"EntryPoint","urlTemplate":"https:\/\/tourtravelandmore.com\/es\/?s={search_term_string}"},"query-input":{"@type":"PropertyValueSpecification","valueRequired":true,"valueName":"search_term_string"}}],"inLanguage":"es"},{"@type":"Organization","@id":"https:\/\/tourtravelandmore.com\/es\/#organization","name":"Tour Travel And More","url":"https:\/\/tourtravelandmore.com\/es\/","logo":{"@type":"ImageObject","inLanguage":"es","@id":"https:\/\/tourtravelandmore.com\/es\/#\/schema\/logo\/image\/","url":"https:\/\/tourtravelandmore.com\/wp-content\/uploads\/2022\/12\/cropped-logo-cabecera-new.png","contentUrl":"https:\/\/tourtravelandmore.com\/wp-content\/uploads\/2022\/12\/cropped-logo-cabecera-new.png","width":430,"height":61,"caption":"Tour Travel And More"},"image":{"@id":"https:\/\/tourtravelandmore.com\/es\/#\/schema\/logo\/image\/"},"sameAs":["https:\/\/www.facebook.com\/tourtravelandmore\/","https:\/\/x.com\/TourTravel_More"]}]}},"_links":{"self":[{"href":"https:\/\/tourtravelandmore.com\/es\/wp-json\/wp\/v2\/product\/174606","targetHints":{"allow":["GET"]}}],"collection":[{"href":"https:\/\/tourtravelandmore.com\/es\/wp-json\/wp\/v2\/product"}],"about":[{"href":"https:\/\/tourtravelandmore.com\/es\/wp-json\/wp\/v2\/types\/product"}],"replies":[{"embeddable":true,"href":"https:\/\/tourtravelandmore.com\/es\/wp-json\/wp\/v2\/comments?post=174606"}],"wp:featuredmedia":[{"embeddable":true,"href":"https:\/\/tourtravelandmore.com\/es\/wp-json\/wp\/v2\/media\/174625"}],"wp:attachment":[{"href":"https:\/\/tourtravelandmore.com\/es\/wp-json\/wp\/v2\/media?parent=174606"}],"wp:term":[{"taxonomy":"product_brand","embeddable":true,"href":"https:\/\/tourtravelandmore.com\/es\/wp-json\/wp\/v2\/product_brand?post=174606"},{"taxonomy":"product_cat","embeddable":true,"href":"https:\/\/tourtravelandmore.com\/es\/wp-json\/wp\/v2\/product_cat?post=174606"},{"taxonomy":"product_tag","embeddable":true,"href":"https:\/\/tourtravelandmore.com\/es\/wp-json\/wp\/v2\/product_tag?post=174606"}],"curies":[{"name":"wp","href":"https:\/\/api.w.org\/{rel}","templated":true}]}}