{"id":174460,"date":"2024-04-09T18:59:53","date_gmt":"2024-04-09T16:59:53","guid":{"rendered":"https:\/\/tourtravelandmore.com\/?post_type=product&#038;p=174460"},"modified":"2024-04-09T19:36:51","modified_gmt":"2024-04-09T17:36:51","slug":"tour-privado-de-londres-con-guia-y-vehiculo-copy","status":"publish","type":"product","link":"https:\/\/tourtravelandmore.com\/es\/tours\/reino-unido-es\/londres-es\/tour-privado-de-londres-con-guia-y-vehiculo-copy\/","title":{"rendered":"Tour privado de d\u00eda completo por Londres con entradas"},"content":{"rendered":"<h2>Descripci\u00f3n de Tour privado de d\u00eda completo por Londres con entradas<\/h2>\n<p>Disfrute de lo mejor de Londres en una excursi\u00f3n privada de un d\u00eda completo con Tour Travel &amp; More. Ad\u00e9ntrese en la rica historia de la ciudad, sus lugares emblem\u00e1ticos y su vibrante cultura de la mano de su experto gu\u00eda y conductor. Evite las colas de espera con las entradas sin esperas al famoso London Eye y disfrute de un tranquilo paseo en barco por el r\u00edo T\u00e1mesis.<\/p>\n<p>A lo largo de su viaje, su gu\u00eda compartir\u00e1 con usted historias cautivadoras, visiones hist\u00f3ricas y consejos de expertos que le ayudar\u00e1n a comprender mejor el pasado y el presente de Londres. Este recorrido privado garantiza la flexibilidad de su itinerario, permiti\u00e9ndole detenerse en sus lugares favoritos y personalizar la experiencia seg\u00fan sus preferencias.<\/p>\n<p>Al final, el coche privado le llevar\u00e1 de vuelta al lugar de su elecci\u00f3n.<\/p>\n<h2>Puntos de inter\u00e9s<\/h2>\n<p>Londres es una de las ciudades m\u00e1s fascinantes y diversas del mundo. Es un lugar fascinante y ofrece algo a todo el que la visita. Sabemos que no hay tiempo que perder cuando visita esta maravillosa ciudad.<\/p>\n<p>S\u00e1ltese las colas y sobrevuele la ciudad en el London Eye, contemplando las impresionantes vistas panor\u00e1micas que se extienden por el horizonte. Despu\u00e9s, rel\u00e1jese en un tranquilo paseo en barco por el r\u00edo T\u00e1mesis, donde se deslizar\u00e1 junto a famosos monumentos como el Puente de la Torre, las Casas del Parlamento y el Shard.<\/p>\n<p>Cuando se re\u00fana con su gu\u00eda privado, iniciar\u00e1 una gran aventura para visitar los siguientes puntos de inter\u00e9s:<\/p>\n<p>Palacio de Buckingham: Marav\u00edllese ante la grandeza de la residencia oficial de la monarca brit\u00e1nica. Sea testigo de la ceremonia del Cambio de Guardia desde el exterior de las puertas del palacio.<br \/>\nAbad\u00eda de Westminster: Admire la impresionante arquitectura g\u00f3tica y conozca la historia de esta emblem\u00e1tica abad\u00eda desde el exterior. Incluido su papel en las ceremonias reales y como lugar de enterramiento de los monarcas brit\u00e1nicos.<br \/>\nBig Ben y Casas del Parlamento: Capture fotos memorables de estos emblem\u00e1ticos monumentos. Conocidos mundialmente por su llamativa arquitectura y su importancia hist\u00f3rica, desde el otro lado del r\u00edo T\u00e1mesis.<br \/>\nTorre de Londres: Explore el exterior de esta antigua fortaleza y escuche los cautivadores relatos de su gu\u00eda sobre su tumultuosa historia. Admire la impresionante estructura desde el exterior.<br \/>\nA lo largo del d\u00eda, disfrute de la flexibilidad de personalizar su itinerario seg\u00fan sus intereses, tanto si le atraen los lugares hist\u00f3ricos de la ciudad, las maravillas arquitect\u00f3nicas o los vibrantes barrios. Con conocimientos de primera mano y atenci\u00f3n personalizada, su gu\u00eda le proporcionar\u00e1 fascinantes perspectivas sobre el pasado, el presente y las joyas ocultas de Londres, garantizando una experiencia enriquecedora y memorable para usted y sus acompa\u00f1antes.<\/p>\n<p>Por \u00faltimo, el coche privado le llevar\u00e1 a un punto acordado para continuar su recorrido por Londres.<\/p>\n<p>Si es un fan de Harry Potter, aproveche su estancia en Londres para conocer los decorados originales de las ocho pel\u00edculas de la saga en <a href=\"https:\/\/tourtravelandmore.com\/tours\/united-kingdom\/london-en\/harry-potter-private-tour-at-warner-studios\/\">nuestra excursi\u00f3n Harry Potter en los Estudios Warner.<\/a><\/p>\n","protected":false},"excerpt":{"rendered":"<p>Disfrute de lo mejor de Londres en una excursi\u00f3n privada de un d\u00eda completo con Tour Travel &amp; More. Ad\u00e9ntrese en la rica historia de la ciudad, sus lugares emblem\u00e1ticos y su vibrante cultura de la mano de su experto gu\u00eda y conductor. Evite las colas de espera con las entradas sin esperas al famoso London Eye y disfrute de un tranquilo paseo en barco por el r\u00edo T\u00e1mesis.<\/p>\n","protected":false},"featured_media":174479,"comment_status":"open","ping_status":"closed","template":"","meta":{"_acf_changed":false},"product_brand":[],"product_cat":[1603,1142,1151,1150],"product_tag":[],"class_list":{"0":"post-174460","1":"product","2":"type-product","3":"status-publish","4":"has-post-thumbnail","6":"product_cat-reino-unido-es","7":"product_cat-londres-es","8":"product_cat-londres-actividades-es","9":"product_cat-londres-tours-es","11":"first","12":"instock","13":"shipping-taxable","14":"purchasable","15":"product-type-simple"},"acf":[],"yoast_head":"<!-- This site is optimized with the Yoast SEO Premium plugin v25.3.1 (Yoast SEO v25.3.1) - https:\/\/yoast.com\/wordpress\/plugins\/seo\/ -->\n<title>\u27a1\ufe0f Tour privado de d\u00eda completo por Londres con entradas | Tour Travel &amp; More<\/title>\n<meta name=\"description\" content=\"\u00a1Tour privado de d\u00eda completo por Londres con entradas! Acompa\u00f1ado por un gu\u00eda oficial privado y con traslado en un c\u00f3modo coche de lujo \u2705.\" \/>\n<meta name=\"robots\" content=\"index, follow, max-snippet:-1, max-image-preview:large, max-video-preview:-1\" \/>\n<link rel=\"canonical\" href=\"https:\/\/tourtravelandmore.com\/es\/tours\/reino-unido-es\/londres-es\/tour-privado-de-londres-con-guia-y-vehiculo-copy\/\" \/>\n<meta property=\"og:locale\" content=\"es_ES\" \/>\n<meta property=\"og:type\" content=\"article\" \/>\n<meta property=\"og:title\" content=\"Tour privado de d\u00eda completo por Londres con entradas\" \/>\n<meta property=\"og:description\" content=\"\u00a1Tour privado de d\u00eda completo por Londres con entradas! Acompa\u00f1ado por un gu\u00eda oficial privado y con traslado en un c\u00f3modo coche de lujo \u2705.\" \/>\n<meta property=\"og:url\" content=\"https:\/\/tourtravelandmore.com\/es\/tours\/reino-unido-es\/londres-es\/tour-privado-de-londres-con-guia-y-vehiculo-copy\/\" \/>\n<meta property=\"og:site_name\" content=\"Tour Travel And More\" \/>\n<meta property=\"article:publisher\" content=\"https:\/\/www.facebook.com\/tourtravelandmore\/\" \/>\n<meta property=\"article:modified_time\" content=\"2024-04-09T17:36:51+00:00\" \/>\n<meta property=\"og:image\" content=\"https:\/\/tourtravelandmore.com\/wp-content\/uploads\/2024\/04\/london-5297395_1280.jpg\" \/>\n\t<meta property=\"og:image:width\" content=\"1280\" \/>\n\t<meta property=\"og:image:height\" content=\"720\" \/>\n\t<meta property=\"og:image:type\" content=\"image\/jpeg\" \/>\n<meta name=\"twitter:card\" content=\"summary_large_image\" \/>\n<meta name=\"twitter:site\" content=\"@TourTravel_More\" \/>\n<meta name=\"twitter:label1\" content=\"Tiempo de lectura\" \/>\n\t<meta name=\"twitter:data1\" content=\"4 minutos\" \/>\n<script type=\"application\/ld+json\" class=\"yoast-schema-graph\">{\"@context\":\"https:\/\/schema.org\",\"@graph\":[{\"@type\":\"WebPage\",\"@id\":\"https:\/\/tourtravelandmore.com\/es\/tours\/reino-unido-es\/londres-es\/tour-privado-de-londres-con-guia-y-vehiculo-copy\/\",\"url\":\"https:\/\/tourtravelandmore.com\/es\/tours\/reino-unido-es\/londres-es\/tour-privado-de-londres-con-guia-y-vehiculo-copy\/\",\"name\":\"\u27a1\ufe0f Tour privado de d\u00eda completo por Londres con entradas | Tour Travel & More\",\"isPartOf\":{\"@id\":\"https:\/\/tourtravelandmore.com\/es\/#website\"},\"primaryImageOfPage\":{\"@id\":\"https:\/\/tourtravelandmore.com\/es\/tours\/reino-unido-es\/londres-es\/tour-privado-de-londres-con-guia-y-vehiculo-copy\/#primaryimage\"},\"image\":{\"@id\":\"https:\/\/tourtravelandmore.com\/es\/tours\/reino-unido-es\/londres-es\/tour-privado-de-londres-con-guia-y-vehiculo-copy\/#primaryimage\"},\"thumbnailUrl\":\"https:\/\/tourtravelandmore.com\/wp-content\/uploads\/2024\/04\/london-5297395_1280.jpg\",\"datePublished\":\"2024-04-09T16:59:53+00:00\",\"dateModified\":\"2024-04-09T17:36:51+00:00\",\"description\":\"\u00a1Tour privado de d\u00eda completo por Londres con entradas! Acompa\u00f1ado por un gu\u00eda oficial privado y con traslado en un c\u00f3modo coche de lujo \u2705.\",\"breadcrumb\":{\"@id\":\"https:\/\/tourtravelandmore.com\/es\/tours\/reino-unido-es\/londres-es\/tour-privado-de-londres-con-guia-y-vehiculo-copy\/#breadcrumb\"},\"inLanguage\":\"es\",\"potentialAction\":[{\"@type\":\"ReadAction\",\"target\":[\"https:\/\/tourtravelandmore.com\/es\/tours\/reino-unido-es\/londres-es\/tour-privado-de-londres-con-guia-y-vehiculo-copy\/\"]}]},{\"@type\":\"ImageObject\",\"inLanguage\":\"es\",\"@id\":\"https:\/\/tourtravelandmore.com\/es\/tours\/reino-unido-es\/londres-es\/tour-privado-de-londres-con-guia-y-vehiculo-copy\/#primaryimage\",\"url\":\"https:\/\/tourtravelandmore.com\/wp-content\/uploads\/2024\/04\/london-5297395_1280.jpg\",\"contentUrl\":\"https:\/\/tourtravelandmore.com\/wp-content\/uploads\/2024\/04\/london-5297395_1280.jpg\",\"width\":1280,\"height\":720},{\"@type\":\"BreadcrumbList\",\"@id\":\"https:\/\/tourtravelandmore.com\/es\/tours\/reino-unido-es\/londres-es\/tour-privado-de-londres-con-guia-y-vehiculo-copy\/#breadcrumb\",\"itemListElement\":[{\"@type\":\"ListItem\",\"position\":1,\"name\":\"Home\",\"item\":\"https:\/\/tourtravelandmore.com\/es\/\"},{\"@type\":\"ListItem\",\"position\":2,\"name\":\"Tours\",\"item\":\"https:\/\/tourtravelandmore.com\/es\/tours\/\"},{\"@type\":\"ListItem\",\"position\":3,\"name\":\"Tour privado de d\u00eda completo por Londres con entradas\"}]},{\"@type\":\"WebSite\",\"@id\":\"https:\/\/tourtravelandmore.com\/es\/#website\",\"url\":\"https:\/\/tourtravelandmore.com\/es\/\",\"name\":\"Tour Travel And More\",\"description\":\"Private sightseeing tours and luxury transfers in Spain\",\"publisher\":{\"@id\":\"https:\/\/tourtravelandmore.com\/es\/#organization\"},\"potentialAction\":[{\"@type\":\"SearchAction\",\"target\":{\"@type\":\"EntryPoint\",\"urlTemplate\":\"https:\/\/tourtravelandmore.com\/es\/?s={search_term_string}\"},\"query-input\":{\"@type\":\"PropertyValueSpecification\",\"valueRequired\":true,\"valueName\":\"search_term_string\"}}],\"inLanguage\":\"es\"},{\"@type\":\"Organization\",\"@id\":\"https:\/\/tourtravelandmore.com\/es\/#organization\",\"name\":\"Tour Travel And More\",\"url\":\"https:\/\/tourtravelandmore.com\/es\/\",\"logo\":{\"@type\":\"ImageObject\",\"inLanguage\":\"es\",\"@id\":\"https:\/\/tourtravelandmore.com\/es\/#\/schema\/logo\/image\/\",\"url\":\"https:\/\/tourtravelandmore.com\/wp-content\/uploads\/2022\/12\/cropped-logo-cabecera-new.png\",\"contentUrl\":\"https:\/\/tourtravelandmore.com\/wp-content\/uploads\/2022\/12\/cropped-logo-cabecera-new.png\",\"width\":430,\"height\":61,\"caption\":\"Tour Travel And More\"},\"image\":{\"@id\":\"https:\/\/tourtravelandmore.com\/es\/#\/schema\/logo\/image\/\"},\"sameAs\":[\"https:\/\/www.facebook.com\/tourtravelandmore\/\",\"https:\/\/x.com\/TourTravel_More\"]}]}<\/script>\n<!-- \/ Yoast SEO Premium plugin. -->","yoast_head_json":{"title":"\u27a1\ufe0f Tour privado de d\u00eda completo por Londres con entradas | Tour Travel & More","description":"\u00a1Tour privado de d\u00eda completo por Londres con entradas! Acompa\u00f1ado por un gu\u00eda oficial privado y con traslado en un c\u00f3modo coche de lujo \u2705.","robots":{"index":"index","follow":"follow","max-snippet":"max-snippet:-1","max-image-preview":"max-image-preview:large","max-video-preview":"max-video-preview:-1"},"canonical":"https:\/\/tourtravelandmore.com\/es\/tours\/reino-unido-es\/londres-es\/tour-privado-de-londres-con-guia-y-vehiculo-copy\/","og_locale":"es_ES","og_type":"article","og_title":"Tour privado de d\u00eda completo por Londres con entradas","og_description":"\u00a1Tour privado de d\u00eda completo por Londres con entradas! Acompa\u00f1ado por un gu\u00eda oficial privado y con traslado en un c\u00f3modo coche de lujo \u2705.","og_url":"https:\/\/tourtravelandmore.com\/es\/tours\/reino-unido-es\/londres-es\/tour-privado-de-londres-con-guia-y-vehiculo-copy\/","og_site_name":"Tour Travel And More","article_publisher":"https:\/\/www.facebook.com\/tourtravelandmore\/","article_modified_time":"2024-04-09T17:36:51+00:00","og_image":[{"width":1280,"height":720,"url":"https:\/\/tourtravelandmore.com\/wp-content\/uploads\/2024\/04\/london-5297395_1280.jpg","type":"image\/jpeg"}],"twitter_card":"summary_large_image","twitter_site":"@TourTravel_More","twitter_misc":{"Tiempo de lectura":"4 minutos"},"schema":{"@context":"https:\/\/schema.org","@graph":[{"@type":"WebPage","@id":"https:\/\/tourtravelandmore.com\/es\/tours\/reino-unido-es\/londres-es\/tour-privado-de-londres-con-guia-y-vehiculo-copy\/","url":"https:\/\/tourtravelandmore.com\/es\/tours\/reino-unido-es\/londres-es\/tour-privado-de-londres-con-guia-y-vehiculo-copy\/","name":"\u27a1\ufe0f Tour privado de d\u00eda completo por Londres con entradas | Tour Travel & More","isPartOf":{"@id":"https:\/\/tourtravelandmore.com\/es\/#website"},"primaryImageOfPage":{"@id":"https:\/\/tourtravelandmore.com\/es\/tours\/reino-unido-es\/londres-es\/tour-privado-de-londres-con-guia-y-vehiculo-copy\/#primaryimage"},"image":{"@id":"https:\/\/tourtravelandmore.com\/es\/tours\/reino-unido-es\/londres-es\/tour-privado-de-londres-con-guia-y-vehiculo-copy\/#primaryimage"},"thumbnailUrl":"https:\/\/tourtravelandmore.com\/wp-content\/uploads\/2024\/04\/london-5297395_1280.jpg","datePublished":"2024-04-09T16:59:53+00:00","dateModified":"2024-04-09T17:36:51+00:00","description":"\u00a1Tour privado de d\u00eda completo por Londres con entradas! Acompa\u00f1ado por un gu\u00eda oficial privado y con traslado en un c\u00f3modo coche de lujo \u2705.","breadcrumb":{"@id":"https:\/\/tourtravelandmore.com\/es\/tours\/reino-unido-es\/londres-es\/tour-privado-de-londres-con-guia-y-vehiculo-copy\/#breadcrumb"},"inLanguage":"es","potentialAction":[{"@type":"ReadAction","target":["https:\/\/tourtravelandmore.com\/es\/tours\/reino-unido-es\/londres-es\/tour-privado-de-londres-con-guia-y-vehiculo-copy\/"]}]},{"@type":"ImageObject","inLanguage":"es","@id":"https:\/\/tourtravelandmore.com\/es\/tours\/reino-unido-es\/londres-es\/tour-privado-de-londres-con-guia-y-vehiculo-copy\/#primaryimage","url":"https:\/\/tourtravelandmore.com\/wp-content\/uploads\/2024\/04\/london-5297395_1280.jpg","contentUrl":"https:\/\/tourtravelandmore.com\/wp-content\/uploads\/2024\/04\/london-5297395_1280.jpg","width":1280,"height":720},{"@type":"BreadcrumbList","@id":"https:\/\/tourtravelandmore.com\/es\/tours\/reino-unido-es\/londres-es\/tour-privado-de-londres-con-guia-y-vehiculo-copy\/#breadcrumb","itemListElement":[{"@type":"ListItem","position":1,"name":"Home","item":"https:\/\/tourtravelandmore.com\/es\/"},{"@type":"ListItem","position":2,"name":"Tours","item":"https:\/\/tourtravelandmore.com\/es\/tours\/"},{"@type":"ListItem","position":3,"name":"Tour privado de d\u00eda completo por Londres con entradas"}]},{"@type":"WebSite","@id":"https:\/\/tourtravelandmore.com\/es\/#website","url":"https:\/\/tourtravelandmore.com\/es\/","name":"Tour Travel And More","description":"Private sightseeing tours and luxury transfers in Spain","publisher":{"@id":"https:\/\/tourtravelandmore.com\/es\/#organization"},"potentialAction":[{"@type":"SearchAction","target":{"@type":"EntryPoint","urlTemplate":"https:\/\/tourtravelandmore.com\/es\/?s={search_term_string}"},"query-input":{"@type":"PropertyValueSpecification","valueRequired":true,"valueName":"search_term_string"}}],"inLanguage":"es"},{"@type":"Organization","@id":"https:\/\/tourtravelandmore.com\/es\/#organization","name":"Tour Travel And More","url":"https:\/\/tourtravelandmore.com\/es\/","logo":{"@type":"ImageObject","inLanguage":"es","@id":"https:\/\/tourtravelandmore.com\/es\/#\/schema\/logo\/image\/","url":"https:\/\/tourtravelandmore.com\/wp-content\/uploads\/2022\/12\/cropped-logo-cabecera-new.png","contentUrl":"https:\/\/tourtravelandmore.com\/wp-content\/uploads\/2022\/12\/cropped-logo-cabecera-new.png","width":430,"height":61,"caption":"Tour Travel And More"},"image":{"@id":"https:\/\/tourtravelandmore.com\/es\/#\/schema\/logo\/image\/"},"sameAs":["https:\/\/www.facebook.com\/tourtravelandmore\/","https:\/\/x.com\/TourTravel_More"]}]}},"_links":{"self":[{"href":"https:\/\/tourtravelandmore.com\/es\/wp-json\/wp\/v2\/product\/174460","targetHints":{"allow":["GET"]}}],"collection":[{"href":"https:\/\/tourtravelandmore.com\/es\/wp-json\/wp\/v2\/product"}],"about":[{"href":"https:\/\/tourtravelandmore.com\/es\/wp-json\/wp\/v2\/types\/product"}],"replies":[{"embeddable":true,"href":"https:\/\/tourtravelandmore.com\/es\/wp-json\/wp\/v2\/comments?post=174460"}],"wp:featuredmedia":[{"embeddable":true,"href":"https:\/\/tourtravelandmore.com\/es\/wp-json\/wp\/v2\/media\/174479"}],"wp:attachment":[{"href":"https:\/\/tourtravelandmore.com\/es\/wp-json\/wp\/v2\/media?parent=174460"}],"wp:term":[{"taxonomy":"product_brand","embeddable":true,"href":"https:\/\/tourtravelandmore.com\/es\/wp-json\/wp\/v2\/product_brand?post=174460"},{"taxonomy":"product_cat","embeddable":true,"href":"https:\/\/tourtravelandmore.com\/es\/wp-json\/wp\/v2\/product_cat?post=174460"},{"taxonomy":"product_tag","embeddable":true,"href":"https:\/\/tourtravelandmore.com\/es\/wp-json\/wp\/v2\/product_tag?post=174460"}],"curies":[{"name":"wp","href":"https:\/\/api.w.org\/{rel}","templated":true}]}}