{"id":174432,"date":"2024-04-09T17:49:04","date_gmt":"2024-04-09T15:49:04","guid":{"rendered":"https:\/\/tourtravelandmore.com\/?post_type=product&#038;p=174432"},"modified":"2024-04-09T18:15:50","modified_gmt":"2024-04-09T16:15:50","slug":"traslados-privados-en-londres-hacia-desde-cualquier-aeropuerto-copy","status":"publish","type":"product","link":"https:\/\/tourtravelandmore.com\/es\/tours\/reino-unido-es\/londres-es\/traslados-privados-en-londres-hacia-desde-cualquier-aeropuerto-copy\/","title":{"rendered":"Traslado privado desde\/hacia Londres hacia\/desde Southampton"},"content":{"rendered":"<h2>Traslado privado desde\/hacia Londres hacia\/desde Southampton<\/h2>\n<p>Emb\u00e1rquese en un viaje sin contratiempos desde el vibrante coraz\u00f3n de Londres hasta las serenas costas de la terminal de cruceros de Southampton con nuestro exclusivo traslado privado de ida desde\/hasta Londres a\/desde Southampton. Deje que Tour Travel &amp; More redefina su experiencia de viaje con una excursi\u00f3n de 10 horas meticulosamente confeccionada, garantiz\u00e1ndole un confort y una comodidad inigualables durante todo su viaje.<\/p>\n<p>Rel\u00e1jese en el regazo del lujo mientras disfruta de un espacioso veh\u00edculo conducido por un ch\u00f3fer y equipado con asientos de felpa y modernas comodidades, asegur\u00e1ndole un viaje tranquilo de principio a fin.<\/p>\n<p>Adapte su traslado a su agenda con horarios de salida flexibles, lo que le permitir\u00e1 embarcarse en su viaje cuando m\u00e1s le convenga.<\/p>\n<p>Estamos aqu\u00ed para facilitarle la experiencia y ayudarle a que no tenga que pensar en nada.<\/p>\n<h2>Puntos de inter\u00e9s<\/h2>\n<p>Del\u00e9itese con el ep\u00edtome del lujo y la comodidad con el traslado privado de ida de Tour Travel &amp; More, que le ofrece una comodidad, flexibilidad y sofisticaci\u00f3n sin igual para su viaje de Londres a la terminal de cruceros de Southampton.<\/p>\n<p>Experimente una atenci\u00f3n personalizada y un servicio impecable desde el momento en que embarque, con nuestro equipo dedicado a atender todas sus necesidades para garantizarle una experiencia de traslado memorable y sin estr\u00e9s.<\/p>\n<p>Tras llegar a su destino final en la ciudad, no se pierda nuestras visitas privadas. Organizamos cualquier tipo de experiencia privada para usted y su grupo privado. P\u00f3ngase en contacto con uno de nuestros expertos en viajes y consulte aqu\u00ed un ejemplo de otras visitas privadas en Londres.<\/p>\n","protected":false},"excerpt":{"rendered":"<p>Emb\u00e1rquese en un viaje sin contratiempos desde el vibrante coraz\u00f3n de Londres hasta las serenas costas de la terminal de cruceros de Southampton con nuestro exclusivo traslado privado de ida desde\/hasta Londres a\/desde Southampton. Deje que Tour Travel &amp; More redefina su experiencia de viaje con una excursi\u00f3n de 10 horas meticulosamente confeccionada, garantiz\u00e1ndole un confort y una comodidad inigualables durante todo su viaje.<\/p>\n","protected":false},"featured_media":173380,"comment_status":"open","ping_status":"closed","template":"","meta":{"_acf_changed":false},"product_brand":[],"product_cat":[1603,1142,1151,2659],"product_tag":[4041,4040],"class_list":{"0":"post-174432","1":"product","2":"type-product","3":"status-publish","4":"has-post-thumbnail","6":"product_cat-reino-unido-es","7":"product_cat-londres-es","8":"product_cat-londres-actividades-es","9":"product_cat-londres-traslados-es","10":"product_tag-private-es","11":"product_tag-transfer-es","13":"first","14":"instock","15":"shipping-taxable","16":"purchasable","17":"product-type-simple"},"acf":[],"yoast_head":"<!-- This site is optimized with the Yoast SEO Premium plugin v25.3.1 (Yoast SEO v25.3.1) - https:\/\/yoast.com\/wordpress\/plugins\/seo\/ -->\n<title>\u27a1\ufe0fTraslado privado desde\/hacia Londres hacia\/desde Southampton | Tour Travel &amp; More<\/title>\n<meta name=\"description\" content=\"Traslado privado desde\/hacia Londres hacia\/desde Southampton. Veh\u00edculos privados a su disposici\u00f3n \u2705\" \/>\n<meta name=\"robots\" content=\"index, follow, max-snippet:-1, max-image-preview:large, max-video-preview:-1\" \/>\n<link rel=\"canonical\" href=\"https:\/\/tourtravelandmore.com\/es\/tours\/reino-unido-es\/londres-es\/traslados-privados-en-londres-hacia-desde-cualquier-aeropuerto-copy\/\" \/>\n<meta property=\"og:locale\" content=\"es_ES\" \/>\n<meta property=\"og:type\" content=\"article\" \/>\n<meta property=\"og:title\" content=\"Traslado privado desde\/hacia Londres hacia\/desde Southampton\" \/>\n<meta property=\"og:description\" content=\"Traslado privado desde\/hacia Londres hacia\/desde Southampton. Veh\u00edculos privados a su disposici\u00f3n \u2705\" \/>\n<meta property=\"og:url\" content=\"https:\/\/tourtravelandmore.com\/es\/tours\/reino-unido-es\/londres-es\/traslados-privados-en-londres-hacia-desde-cualquier-aeropuerto-copy\/\" \/>\n<meta property=\"og:site_name\" content=\"Tour Travel And More\" \/>\n<meta property=\"article:publisher\" content=\"https:\/\/www.facebook.com\/tourtravelandmore\/\" \/>\n<meta property=\"article:modified_time\" content=\"2024-04-09T16:15:50+00:00\" \/>\n<meta property=\"og:image\" content=\"https:\/\/tourtravelandmore.com\/wp-content\/uploads\/2024\/03\/barcelona-wedding-transfer-3.jpg\" \/>\n\t<meta property=\"og:image:width\" content=\"1920\" \/>\n\t<meta property=\"og:image:height\" content=\"891\" \/>\n\t<meta property=\"og:image:type\" content=\"image\/jpeg\" \/>\n<meta name=\"twitter:card\" content=\"summary_large_image\" \/>\n<meta name=\"twitter:site\" content=\"@TourTravel_More\" \/>\n<meta name=\"twitter:label1\" content=\"Tiempo de lectura\" \/>\n\t<meta name=\"twitter:data1\" content=\"2 minutos\" \/>\n<script type=\"application\/ld+json\" class=\"yoast-schema-graph\">{\"@context\":\"https:\/\/schema.org\",\"@graph\":[{\"@type\":\"WebPage\",\"@id\":\"https:\/\/tourtravelandmore.com\/es\/tours\/reino-unido-es\/londres-es\/traslados-privados-en-londres-hacia-desde-cualquier-aeropuerto-copy\/\",\"url\":\"https:\/\/tourtravelandmore.com\/es\/tours\/reino-unido-es\/londres-es\/traslados-privados-en-londres-hacia-desde-cualquier-aeropuerto-copy\/\",\"name\":\"\u27a1\ufe0fTraslado privado desde\/hacia Londres hacia\/desde Southampton | Tour Travel & More\",\"isPartOf\":{\"@id\":\"https:\/\/tourtravelandmore.com\/es\/#website\"},\"primaryImageOfPage\":{\"@id\":\"https:\/\/tourtravelandmore.com\/es\/tours\/reino-unido-es\/londres-es\/traslados-privados-en-londres-hacia-desde-cualquier-aeropuerto-copy\/#primaryimage\"},\"image\":{\"@id\":\"https:\/\/tourtravelandmore.com\/es\/tours\/reino-unido-es\/londres-es\/traslados-privados-en-londres-hacia-desde-cualquier-aeropuerto-copy\/#primaryimage\"},\"thumbnailUrl\":\"https:\/\/tourtravelandmore.com\/wp-content\/uploads\/2024\/03\/barcelona-wedding-transfer-3.jpg\",\"datePublished\":\"2024-04-09T15:49:04+00:00\",\"dateModified\":\"2024-04-09T16:15:50+00:00\",\"description\":\"Traslado privado desde\/hacia Londres hacia\/desde Southampton. Veh\u00edculos privados a su disposici\u00f3n \u2705\",\"breadcrumb\":{\"@id\":\"https:\/\/tourtravelandmore.com\/es\/tours\/reino-unido-es\/londres-es\/traslados-privados-en-londres-hacia-desde-cualquier-aeropuerto-copy\/#breadcrumb\"},\"inLanguage\":\"es\",\"potentialAction\":[{\"@type\":\"ReadAction\",\"target\":[\"https:\/\/tourtravelandmore.com\/es\/tours\/reino-unido-es\/londres-es\/traslados-privados-en-londres-hacia-desde-cualquier-aeropuerto-copy\/\"]}]},{\"@type\":\"ImageObject\",\"inLanguage\":\"es\",\"@id\":\"https:\/\/tourtravelandmore.com\/es\/tours\/reino-unido-es\/londres-es\/traslados-privados-en-londres-hacia-desde-cualquier-aeropuerto-copy\/#primaryimage\",\"url\":\"https:\/\/tourtravelandmore.com\/wp-content\/uploads\/2024\/03\/barcelona-wedding-transfer-3.jpg\",\"contentUrl\":\"https:\/\/tourtravelandmore.com\/wp-content\/uploads\/2024\/03\/barcelona-wedding-transfer-3.jpg\",\"width\":1920,\"height\":891,\"caption\":\"BRABUS Upgrades - Mercedes AMG S-Class\"},{\"@type\":\"BreadcrumbList\",\"@id\":\"https:\/\/tourtravelandmore.com\/es\/tours\/reino-unido-es\/londres-es\/traslados-privados-en-londres-hacia-desde-cualquier-aeropuerto-copy\/#breadcrumb\",\"itemListElement\":[{\"@type\":\"ListItem\",\"position\":1,\"name\":\"Home\",\"item\":\"https:\/\/tourtravelandmore.com\/es\/\"},{\"@type\":\"ListItem\",\"position\":2,\"name\":\"Tours\",\"item\":\"https:\/\/tourtravelandmore.com\/es\/tours\/\"},{\"@type\":\"ListItem\",\"position\":3,\"name\":\"Traslado privado desde\/hacia Londres hacia\/desde Southampton\"}]},{\"@type\":\"WebSite\",\"@id\":\"https:\/\/tourtravelandmore.com\/es\/#website\",\"url\":\"https:\/\/tourtravelandmore.com\/es\/\",\"name\":\"Tour Travel And More\",\"description\":\"Private sightseeing tours and luxury transfers in Spain\",\"publisher\":{\"@id\":\"https:\/\/tourtravelandmore.com\/es\/#organization\"},\"potentialAction\":[{\"@type\":\"SearchAction\",\"target\":{\"@type\":\"EntryPoint\",\"urlTemplate\":\"https:\/\/tourtravelandmore.com\/es\/?s={search_term_string}\"},\"query-input\":{\"@type\":\"PropertyValueSpecification\",\"valueRequired\":true,\"valueName\":\"search_term_string\"}}],\"inLanguage\":\"es\"},{\"@type\":\"Organization\",\"@id\":\"https:\/\/tourtravelandmore.com\/es\/#organization\",\"name\":\"Tour Travel And More\",\"url\":\"https:\/\/tourtravelandmore.com\/es\/\",\"logo\":{\"@type\":\"ImageObject\",\"inLanguage\":\"es\",\"@id\":\"https:\/\/tourtravelandmore.com\/es\/#\/schema\/logo\/image\/\",\"url\":\"https:\/\/tourtravelandmore.com\/wp-content\/uploads\/2022\/12\/cropped-logo-cabecera-new.png\",\"contentUrl\":\"https:\/\/tourtravelandmore.com\/wp-content\/uploads\/2022\/12\/cropped-logo-cabecera-new.png\",\"width\":430,\"height\":61,\"caption\":\"Tour Travel And More\"},\"image\":{\"@id\":\"https:\/\/tourtravelandmore.com\/es\/#\/schema\/logo\/image\/\"},\"sameAs\":[\"https:\/\/www.facebook.com\/tourtravelandmore\/\",\"https:\/\/x.com\/TourTravel_More\"]}]}<\/script>\n<!-- \/ Yoast SEO Premium plugin. -->","yoast_head_json":{"title":"\u27a1\ufe0fTraslado privado desde\/hacia Londres hacia\/desde Southampton | Tour Travel & More","description":"Traslado privado desde\/hacia Londres hacia\/desde Southampton. Veh\u00edculos privados a su disposici\u00f3n \u2705","robots":{"index":"index","follow":"follow","max-snippet":"max-snippet:-1","max-image-preview":"max-image-preview:large","max-video-preview":"max-video-preview:-1"},"canonical":"https:\/\/tourtravelandmore.com\/es\/tours\/reino-unido-es\/londres-es\/traslados-privados-en-londres-hacia-desde-cualquier-aeropuerto-copy\/","og_locale":"es_ES","og_type":"article","og_title":"Traslado privado desde\/hacia Londres hacia\/desde Southampton","og_description":"Traslado privado desde\/hacia Londres hacia\/desde Southampton. Veh\u00edculos privados a su disposici\u00f3n \u2705","og_url":"https:\/\/tourtravelandmore.com\/es\/tours\/reino-unido-es\/londres-es\/traslados-privados-en-londres-hacia-desde-cualquier-aeropuerto-copy\/","og_site_name":"Tour Travel And More","article_publisher":"https:\/\/www.facebook.com\/tourtravelandmore\/","article_modified_time":"2024-04-09T16:15:50+00:00","og_image":[{"width":1920,"height":891,"url":"https:\/\/tourtravelandmore.com\/wp-content\/uploads\/2024\/03\/barcelona-wedding-transfer-3.jpg","type":"image\/jpeg"}],"twitter_card":"summary_large_image","twitter_site":"@TourTravel_More","twitter_misc":{"Tiempo de lectura":"2 minutos"},"schema":{"@context":"https:\/\/schema.org","@graph":[{"@type":"WebPage","@id":"https:\/\/tourtravelandmore.com\/es\/tours\/reino-unido-es\/londres-es\/traslados-privados-en-londres-hacia-desde-cualquier-aeropuerto-copy\/","url":"https:\/\/tourtravelandmore.com\/es\/tours\/reino-unido-es\/londres-es\/traslados-privados-en-londres-hacia-desde-cualquier-aeropuerto-copy\/","name":"\u27a1\ufe0fTraslado privado desde\/hacia Londres hacia\/desde Southampton | Tour Travel & More","isPartOf":{"@id":"https:\/\/tourtravelandmore.com\/es\/#website"},"primaryImageOfPage":{"@id":"https:\/\/tourtravelandmore.com\/es\/tours\/reino-unido-es\/londres-es\/traslados-privados-en-londres-hacia-desde-cualquier-aeropuerto-copy\/#primaryimage"},"image":{"@id":"https:\/\/tourtravelandmore.com\/es\/tours\/reino-unido-es\/londres-es\/traslados-privados-en-londres-hacia-desde-cualquier-aeropuerto-copy\/#primaryimage"},"thumbnailUrl":"https:\/\/tourtravelandmore.com\/wp-content\/uploads\/2024\/03\/barcelona-wedding-transfer-3.jpg","datePublished":"2024-04-09T15:49:04+00:00","dateModified":"2024-04-09T16:15:50+00:00","description":"Traslado privado desde\/hacia Londres hacia\/desde Southampton. Veh\u00edculos privados a su disposici\u00f3n \u2705","breadcrumb":{"@id":"https:\/\/tourtravelandmore.com\/es\/tours\/reino-unido-es\/londres-es\/traslados-privados-en-londres-hacia-desde-cualquier-aeropuerto-copy\/#breadcrumb"},"inLanguage":"es","potentialAction":[{"@type":"ReadAction","target":["https:\/\/tourtravelandmore.com\/es\/tours\/reino-unido-es\/londres-es\/traslados-privados-en-londres-hacia-desde-cualquier-aeropuerto-copy\/"]}]},{"@type":"ImageObject","inLanguage":"es","@id":"https:\/\/tourtravelandmore.com\/es\/tours\/reino-unido-es\/londres-es\/traslados-privados-en-londres-hacia-desde-cualquier-aeropuerto-copy\/#primaryimage","url":"https:\/\/tourtravelandmore.com\/wp-content\/uploads\/2024\/03\/barcelona-wedding-transfer-3.jpg","contentUrl":"https:\/\/tourtravelandmore.com\/wp-content\/uploads\/2024\/03\/barcelona-wedding-transfer-3.jpg","width":1920,"height":891,"caption":"BRABUS Upgrades - Mercedes AMG S-Class"},{"@type":"BreadcrumbList","@id":"https:\/\/tourtravelandmore.com\/es\/tours\/reino-unido-es\/londres-es\/traslados-privados-en-londres-hacia-desde-cualquier-aeropuerto-copy\/#breadcrumb","itemListElement":[{"@type":"ListItem","position":1,"name":"Home","item":"https:\/\/tourtravelandmore.com\/es\/"},{"@type":"ListItem","position":2,"name":"Tours","item":"https:\/\/tourtravelandmore.com\/es\/tours\/"},{"@type":"ListItem","position":3,"name":"Traslado privado desde\/hacia Londres hacia\/desde Southampton"}]},{"@type":"WebSite","@id":"https:\/\/tourtravelandmore.com\/es\/#website","url":"https:\/\/tourtravelandmore.com\/es\/","name":"Tour Travel And More","description":"Private sightseeing tours and luxury transfers in Spain","publisher":{"@id":"https:\/\/tourtravelandmore.com\/es\/#organization"},"potentialAction":[{"@type":"SearchAction","target":{"@type":"EntryPoint","urlTemplate":"https:\/\/tourtravelandmore.com\/es\/?s={search_term_string}"},"query-input":{"@type":"PropertyValueSpecification","valueRequired":true,"valueName":"search_term_string"}}],"inLanguage":"es"},{"@type":"Organization","@id":"https:\/\/tourtravelandmore.com\/es\/#organization","name":"Tour Travel And More","url":"https:\/\/tourtravelandmore.com\/es\/","logo":{"@type":"ImageObject","inLanguage":"es","@id":"https:\/\/tourtravelandmore.com\/es\/#\/schema\/logo\/image\/","url":"https:\/\/tourtravelandmore.com\/wp-content\/uploads\/2022\/12\/cropped-logo-cabecera-new.png","contentUrl":"https:\/\/tourtravelandmore.com\/wp-content\/uploads\/2022\/12\/cropped-logo-cabecera-new.png","width":430,"height":61,"caption":"Tour Travel And More"},"image":{"@id":"https:\/\/tourtravelandmore.com\/es\/#\/schema\/logo\/image\/"},"sameAs":["https:\/\/www.facebook.com\/tourtravelandmore\/","https:\/\/x.com\/TourTravel_More"]}]}},"_links":{"self":[{"href":"https:\/\/tourtravelandmore.com\/es\/wp-json\/wp\/v2\/product\/174432","targetHints":{"allow":["GET"]}}],"collection":[{"href":"https:\/\/tourtravelandmore.com\/es\/wp-json\/wp\/v2\/product"}],"about":[{"href":"https:\/\/tourtravelandmore.com\/es\/wp-json\/wp\/v2\/types\/product"}],"replies":[{"embeddable":true,"href":"https:\/\/tourtravelandmore.com\/es\/wp-json\/wp\/v2\/comments?post=174432"}],"wp:featuredmedia":[{"embeddable":true,"href":"https:\/\/tourtravelandmore.com\/es\/wp-json\/wp\/v2\/media\/173380"}],"wp:attachment":[{"href":"https:\/\/tourtravelandmore.com\/es\/wp-json\/wp\/v2\/media?parent=174432"}],"wp:term":[{"taxonomy":"product_brand","embeddable":true,"href":"https:\/\/tourtravelandmore.com\/es\/wp-json\/wp\/v2\/product_brand?post=174432"},{"taxonomy":"product_cat","embeddable":true,"href":"https:\/\/tourtravelandmore.com\/es\/wp-json\/wp\/v2\/product_cat?post=174432"},{"taxonomy":"product_tag","embeddable":true,"href":"https:\/\/tourtravelandmore.com\/es\/wp-json\/wp\/v2\/product_tag?post=174432"}],"curies":[{"name":"wp","href":"https:\/\/api.w.org\/{rel}","templated":true}]}}