{"id":174354,"date":"2024-04-09T15:57:52","date_gmt":"2024-04-09T13:57:53","guid":{"rendered":"https:\/\/tourtravelandmore.com\/?post_type=product&#038;p=174354"},"modified":"2024-04-09T16:14:49","modified_gmt":"2024-04-09T14:14:49","slug":"tour-privado-a-costwolds-desde-londres-copy","status":"publish","type":"product","link":"https:\/\/tourtravelandmore.com\/es\/tours\/reino-unido-es\/londres-es\/tour-privado-a-costwolds-desde-londres-copy\/","title":{"rendered":"Tour privado a Stratford-upon-Avon y Oxford desde Londres"},"content":{"rendered":"<h2>Descripci\u00f3n de Tour privado a Stratford-upon-Avon y Oxford desde Londres<\/h2>\n<p>Emb\u00e1rquese en un cautivador viaje a trav\u00e9s de la historia literaria y la excelencia acad\u00e9mica con nuestra exclusiva Excursi\u00f3n privada a Stratford-upon-Avon y Oxford desde Londres. Explore el lugar de nacimiento de William Shakespeare en Stratford-upon-Avon antes de adentrarse en el ambiente erudito de Oxford, sede de una de las universidades m\u00e1s prestigiosas del mundo.<\/p>\n<p>Su aventura comienza con una c\u00e1lida bienvenida de nuestro experto gu\u00eda y conductor profesional en su alojamiento de Londres. Con 12 horas de c\u00f3modo transporte a su disposici\u00f3n, disfrute de una experiencia personalizada y sin contratiempos durante todo el d\u00eda.<\/p>\n<p>Al final de la visita guiada de 12 horas, el conductor le llevar\u00e1 de vuelta a Londres para dejarle en el lugar que elija.<\/p>\n<h2>Puntos de inter\u00e9s<\/h2>\n<p>En primer lugar, le llevaremos a Stratford-upon-Avon, la pintoresca ciudad donde naci\u00f3 el mayor dramaturgo del mundo, William Shakespeare. Explore las encantadoras calles bordeadas de edificios de estilo Tudor, visite el lugar de nacimiento de Shakespeare y sum\u00e9rjase en la vida y la \u00e9poca del Bardo.<\/p>\n<p>Despu\u00e9s, viajaremos a Oxford, famosa por su hist\u00f3rica universidad y su cautivadora arquitectura. Pasee por las sagradas salas de los colegios que han inspirado a generaciones de eruditos, admire las impresionantes agujas de las capillas universitarias y emp\u00e1pese de la atm\u00f3sfera intelectual que impregna la ciudad.<\/p>\n<p>Si\u00e9ntese y rel\u00e1jese mientras disfruta de transporte privado durante 12 horas, con un conductor y un gu\u00eda dedicados. Deje que nosotros nos ocupemos de la log\u00edstica mientras usted disfruta del pintoresco viaje de Londres a Stratford-upon-Avon y Oxford.<\/p>\n<p>Le llevaremos de vuelta a Londres sin demora al final de este Tour Privado: Stratford-upon-Avon y Oxford desde Londres.<\/p>\n<p>Si es un fan de la saga de Harry Potter, puede completar su itinerario por Inglaterra con nuestra visita a Harry Potter en los Estudios Warner.<\/p>\n","protected":false},"excerpt":{"rendered":"<p>Emb\u00e1rquese en un cautivador viaje a trav\u00e9s de la historia literaria y la excelencia acad\u00e9mica con nuestra exclusiva Excursi\u00f3n privada a Stratford-upon-Avon y Oxford desde Londres. Explore el lugar de nacimiento de William Shakespeare en Stratford-upon-Avon antes de adentrarse en el ambiente erudito de Oxford, sede de una de las universidades m\u00e1s prestigiosas del mundo.<\/p>\n","protected":false},"featured_media":174391,"comment_status":"open","ping_status":"closed","template":"","meta":{"_acf_changed":false},"product_brand":[],"product_cat":[1603,1142,1151,1150],"product_tag":[],"class_list":{"0":"post-174354","1":"product","2":"type-product","3":"status-publish","4":"has-post-thumbnail","6":"product_cat-reino-unido-es","7":"product_cat-londres-es","8":"product_cat-londres-actividades-es","9":"product_cat-londres-tours-es","11":"first","12":"instock","13":"shipping-taxable","14":"purchasable","15":"product-type-simple"},"acf":[],"yoast_head":"<!-- This site is optimized with the Yoast SEO Premium plugin v25.3.1 (Yoast SEO v25.3.1) - https:\/\/yoast.com\/wordpress\/plugins\/seo\/ -->\n<title>\u27a1\ufe0f Tour privado a Stratford-upon-Avon y Oxford desde Londres | TT&amp;M<\/title>\n<meta name=\"description\" content=\"Descubra m\u00e1s de 5.000 a\u00f1os de historia en un Tour Privado a Stratford-upon-Avon y Oxford desde Londres junto a su gu\u00eda tur\u00edstico | Tour Travel and More \u2705\" \/>\n<meta name=\"robots\" content=\"index, follow, max-snippet:-1, max-image-preview:large, max-video-preview:-1\" \/>\n<link rel=\"canonical\" href=\"https:\/\/tourtravelandmore.com\/es\/tours\/reino-unido-es\/londres-es\/tour-privado-a-costwolds-desde-londres-copy\/\" \/>\n<meta property=\"og:locale\" content=\"es_ES\" \/>\n<meta property=\"og:type\" content=\"article\" \/>\n<meta property=\"og:title\" content=\"Tour privado a Stratford-upon-Avon y Oxford desde Londres\" \/>\n<meta property=\"og:description\" content=\"Descubra m\u00e1s de 5.000 a\u00f1os de historia en un Tour Privado a Stratford-upon-Avon y Oxford desde Londres junto a su gu\u00eda tur\u00edstico | Tour Travel and More \u2705\" \/>\n<meta property=\"og:url\" content=\"https:\/\/tourtravelandmore.com\/es\/tours\/reino-unido-es\/londres-es\/tour-privado-a-costwolds-desde-londres-copy\/\" \/>\n<meta property=\"og:site_name\" content=\"Tour Travel And More\" \/>\n<meta property=\"article:publisher\" content=\"https:\/\/www.facebook.com\/tourtravelandmore\/\" \/>\n<meta property=\"article:modified_time\" content=\"2024-04-09T14:14:49+00:00\" \/>\n<meta property=\"og:image\" content=\"https:\/\/tourtravelandmore.com\/wp-content\/uploads\/2024\/04\/rsc-theatre-2285644_1280.jpg\" \/>\n\t<meta property=\"og:image:width\" content=\"1280\" \/>\n\t<meta property=\"og:image:height\" content=\"867\" \/>\n\t<meta property=\"og:image:type\" content=\"image\/jpeg\" \/>\n<meta name=\"twitter:card\" content=\"summary_large_image\" \/>\n<meta name=\"twitter:site\" content=\"@TourTravel_More\" \/>\n<meta name=\"twitter:label1\" content=\"Tiempo de lectura\" \/>\n\t<meta name=\"twitter:data1\" content=\"4 minutos\" \/>\n<script type=\"application\/ld+json\" class=\"yoast-schema-graph\">{\"@context\":\"https:\/\/schema.org\",\"@graph\":[{\"@type\":\"WebPage\",\"@id\":\"https:\/\/tourtravelandmore.com\/es\/tours\/reino-unido-es\/londres-es\/tour-privado-a-costwolds-desde-londres-copy\/\",\"url\":\"https:\/\/tourtravelandmore.com\/es\/tours\/reino-unido-es\/londres-es\/tour-privado-a-costwolds-desde-londres-copy\/\",\"name\":\"\u27a1\ufe0f Tour privado a Stratford-upon-Avon y Oxford desde Londres | TT&M\",\"isPartOf\":{\"@id\":\"https:\/\/tourtravelandmore.com\/es\/#website\"},\"primaryImageOfPage\":{\"@id\":\"https:\/\/tourtravelandmore.com\/es\/tours\/reino-unido-es\/londres-es\/tour-privado-a-costwolds-desde-londres-copy\/#primaryimage\"},\"image\":{\"@id\":\"https:\/\/tourtravelandmore.com\/es\/tours\/reino-unido-es\/londres-es\/tour-privado-a-costwolds-desde-londres-copy\/#primaryimage\"},\"thumbnailUrl\":\"https:\/\/tourtravelandmore.com\/wp-content\/uploads\/2024\/04\/rsc-theatre-2285644_1280.jpg\",\"datePublished\":\"2024-04-09T13:57:53+00:00\",\"dateModified\":\"2024-04-09T14:14:49+00:00\",\"description\":\"Descubra m\u00e1s de 5.000 a\u00f1os de historia en un Tour Privado a Stratford-upon-Avon y Oxford desde Londres junto a su gu\u00eda tur\u00edstico | Tour Travel and More \u2705\",\"breadcrumb\":{\"@id\":\"https:\/\/tourtravelandmore.com\/es\/tours\/reino-unido-es\/londres-es\/tour-privado-a-costwolds-desde-londres-copy\/#breadcrumb\"},\"inLanguage\":\"es\",\"potentialAction\":[{\"@type\":\"ReadAction\",\"target\":[\"https:\/\/tourtravelandmore.com\/es\/tours\/reino-unido-es\/londres-es\/tour-privado-a-costwolds-desde-londres-copy\/\"]}]},{\"@type\":\"ImageObject\",\"inLanguage\":\"es\",\"@id\":\"https:\/\/tourtravelandmore.com\/es\/tours\/reino-unido-es\/londres-es\/tour-privado-a-costwolds-desde-londres-copy\/#primaryimage\",\"url\":\"https:\/\/tourtravelandmore.com\/wp-content\/uploads\/2024\/04\/rsc-theatre-2285644_1280.jpg\",\"contentUrl\":\"https:\/\/tourtravelandmore.com\/wp-content\/uploads\/2024\/04\/rsc-theatre-2285644_1280.jpg\",\"width\":1280,\"height\":867},{\"@type\":\"BreadcrumbList\",\"@id\":\"https:\/\/tourtravelandmore.com\/es\/tours\/reino-unido-es\/londres-es\/tour-privado-a-costwolds-desde-londres-copy\/#breadcrumb\",\"itemListElement\":[{\"@type\":\"ListItem\",\"position\":1,\"name\":\"Home\",\"item\":\"https:\/\/tourtravelandmore.com\/es\/\"},{\"@type\":\"ListItem\",\"position\":2,\"name\":\"Tours\",\"item\":\"https:\/\/tourtravelandmore.com\/es\/tours\/\"},{\"@type\":\"ListItem\",\"position\":3,\"name\":\"Tour privado a Stratford-upon-Avon y Oxford desde Londres\"}]},{\"@type\":\"WebSite\",\"@id\":\"https:\/\/tourtravelandmore.com\/es\/#website\",\"url\":\"https:\/\/tourtravelandmore.com\/es\/\",\"name\":\"Tour Travel And More\",\"description\":\"Private sightseeing tours and luxury transfers in Spain\",\"publisher\":{\"@id\":\"https:\/\/tourtravelandmore.com\/es\/#organization\"},\"potentialAction\":[{\"@type\":\"SearchAction\",\"target\":{\"@type\":\"EntryPoint\",\"urlTemplate\":\"https:\/\/tourtravelandmore.com\/es\/?s={search_term_string}\"},\"query-input\":{\"@type\":\"PropertyValueSpecification\",\"valueRequired\":true,\"valueName\":\"search_term_string\"}}],\"inLanguage\":\"es\"},{\"@type\":\"Organization\",\"@id\":\"https:\/\/tourtravelandmore.com\/es\/#organization\",\"name\":\"Tour Travel And More\",\"url\":\"https:\/\/tourtravelandmore.com\/es\/\",\"logo\":{\"@type\":\"ImageObject\",\"inLanguage\":\"es\",\"@id\":\"https:\/\/tourtravelandmore.com\/es\/#\/schema\/logo\/image\/\",\"url\":\"https:\/\/tourtravelandmore.com\/wp-content\/uploads\/2022\/12\/cropped-logo-cabecera-new.png\",\"contentUrl\":\"https:\/\/tourtravelandmore.com\/wp-content\/uploads\/2022\/12\/cropped-logo-cabecera-new.png\",\"width\":430,\"height\":61,\"caption\":\"Tour Travel And More\"},\"image\":{\"@id\":\"https:\/\/tourtravelandmore.com\/es\/#\/schema\/logo\/image\/\"},\"sameAs\":[\"https:\/\/www.facebook.com\/tourtravelandmore\/\",\"https:\/\/x.com\/TourTravel_More\"]}]}<\/script>\n<!-- \/ Yoast SEO Premium plugin. -->","yoast_head_json":{"title":"\u27a1\ufe0f Tour privado a Stratford-upon-Avon y Oxford desde Londres | TT&M","description":"Descubra m\u00e1s de 5.000 a\u00f1os de historia en un Tour Privado a Stratford-upon-Avon y Oxford desde Londres junto a su gu\u00eda tur\u00edstico | Tour Travel and More \u2705","robots":{"index":"index","follow":"follow","max-snippet":"max-snippet:-1","max-image-preview":"max-image-preview:large","max-video-preview":"max-video-preview:-1"},"canonical":"https:\/\/tourtravelandmore.com\/es\/tours\/reino-unido-es\/londres-es\/tour-privado-a-costwolds-desde-londres-copy\/","og_locale":"es_ES","og_type":"article","og_title":"Tour privado a Stratford-upon-Avon y Oxford desde Londres","og_description":"Descubra m\u00e1s de 5.000 a\u00f1os de historia en un Tour Privado a Stratford-upon-Avon y Oxford desde Londres junto a su gu\u00eda tur\u00edstico | Tour Travel and More \u2705","og_url":"https:\/\/tourtravelandmore.com\/es\/tours\/reino-unido-es\/londres-es\/tour-privado-a-costwolds-desde-londres-copy\/","og_site_name":"Tour Travel And More","article_publisher":"https:\/\/www.facebook.com\/tourtravelandmore\/","article_modified_time":"2024-04-09T14:14:49+00:00","og_image":[{"width":1280,"height":867,"url":"https:\/\/tourtravelandmore.com\/wp-content\/uploads\/2024\/04\/rsc-theatre-2285644_1280.jpg","type":"image\/jpeg"}],"twitter_card":"summary_large_image","twitter_site":"@TourTravel_More","twitter_misc":{"Tiempo de lectura":"4 minutos"},"schema":{"@context":"https:\/\/schema.org","@graph":[{"@type":"WebPage","@id":"https:\/\/tourtravelandmore.com\/es\/tours\/reino-unido-es\/londres-es\/tour-privado-a-costwolds-desde-londres-copy\/","url":"https:\/\/tourtravelandmore.com\/es\/tours\/reino-unido-es\/londres-es\/tour-privado-a-costwolds-desde-londres-copy\/","name":"\u27a1\ufe0f Tour privado a Stratford-upon-Avon y Oxford desde Londres | TT&M","isPartOf":{"@id":"https:\/\/tourtravelandmore.com\/es\/#website"},"primaryImageOfPage":{"@id":"https:\/\/tourtravelandmore.com\/es\/tours\/reino-unido-es\/londres-es\/tour-privado-a-costwolds-desde-londres-copy\/#primaryimage"},"image":{"@id":"https:\/\/tourtravelandmore.com\/es\/tours\/reino-unido-es\/londres-es\/tour-privado-a-costwolds-desde-londres-copy\/#primaryimage"},"thumbnailUrl":"https:\/\/tourtravelandmore.com\/wp-content\/uploads\/2024\/04\/rsc-theatre-2285644_1280.jpg","datePublished":"2024-04-09T13:57:53+00:00","dateModified":"2024-04-09T14:14:49+00:00","description":"Descubra m\u00e1s de 5.000 a\u00f1os de historia en un Tour Privado a Stratford-upon-Avon y Oxford desde Londres junto a su gu\u00eda tur\u00edstico | Tour Travel and More \u2705","breadcrumb":{"@id":"https:\/\/tourtravelandmore.com\/es\/tours\/reino-unido-es\/londres-es\/tour-privado-a-costwolds-desde-londres-copy\/#breadcrumb"},"inLanguage":"es","potentialAction":[{"@type":"ReadAction","target":["https:\/\/tourtravelandmore.com\/es\/tours\/reino-unido-es\/londres-es\/tour-privado-a-costwolds-desde-londres-copy\/"]}]},{"@type":"ImageObject","inLanguage":"es","@id":"https:\/\/tourtravelandmore.com\/es\/tours\/reino-unido-es\/londres-es\/tour-privado-a-costwolds-desde-londres-copy\/#primaryimage","url":"https:\/\/tourtravelandmore.com\/wp-content\/uploads\/2024\/04\/rsc-theatre-2285644_1280.jpg","contentUrl":"https:\/\/tourtravelandmore.com\/wp-content\/uploads\/2024\/04\/rsc-theatre-2285644_1280.jpg","width":1280,"height":867},{"@type":"BreadcrumbList","@id":"https:\/\/tourtravelandmore.com\/es\/tours\/reino-unido-es\/londres-es\/tour-privado-a-costwolds-desde-londres-copy\/#breadcrumb","itemListElement":[{"@type":"ListItem","position":1,"name":"Home","item":"https:\/\/tourtravelandmore.com\/es\/"},{"@type":"ListItem","position":2,"name":"Tours","item":"https:\/\/tourtravelandmore.com\/es\/tours\/"},{"@type":"ListItem","position":3,"name":"Tour privado a Stratford-upon-Avon y Oxford desde Londres"}]},{"@type":"WebSite","@id":"https:\/\/tourtravelandmore.com\/es\/#website","url":"https:\/\/tourtravelandmore.com\/es\/","name":"Tour Travel And More","description":"Private sightseeing tours and luxury transfers in Spain","publisher":{"@id":"https:\/\/tourtravelandmore.com\/es\/#organization"},"potentialAction":[{"@type":"SearchAction","target":{"@type":"EntryPoint","urlTemplate":"https:\/\/tourtravelandmore.com\/es\/?s={search_term_string}"},"query-input":{"@type":"PropertyValueSpecification","valueRequired":true,"valueName":"search_term_string"}}],"inLanguage":"es"},{"@type":"Organization","@id":"https:\/\/tourtravelandmore.com\/es\/#organization","name":"Tour Travel And More","url":"https:\/\/tourtravelandmore.com\/es\/","logo":{"@type":"ImageObject","inLanguage":"es","@id":"https:\/\/tourtravelandmore.com\/es\/#\/schema\/logo\/image\/","url":"https:\/\/tourtravelandmore.com\/wp-content\/uploads\/2022\/12\/cropped-logo-cabecera-new.png","contentUrl":"https:\/\/tourtravelandmore.com\/wp-content\/uploads\/2022\/12\/cropped-logo-cabecera-new.png","width":430,"height":61,"caption":"Tour Travel And More"},"image":{"@id":"https:\/\/tourtravelandmore.com\/es\/#\/schema\/logo\/image\/"},"sameAs":["https:\/\/www.facebook.com\/tourtravelandmore\/","https:\/\/x.com\/TourTravel_More"]}]}},"_links":{"self":[{"href":"https:\/\/tourtravelandmore.com\/es\/wp-json\/wp\/v2\/product\/174354","targetHints":{"allow":["GET"]}}],"collection":[{"href":"https:\/\/tourtravelandmore.com\/es\/wp-json\/wp\/v2\/product"}],"about":[{"href":"https:\/\/tourtravelandmore.com\/es\/wp-json\/wp\/v2\/types\/product"}],"replies":[{"embeddable":true,"href":"https:\/\/tourtravelandmore.com\/es\/wp-json\/wp\/v2\/comments?post=174354"}],"wp:featuredmedia":[{"embeddable":true,"href":"https:\/\/tourtravelandmore.com\/es\/wp-json\/wp\/v2\/media\/174391"}],"wp:attachment":[{"href":"https:\/\/tourtravelandmore.com\/es\/wp-json\/wp\/v2\/media?parent=174354"}],"wp:term":[{"taxonomy":"product_brand","embeddable":true,"href":"https:\/\/tourtravelandmore.com\/es\/wp-json\/wp\/v2\/product_brand?post=174354"},{"taxonomy":"product_cat","embeddable":true,"href":"https:\/\/tourtravelandmore.com\/es\/wp-json\/wp\/v2\/product_cat?post=174354"},{"taxonomy":"product_tag","embeddable":true,"href":"https:\/\/tourtravelandmore.com\/es\/wp-json\/wp\/v2\/product_tag?post=174354"}],"curies":[{"name":"wp","href":"https:\/\/api.w.org\/{rel}","templated":true}]}}