{"id":174265,"date":"2024-04-09T14:57:12","date_gmt":"2024-04-09T12:57:13","guid":{"rendered":"https:\/\/tourtravelandmore.com\/?post_type=product&#038;p=174265"},"modified":"2024-04-09T15:15:08","modified_gmt":"2024-04-09T13:15:08","slug":"tour-privado-a-stonehenge-y-oxford-desde-londres-copy","status":"publish","type":"product","link":"https:\/\/tourtravelandmore.com\/es\/tours\/reino-unido-es\/londres-es\/tour-privado-a-stonehenge-y-oxford-desde-londres-copy\/","title":{"rendered":"Tour Privado al Castillo de Windsor &#038; Oxford desde Londres"},"content":{"rendered":"<h2>Descripci\u00f3n de Tour Privado al Castillo de Windsor &amp; Oxford desde Londres<\/h2>\n<p>Emb\u00e1rquese en un majestuoso viaje a trav\u00e9s de la historia regia y la excelencia acad\u00e9mica con nuestro exclusivo Tour Privado al Castillo de Windsor y Oxford desde Londres. Descubra la opulencia del Castillo de Windsor, el castillo habitado m\u00e1s antiguo y grande del mundo, antes de adentrarse en el ambiente erudito de Oxford, sede de una de las universidades m\u00e1s prestigiosas del mundo.<\/p>\n<p>Su aventura comienza con una c\u00e1lida bienvenida de nuestro experto gu\u00eda y conductor profesional en su alojamiento de Londres. Con 12 horas de c\u00f3modo transporte a su disposici\u00f3n, disfrutar\u00e1 de una experiencia personalizada y sin contratiempos durante todo el d\u00eda.<\/p>\n<p>Al final de la visita guiada de 12 horas, el conductor le llevar\u00e1 de vuelta a Londres para dejarle en el lugar que elija.<\/p>\n<h2>Puntos de inter\u00e9s<\/h2>\n<p>En primer lugar, le llevaremos al castillo de Windsor, una fortaleza impregnada de patrimonio real y grandeza arquitect\u00f3nica. Al entrar en los magn\u00edficos terrenos, se sentir\u00e1 transportado a trav\u00e9s de siglos de historia real. Explore los fastuosos Apartamentos de Estado adornados con obras de arte de valor incalculable y marav\u00edllese ante la emblem\u00e1tica Torre Redonda que se cierne sobre el pintoresco paisaje.<\/p>\n<p>Despu\u00e9s viajaremos a Oxford, famosa por su prestigiosa universidad y su cautivadora arquitectura. Pasee por los hist\u00f3ricos patios de los colegios universitarios, admire los intrincados detalles de edificios centenarios y emp\u00e1pese de la atm\u00f3sfera intelectual que impregna la ciudad.<\/p>\n<p>Nuestro experto gu\u00eda le acompa\u00f1ar\u00e1 durante todo el recorrido, aport\u00e1ndole fascinantes conocimientos sobre la historia y el significado de cada destino. Desde el esplendor real del Castillo de Windsor hasta el legado acad\u00e9mico de Oxford, conozca a fondo el rico patrimonio cultural de Inglaterra.<\/p>\n<p>Le llevaremos de vuelta a Londres sin demora al final de esta Excursi\u00f3n Privada al Castillo de Windsor y Oxford desde Londres.<\/p>\n<p>Si es fan de la saga de Harry Potter, puede completar su itinerario en Inglaterra con nuestra visita a Harry Potter en los Estudios Warner.<\/p>\n","protected":false},"excerpt":{"rendered":"<p>Emb\u00e1rquese en un majestuoso viaje a trav\u00e9s de la historia regia y la excelencia acad\u00e9mica con nuestro exclusivo Tour Privado al Castillo de Windsor y Oxford desde Londres. Descubra la opulencia del Castillo de Windsor, el castillo habitado m\u00e1s antiguo y grande del mundo, antes de adentrarse en el ambiente erudito de Oxford, sede de una de las universidades m\u00e1s prestigiosas del mundo.<\/p>\n","protected":false},"featured_media":174296,"comment_status":"open","ping_status":"closed","template":"","meta":{"_acf_changed":false},"product_brand":[],"product_cat":[1603,1142,1151,1150],"product_tag":[],"class_list":{"0":"post-174265","1":"product","2":"type-product","3":"status-publish","4":"has-post-thumbnail","6":"product_cat-reino-unido-es","7":"product_cat-londres-es","8":"product_cat-londres-actividades-es","9":"product_cat-londres-tours-es","11":"first","12":"instock","13":"shipping-taxable","14":"purchasable","15":"product-type-simple"},"acf":[],"yoast_head":"<!-- This site is optimized with the Yoast SEO Premium plugin v25.3.1 (Yoast SEO v25.3.1) - https:\/\/yoast.com\/wordpress\/plugins\/seo\/ -->\n<title>\u27a1\ufe0f Tour Privado al Castillo de Windsor &amp; Oxford desde Londres | TT&amp;M<\/title>\n<meta name=\"description\" content=\"Descubra m\u00e1s de 5.000 a\u00f1os de historia en un Tour Privado al Castillo de Windsor y Oxford desde Londres junto a su gu\u00eda tur\u00edstico | Tour Travel and More \u2705\" \/>\n<meta name=\"robots\" content=\"index, follow, max-snippet:-1, max-image-preview:large, max-video-preview:-1\" \/>\n<link rel=\"canonical\" href=\"https:\/\/tourtravelandmore.com\/es\/tours\/reino-unido-es\/londres-es\/tour-privado-a-stonehenge-y-oxford-desde-londres-copy\/\" \/>\n<meta property=\"og:locale\" content=\"es_ES\" \/>\n<meta property=\"og:type\" content=\"article\" \/>\n<meta property=\"og:title\" content=\"Tour Privado al Castillo de Windsor &amp; Oxford desde Londres\" \/>\n<meta property=\"og:description\" content=\"Descubra m\u00e1s de 5.000 a\u00f1os de historia en un Tour Privado al Castillo de Windsor y Oxford desde Londres junto a su gu\u00eda tur\u00edstico | Tour Travel and More \u2705\" \/>\n<meta property=\"og:url\" content=\"https:\/\/tourtravelandmore.com\/es\/tours\/reino-unido-es\/londres-es\/tour-privado-a-stonehenge-y-oxford-desde-londres-copy\/\" \/>\n<meta property=\"og:site_name\" content=\"Tour Travel And More\" \/>\n<meta property=\"article:publisher\" content=\"https:\/\/www.facebook.com\/tourtravelandmore\/\" \/>\n<meta property=\"article:modified_time\" content=\"2024-04-09T13:15:08+00:00\" \/>\n<meta property=\"og:image\" content=\"https:\/\/tourtravelandmore.com\/wp-content\/uploads\/2024\/04\/windsor-castle-2755009_960_720.jpg\" \/>\n\t<meta property=\"og:image:width\" content=\"960\" \/>\n\t<meta property=\"og:image:height\" content=\"640\" \/>\n\t<meta property=\"og:image:type\" content=\"image\/jpeg\" \/>\n<meta name=\"twitter:card\" content=\"summary_large_image\" \/>\n<meta name=\"twitter:site\" content=\"@TourTravel_More\" \/>\n<meta name=\"twitter:label1\" content=\"Tiempo de lectura\" \/>\n\t<meta name=\"twitter:data1\" content=\"4 minutos\" \/>\n<script type=\"application\/ld+json\" class=\"yoast-schema-graph\">{\"@context\":\"https:\/\/schema.org\",\"@graph\":[{\"@type\":\"WebPage\",\"@id\":\"https:\/\/tourtravelandmore.com\/es\/tours\/reino-unido-es\/londres-es\/tour-privado-a-stonehenge-y-oxford-desde-londres-copy\/\",\"url\":\"https:\/\/tourtravelandmore.com\/es\/tours\/reino-unido-es\/londres-es\/tour-privado-a-stonehenge-y-oxford-desde-londres-copy\/\",\"name\":\"\u27a1\ufe0f Tour Privado al Castillo de Windsor & Oxford desde Londres | TT&M\",\"isPartOf\":{\"@id\":\"https:\/\/tourtravelandmore.com\/es\/#website\"},\"primaryImageOfPage\":{\"@id\":\"https:\/\/tourtravelandmore.com\/es\/tours\/reino-unido-es\/londres-es\/tour-privado-a-stonehenge-y-oxford-desde-londres-copy\/#primaryimage\"},\"image\":{\"@id\":\"https:\/\/tourtravelandmore.com\/es\/tours\/reino-unido-es\/londres-es\/tour-privado-a-stonehenge-y-oxford-desde-londres-copy\/#primaryimage\"},\"thumbnailUrl\":\"https:\/\/tourtravelandmore.com\/wp-content\/uploads\/2024\/04\/windsor-castle-2755009_960_720.jpg\",\"datePublished\":\"2024-04-09T12:57:13+00:00\",\"dateModified\":\"2024-04-09T13:15:08+00:00\",\"description\":\"Descubra m\u00e1s de 5.000 a\u00f1os de historia en un Tour Privado al Castillo de Windsor y Oxford desde Londres junto a su gu\u00eda tur\u00edstico | Tour Travel and More \u2705\",\"breadcrumb\":{\"@id\":\"https:\/\/tourtravelandmore.com\/es\/tours\/reino-unido-es\/londres-es\/tour-privado-a-stonehenge-y-oxford-desde-londres-copy\/#breadcrumb\"},\"inLanguage\":\"es\",\"potentialAction\":[{\"@type\":\"ReadAction\",\"target\":[\"https:\/\/tourtravelandmore.com\/es\/tours\/reino-unido-es\/londres-es\/tour-privado-a-stonehenge-y-oxford-desde-londres-copy\/\"]}]},{\"@type\":\"ImageObject\",\"inLanguage\":\"es\",\"@id\":\"https:\/\/tourtravelandmore.com\/es\/tours\/reino-unido-es\/londres-es\/tour-privado-a-stonehenge-y-oxford-desde-londres-copy\/#primaryimage\",\"url\":\"https:\/\/tourtravelandmore.com\/wp-content\/uploads\/2024\/04\/windsor-castle-2755009_960_720.jpg\",\"contentUrl\":\"https:\/\/tourtravelandmore.com\/wp-content\/uploads\/2024\/04\/windsor-castle-2755009_960_720.jpg\",\"width\":960,\"height\":640},{\"@type\":\"BreadcrumbList\",\"@id\":\"https:\/\/tourtravelandmore.com\/es\/tours\/reino-unido-es\/londres-es\/tour-privado-a-stonehenge-y-oxford-desde-londres-copy\/#breadcrumb\",\"itemListElement\":[{\"@type\":\"ListItem\",\"position\":1,\"name\":\"Home\",\"item\":\"https:\/\/tourtravelandmore.com\/es\/\"},{\"@type\":\"ListItem\",\"position\":2,\"name\":\"Tours\",\"item\":\"https:\/\/tourtravelandmore.com\/es\/tours\/\"},{\"@type\":\"ListItem\",\"position\":3,\"name\":\"Tour Privado al Castillo de Windsor &#038; Oxford desde Londres\"}]},{\"@type\":\"WebSite\",\"@id\":\"https:\/\/tourtravelandmore.com\/es\/#website\",\"url\":\"https:\/\/tourtravelandmore.com\/es\/\",\"name\":\"Tour Travel And More\",\"description\":\"Private sightseeing tours and luxury transfers in Spain\",\"publisher\":{\"@id\":\"https:\/\/tourtravelandmore.com\/es\/#organization\"},\"potentialAction\":[{\"@type\":\"SearchAction\",\"target\":{\"@type\":\"EntryPoint\",\"urlTemplate\":\"https:\/\/tourtravelandmore.com\/es\/?s={search_term_string}\"},\"query-input\":{\"@type\":\"PropertyValueSpecification\",\"valueRequired\":true,\"valueName\":\"search_term_string\"}}],\"inLanguage\":\"es\"},{\"@type\":\"Organization\",\"@id\":\"https:\/\/tourtravelandmore.com\/es\/#organization\",\"name\":\"Tour Travel And More\",\"url\":\"https:\/\/tourtravelandmore.com\/es\/\",\"logo\":{\"@type\":\"ImageObject\",\"inLanguage\":\"es\",\"@id\":\"https:\/\/tourtravelandmore.com\/es\/#\/schema\/logo\/image\/\",\"url\":\"https:\/\/tourtravelandmore.com\/wp-content\/uploads\/2022\/12\/cropped-logo-cabecera-new.png\",\"contentUrl\":\"https:\/\/tourtravelandmore.com\/wp-content\/uploads\/2022\/12\/cropped-logo-cabecera-new.png\",\"width\":430,\"height\":61,\"caption\":\"Tour Travel And More\"},\"image\":{\"@id\":\"https:\/\/tourtravelandmore.com\/es\/#\/schema\/logo\/image\/\"},\"sameAs\":[\"https:\/\/www.facebook.com\/tourtravelandmore\/\",\"https:\/\/x.com\/TourTravel_More\"]}]}<\/script>\n<!-- \/ Yoast SEO Premium plugin. -->","yoast_head_json":{"title":"\u27a1\ufe0f Tour Privado al Castillo de Windsor & Oxford desde Londres | TT&M","description":"Descubra m\u00e1s de 5.000 a\u00f1os de historia en un Tour Privado al Castillo de Windsor y Oxford desde Londres junto a su gu\u00eda tur\u00edstico | Tour Travel and More \u2705","robots":{"index":"index","follow":"follow","max-snippet":"max-snippet:-1","max-image-preview":"max-image-preview:large","max-video-preview":"max-video-preview:-1"},"canonical":"https:\/\/tourtravelandmore.com\/es\/tours\/reino-unido-es\/londres-es\/tour-privado-a-stonehenge-y-oxford-desde-londres-copy\/","og_locale":"es_ES","og_type":"article","og_title":"Tour Privado al Castillo de Windsor & Oxford desde Londres","og_description":"Descubra m\u00e1s de 5.000 a\u00f1os de historia en un Tour Privado al Castillo de Windsor y Oxford desde Londres junto a su gu\u00eda tur\u00edstico | Tour Travel and More \u2705","og_url":"https:\/\/tourtravelandmore.com\/es\/tours\/reino-unido-es\/londres-es\/tour-privado-a-stonehenge-y-oxford-desde-londres-copy\/","og_site_name":"Tour Travel And More","article_publisher":"https:\/\/www.facebook.com\/tourtravelandmore\/","article_modified_time":"2024-04-09T13:15:08+00:00","og_image":[{"width":960,"height":640,"url":"https:\/\/tourtravelandmore.com\/wp-content\/uploads\/2024\/04\/windsor-castle-2755009_960_720.jpg","type":"image\/jpeg"}],"twitter_card":"summary_large_image","twitter_site":"@TourTravel_More","twitter_misc":{"Tiempo de lectura":"4 minutos"},"schema":{"@context":"https:\/\/schema.org","@graph":[{"@type":"WebPage","@id":"https:\/\/tourtravelandmore.com\/es\/tours\/reino-unido-es\/londres-es\/tour-privado-a-stonehenge-y-oxford-desde-londres-copy\/","url":"https:\/\/tourtravelandmore.com\/es\/tours\/reino-unido-es\/londres-es\/tour-privado-a-stonehenge-y-oxford-desde-londres-copy\/","name":"\u27a1\ufe0f Tour Privado al Castillo de Windsor & Oxford desde Londres | TT&M","isPartOf":{"@id":"https:\/\/tourtravelandmore.com\/es\/#website"},"primaryImageOfPage":{"@id":"https:\/\/tourtravelandmore.com\/es\/tours\/reino-unido-es\/londres-es\/tour-privado-a-stonehenge-y-oxford-desde-londres-copy\/#primaryimage"},"image":{"@id":"https:\/\/tourtravelandmore.com\/es\/tours\/reino-unido-es\/londres-es\/tour-privado-a-stonehenge-y-oxford-desde-londres-copy\/#primaryimage"},"thumbnailUrl":"https:\/\/tourtravelandmore.com\/wp-content\/uploads\/2024\/04\/windsor-castle-2755009_960_720.jpg","datePublished":"2024-04-09T12:57:13+00:00","dateModified":"2024-04-09T13:15:08+00:00","description":"Descubra m\u00e1s de 5.000 a\u00f1os de historia en un Tour Privado al Castillo de Windsor y Oxford desde Londres junto a su gu\u00eda tur\u00edstico | Tour Travel and More \u2705","breadcrumb":{"@id":"https:\/\/tourtravelandmore.com\/es\/tours\/reino-unido-es\/londres-es\/tour-privado-a-stonehenge-y-oxford-desde-londres-copy\/#breadcrumb"},"inLanguage":"es","potentialAction":[{"@type":"ReadAction","target":["https:\/\/tourtravelandmore.com\/es\/tours\/reino-unido-es\/londres-es\/tour-privado-a-stonehenge-y-oxford-desde-londres-copy\/"]}]},{"@type":"ImageObject","inLanguage":"es","@id":"https:\/\/tourtravelandmore.com\/es\/tours\/reino-unido-es\/londres-es\/tour-privado-a-stonehenge-y-oxford-desde-londres-copy\/#primaryimage","url":"https:\/\/tourtravelandmore.com\/wp-content\/uploads\/2024\/04\/windsor-castle-2755009_960_720.jpg","contentUrl":"https:\/\/tourtravelandmore.com\/wp-content\/uploads\/2024\/04\/windsor-castle-2755009_960_720.jpg","width":960,"height":640},{"@type":"BreadcrumbList","@id":"https:\/\/tourtravelandmore.com\/es\/tours\/reino-unido-es\/londres-es\/tour-privado-a-stonehenge-y-oxford-desde-londres-copy\/#breadcrumb","itemListElement":[{"@type":"ListItem","position":1,"name":"Home","item":"https:\/\/tourtravelandmore.com\/es\/"},{"@type":"ListItem","position":2,"name":"Tours","item":"https:\/\/tourtravelandmore.com\/es\/tours\/"},{"@type":"ListItem","position":3,"name":"Tour Privado al Castillo de Windsor &#038; Oxford desde Londres"}]},{"@type":"WebSite","@id":"https:\/\/tourtravelandmore.com\/es\/#website","url":"https:\/\/tourtravelandmore.com\/es\/","name":"Tour Travel And More","description":"Private sightseeing tours and luxury transfers in Spain","publisher":{"@id":"https:\/\/tourtravelandmore.com\/es\/#organization"},"potentialAction":[{"@type":"SearchAction","target":{"@type":"EntryPoint","urlTemplate":"https:\/\/tourtravelandmore.com\/es\/?s={search_term_string}"},"query-input":{"@type":"PropertyValueSpecification","valueRequired":true,"valueName":"search_term_string"}}],"inLanguage":"es"},{"@type":"Organization","@id":"https:\/\/tourtravelandmore.com\/es\/#organization","name":"Tour Travel And More","url":"https:\/\/tourtravelandmore.com\/es\/","logo":{"@type":"ImageObject","inLanguage":"es","@id":"https:\/\/tourtravelandmore.com\/es\/#\/schema\/logo\/image\/","url":"https:\/\/tourtravelandmore.com\/wp-content\/uploads\/2022\/12\/cropped-logo-cabecera-new.png","contentUrl":"https:\/\/tourtravelandmore.com\/wp-content\/uploads\/2022\/12\/cropped-logo-cabecera-new.png","width":430,"height":61,"caption":"Tour Travel And More"},"image":{"@id":"https:\/\/tourtravelandmore.com\/es\/#\/schema\/logo\/image\/"},"sameAs":["https:\/\/www.facebook.com\/tourtravelandmore\/","https:\/\/x.com\/TourTravel_More"]}]}},"_links":{"self":[{"href":"https:\/\/tourtravelandmore.com\/es\/wp-json\/wp\/v2\/product\/174265","targetHints":{"allow":["GET"]}}],"collection":[{"href":"https:\/\/tourtravelandmore.com\/es\/wp-json\/wp\/v2\/product"}],"about":[{"href":"https:\/\/tourtravelandmore.com\/es\/wp-json\/wp\/v2\/types\/product"}],"replies":[{"embeddable":true,"href":"https:\/\/tourtravelandmore.com\/es\/wp-json\/wp\/v2\/comments?post=174265"}],"wp:featuredmedia":[{"embeddable":true,"href":"https:\/\/tourtravelandmore.com\/es\/wp-json\/wp\/v2\/media\/174296"}],"wp:attachment":[{"href":"https:\/\/tourtravelandmore.com\/es\/wp-json\/wp\/v2\/media?parent=174265"}],"wp:term":[{"taxonomy":"product_brand","embeddable":true,"href":"https:\/\/tourtravelandmore.com\/es\/wp-json\/wp\/v2\/product_brand?post=174265"},{"taxonomy":"product_cat","embeddable":true,"href":"https:\/\/tourtravelandmore.com\/es\/wp-json\/wp\/v2\/product_cat?post=174265"},{"taxonomy":"product_tag","embeddable":true,"href":"https:\/\/tourtravelandmore.com\/es\/wp-json\/wp\/v2\/product_tag?post=174265"}],"curies":[{"name":"wp","href":"https:\/\/api.w.org\/{rel}","templated":true}]}}