{"id":174219,"date":"2024-04-09T14:37:20","date_gmt":"2024-04-09T12:37:21","guid":{"rendered":"https:\/\/tourtravelandmore.com\/?post_type=product&#038;p=174219"},"modified":"2024-04-09T14:53:14","modified_gmt":"2024-04-09T12:53:14","slug":"tour-privado-a-stonehenge-y-el-castillo-de-windsor-desde-londres-copy","status":"publish","type":"product","link":"https:\/\/tourtravelandmore.com\/es\/tours\/reino-unido-es\/londres-es\/tour-privado-a-stonehenge-y-el-castillo-de-windsor-desde-londres-copy\/","title":{"rendered":"Tour privado a Stonehenge y Oxford desde Londres"},"content":{"rendered":"<h2>Descripci\u00f3n de Tour privado a Stonehenge y Oxford desde Londres<\/h2>\n<p>Emb\u00e1rquese en un cautivador viaje a trav\u00e9s del tiempo y el conocimiento con nuestra exclusiva Excursi\u00f3n privada a Stonehenge y Oxford desde Londres. Ad\u00e9ntrese en los antiguos misterios de Stonehenge. Donde imponentes monolitos de piedra susurran historias de milenios pasados. Explore los salones llenos de historia de Oxford, basti\u00f3n de la excelencia acad\u00e9mica y el esplendor arquitect\u00f3nico.<\/p>\n<p>Su aventura comienza con una c\u00e1lida bienvenida de nuestro experto gu\u00eda y conductor profesional en su alojamiento de Londres. Con un c\u00f3modo transporte a su disposici\u00f3n durante 12 horas, disfrutar\u00e1 de una experiencia personalizada y fluida durante todo el d\u00eda.<\/p>\n<p>Al final de la visita guiada de 12 horas, el conductor le llevar\u00e1 de vuelta a Londres para dejarle en el lugar que elija.<\/p>\n<h2>Puntos de inter\u00e9s<\/h2>\n<p>En primer lugar, le llevaremos al enigm\u00e1tico lugar de Stonehenge. Se trata de un lugar declarado Patrimonio de la Humanidad por la UNESCO cargado de historia e intriga. As\u00f3mbrese al contemplar los antiguos c\u00edrculos de piedra, cuya finalidad y or\u00edgenes est\u00e1n envueltos en el misterio. Con nuestro gu\u00eda experto a su lado, desentra\u00f1ar\u00e1 los secretos de este emblem\u00e1tico monumento y se sumergir\u00e1 en su aura atemporal.<\/p>\n<p>Tras explorar las maravillas de Stonehenge, viajaremos a la hist\u00f3rica ciudad de Oxford, famosa por su prestigiosa universidad y su impresionante arquitectura. Mientras pasea por las calles adoquinadas y los majestuosos patios de las universidades, sentir\u00e1 los ecos de siglos de excelencia acad\u00e9mica e importancia cultural.<\/p>\n<p>Nuestro experto gu\u00eda le acompa\u00f1ar\u00e1 durante todo el recorrido, ofreci\u00e9ndole fascinantes perspectivas sobre la historia y el significado de cada destino. Desde los antiguos misterios de Stonehenge hasta el ambiente acad\u00e9mico de Oxford. Apreciar\u00e1 m\u00e1s profundamente el rico patrimonio cultural de Inglaterra.<\/p>\n<p>Le llevaremos de vuelta a Londres sin demora al final de esta excursi\u00f3n privada.<\/p>\n<p>Si es fan de la saga de Harry Potter, puede completar su itinerario por Inglaterra con nuestra visita a <a href=\"https:\/\/tourtravelandmore.com\/tours\/united-kingdom\/london-en\/harry-potter-private-tour-at-warner-studios\/\">Harry Potter en los Estudios Warner.<\/a><\/p>\n","protected":false},"excerpt":{"rendered":"<p>Emb\u00e1rquese en un cautivador viaje a trav\u00e9s del tiempo y el conocimiento con nuestra exclusiva Excursi\u00f3n privada a Stonehenge y Oxford desde Londres. Ad\u00e9ntrese en los antiguos misterios de Stonehenge. Donde imponentes monolitos de piedra susurran historias de milenios pasados. Explore los salones llenos de historia de Oxford, basti\u00f3n de la excelencia acad\u00e9mica y el esplendor arquitect\u00f3nico.<\/p>\n","protected":false},"featured_media":174244,"comment_status":"open","ping_status":"closed","template":"","meta":{"_acf_changed":false},"product_brand":[],"product_cat":[1603,1142,1151,1150],"product_tag":[],"class_list":{"0":"post-174219","1":"product","2":"type-product","3":"status-publish","4":"has-post-thumbnail","6":"product_cat-reino-unido-es","7":"product_cat-londres-es","8":"product_cat-londres-actividades-es","9":"product_cat-londres-tours-es","11":"first","12":"instock","13":"shipping-taxable","14":"purchasable","15":"product-type-simple"},"acf":[],"yoast_head":"<!-- This site is optimized with the Yoast SEO Premium plugin v25.3.1 (Yoast SEO v25.3.1) - https:\/\/yoast.com\/wordpress\/plugins\/seo\/ -->\n<title>\u27a1\ufe0f Tour privado a Stonehenge y Oxford desde Londres | TT&amp;M<\/title>\n<meta name=\"description\" content=\"Descubra m\u00e1s de 5.000 a\u00f1os de historia en un Tour Privado a Stonehenge y Oxford desde Londres junto a su gu\u00eda tur\u00edstico | Tour Travel and More \u2705\" \/>\n<meta name=\"robots\" content=\"index, follow, max-snippet:-1, max-image-preview:large, max-video-preview:-1\" \/>\n<link rel=\"canonical\" href=\"https:\/\/tourtravelandmore.com\/es\/tours\/reino-unido-es\/londres-es\/tour-privado-a-stonehenge-y-el-castillo-de-windsor-desde-londres-copy\/\" \/>\n<meta property=\"og:locale\" content=\"es_ES\" \/>\n<meta property=\"og:type\" content=\"article\" \/>\n<meta property=\"og:title\" content=\"Tour privado a Stonehenge y Oxford desde Londres\" \/>\n<meta property=\"og:description\" content=\"Descubra m\u00e1s de 5.000 a\u00f1os de historia en un Tour Privado a Stonehenge y Oxford desde Londres junto a su gu\u00eda tur\u00edstico | Tour Travel and More \u2705\" \/>\n<meta property=\"og:url\" content=\"https:\/\/tourtravelandmore.com\/es\/tours\/reino-unido-es\/londres-es\/tour-privado-a-stonehenge-y-el-castillo-de-windsor-desde-londres-copy\/\" \/>\n<meta property=\"og:site_name\" content=\"Tour Travel And More\" \/>\n<meta property=\"article:publisher\" content=\"https:\/\/www.facebook.com\/tourtravelandmore\/\" \/>\n<meta property=\"article:modified_time\" content=\"2024-04-09T12:53:14+00:00\" \/>\n<meta property=\"og:image\" content=\"https:\/\/tourtravelandmore.com\/wp-content\/uploads\/2024\/04\/oxford-534808_960_720.jpg\" \/>\n\t<meta property=\"og:image:width\" content=\"960\" \/>\n\t<meta property=\"og:image:height\" content=\"720\" \/>\n\t<meta property=\"og:image:type\" content=\"image\/jpeg\" \/>\n<meta name=\"twitter:card\" content=\"summary_large_image\" \/>\n<meta name=\"twitter:site\" content=\"@TourTravel_More\" \/>\n<meta name=\"twitter:label1\" content=\"Tiempo de lectura\" \/>\n\t<meta name=\"twitter:data1\" content=\"4 minutos\" \/>\n<script type=\"application\/ld+json\" class=\"yoast-schema-graph\">{\"@context\":\"https:\/\/schema.org\",\"@graph\":[{\"@type\":\"WebPage\",\"@id\":\"https:\/\/tourtravelandmore.com\/es\/tours\/reino-unido-es\/londres-es\/tour-privado-a-stonehenge-y-el-castillo-de-windsor-desde-londres-copy\/\",\"url\":\"https:\/\/tourtravelandmore.com\/es\/tours\/reino-unido-es\/londres-es\/tour-privado-a-stonehenge-y-el-castillo-de-windsor-desde-londres-copy\/\",\"name\":\"\u27a1\ufe0f Tour privado a Stonehenge y Oxford desde Londres | TT&M\",\"isPartOf\":{\"@id\":\"https:\/\/tourtravelandmore.com\/es\/#website\"},\"primaryImageOfPage\":{\"@id\":\"https:\/\/tourtravelandmore.com\/es\/tours\/reino-unido-es\/londres-es\/tour-privado-a-stonehenge-y-el-castillo-de-windsor-desde-londres-copy\/#primaryimage\"},\"image\":{\"@id\":\"https:\/\/tourtravelandmore.com\/es\/tours\/reino-unido-es\/londres-es\/tour-privado-a-stonehenge-y-el-castillo-de-windsor-desde-londres-copy\/#primaryimage\"},\"thumbnailUrl\":\"https:\/\/tourtravelandmore.com\/wp-content\/uploads\/2024\/04\/oxford-534808_960_720.jpg\",\"datePublished\":\"2024-04-09T12:37:21+00:00\",\"dateModified\":\"2024-04-09T12:53:14+00:00\",\"description\":\"Descubra m\u00e1s de 5.000 a\u00f1os de historia en un Tour Privado a Stonehenge y Oxford desde Londres junto a su gu\u00eda tur\u00edstico | Tour Travel and More \u2705\",\"breadcrumb\":{\"@id\":\"https:\/\/tourtravelandmore.com\/es\/tours\/reino-unido-es\/londres-es\/tour-privado-a-stonehenge-y-el-castillo-de-windsor-desde-londres-copy\/#breadcrumb\"},\"inLanguage\":\"es\",\"potentialAction\":[{\"@type\":\"ReadAction\",\"target\":[\"https:\/\/tourtravelandmore.com\/es\/tours\/reino-unido-es\/londres-es\/tour-privado-a-stonehenge-y-el-castillo-de-windsor-desde-londres-copy\/\"]}]},{\"@type\":\"ImageObject\",\"inLanguage\":\"es\",\"@id\":\"https:\/\/tourtravelandmore.com\/es\/tours\/reino-unido-es\/londres-es\/tour-privado-a-stonehenge-y-el-castillo-de-windsor-desde-londres-copy\/#primaryimage\",\"url\":\"https:\/\/tourtravelandmore.com\/wp-content\/uploads\/2024\/04\/oxford-534808_960_720.jpg\",\"contentUrl\":\"https:\/\/tourtravelandmore.com\/wp-content\/uploads\/2024\/04\/oxford-534808_960_720.jpg\",\"width\":960,\"height\":720},{\"@type\":\"BreadcrumbList\",\"@id\":\"https:\/\/tourtravelandmore.com\/es\/tours\/reino-unido-es\/londres-es\/tour-privado-a-stonehenge-y-el-castillo-de-windsor-desde-londres-copy\/#breadcrumb\",\"itemListElement\":[{\"@type\":\"ListItem\",\"position\":1,\"name\":\"Home\",\"item\":\"https:\/\/tourtravelandmore.com\/es\/\"},{\"@type\":\"ListItem\",\"position\":2,\"name\":\"Tours\",\"item\":\"https:\/\/tourtravelandmore.com\/es\/tours\/\"},{\"@type\":\"ListItem\",\"position\":3,\"name\":\"Tour privado a Stonehenge y Oxford desde Londres\"}]},{\"@type\":\"WebSite\",\"@id\":\"https:\/\/tourtravelandmore.com\/es\/#website\",\"url\":\"https:\/\/tourtravelandmore.com\/es\/\",\"name\":\"Tour Travel And More\",\"description\":\"Private sightseeing tours and luxury transfers in Spain\",\"publisher\":{\"@id\":\"https:\/\/tourtravelandmore.com\/es\/#organization\"},\"potentialAction\":[{\"@type\":\"SearchAction\",\"target\":{\"@type\":\"EntryPoint\",\"urlTemplate\":\"https:\/\/tourtravelandmore.com\/es\/?s={search_term_string}\"},\"query-input\":{\"@type\":\"PropertyValueSpecification\",\"valueRequired\":true,\"valueName\":\"search_term_string\"}}],\"inLanguage\":\"es\"},{\"@type\":\"Organization\",\"@id\":\"https:\/\/tourtravelandmore.com\/es\/#organization\",\"name\":\"Tour Travel And More\",\"url\":\"https:\/\/tourtravelandmore.com\/es\/\",\"logo\":{\"@type\":\"ImageObject\",\"inLanguage\":\"es\",\"@id\":\"https:\/\/tourtravelandmore.com\/es\/#\/schema\/logo\/image\/\",\"url\":\"https:\/\/tourtravelandmore.com\/wp-content\/uploads\/2022\/12\/cropped-logo-cabecera-new.png\",\"contentUrl\":\"https:\/\/tourtravelandmore.com\/wp-content\/uploads\/2022\/12\/cropped-logo-cabecera-new.png\",\"width\":430,\"height\":61,\"caption\":\"Tour Travel And More\"},\"image\":{\"@id\":\"https:\/\/tourtravelandmore.com\/es\/#\/schema\/logo\/image\/\"},\"sameAs\":[\"https:\/\/www.facebook.com\/tourtravelandmore\/\",\"https:\/\/x.com\/TourTravel_More\"]}]}<\/script>\n<!-- \/ Yoast SEO Premium plugin. -->","yoast_head_json":{"title":"\u27a1\ufe0f Tour privado a Stonehenge y Oxford desde Londres | TT&M","description":"Descubra m\u00e1s de 5.000 a\u00f1os de historia en un Tour Privado a Stonehenge y Oxford desde Londres junto a su gu\u00eda tur\u00edstico | Tour Travel and More \u2705","robots":{"index":"index","follow":"follow","max-snippet":"max-snippet:-1","max-image-preview":"max-image-preview:large","max-video-preview":"max-video-preview:-1"},"canonical":"https:\/\/tourtravelandmore.com\/es\/tours\/reino-unido-es\/londres-es\/tour-privado-a-stonehenge-y-el-castillo-de-windsor-desde-londres-copy\/","og_locale":"es_ES","og_type":"article","og_title":"Tour privado a Stonehenge y Oxford desde Londres","og_description":"Descubra m\u00e1s de 5.000 a\u00f1os de historia en un Tour Privado a Stonehenge y Oxford desde Londres junto a su gu\u00eda tur\u00edstico | Tour Travel and More \u2705","og_url":"https:\/\/tourtravelandmore.com\/es\/tours\/reino-unido-es\/londres-es\/tour-privado-a-stonehenge-y-el-castillo-de-windsor-desde-londres-copy\/","og_site_name":"Tour Travel And More","article_publisher":"https:\/\/www.facebook.com\/tourtravelandmore\/","article_modified_time":"2024-04-09T12:53:14+00:00","og_image":[{"width":960,"height":720,"url":"https:\/\/tourtravelandmore.com\/wp-content\/uploads\/2024\/04\/oxford-534808_960_720.jpg","type":"image\/jpeg"}],"twitter_card":"summary_large_image","twitter_site":"@TourTravel_More","twitter_misc":{"Tiempo de lectura":"4 minutos"},"schema":{"@context":"https:\/\/schema.org","@graph":[{"@type":"WebPage","@id":"https:\/\/tourtravelandmore.com\/es\/tours\/reino-unido-es\/londres-es\/tour-privado-a-stonehenge-y-el-castillo-de-windsor-desde-londres-copy\/","url":"https:\/\/tourtravelandmore.com\/es\/tours\/reino-unido-es\/londres-es\/tour-privado-a-stonehenge-y-el-castillo-de-windsor-desde-londres-copy\/","name":"\u27a1\ufe0f Tour privado a Stonehenge y Oxford desde Londres | TT&M","isPartOf":{"@id":"https:\/\/tourtravelandmore.com\/es\/#website"},"primaryImageOfPage":{"@id":"https:\/\/tourtravelandmore.com\/es\/tours\/reino-unido-es\/londres-es\/tour-privado-a-stonehenge-y-el-castillo-de-windsor-desde-londres-copy\/#primaryimage"},"image":{"@id":"https:\/\/tourtravelandmore.com\/es\/tours\/reino-unido-es\/londres-es\/tour-privado-a-stonehenge-y-el-castillo-de-windsor-desde-londres-copy\/#primaryimage"},"thumbnailUrl":"https:\/\/tourtravelandmore.com\/wp-content\/uploads\/2024\/04\/oxford-534808_960_720.jpg","datePublished":"2024-04-09T12:37:21+00:00","dateModified":"2024-04-09T12:53:14+00:00","description":"Descubra m\u00e1s de 5.000 a\u00f1os de historia en un Tour Privado a Stonehenge y Oxford desde Londres junto a su gu\u00eda tur\u00edstico | Tour Travel and More \u2705","breadcrumb":{"@id":"https:\/\/tourtravelandmore.com\/es\/tours\/reino-unido-es\/londres-es\/tour-privado-a-stonehenge-y-el-castillo-de-windsor-desde-londres-copy\/#breadcrumb"},"inLanguage":"es","potentialAction":[{"@type":"ReadAction","target":["https:\/\/tourtravelandmore.com\/es\/tours\/reino-unido-es\/londres-es\/tour-privado-a-stonehenge-y-el-castillo-de-windsor-desde-londres-copy\/"]}]},{"@type":"ImageObject","inLanguage":"es","@id":"https:\/\/tourtravelandmore.com\/es\/tours\/reino-unido-es\/londres-es\/tour-privado-a-stonehenge-y-el-castillo-de-windsor-desde-londres-copy\/#primaryimage","url":"https:\/\/tourtravelandmore.com\/wp-content\/uploads\/2024\/04\/oxford-534808_960_720.jpg","contentUrl":"https:\/\/tourtravelandmore.com\/wp-content\/uploads\/2024\/04\/oxford-534808_960_720.jpg","width":960,"height":720},{"@type":"BreadcrumbList","@id":"https:\/\/tourtravelandmore.com\/es\/tours\/reino-unido-es\/londres-es\/tour-privado-a-stonehenge-y-el-castillo-de-windsor-desde-londres-copy\/#breadcrumb","itemListElement":[{"@type":"ListItem","position":1,"name":"Home","item":"https:\/\/tourtravelandmore.com\/es\/"},{"@type":"ListItem","position":2,"name":"Tours","item":"https:\/\/tourtravelandmore.com\/es\/tours\/"},{"@type":"ListItem","position":3,"name":"Tour privado a Stonehenge y Oxford desde Londres"}]},{"@type":"WebSite","@id":"https:\/\/tourtravelandmore.com\/es\/#website","url":"https:\/\/tourtravelandmore.com\/es\/","name":"Tour Travel And More","description":"Private sightseeing tours and luxury transfers in Spain","publisher":{"@id":"https:\/\/tourtravelandmore.com\/es\/#organization"},"potentialAction":[{"@type":"SearchAction","target":{"@type":"EntryPoint","urlTemplate":"https:\/\/tourtravelandmore.com\/es\/?s={search_term_string}"},"query-input":{"@type":"PropertyValueSpecification","valueRequired":true,"valueName":"search_term_string"}}],"inLanguage":"es"},{"@type":"Organization","@id":"https:\/\/tourtravelandmore.com\/es\/#organization","name":"Tour Travel And More","url":"https:\/\/tourtravelandmore.com\/es\/","logo":{"@type":"ImageObject","inLanguage":"es","@id":"https:\/\/tourtravelandmore.com\/es\/#\/schema\/logo\/image\/","url":"https:\/\/tourtravelandmore.com\/wp-content\/uploads\/2022\/12\/cropped-logo-cabecera-new.png","contentUrl":"https:\/\/tourtravelandmore.com\/wp-content\/uploads\/2022\/12\/cropped-logo-cabecera-new.png","width":430,"height":61,"caption":"Tour Travel And More"},"image":{"@id":"https:\/\/tourtravelandmore.com\/es\/#\/schema\/logo\/image\/"},"sameAs":["https:\/\/www.facebook.com\/tourtravelandmore\/","https:\/\/x.com\/TourTravel_More"]}]}},"_links":{"self":[{"href":"https:\/\/tourtravelandmore.com\/es\/wp-json\/wp\/v2\/product\/174219","targetHints":{"allow":["GET"]}}],"collection":[{"href":"https:\/\/tourtravelandmore.com\/es\/wp-json\/wp\/v2\/product"}],"about":[{"href":"https:\/\/tourtravelandmore.com\/es\/wp-json\/wp\/v2\/types\/product"}],"replies":[{"embeddable":true,"href":"https:\/\/tourtravelandmore.com\/es\/wp-json\/wp\/v2\/comments?post=174219"}],"wp:featuredmedia":[{"embeddable":true,"href":"https:\/\/tourtravelandmore.com\/es\/wp-json\/wp\/v2\/media\/174244"}],"wp:attachment":[{"href":"https:\/\/tourtravelandmore.com\/es\/wp-json\/wp\/v2\/media?parent=174219"}],"wp:term":[{"taxonomy":"product_brand","embeddable":true,"href":"https:\/\/tourtravelandmore.com\/es\/wp-json\/wp\/v2\/product_brand?post=174219"},{"taxonomy":"product_cat","embeddable":true,"href":"https:\/\/tourtravelandmore.com\/es\/wp-json\/wp\/v2\/product_cat?post=174219"},{"taxonomy":"product_tag","embeddable":true,"href":"https:\/\/tourtravelandmore.com\/es\/wp-json\/wp\/v2\/product_tag?post=174219"}],"curies":[{"name":"wp","href":"https:\/\/api.w.org\/{rel}","templated":true}]}}