{"id":174004,"date":"2024-03-20T19:20:17","date_gmt":"2024-03-20T18:20:17","guid":{"rendered":"https:\/\/tourtravelandmore.com\/?post_type=product&#038;p=174004"},"modified":"2024-03-20T20:51:29","modified_gmt":"2024-03-20T19:51:29","slug":"tour-privado-de-medio-dia-con-cata-de-vinos-desde-estrasburgo-copy","status":"publish","type":"product","link":"https:\/\/tourtravelandmore.com\/es\/tours\/francia\/estrasburgo\/tour-privado-de-medio-dia-con-cata-de-vinos-desde-estrasburgo-copy\/","title":{"rendered":"Traslado privado de llegada o salida de la estaci\u00f3n de tren de Estrasburgo"},"content":{"rendered":"<h2>Descripci\u00f3n<\/h2>\n<p>Disfrute de un <strong>traslado privado de llegada o salida de la estaci\u00f3n de tren de Estrasburgo<\/strong> sin complicaciones con nuestro servicio exclusivo de <strong>Tour Travel &amp; More<\/strong>. Nuestro conductor profesional le recibir\u00e1 en el and\u00e9n de llegadas con un cartel personalizado y le llevar\u00e1 c\u00f3modamente a su destino en un coche privado de alta gama.<\/p>\n<p>Durante el <strong>traslado,<\/strong> podr\u00e1 relajarse y disfrutar del paisaje mientras nuestro experimentado conductor navega por las calles de esta encantadora ciudad. Tanto si llega a la ciudad para un viaje de negocios como para unas relajantes vacaciones, nuestro servicio de traslado privado le garantiza un comienzo o un final de viaje perfectos.<\/p>\n<p>En caso de traslado de llegada, nuestro personal le estar\u00e1 esperando con un cartel en la terminal de llegadas. Nuestros conductores profesionales siempre controlan la hora exacta de aterrizaje de los vuelos. As\u00ed, no tendr\u00e1 que preocuparse en caso de retraso de su tren.<\/p>\n<h2>Puntos de Inter\u00e9s | Traslado Privado de Llegada o Salida desde la Estaci\u00f3n de Tren de Estrasburgo<\/h2>\n<p>Le recogeremos en su hotel o lugar de su elecci\u00f3n en <strong>Estrasburgo.<\/strong> Desde la estaci\u00f3n de tren directamente a la puerta de su hotel, sin molestias ni esperas.<\/p>\n<p>Puede elegir la hora del traslado en funci\u00f3n de sus necesidades, ya sea para una llegada puntual o una salida sin estr\u00e9s. Nuestro servicio est\u00e1 disponible 24\/7 para adaptarse a su horario. Con <strong>Tour Travel &amp; More<\/strong>, su comodidad y satisfacci\u00f3n son nuestra prioridad.<\/p>\n<p>Al ofrecer un viaje de ida, concentramos nuestros esfuerzos en garantizar su comodidad y satisfacci\u00f3n durante este tramo crucial de su viaje.<\/p>\n<p>Si lo desea, podemos organizar servicios adicionales como visitas por la ciudad, reservas en restaurantes o preparativos especiales para eventos o celebraciones durante su estancia en <strong>Estrasburgo.<\/strong><\/p>\n<p>La hora de inicio, la duraci\u00f3n y el itinerario son totalmente adaptables a sus deseos personales. <strong><a href=\"https:\/\/tourtravelandmore.com\/city\/france\/strasbourg\/\">Puede ver todos nuestros tours privados en Estrasburgo aqu\u00ed.<\/a><\/strong><\/p>\n","protected":false},"excerpt":{"rendered":"<p>Disfrute de un <strong>traslado privado de llegada o salida de la estaci\u00f3n de tren de Estrasburgo<\/strong> sin complicaciones con nuestro servicio exclusivo de <strong>Tour Travel &amp; More<\/strong>. Nuestro conductor profesional le recibir\u00e1 en el and\u00e9n de llegadas con un cartel personalizado y le llevar\u00e1 c\u00f3modamente a su destino en un coche privado de alta gama.<\/p>\n","protected":false},"featured_media":173392,"comment_status":"open","ping_status":"closed","template":"","meta":{"_acf_changed":false},"product_brand":[],"product_cat":[5211,5199,5215],"product_tag":[],"class_list":{"0":"post-174004","1":"product","2":"type-product","3":"status-publish","4":"has-post-thumbnail","6":"product_cat-all-private-tours-es-2","7":"product_cat-estrasburgo","8":"product_cat-private-sightseeing-tours-es-2","10":"first","11":"instock","12":"shipping-taxable","13":"purchasable","14":"product-type-simple"},"acf":[],"yoast_head":"<!-- This site is optimized with the Yoast SEO Premium plugin v25.3.1 (Yoast SEO v25.3.1) - https:\/\/yoast.com\/wordpress\/plugins\/seo\/ -->\n<title>\u27a1\ufe0fTraslado privado de llegada o salida de la estaci\u00f3n de tren de Estrasburgo - TTM<\/title>\n<meta name=\"description\" content=\"Traslado privado de llegada o salida desde la estaci\u00f3n de tren de Estrasburgo. Descubra esta hermosa regi\u00f3n en su veh\u00edculo privado con conductor. \u2705\" \/>\n<meta name=\"robots\" content=\"index, follow, max-snippet:-1, max-image-preview:large, max-video-preview:-1\" \/>\n<link rel=\"canonical\" href=\"https:\/\/tourtravelandmore.com\/es\/tours\/francia\/estrasburgo\/tour-privado-de-medio-dia-con-cata-de-vinos-desde-estrasburgo-copy\/\" \/>\n<meta property=\"og:locale\" content=\"es_ES\" \/>\n<meta property=\"og:type\" content=\"article\" \/>\n<meta property=\"og:title\" content=\"Traslado privado de llegada o salida de la estaci\u00f3n de tren de Estrasburgo\" \/>\n<meta property=\"og:description\" content=\"Traslado privado de llegada o salida desde la estaci\u00f3n de tren de Estrasburgo. Descubra esta hermosa regi\u00f3n en su veh\u00edculo privado con conductor. \u2705\" \/>\n<meta property=\"og:url\" content=\"https:\/\/tourtravelandmore.com\/es\/tours\/francia\/estrasburgo\/tour-privado-de-medio-dia-con-cata-de-vinos-desde-estrasburgo-copy\/\" \/>\n<meta property=\"og:site_name\" content=\"Tour Travel And More\" \/>\n<meta property=\"article:publisher\" content=\"https:\/\/www.facebook.com\/tourtravelandmore\/\" \/>\n<meta property=\"article:modified_time\" content=\"2024-03-20T19:51:29+00:00\" \/>\n<meta property=\"og:image\" content=\"https:\/\/tourtravelandmore.com\/wp-content\/uploads\/2024\/03\/SABACARSHPAIR-2.jpg\" \/>\n\t<meta property=\"og:image:width\" content=\"1848\" \/>\n\t<meta property=\"og:image:height\" content=\"1120\" \/>\n\t<meta property=\"og:image:type\" content=\"image\/jpeg\" \/>\n<meta name=\"twitter:card\" content=\"summary_large_image\" \/>\n<meta name=\"twitter:site\" content=\"@TourTravel_More\" \/>\n<meta name=\"twitter:label1\" content=\"Tiempo de lectura\" \/>\n\t<meta name=\"twitter:data1\" content=\"2 minutos\" \/>\n<script type=\"application\/ld+json\" class=\"yoast-schema-graph\">{\"@context\":\"https:\/\/schema.org\",\"@graph\":[{\"@type\":\"WebPage\",\"@id\":\"https:\/\/tourtravelandmore.com\/es\/tours\/francia\/estrasburgo\/tour-privado-de-medio-dia-con-cata-de-vinos-desde-estrasburgo-copy\/\",\"url\":\"https:\/\/tourtravelandmore.com\/es\/tours\/francia\/estrasburgo\/tour-privado-de-medio-dia-con-cata-de-vinos-desde-estrasburgo-copy\/\",\"name\":\"\u27a1\ufe0fTraslado privado de llegada o salida de la estaci\u00f3n de tren de Estrasburgo - TTM\",\"isPartOf\":{\"@id\":\"https:\/\/tourtravelandmore.com\/es\/#website\"},\"primaryImageOfPage\":{\"@id\":\"https:\/\/tourtravelandmore.com\/es\/tours\/francia\/estrasburgo\/tour-privado-de-medio-dia-con-cata-de-vinos-desde-estrasburgo-copy\/#primaryimage\"},\"image\":{\"@id\":\"https:\/\/tourtravelandmore.com\/es\/tours\/francia\/estrasburgo\/tour-privado-de-medio-dia-con-cata-de-vinos-desde-estrasburgo-copy\/#primaryimage\"},\"thumbnailUrl\":\"https:\/\/tourtravelandmore.com\/wp-content\/uploads\/2024\/03\/private-hire-1920x960-1.jpg\",\"datePublished\":\"2024-03-20T18:20:17+00:00\",\"dateModified\":\"2024-03-20T19:51:29+00:00\",\"description\":\"Traslado privado de llegada o salida desde la estaci\u00f3n de tren de Estrasburgo. Descubra esta hermosa regi\u00f3n en su veh\u00edculo privado con conductor. \u2705\",\"breadcrumb\":{\"@id\":\"https:\/\/tourtravelandmore.com\/es\/tours\/francia\/estrasburgo\/tour-privado-de-medio-dia-con-cata-de-vinos-desde-estrasburgo-copy\/#breadcrumb\"},\"inLanguage\":\"es\",\"potentialAction\":[{\"@type\":\"ReadAction\",\"target\":[\"https:\/\/tourtravelandmore.com\/es\/tours\/francia\/estrasburgo\/tour-privado-de-medio-dia-con-cata-de-vinos-desde-estrasburgo-copy\/\"]}]},{\"@type\":\"ImageObject\",\"inLanguage\":\"es\",\"@id\":\"https:\/\/tourtravelandmore.com\/es\/tours\/francia\/estrasburgo\/tour-privado-de-medio-dia-con-cata-de-vinos-desde-estrasburgo-copy\/#primaryimage\",\"url\":\"https:\/\/tourtravelandmore.com\/wp-content\/uploads\/2024\/03\/private-hire-1920x960-1.jpg\",\"contentUrl\":\"https:\/\/tourtravelandmore.com\/wp-content\/uploads\/2024\/03\/private-hire-1920x960-1.jpg\",\"width\":1920,\"height\":960},{\"@type\":\"BreadcrumbList\",\"@id\":\"https:\/\/tourtravelandmore.com\/es\/tours\/francia\/estrasburgo\/tour-privado-de-medio-dia-con-cata-de-vinos-desde-estrasburgo-copy\/#breadcrumb\",\"itemListElement\":[{\"@type\":\"ListItem\",\"position\":1,\"name\":\"Home\",\"item\":\"https:\/\/tourtravelandmore.com\/es\/\"},{\"@type\":\"ListItem\",\"position\":2,\"name\":\"Tours\",\"item\":\"https:\/\/tourtravelandmore.com\/es\/tours\/\"},{\"@type\":\"ListItem\",\"position\":3,\"name\":\"Traslado privado de llegada o salida de la estaci\u00f3n de tren de Estrasburgo\"}]},{\"@type\":\"WebSite\",\"@id\":\"https:\/\/tourtravelandmore.com\/es\/#website\",\"url\":\"https:\/\/tourtravelandmore.com\/es\/\",\"name\":\"Tour Travel And More\",\"description\":\"Private sightseeing tours and luxury transfers in Spain\",\"publisher\":{\"@id\":\"https:\/\/tourtravelandmore.com\/es\/#organization\"},\"potentialAction\":[{\"@type\":\"SearchAction\",\"target\":{\"@type\":\"EntryPoint\",\"urlTemplate\":\"https:\/\/tourtravelandmore.com\/es\/?s={search_term_string}\"},\"query-input\":{\"@type\":\"PropertyValueSpecification\",\"valueRequired\":true,\"valueName\":\"search_term_string\"}}],\"inLanguage\":\"es\"},{\"@type\":\"Organization\",\"@id\":\"https:\/\/tourtravelandmore.com\/es\/#organization\",\"name\":\"Tour Travel And More\",\"url\":\"https:\/\/tourtravelandmore.com\/es\/\",\"logo\":{\"@type\":\"ImageObject\",\"inLanguage\":\"es\",\"@id\":\"https:\/\/tourtravelandmore.com\/es\/#\/schema\/logo\/image\/\",\"url\":\"https:\/\/tourtravelandmore.com\/wp-content\/uploads\/2022\/12\/cropped-logo-cabecera-new.png\",\"contentUrl\":\"https:\/\/tourtravelandmore.com\/wp-content\/uploads\/2022\/12\/cropped-logo-cabecera-new.png\",\"width\":430,\"height\":61,\"caption\":\"Tour Travel And More\"},\"image\":{\"@id\":\"https:\/\/tourtravelandmore.com\/es\/#\/schema\/logo\/image\/\"},\"sameAs\":[\"https:\/\/www.facebook.com\/tourtravelandmore\/\",\"https:\/\/x.com\/TourTravel_More\"]}]}<\/script>\n<!-- \/ Yoast SEO Premium plugin. -->","yoast_head_json":{"title":"\u27a1\ufe0fTraslado privado de llegada o salida de la estaci\u00f3n de tren de Estrasburgo - TTM","description":"Traslado privado de llegada o salida desde la estaci\u00f3n de tren de Estrasburgo. Descubra esta hermosa regi\u00f3n en su veh\u00edculo privado con conductor. \u2705","robots":{"index":"index","follow":"follow","max-snippet":"max-snippet:-1","max-image-preview":"max-image-preview:large","max-video-preview":"max-video-preview:-1"},"canonical":"https:\/\/tourtravelandmore.com\/es\/tours\/francia\/estrasburgo\/tour-privado-de-medio-dia-con-cata-de-vinos-desde-estrasburgo-copy\/","og_locale":"es_ES","og_type":"article","og_title":"Traslado privado de llegada o salida de la estaci\u00f3n de tren de Estrasburgo","og_description":"Traslado privado de llegada o salida desde la estaci\u00f3n de tren de Estrasburgo. Descubra esta hermosa regi\u00f3n en su veh\u00edculo privado con conductor. \u2705","og_url":"https:\/\/tourtravelandmore.com\/es\/tours\/francia\/estrasburgo\/tour-privado-de-medio-dia-con-cata-de-vinos-desde-estrasburgo-copy\/","og_site_name":"Tour Travel And More","article_publisher":"https:\/\/www.facebook.com\/tourtravelandmore\/","article_modified_time":"2024-03-20T19:51:29+00:00","og_image":[{"width":1848,"height":1120,"url":"https:\/\/tourtravelandmore.com\/wp-content\/uploads\/2024\/03\/SABACARSHPAIR-2.jpg","type":"image\/jpeg"}],"twitter_card":"summary_large_image","twitter_site":"@TourTravel_More","twitter_misc":{"Tiempo de lectura":"2 minutos"},"schema":{"@context":"https:\/\/schema.org","@graph":[{"@type":"WebPage","@id":"https:\/\/tourtravelandmore.com\/es\/tours\/francia\/estrasburgo\/tour-privado-de-medio-dia-con-cata-de-vinos-desde-estrasburgo-copy\/","url":"https:\/\/tourtravelandmore.com\/es\/tours\/francia\/estrasburgo\/tour-privado-de-medio-dia-con-cata-de-vinos-desde-estrasburgo-copy\/","name":"\u27a1\ufe0fTraslado privado de llegada o salida de la estaci\u00f3n de tren de Estrasburgo - TTM","isPartOf":{"@id":"https:\/\/tourtravelandmore.com\/es\/#website"},"primaryImageOfPage":{"@id":"https:\/\/tourtravelandmore.com\/es\/tours\/francia\/estrasburgo\/tour-privado-de-medio-dia-con-cata-de-vinos-desde-estrasburgo-copy\/#primaryimage"},"image":{"@id":"https:\/\/tourtravelandmore.com\/es\/tours\/francia\/estrasburgo\/tour-privado-de-medio-dia-con-cata-de-vinos-desde-estrasburgo-copy\/#primaryimage"},"thumbnailUrl":"https:\/\/tourtravelandmore.com\/wp-content\/uploads\/2024\/03\/private-hire-1920x960-1.jpg","datePublished":"2024-03-20T18:20:17+00:00","dateModified":"2024-03-20T19:51:29+00:00","description":"Traslado privado de llegada o salida desde la estaci\u00f3n de tren de Estrasburgo. Descubra esta hermosa regi\u00f3n en su veh\u00edculo privado con conductor. \u2705","breadcrumb":{"@id":"https:\/\/tourtravelandmore.com\/es\/tours\/francia\/estrasburgo\/tour-privado-de-medio-dia-con-cata-de-vinos-desde-estrasburgo-copy\/#breadcrumb"},"inLanguage":"es","potentialAction":[{"@type":"ReadAction","target":["https:\/\/tourtravelandmore.com\/es\/tours\/francia\/estrasburgo\/tour-privado-de-medio-dia-con-cata-de-vinos-desde-estrasburgo-copy\/"]}]},{"@type":"ImageObject","inLanguage":"es","@id":"https:\/\/tourtravelandmore.com\/es\/tours\/francia\/estrasburgo\/tour-privado-de-medio-dia-con-cata-de-vinos-desde-estrasburgo-copy\/#primaryimage","url":"https:\/\/tourtravelandmore.com\/wp-content\/uploads\/2024\/03\/private-hire-1920x960-1.jpg","contentUrl":"https:\/\/tourtravelandmore.com\/wp-content\/uploads\/2024\/03\/private-hire-1920x960-1.jpg","width":1920,"height":960},{"@type":"BreadcrumbList","@id":"https:\/\/tourtravelandmore.com\/es\/tours\/francia\/estrasburgo\/tour-privado-de-medio-dia-con-cata-de-vinos-desde-estrasburgo-copy\/#breadcrumb","itemListElement":[{"@type":"ListItem","position":1,"name":"Home","item":"https:\/\/tourtravelandmore.com\/es\/"},{"@type":"ListItem","position":2,"name":"Tours","item":"https:\/\/tourtravelandmore.com\/es\/tours\/"},{"@type":"ListItem","position":3,"name":"Traslado privado de llegada o salida de la estaci\u00f3n de tren de Estrasburgo"}]},{"@type":"WebSite","@id":"https:\/\/tourtravelandmore.com\/es\/#website","url":"https:\/\/tourtravelandmore.com\/es\/","name":"Tour Travel And More","description":"Private sightseeing tours and luxury transfers in Spain","publisher":{"@id":"https:\/\/tourtravelandmore.com\/es\/#organization"},"potentialAction":[{"@type":"SearchAction","target":{"@type":"EntryPoint","urlTemplate":"https:\/\/tourtravelandmore.com\/es\/?s={search_term_string}"},"query-input":{"@type":"PropertyValueSpecification","valueRequired":true,"valueName":"search_term_string"}}],"inLanguage":"es"},{"@type":"Organization","@id":"https:\/\/tourtravelandmore.com\/es\/#organization","name":"Tour Travel And More","url":"https:\/\/tourtravelandmore.com\/es\/","logo":{"@type":"ImageObject","inLanguage":"es","@id":"https:\/\/tourtravelandmore.com\/es\/#\/schema\/logo\/image\/","url":"https:\/\/tourtravelandmore.com\/wp-content\/uploads\/2022\/12\/cropped-logo-cabecera-new.png","contentUrl":"https:\/\/tourtravelandmore.com\/wp-content\/uploads\/2022\/12\/cropped-logo-cabecera-new.png","width":430,"height":61,"caption":"Tour Travel And More"},"image":{"@id":"https:\/\/tourtravelandmore.com\/es\/#\/schema\/logo\/image\/"},"sameAs":["https:\/\/www.facebook.com\/tourtravelandmore\/","https:\/\/x.com\/TourTravel_More"]}]}},"_links":{"self":[{"href":"https:\/\/tourtravelandmore.com\/es\/wp-json\/wp\/v2\/product\/174004","targetHints":{"allow":["GET"]}}],"collection":[{"href":"https:\/\/tourtravelandmore.com\/es\/wp-json\/wp\/v2\/product"}],"about":[{"href":"https:\/\/tourtravelandmore.com\/es\/wp-json\/wp\/v2\/types\/product"}],"replies":[{"embeddable":true,"href":"https:\/\/tourtravelandmore.com\/es\/wp-json\/wp\/v2\/comments?post=174004"}],"wp:featuredmedia":[{"embeddable":true,"href":"https:\/\/tourtravelandmore.com\/es\/wp-json\/wp\/v2\/media\/173392"}],"wp:attachment":[{"href":"https:\/\/tourtravelandmore.com\/es\/wp-json\/wp\/v2\/media?parent=174004"}],"wp:term":[{"taxonomy":"product_brand","embeddable":true,"href":"https:\/\/tourtravelandmore.com\/es\/wp-json\/wp\/v2\/product_brand?post=174004"},{"taxonomy":"product_cat","embeddable":true,"href":"https:\/\/tourtravelandmore.com\/es\/wp-json\/wp\/v2\/product_cat?post=174004"},{"taxonomy":"product_tag","embeddable":true,"href":"https:\/\/tourtravelandmore.com\/es\/wp-json\/wp\/v2\/product_tag?post=174004"}],"curies":[{"name":"wp","href":"https:\/\/api.w.org\/{rel}","templated":true}]}}