{"id":173978,"date":"2024-03-20T18:38:52","date_gmt":"2024-03-20T17:38:52","guid":{"rendered":"https:\/\/tourtravelandmore.com\/?post_type=product&#038;p=173978"},"modified":"2024-03-20T19:17:31","modified_gmt":"2024-03-20T18:17:31","slug":"tour-privado-de-la-region-de-alsacia-desde-estrasburgo-copy","status":"publish","type":"product","link":"https:\/\/tourtravelandmore.com\/es\/tours\/francia\/estrasburgo\/tour-privado-de-la-region-de-alsacia-desde-estrasburgo-copy\/","title":{"rendered":"Tour privado de medio d\u00eda con cata de vinos desde Estrasburgo"},"content":{"rendered":"<h2>Descripci\u00f3n<\/h2>\n<p>Emb\u00e1rquese en un viaje exclusivo por los pintorescos <strong>vi\u00f1edos<\/strong> de la regi\u00f3n de <strong>Alsacia<\/strong> con la excursi\u00f3n privada de medio d\u00eda de <strong>Tour Travel &amp; More<\/strong> desde <strong>Estrasburgo.<\/strong> Disfrute de una experiencia personalizada mientras explora encantadoras bodegas y saborea exquisitos vinos locales.<\/p>\n<p>Visite dos <strong>prestigiosas bodegas<\/strong> y participe en catas de vino guiadas en grupos reducidos. Conozca las tradiciones vin\u00edcolas de la regi\u00f3n y deguste una gran variedad de vinos de primera calidad.<\/p>\n<p>Todos nuestros viajes son privados y se adaptan a los intereses de nuestros clientes. Nuestros expertos en viajes le ayudar\u00e1n a organizar una experiencia \u00fanica y a medida. Todo el recorrido se organizar\u00e1 seg\u00fan sus deseos personales.<\/p>\n<p>Con un conductor y transporte dedicados, sum\u00e9rjase en los ricos sabores y el patrimonio cultural de esta renombrada regi\u00f3n vin\u00edcola. Disfrute de la comodidad de un coche privado durante 5 horas, garantizando una experiencia de viaje relajada y sin interrupciones.<\/p>\n<h2>Puntos de inter\u00e9s<\/h2>\n<p>Le recogeremos en su hotel o lugar de su elecci\u00f3n en <strong>Estrasburgo.<\/strong> Saldremos hacia la primera bodega en <strong>Traenheim,<\/strong> un encantador pueblo conocido por sus vi\u00f1edos.<\/p>\n<p>Normalmente, nuestras visitas con degustaci\u00f3n de vinos en la zona de <strong>Colmar<\/strong> est\u00e1n meticulosamente planificadas. Sin embargo, tambi\u00e9n reconocemos la excepcional artesan\u00eda de los viticultores situados &#8220;al norte&#8221;, cerca de <strong>Estrasburgo.<\/strong> Por ejemplo, le recomendamos encarecidamente que visite bodegas tan apreciadas como <strong>Fr\u00e9d\u00e9ric Mochel,<\/strong> en <strong>Traenheim,<\/strong> y <strong>M\u00e9lanie Pfister,<\/strong> en <strong>Dahlenheim.<\/strong><\/p>\n<p>En <strong>Alsacia,<\/strong> muchos viticultores operan como empresas familiares, lo que a\u00f1ade un toque personal a la <strong>experiencia<\/strong> de la <strong>cata.<\/strong> Aunque puede haber ocasiones en las que los miembros de la familia no est\u00e9n disponibles para recibirnos, tenga la seguridad de que disponemos de contactos alternativos con bodegueros igualmente reputados para garantizar una visita encantadora a nuestros invitados. Nuestro principal objetivo sigue siendo ofrecer una <strong>visita enol\u00f3gica memorable,<\/strong> y nuestros clientes expresan constantemente su satisfacci\u00f3n con las excepcionales experiencias que les proporcionamos.<\/p>\n<p>Tras la visita, regrese a <strong>Estrasburgo<\/strong> con un grato recuerdo de su aventura enol\u00f3gica en <strong>Alsacia.<\/strong> Su ch\u00f3fer le dejar\u00e1 en su hotel o en el lugar que prefiera para dar por concluida la excursi\u00f3n.<\/p>\n<p>La hora de inicio, la duraci\u00f3n y el itinerario son totalmente adaptables a sus deseos personales. <a href=\"https:\/\/tourtravelandmore.com\/es\/ciudad\/francia\/estrasburgo\/\">Puede ver todos nuestros tours privados en Estrasburgo aqu\u00ed.<\/a><\/p>\n","protected":false},"excerpt":{"rendered":"<p>Emb\u00e1rquese en un viaje exclusivo por los pintorescos <strong>vi\u00f1edos<\/strong> de la regi\u00f3n de <strong>Alsacia<\/strong> con la excursi\u00f3n privada de medio d\u00eda de <strong>Tour Travel &amp; More<\/strong> desde <strong>Estrasburgo.<\/strong> Disfrute de una experiencia personalizada mientras explora encantadoras bodegas y saborea exquisitos vinos locales.<\/p>\n","protected":false},"featured_media":173994,"comment_status":"open","ping_status":"closed","template":"","meta":{"_acf_changed":false},"product_brand":[],"product_cat":[5211,5199,5215],"product_tag":[],"class_list":{"0":"post-173978","1":"product","2":"type-product","3":"status-publish","4":"has-post-thumbnail","6":"product_cat-all-private-tours-es-2","7":"product_cat-estrasburgo","8":"product_cat-private-sightseeing-tours-es-2","10":"first","11":"instock","12":"shipping-taxable","13":"purchasable","14":"product-type-simple"},"acf":[],"yoast_head":"<!-- This site is optimized with the Yoast SEO Premium plugin v25.3.1 (Yoast SEO v25.3.1) - https:\/\/yoast.com\/wordpress\/plugins\/seo\/ -->\n<title>\u27a1\ufe0fTour privado de medio d\u00eda con cata de vinos desde Estrasburgo - TTM<\/title>\n<meta name=\"description\" content=\"Excursi\u00f3n privada de medio d\u00eda con cata de vinos desde Estrasburgo. Descubra esta hermosa regi\u00f3n en un veh\u00edculo privado con conductor. \u2705\" \/>\n<meta name=\"robots\" content=\"index, follow, max-snippet:-1, max-image-preview:large, max-video-preview:-1\" \/>\n<link rel=\"canonical\" href=\"https:\/\/tourtravelandmore.com\/es\/tours\/francia\/estrasburgo\/tour-privado-de-la-region-de-alsacia-desde-estrasburgo-copy\/\" \/>\n<meta property=\"og:locale\" content=\"es_ES\" \/>\n<meta property=\"og:type\" content=\"article\" \/>\n<meta property=\"og:title\" content=\"Tour privado de medio d\u00eda con cata de vinos desde Estrasburgo\" \/>\n<meta property=\"og:description\" content=\"Excursi\u00f3n privada de medio d\u00eda con cata de vinos desde Estrasburgo. Descubra esta hermosa regi\u00f3n en un veh\u00edculo privado con conductor. \u2705\" \/>\n<meta property=\"og:url\" content=\"https:\/\/tourtravelandmore.com\/es\/tours\/francia\/estrasburgo\/tour-privado-de-la-region-de-alsacia-desde-estrasburgo-copy\/\" \/>\n<meta property=\"og:site_name\" content=\"Tour Travel And More\" \/>\n<meta property=\"article:publisher\" content=\"https:\/\/www.facebook.com\/tourtravelandmore\/\" \/>\n<meta property=\"article:modified_time\" content=\"2024-03-20T18:17:31+00:00\" \/>\n<meta property=\"og:image\" content=\"https:\/\/tourtravelandmore.com\/wp-content\/uploads\/2024\/03\/grapes-2656259_1280.jpg\" \/>\n\t<meta property=\"og:image:width\" content=\"1280\" \/>\n\t<meta property=\"og:image:height\" content=\"853\" \/>\n\t<meta property=\"og:image:type\" content=\"image\/jpeg\" \/>\n<meta name=\"twitter:card\" content=\"summary_large_image\" \/>\n<meta name=\"twitter:site\" content=\"@TourTravel_More\" \/>\n<meta name=\"twitter:label1\" content=\"Tiempo de lectura\" \/>\n\t<meta name=\"twitter:data1\" content=\"2 minutos\" \/>\n<script type=\"application\/ld+json\" class=\"yoast-schema-graph\">{\"@context\":\"https:\/\/schema.org\",\"@graph\":[{\"@type\":\"WebPage\",\"@id\":\"https:\/\/tourtravelandmore.com\/es\/tours\/francia\/estrasburgo\/tour-privado-de-la-region-de-alsacia-desde-estrasburgo-copy\/\",\"url\":\"https:\/\/tourtravelandmore.com\/es\/tours\/francia\/estrasburgo\/tour-privado-de-la-region-de-alsacia-desde-estrasburgo-copy\/\",\"name\":\"\u27a1\ufe0fTour privado de medio d\u00eda con cata de vinos desde Estrasburgo - TTM\",\"isPartOf\":{\"@id\":\"https:\/\/tourtravelandmore.com\/es\/#website\"},\"primaryImageOfPage\":{\"@id\":\"https:\/\/tourtravelandmore.com\/es\/tours\/francia\/estrasburgo\/tour-privado-de-la-region-de-alsacia-desde-estrasburgo-copy\/#primaryimage\"},\"image\":{\"@id\":\"https:\/\/tourtravelandmore.com\/es\/tours\/francia\/estrasburgo\/tour-privado-de-la-region-de-alsacia-desde-estrasburgo-copy\/#primaryimage\"},\"thumbnailUrl\":\"https:\/\/tourtravelandmore.com\/wp-content\/uploads\/2024\/03\/grapes-2656259_1280.jpg\",\"datePublished\":\"2024-03-20T17:38:52+00:00\",\"dateModified\":\"2024-03-20T18:17:31+00:00\",\"description\":\"Excursi\u00f3n privada de medio d\u00eda con cata de vinos desde Estrasburgo. Descubra esta hermosa regi\u00f3n en un veh\u00edculo privado con conductor. \u2705\",\"breadcrumb\":{\"@id\":\"https:\/\/tourtravelandmore.com\/es\/tours\/francia\/estrasburgo\/tour-privado-de-la-region-de-alsacia-desde-estrasburgo-copy\/#breadcrumb\"},\"inLanguage\":\"es\",\"potentialAction\":[{\"@type\":\"ReadAction\",\"target\":[\"https:\/\/tourtravelandmore.com\/es\/tours\/francia\/estrasburgo\/tour-privado-de-la-region-de-alsacia-desde-estrasburgo-copy\/\"]}]},{\"@type\":\"ImageObject\",\"inLanguage\":\"es\",\"@id\":\"https:\/\/tourtravelandmore.com\/es\/tours\/francia\/estrasburgo\/tour-privado-de-la-region-de-alsacia-desde-estrasburgo-copy\/#primaryimage\",\"url\":\"https:\/\/tourtravelandmore.com\/wp-content\/uploads\/2024\/03\/grapes-2656259_1280.jpg\",\"contentUrl\":\"https:\/\/tourtravelandmore.com\/wp-content\/uploads\/2024\/03\/grapes-2656259_1280.jpg\",\"width\":1280,\"height\":853},{\"@type\":\"BreadcrumbList\",\"@id\":\"https:\/\/tourtravelandmore.com\/es\/tours\/francia\/estrasburgo\/tour-privado-de-la-region-de-alsacia-desde-estrasburgo-copy\/#breadcrumb\",\"itemListElement\":[{\"@type\":\"ListItem\",\"position\":1,\"name\":\"Home\",\"item\":\"https:\/\/tourtravelandmore.com\/es\/\"},{\"@type\":\"ListItem\",\"position\":2,\"name\":\"Tours\",\"item\":\"https:\/\/tourtravelandmore.com\/es\/tours\/\"},{\"@type\":\"ListItem\",\"position\":3,\"name\":\"Tour privado de medio d\u00eda con cata de vinos desde Estrasburgo\"}]},{\"@type\":\"WebSite\",\"@id\":\"https:\/\/tourtravelandmore.com\/es\/#website\",\"url\":\"https:\/\/tourtravelandmore.com\/es\/\",\"name\":\"Tour Travel And More\",\"description\":\"Private sightseeing tours and luxury transfers in Spain\",\"publisher\":{\"@id\":\"https:\/\/tourtravelandmore.com\/es\/#organization\"},\"potentialAction\":[{\"@type\":\"SearchAction\",\"target\":{\"@type\":\"EntryPoint\",\"urlTemplate\":\"https:\/\/tourtravelandmore.com\/es\/?s={search_term_string}\"},\"query-input\":{\"@type\":\"PropertyValueSpecification\",\"valueRequired\":true,\"valueName\":\"search_term_string\"}}],\"inLanguage\":\"es\"},{\"@type\":\"Organization\",\"@id\":\"https:\/\/tourtravelandmore.com\/es\/#organization\",\"name\":\"Tour Travel And More\",\"url\":\"https:\/\/tourtravelandmore.com\/es\/\",\"logo\":{\"@type\":\"ImageObject\",\"inLanguage\":\"es\",\"@id\":\"https:\/\/tourtravelandmore.com\/es\/#\/schema\/logo\/image\/\",\"url\":\"https:\/\/tourtravelandmore.com\/wp-content\/uploads\/2022\/12\/cropped-logo-cabecera-new.png\",\"contentUrl\":\"https:\/\/tourtravelandmore.com\/wp-content\/uploads\/2022\/12\/cropped-logo-cabecera-new.png\",\"width\":430,\"height\":61,\"caption\":\"Tour Travel And More\"},\"image\":{\"@id\":\"https:\/\/tourtravelandmore.com\/es\/#\/schema\/logo\/image\/\"},\"sameAs\":[\"https:\/\/www.facebook.com\/tourtravelandmore\/\",\"https:\/\/x.com\/TourTravel_More\"]}]}<\/script>\n<!-- \/ Yoast SEO Premium plugin. -->","yoast_head_json":{"title":"\u27a1\ufe0fTour privado de medio d\u00eda con cata de vinos desde Estrasburgo - TTM","description":"Excursi\u00f3n privada de medio d\u00eda con cata de vinos desde Estrasburgo. Descubra esta hermosa regi\u00f3n en un veh\u00edculo privado con conductor. \u2705","robots":{"index":"index","follow":"follow","max-snippet":"max-snippet:-1","max-image-preview":"max-image-preview:large","max-video-preview":"max-video-preview:-1"},"canonical":"https:\/\/tourtravelandmore.com\/es\/tours\/francia\/estrasburgo\/tour-privado-de-la-region-de-alsacia-desde-estrasburgo-copy\/","og_locale":"es_ES","og_type":"article","og_title":"Tour privado de medio d\u00eda con cata de vinos desde Estrasburgo","og_description":"Excursi\u00f3n privada de medio d\u00eda con cata de vinos desde Estrasburgo. Descubra esta hermosa regi\u00f3n en un veh\u00edculo privado con conductor. \u2705","og_url":"https:\/\/tourtravelandmore.com\/es\/tours\/francia\/estrasburgo\/tour-privado-de-la-region-de-alsacia-desde-estrasburgo-copy\/","og_site_name":"Tour Travel And More","article_publisher":"https:\/\/www.facebook.com\/tourtravelandmore\/","article_modified_time":"2024-03-20T18:17:31+00:00","og_image":[{"width":1280,"height":853,"url":"https:\/\/tourtravelandmore.com\/wp-content\/uploads\/2024\/03\/grapes-2656259_1280.jpg","type":"image\/jpeg"}],"twitter_card":"summary_large_image","twitter_site":"@TourTravel_More","twitter_misc":{"Tiempo de lectura":"2 minutos"},"schema":{"@context":"https:\/\/schema.org","@graph":[{"@type":"WebPage","@id":"https:\/\/tourtravelandmore.com\/es\/tours\/francia\/estrasburgo\/tour-privado-de-la-region-de-alsacia-desde-estrasburgo-copy\/","url":"https:\/\/tourtravelandmore.com\/es\/tours\/francia\/estrasburgo\/tour-privado-de-la-region-de-alsacia-desde-estrasburgo-copy\/","name":"\u27a1\ufe0fTour privado de medio d\u00eda con cata de vinos desde Estrasburgo - TTM","isPartOf":{"@id":"https:\/\/tourtravelandmore.com\/es\/#website"},"primaryImageOfPage":{"@id":"https:\/\/tourtravelandmore.com\/es\/tours\/francia\/estrasburgo\/tour-privado-de-la-region-de-alsacia-desde-estrasburgo-copy\/#primaryimage"},"image":{"@id":"https:\/\/tourtravelandmore.com\/es\/tours\/francia\/estrasburgo\/tour-privado-de-la-region-de-alsacia-desde-estrasburgo-copy\/#primaryimage"},"thumbnailUrl":"https:\/\/tourtravelandmore.com\/wp-content\/uploads\/2024\/03\/grapes-2656259_1280.jpg","datePublished":"2024-03-20T17:38:52+00:00","dateModified":"2024-03-20T18:17:31+00:00","description":"Excursi\u00f3n privada de medio d\u00eda con cata de vinos desde Estrasburgo. Descubra esta hermosa regi\u00f3n en un veh\u00edculo privado con conductor. \u2705","breadcrumb":{"@id":"https:\/\/tourtravelandmore.com\/es\/tours\/francia\/estrasburgo\/tour-privado-de-la-region-de-alsacia-desde-estrasburgo-copy\/#breadcrumb"},"inLanguage":"es","potentialAction":[{"@type":"ReadAction","target":["https:\/\/tourtravelandmore.com\/es\/tours\/francia\/estrasburgo\/tour-privado-de-la-region-de-alsacia-desde-estrasburgo-copy\/"]}]},{"@type":"ImageObject","inLanguage":"es","@id":"https:\/\/tourtravelandmore.com\/es\/tours\/francia\/estrasburgo\/tour-privado-de-la-region-de-alsacia-desde-estrasburgo-copy\/#primaryimage","url":"https:\/\/tourtravelandmore.com\/wp-content\/uploads\/2024\/03\/grapes-2656259_1280.jpg","contentUrl":"https:\/\/tourtravelandmore.com\/wp-content\/uploads\/2024\/03\/grapes-2656259_1280.jpg","width":1280,"height":853},{"@type":"BreadcrumbList","@id":"https:\/\/tourtravelandmore.com\/es\/tours\/francia\/estrasburgo\/tour-privado-de-la-region-de-alsacia-desde-estrasburgo-copy\/#breadcrumb","itemListElement":[{"@type":"ListItem","position":1,"name":"Home","item":"https:\/\/tourtravelandmore.com\/es\/"},{"@type":"ListItem","position":2,"name":"Tours","item":"https:\/\/tourtravelandmore.com\/es\/tours\/"},{"@type":"ListItem","position":3,"name":"Tour privado de medio d\u00eda con cata de vinos desde Estrasburgo"}]},{"@type":"WebSite","@id":"https:\/\/tourtravelandmore.com\/es\/#website","url":"https:\/\/tourtravelandmore.com\/es\/","name":"Tour Travel And More","description":"Private sightseeing tours and luxury transfers in Spain","publisher":{"@id":"https:\/\/tourtravelandmore.com\/es\/#organization"},"potentialAction":[{"@type":"SearchAction","target":{"@type":"EntryPoint","urlTemplate":"https:\/\/tourtravelandmore.com\/es\/?s={search_term_string}"},"query-input":{"@type":"PropertyValueSpecification","valueRequired":true,"valueName":"search_term_string"}}],"inLanguage":"es"},{"@type":"Organization","@id":"https:\/\/tourtravelandmore.com\/es\/#organization","name":"Tour Travel And More","url":"https:\/\/tourtravelandmore.com\/es\/","logo":{"@type":"ImageObject","inLanguage":"es","@id":"https:\/\/tourtravelandmore.com\/es\/#\/schema\/logo\/image\/","url":"https:\/\/tourtravelandmore.com\/wp-content\/uploads\/2022\/12\/cropped-logo-cabecera-new.png","contentUrl":"https:\/\/tourtravelandmore.com\/wp-content\/uploads\/2022\/12\/cropped-logo-cabecera-new.png","width":430,"height":61,"caption":"Tour Travel And More"},"image":{"@id":"https:\/\/tourtravelandmore.com\/es\/#\/schema\/logo\/image\/"},"sameAs":["https:\/\/www.facebook.com\/tourtravelandmore\/","https:\/\/x.com\/TourTravel_More"]}]}},"_links":{"self":[{"href":"https:\/\/tourtravelandmore.com\/es\/wp-json\/wp\/v2\/product\/173978","targetHints":{"allow":["GET"]}}],"collection":[{"href":"https:\/\/tourtravelandmore.com\/es\/wp-json\/wp\/v2\/product"}],"about":[{"href":"https:\/\/tourtravelandmore.com\/es\/wp-json\/wp\/v2\/types\/product"}],"replies":[{"embeddable":true,"href":"https:\/\/tourtravelandmore.com\/es\/wp-json\/wp\/v2\/comments?post=173978"}],"wp:featuredmedia":[{"embeddable":true,"href":"https:\/\/tourtravelandmore.com\/es\/wp-json\/wp\/v2\/media\/173994"}],"wp:attachment":[{"href":"https:\/\/tourtravelandmore.com\/es\/wp-json\/wp\/v2\/media?parent=173978"}],"wp:term":[{"taxonomy":"product_brand","embeddable":true,"href":"https:\/\/tourtravelandmore.com\/es\/wp-json\/wp\/v2\/product_brand?post=173978"},{"taxonomy":"product_cat","embeddable":true,"href":"https:\/\/tourtravelandmore.com\/es\/wp-json\/wp\/v2\/product_cat?post=173978"},{"taxonomy":"product_tag","embeddable":true,"href":"https:\/\/tourtravelandmore.com\/es\/wp-json\/wp\/v2\/product_tag?post=173978"}],"curies":[{"name":"wp","href":"https:\/\/api.w.org\/{rel}","templated":true}]}}