{"id":173952,"date":"2024-03-20T17:45:54","date_gmt":"2024-03-20T16:45:55","guid":{"rendered":"https:\/\/tourtravelandmore.com\/?post_type=product&#038;p=173952"},"modified":"2024-03-20T18:13:57","modified_gmt":"2024-03-20T17:13:57","slug":"tour-privado-a-pie-de-estrasburgo-copy-2","status":"publish","type":"product","link":"https:\/\/tourtravelandmore.com\/es\/tours\/francia\/estrasburgo\/tour-privado-a-pie-de-estrasburgo-copy-2\/","title":{"rendered":"Tour Privado a Pie de gastronom\u00eda tradicional de Estrasburgo"},"content":{"rendered":"<h2>Descripci\u00f3n<\/h2>\n<p>Emb\u00e1rquese en un delicioso viaje culinario por <strong>Estrasburgo<\/strong> con nuestro recorrido privado a pie de <strong>3 horas<\/strong> por <strong>Estrasburgo.<\/strong> Dirigido por nuestro experto gu\u00eda. Este tour ofrece una oportunidad \u00fanica para explorar el rico patrimonio gastron\u00f3mico de esta ciudad hist\u00f3rica. <strong>Tenga en cuenta que el coste de la comida no est\u00e1 incluido y ser\u00e1 abonado por los clientes directamente durante el recorrido.<\/strong><\/p>\n<p>Sum\u00e9rjase en la fusi\u00f3n de influencias francesas y alemanas que definen la identidad \u00fanica de <strong>Estrasburgo.<\/strong> Desde las emblem\u00e1ticas catedrales hasta los pintorescos canales y las pintorescas plazas, cada paso desvela un nuevo cap\u00edtulo de la cautivadora historia de <strong>Estrasburgo,<\/strong> lo que convierte este recorrido en una exploraci\u00f3n inolvidable del patrimonio alsaciano y el encanto europeo.<\/p>\n<p>Todos nuestros viajes son privados y se adaptan a los intereses de nuestros clientes. Nuestros expertos en viajes le ayudar\u00e1n a organizar una experiencia \u00fanica y a medida. Todo el recorrido se organizar\u00e1 seg\u00fan sus deseos personales.<\/p>\n<h2>Puntos de inter\u00e9s y lugares emblem\u00e1ticos<\/h2>\n<p>Su <strong>visita privada<\/strong> a <strong>pie<\/strong> comienza cuando se re\u00fane con su gu\u00eda experto en un punto de encuentro designado en el centro de <strong>Estrasburgo.<\/strong><\/p>\n<p>Combinando la exploraci\u00f3n de lugares emblem\u00e1ticos con deliciosas degustaciones de comida tradicional, el <strong>Tour Privado a Pie de la Comida Tradicional de Estrasburgo<\/strong> promete un viaje memorable y envolvente al coraz\u00f3n de la cultura y la cocina alsacianas.<\/p>\n<p>Durante este recorrido, los participantes tendr\u00e1n la oportunidad de deleitarse con una variedad de exquisiteces alsacianas que le har\u00e1n la boca agua. En primer lugar, la famosa <strong>tarte flamb\u00e9e,<\/strong> con su base crujiente y sus sabrosos ingredientes de nata, cebolla y beicon. Tambi\u00e9n la reconfortante <strong>choucroute,<\/strong> con sabroso chucrut cocinado con una mezcla de carnes como salchichas y cerdo, cada bocado ser\u00e1 una aventura culinaria.<\/p>\n<p>Adem\u00e1s, los comensales se deleitar\u00e1n degustando una selecci\u00f3n de pasteles y postres alsacianos. Entre ellos, <strong>kougelhopf, galletas bredele<\/strong> e irresistibles <strong>tartas de frutas.<\/strong> Estos sabores aut\u00e9nticos representan la herencia culinaria de la regi\u00f3n y muestran la mezcla \u00fanica de influencias francesas y alemanas que hacen que la cocina alsaciana sea tan distintiva y deliciosa.<\/p>\n<p>Este itinerario cuidadosamente elaborado ofrece una exploraci\u00f3n exhaustiva de los lugares emblem\u00e1ticos de <strong>Estrasburgo,<\/strong> su patrimonio cultural y sus puntos de vista locales, garantizando una experiencia memorable y enriquecedora durante su <strong>Tour Privado a Pie de Estrasburgo con Comida Tradicional<\/strong> de 3 horas con <strong>Tour Travel &amp; Mor<\/strong>e. Finalmente, el tour terminar\u00e1 en un lugar c\u00e9ntrico de Estrasburgo.<\/p>\n<p>La hora de inicio, la duraci\u00f3n y el itinerario son completamente adaptables a sus deseos personales. <a href=\"https:\/\/tourtravelandmore.com\/city\/france\/strasbourg\/\">Puede ver todos nuestros tours privados en <strong>Estrasburgo<\/strong> aqu\u00ed.<\/a><\/p>\n","protected":false},"excerpt":{"rendered":"<p>Emb\u00e1rquese en un delicioso viaje culinario por <strong>Estrasburgo<\/strong> con nuestro recorrido privado a pie de <strong>3 horas<\/strong> por <strong>Estrasburgo.<\/strong> Dirigido por nuestro experto gu\u00eda. Este tour ofrece una oportunidad \u00fanica para explorar el rico patrimonio gastron\u00f3mico de esta ciudad hist\u00f3rica. <strong>Tenga en cuenta que el coste de la comida no est\u00e1 incluido y ser\u00e1 abonado por los clientes directamente durante el recorrido.<\/strong><\/p>\n","protected":false},"featured_media":173968,"comment_status":"open","ping_status":"closed","template":"","meta":{"_acf_changed":false},"product_brand":[],"product_cat":[5211,5199,5212],"product_tag":[],"class_list":{"0":"post-173952","1":"product","2":"type-product","3":"status-publish","4":"has-post-thumbnail","6":"product_cat-all-private-tours-es-2","7":"product_cat-estrasburgo","8":"product_cat-private-walking-tours-es","10":"first","11":"instock","12":"shipping-taxable","13":"purchasable","14":"product-type-simple"},"acf":[],"yoast_head":"<!-- This site is optimized with the Yoast SEO Premium plugin v25.3.1 (Yoast SEO v25.3.1) - https:\/\/yoast.com\/wordpress\/plugins\/seo\/ -->\n<title>\u27a1\ufe0f Tour Privado a Pie de gastronom\u00eda tradicional de Estrasburgo | TTM<\/title>\n<meta name=\"description\" content=\"Descubra la maravillosa ciudad de Estrasburgo con su gu\u00eda oficial privado. Visita privada a pie por Estrasburgo con comida tradicional \u2705.\" \/>\n<meta name=\"robots\" content=\"index, follow, max-snippet:-1, max-image-preview:large, max-video-preview:-1\" \/>\n<link rel=\"canonical\" href=\"https:\/\/tourtravelandmore.com\/es\/tours\/francia\/estrasburgo\/tour-privado-a-pie-de-estrasburgo-copy-2\/\" \/>\n<meta property=\"og:locale\" content=\"es_ES\" \/>\n<meta property=\"og:type\" content=\"article\" \/>\n<meta property=\"og:title\" content=\"Tour Privado a Pie de gastronom\u00eda tradicional de Estrasburgo\" \/>\n<meta property=\"og:description\" content=\"Descubra la maravillosa ciudad de Estrasburgo con su gu\u00eda oficial privado. Visita privada a pie por Estrasburgo con comida tradicional \u2705.\" \/>\n<meta property=\"og:url\" content=\"https:\/\/tourtravelandmore.com\/es\/tours\/francia\/estrasburgo\/tour-privado-a-pie-de-estrasburgo-copy-2\/\" \/>\n<meta property=\"og:site_name\" content=\"Tour Travel And More\" \/>\n<meta property=\"article:publisher\" content=\"https:\/\/www.facebook.com\/tourtravelandmore\/\" \/>\n<meta property=\"article:modified_time\" content=\"2024-03-20T17:13:57+00:00\" \/>\n<meta property=\"og:image\" content=\"https:\/\/tourtravelandmore.com\/wp-content\/uploads\/2024\/03\/pexels-jana-ohajdova-10310676.jpg\" \/>\n\t<meta property=\"og:image:width\" content=\"1280\" \/>\n\t<meta property=\"og:image:height\" content=\"852\" \/>\n\t<meta property=\"og:image:type\" content=\"image\/jpeg\" \/>\n<meta name=\"twitter:card\" content=\"summary_large_image\" \/>\n<meta name=\"twitter:site\" content=\"@TourTravel_More\" \/>\n<meta name=\"twitter:label1\" content=\"Tiempo de lectura\" \/>\n\t<meta name=\"twitter:data1\" content=\"2 minutos\" \/>\n<script type=\"application\/ld+json\" class=\"yoast-schema-graph\">{\"@context\":\"https:\/\/schema.org\",\"@graph\":[{\"@type\":\"WebPage\",\"@id\":\"https:\/\/tourtravelandmore.com\/es\/tours\/francia\/estrasburgo\/tour-privado-a-pie-de-estrasburgo-copy-2\/\",\"url\":\"https:\/\/tourtravelandmore.com\/es\/tours\/francia\/estrasburgo\/tour-privado-a-pie-de-estrasburgo-copy-2\/\",\"name\":\"\u27a1\ufe0f Tour Privado a Pie de gastronom\u00eda tradicional de Estrasburgo | TTM\",\"isPartOf\":{\"@id\":\"https:\/\/tourtravelandmore.com\/es\/#website\"},\"primaryImageOfPage\":{\"@id\":\"https:\/\/tourtravelandmore.com\/es\/tours\/francia\/estrasburgo\/tour-privado-a-pie-de-estrasburgo-copy-2\/#primaryimage\"},\"image\":{\"@id\":\"https:\/\/tourtravelandmore.com\/es\/tours\/francia\/estrasburgo\/tour-privado-a-pie-de-estrasburgo-copy-2\/#primaryimage\"},\"thumbnailUrl\":\"https:\/\/tourtravelandmore.com\/wp-content\/uploads\/2024\/03\/pexels-jana-ohajdova-10310676.jpg\",\"datePublished\":\"2024-03-20T16:45:55+00:00\",\"dateModified\":\"2024-03-20T17:13:57+00:00\",\"description\":\"Descubra la maravillosa ciudad de Estrasburgo con su gu\u00eda oficial privado. Visita privada a pie por Estrasburgo con comida tradicional \u2705.\",\"breadcrumb\":{\"@id\":\"https:\/\/tourtravelandmore.com\/es\/tours\/francia\/estrasburgo\/tour-privado-a-pie-de-estrasburgo-copy-2\/#breadcrumb\"},\"inLanguage\":\"es\",\"potentialAction\":[{\"@type\":\"ReadAction\",\"target\":[\"https:\/\/tourtravelandmore.com\/es\/tours\/francia\/estrasburgo\/tour-privado-a-pie-de-estrasburgo-copy-2\/\"]}]},{\"@type\":\"ImageObject\",\"inLanguage\":\"es\",\"@id\":\"https:\/\/tourtravelandmore.com\/es\/tours\/francia\/estrasburgo\/tour-privado-a-pie-de-estrasburgo-copy-2\/#primaryimage\",\"url\":\"https:\/\/tourtravelandmore.com\/wp-content\/uploads\/2024\/03\/pexels-jana-ohajdova-10310676.jpg\",\"contentUrl\":\"https:\/\/tourtravelandmore.com\/wp-content\/uploads\/2024\/03\/pexels-jana-ohajdova-10310676.jpg\",\"width\":1280,\"height\":852},{\"@type\":\"BreadcrumbList\",\"@id\":\"https:\/\/tourtravelandmore.com\/es\/tours\/francia\/estrasburgo\/tour-privado-a-pie-de-estrasburgo-copy-2\/#breadcrumb\",\"itemListElement\":[{\"@type\":\"ListItem\",\"position\":1,\"name\":\"Home\",\"item\":\"https:\/\/tourtravelandmore.com\/es\/\"},{\"@type\":\"ListItem\",\"position\":2,\"name\":\"Tours\",\"item\":\"https:\/\/tourtravelandmore.com\/es\/tours\/\"},{\"@type\":\"ListItem\",\"position\":3,\"name\":\"Tour Privado a Pie de gastronom\u00eda tradicional de Estrasburgo\"}]},{\"@type\":\"WebSite\",\"@id\":\"https:\/\/tourtravelandmore.com\/es\/#website\",\"url\":\"https:\/\/tourtravelandmore.com\/es\/\",\"name\":\"Tour Travel And More\",\"description\":\"Private sightseeing tours and luxury transfers in Spain\",\"publisher\":{\"@id\":\"https:\/\/tourtravelandmore.com\/es\/#organization\"},\"potentialAction\":[{\"@type\":\"SearchAction\",\"target\":{\"@type\":\"EntryPoint\",\"urlTemplate\":\"https:\/\/tourtravelandmore.com\/es\/?s={search_term_string}\"},\"query-input\":{\"@type\":\"PropertyValueSpecification\",\"valueRequired\":true,\"valueName\":\"search_term_string\"}}],\"inLanguage\":\"es\"},{\"@type\":\"Organization\",\"@id\":\"https:\/\/tourtravelandmore.com\/es\/#organization\",\"name\":\"Tour Travel And More\",\"url\":\"https:\/\/tourtravelandmore.com\/es\/\",\"logo\":{\"@type\":\"ImageObject\",\"inLanguage\":\"es\",\"@id\":\"https:\/\/tourtravelandmore.com\/es\/#\/schema\/logo\/image\/\",\"url\":\"https:\/\/tourtravelandmore.com\/wp-content\/uploads\/2022\/12\/cropped-logo-cabecera-new.png\",\"contentUrl\":\"https:\/\/tourtravelandmore.com\/wp-content\/uploads\/2022\/12\/cropped-logo-cabecera-new.png\",\"width\":430,\"height\":61,\"caption\":\"Tour Travel And More\"},\"image\":{\"@id\":\"https:\/\/tourtravelandmore.com\/es\/#\/schema\/logo\/image\/\"},\"sameAs\":[\"https:\/\/www.facebook.com\/tourtravelandmore\/\",\"https:\/\/x.com\/TourTravel_More\"]}]}<\/script>\n<!-- \/ Yoast SEO Premium plugin. -->","yoast_head_json":{"title":"\u27a1\ufe0f Tour Privado a Pie de gastronom\u00eda tradicional de Estrasburgo | TTM","description":"Descubra la maravillosa ciudad de Estrasburgo con su gu\u00eda oficial privado. Visita privada a pie por Estrasburgo con comida tradicional \u2705.","robots":{"index":"index","follow":"follow","max-snippet":"max-snippet:-1","max-image-preview":"max-image-preview:large","max-video-preview":"max-video-preview:-1"},"canonical":"https:\/\/tourtravelandmore.com\/es\/tours\/francia\/estrasburgo\/tour-privado-a-pie-de-estrasburgo-copy-2\/","og_locale":"es_ES","og_type":"article","og_title":"Tour Privado a Pie de gastronom\u00eda tradicional de Estrasburgo","og_description":"Descubra la maravillosa ciudad de Estrasburgo con su gu\u00eda oficial privado. Visita privada a pie por Estrasburgo con comida tradicional \u2705.","og_url":"https:\/\/tourtravelandmore.com\/es\/tours\/francia\/estrasburgo\/tour-privado-a-pie-de-estrasburgo-copy-2\/","og_site_name":"Tour Travel And More","article_publisher":"https:\/\/www.facebook.com\/tourtravelandmore\/","article_modified_time":"2024-03-20T17:13:57+00:00","og_image":[{"width":1280,"height":852,"url":"https:\/\/tourtravelandmore.com\/wp-content\/uploads\/2024\/03\/pexels-jana-ohajdova-10310676.jpg","type":"image\/jpeg"}],"twitter_card":"summary_large_image","twitter_site":"@TourTravel_More","twitter_misc":{"Tiempo de lectura":"2 minutos"},"schema":{"@context":"https:\/\/schema.org","@graph":[{"@type":"WebPage","@id":"https:\/\/tourtravelandmore.com\/es\/tours\/francia\/estrasburgo\/tour-privado-a-pie-de-estrasburgo-copy-2\/","url":"https:\/\/tourtravelandmore.com\/es\/tours\/francia\/estrasburgo\/tour-privado-a-pie-de-estrasburgo-copy-2\/","name":"\u27a1\ufe0f Tour Privado a Pie de gastronom\u00eda tradicional de Estrasburgo | TTM","isPartOf":{"@id":"https:\/\/tourtravelandmore.com\/es\/#website"},"primaryImageOfPage":{"@id":"https:\/\/tourtravelandmore.com\/es\/tours\/francia\/estrasburgo\/tour-privado-a-pie-de-estrasburgo-copy-2\/#primaryimage"},"image":{"@id":"https:\/\/tourtravelandmore.com\/es\/tours\/francia\/estrasburgo\/tour-privado-a-pie-de-estrasburgo-copy-2\/#primaryimage"},"thumbnailUrl":"https:\/\/tourtravelandmore.com\/wp-content\/uploads\/2024\/03\/pexels-jana-ohajdova-10310676.jpg","datePublished":"2024-03-20T16:45:55+00:00","dateModified":"2024-03-20T17:13:57+00:00","description":"Descubra la maravillosa ciudad de Estrasburgo con su gu\u00eda oficial privado. Visita privada a pie por Estrasburgo con comida tradicional \u2705.","breadcrumb":{"@id":"https:\/\/tourtravelandmore.com\/es\/tours\/francia\/estrasburgo\/tour-privado-a-pie-de-estrasburgo-copy-2\/#breadcrumb"},"inLanguage":"es","potentialAction":[{"@type":"ReadAction","target":["https:\/\/tourtravelandmore.com\/es\/tours\/francia\/estrasburgo\/tour-privado-a-pie-de-estrasburgo-copy-2\/"]}]},{"@type":"ImageObject","inLanguage":"es","@id":"https:\/\/tourtravelandmore.com\/es\/tours\/francia\/estrasburgo\/tour-privado-a-pie-de-estrasburgo-copy-2\/#primaryimage","url":"https:\/\/tourtravelandmore.com\/wp-content\/uploads\/2024\/03\/pexels-jana-ohajdova-10310676.jpg","contentUrl":"https:\/\/tourtravelandmore.com\/wp-content\/uploads\/2024\/03\/pexels-jana-ohajdova-10310676.jpg","width":1280,"height":852},{"@type":"BreadcrumbList","@id":"https:\/\/tourtravelandmore.com\/es\/tours\/francia\/estrasburgo\/tour-privado-a-pie-de-estrasburgo-copy-2\/#breadcrumb","itemListElement":[{"@type":"ListItem","position":1,"name":"Home","item":"https:\/\/tourtravelandmore.com\/es\/"},{"@type":"ListItem","position":2,"name":"Tours","item":"https:\/\/tourtravelandmore.com\/es\/tours\/"},{"@type":"ListItem","position":3,"name":"Tour Privado a Pie de gastronom\u00eda tradicional de Estrasburgo"}]},{"@type":"WebSite","@id":"https:\/\/tourtravelandmore.com\/es\/#website","url":"https:\/\/tourtravelandmore.com\/es\/","name":"Tour Travel And More","description":"Private sightseeing tours and luxury transfers in Spain","publisher":{"@id":"https:\/\/tourtravelandmore.com\/es\/#organization"},"potentialAction":[{"@type":"SearchAction","target":{"@type":"EntryPoint","urlTemplate":"https:\/\/tourtravelandmore.com\/es\/?s={search_term_string}"},"query-input":{"@type":"PropertyValueSpecification","valueRequired":true,"valueName":"search_term_string"}}],"inLanguage":"es"},{"@type":"Organization","@id":"https:\/\/tourtravelandmore.com\/es\/#organization","name":"Tour Travel And More","url":"https:\/\/tourtravelandmore.com\/es\/","logo":{"@type":"ImageObject","inLanguage":"es","@id":"https:\/\/tourtravelandmore.com\/es\/#\/schema\/logo\/image\/","url":"https:\/\/tourtravelandmore.com\/wp-content\/uploads\/2022\/12\/cropped-logo-cabecera-new.png","contentUrl":"https:\/\/tourtravelandmore.com\/wp-content\/uploads\/2022\/12\/cropped-logo-cabecera-new.png","width":430,"height":61,"caption":"Tour Travel And More"},"image":{"@id":"https:\/\/tourtravelandmore.com\/es\/#\/schema\/logo\/image\/"},"sameAs":["https:\/\/www.facebook.com\/tourtravelandmore\/","https:\/\/x.com\/TourTravel_More"]}]}},"_links":{"self":[{"href":"https:\/\/tourtravelandmore.com\/es\/wp-json\/wp\/v2\/product\/173952","targetHints":{"allow":["GET"]}}],"collection":[{"href":"https:\/\/tourtravelandmore.com\/es\/wp-json\/wp\/v2\/product"}],"about":[{"href":"https:\/\/tourtravelandmore.com\/es\/wp-json\/wp\/v2\/types\/product"}],"replies":[{"embeddable":true,"href":"https:\/\/tourtravelandmore.com\/es\/wp-json\/wp\/v2\/comments?post=173952"}],"wp:featuredmedia":[{"embeddable":true,"href":"https:\/\/tourtravelandmore.com\/es\/wp-json\/wp\/v2\/media\/173968"}],"wp:attachment":[{"href":"https:\/\/tourtravelandmore.com\/es\/wp-json\/wp\/v2\/media?parent=173952"}],"wp:term":[{"taxonomy":"product_brand","embeddable":true,"href":"https:\/\/tourtravelandmore.com\/es\/wp-json\/wp\/v2\/product_brand?post=173952"},{"taxonomy":"product_cat","embeddable":true,"href":"https:\/\/tourtravelandmore.com\/es\/wp-json\/wp\/v2\/product_cat?post=173952"},{"taxonomy":"product_tag","embeddable":true,"href":"https:\/\/tourtravelandmore.com\/es\/wp-json\/wp\/v2\/product_tag?post=173952"}],"curies":[{"name":"wp","href":"https:\/\/api.w.org\/{rel}","templated":true}]}}