{"id":173926,"date":"2024-03-20T17:17:29","date_gmt":"2024-03-20T16:17:30","guid":{"rendered":"https:\/\/tourtravelandmore.com\/?post_type=product&#038;p=173926"},"modified":"2024-03-20T17:41:09","modified_gmt":"2024-03-20T16:41:09","slug":"tour-privado-de-la-region-de-alsacia-con-haut-koenigsbourg-desde-estrasburgo-copy","status":"publish","type":"product","link":"https:\/\/tourtravelandmore.com\/es\/tours\/francia\/estrasburgo\/tour-privado-de-la-region-de-alsacia-con-haut-koenigsbourg-desde-estrasburgo-copy\/","title":{"rendered":"Tour Privado de la regi\u00f3n de Alsacia desde Estrasburgo"},"content":{"rendered":"<h2>Descripci\u00f3n<\/h2>\n<p>Emb\u00e1rquese en un cautivador viaje por las maravillas paisaj\u00edsticas de <strong>Alsacia<\/strong> con nuestro <strong>Tour Privado de la regi\u00f3n de Alsacia desde Estrasburgo<\/strong>. Sum\u00e9rjase en el encanto de <strong>Colmar, Eguisheim y Riquewihr<\/strong>. Donde la historia, la cultura y la belleza natural convergen para crear experiencias inolvidables.<\/p>\n<p>Todos nuestros viajes son privados y se adaptan a los intereses de nuestros clientes. Nuestros expertos en viajes le ayudar\u00e1n a organizar una experiencia \u00fanica y a medida. Todo el recorrido se organizar\u00e1 seg\u00fan sus deseos personales.<\/p>\n<p>Este exclusivo recorrido le invita a adentrarse a su propio ritmo en el rico tapiz de <strong>historia, arquitectura<\/strong> y <strong>gastronom\u00eda<\/strong> de <strong>Alsacia.<\/strong> Descubra joyas ocultas y cree recuerdos imborrables con el encanto intemporal de Alsacia como tel\u00f3n de fondo. Reserve su plaza con antelaci\u00f3n para asegurarse una excursi\u00f3n de un d\u00eda inolvidable desde <strong>Estrasburgo<\/strong> con <strong>Tour Travel &amp; More.<\/strong><\/p>\n<p>Tambi\u00e9n ofrecemos la opci\u00f3n de un viaje s\u00f3lo con conductor para visitar los encantadores pueblos de <strong>Alsacia: Colmar, Eguisheim y Riquewihr.<\/strong><\/p>\n<h2>Puntos de Inter\u00e9s | Tour Privado de la regi\u00f3n de Alsacia desde Estrasburgo<\/h2>\n<p>Emb\u00e1rquese en un viaje cautivador que comienza en <strong>Colmar,<\/strong> conocida como la <strong>&#8220;Peque\u00f1a Venecia&#8221;<\/strong> por sus pintorescos canales y vibrantes caminos. Admire la arquitectura medieval del casco antiguo y visite lugares emblem\u00e1ticos como el <strong>Museo Unterlinden<\/strong> y el barrio de la <strong>Petite Venise.<\/strong><\/p>\n<p>A continuaci\u00f3n, avent\u00farese hasta <strong>Eguisheim,<\/strong> famosa por su trazado circular y sus coloridas casas de entramado de madera adornadas con flores. Explore las estrechas calles adoquinadas y vea el castillo de <strong>Eguisheim.<\/strong> Si lo desea, dispondr\u00e1 de tiempo libre para disfrutar de las especialidades locales alsacianas en pintorescos caf\u00e9s y tabernas de vino.<\/p>\n<p>Contin\u00fae su exploraci\u00f3n en <strong>Riquewihr,<\/strong> una ciudad declarada Patrimonio de la Humanidad por la UNESCO y rodeada de vi\u00f1edos. Descubra su encanto medieval y sus murallas. No deje de ir de compras por la <strong>Rue<\/strong>\u00a0<strong>du G\u00e9n\u00e9ral de Gaulle<\/strong> para comprar cer\u00e1mica alsaciana y delicias regionales.<\/p>\n<p>Este <strong>Tour Privado de la regi\u00f3n de Alsacia desde Estrasburgo<\/strong> se adapta a sus preferencias, garantizando una experiencia personalizada e inolvidable. Nuestros expertos en viajes le ayudar\u00e1n a organizar cada detalle, asegur\u00e1ndose de que aprovecha al m\u00e1ximo su visita a esta maravillosa regi\u00f3n. Sum\u00e9rjase en la historia, la cultura y la belleza natural para disfrutar de un viaje inolvidable.<\/p>\n<p>La hora de salida, la duraci\u00f3n y el itinerario son totalmente adaptables a sus deseos personales. <a href=\"https:\/\/tourtravelandmore.com\/city\/france\/strasbourg\/\">Puede ver todos nuestros tours privados en <strong>Estrasburgo<\/strong> aqu\u00ed<\/a>.<\/p>\n","protected":false},"excerpt":{"rendered":"<p>Emb\u00e1rquese en un cautivador viaje por las maravillas paisaj\u00edsticas de <strong>Alsacia<\/strong> con nuestro <strong>Tour Privado de la regi\u00f3n de Alsacia desde Estrasburgo<\/strong>. Sum\u00e9rjase en el encanto de <strong>Colmar, Eguisheim y Riquewihr<\/strong>. Donde la historia, la cultura y la belleza natural convergen para crear experiencias inolvidables.<\/p>\n","protected":false},"featured_media":173942,"comment_status":"open","ping_status":"closed","template":"","meta":{"_acf_changed":false},"product_brand":[],"product_cat":[5211,5199,5215],"product_tag":[],"class_list":{"0":"post-173926","1":"product","2":"type-product","3":"status-publish","4":"has-post-thumbnail","6":"product_cat-all-private-tours-es-2","7":"product_cat-estrasburgo","8":"product_cat-private-sightseeing-tours-es-2","10":"first","11":"instock","12":"shipping-taxable","13":"purchasable","14":"product-type-simple"},"acf":[],"yoast_head":"<!-- This site is optimized with the Yoast SEO Premium plugin v25.3.1 (Yoast SEO v25.3.1) - https:\/\/yoast.com\/wordpress\/plugins\/seo\/ -->\n<title>\u27a1\ufe0fTour Privado de la regi\u00f3n de Alsacia desde Estrasburgo - TTM<\/title>\n<meta name=\"description\" content=\"\u00a1Tour privado de la regi\u00f3n de Alsacia desde Estrasburgo! Descubra esta hermosa regi\u00f3n junto a su gu\u00eda. \u2705\" \/>\n<meta name=\"robots\" content=\"index, follow, max-snippet:-1, max-image-preview:large, max-video-preview:-1\" \/>\n<link rel=\"canonical\" href=\"https:\/\/tourtravelandmore.com\/es\/tours\/francia\/estrasburgo\/tour-privado-de-la-region-de-alsacia-con-haut-koenigsbourg-desde-estrasburgo-copy\/\" \/>\n<meta property=\"og:locale\" content=\"es_ES\" \/>\n<meta property=\"og:type\" content=\"article\" \/>\n<meta property=\"og:title\" content=\"Tour Privado de la regi\u00f3n de Alsacia desde Estrasburgo\" \/>\n<meta property=\"og:description\" content=\"\u00a1Tour privado de la regi\u00f3n de Alsacia desde Estrasburgo! Descubra esta hermosa regi\u00f3n junto a su gu\u00eda. \u2705\" \/>\n<meta property=\"og:url\" content=\"https:\/\/tourtravelandmore.com\/es\/tours\/francia\/estrasburgo\/tour-privado-de-la-region-de-alsacia-con-haut-koenigsbourg-desde-estrasburgo-copy\/\" \/>\n<meta property=\"og:site_name\" content=\"Tour Travel And More\" \/>\n<meta property=\"article:publisher\" content=\"https:\/\/www.facebook.com\/tourtravelandmore\/\" \/>\n<meta property=\"article:modified_time\" content=\"2024-03-20T16:41:09+00:00\" \/>\n<meta property=\"og:image\" content=\"https:\/\/tourtravelandmore.com\/wp-content\/uploads\/2024\/03\/pexels-philippe-serrand-18249127.jpg\" \/>\n\t<meta property=\"og:image:width\" content=\"1280\" \/>\n\t<meta property=\"og:image:height\" content=\"853\" \/>\n\t<meta property=\"og:image:type\" content=\"image\/jpeg\" \/>\n<meta name=\"twitter:card\" content=\"summary_large_image\" \/>\n<meta name=\"twitter:site\" content=\"@TourTravel_More\" \/>\n<meta name=\"twitter:label1\" content=\"Tiempo de lectura\" \/>\n\t<meta name=\"twitter:data1\" content=\"2 minutos\" \/>\n<script type=\"application\/ld+json\" class=\"yoast-schema-graph\">{\"@context\":\"https:\/\/schema.org\",\"@graph\":[{\"@type\":\"WebPage\",\"@id\":\"https:\/\/tourtravelandmore.com\/es\/tours\/francia\/estrasburgo\/tour-privado-de-la-region-de-alsacia-con-haut-koenigsbourg-desde-estrasburgo-copy\/\",\"url\":\"https:\/\/tourtravelandmore.com\/es\/tours\/francia\/estrasburgo\/tour-privado-de-la-region-de-alsacia-con-haut-koenigsbourg-desde-estrasburgo-copy\/\",\"name\":\"\u27a1\ufe0fTour Privado de la regi\u00f3n de Alsacia desde Estrasburgo - TTM\",\"isPartOf\":{\"@id\":\"https:\/\/tourtravelandmore.com\/es\/#website\"},\"primaryImageOfPage\":{\"@id\":\"https:\/\/tourtravelandmore.com\/es\/tours\/francia\/estrasburgo\/tour-privado-de-la-region-de-alsacia-con-haut-koenigsbourg-desde-estrasburgo-copy\/#primaryimage\"},\"image\":{\"@id\":\"https:\/\/tourtravelandmore.com\/es\/tours\/francia\/estrasburgo\/tour-privado-de-la-region-de-alsacia-con-haut-koenigsbourg-desde-estrasburgo-copy\/#primaryimage\"},\"thumbnailUrl\":\"https:\/\/tourtravelandmore.com\/wp-content\/uploads\/2024\/03\/pexels-philippe-serrand-18249127.jpg\",\"datePublished\":\"2024-03-20T16:17:30+00:00\",\"dateModified\":\"2024-03-20T16:41:09+00:00\",\"description\":\"\u00a1Tour privado de la regi\u00f3n de Alsacia desde Estrasburgo! Descubra esta hermosa regi\u00f3n junto a su gu\u00eda. \u2705\",\"breadcrumb\":{\"@id\":\"https:\/\/tourtravelandmore.com\/es\/tours\/francia\/estrasburgo\/tour-privado-de-la-region-de-alsacia-con-haut-koenigsbourg-desde-estrasburgo-copy\/#breadcrumb\"},\"inLanguage\":\"es\",\"potentialAction\":[{\"@type\":\"ReadAction\",\"target\":[\"https:\/\/tourtravelandmore.com\/es\/tours\/francia\/estrasburgo\/tour-privado-de-la-region-de-alsacia-con-haut-koenigsbourg-desde-estrasburgo-copy\/\"]}]},{\"@type\":\"ImageObject\",\"inLanguage\":\"es\",\"@id\":\"https:\/\/tourtravelandmore.com\/es\/tours\/francia\/estrasburgo\/tour-privado-de-la-region-de-alsacia-con-haut-koenigsbourg-desde-estrasburgo-copy\/#primaryimage\",\"url\":\"https:\/\/tourtravelandmore.com\/wp-content\/uploads\/2024\/03\/pexels-philippe-serrand-18249127.jpg\",\"contentUrl\":\"https:\/\/tourtravelandmore.com\/wp-content\/uploads\/2024\/03\/pexels-philippe-serrand-18249127.jpg\",\"width\":1280,\"height\":853},{\"@type\":\"BreadcrumbList\",\"@id\":\"https:\/\/tourtravelandmore.com\/es\/tours\/francia\/estrasburgo\/tour-privado-de-la-region-de-alsacia-con-haut-koenigsbourg-desde-estrasburgo-copy\/#breadcrumb\",\"itemListElement\":[{\"@type\":\"ListItem\",\"position\":1,\"name\":\"Home\",\"item\":\"https:\/\/tourtravelandmore.com\/es\/\"},{\"@type\":\"ListItem\",\"position\":2,\"name\":\"Tours\",\"item\":\"https:\/\/tourtravelandmore.com\/es\/tours\/\"},{\"@type\":\"ListItem\",\"position\":3,\"name\":\"Tour Privado de la regi\u00f3n de Alsacia desde Estrasburgo\"}]},{\"@type\":\"WebSite\",\"@id\":\"https:\/\/tourtravelandmore.com\/es\/#website\",\"url\":\"https:\/\/tourtravelandmore.com\/es\/\",\"name\":\"Tour Travel And More\",\"description\":\"Private sightseeing tours and luxury transfers in Spain\",\"publisher\":{\"@id\":\"https:\/\/tourtravelandmore.com\/es\/#organization\"},\"potentialAction\":[{\"@type\":\"SearchAction\",\"target\":{\"@type\":\"EntryPoint\",\"urlTemplate\":\"https:\/\/tourtravelandmore.com\/es\/?s={search_term_string}\"},\"query-input\":{\"@type\":\"PropertyValueSpecification\",\"valueRequired\":true,\"valueName\":\"search_term_string\"}}],\"inLanguage\":\"es\"},{\"@type\":\"Organization\",\"@id\":\"https:\/\/tourtravelandmore.com\/es\/#organization\",\"name\":\"Tour Travel And More\",\"url\":\"https:\/\/tourtravelandmore.com\/es\/\",\"logo\":{\"@type\":\"ImageObject\",\"inLanguage\":\"es\",\"@id\":\"https:\/\/tourtravelandmore.com\/es\/#\/schema\/logo\/image\/\",\"url\":\"https:\/\/tourtravelandmore.com\/wp-content\/uploads\/2022\/12\/cropped-logo-cabecera-new.png\",\"contentUrl\":\"https:\/\/tourtravelandmore.com\/wp-content\/uploads\/2022\/12\/cropped-logo-cabecera-new.png\",\"width\":430,\"height\":61,\"caption\":\"Tour Travel And More\"},\"image\":{\"@id\":\"https:\/\/tourtravelandmore.com\/es\/#\/schema\/logo\/image\/\"},\"sameAs\":[\"https:\/\/www.facebook.com\/tourtravelandmore\/\",\"https:\/\/x.com\/TourTravel_More\"]}]}<\/script>\n<!-- \/ Yoast SEO Premium plugin. -->","yoast_head_json":{"title":"\u27a1\ufe0fTour Privado de la regi\u00f3n de Alsacia desde Estrasburgo - TTM","description":"\u00a1Tour privado de la regi\u00f3n de Alsacia desde Estrasburgo! Descubra esta hermosa regi\u00f3n junto a su gu\u00eda. \u2705","robots":{"index":"index","follow":"follow","max-snippet":"max-snippet:-1","max-image-preview":"max-image-preview:large","max-video-preview":"max-video-preview:-1"},"canonical":"https:\/\/tourtravelandmore.com\/es\/tours\/francia\/estrasburgo\/tour-privado-de-la-region-de-alsacia-con-haut-koenigsbourg-desde-estrasburgo-copy\/","og_locale":"es_ES","og_type":"article","og_title":"Tour Privado de la regi\u00f3n de Alsacia desde Estrasburgo","og_description":"\u00a1Tour privado de la regi\u00f3n de Alsacia desde Estrasburgo! Descubra esta hermosa regi\u00f3n junto a su gu\u00eda. \u2705","og_url":"https:\/\/tourtravelandmore.com\/es\/tours\/francia\/estrasburgo\/tour-privado-de-la-region-de-alsacia-con-haut-koenigsbourg-desde-estrasburgo-copy\/","og_site_name":"Tour Travel And More","article_publisher":"https:\/\/www.facebook.com\/tourtravelandmore\/","article_modified_time":"2024-03-20T16:41:09+00:00","og_image":[{"width":1280,"height":853,"url":"https:\/\/tourtravelandmore.com\/wp-content\/uploads\/2024\/03\/pexels-philippe-serrand-18249127.jpg","type":"image\/jpeg"}],"twitter_card":"summary_large_image","twitter_site":"@TourTravel_More","twitter_misc":{"Tiempo de lectura":"2 minutos"},"schema":{"@context":"https:\/\/schema.org","@graph":[{"@type":"WebPage","@id":"https:\/\/tourtravelandmore.com\/es\/tours\/francia\/estrasburgo\/tour-privado-de-la-region-de-alsacia-con-haut-koenigsbourg-desde-estrasburgo-copy\/","url":"https:\/\/tourtravelandmore.com\/es\/tours\/francia\/estrasburgo\/tour-privado-de-la-region-de-alsacia-con-haut-koenigsbourg-desde-estrasburgo-copy\/","name":"\u27a1\ufe0fTour Privado de la regi\u00f3n de Alsacia desde Estrasburgo - TTM","isPartOf":{"@id":"https:\/\/tourtravelandmore.com\/es\/#website"},"primaryImageOfPage":{"@id":"https:\/\/tourtravelandmore.com\/es\/tours\/francia\/estrasburgo\/tour-privado-de-la-region-de-alsacia-con-haut-koenigsbourg-desde-estrasburgo-copy\/#primaryimage"},"image":{"@id":"https:\/\/tourtravelandmore.com\/es\/tours\/francia\/estrasburgo\/tour-privado-de-la-region-de-alsacia-con-haut-koenigsbourg-desde-estrasburgo-copy\/#primaryimage"},"thumbnailUrl":"https:\/\/tourtravelandmore.com\/wp-content\/uploads\/2024\/03\/pexels-philippe-serrand-18249127.jpg","datePublished":"2024-03-20T16:17:30+00:00","dateModified":"2024-03-20T16:41:09+00:00","description":"\u00a1Tour privado de la regi\u00f3n de Alsacia desde Estrasburgo! Descubra esta hermosa regi\u00f3n junto a su gu\u00eda. \u2705","breadcrumb":{"@id":"https:\/\/tourtravelandmore.com\/es\/tours\/francia\/estrasburgo\/tour-privado-de-la-region-de-alsacia-con-haut-koenigsbourg-desde-estrasburgo-copy\/#breadcrumb"},"inLanguage":"es","potentialAction":[{"@type":"ReadAction","target":["https:\/\/tourtravelandmore.com\/es\/tours\/francia\/estrasburgo\/tour-privado-de-la-region-de-alsacia-con-haut-koenigsbourg-desde-estrasburgo-copy\/"]}]},{"@type":"ImageObject","inLanguage":"es","@id":"https:\/\/tourtravelandmore.com\/es\/tours\/francia\/estrasburgo\/tour-privado-de-la-region-de-alsacia-con-haut-koenigsbourg-desde-estrasburgo-copy\/#primaryimage","url":"https:\/\/tourtravelandmore.com\/wp-content\/uploads\/2024\/03\/pexels-philippe-serrand-18249127.jpg","contentUrl":"https:\/\/tourtravelandmore.com\/wp-content\/uploads\/2024\/03\/pexels-philippe-serrand-18249127.jpg","width":1280,"height":853},{"@type":"BreadcrumbList","@id":"https:\/\/tourtravelandmore.com\/es\/tours\/francia\/estrasburgo\/tour-privado-de-la-region-de-alsacia-con-haut-koenigsbourg-desde-estrasburgo-copy\/#breadcrumb","itemListElement":[{"@type":"ListItem","position":1,"name":"Home","item":"https:\/\/tourtravelandmore.com\/es\/"},{"@type":"ListItem","position":2,"name":"Tours","item":"https:\/\/tourtravelandmore.com\/es\/tours\/"},{"@type":"ListItem","position":3,"name":"Tour Privado de la regi\u00f3n de Alsacia desde Estrasburgo"}]},{"@type":"WebSite","@id":"https:\/\/tourtravelandmore.com\/es\/#website","url":"https:\/\/tourtravelandmore.com\/es\/","name":"Tour Travel And More","description":"Private sightseeing tours and luxury transfers in Spain","publisher":{"@id":"https:\/\/tourtravelandmore.com\/es\/#organization"},"potentialAction":[{"@type":"SearchAction","target":{"@type":"EntryPoint","urlTemplate":"https:\/\/tourtravelandmore.com\/es\/?s={search_term_string}"},"query-input":{"@type":"PropertyValueSpecification","valueRequired":true,"valueName":"search_term_string"}}],"inLanguage":"es"},{"@type":"Organization","@id":"https:\/\/tourtravelandmore.com\/es\/#organization","name":"Tour Travel And More","url":"https:\/\/tourtravelandmore.com\/es\/","logo":{"@type":"ImageObject","inLanguage":"es","@id":"https:\/\/tourtravelandmore.com\/es\/#\/schema\/logo\/image\/","url":"https:\/\/tourtravelandmore.com\/wp-content\/uploads\/2022\/12\/cropped-logo-cabecera-new.png","contentUrl":"https:\/\/tourtravelandmore.com\/wp-content\/uploads\/2022\/12\/cropped-logo-cabecera-new.png","width":430,"height":61,"caption":"Tour Travel And More"},"image":{"@id":"https:\/\/tourtravelandmore.com\/es\/#\/schema\/logo\/image\/"},"sameAs":["https:\/\/www.facebook.com\/tourtravelandmore\/","https:\/\/x.com\/TourTravel_More"]}]}},"_links":{"self":[{"href":"https:\/\/tourtravelandmore.com\/es\/wp-json\/wp\/v2\/product\/173926","targetHints":{"allow":["GET"]}}],"collection":[{"href":"https:\/\/tourtravelandmore.com\/es\/wp-json\/wp\/v2\/product"}],"about":[{"href":"https:\/\/tourtravelandmore.com\/es\/wp-json\/wp\/v2\/types\/product"}],"replies":[{"embeddable":true,"href":"https:\/\/tourtravelandmore.com\/es\/wp-json\/wp\/v2\/comments?post=173926"}],"wp:featuredmedia":[{"embeddable":true,"href":"https:\/\/tourtravelandmore.com\/es\/wp-json\/wp\/v2\/media\/173942"}],"wp:attachment":[{"href":"https:\/\/tourtravelandmore.com\/es\/wp-json\/wp\/v2\/media?parent=173926"}],"wp:term":[{"taxonomy":"product_brand","embeddable":true,"href":"https:\/\/tourtravelandmore.com\/es\/wp-json\/wp\/v2\/product_brand?post=173926"},{"taxonomy":"product_cat","embeddable":true,"href":"https:\/\/tourtravelandmore.com\/es\/wp-json\/wp\/v2\/product_cat?post=173926"},{"taxonomy":"product_tag","embeddable":true,"href":"https:\/\/tourtravelandmore.com\/es\/wp-json\/wp\/v2\/product_tag?post=173926"}],"curies":[{"name":"wp","href":"https:\/\/api.w.org\/{rel}","templated":true}]}}