{"id":173900,"date":"2024-03-20T16:24:56","date_gmt":"2024-03-20T15:24:56","guid":{"rendered":"https:\/\/tourtravelandmore.com\/?post_type=product&#038;p=173900"},"modified":"2024-03-20T17:39:53","modified_gmt":"2024-03-20T16:39:53","slug":"tour-privado-a-pie-de-estrasburgo-copy","status":"publish","type":"product","link":"https:\/\/tourtravelandmore.com\/es\/tours\/francia\/estrasburgo\/tour-privado-a-pie-de-estrasburgo-copy\/","title":{"rendered":"Tour privado de la regi\u00f3n de Alsacia con Haut Koenigsbourg desde Estrasburgo"},"content":{"rendered":"<h2>Descripci\u00f3n<\/h2>\n<p>Emb\u00e1rquese en un delicioso viaje por la encantadora regi\u00f3n de Alsacia con nuestro exclusivo <strong>Tour Privado de la regi\u00f3n de Alsacia con Haut Koenigsbourg desde Estrasburgo.<\/strong> Descubra las pintorescas ciudades de <strong>Colmar, Eguisheim<\/strong> y <strong>Riquewihr,<\/strong> conocidas por su encanto medieval, sus coloridas casas con entramado de madera y su rico patrimonio alsaciano.<\/p>\n<p>A continuaci\u00f3n, sum\u00e9rjase en la historia en el majestuoso castillo de <strong>Haut Koenigsbourg,<\/strong> encaramado en lo alto de una colina con impresionantes vistas de los vi\u00f1edos y bosques circundantes.<\/p>\n<p>Todas nuestras excursiones son privadas y se adaptan a los intereses de nuestros clientes. Nuestros expertos en viajes le ayudar\u00e1n a organizar una experiencia \u00fanica y a medida. Todo el recorrido se organizar\u00e1 seg\u00fan sus deseos personales.<\/p>\n<h2>Puntos de inter\u00e9s | Tour privado de la regi\u00f3n de Alsacia con Haut Koenigsbourg desde Estrasburgo<\/h2>\n<p>Comience el d\u00eda explorando las encantadoras calles de <strong>Colmar.<\/strong> Se la conoce como la &#8220;Peque\u00f1a Venecia&#8221; por sus pintorescos canales y sus caminos floreados. Admire la arquitectura medieval bien conservada y visite lugares emblem\u00e1ticos como el casco antiguo, el Museo Unterlinden y el encantador barrio de la Petite Venise.<\/p>\n<p>A continuaci\u00f3n, viaje al pueblo de cuento de hadas de <strong>Eguisheim,<\/strong> famoso por su trazado circular y sus coloridas casas con entramado de madera adornadas con flores en flor. Pasee por las estrechas calles adoquinadas, visite el castillo de <strong>Eguisheim<\/strong> y saboree las especialidades alsacianas locales en pintorescos caf\u00e9s y tabernas.<\/p>\n<p>Despu\u00e9s, experimente el ambiente medieval de <strong>Riquewihr,<\/strong> ciudad declarada Patrimonio de la Humanidad por la UNESCO y rodeada de vi\u00f1edos. Descubra las fortificaciones bien conservadas, visite bodegas familiares para catar vinos y compre recuerdos como cer\u00e1mica alsaciana y delicias regionales en la encantadora <strong>Rue du G\u00e9n\u00e9ral de Gaulle.<\/strong><\/p>\n<p>Por \u00faltimo, suba al magn\u00edfico castillo de <strong>Haut Koenigsbourg<\/strong>. Es un s\u00edmbolo del pasado <strong>medieval<\/strong> de <strong>Alsacia.<\/strong> Explore las impresionantes murallas del castillo, las torres y las salas interiores que muestran mobiliario y armamento de \u00e9poca. Disfrute de las vistas panor\u00e1micas de la llanura alsaciana y de los montes Vosgos desde este mirador hist\u00f3rico.<\/p>\n<p>Como se ha detallado anteriormente, se trata de una experiencia privada y a medida. Nuestros expertos en viajes le ayudar\u00e1n a organizar su visita privada a <strong>Estrasburgo<\/strong> seg\u00fan sus gustos personales. Haremos todo lo posible para que su visita a la maravillosa Estrasburgo sea una experiencia inolvidable.<\/p>\n<p>Se trata de una experiencia hecha a medida. La hora de inicio, la duraci\u00f3n y el itinerario son totalmente adaptables a sus deseos personales. <a href=\"https:\/\/tourtravelandmore.com\/city\/france\/strasbourg\/\">Puede ver todos nuestros tours privados en Estrasburgo aqu\u00ed.<\/a><\/p>\n","protected":false},"excerpt":{"rendered":"<p>Emb\u00e1rquese en un delicioso viaje por la encantadora regi\u00f3n de Alsacia con nuestro exclusivo Tour Privado de la regi\u00f3n de Alsacia con Haut Koenigsbourg desde Estrasburgo. Descubra las pintorescas ciudades de Colmar, Eguisheim y Riquewihr, conocidas por su encanto medieval, sus coloridas casas con entramado de madera y su rico patrimonio alsaciano.<\/p>\n","protected":false},"featured_media":173916,"comment_status":"open","ping_status":"closed","template":"","meta":{"_acf_changed":false},"product_brand":[],"product_cat":[5211,5199,5215],"product_tag":[],"class_list":{"0":"post-173900","1":"product","2":"type-product","3":"status-publish","4":"has-post-thumbnail","6":"product_cat-all-private-tours-es-2","7":"product_cat-estrasburgo","8":"product_cat-private-sightseeing-tours-es-2","10":"first","11":"instock","12":"shipping-taxable","13":"purchasable","14":"product-type-simple"},"acf":[],"yoast_head":"<!-- This site is optimized with the Yoast SEO Premium plugin v25.3.1 (Yoast SEO v25.3.1) - https:\/\/yoast.com\/wordpress\/plugins\/seo\/ -->\n<title>\u27a1\ufe0fTour privado de la regi\u00f3n de Alsacia con Haut Koenigsbourg - TTM<\/title>\n<meta name=\"description\" content=\"\u00a1Tour privado de la regi\u00f3n de Alsacia con Haut Koenigsbourg desde Estrasburgo! Descubra esta hermosa regi\u00f3n junto a su gu\u00eda. \u2705\" \/>\n<meta name=\"robots\" content=\"index, follow, max-snippet:-1, max-image-preview:large, max-video-preview:-1\" \/>\n<link rel=\"canonical\" href=\"https:\/\/tourtravelandmore.com\/es\/tours\/francia\/estrasburgo\/tour-privado-a-pie-de-estrasburgo-copy\/\" \/>\n<meta property=\"og:locale\" content=\"es_ES\" \/>\n<meta property=\"og:type\" content=\"article\" \/>\n<meta property=\"og:title\" content=\"Tour privado de la regi\u00f3n de Alsacia con Haut Koenigsbourg desde Estrasburgo\" \/>\n<meta property=\"og:description\" content=\"\u00a1Tour privado de la regi\u00f3n de Alsacia con Haut Koenigsbourg desde Estrasburgo! Descubra esta hermosa regi\u00f3n junto a su gu\u00eda. \u2705\" \/>\n<meta property=\"og:url\" content=\"https:\/\/tourtravelandmore.com\/es\/tours\/francia\/estrasburgo\/tour-privado-a-pie-de-estrasburgo-copy\/\" \/>\n<meta property=\"og:site_name\" content=\"Tour Travel And More\" \/>\n<meta property=\"article:publisher\" content=\"https:\/\/www.facebook.com\/tourtravelandmore\/\" \/>\n<meta property=\"article:modified_time\" content=\"2024-03-20T16:39:53+00:00\" \/>\n<meta property=\"og:image\" content=\"https:\/\/tourtravelandmore.com\/wp-content\/uploads\/2024\/03\/pexels-julien-goettelmann-17185646.jpg\" \/>\n\t<meta property=\"og:image:width\" content=\"1280\" \/>\n\t<meta property=\"og:image:height\" content=\"720\" \/>\n\t<meta property=\"og:image:type\" content=\"image\/jpeg\" \/>\n<meta name=\"twitter:card\" content=\"summary_large_image\" \/>\n<meta name=\"twitter:site\" content=\"@TourTravel_More\" \/>\n<meta name=\"twitter:label1\" content=\"Tiempo de lectura\" \/>\n\t<meta name=\"twitter:data1\" content=\"2 minutos\" \/>\n<script type=\"application\/ld+json\" class=\"yoast-schema-graph\">{\"@context\":\"https:\/\/schema.org\",\"@graph\":[{\"@type\":\"WebPage\",\"@id\":\"https:\/\/tourtravelandmore.com\/es\/tours\/francia\/estrasburgo\/tour-privado-a-pie-de-estrasburgo-copy\/\",\"url\":\"https:\/\/tourtravelandmore.com\/es\/tours\/francia\/estrasburgo\/tour-privado-a-pie-de-estrasburgo-copy\/\",\"name\":\"\u27a1\ufe0fTour privado de la regi\u00f3n de Alsacia con Haut Koenigsbourg - TTM\",\"isPartOf\":{\"@id\":\"https:\/\/tourtravelandmore.com\/es\/#website\"},\"primaryImageOfPage\":{\"@id\":\"https:\/\/tourtravelandmore.com\/es\/tours\/francia\/estrasburgo\/tour-privado-a-pie-de-estrasburgo-copy\/#primaryimage\"},\"image\":{\"@id\":\"https:\/\/tourtravelandmore.com\/es\/tours\/francia\/estrasburgo\/tour-privado-a-pie-de-estrasburgo-copy\/#primaryimage\"},\"thumbnailUrl\":\"https:\/\/tourtravelandmore.com\/wp-content\/uploads\/2024\/03\/pexels-julien-goettelmann-17185646.jpg\",\"datePublished\":\"2024-03-20T15:24:56+00:00\",\"dateModified\":\"2024-03-20T16:39:53+00:00\",\"description\":\"\u00a1Tour privado de la regi\u00f3n de Alsacia con Haut Koenigsbourg desde Estrasburgo! Descubra esta hermosa regi\u00f3n junto a su gu\u00eda. \u2705\",\"breadcrumb\":{\"@id\":\"https:\/\/tourtravelandmore.com\/es\/tours\/francia\/estrasburgo\/tour-privado-a-pie-de-estrasburgo-copy\/#breadcrumb\"},\"inLanguage\":\"es\",\"potentialAction\":[{\"@type\":\"ReadAction\",\"target\":[\"https:\/\/tourtravelandmore.com\/es\/tours\/francia\/estrasburgo\/tour-privado-a-pie-de-estrasburgo-copy\/\"]}]},{\"@type\":\"ImageObject\",\"inLanguage\":\"es\",\"@id\":\"https:\/\/tourtravelandmore.com\/es\/tours\/francia\/estrasburgo\/tour-privado-a-pie-de-estrasburgo-copy\/#primaryimage\",\"url\":\"https:\/\/tourtravelandmore.com\/wp-content\/uploads\/2024\/03\/pexels-julien-goettelmann-17185646.jpg\",\"contentUrl\":\"https:\/\/tourtravelandmore.com\/wp-content\/uploads\/2024\/03\/pexels-julien-goettelmann-17185646.jpg\",\"width\":1280,\"height\":720},{\"@type\":\"BreadcrumbList\",\"@id\":\"https:\/\/tourtravelandmore.com\/es\/tours\/francia\/estrasburgo\/tour-privado-a-pie-de-estrasburgo-copy\/#breadcrumb\",\"itemListElement\":[{\"@type\":\"ListItem\",\"position\":1,\"name\":\"Home\",\"item\":\"https:\/\/tourtravelandmore.com\/es\/\"},{\"@type\":\"ListItem\",\"position\":2,\"name\":\"Tours\",\"item\":\"https:\/\/tourtravelandmore.com\/es\/tours\/\"},{\"@type\":\"ListItem\",\"position\":3,\"name\":\"Tour privado de la regi\u00f3n de Alsacia con Haut Koenigsbourg desde Estrasburgo\"}]},{\"@type\":\"WebSite\",\"@id\":\"https:\/\/tourtravelandmore.com\/es\/#website\",\"url\":\"https:\/\/tourtravelandmore.com\/es\/\",\"name\":\"Tour Travel And More\",\"description\":\"Private sightseeing tours and luxury transfers in Spain\",\"publisher\":{\"@id\":\"https:\/\/tourtravelandmore.com\/es\/#organization\"},\"potentialAction\":[{\"@type\":\"SearchAction\",\"target\":{\"@type\":\"EntryPoint\",\"urlTemplate\":\"https:\/\/tourtravelandmore.com\/es\/?s={search_term_string}\"},\"query-input\":{\"@type\":\"PropertyValueSpecification\",\"valueRequired\":true,\"valueName\":\"search_term_string\"}}],\"inLanguage\":\"es\"},{\"@type\":\"Organization\",\"@id\":\"https:\/\/tourtravelandmore.com\/es\/#organization\",\"name\":\"Tour Travel And More\",\"url\":\"https:\/\/tourtravelandmore.com\/es\/\",\"logo\":{\"@type\":\"ImageObject\",\"inLanguage\":\"es\",\"@id\":\"https:\/\/tourtravelandmore.com\/es\/#\/schema\/logo\/image\/\",\"url\":\"https:\/\/tourtravelandmore.com\/wp-content\/uploads\/2022\/12\/cropped-logo-cabecera-new.png\",\"contentUrl\":\"https:\/\/tourtravelandmore.com\/wp-content\/uploads\/2022\/12\/cropped-logo-cabecera-new.png\",\"width\":430,\"height\":61,\"caption\":\"Tour Travel And More\"},\"image\":{\"@id\":\"https:\/\/tourtravelandmore.com\/es\/#\/schema\/logo\/image\/\"},\"sameAs\":[\"https:\/\/www.facebook.com\/tourtravelandmore\/\",\"https:\/\/x.com\/TourTravel_More\"]}]}<\/script>\n<!-- \/ Yoast SEO Premium plugin. -->","yoast_head_json":{"title":"\u27a1\ufe0fTour privado de la regi\u00f3n de Alsacia con Haut Koenigsbourg - TTM","description":"\u00a1Tour privado de la regi\u00f3n de Alsacia con Haut Koenigsbourg desde Estrasburgo! Descubra esta hermosa regi\u00f3n junto a su gu\u00eda. \u2705","robots":{"index":"index","follow":"follow","max-snippet":"max-snippet:-1","max-image-preview":"max-image-preview:large","max-video-preview":"max-video-preview:-1"},"canonical":"https:\/\/tourtravelandmore.com\/es\/tours\/francia\/estrasburgo\/tour-privado-a-pie-de-estrasburgo-copy\/","og_locale":"es_ES","og_type":"article","og_title":"Tour privado de la regi\u00f3n de Alsacia con Haut Koenigsbourg desde Estrasburgo","og_description":"\u00a1Tour privado de la regi\u00f3n de Alsacia con Haut Koenigsbourg desde Estrasburgo! Descubra esta hermosa regi\u00f3n junto a su gu\u00eda. \u2705","og_url":"https:\/\/tourtravelandmore.com\/es\/tours\/francia\/estrasburgo\/tour-privado-a-pie-de-estrasburgo-copy\/","og_site_name":"Tour Travel And More","article_publisher":"https:\/\/www.facebook.com\/tourtravelandmore\/","article_modified_time":"2024-03-20T16:39:53+00:00","og_image":[{"width":1280,"height":720,"url":"https:\/\/tourtravelandmore.com\/wp-content\/uploads\/2024\/03\/pexels-julien-goettelmann-17185646.jpg","type":"image\/jpeg"}],"twitter_card":"summary_large_image","twitter_site":"@TourTravel_More","twitter_misc":{"Tiempo de lectura":"2 minutos"},"schema":{"@context":"https:\/\/schema.org","@graph":[{"@type":"WebPage","@id":"https:\/\/tourtravelandmore.com\/es\/tours\/francia\/estrasburgo\/tour-privado-a-pie-de-estrasburgo-copy\/","url":"https:\/\/tourtravelandmore.com\/es\/tours\/francia\/estrasburgo\/tour-privado-a-pie-de-estrasburgo-copy\/","name":"\u27a1\ufe0fTour privado de la regi\u00f3n de Alsacia con Haut Koenigsbourg - TTM","isPartOf":{"@id":"https:\/\/tourtravelandmore.com\/es\/#website"},"primaryImageOfPage":{"@id":"https:\/\/tourtravelandmore.com\/es\/tours\/francia\/estrasburgo\/tour-privado-a-pie-de-estrasburgo-copy\/#primaryimage"},"image":{"@id":"https:\/\/tourtravelandmore.com\/es\/tours\/francia\/estrasburgo\/tour-privado-a-pie-de-estrasburgo-copy\/#primaryimage"},"thumbnailUrl":"https:\/\/tourtravelandmore.com\/wp-content\/uploads\/2024\/03\/pexels-julien-goettelmann-17185646.jpg","datePublished":"2024-03-20T15:24:56+00:00","dateModified":"2024-03-20T16:39:53+00:00","description":"\u00a1Tour privado de la regi\u00f3n de Alsacia con Haut Koenigsbourg desde Estrasburgo! Descubra esta hermosa regi\u00f3n junto a su gu\u00eda. \u2705","breadcrumb":{"@id":"https:\/\/tourtravelandmore.com\/es\/tours\/francia\/estrasburgo\/tour-privado-a-pie-de-estrasburgo-copy\/#breadcrumb"},"inLanguage":"es","potentialAction":[{"@type":"ReadAction","target":["https:\/\/tourtravelandmore.com\/es\/tours\/francia\/estrasburgo\/tour-privado-a-pie-de-estrasburgo-copy\/"]}]},{"@type":"ImageObject","inLanguage":"es","@id":"https:\/\/tourtravelandmore.com\/es\/tours\/francia\/estrasburgo\/tour-privado-a-pie-de-estrasburgo-copy\/#primaryimage","url":"https:\/\/tourtravelandmore.com\/wp-content\/uploads\/2024\/03\/pexels-julien-goettelmann-17185646.jpg","contentUrl":"https:\/\/tourtravelandmore.com\/wp-content\/uploads\/2024\/03\/pexels-julien-goettelmann-17185646.jpg","width":1280,"height":720},{"@type":"BreadcrumbList","@id":"https:\/\/tourtravelandmore.com\/es\/tours\/francia\/estrasburgo\/tour-privado-a-pie-de-estrasburgo-copy\/#breadcrumb","itemListElement":[{"@type":"ListItem","position":1,"name":"Home","item":"https:\/\/tourtravelandmore.com\/es\/"},{"@type":"ListItem","position":2,"name":"Tours","item":"https:\/\/tourtravelandmore.com\/es\/tours\/"},{"@type":"ListItem","position":3,"name":"Tour privado de la regi\u00f3n de Alsacia con Haut Koenigsbourg desde Estrasburgo"}]},{"@type":"WebSite","@id":"https:\/\/tourtravelandmore.com\/es\/#website","url":"https:\/\/tourtravelandmore.com\/es\/","name":"Tour Travel And More","description":"Private sightseeing tours and luxury transfers in Spain","publisher":{"@id":"https:\/\/tourtravelandmore.com\/es\/#organization"},"potentialAction":[{"@type":"SearchAction","target":{"@type":"EntryPoint","urlTemplate":"https:\/\/tourtravelandmore.com\/es\/?s={search_term_string}"},"query-input":{"@type":"PropertyValueSpecification","valueRequired":true,"valueName":"search_term_string"}}],"inLanguage":"es"},{"@type":"Organization","@id":"https:\/\/tourtravelandmore.com\/es\/#organization","name":"Tour Travel And More","url":"https:\/\/tourtravelandmore.com\/es\/","logo":{"@type":"ImageObject","inLanguage":"es","@id":"https:\/\/tourtravelandmore.com\/es\/#\/schema\/logo\/image\/","url":"https:\/\/tourtravelandmore.com\/wp-content\/uploads\/2022\/12\/cropped-logo-cabecera-new.png","contentUrl":"https:\/\/tourtravelandmore.com\/wp-content\/uploads\/2022\/12\/cropped-logo-cabecera-new.png","width":430,"height":61,"caption":"Tour Travel And More"},"image":{"@id":"https:\/\/tourtravelandmore.com\/es\/#\/schema\/logo\/image\/"},"sameAs":["https:\/\/www.facebook.com\/tourtravelandmore\/","https:\/\/x.com\/TourTravel_More"]}]}},"_links":{"self":[{"href":"https:\/\/tourtravelandmore.com\/es\/wp-json\/wp\/v2\/product\/173900","targetHints":{"allow":["GET"]}}],"collection":[{"href":"https:\/\/tourtravelandmore.com\/es\/wp-json\/wp\/v2\/product"}],"about":[{"href":"https:\/\/tourtravelandmore.com\/es\/wp-json\/wp\/v2\/types\/product"}],"replies":[{"embeddable":true,"href":"https:\/\/tourtravelandmore.com\/es\/wp-json\/wp\/v2\/comments?post=173900"}],"wp:featuredmedia":[{"embeddable":true,"href":"https:\/\/tourtravelandmore.com\/es\/wp-json\/wp\/v2\/media\/173916"}],"wp:attachment":[{"href":"https:\/\/tourtravelandmore.com\/es\/wp-json\/wp\/v2\/media?parent=173900"}],"wp:term":[{"taxonomy":"product_brand","embeddable":true,"href":"https:\/\/tourtravelandmore.com\/es\/wp-json\/wp\/v2\/product_brand?post=173900"},{"taxonomy":"product_cat","embeddable":true,"href":"https:\/\/tourtravelandmore.com\/es\/wp-json\/wp\/v2\/product_cat?post=173900"},{"taxonomy":"product_tag","embeddable":true,"href":"https:\/\/tourtravelandmore.com\/es\/wp-json\/wp\/v2\/product_tag?post=173900"}],"curies":[{"name":"wp","href":"https:\/\/api.w.org\/{rel}","templated":true}]}}