{"id":173850,"date":"2024-03-19T20:52:33","date_gmt":"2024-03-19T19:52:33","guid":{"rendered":"https:\/\/tourtravelandmore.com\/?post_type=product&#038;p=173850"},"modified":"2024-03-20T18:13:43","modified_gmt":"2024-03-20T17:13:43","slug":"tour-privado-a-pie-de-paris-copy","status":"publish","type":"product","link":"https:\/\/tourtravelandmore.com\/es\/tours\/francia\/estrasburgo\/tour-privado-a-pie-de-paris-copy\/","title":{"rendered":"Tour Privado a pie de Estrasburgo"},"content":{"rendered":"<h2>Descripci\u00f3n<\/h2>\n<p>Emb\u00e1rquese en un cautivador viaje por las encantadoras calles de <strong>Estrasburgo<\/strong> con el exclusivo <strong>Tour Privado a Pie de Estrasburgo<\/strong> de 2 horas de <strong>Tour Travel &amp; More<\/strong>. Descubra la rica historia, los lugares de inter\u00e9s cultural y las joyas ocultas de esta encantadora ciudad alsaciana con la experiencia de nuestros gu\u00edas expertos.<\/p>\n<p>Mientras camina por senderos empedrados de siglos de antig\u00fcedad, sum\u00e9rjase en la fusi\u00f3n de influencias francesas y alemanas que definen la identidad \u00fanica de Estrasburgo. Desde ic\u00f3nicas catedrales hasta pintorescos canales y pintorescas plazas, cada paso desvela un nuevo cap\u00edtulo de la cautivadora historia de Estrasburgo, lo que convierte este recorrido en una inolvidable exploraci\u00f3n del patrimonio alsaciano y el encanto europeo.<\/p>\n<p>Todos nuestros viajes son privados y se adaptan a los intereses de nuestros clientes. Nuestros expertos en viajes le ayudar\u00e1n a organizar una experiencia \u00fanica y a medida. Todo el recorrido se organizar\u00e1 seg\u00fan sus deseos personales.<\/p>\n<h2>Puntos de inter\u00e9s<\/h2>\n<p>Su visita privada a pie comienza cuando se re\u00fane con su experto gu\u00eda en un punto de encuentro designado en el centro de Estrasburgo.<\/p>\n<p><strong>Lugares m\u00e1s representativos y emblem\u00e1ticos<\/strong><\/p>\n<ul>\n<li><strong>Catedral de Estrasburgo<\/strong><\/li>\n<li><strong>La Petite France<\/strong><\/li>\n<li><strong>Palacio Rohan<\/strong><\/li>\n<li><strong>Plaza Gutenberg<\/strong><\/li>\n<li><strong>Ponts Couverts y r\u00edo Ill<\/strong><\/li>\n<li><strong>Y mucho m\u00e1s<\/strong><\/li>\n<\/ul>\n<p>Recorra barrios hist\u00f3ricos como <strong>Krutenau<\/strong> y <strong>Gallia<\/strong> y descubra con su gu\u00eda la diversidad arquitect\u00f3nica y la vida local de Estrasburgo.<\/p>\n<p>Este itinerario cuidadosamente elaborado ofrece una exploraci\u00f3n exhaustiva de los lugares emblem\u00e1ticos de <strong>Estrasburgo,<\/strong> su patrimonio cultural y sus puntos de vista locales, garantizando una experiencia memorable y enriquecedora durante su visita privada a pie de 2 horas con <strong>Tour Travel &amp; More.<\/strong><\/p>\n<p>Como se ha detallado anteriormente, se trata de una experiencia privada y hecha a medida. Nuestros expertos en viajes le ayudar\u00e1n a organizar su tour privado de Estrasburgo a su gusto. Haremos todo lo posible para ayudarle a obtener una experiencia inolvidable de su visita a la maravillosa <strong>Estrasburgo.<\/strong><\/p>\n<p>Se trata de una experiencia hecha a medida. La hora de inicio, la duraci\u00f3n y el itinerario son completamente adaptables a sus deseos personales. <a href=\"https:\/\/tourtravelandmore.com\/city\/france\/strasbourg\/\">Puede ver todos nuestros tours privados en Estrasburgo aqu\u00ed.<\/a><\/p>\n","protected":false},"excerpt":{"rendered":"<p>Emb\u00e1rquese en un cautivador viaje por las encantadoras calles de <strong>Estrasburgo<\/strong> con el exclusivo <strong>Tour Privado a Pie de Estrasburgo<\/strong> de 2 horas de <strong>Tour Travel &amp; More<\/strong>. Descubra la rica historia, los lugares de inter\u00e9s cultural y las joyas ocultas de esta encantadora ciudad alsaciana con la experiencia de nuestros gu\u00edas expertos.<\/p>\n","protected":false},"featured_media":173872,"comment_status":"open","ping_status":"closed","template":"","meta":{"_acf_changed":false},"product_brand":[],"product_cat":[5211,5199,5212],"product_tag":[],"class_list":{"0":"post-173850","1":"product","2":"type-product","3":"status-publish","4":"has-post-thumbnail","6":"product_cat-all-private-tours-es-2","7":"product_cat-estrasburgo","8":"product_cat-private-walking-tours-es","10":"first","11":"instock","12":"shipping-taxable","13":"purchasable","14":"product-type-simple"},"acf":[],"yoast_head":"<!-- This site is optimized with the Yoast SEO Premium plugin v25.3.1 (Yoast SEO v25.3.1) - https:\/\/yoast.com\/wordpress\/plugins\/seo\/ -->\n<title>\u27a1\ufe0f Tour Privado a pie de Estrasburgo | Tour Travel &amp; More<\/title>\n<meta name=\"description\" content=\"Descubra la maravillosa ciudad de Estrasburgo con su gu\u00eda oficial privado. \u00a1Deje que su gu\u00eda le ilumine! Visita privada a pie de Estrasburgo \u2705\" \/>\n<meta name=\"robots\" content=\"index, follow, max-snippet:-1, max-image-preview:large, max-video-preview:-1\" \/>\n<link rel=\"canonical\" href=\"https:\/\/tourtravelandmore.com\/es\/tours\/francia\/estrasburgo\/tour-privado-a-pie-de-paris-copy\/\" \/>\n<meta property=\"og:locale\" content=\"es_ES\" \/>\n<meta property=\"og:type\" content=\"article\" \/>\n<meta property=\"og:title\" content=\"Tour Privado a pie de Estrasburgo\" \/>\n<meta property=\"og:description\" content=\"Descubra la maravillosa ciudad de Estrasburgo con su gu\u00eda oficial privado. \u00a1Deje que su gu\u00eda le ilumine! Visita privada a pie de Estrasburgo \u2705\" \/>\n<meta property=\"og:url\" content=\"https:\/\/tourtravelandmore.com\/es\/tours\/francia\/estrasburgo\/tour-privado-a-pie-de-paris-copy\/\" \/>\n<meta property=\"og:site_name\" content=\"Tour Travel And More\" \/>\n<meta property=\"article:publisher\" content=\"https:\/\/www.facebook.com\/tourtravelandmore\/\" \/>\n<meta property=\"article:modified_time\" content=\"2024-03-20T17:13:43+00:00\" \/>\n<meta property=\"og:image\" content=\"https:\/\/tourtravelandmore.com\/wp-content\/uploads\/2024\/03\/eguisheim-3670681_1280.jpg\" \/>\n\t<meta property=\"og:image:width\" content=\"1280\" \/>\n\t<meta property=\"og:image:height\" content=\"853\" \/>\n\t<meta property=\"og:image:type\" content=\"image\/jpeg\" \/>\n<meta name=\"twitter:card\" content=\"summary_large_image\" \/>\n<meta name=\"twitter:site\" content=\"@TourTravel_More\" \/>\n<meta name=\"twitter:label1\" content=\"Tiempo de lectura\" \/>\n\t<meta name=\"twitter:data1\" content=\"2 minutos\" \/>\n<script type=\"application\/ld+json\" class=\"yoast-schema-graph\">{\"@context\":\"https:\/\/schema.org\",\"@graph\":[{\"@type\":\"WebPage\",\"@id\":\"https:\/\/tourtravelandmore.com\/es\/tours\/francia\/estrasburgo\/tour-privado-a-pie-de-paris-copy\/\",\"url\":\"https:\/\/tourtravelandmore.com\/es\/tours\/francia\/estrasburgo\/tour-privado-a-pie-de-paris-copy\/\",\"name\":\"\u27a1\ufe0f Tour Privado a pie de Estrasburgo | Tour Travel & More\",\"isPartOf\":{\"@id\":\"https:\/\/tourtravelandmore.com\/es\/#website\"},\"primaryImageOfPage\":{\"@id\":\"https:\/\/tourtravelandmore.com\/es\/tours\/francia\/estrasburgo\/tour-privado-a-pie-de-paris-copy\/#primaryimage\"},\"image\":{\"@id\":\"https:\/\/tourtravelandmore.com\/es\/tours\/francia\/estrasburgo\/tour-privado-a-pie-de-paris-copy\/#primaryimage\"},\"thumbnailUrl\":\"https:\/\/tourtravelandmore.com\/wp-content\/uploads\/2024\/03\/eguisheim-3670681_1280.jpg\",\"datePublished\":\"2024-03-19T19:52:33+00:00\",\"dateModified\":\"2024-03-20T17:13:43+00:00\",\"description\":\"Descubra la maravillosa ciudad de Estrasburgo con su gu\u00eda oficial privado. \u00a1Deje que su gu\u00eda le ilumine! Visita privada a pie de Estrasburgo \u2705\",\"breadcrumb\":{\"@id\":\"https:\/\/tourtravelandmore.com\/es\/tours\/francia\/estrasburgo\/tour-privado-a-pie-de-paris-copy\/#breadcrumb\"},\"inLanguage\":\"es\",\"potentialAction\":[{\"@type\":\"ReadAction\",\"target\":[\"https:\/\/tourtravelandmore.com\/es\/tours\/francia\/estrasburgo\/tour-privado-a-pie-de-paris-copy\/\"]}]},{\"@type\":\"ImageObject\",\"inLanguage\":\"es\",\"@id\":\"https:\/\/tourtravelandmore.com\/es\/tours\/francia\/estrasburgo\/tour-privado-a-pie-de-paris-copy\/#primaryimage\",\"url\":\"https:\/\/tourtravelandmore.com\/wp-content\/uploads\/2024\/03\/eguisheim-3670681_1280.jpg\",\"contentUrl\":\"https:\/\/tourtravelandmore.com\/wp-content\/uploads\/2024\/03\/eguisheim-3670681_1280.jpg\",\"width\":1280,\"height\":853},{\"@type\":\"BreadcrumbList\",\"@id\":\"https:\/\/tourtravelandmore.com\/es\/tours\/francia\/estrasburgo\/tour-privado-a-pie-de-paris-copy\/#breadcrumb\",\"itemListElement\":[{\"@type\":\"ListItem\",\"position\":1,\"name\":\"Home\",\"item\":\"https:\/\/tourtravelandmore.com\/es\/\"},{\"@type\":\"ListItem\",\"position\":2,\"name\":\"Tours\",\"item\":\"https:\/\/tourtravelandmore.com\/es\/tours\/\"},{\"@type\":\"ListItem\",\"position\":3,\"name\":\"Tour Privado a pie de Estrasburgo\"}]},{\"@type\":\"WebSite\",\"@id\":\"https:\/\/tourtravelandmore.com\/es\/#website\",\"url\":\"https:\/\/tourtravelandmore.com\/es\/\",\"name\":\"Tour Travel And More\",\"description\":\"Private sightseeing tours and luxury transfers in Spain\",\"publisher\":{\"@id\":\"https:\/\/tourtravelandmore.com\/es\/#organization\"},\"potentialAction\":[{\"@type\":\"SearchAction\",\"target\":{\"@type\":\"EntryPoint\",\"urlTemplate\":\"https:\/\/tourtravelandmore.com\/es\/?s={search_term_string}\"},\"query-input\":{\"@type\":\"PropertyValueSpecification\",\"valueRequired\":true,\"valueName\":\"search_term_string\"}}],\"inLanguage\":\"es\"},{\"@type\":\"Organization\",\"@id\":\"https:\/\/tourtravelandmore.com\/es\/#organization\",\"name\":\"Tour Travel And More\",\"url\":\"https:\/\/tourtravelandmore.com\/es\/\",\"logo\":{\"@type\":\"ImageObject\",\"inLanguage\":\"es\",\"@id\":\"https:\/\/tourtravelandmore.com\/es\/#\/schema\/logo\/image\/\",\"url\":\"https:\/\/tourtravelandmore.com\/wp-content\/uploads\/2022\/12\/cropped-logo-cabecera-new.png\",\"contentUrl\":\"https:\/\/tourtravelandmore.com\/wp-content\/uploads\/2022\/12\/cropped-logo-cabecera-new.png\",\"width\":430,\"height\":61,\"caption\":\"Tour Travel And More\"},\"image\":{\"@id\":\"https:\/\/tourtravelandmore.com\/es\/#\/schema\/logo\/image\/\"},\"sameAs\":[\"https:\/\/www.facebook.com\/tourtravelandmore\/\",\"https:\/\/x.com\/TourTravel_More\"]}]}<\/script>\n<!-- \/ Yoast SEO Premium plugin. -->","yoast_head_json":{"title":"\u27a1\ufe0f Tour Privado a pie de Estrasburgo | Tour Travel & More","description":"Descubra la maravillosa ciudad de Estrasburgo con su gu\u00eda oficial privado. \u00a1Deje que su gu\u00eda le ilumine! Visita privada a pie de Estrasburgo \u2705","robots":{"index":"index","follow":"follow","max-snippet":"max-snippet:-1","max-image-preview":"max-image-preview:large","max-video-preview":"max-video-preview:-1"},"canonical":"https:\/\/tourtravelandmore.com\/es\/tours\/francia\/estrasburgo\/tour-privado-a-pie-de-paris-copy\/","og_locale":"es_ES","og_type":"article","og_title":"Tour Privado a pie de Estrasburgo","og_description":"Descubra la maravillosa ciudad de Estrasburgo con su gu\u00eda oficial privado. \u00a1Deje que su gu\u00eda le ilumine! Visita privada a pie de Estrasburgo \u2705","og_url":"https:\/\/tourtravelandmore.com\/es\/tours\/francia\/estrasburgo\/tour-privado-a-pie-de-paris-copy\/","og_site_name":"Tour Travel And More","article_publisher":"https:\/\/www.facebook.com\/tourtravelandmore\/","article_modified_time":"2024-03-20T17:13:43+00:00","og_image":[{"width":1280,"height":853,"url":"https:\/\/tourtravelandmore.com\/wp-content\/uploads\/2024\/03\/eguisheim-3670681_1280.jpg","type":"image\/jpeg"}],"twitter_card":"summary_large_image","twitter_site":"@TourTravel_More","twitter_misc":{"Tiempo de lectura":"2 minutos"},"schema":{"@context":"https:\/\/schema.org","@graph":[{"@type":"WebPage","@id":"https:\/\/tourtravelandmore.com\/es\/tours\/francia\/estrasburgo\/tour-privado-a-pie-de-paris-copy\/","url":"https:\/\/tourtravelandmore.com\/es\/tours\/francia\/estrasburgo\/tour-privado-a-pie-de-paris-copy\/","name":"\u27a1\ufe0f Tour Privado a pie de Estrasburgo | Tour Travel & More","isPartOf":{"@id":"https:\/\/tourtravelandmore.com\/es\/#website"},"primaryImageOfPage":{"@id":"https:\/\/tourtravelandmore.com\/es\/tours\/francia\/estrasburgo\/tour-privado-a-pie-de-paris-copy\/#primaryimage"},"image":{"@id":"https:\/\/tourtravelandmore.com\/es\/tours\/francia\/estrasburgo\/tour-privado-a-pie-de-paris-copy\/#primaryimage"},"thumbnailUrl":"https:\/\/tourtravelandmore.com\/wp-content\/uploads\/2024\/03\/eguisheim-3670681_1280.jpg","datePublished":"2024-03-19T19:52:33+00:00","dateModified":"2024-03-20T17:13:43+00:00","description":"Descubra la maravillosa ciudad de Estrasburgo con su gu\u00eda oficial privado. \u00a1Deje que su gu\u00eda le ilumine! Visita privada a pie de Estrasburgo \u2705","breadcrumb":{"@id":"https:\/\/tourtravelandmore.com\/es\/tours\/francia\/estrasburgo\/tour-privado-a-pie-de-paris-copy\/#breadcrumb"},"inLanguage":"es","potentialAction":[{"@type":"ReadAction","target":["https:\/\/tourtravelandmore.com\/es\/tours\/francia\/estrasburgo\/tour-privado-a-pie-de-paris-copy\/"]}]},{"@type":"ImageObject","inLanguage":"es","@id":"https:\/\/tourtravelandmore.com\/es\/tours\/francia\/estrasburgo\/tour-privado-a-pie-de-paris-copy\/#primaryimage","url":"https:\/\/tourtravelandmore.com\/wp-content\/uploads\/2024\/03\/eguisheim-3670681_1280.jpg","contentUrl":"https:\/\/tourtravelandmore.com\/wp-content\/uploads\/2024\/03\/eguisheim-3670681_1280.jpg","width":1280,"height":853},{"@type":"BreadcrumbList","@id":"https:\/\/tourtravelandmore.com\/es\/tours\/francia\/estrasburgo\/tour-privado-a-pie-de-paris-copy\/#breadcrumb","itemListElement":[{"@type":"ListItem","position":1,"name":"Home","item":"https:\/\/tourtravelandmore.com\/es\/"},{"@type":"ListItem","position":2,"name":"Tours","item":"https:\/\/tourtravelandmore.com\/es\/tours\/"},{"@type":"ListItem","position":3,"name":"Tour Privado a pie de Estrasburgo"}]},{"@type":"WebSite","@id":"https:\/\/tourtravelandmore.com\/es\/#website","url":"https:\/\/tourtravelandmore.com\/es\/","name":"Tour Travel And More","description":"Private sightseeing tours and luxury transfers in Spain","publisher":{"@id":"https:\/\/tourtravelandmore.com\/es\/#organization"},"potentialAction":[{"@type":"SearchAction","target":{"@type":"EntryPoint","urlTemplate":"https:\/\/tourtravelandmore.com\/es\/?s={search_term_string}"},"query-input":{"@type":"PropertyValueSpecification","valueRequired":true,"valueName":"search_term_string"}}],"inLanguage":"es"},{"@type":"Organization","@id":"https:\/\/tourtravelandmore.com\/es\/#organization","name":"Tour Travel And More","url":"https:\/\/tourtravelandmore.com\/es\/","logo":{"@type":"ImageObject","inLanguage":"es","@id":"https:\/\/tourtravelandmore.com\/es\/#\/schema\/logo\/image\/","url":"https:\/\/tourtravelandmore.com\/wp-content\/uploads\/2022\/12\/cropped-logo-cabecera-new.png","contentUrl":"https:\/\/tourtravelandmore.com\/wp-content\/uploads\/2022\/12\/cropped-logo-cabecera-new.png","width":430,"height":61,"caption":"Tour Travel And More"},"image":{"@id":"https:\/\/tourtravelandmore.com\/es\/#\/schema\/logo\/image\/"},"sameAs":["https:\/\/www.facebook.com\/tourtravelandmore\/","https:\/\/x.com\/TourTravel_More"]}]}},"_links":{"self":[{"href":"https:\/\/tourtravelandmore.com\/es\/wp-json\/wp\/v2\/product\/173850","targetHints":{"allow":["GET"]}}],"collection":[{"href":"https:\/\/tourtravelandmore.com\/es\/wp-json\/wp\/v2\/product"}],"about":[{"href":"https:\/\/tourtravelandmore.com\/es\/wp-json\/wp\/v2\/types\/product"}],"replies":[{"embeddable":true,"href":"https:\/\/tourtravelandmore.com\/es\/wp-json\/wp\/v2\/comments?post=173850"}],"wp:featuredmedia":[{"embeddable":true,"href":"https:\/\/tourtravelandmore.com\/es\/wp-json\/wp\/v2\/media\/173872"}],"wp:attachment":[{"href":"https:\/\/tourtravelandmore.com\/es\/wp-json\/wp\/v2\/media?parent=173850"}],"wp:term":[{"taxonomy":"product_brand","embeddable":true,"href":"https:\/\/tourtravelandmore.com\/es\/wp-json\/wp\/v2\/product_brand?post=173850"},{"taxonomy":"product_cat","embeddable":true,"href":"https:\/\/tourtravelandmore.com\/es\/wp-json\/wp\/v2\/product_cat?post=173850"},{"taxonomy":"product_tag","embeddable":true,"href":"https:\/\/tourtravelandmore.com\/es\/wp-json\/wp\/v2\/product_tag?post=173850"}],"curies":[{"name":"wp","href":"https:\/\/api.w.org\/{rel}","templated":true}]}}