{"id":173754,"date":"2024-03-15T15:24:57","date_gmt":"2024-03-15T14:24:57","guid":{"rendered":"https:\/\/tourtravelandmore.com\/?post_type=product&#038;p=173754"},"modified":"2024-03-15T15:37:26","modified_gmt":"2024-03-15T14:37:26","slug":"tour-privado-a-pie-por-el-centro-de-san-sebastian","status":"publish","type":"product","link":"https:\/\/tourtravelandmore.com\/es\/tours\/espana-es\/san-sebastian-donosti-es\/tour-privado-a-pie-por-el-centro-de-san-sebastian\/","title":{"rendered":"Tour Privado a pie por el centro de San Sebasti\u00e1n"},"content":{"rendered":"<h2>Descripci\u00f3n<\/h2>\n<p>\u00danase a un fascinante recorrido por las hermosas calles de San Sebasti\u00e1n con nuestro exclusivo <strong>Tour Privado a pie por el centro de la ciudad<\/strong>. Acompa\u00f1ado por un gu\u00eda experimentado, sum\u00e9rjase en la cultura, historia y belleza de esta incre\u00edble ciudad vasca.<\/p>\n<p>Su aventura comienza en un punto de encuentro conveniente en el <strong>centro<\/strong> de <strong>San Sebasti\u00e1n.<\/strong> Una vez que se encuentre con su gu\u00eda privado, prep\u00e1rese para explorar los lugares m\u00e1s destacados de la ciudad. Su gu\u00eda compartir\u00e1 historias cautivadoras y an\u00e9cdotas interesantes que har\u00e1n que la historia de San Sebasti\u00e1n cobre vida frente a usted.<\/p>\n<p>Mientras camina por las encantadoras calles de la <strong>Parte Vieja,<\/strong> descubrir\u00e1 plazas ocultas, tiendas encantadoras y bares tradicionales donde puede probar los sabores culinarios locales. Su gu\u00eda le recomendar\u00e1 las especialidades m\u00e1s destacadas y le ofrecer\u00e1 consejos \u00fatiles para su visita.<\/p>\n<h2>Puntos de inter\u00e9s | Tour Privado a pie por el centro de San Sebasti\u00e1n<\/h2>\n<p>Descubre una de las ciudades m\u00e1s impresionantes de Espa\u00f1a con nuestro exclusivo <strong>Tour Privado a pie por el centro de San Sebasti\u00e1n<\/strong>. Nuestros gu\u00edas expertos personalizar\u00e1n el itinerario seg\u00fan tus intereses, asegur\u00e1ndose de que explores cada rinc\u00f3n especial y atracci\u00f3n imperdible a lo largo del camino.<\/p>\n<p>D\u00e9jate deslumbrar por la incre\u00edble belleza de <strong>La Concha<\/strong>, una de las playas urbanas m\u00e1s famosas de <strong>Europa,<\/strong> mientras conoces su fascinante historia y su importancia para los habitantes locales. Sum\u00e9rgete en el encanto hist\u00f3rico de la <strong>Parte Vieja<\/strong> de <strong>San Sebasti\u00e1n,<\/strong> recorriendo sus callejones estrechos para descubrir joyas escondidas, degustar pintxos tradicionales en acogedores bares y maravillarte con la arquitectura antigua. Admira la majestuosidad de la <strong>Catedral del Buen Pastor<\/strong>, un s\u00edmbolo de la fe y la herencia de la ciudad, mientras aprendes sobre su construcci\u00f3n y significado hist\u00f3rico.<\/p>\n<p>Experimenta la imponente presencia de la ic\u00f3nica escultura &#8220;<strong>El Peine del Viento<\/strong>&#8221; de <strong>Eduardo Chillida,<\/strong> con el mar Cant\u00e1brico como tel\u00f3n de fondo, y sum\u00e9rgete en la historia que rodea esta obra de arte cautivadora. Explora el encanto <strong>rom\u00e1ntico<\/strong> del <strong>Centro<\/strong> de <strong>San Sebasti\u00e1n,<\/strong> con su arquitectura elegante, plazas animadas y encantadores caf\u00e9s, descubriendo por qu\u00e9 esta \u00e1rea ha cautivado a visitantes durante generaciones.<\/p>\n<p>Al finalizar el tour, regresar\u00e1s al centro de San Sebasti\u00e1n con recuerdos inolvidables de tu experiencia exclusiva explorando esta fascinante ciudad.<\/p>\n<p><a href=\"https:\/\/tourtravelandmore.com\/es\/ciudad\/espana-es\/san-sebastian-donosti-es\/\">Haga clic para reservar ahora y embarcarse en un viaje que promete no s\u00f3lo vistas, sino recuerdos inolvidables en la joya de la corona del Pa\u00eds Vasco.<\/a>\u00a0\u00a1Su aventura en San Sebasti\u00e1n le espera!<\/p>\n","protected":false},"excerpt":{"rendered":"<p><span style=\"font-weight: 400;\">Sum\u00e9rjase en la belleza y la cultura de San Sebasti\u00e1n con nuestro exclusivo Tour Privado a pie por el centro de San Sebasti\u00e1n . Descubra monumentos hist\u00f3ricos, calles con encanto y vistas panor\u00e1micas, guiado en todo momento por expertos conocedores de la ciudad.<\/span><\/p>\n","protected":false},"featured_media":173769,"comment_status":"open","ping_status":"closed","template":"","meta":{"_acf_changed":false},"product_brand":[],"product_cat":[190,199,198],"product_tag":[],"class_list":{"0":"post-173754","1":"product","2":"type-product","3":"status-publish","4":"has-post-thumbnail","6":"product_cat-san-sebastian-donosti-es","7":"product_cat-san-sebastian-donosti-actividades-es","8":"product_cat-san-sebastian-donosti-tours-privados-pie-es","10":"first","11":"instock","12":"shipping-taxable","13":"purchasable","14":"product-type-simple"},"acf":[],"yoast_head":"<!-- This site is optimized with the Yoast SEO Premium plugin v25.3.1 (Yoast SEO v25.3.1) - https:\/\/yoast.com\/wordpress\/plugins\/seo\/ -->\n<title>\u27a1\ufe0f Tour Privado a pie por el centro de San Sebasti\u00e1n | TT&amp;M<\/title>\n<meta name=\"description\" content=\"Tour Privado a pie por el centro de San Sebasti\u00e1n. Nuestros gu\u00edas expertos le revelar\u00e1n los tesoros ocultos de la ciudad \u2705\" \/>\n<meta name=\"robots\" content=\"index, follow, max-snippet:-1, max-image-preview:large, max-video-preview:-1\" \/>\n<link rel=\"canonical\" href=\"https:\/\/tourtravelandmore.com\/es\/tours\/espana-es\/san-sebastian-donosti-es\/tour-privado-a-pie-por-el-centro-de-san-sebastian\/\" \/>\n<meta property=\"og:locale\" content=\"es_ES\" \/>\n<meta property=\"og:type\" content=\"article\" \/>\n<meta property=\"og:title\" content=\"Tour Privado a pie por el centro de San Sebasti\u00e1n\" \/>\n<meta property=\"og:description\" content=\"Tour Privado a pie por el centro de San Sebasti\u00e1n. Nuestros gu\u00edas expertos le revelar\u00e1n los tesoros ocultos de la ciudad \u2705\" \/>\n<meta property=\"og:url\" content=\"https:\/\/tourtravelandmore.com\/es\/tours\/espana-es\/san-sebastian-donosti-es\/tour-privado-a-pie-por-el-centro-de-san-sebastian\/\" \/>\n<meta property=\"og:site_name\" content=\"Tour Travel And More\" \/>\n<meta property=\"article:publisher\" content=\"https:\/\/www.facebook.com\/tourtravelandmore\/\" \/>\n<meta property=\"article:modified_time\" content=\"2024-03-15T14:37:26+00:00\" \/>\n<meta property=\"og:image\" content=\"https:\/\/tourtravelandmore.com\/wp-content\/uploads\/2024\/03\/port-106908_1280.jpg\" \/>\n\t<meta property=\"og:image:width\" content=\"1280\" \/>\n\t<meta property=\"og:image:height\" content=\"857\" \/>\n\t<meta property=\"og:image:type\" content=\"image\/jpeg\" \/>\n<meta name=\"twitter:card\" content=\"summary_large_image\" \/>\n<meta name=\"twitter:site\" content=\"@TourTravel_More\" \/>\n<meta name=\"twitter:label1\" content=\"Tiempo de lectura\" \/>\n\t<meta name=\"twitter:data1\" content=\"2 minutos\" \/>\n<script type=\"application\/ld+json\" class=\"yoast-schema-graph\">{\"@context\":\"https:\/\/schema.org\",\"@graph\":[{\"@type\":\"WebPage\",\"@id\":\"https:\/\/tourtravelandmore.com\/es\/tours\/espana-es\/san-sebastian-donosti-es\/tour-privado-a-pie-por-el-centro-de-san-sebastian\/\",\"url\":\"https:\/\/tourtravelandmore.com\/es\/tours\/espana-es\/san-sebastian-donosti-es\/tour-privado-a-pie-por-el-centro-de-san-sebastian\/\",\"name\":\"\u27a1\ufe0f Tour Privado a pie por el centro de San Sebasti\u00e1n | TT&M\",\"isPartOf\":{\"@id\":\"https:\/\/tourtravelandmore.com\/es\/#website\"},\"primaryImageOfPage\":{\"@id\":\"https:\/\/tourtravelandmore.com\/es\/tours\/espana-es\/san-sebastian-donosti-es\/tour-privado-a-pie-por-el-centro-de-san-sebastian\/#primaryimage\"},\"image\":{\"@id\":\"https:\/\/tourtravelandmore.com\/es\/tours\/espana-es\/san-sebastian-donosti-es\/tour-privado-a-pie-por-el-centro-de-san-sebastian\/#primaryimage\"},\"thumbnailUrl\":\"https:\/\/tourtravelandmore.com\/wp-content\/uploads\/2024\/03\/port-106908_1280.jpg\",\"datePublished\":\"2024-03-15T14:24:57+00:00\",\"dateModified\":\"2024-03-15T14:37:26+00:00\",\"description\":\"Tour Privado a pie por el centro de San Sebasti\u00e1n. Nuestros gu\u00edas expertos le revelar\u00e1n los tesoros ocultos de la ciudad \u2705\",\"breadcrumb\":{\"@id\":\"https:\/\/tourtravelandmore.com\/es\/tours\/espana-es\/san-sebastian-donosti-es\/tour-privado-a-pie-por-el-centro-de-san-sebastian\/#breadcrumb\"},\"inLanguage\":\"es\",\"potentialAction\":[{\"@type\":\"ReadAction\",\"target\":[\"https:\/\/tourtravelandmore.com\/es\/tours\/espana-es\/san-sebastian-donosti-es\/tour-privado-a-pie-por-el-centro-de-san-sebastian\/\"]}]},{\"@type\":\"ImageObject\",\"inLanguage\":\"es\",\"@id\":\"https:\/\/tourtravelandmore.com\/es\/tours\/espana-es\/san-sebastian-donosti-es\/tour-privado-a-pie-por-el-centro-de-san-sebastian\/#primaryimage\",\"url\":\"https:\/\/tourtravelandmore.com\/wp-content\/uploads\/2024\/03\/port-106908_1280.jpg\",\"contentUrl\":\"https:\/\/tourtravelandmore.com\/wp-content\/uploads\/2024\/03\/port-106908_1280.jpg\",\"width\":1280,\"height\":857},{\"@type\":\"BreadcrumbList\",\"@id\":\"https:\/\/tourtravelandmore.com\/es\/tours\/espana-es\/san-sebastian-donosti-es\/tour-privado-a-pie-por-el-centro-de-san-sebastian\/#breadcrumb\",\"itemListElement\":[{\"@type\":\"ListItem\",\"position\":1,\"name\":\"Home\",\"item\":\"https:\/\/tourtravelandmore.com\/es\/\"},{\"@type\":\"ListItem\",\"position\":2,\"name\":\"Tours\",\"item\":\"https:\/\/tourtravelandmore.com\/es\/tours\/\"},{\"@type\":\"ListItem\",\"position\":3,\"name\":\"Tour Privado a pie por el centro de San Sebasti\u00e1n\"}]},{\"@type\":\"WebSite\",\"@id\":\"https:\/\/tourtravelandmore.com\/es\/#website\",\"url\":\"https:\/\/tourtravelandmore.com\/es\/\",\"name\":\"Tour Travel And More\",\"description\":\"Private sightseeing tours and luxury transfers in Spain\",\"publisher\":{\"@id\":\"https:\/\/tourtravelandmore.com\/es\/#organization\"},\"potentialAction\":[{\"@type\":\"SearchAction\",\"target\":{\"@type\":\"EntryPoint\",\"urlTemplate\":\"https:\/\/tourtravelandmore.com\/es\/?s={search_term_string}\"},\"query-input\":{\"@type\":\"PropertyValueSpecification\",\"valueRequired\":true,\"valueName\":\"search_term_string\"}}],\"inLanguage\":\"es\"},{\"@type\":\"Organization\",\"@id\":\"https:\/\/tourtravelandmore.com\/es\/#organization\",\"name\":\"Tour Travel And More\",\"url\":\"https:\/\/tourtravelandmore.com\/es\/\",\"logo\":{\"@type\":\"ImageObject\",\"inLanguage\":\"es\",\"@id\":\"https:\/\/tourtravelandmore.com\/es\/#\/schema\/logo\/image\/\",\"url\":\"https:\/\/tourtravelandmore.com\/wp-content\/uploads\/2022\/12\/cropped-logo-cabecera-new.png\",\"contentUrl\":\"https:\/\/tourtravelandmore.com\/wp-content\/uploads\/2022\/12\/cropped-logo-cabecera-new.png\",\"width\":430,\"height\":61,\"caption\":\"Tour Travel And More\"},\"image\":{\"@id\":\"https:\/\/tourtravelandmore.com\/es\/#\/schema\/logo\/image\/\"},\"sameAs\":[\"https:\/\/www.facebook.com\/tourtravelandmore\/\",\"https:\/\/x.com\/TourTravel_More\"]}]}<\/script>\n<!-- \/ Yoast SEO Premium plugin. -->","yoast_head_json":{"title":"\u27a1\ufe0f Tour Privado a pie por el centro de San Sebasti\u00e1n | TT&M","description":"Tour Privado a pie por el centro de San Sebasti\u00e1n. Nuestros gu\u00edas expertos le revelar\u00e1n los tesoros ocultos de la ciudad \u2705","robots":{"index":"index","follow":"follow","max-snippet":"max-snippet:-1","max-image-preview":"max-image-preview:large","max-video-preview":"max-video-preview:-1"},"canonical":"https:\/\/tourtravelandmore.com\/es\/tours\/espana-es\/san-sebastian-donosti-es\/tour-privado-a-pie-por-el-centro-de-san-sebastian\/","og_locale":"es_ES","og_type":"article","og_title":"Tour Privado a pie por el centro de San Sebasti\u00e1n","og_description":"Tour Privado a pie por el centro de San Sebasti\u00e1n. Nuestros gu\u00edas expertos le revelar\u00e1n los tesoros ocultos de la ciudad \u2705","og_url":"https:\/\/tourtravelandmore.com\/es\/tours\/espana-es\/san-sebastian-donosti-es\/tour-privado-a-pie-por-el-centro-de-san-sebastian\/","og_site_name":"Tour Travel And More","article_publisher":"https:\/\/www.facebook.com\/tourtravelandmore\/","article_modified_time":"2024-03-15T14:37:26+00:00","og_image":[{"width":1280,"height":857,"url":"https:\/\/tourtravelandmore.com\/wp-content\/uploads\/2024\/03\/port-106908_1280.jpg","type":"image\/jpeg"}],"twitter_card":"summary_large_image","twitter_site":"@TourTravel_More","twitter_misc":{"Tiempo de lectura":"2 minutos"},"schema":{"@context":"https:\/\/schema.org","@graph":[{"@type":"WebPage","@id":"https:\/\/tourtravelandmore.com\/es\/tours\/espana-es\/san-sebastian-donosti-es\/tour-privado-a-pie-por-el-centro-de-san-sebastian\/","url":"https:\/\/tourtravelandmore.com\/es\/tours\/espana-es\/san-sebastian-donosti-es\/tour-privado-a-pie-por-el-centro-de-san-sebastian\/","name":"\u27a1\ufe0f Tour Privado a pie por el centro de San Sebasti\u00e1n | TT&M","isPartOf":{"@id":"https:\/\/tourtravelandmore.com\/es\/#website"},"primaryImageOfPage":{"@id":"https:\/\/tourtravelandmore.com\/es\/tours\/espana-es\/san-sebastian-donosti-es\/tour-privado-a-pie-por-el-centro-de-san-sebastian\/#primaryimage"},"image":{"@id":"https:\/\/tourtravelandmore.com\/es\/tours\/espana-es\/san-sebastian-donosti-es\/tour-privado-a-pie-por-el-centro-de-san-sebastian\/#primaryimage"},"thumbnailUrl":"https:\/\/tourtravelandmore.com\/wp-content\/uploads\/2024\/03\/port-106908_1280.jpg","datePublished":"2024-03-15T14:24:57+00:00","dateModified":"2024-03-15T14:37:26+00:00","description":"Tour Privado a pie por el centro de San Sebasti\u00e1n. Nuestros gu\u00edas expertos le revelar\u00e1n los tesoros ocultos de la ciudad \u2705","breadcrumb":{"@id":"https:\/\/tourtravelandmore.com\/es\/tours\/espana-es\/san-sebastian-donosti-es\/tour-privado-a-pie-por-el-centro-de-san-sebastian\/#breadcrumb"},"inLanguage":"es","potentialAction":[{"@type":"ReadAction","target":["https:\/\/tourtravelandmore.com\/es\/tours\/espana-es\/san-sebastian-donosti-es\/tour-privado-a-pie-por-el-centro-de-san-sebastian\/"]}]},{"@type":"ImageObject","inLanguage":"es","@id":"https:\/\/tourtravelandmore.com\/es\/tours\/espana-es\/san-sebastian-donosti-es\/tour-privado-a-pie-por-el-centro-de-san-sebastian\/#primaryimage","url":"https:\/\/tourtravelandmore.com\/wp-content\/uploads\/2024\/03\/port-106908_1280.jpg","contentUrl":"https:\/\/tourtravelandmore.com\/wp-content\/uploads\/2024\/03\/port-106908_1280.jpg","width":1280,"height":857},{"@type":"BreadcrumbList","@id":"https:\/\/tourtravelandmore.com\/es\/tours\/espana-es\/san-sebastian-donosti-es\/tour-privado-a-pie-por-el-centro-de-san-sebastian\/#breadcrumb","itemListElement":[{"@type":"ListItem","position":1,"name":"Home","item":"https:\/\/tourtravelandmore.com\/es\/"},{"@type":"ListItem","position":2,"name":"Tours","item":"https:\/\/tourtravelandmore.com\/es\/tours\/"},{"@type":"ListItem","position":3,"name":"Tour Privado a pie por el centro de San Sebasti\u00e1n"}]},{"@type":"WebSite","@id":"https:\/\/tourtravelandmore.com\/es\/#website","url":"https:\/\/tourtravelandmore.com\/es\/","name":"Tour Travel And More","description":"Private sightseeing tours and luxury transfers in Spain","publisher":{"@id":"https:\/\/tourtravelandmore.com\/es\/#organization"},"potentialAction":[{"@type":"SearchAction","target":{"@type":"EntryPoint","urlTemplate":"https:\/\/tourtravelandmore.com\/es\/?s={search_term_string}"},"query-input":{"@type":"PropertyValueSpecification","valueRequired":true,"valueName":"search_term_string"}}],"inLanguage":"es"},{"@type":"Organization","@id":"https:\/\/tourtravelandmore.com\/es\/#organization","name":"Tour Travel And More","url":"https:\/\/tourtravelandmore.com\/es\/","logo":{"@type":"ImageObject","inLanguage":"es","@id":"https:\/\/tourtravelandmore.com\/es\/#\/schema\/logo\/image\/","url":"https:\/\/tourtravelandmore.com\/wp-content\/uploads\/2022\/12\/cropped-logo-cabecera-new.png","contentUrl":"https:\/\/tourtravelandmore.com\/wp-content\/uploads\/2022\/12\/cropped-logo-cabecera-new.png","width":430,"height":61,"caption":"Tour Travel And More"},"image":{"@id":"https:\/\/tourtravelandmore.com\/es\/#\/schema\/logo\/image\/"},"sameAs":["https:\/\/www.facebook.com\/tourtravelandmore\/","https:\/\/x.com\/TourTravel_More"]}]}},"_links":{"self":[{"href":"https:\/\/tourtravelandmore.com\/es\/wp-json\/wp\/v2\/product\/173754","targetHints":{"allow":["GET"]}}],"collection":[{"href":"https:\/\/tourtravelandmore.com\/es\/wp-json\/wp\/v2\/product"}],"about":[{"href":"https:\/\/tourtravelandmore.com\/es\/wp-json\/wp\/v2\/types\/product"}],"replies":[{"embeddable":true,"href":"https:\/\/tourtravelandmore.com\/es\/wp-json\/wp\/v2\/comments?post=173754"}],"wp:featuredmedia":[{"embeddable":true,"href":"https:\/\/tourtravelandmore.com\/es\/wp-json\/wp\/v2\/media\/173769"}],"wp:attachment":[{"href":"https:\/\/tourtravelandmore.com\/es\/wp-json\/wp\/v2\/media?parent=173754"}],"wp:term":[{"taxonomy":"product_brand","embeddable":true,"href":"https:\/\/tourtravelandmore.com\/es\/wp-json\/wp\/v2\/product_brand?post=173754"},{"taxonomy":"product_cat","embeddable":true,"href":"https:\/\/tourtravelandmore.com\/es\/wp-json\/wp\/v2\/product_cat?post=173754"},{"taxonomy":"product_tag","embeddable":true,"href":"https:\/\/tourtravelandmore.com\/es\/wp-json\/wp\/v2\/product_tag?post=173754"}],"curies":[{"name":"wp","href":"https:\/\/api.w.org\/{rel}","templated":true}]}}