{"id":173666,"date":"2024-03-12T17:30:15","date_gmt":"2024-03-12T16:30:15","guid":{"rendered":"https:\/\/tourtravelandmore.com\/tours\/sin categor\u00eda\/tour-privado-premium-de-san-sebastian-con-entradas-2\/"},"modified":"2024-03-12T17:30:15","modified_gmt":"2024-03-12T16:30:15","slug":"tour-privado-premium-de-san-sebastian-con-entradas-2","status":"publish","type":"product","link":"https:\/\/tourtravelandmore.com\/es\/tours\/espana-es\/san-sebastian-donosti-es\/tour-privado-premium-de-san-sebastian-con-entradas-2\/","title":{"rendered":"Tour Privado Premium de San Sebasti\u00e1n con entradas"},"content":{"rendered":"<h2>Tour Privado Premium de San Sebasti\u00e1n con entradas Descripci\u00f3n:<\/h2>\n<p>Emb\u00e1rcate en un viaje exclusivo por <strong>San Sebasti\u00e1n<\/strong> con nuestro <strong>Tour Privado Premium de San Sebasti\u00e1n con entradas.<\/strong> Dise\u00f1ado para ofrecerle una experiencia inolvidable. Descubra el rico patrimonio cultural, los impresionantes paisajes y los lugares emblem\u00e1ticos de esta joya vasca, acompa\u00f1ado de gu\u00eda y transporte.<\/p>\n<p>Este completo recorrido de <strong>5 horas<\/strong> combina un gu\u00eda, un ch\u00f3fer y acceso a una de las principales atracciones culturales de <strong>San Sebasti\u00e1n.<\/strong> Experimente lo mejor de esta cautivadora ciudad con estilo y lujo con <strong>Tour Travel &amp; More.<\/strong><\/p>\n<p>Sum\u00e9rjase en el mundo del arte contempor\u00e1neo con las entradas incluidas al renombrado <strong>Museo Chillida Leku.<\/strong> Admire las obras del aclamado escultor vasco <strong>Eduardo Chillida<\/strong> en medio de exuberantes jardines y pintorescos alrededores.<\/p>\n<h2>Puntos de inter\u00e9s:<\/h2>\n<p>Uno de los puntos destacados del recorrido es la visita exclusiva al <strong>Museo Chillida Leku.<\/strong> Se trata de un santuario del arte contempor\u00e1neo enclavado en la pintoresca campi\u00f1a vasca. Aqu\u00ed encontrar\u00e1 las obras maestras del famoso escultor <strong>Eduardo Chillida.<\/strong> Sus monumentales obras resuenan en el entorno natural de los amplios jardines del museo. Marav\u00edllese ante la interacci\u00f3n entre el arte y la naturaleza mientras pasea por este espacio cultural \u00fanico y se adentra en la visi\u00f3n creativa y el legado art\u00edstico de <strong>Chillida.<\/strong><\/p>\n<p>Nuestro <strong>Tour Privado Premium de San Sebasti\u00e1n<\/strong> le llevar\u00e1 en un cautivador viaje a trav\u00e9s de los lugares m\u00e1s emblem\u00e1ticos de la ciudad, incluyendo su encantadora <strong>Parte Vieja,<\/strong> impresionantes playas y renombrados lugares de inter\u00e9s culinario. Su gu\u00eda compartir\u00e1 con usted fascinantes historias y an\u00e9cdotas hist\u00f3ricas que le ayudar\u00e1n a comprender mejor el rico patrimonio cultural de <strong>San Sebasti\u00e1n.<\/strong> Desde la majestuosa bah\u00eda de <strong>La Concha<\/strong> hasta los bulliciosos bares de pintxos, sum\u00e9rjase en el vibrante ambiente que define a esta joya costera.<\/p>\n<p>Emb\u00e1rquese en un viaje inolvidable por San Sebasti\u00e1n con <strong>Tour Travel and More<\/strong>. Nuestros tours a medida est\u00e1n dise\u00f1ados para sumergirle en la esencia de la cultura vasca, combinando profundidad hist\u00f3rica, exploraci\u00f3n art\u00edstica y delicias culinarias. Explore nuestros exclusivos tours <strong>&#8220;Premium&#8221;<\/strong> y mucho m\u00e1s en To<strong>u<\/strong>r <strong>Travel and More<\/strong> para descubrir lo mejor de <strong>San Sebasti\u00e1n<\/strong> y m\u00e1s all\u00e1. Perm\u00edtanos guiarle a trav\u00e9s de una enriquecedora exploraci\u00f3n de esta vibrante regi\u00f3n, creando recuerdos que durar\u00e1n toda la vida.<\/p>\n","protected":false},"excerpt":{"rendered":"<p>Emb\u00e1rquese en un viaje exclusivo por San Sebasti\u00e1n con nuestro Tour Privado Premium de San Sebasti\u00e1n con entradas. Dise\u00f1ado para ofrecerle una experiencia inolvidable. Descubra el rico patrimonio cultural, los impresionantes paisajes y los lugares emblem\u00e1ticos de esta joya vasca, acompa\u00f1ado de gu\u00eda y transporte.<\/p>\n","protected":false},"featured_media":173122,"comment_status":"open","ping_status":"closed","template":"","meta":{"_acf_changed":false},"product_brand":[],"product_cat":[1596,190,199,197,200],"product_tag":[],"class_list":{"0":"post-173666","1":"product","2":"type-product","3":"status-publish","4":"has-post-thumbnail","6":"product_cat-espana-es","7":"product_cat-san-sebastian-donosti-es","8":"product_cat-san-sebastian-donosti-actividades-es","9":"product_cat-san-sebastian-donosti-rutas-turisticas-privadas-es","10":"product_cat-san-sebastian-donosti-excursiones-es","12":"first","13":"instock","14":"shipping-taxable","15":"purchasable","16":"product-type-simple"},"acf":[],"yoast_head":"<!-- This site is optimized with the Yoast SEO Premium plugin v25.3.1 (Yoast SEO v25.3.1) - https:\/\/yoast.com\/wordpress\/plugins\/seo\/ -->\n<title>Tour privado Premium de San Sebasti\u00e1n con entradas - TTM<\/title>\n<meta name=\"description\" content=\"Tour Privado Premium de San Sebasti\u00e1n con entradas | Tour Travel &amp; More. Aproveche la oportunidad de visitar este hermoso lugar junto a su gu\u00eda.\" \/>\n<meta name=\"robots\" content=\"index, follow, max-snippet:-1, max-image-preview:large, max-video-preview:-1\" \/>\n<link rel=\"canonical\" href=\"https:\/\/tourtravelandmore.com\/es\/tours\/espana-es\/san-sebastian-donosti-es\/tour-privado-premium-de-san-sebastian-con-entradas-2\/\" \/>\n<meta property=\"og:locale\" content=\"es_ES\" \/>\n<meta property=\"og:type\" content=\"article\" \/>\n<meta property=\"og:title\" content=\"Tour Privado Premium de San Sebasti\u00e1n con entradas\" \/>\n<meta property=\"og:description\" content=\"Tour Privado Premium de San Sebasti\u00e1n con entradas | Tour Travel &amp; More. Aproveche la oportunidad de visitar este hermoso lugar junto a su gu\u00eda.\" \/>\n<meta property=\"og:url\" content=\"https:\/\/tourtravelandmore.com\/es\/tours\/espana-es\/san-sebastian-donosti-es\/tour-privado-premium-de-san-sebastian-con-entradas-2\/\" \/>\n<meta property=\"og:site_name\" content=\"Tour Travel And More\" \/>\n<meta property=\"article:publisher\" content=\"https:\/\/www.facebook.com\/tourtravelandmore\/\" \/>\n<meta property=\"og:image\" content=\"https:\/\/tourtravelandmore.com\/wp-content\/uploads\/2024\/03\/image1.jpg\" \/>\n\t<meta property=\"og:image:width\" content=\"950\" \/>\n\t<meta property=\"og:image:height\" content=\"750\" \/>\n\t<meta property=\"og:image:type\" content=\"image\/jpeg\" \/>\n<meta name=\"twitter:card\" content=\"summary_large_image\" \/>\n<meta name=\"twitter:site\" content=\"@TourTravel_More\" \/>\n<meta name=\"twitter:label1\" content=\"Tiempo de lectura\" \/>\n\t<meta name=\"twitter:data1\" content=\"2 minutos\" \/>\n<script type=\"application\/ld+json\" class=\"yoast-schema-graph\">{\"@context\":\"https:\/\/schema.org\",\"@graph\":[{\"@type\":\"WebPage\",\"@id\":\"https:\/\/tourtravelandmore.com\/es\/tours\/espana-es\/san-sebastian-donosti-es\/tour-privado-premium-de-san-sebastian-con-entradas-2\/\",\"url\":\"https:\/\/tourtravelandmore.com\/es\/tours\/espana-es\/san-sebastian-donosti-es\/tour-privado-premium-de-san-sebastian-con-entradas-2\/\",\"name\":\"Tour privado Premium de San Sebasti\u00e1n con entradas - TTM\",\"isPartOf\":{\"@id\":\"https:\/\/tourtravelandmore.com\/es\/#website\"},\"primaryImageOfPage\":{\"@id\":\"https:\/\/tourtravelandmore.com\/es\/tours\/espana-es\/san-sebastian-donosti-es\/tour-privado-premium-de-san-sebastian-con-entradas-2\/#primaryimage\"},\"image\":{\"@id\":\"https:\/\/tourtravelandmore.com\/es\/tours\/espana-es\/san-sebastian-donosti-es\/tour-privado-premium-de-san-sebastian-con-entradas-2\/#primaryimage\"},\"thumbnailUrl\":\"https:\/\/tourtravelandmore.com\/wp-content\/uploads\/2024\/03\/image1.jpg\",\"datePublished\":\"2024-03-12T16:30:15+00:00\",\"description\":\"Tour Privado Premium de San Sebasti\u00e1n con entradas | Tour Travel & More. Aproveche la oportunidad de visitar este hermoso lugar junto a su gu\u00eda.\",\"breadcrumb\":{\"@id\":\"https:\/\/tourtravelandmore.com\/es\/tours\/espana-es\/san-sebastian-donosti-es\/tour-privado-premium-de-san-sebastian-con-entradas-2\/#breadcrumb\"},\"inLanguage\":\"es\",\"potentialAction\":[{\"@type\":\"ReadAction\",\"target\":[\"https:\/\/tourtravelandmore.com\/es\/tours\/espana-es\/san-sebastian-donosti-es\/tour-privado-premium-de-san-sebastian-con-entradas-2\/\"]}]},{\"@type\":\"ImageObject\",\"inLanguage\":\"es\",\"@id\":\"https:\/\/tourtravelandmore.com\/es\/tours\/espana-es\/san-sebastian-donosti-es\/tour-privado-premium-de-san-sebastian-con-entradas-2\/#primaryimage\",\"url\":\"https:\/\/tourtravelandmore.com\/wp-content\/uploads\/2024\/03\/image1.jpg\",\"contentUrl\":\"https:\/\/tourtravelandmore.com\/wp-content\/uploads\/2024\/03\/image1.jpg\",\"width\":950,\"height\":750},{\"@type\":\"BreadcrumbList\",\"@id\":\"https:\/\/tourtravelandmore.com\/es\/tours\/espana-es\/san-sebastian-donosti-es\/tour-privado-premium-de-san-sebastian-con-entradas-2\/#breadcrumb\",\"itemListElement\":[{\"@type\":\"ListItem\",\"position\":1,\"name\":\"Home\",\"item\":\"https:\/\/tourtravelandmore.com\/es\/\"},{\"@type\":\"ListItem\",\"position\":2,\"name\":\"Tours\",\"item\":\"https:\/\/tourtravelandmore.com\/es\/tours\/\"},{\"@type\":\"ListItem\",\"position\":3,\"name\":\"Tour Privado Premium de San Sebasti\u00e1n con entradas\"}]},{\"@type\":\"WebSite\",\"@id\":\"https:\/\/tourtravelandmore.com\/es\/#website\",\"url\":\"https:\/\/tourtravelandmore.com\/es\/\",\"name\":\"Tour Travel And More\",\"description\":\"Private sightseeing tours and luxury transfers in Spain\",\"publisher\":{\"@id\":\"https:\/\/tourtravelandmore.com\/es\/#organization\"},\"potentialAction\":[{\"@type\":\"SearchAction\",\"target\":{\"@type\":\"EntryPoint\",\"urlTemplate\":\"https:\/\/tourtravelandmore.com\/es\/?s={search_term_string}\"},\"query-input\":{\"@type\":\"PropertyValueSpecification\",\"valueRequired\":true,\"valueName\":\"search_term_string\"}}],\"inLanguage\":\"es\"},{\"@type\":\"Organization\",\"@id\":\"https:\/\/tourtravelandmore.com\/es\/#organization\",\"name\":\"Tour Travel And More\",\"url\":\"https:\/\/tourtravelandmore.com\/es\/\",\"logo\":{\"@type\":\"ImageObject\",\"inLanguage\":\"es\",\"@id\":\"https:\/\/tourtravelandmore.com\/es\/#\/schema\/logo\/image\/\",\"url\":\"https:\/\/tourtravelandmore.com\/wp-content\/uploads\/2022\/12\/cropped-logo-cabecera-new.png\",\"contentUrl\":\"https:\/\/tourtravelandmore.com\/wp-content\/uploads\/2022\/12\/cropped-logo-cabecera-new.png\",\"width\":430,\"height\":61,\"caption\":\"Tour Travel And More\"},\"image\":{\"@id\":\"https:\/\/tourtravelandmore.com\/es\/#\/schema\/logo\/image\/\"},\"sameAs\":[\"https:\/\/www.facebook.com\/tourtravelandmore\/\",\"https:\/\/x.com\/TourTravel_More\"]}]}<\/script>\n<!-- \/ Yoast SEO Premium plugin. -->","yoast_head_json":{"title":"Tour privado Premium de San Sebasti\u00e1n con entradas - TTM","description":"Tour Privado Premium de San Sebasti\u00e1n con entradas | Tour Travel & More. Aproveche la oportunidad de visitar este hermoso lugar junto a su gu\u00eda.","robots":{"index":"index","follow":"follow","max-snippet":"max-snippet:-1","max-image-preview":"max-image-preview:large","max-video-preview":"max-video-preview:-1"},"canonical":"https:\/\/tourtravelandmore.com\/es\/tours\/espana-es\/san-sebastian-donosti-es\/tour-privado-premium-de-san-sebastian-con-entradas-2\/","og_locale":"es_ES","og_type":"article","og_title":"Tour Privado Premium de San Sebasti\u00e1n con entradas","og_description":"Tour Privado Premium de San Sebasti\u00e1n con entradas | Tour Travel & More. Aproveche la oportunidad de visitar este hermoso lugar junto a su gu\u00eda.","og_url":"https:\/\/tourtravelandmore.com\/es\/tours\/espana-es\/san-sebastian-donosti-es\/tour-privado-premium-de-san-sebastian-con-entradas-2\/","og_site_name":"Tour Travel And More","article_publisher":"https:\/\/www.facebook.com\/tourtravelandmore\/","og_image":[{"width":950,"height":750,"url":"https:\/\/tourtravelandmore.com\/wp-content\/uploads\/2024\/03\/image1.jpg","type":"image\/jpeg"}],"twitter_card":"summary_large_image","twitter_site":"@TourTravel_More","twitter_misc":{"Tiempo de lectura":"2 minutos"},"schema":{"@context":"https:\/\/schema.org","@graph":[{"@type":"WebPage","@id":"https:\/\/tourtravelandmore.com\/es\/tours\/espana-es\/san-sebastian-donosti-es\/tour-privado-premium-de-san-sebastian-con-entradas-2\/","url":"https:\/\/tourtravelandmore.com\/es\/tours\/espana-es\/san-sebastian-donosti-es\/tour-privado-premium-de-san-sebastian-con-entradas-2\/","name":"Tour privado Premium de San Sebasti\u00e1n con entradas - TTM","isPartOf":{"@id":"https:\/\/tourtravelandmore.com\/es\/#website"},"primaryImageOfPage":{"@id":"https:\/\/tourtravelandmore.com\/es\/tours\/espana-es\/san-sebastian-donosti-es\/tour-privado-premium-de-san-sebastian-con-entradas-2\/#primaryimage"},"image":{"@id":"https:\/\/tourtravelandmore.com\/es\/tours\/espana-es\/san-sebastian-donosti-es\/tour-privado-premium-de-san-sebastian-con-entradas-2\/#primaryimage"},"thumbnailUrl":"https:\/\/tourtravelandmore.com\/wp-content\/uploads\/2024\/03\/image1.jpg","datePublished":"2024-03-12T16:30:15+00:00","description":"Tour Privado Premium de San Sebasti\u00e1n con entradas | Tour Travel & More. Aproveche la oportunidad de visitar este hermoso lugar junto a su gu\u00eda.","breadcrumb":{"@id":"https:\/\/tourtravelandmore.com\/es\/tours\/espana-es\/san-sebastian-donosti-es\/tour-privado-premium-de-san-sebastian-con-entradas-2\/#breadcrumb"},"inLanguage":"es","potentialAction":[{"@type":"ReadAction","target":["https:\/\/tourtravelandmore.com\/es\/tours\/espana-es\/san-sebastian-donosti-es\/tour-privado-premium-de-san-sebastian-con-entradas-2\/"]}]},{"@type":"ImageObject","inLanguage":"es","@id":"https:\/\/tourtravelandmore.com\/es\/tours\/espana-es\/san-sebastian-donosti-es\/tour-privado-premium-de-san-sebastian-con-entradas-2\/#primaryimage","url":"https:\/\/tourtravelandmore.com\/wp-content\/uploads\/2024\/03\/image1.jpg","contentUrl":"https:\/\/tourtravelandmore.com\/wp-content\/uploads\/2024\/03\/image1.jpg","width":950,"height":750},{"@type":"BreadcrumbList","@id":"https:\/\/tourtravelandmore.com\/es\/tours\/espana-es\/san-sebastian-donosti-es\/tour-privado-premium-de-san-sebastian-con-entradas-2\/#breadcrumb","itemListElement":[{"@type":"ListItem","position":1,"name":"Home","item":"https:\/\/tourtravelandmore.com\/es\/"},{"@type":"ListItem","position":2,"name":"Tours","item":"https:\/\/tourtravelandmore.com\/es\/tours\/"},{"@type":"ListItem","position":3,"name":"Tour Privado Premium de San Sebasti\u00e1n con entradas"}]},{"@type":"WebSite","@id":"https:\/\/tourtravelandmore.com\/es\/#website","url":"https:\/\/tourtravelandmore.com\/es\/","name":"Tour Travel And More","description":"Private sightseeing tours and luxury transfers in Spain","publisher":{"@id":"https:\/\/tourtravelandmore.com\/es\/#organization"},"potentialAction":[{"@type":"SearchAction","target":{"@type":"EntryPoint","urlTemplate":"https:\/\/tourtravelandmore.com\/es\/?s={search_term_string}"},"query-input":{"@type":"PropertyValueSpecification","valueRequired":true,"valueName":"search_term_string"}}],"inLanguage":"es"},{"@type":"Organization","@id":"https:\/\/tourtravelandmore.com\/es\/#organization","name":"Tour Travel And More","url":"https:\/\/tourtravelandmore.com\/es\/","logo":{"@type":"ImageObject","inLanguage":"es","@id":"https:\/\/tourtravelandmore.com\/es\/#\/schema\/logo\/image\/","url":"https:\/\/tourtravelandmore.com\/wp-content\/uploads\/2022\/12\/cropped-logo-cabecera-new.png","contentUrl":"https:\/\/tourtravelandmore.com\/wp-content\/uploads\/2022\/12\/cropped-logo-cabecera-new.png","width":430,"height":61,"caption":"Tour Travel And More"},"image":{"@id":"https:\/\/tourtravelandmore.com\/es\/#\/schema\/logo\/image\/"},"sameAs":["https:\/\/www.facebook.com\/tourtravelandmore\/","https:\/\/x.com\/TourTravel_More"]}]}},"_links":{"self":[{"href":"https:\/\/tourtravelandmore.com\/es\/wp-json\/wp\/v2\/product\/173666","targetHints":{"allow":["GET"]}}],"collection":[{"href":"https:\/\/tourtravelandmore.com\/es\/wp-json\/wp\/v2\/product"}],"about":[{"href":"https:\/\/tourtravelandmore.com\/es\/wp-json\/wp\/v2\/types\/product"}],"replies":[{"embeddable":true,"href":"https:\/\/tourtravelandmore.com\/es\/wp-json\/wp\/v2\/comments?post=173666"}],"wp:featuredmedia":[{"embeddable":true,"href":"https:\/\/tourtravelandmore.com\/es\/wp-json\/wp\/v2\/media\/173122"}],"wp:attachment":[{"href":"https:\/\/tourtravelandmore.com\/es\/wp-json\/wp\/v2\/media?parent=173666"}],"wp:term":[{"taxonomy":"product_brand","embeddable":true,"href":"https:\/\/tourtravelandmore.com\/es\/wp-json\/wp\/v2\/product_brand?post=173666"},{"taxonomy":"product_cat","embeddable":true,"href":"https:\/\/tourtravelandmore.com\/es\/wp-json\/wp\/v2\/product_cat?post=173666"},{"taxonomy":"product_tag","embeddable":true,"href":"https:\/\/tourtravelandmore.com\/es\/wp-json\/wp\/v2\/product_tag?post=173666"}],"curies":[{"name":"wp","href":"https:\/\/api.w.org\/{rel}","templated":true}]}}