{"id":173528,"date":"2024-03-08T17:25:56","date_gmt":"2024-03-08T16:25:56","guid":{"rendered":"https:\/\/tourtravelandmore.com\/?post_type=product&#038;p=173528"},"modified":"2024-03-10T17:29:59","modified_gmt":"2024-03-10T16:29:59","slug":"tour-privado-a-capri-y-anacapri-desde-napoles-copy","status":"publish","type":"product","link":"https:\/\/tourtravelandmore.com\/es\/tours\/italia-es\/sorrento-es\/todos-los-tours-y-actividades-privadas\/tour-privado-a-capri-y-anacapri-desde-napoles-copy\/","title":{"rendered":"Tour Privado a Capri y Anacapri desde Sorrento"},"content":{"rendered":"<h2>Descripci\u00f3n<\/h2>\n<p>Disfrute de este exclusivo Tour Privado de Capri y Anacapri desde Sorrento con su gu\u00eda oficial privado. Explore Capri y Anacapri y sus lugares y atracciones m\u00e1s emblem\u00e1ticos.<\/p>\n<p>La isla de Capri es una mezcla de paisajes impresionantes, maravillas arqueol\u00f3gicas, arquitectura impresionante y belleza natural. Es un destino que merece la pena explorar.<\/p>\n<p>Durante esta excursi\u00f3n privada, no s\u00f3lo visitar\u00e1 Capri, sino que tambi\u00e9n tendr\u00e1 la oportunidad de explorar Anacapri.<\/p>\n<p>Anacapri suele pasar desapercibida para los turistas, pero es un lugar incre\u00edblemente fascinante que ofrece perspectivas \u00fanicas de la isla.<\/p>\n<p>Su gu\u00eda tur\u00edstico privado podr\u00e1 ayudarle a explorar numerosos lugares y a capturar las mejores oportunidades fotogr\u00e1ficas en su tiempo libre. Los lugares y puntos de encuentro de la excursi\u00f3n son totalmente personalizables. P\u00f3ngase en contacto con nosotros para adaptar la excursi\u00f3n a sus preferencias personales.<\/p>\n<h2>Puntos de inter\u00e9s y lugares emblem\u00e1ticos<\/h2>\n<p>Para empezar, se reunir\u00e1 con su gu\u00eda oficial privado en el puerto de Sorrento, desde donde embarcar\u00e1 en un r\u00e1pido viaje en ferry a Capri.<\/p>\n<p>Al llegar al puerto de Capri, dispondr\u00e1 de transporte privado compartido hasta el coraz\u00f3n de Anacapri. A continuaci\u00f3n, ascender\u00e1 en telesilla al Monte Solaro, el punto m\u00e1s alto de la isla, que ofrece unas impresionantes vistas panor\u00e1micas que no querr\u00e1 perderse. A continuaci\u00f3n, nos dirigiremos a la Piazza Vittoria, una plaza \u00fanica adornada con frondosos \u00e1rboles y flores, creando un pintoresco paisaje costero que siempre recordar\u00e1.<\/p>\n<p>A continuaci\u00f3n, tomaremos el transporte p\u00fablico hasta la ciudad de Capri. Aqu\u00ed explorar\u00e1 el centro hist\u00f3rico de Capri, incluida la famosa Piazza Umberto I (o &#8220;piazzeta&#8221;), siempre llena de gente. En esta zona tambi\u00e9n podr\u00e1 ver la Torre del Reloj, la Iglesia de San Stefano y numerosos restaurantes y boutiques exclusivos. A continuaci\u00f3n, pasear\u00e1 por las principales calles de Capri: Via Vittorio Emanuelle, Via Croce y Camelle.<\/p>\n<p>A lo largo del recorrido, dispondr\u00e1 de tiempo libre para cenar en un encantador restaurante italiano, con las recomendaciones de su gu\u00eda.<\/p>\n<p>Finalmente, descender\u00e1 al puerto de Capri en funicular, donde embarcar\u00e1 en el ferry de regreso a Sorrento. Su gu\u00eda le despedir\u00e1 en el puerto de Sorrento.<\/p>\n<p>Si busca una experiencia de un d\u00eda completo, considere nuestro <a href=\"https:\/\/tourtravelandmore.com\/es\/tours\/italia-es\/sorrento-es\/todos-los-tours-y-actividades-privadas\/tour-privado-a-capri-y-anacapri-con-gruta-azul-desde-napoles\/\">tour privado de Capri y Anacapri con la Gruta Azul desde Sorrento.<\/a><\/p>\n","protected":false},"excerpt":{"rendered":"<p><strong>Aproveche de sus d\u00edas en Sorrento y disfrute de este tour privado por Capri y Anacapri.<\/strong> Conozca sus hermosos paisajes y los lugares de inter\u00e9s m\u00e1s importantes junto con un gu\u00eda tur\u00edstico profesional.<\/p>\n","protected":false},"featured_media":173552,"comment_status":"open","ping_status":"closed","template":"","meta":{"_acf_changed":false},"product_brand":[],"product_cat":[4145,4147,4146,4148,1741,1747,1746,1744],"product_tag":[],"class_list":{"0":"post-173528","1":"product","2":"type-product","3":"status-publish","4":"has-post-thumbnail","6":"product_cat-sorrento-es","7":"product_cat-excursiones-privadas-en-tierra","8":"product_cat-todos-los-tours-y-actividades-privadas","9":"product_cat-visitas-turisticas-privadas","10":"product_cat-capri-es","11":"product_cat-capri-rutas-turisticas-privadas-es-es","12":"product_cat-capri-excursiones-privadas-cruceros-es","13":"product_cat-capri-rutas-turisticas-privadas-es","15":"first","16":"instock","17":"shipping-taxable","18":"purchasable","19":"product-type-simple"},"acf":[],"yoast_head":"<!-- This site is optimized with the Yoast SEO Premium plugin v25.3.1 (Yoast SEO v25.3.1) - https:\/\/yoast.com\/wordpress\/plugins\/seo\/ -->\n<title>Tour Privado a Capri y Anacapri desde Sorrento con guia oficial<\/title>\n<meta name=\"description\" content=\"Disfrute de sus vacaciones al m\u00e1ximo y conozca Capri y Anacapri desde Sorrento con su gu\u00eda privado oficial que los llevar\u00e1 a los lugares m\u00e1s alucinantes.\" \/>\n<meta name=\"robots\" content=\"index, follow, max-snippet:-1, max-image-preview:large, max-video-preview:-1\" \/>\n<link rel=\"canonical\" href=\"https:\/\/tourtravelandmore.com\/es\/tours\/italia-es\/sorrento-es\/todos-los-tours-y-actividades-privadas\/tour-privado-a-capri-y-anacapri-desde-napoles-copy\/\" \/>\n<meta property=\"og:locale\" content=\"es_ES\" \/>\n<meta property=\"og:type\" content=\"article\" \/>\n<meta property=\"og:title\" content=\"Tour Privado a Capri y Anacapri desde Sorrento\" \/>\n<meta property=\"og:description\" content=\"Disfrute de sus vacaciones al m\u00e1ximo y conozca Capri y Anacapri desde Sorrento con su gu\u00eda privado oficial que los llevar\u00e1 a los lugares m\u00e1s alucinantes.\" \/>\n<meta property=\"og:url\" content=\"https:\/\/tourtravelandmore.com\/es\/tours\/italia-es\/sorrento-es\/todos-los-tours-y-actividades-privadas\/tour-privado-a-capri-y-anacapri-desde-napoles-copy\/\" \/>\n<meta property=\"og:site_name\" content=\"Tour Travel And More\" \/>\n<meta property=\"article:publisher\" content=\"https:\/\/www.facebook.com\/tourtravelandmore\/\" \/>\n<meta property=\"article:modified_time\" content=\"2024-03-10T16:29:59+00:00\" \/>\n<meta property=\"og:image\" content=\"https:\/\/tourtravelandmore.com\/wp-content\/uploads\/2024\/03\/amalfi-2476295_1280.jpg\" \/>\n\t<meta property=\"og:image:width\" content=\"1280\" \/>\n\t<meta property=\"og:image:height\" content=\"854\" \/>\n\t<meta property=\"og:image:type\" content=\"image\/jpeg\" \/>\n<meta name=\"twitter:card\" content=\"summary_large_image\" \/>\n<meta name=\"twitter:site\" content=\"@TourTravel_More\" \/>\n<meta name=\"twitter:label1\" content=\"Tiempo de lectura\" \/>\n\t<meta name=\"twitter:data1\" content=\"2 minutos\" \/>\n<script type=\"application\/ld+json\" class=\"yoast-schema-graph\">{\"@context\":\"https:\/\/schema.org\",\"@graph\":[{\"@type\":\"WebPage\",\"@id\":\"https:\/\/tourtravelandmore.com\/es\/tours\/italia-es\/sorrento-es\/todos-los-tours-y-actividades-privadas\/tour-privado-a-capri-y-anacapri-desde-napoles-copy\/\",\"url\":\"https:\/\/tourtravelandmore.com\/es\/tours\/italia-es\/sorrento-es\/todos-los-tours-y-actividades-privadas\/tour-privado-a-capri-y-anacapri-desde-napoles-copy\/\",\"name\":\"Tour Privado a Capri y Anacapri desde Sorrento con guia oficial\",\"isPartOf\":{\"@id\":\"https:\/\/tourtravelandmore.com\/es\/#website\"},\"primaryImageOfPage\":{\"@id\":\"https:\/\/tourtravelandmore.com\/es\/tours\/italia-es\/sorrento-es\/todos-los-tours-y-actividades-privadas\/tour-privado-a-capri-y-anacapri-desde-napoles-copy\/#primaryimage\"},\"image\":{\"@id\":\"https:\/\/tourtravelandmore.com\/es\/tours\/italia-es\/sorrento-es\/todos-los-tours-y-actividades-privadas\/tour-privado-a-capri-y-anacapri-desde-napoles-copy\/#primaryimage\"},\"thumbnailUrl\":\"https:\/\/tourtravelandmore.com\/wp-content\/uploads\/2024\/03\/amalfi-2476295_1280.jpg\",\"datePublished\":\"2024-03-08T16:25:56+00:00\",\"dateModified\":\"2024-03-10T16:29:59+00:00\",\"description\":\"Disfrute de sus vacaciones al m\u00e1ximo y conozca Capri y Anacapri desde Sorrento con su gu\u00eda privado oficial que los llevar\u00e1 a los lugares m\u00e1s alucinantes.\",\"breadcrumb\":{\"@id\":\"https:\/\/tourtravelandmore.com\/es\/tours\/italia-es\/sorrento-es\/todos-los-tours-y-actividades-privadas\/tour-privado-a-capri-y-anacapri-desde-napoles-copy\/#breadcrumb\"},\"inLanguage\":\"es\",\"potentialAction\":[{\"@type\":\"ReadAction\",\"target\":[\"https:\/\/tourtravelandmore.com\/es\/tours\/italia-es\/sorrento-es\/todos-los-tours-y-actividades-privadas\/tour-privado-a-capri-y-anacapri-desde-napoles-copy\/\"]}]},{\"@type\":\"ImageObject\",\"inLanguage\":\"es\",\"@id\":\"https:\/\/tourtravelandmore.com\/es\/tours\/italia-es\/sorrento-es\/todos-los-tours-y-actividades-privadas\/tour-privado-a-capri-y-anacapri-desde-napoles-copy\/#primaryimage\",\"url\":\"https:\/\/tourtravelandmore.com\/wp-content\/uploads\/2024\/03\/amalfi-2476295_1280.jpg\",\"contentUrl\":\"https:\/\/tourtravelandmore.com\/wp-content\/uploads\/2024\/03\/amalfi-2476295_1280.jpg\",\"width\":1280,\"height\":854},{\"@type\":\"BreadcrumbList\",\"@id\":\"https:\/\/tourtravelandmore.com\/es\/tours\/italia-es\/sorrento-es\/todos-los-tours-y-actividades-privadas\/tour-privado-a-capri-y-anacapri-desde-napoles-copy\/#breadcrumb\",\"itemListElement\":[{\"@type\":\"ListItem\",\"position\":1,\"name\":\"Home\",\"item\":\"https:\/\/tourtravelandmore.com\/es\/\"},{\"@type\":\"ListItem\",\"position\":2,\"name\":\"Tours\",\"item\":\"https:\/\/tourtravelandmore.com\/es\/tours\/\"},{\"@type\":\"ListItem\",\"position\":3,\"name\":\"Tour Privado a Capri y Anacapri desde Sorrento\"}]},{\"@type\":\"WebSite\",\"@id\":\"https:\/\/tourtravelandmore.com\/es\/#website\",\"url\":\"https:\/\/tourtravelandmore.com\/es\/\",\"name\":\"Tour Travel And More\",\"description\":\"Private sightseeing tours and luxury transfers in Spain\",\"publisher\":{\"@id\":\"https:\/\/tourtravelandmore.com\/es\/#organization\"},\"potentialAction\":[{\"@type\":\"SearchAction\",\"target\":{\"@type\":\"EntryPoint\",\"urlTemplate\":\"https:\/\/tourtravelandmore.com\/es\/?s={search_term_string}\"},\"query-input\":{\"@type\":\"PropertyValueSpecification\",\"valueRequired\":true,\"valueName\":\"search_term_string\"}}],\"inLanguage\":\"es\"},{\"@type\":\"Organization\",\"@id\":\"https:\/\/tourtravelandmore.com\/es\/#organization\",\"name\":\"Tour Travel And More\",\"url\":\"https:\/\/tourtravelandmore.com\/es\/\",\"logo\":{\"@type\":\"ImageObject\",\"inLanguage\":\"es\",\"@id\":\"https:\/\/tourtravelandmore.com\/es\/#\/schema\/logo\/image\/\",\"url\":\"https:\/\/tourtravelandmore.com\/wp-content\/uploads\/2022\/12\/cropped-logo-cabecera-new.png\",\"contentUrl\":\"https:\/\/tourtravelandmore.com\/wp-content\/uploads\/2022\/12\/cropped-logo-cabecera-new.png\",\"width\":430,\"height\":61,\"caption\":\"Tour Travel And More\"},\"image\":{\"@id\":\"https:\/\/tourtravelandmore.com\/es\/#\/schema\/logo\/image\/\"},\"sameAs\":[\"https:\/\/www.facebook.com\/tourtravelandmore\/\",\"https:\/\/x.com\/TourTravel_More\"]}]}<\/script>\n<!-- \/ Yoast SEO Premium plugin. -->","yoast_head_json":{"title":"Tour Privado a Capri y Anacapri desde Sorrento con guia oficial","description":"Disfrute de sus vacaciones al m\u00e1ximo y conozca Capri y Anacapri desde Sorrento con su gu\u00eda privado oficial que los llevar\u00e1 a los lugares m\u00e1s alucinantes.","robots":{"index":"index","follow":"follow","max-snippet":"max-snippet:-1","max-image-preview":"max-image-preview:large","max-video-preview":"max-video-preview:-1"},"canonical":"https:\/\/tourtravelandmore.com\/es\/tours\/italia-es\/sorrento-es\/todos-los-tours-y-actividades-privadas\/tour-privado-a-capri-y-anacapri-desde-napoles-copy\/","og_locale":"es_ES","og_type":"article","og_title":"Tour Privado a Capri y Anacapri desde Sorrento","og_description":"Disfrute de sus vacaciones al m\u00e1ximo y conozca Capri y Anacapri desde Sorrento con su gu\u00eda privado oficial que los llevar\u00e1 a los lugares m\u00e1s alucinantes.","og_url":"https:\/\/tourtravelandmore.com\/es\/tours\/italia-es\/sorrento-es\/todos-los-tours-y-actividades-privadas\/tour-privado-a-capri-y-anacapri-desde-napoles-copy\/","og_site_name":"Tour Travel And More","article_publisher":"https:\/\/www.facebook.com\/tourtravelandmore\/","article_modified_time":"2024-03-10T16:29:59+00:00","og_image":[{"width":1280,"height":854,"url":"https:\/\/tourtravelandmore.com\/wp-content\/uploads\/2024\/03\/amalfi-2476295_1280.jpg","type":"image\/jpeg"}],"twitter_card":"summary_large_image","twitter_site":"@TourTravel_More","twitter_misc":{"Tiempo de lectura":"2 minutos"},"schema":{"@context":"https:\/\/schema.org","@graph":[{"@type":"WebPage","@id":"https:\/\/tourtravelandmore.com\/es\/tours\/italia-es\/sorrento-es\/todos-los-tours-y-actividades-privadas\/tour-privado-a-capri-y-anacapri-desde-napoles-copy\/","url":"https:\/\/tourtravelandmore.com\/es\/tours\/italia-es\/sorrento-es\/todos-los-tours-y-actividades-privadas\/tour-privado-a-capri-y-anacapri-desde-napoles-copy\/","name":"Tour Privado a Capri y Anacapri desde Sorrento con guia oficial","isPartOf":{"@id":"https:\/\/tourtravelandmore.com\/es\/#website"},"primaryImageOfPage":{"@id":"https:\/\/tourtravelandmore.com\/es\/tours\/italia-es\/sorrento-es\/todos-los-tours-y-actividades-privadas\/tour-privado-a-capri-y-anacapri-desde-napoles-copy\/#primaryimage"},"image":{"@id":"https:\/\/tourtravelandmore.com\/es\/tours\/italia-es\/sorrento-es\/todos-los-tours-y-actividades-privadas\/tour-privado-a-capri-y-anacapri-desde-napoles-copy\/#primaryimage"},"thumbnailUrl":"https:\/\/tourtravelandmore.com\/wp-content\/uploads\/2024\/03\/amalfi-2476295_1280.jpg","datePublished":"2024-03-08T16:25:56+00:00","dateModified":"2024-03-10T16:29:59+00:00","description":"Disfrute de sus vacaciones al m\u00e1ximo y conozca Capri y Anacapri desde Sorrento con su gu\u00eda privado oficial que los llevar\u00e1 a los lugares m\u00e1s alucinantes.","breadcrumb":{"@id":"https:\/\/tourtravelandmore.com\/es\/tours\/italia-es\/sorrento-es\/todos-los-tours-y-actividades-privadas\/tour-privado-a-capri-y-anacapri-desde-napoles-copy\/#breadcrumb"},"inLanguage":"es","potentialAction":[{"@type":"ReadAction","target":["https:\/\/tourtravelandmore.com\/es\/tours\/italia-es\/sorrento-es\/todos-los-tours-y-actividades-privadas\/tour-privado-a-capri-y-anacapri-desde-napoles-copy\/"]}]},{"@type":"ImageObject","inLanguage":"es","@id":"https:\/\/tourtravelandmore.com\/es\/tours\/italia-es\/sorrento-es\/todos-los-tours-y-actividades-privadas\/tour-privado-a-capri-y-anacapri-desde-napoles-copy\/#primaryimage","url":"https:\/\/tourtravelandmore.com\/wp-content\/uploads\/2024\/03\/amalfi-2476295_1280.jpg","contentUrl":"https:\/\/tourtravelandmore.com\/wp-content\/uploads\/2024\/03\/amalfi-2476295_1280.jpg","width":1280,"height":854},{"@type":"BreadcrumbList","@id":"https:\/\/tourtravelandmore.com\/es\/tours\/italia-es\/sorrento-es\/todos-los-tours-y-actividades-privadas\/tour-privado-a-capri-y-anacapri-desde-napoles-copy\/#breadcrumb","itemListElement":[{"@type":"ListItem","position":1,"name":"Home","item":"https:\/\/tourtravelandmore.com\/es\/"},{"@type":"ListItem","position":2,"name":"Tours","item":"https:\/\/tourtravelandmore.com\/es\/tours\/"},{"@type":"ListItem","position":3,"name":"Tour Privado a Capri y Anacapri desde Sorrento"}]},{"@type":"WebSite","@id":"https:\/\/tourtravelandmore.com\/es\/#website","url":"https:\/\/tourtravelandmore.com\/es\/","name":"Tour Travel And More","description":"Private sightseeing tours and luxury transfers in Spain","publisher":{"@id":"https:\/\/tourtravelandmore.com\/es\/#organization"},"potentialAction":[{"@type":"SearchAction","target":{"@type":"EntryPoint","urlTemplate":"https:\/\/tourtravelandmore.com\/es\/?s={search_term_string}"},"query-input":{"@type":"PropertyValueSpecification","valueRequired":true,"valueName":"search_term_string"}}],"inLanguage":"es"},{"@type":"Organization","@id":"https:\/\/tourtravelandmore.com\/es\/#organization","name":"Tour Travel And More","url":"https:\/\/tourtravelandmore.com\/es\/","logo":{"@type":"ImageObject","inLanguage":"es","@id":"https:\/\/tourtravelandmore.com\/es\/#\/schema\/logo\/image\/","url":"https:\/\/tourtravelandmore.com\/wp-content\/uploads\/2022\/12\/cropped-logo-cabecera-new.png","contentUrl":"https:\/\/tourtravelandmore.com\/wp-content\/uploads\/2022\/12\/cropped-logo-cabecera-new.png","width":430,"height":61,"caption":"Tour Travel And More"},"image":{"@id":"https:\/\/tourtravelandmore.com\/es\/#\/schema\/logo\/image\/"},"sameAs":["https:\/\/www.facebook.com\/tourtravelandmore\/","https:\/\/x.com\/TourTravel_More"]}]}},"_links":{"self":[{"href":"https:\/\/tourtravelandmore.com\/es\/wp-json\/wp\/v2\/product\/173528","targetHints":{"allow":["GET"]}}],"collection":[{"href":"https:\/\/tourtravelandmore.com\/es\/wp-json\/wp\/v2\/product"}],"about":[{"href":"https:\/\/tourtravelandmore.com\/es\/wp-json\/wp\/v2\/types\/product"}],"replies":[{"embeddable":true,"href":"https:\/\/tourtravelandmore.com\/es\/wp-json\/wp\/v2\/comments?post=173528"}],"wp:featuredmedia":[{"embeddable":true,"href":"https:\/\/tourtravelandmore.com\/es\/wp-json\/wp\/v2\/media\/173552"}],"wp:attachment":[{"href":"https:\/\/tourtravelandmore.com\/es\/wp-json\/wp\/v2\/media?parent=173528"}],"wp:term":[{"taxonomy":"product_brand","embeddable":true,"href":"https:\/\/tourtravelandmore.com\/es\/wp-json\/wp\/v2\/product_brand?post=173528"},{"taxonomy":"product_cat","embeddable":true,"href":"https:\/\/tourtravelandmore.com\/es\/wp-json\/wp\/v2\/product_cat?post=173528"},{"taxonomy":"product_tag","embeddable":true,"href":"https:\/\/tourtravelandmore.com\/es\/wp-json\/wp\/v2\/product_tag?post=173528"}],"curies":[{"name":"wp","href":"https:\/\/api.w.org\/{rel}","templated":true}]}}