{"id":173502,"date":"2024-03-08T16:46:24","date_gmt":"2024-03-08T15:46:24","guid":{"rendered":"https:\/\/tourtravelandmore.com\/?post_type=product&#038;p=173502"},"modified":"2024-03-11T14:08:46","modified_gmt":"2024-03-11T13:08:46","slug":"tour-privado-a-capri-y-anacapri-con-gruta-azul-desde-napoles","status":"publish","type":"product","link":"https:\/\/tourtravelandmore.com\/es\/tours\/italia-es\/sorrento-es\/todos-los-tours-y-actividades-privadas\/tour-privado-a-capri-y-anacapri-con-gruta-azul-desde-napoles\/","title":{"rendered":"Tour Privado a Capri y Anacapri con Gruta Azul desde Sorrento"},"content":{"rendered":"<h2>Descripci\u00f3n<\/h2>\n<p>Disfrute de un viaje exclusivo a Capri y Anacapri, incluida la fascinante Gruta Azul, saliendo desde Sorrento con su gu\u00eda tur\u00edstico privado.<\/p>\n<p>Capri, enclavada en el mar Tirreno y frente a la pen\u00ednsula sorrentina, personifica el pintoresco encanto de Italia. Famosa por su emblem\u00e1tica &#8220;piazzetta&#8221;, sus aguas azules y su deliciosa cocina, Capri es la cumbre del lujo y el esplendor natural.<\/p>\n<p>Anacapri, su municipio vecino, deriva su nombre del griego &#8220;Ana&#8221;, que significa &#8220;arriba&#8221;, simbolizando su elevada posici\u00f3n respecto a Capri.<\/p>\n<p>Este es un tour completamente personalizado y privado a Capri y Anacapri con la Gruta Azul. Aproveche la oportunidad de visitar esta incre\u00edble isla con un gu\u00eda local.<\/p>\n<h2>Puntos de inter\u00e9s<\/h2>\n<p>Emb\u00e1rquese en una exploraci\u00f3n a medida de Capri y Anacapri, con la encantadora Gruta Azul. Comience su aventura reuni\u00e9ndose con su gu\u00eda en el puerto de Sorrento, Marina Piccola, desde donde embarcar\u00e1 en un r\u00e1pido ferry hacia Capri.<\/p>\n<p>A su llegada, embarcar\u00e1 en una excursi\u00f3n en barco p\u00fablico a la Gruta Azul, dando prioridad a una visita temprana para evitar las aglomeraciones. En caso de aglomeraci\u00f3n excesiva, el barco no podr\u00e1 esperar, es por eso que a cambio le espera una ruta alternativa para visitar la gruta por la escalera accesible desde Anacapri, acompa\u00f1ado por su gu\u00eda.<\/p>\n<p>Tenga en cuenta el cierre ocasional de la Gruta Azul debido a condiciones mar\u00edtimas adversas. En tales casos, se optar\u00e1 por hacer una visita en barco publico alrededor de la isla, que abarca todas las cautivadoras cuevas y vistas increibles de la isla.<\/p>\n<p>Luego de esta incre\u00edble experiencia, suba al coraz\u00f3n de Anacapri en transporte privado compartido. Una vez all\u00ed, suba al Monte Solaro en telesilla para disfrutar de unas vistas panor\u00e1micas de una belleza incomparable. Contin\u00fae hasta la Piazza Vittoria, una id\u00edlica plaza adornada con exuberante vegetaci\u00f3n, que ofrece un panorama costero de encanto perdurable.<\/p>\n<p>De camino a la ciudad de Capri en transporte publico compartido, ad\u00e9ntrese en su centro hist\u00f3rico, serpenteando por la vibrante Piazza Umberto I, flanqueada por monumentos emblem\u00e1ticos como la Torre del Reloj y la Iglesia de San Stefano. Pasee por las calles principales -Via Vittorio Emanuelle, Via Croce y Camelle- y descubra boutiques y restaurantes de lujo.<\/p>\n<p>Disfrute de momentos de ocio en un restaurante italiano de renombre, recomendado personalmente por su gu\u00eda, antes de descender al puerto de Capri en funicular para su ferry de regreso a Sorrento, despidi\u00e9ndose de su gu\u00eda en medio de las encantadoras vistas de Capri.<\/p>\n<p>Explore nuestra gama de excursiones privadas a Capri y Anacapri desde Sorrento para vivir otras experiencias a medida.<\/p>\n<p>Tambi\u00e9n ofrecemos excursiones privadas a Capri y Anacapri desde Sorrento, <a href=\"https:\/\/tourtravelandmore.com\/tours\/italy\/capri-en\/capri-private-sightseeing-tours-en\/tour-to-capri-and-anacapri-from-capri\/\">\u00a1\u00e9chele un vistazo!<\/a><\/p>\n","protected":false},"excerpt":{"rendered":"<p>La ciudad de Capri y Anacapri, en Italia, se caracterizan por su modesta arquitectura urbana, calles encantadoras y vistas asombrosas hacia el mar. Le ayudaremos a descubrir lo mejor de Capri y Anacapri con este tour privado junto con un gu\u00eda tur\u00edstico oficial local.<\/p>\n","protected":false},"featured_media":173518,"comment_status":"open","ping_status":"closed","template":"","meta":{"_acf_changed":false},"product_brand":[],"product_cat":[4145,4147,4146,4148,1741,1747,1746],"product_tag":[],"class_list":{"0":"post-173502","1":"product","2":"type-product","3":"status-publish","4":"has-post-thumbnail","6":"product_cat-sorrento-es","7":"product_cat-excursiones-privadas-en-tierra","8":"product_cat-todos-los-tours-y-actividades-privadas","9":"product_cat-visitas-turisticas-privadas","10":"product_cat-capri-es","11":"product_cat-capri-rutas-turisticas-privadas-es-es","12":"product_cat-capri-excursiones-privadas-cruceros-es","14":"first","15":"instock","16":"shipping-taxable","17":"purchasable","18":"product-type-simple"},"acf":[],"yoast_head":"<!-- This site is optimized with the Yoast SEO Premium plugin v25.3.1 (Yoast SEO v25.3.1) - https:\/\/yoast.com\/wordpress\/plugins\/seo\/ -->\n<title>Tour Privado a Capri y Anacapri con Gruta Azul desde Sorrento<\/title>\n<meta name=\"description\" content=\"Disfruta de este tour privado y conozca Capri y Anacapri con la Gruta Azul desde Sorrento. Visite esta cautivante isla llena de historia y naturaleza. \u2705\" \/>\n<meta name=\"robots\" content=\"index, follow, max-snippet:-1, max-image-preview:large, max-video-preview:-1\" \/>\n<link rel=\"canonical\" href=\"https:\/\/tourtravelandmore.com\/es\/tours\/italia-es\/sorrento-es\/todos-los-tours-y-actividades-privadas\/tour-privado-a-capri-y-anacapri-con-gruta-azul-desde-napoles\/\" \/>\n<meta property=\"og:locale\" content=\"es_ES\" \/>\n<meta property=\"og:type\" content=\"article\" \/>\n<meta property=\"og:title\" content=\"Tour Privado a Capri y Anacapri con Gruta Azul desde Sorrento\" \/>\n<meta property=\"og:description\" content=\"Disfruta de este tour privado y conozca Capri y Anacapri con la Gruta Azul desde Sorrento. Visite esta cautivante isla llena de historia y naturaleza. \u2705\" \/>\n<meta property=\"og:url\" content=\"https:\/\/tourtravelandmore.com\/es\/tours\/italia-es\/sorrento-es\/todos-los-tours-y-actividades-privadas\/tour-privado-a-capri-y-anacapri-con-gruta-azul-desde-napoles\/\" \/>\n<meta property=\"og:site_name\" content=\"Tour Travel And More\" \/>\n<meta property=\"article:publisher\" content=\"https:\/\/www.facebook.com\/tourtravelandmore\/\" \/>\n<meta property=\"article:modified_time\" content=\"2024-03-11T13:08:46+00:00\" \/>\n<meta property=\"og:image\" content=\"https:\/\/tourtravelandmore.com\/wp-content\/uploads\/2024\/03\/blue-grotto-capri-2.jpeg\" \/>\n\t<meta property=\"og:image:width\" content=\"1200\" \/>\n\t<meta property=\"og:image:height\" content=\"670\" \/>\n\t<meta property=\"og:image:type\" content=\"image\/jpeg\" \/>\n<meta name=\"twitter:card\" content=\"summary_large_image\" \/>\n<meta name=\"twitter:site\" content=\"@TourTravel_More\" \/>\n<meta name=\"twitter:label1\" content=\"Tiempo de lectura\" \/>\n\t<meta name=\"twitter:data1\" content=\"3 minutos\" \/>\n<script type=\"application\/ld+json\" class=\"yoast-schema-graph\">{\"@context\":\"https:\/\/schema.org\",\"@graph\":[{\"@type\":\"WebPage\",\"@id\":\"https:\/\/tourtravelandmore.com\/es\/tours\/italia-es\/sorrento-es\/todos-los-tours-y-actividades-privadas\/tour-privado-a-capri-y-anacapri-con-gruta-azul-desde-napoles\/\",\"url\":\"https:\/\/tourtravelandmore.com\/es\/tours\/italia-es\/sorrento-es\/todos-los-tours-y-actividades-privadas\/tour-privado-a-capri-y-anacapri-con-gruta-azul-desde-napoles\/\",\"name\":\"Tour Privado a Capri y Anacapri con Gruta Azul desde Sorrento\",\"isPartOf\":{\"@id\":\"https:\/\/tourtravelandmore.com\/es\/#website\"},\"primaryImageOfPage\":{\"@id\":\"https:\/\/tourtravelandmore.com\/es\/tours\/italia-es\/sorrento-es\/todos-los-tours-y-actividades-privadas\/tour-privado-a-capri-y-anacapri-con-gruta-azul-desde-napoles\/#primaryimage\"},\"image\":{\"@id\":\"https:\/\/tourtravelandmore.com\/es\/tours\/italia-es\/sorrento-es\/todos-los-tours-y-actividades-privadas\/tour-privado-a-capri-y-anacapri-con-gruta-azul-desde-napoles\/#primaryimage\"},\"thumbnailUrl\":\"https:\/\/tourtravelandmore.com\/wp-content\/uploads\/2024\/03\/blue-grotto-capri-2.jpeg\",\"datePublished\":\"2024-03-08T15:46:24+00:00\",\"dateModified\":\"2024-03-11T13:08:46+00:00\",\"description\":\"Disfruta de este tour privado y conozca Capri y Anacapri con la Gruta Azul desde Sorrento. Visite esta cautivante isla llena de historia y naturaleza. \u2705\",\"breadcrumb\":{\"@id\":\"https:\/\/tourtravelandmore.com\/es\/tours\/italia-es\/sorrento-es\/todos-los-tours-y-actividades-privadas\/tour-privado-a-capri-y-anacapri-con-gruta-azul-desde-napoles\/#breadcrumb\"},\"inLanguage\":\"es\",\"potentialAction\":[{\"@type\":\"ReadAction\",\"target\":[\"https:\/\/tourtravelandmore.com\/es\/tours\/italia-es\/sorrento-es\/todos-los-tours-y-actividades-privadas\/tour-privado-a-capri-y-anacapri-con-gruta-azul-desde-napoles\/\"]}]},{\"@type\":\"ImageObject\",\"inLanguage\":\"es\",\"@id\":\"https:\/\/tourtravelandmore.com\/es\/tours\/italia-es\/sorrento-es\/todos-los-tours-y-actividades-privadas\/tour-privado-a-capri-y-anacapri-con-gruta-azul-desde-napoles\/#primaryimage\",\"url\":\"https:\/\/tourtravelandmore.com\/wp-content\/uploads\/2024\/03\/blue-grotto-capri-2.jpeg\",\"contentUrl\":\"https:\/\/tourtravelandmore.com\/wp-content\/uploads\/2024\/03\/blue-grotto-capri-2.jpeg\",\"width\":1200,\"height\":670},{\"@type\":\"BreadcrumbList\",\"@id\":\"https:\/\/tourtravelandmore.com\/es\/tours\/italia-es\/sorrento-es\/todos-los-tours-y-actividades-privadas\/tour-privado-a-capri-y-anacapri-con-gruta-azul-desde-napoles\/#breadcrumb\",\"itemListElement\":[{\"@type\":\"ListItem\",\"position\":1,\"name\":\"Home\",\"item\":\"https:\/\/tourtravelandmore.com\/es\/\"},{\"@type\":\"ListItem\",\"position\":2,\"name\":\"Tours\",\"item\":\"https:\/\/tourtravelandmore.com\/es\/tours\/\"},{\"@type\":\"ListItem\",\"position\":3,\"name\":\"Tour Privado a Capri y Anacapri con Gruta Azul desde Sorrento\"}]},{\"@type\":\"WebSite\",\"@id\":\"https:\/\/tourtravelandmore.com\/es\/#website\",\"url\":\"https:\/\/tourtravelandmore.com\/es\/\",\"name\":\"Tour Travel And More\",\"description\":\"Private sightseeing tours and luxury transfers in Spain\",\"publisher\":{\"@id\":\"https:\/\/tourtravelandmore.com\/es\/#organization\"},\"potentialAction\":[{\"@type\":\"SearchAction\",\"target\":{\"@type\":\"EntryPoint\",\"urlTemplate\":\"https:\/\/tourtravelandmore.com\/es\/?s={search_term_string}\"},\"query-input\":{\"@type\":\"PropertyValueSpecification\",\"valueRequired\":true,\"valueName\":\"search_term_string\"}}],\"inLanguage\":\"es\"},{\"@type\":\"Organization\",\"@id\":\"https:\/\/tourtravelandmore.com\/es\/#organization\",\"name\":\"Tour Travel And More\",\"url\":\"https:\/\/tourtravelandmore.com\/es\/\",\"logo\":{\"@type\":\"ImageObject\",\"inLanguage\":\"es\",\"@id\":\"https:\/\/tourtravelandmore.com\/es\/#\/schema\/logo\/image\/\",\"url\":\"https:\/\/tourtravelandmore.com\/wp-content\/uploads\/2022\/12\/cropped-logo-cabecera-new.png\",\"contentUrl\":\"https:\/\/tourtravelandmore.com\/wp-content\/uploads\/2022\/12\/cropped-logo-cabecera-new.png\",\"width\":430,\"height\":61,\"caption\":\"Tour Travel And More\"},\"image\":{\"@id\":\"https:\/\/tourtravelandmore.com\/es\/#\/schema\/logo\/image\/\"},\"sameAs\":[\"https:\/\/www.facebook.com\/tourtravelandmore\/\",\"https:\/\/x.com\/TourTravel_More\"]}]}<\/script>\n<!-- \/ Yoast SEO Premium plugin. -->","yoast_head_json":{"title":"Tour Privado a Capri y Anacapri con Gruta Azul desde Sorrento","description":"Disfruta de este tour privado y conozca Capri y Anacapri con la Gruta Azul desde Sorrento. Visite esta cautivante isla llena de historia y naturaleza. \u2705","robots":{"index":"index","follow":"follow","max-snippet":"max-snippet:-1","max-image-preview":"max-image-preview:large","max-video-preview":"max-video-preview:-1"},"canonical":"https:\/\/tourtravelandmore.com\/es\/tours\/italia-es\/sorrento-es\/todos-los-tours-y-actividades-privadas\/tour-privado-a-capri-y-anacapri-con-gruta-azul-desde-napoles\/","og_locale":"es_ES","og_type":"article","og_title":"Tour Privado a Capri y Anacapri con Gruta Azul desde Sorrento","og_description":"Disfruta de este tour privado y conozca Capri y Anacapri con la Gruta Azul desde Sorrento. Visite esta cautivante isla llena de historia y naturaleza. \u2705","og_url":"https:\/\/tourtravelandmore.com\/es\/tours\/italia-es\/sorrento-es\/todos-los-tours-y-actividades-privadas\/tour-privado-a-capri-y-anacapri-con-gruta-azul-desde-napoles\/","og_site_name":"Tour Travel And More","article_publisher":"https:\/\/www.facebook.com\/tourtravelandmore\/","article_modified_time":"2024-03-11T13:08:46+00:00","og_image":[{"width":1200,"height":670,"url":"https:\/\/tourtravelandmore.com\/wp-content\/uploads\/2024\/03\/blue-grotto-capri-2.jpeg","type":"image\/jpeg"}],"twitter_card":"summary_large_image","twitter_site":"@TourTravel_More","twitter_misc":{"Tiempo de lectura":"3 minutos"},"schema":{"@context":"https:\/\/schema.org","@graph":[{"@type":"WebPage","@id":"https:\/\/tourtravelandmore.com\/es\/tours\/italia-es\/sorrento-es\/todos-los-tours-y-actividades-privadas\/tour-privado-a-capri-y-anacapri-con-gruta-azul-desde-napoles\/","url":"https:\/\/tourtravelandmore.com\/es\/tours\/italia-es\/sorrento-es\/todos-los-tours-y-actividades-privadas\/tour-privado-a-capri-y-anacapri-con-gruta-azul-desde-napoles\/","name":"Tour Privado a Capri y Anacapri con Gruta Azul desde Sorrento","isPartOf":{"@id":"https:\/\/tourtravelandmore.com\/es\/#website"},"primaryImageOfPage":{"@id":"https:\/\/tourtravelandmore.com\/es\/tours\/italia-es\/sorrento-es\/todos-los-tours-y-actividades-privadas\/tour-privado-a-capri-y-anacapri-con-gruta-azul-desde-napoles\/#primaryimage"},"image":{"@id":"https:\/\/tourtravelandmore.com\/es\/tours\/italia-es\/sorrento-es\/todos-los-tours-y-actividades-privadas\/tour-privado-a-capri-y-anacapri-con-gruta-azul-desde-napoles\/#primaryimage"},"thumbnailUrl":"https:\/\/tourtravelandmore.com\/wp-content\/uploads\/2024\/03\/blue-grotto-capri-2.jpeg","datePublished":"2024-03-08T15:46:24+00:00","dateModified":"2024-03-11T13:08:46+00:00","description":"Disfruta de este tour privado y conozca Capri y Anacapri con la Gruta Azul desde Sorrento. Visite esta cautivante isla llena de historia y naturaleza. \u2705","breadcrumb":{"@id":"https:\/\/tourtravelandmore.com\/es\/tours\/italia-es\/sorrento-es\/todos-los-tours-y-actividades-privadas\/tour-privado-a-capri-y-anacapri-con-gruta-azul-desde-napoles\/#breadcrumb"},"inLanguage":"es","potentialAction":[{"@type":"ReadAction","target":["https:\/\/tourtravelandmore.com\/es\/tours\/italia-es\/sorrento-es\/todos-los-tours-y-actividades-privadas\/tour-privado-a-capri-y-anacapri-con-gruta-azul-desde-napoles\/"]}]},{"@type":"ImageObject","inLanguage":"es","@id":"https:\/\/tourtravelandmore.com\/es\/tours\/italia-es\/sorrento-es\/todos-los-tours-y-actividades-privadas\/tour-privado-a-capri-y-anacapri-con-gruta-azul-desde-napoles\/#primaryimage","url":"https:\/\/tourtravelandmore.com\/wp-content\/uploads\/2024\/03\/blue-grotto-capri-2.jpeg","contentUrl":"https:\/\/tourtravelandmore.com\/wp-content\/uploads\/2024\/03\/blue-grotto-capri-2.jpeg","width":1200,"height":670},{"@type":"BreadcrumbList","@id":"https:\/\/tourtravelandmore.com\/es\/tours\/italia-es\/sorrento-es\/todos-los-tours-y-actividades-privadas\/tour-privado-a-capri-y-anacapri-con-gruta-azul-desde-napoles\/#breadcrumb","itemListElement":[{"@type":"ListItem","position":1,"name":"Home","item":"https:\/\/tourtravelandmore.com\/es\/"},{"@type":"ListItem","position":2,"name":"Tours","item":"https:\/\/tourtravelandmore.com\/es\/tours\/"},{"@type":"ListItem","position":3,"name":"Tour Privado a Capri y Anacapri con Gruta Azul desde Sorrento"}]},{"@type":"WebSite","@id":"https:\/\/tourtravelandmore.com\/es\/#website","url":"https:\/\/tourtravelandmore.com\/es\/","name":"Tour Travel And More","description":"Private sightseeing tours and luxury transfers in Spain","publisher":{"@id":"https:\/\/tourtravelandmore.com\/es\/#organization"},"potentialAction":[{"@type":"SearchAction","target":{"@type":"EntryPoint","urlTemplate":"https:\/\/tourtravelandmore.com\/es\/?s={search_term_string}"},"query-input":{"@type":"PropertyValueSpecification","valueRequired":true,"valueName":"search_term_string"}}],"inLanguage":"es"},{"@type":"Organization","@id":"https:\/\/tourtravelandmore.com\/es\/#organization","name":"Tour Travel And More","url":"https:\/\/tourtravelandmore.com\/es\/","logo":{"@type":"ImageObject","inLanguage":"es","@id":"https:\/\/tourtravelandmore.com\/es\/#\/schema\/logo\/image\/","url":"https:\/\/tourtravelandmore.com\/wp-content\/uploads\/2022\/12\/cropped-logo-cabecera-new.png","contentUrl":"https:\/\/tourtravelandmore.com\/wp-content\/uploads\/2022\/12\/cropped-logo-cabecera-new.png","width":430,"height":61,"caption":"Tour Travel And More"},"image":{"@id":"https:\/\/tourtravelandmore.com\/es\/#\/schema\/logo\/image\/"},"sameAs":["https:\/\/www.facebook.com\/tourtravelandmore\/","https:\/\/x.com\/TourTravel_More"]}]}},"_links":{"self":[{"href":"https:\/\/tourtravelandmore.com\/es\/wp-json\/wp\/v2\/product\/173502","targetHints":{"allow":["GET"]}}],"collection":[{"href":"https:\/\/tourtravelandmore.com\/es\/wp-json\/wp\/v2\/product"}],"about":[{"href":"https:\/\/tourtravelandmore.com\/es\/wp-json\/wp\/v2\/types\/product"}],"replies":[{"embeddable":true,"href":"https:\/\/tourtravelandmore.com\/es\/wp-json\/wp\/v2\/comments?post=173502"}],"wp:featuredmedia":[{"embeddable":true,"href":"https:\/\/tourtravelandmore.com\/es\/wp-json\/wp\/v2\/media\/173518"}],"wp:attachment":[{"href":"https:\/\/tourtravelandmore.com\/es\/wp-json\/wp\/v2\/media?parent=173502"}],"wp:term":[{"taxonomy":"product_brand","embeddable":true,"href":"https:\/\/tourtravelandmore.com\/es\/wp-json\/wp\/v2\/product_brand?post=173502"},{"taxonomy":"product_cat","embeddable":true,"href":"https:\/\/tourtravelandmore.com\/es\/wp-json\/wp\/v2\/product_cat?post=173502"},{"taxonomy":"product_tag","embeddable":true,"href":"https:\/\/tourtravelandmore.com\/es\/wp-json\/wp\/v2\/product_tag?post=173502"}],"curies":[{"name":"wp","href":"https:\/\/api.w.org\/{rel}","templated":true}]}}