{"id":173408,"date":"2024-03-01T16:10:05","date_gmt":"2024-03-01T15:10:05","guid":{"rendered":"https:\/\/tourtravelandmore.com\/?post_type=product&#038;p=173408"},"modified":"2024-03-01T16:19:10","modified_gmt":"2024-03-01T15:19:10","slug":"traslado-privado-de-ida-desde-hacia-bari-hacia-desde-napoles-descripcion-copy","status":"publish","type":"product","link":"https:\/\/tourtravelandmore.com\/es\/tours\/italia-es\/bari-es\/traslado-privado-de-ida-desde-hacia-bari-hacia-desde-napoles-descripcion-copy\/","title":{"rendered":"Traslado privado de ida desde\/hacia el aeropuerto hasta\/desde el hotel en Bari"},"content":{"rendered":"<h2>Traslado privado de ida desde\/hacia el aeropuerto hasta\/desde el hotel en Bari Descripci\u00f3n<\/h2>\n<p>Haga su llegada o salida de Bari libre de estr\u00e9s y de lujo con nuestro traslado privado de ida desde \/ hasta el aeropuerto a \/ desde el hotel en Bari, proporcionado exclusivamente por Tour Travel and More.<\/p>\n<p>Tanto si aterriza en Bari como si se despide de esta encantadora ciudad, nuestro servicio de traslado le garantiza un viaje c\u00f3modo y sin complicaciones desde el aeropuerto hasta su hotel, o viceversa. Si\u00e9ntese, rel\u00e1jese y deje que nuestro experimentado ch\u00f3fer se encargue del resto, mientras usted se centra en disfrutar al m\u00e1ximo de su experiencia de viaje.<\/p>\n<p>Su ch\u00f3fer privado le recoger\u00e1 en su hotel o en el lugar de su elecci\u00f3n en Bari, asegur\u00e1ndole un comienzo de su traslado sin complicaciones.<\/p>\n<p>Reserve ahora y eleve su experiencia de viaje en Bari. P\u00f3ngase en contacto con nosotros para reservar su traslado o para cualquier otra consulta.<\/p>\n<p>Para m\u00e1s detalles y reservas, p\u00f3ngase en contacto con nosotros directamente. Estamos deseando acompa\u00f1arle en este viaje inolvidable.<\/p>\n<h2>Puntos de inter\u00e9s<\/h2>\n<ul>\n<li><strong>Adaptado a sus necesidades<\/strong>: Nuestros servicios de traslados privados son adecuados para viajeros en solitario, parejas, familias, grupos privados e incluso grandes grupos de incentivos. Personalizamos cada aspecto de su viaje para asegurarnos de que se ajusta perfectamente a sus horarios y preferencias.<\/li>\n<li><strong>Reservas sin<\/strong>\u00a0<strong>esfuerzo:<\/strong> P\u00f3ngase en contacto con nosotros y nos ocuparemos del resto. Una vez confirmada su reserva, recibir\u00e1 un detallado correo electr\u00f3nico de confirmaci\u00f3n.<\/li>\n<li>Vi<strong>a<\/strong>jar <strong>con ni\u00f1os:<\/strong> Si necesita un asiento para beb\u00e9s o ni\u00f1os, p\u00f3ngase en contacto con nosotros antes de su vuelo o crucero, y nos aseguraremos de que est\u00e9 preparado e instalado correctamente.<\/li>\n<li><strong>Disponibilidad<\/strong> <strong>24\/7:<\/strong> No importa cuando llegue su vuelo o crucero, nuestro servicio de Traslado Privado en N\u00e1poles est\u00e1 disponible 24\/7. Tenga la seguridad de que estaremos all\u00ed para darle la bienvenida, asegur\u00e1ndonos de que llegue a su destino r\u00e1pida y c\u00f3modamente, incluso durante las llegadas tarde por la noche o temprano por la ma\u00f1ana.<\/li>\n<li><strong>Veh\u00edculos limpios<\/strong> <strong>y<\/strong> <strong>desinfectados:<\/strong> Su seguridad y bienestar son nuestras principales prioridades. Limpiamos y desinfectamos meticulosamente nuestros veh\u00edculos despu\u00e9s de cada uso, proporcion\u00e1ndole un entorno limpio e higi\u00e9nico para su viaje.<\/li>\n<\/ul>\n<p>Experimente el ep\u00edtome de los viajes de lujo con el servicio de traslados de Tour Travel and More. Reserve ahora y eleve su experiencia de viaje entre Bari y N\u00e1poles. P\u00f3ngase en contacto con nosotros para reservar su traslado o para cualquier otra consulta.<\/p>\n","protected":false},"excerpt":{"rendered":"<p>Haga su llegada o salida de Bari libre de estr\u00e9s y de lujo con nuestro traslado privado de ida desde \/ hasta el aeropuerto a \/ desde el hotel en Bari, proporcionado exclusivamente por Tour Travel and More.<\/p>\n<p>&nbsp;<\/p>\n","protected":false},"featured_media":173389,"comment_status":"open","ping_status":"closed","template":"","meta":{"_acf_changed":false},"product_brand":[],"product_cat":[5068,5062,5073],"product_tag":[],"class_list":{"0":"post-173408","1":"product","2":"type-product","3":"status-publish","4":"has-post-thumbnail","6":"product_cat-all-private-tours-es","7":"product_cat-bari-es","8":"product_cat-private-sightseeing-tours-es","10":"first","11":"instock","12":"shipping-taxable","13":"purchasable","14":"product-type-simple"},"acf":[],"yoast_head":"<!-- This site is optimized with the Yoast SEO Premium plugin v25.3.1 (Yoast SEO v25.3.1) - https:\/\/yoast.com\/wordpress\/plugins\/seo\/ -->\n<title>Traslado privado de ida desde\/hacia el aeropuerto hasta\/desde el hotel en Bari<\/title>\n<meta name=\"description\" content=\"Llegue a su destino de forma segura con nuestro traslado privado de ida desde\/hacia Bari hacia\/desde N\u00e1poles. Puede comenzar su traslado en cualquier lugar de esta ciudad\u2705.\" \/>\n<meta name=\"robots\" content=\"index, follow, max-snippet:-1, max-image-preview:large, max-video-preview:-1\" \/>\n<link rel=\"canonical\" href=\"https:\/\/tourtravelandmore.com\/es\/tours\/italia-es\/bari-es\/traslado-privado-de-ida-desde-hacia-bari-hacia-desde-napoles-descripcion-copy\/\" \/>\n<meta property=\"og:locale\" content=\"es_ES\" \/>\n<meta property=\"og:type\" content=\"article\" \/>\n<meta property=\"og:title\" content=\"Traslado privado de ida desde\/hacia el aeropuerto hasta\/desde el hotel en Bari\" \/>\n<meta property=\"og:description\" content=\"Llegue a su destino de forma segura con nuestro traslado privado de ida desde\/hacia Bari hacia\/desde N\u00e1poles. Puede comenzar su traslado en cualquier lugar de esta ciudad\u2705.\" \/>\n<meta property=\"og:url\" content=\"https:\/\/tourtravelandmore.com\/es\/tours\/italia-es\/bari-es\/traslado-privado-de-ida-desde-hacia-bari-hacia-desde-napoles-descripcion-copy\/\" \/>\n<meta property=\"og:site_name\" content=\"Tour Travel And More\" \/>\n<meta property=\"article:publisher\" content=\"https:\/\/www.facebook.com\/tourtravelandmore\/\" \/>\n<meta property=\"article:modified_time\" content=\"2024-03-01T15:19:10+00:00\" \/>\n<meta property=\"og:image\" content=\"https:\/\/tourtravelandmore.com\/wp-content\/uploads\/2024\/03\/csm_airport-transfer_1_86c6f1c624.jpg\" \/>\n\t<meta property=\"og:image:width\" content=\"1920\" \/>\n\t<meta property=\"og:image:height\" content=\"1080\" \/>\n\t<meta property=\"og:image:type\" content=\"image\/jpeg\" \/>\n<meta name=\"twitter:card\" content=\"summary_large_image\" \/>\n<meta name=\"twitter:site\" content=\"@TourTravel_More\" \/>\n<meta name=\"twitter:label1\" content=\"Tiempo de lectura\" \/>\n\t<meta name=\"twitter:data1\" content=\"2 minutos\" \/>\n<script type=\"application\/ld+json\" class=\"yoast-schema-graph\">{\"@context\":\"https:\/\/schema.org\",\"@graph\":[{\"@type\":\"WebPage\",\"@id\":\"https:\/\/tourtravelandmore.com\/es\/tours\/italia-es\/bari-es\/traslado-privado-de-ida-desde-hacia-bari-hacia-desde-napoles-descripcion-copy\/\",\"url\":\"https:\/\/tourtravelandmore.com\/es\/tours\/italia-es\/bari-es\/traslado-privado-de-ida-desde-hacia-bari-hacia-desde-napoles-descripcion-copy\/\",\"name\":\"Traslado privado de ida desde\/hacia el aeropuerto hasta\/desde el hotel en Bari\",\"isPartOf\":{\"@id\":\"https:\/\/tourtravelandmore.com\/es\/#website\"},\"primaryImageOfPage\":{\"@id\":\"https:\/\/tourtravelandmore.com\/es\/tours\/italia-es\/bari-es\/traslado-privado-de-ida-desde-hacia-bari-hacia-desde-napoles-descripcion-copy\/#primaryimage\"},\"image\":{\"@id\":\"https:\/\/tourtravelandmore.com\/es\/tours\/italia-es\/bari-es\/traslado-privado-de-ida-desde-hacia-bari-hacia-desde-napoles-descripcion-copy\/#primaryimage\"},\"thumbnailUrl\":\"https:\/\/tourtravelandmore.com\/wp-content\/uploads\/2024\/03\/csm_airport-transfer_1_86c6f1c624.jpg\",\"datePublished\":\"2024-03-01T15:10:05+00:00\",\"dateModified\":\"2024-03-01T15:19:10+00:00\",\"description\":\"Llegue a su destino de forma segura con nuestro traslado privado de ida desde\/hacia Bari hacia\/desde N\u00e1poles. Puede comenzar su traslado en cualquier lugar de esta ciudad\u2705.\",\"breadcrumb\":{\"@id\":\"https:\/\/tourtravelandmore.com\/es\/tours\/italia-es\/bari-es\/traslado-privado-de-ida-desde-hacia-bari-hacia-desde-napoles-descripcion-copy\/#breadcrumb\"},\"inLanguage\":\"es\",\"potentialAction\":[{\"@type\":\"ReadAction\",\"target\":[\"https:\/\/tourtravelandmore.com\/es\/tours\/italia-es\/bari-es\/traslado-privado-de-ida-desde-hacia-bari-hacia-desde-napoles-descripcion-copy\/\"]}]},{\"@type\":\"ImageObject\",\"inLanguage\":\"es\",\"@id\":\"https:\/\/tourtravelandmore.com\/es\/tours\/italia-es\/bari-es\/traslado-privado-de-ida-desde-hacia-bari-hacia-desde-napoles-descripcion-copy\/#primaryimage\",\"url\":\"https:\/\/tourtravelandmore.com\/wp-content\/uploads\/2024\/03\/csm_airport-transfer_1_86c6f1c624.jpg\",\"contentUrl\":\"https:\/\/tourtravelandmore.com\/wp-content\/uploads\/2024\/03\/csm_airport-transfer_1_86c6f1c624.jpg\",\"width\":1920,\"height\":1080},{\"@type\":\"BreadcrumbList\",\"@id\":\"https:\/\/tourtravelandmore.com\/es\/tours\/italia-es\/bari-es\/traslado-privado-de-ida-desde-hacia-bari-hacia-desde-napoles-descripcion-copy\/#breadcrumb\",\"itemListElement\":[{\"@type\":\"ListItem\",\"position\":1,\"name\":\"Home\",\"item\":\"https:\/\/tourtravelandmore.com\/es\/\"},{\"@type\":\"ListItem\",\"position\":2,\"name\":\"Tours\",\"item\":\"https:\/\/tourtravelandmore.com\/es\/tours\/\"},{\"@type\":\"ListItem\",\"position\":3,\"name\":\"Traslado privado de ida desde\/hacia el aeropuerto hasta\/desde el hotel en Bari\"}]},{\"@type\":\"WebSite\",\"@id\":\"https:\/\/tourtravelandmore.com\/es\/#website\",\"url\":\"https:\/\/tourtravelandmore.com\/es\/\",\"name\":\"Tour Travel And More\",\"description\":\"Private sightseeing tours and luxury transfers in Spain\",\"publisher\":{\"@id\":\"https:\/\/tourtravelandmore.com\/es\/#organization\"},\"potentialAction\":[{\"@type\":\"SearchAction\",\"target\":{\"@type\":\"EntryPoint\",\"urlTemplate\":\"https:\/\/tourtravelandmore.com\/es\/?s={search_term_string}\"},\"query-input\":{\"@type\":\"PropertyValueSpecification\",\"valueRequired\":true,\"valueName\":\"search_term_string\"}}],\"inLanguage\":\"es\"},{\"@type\":\"Organization\",\"@id\":\"https:\/\/tourtravelandmore.com\/es\/#organization\",\"name\":\"Tour Travel And More\",\"url\":\"https:\/\/tourtravelandmore.com\/es\/\",\"logo\":{\"@type\":\"ImageObject\",\"inLanguage\":\"es\",\"@id\":\"https:\/\/tourtravelandmore.com\/es\/#\/schema\/logo\/image\/\",\"url\":\"https:\/\/tourtravelandmore.com\/wp-content\/uploads\/2022\/12\/cropped-logo-cabecera-new.png\",\"contentUrl\":\"https:\/\/tourtravelandmore.com\/wp-content\/uploads\/2022\/12\/cropped-logo-cabecera-new.png\",\"width\":430,\"height\":61,\"caption\":\"Tour Travel And More\"},\"image\":{\"@id\":\"https:\/\/tourtravelandmore.com\/es\/#\/schema\/logo\/image\/\"},\"sameAs\":[\"https:\/\/www.facebook.com\/tourtravelandmore\/\",\"https:\/\/x.com\/TourTravel_More\"]}]}<\/script>\n<!-- \/ Yoast SEO Premium plugin. -->","yoast_head_json":{"title":"Traslado privado de ida desde\/hacia el aeropuerto hasta\/desde el hotel en Bari","description":"Llegue a su destino de forma segura con nuestro traslado privado de ida desde\/hacia Bari hacia\/desde N\u00e1poles. Puede comenzar su traslado en cualquier lugar de esta ciudad\u2705.","robots":{"index":"index","follow":"follow","max-snippet":"max-snippet:-1","max-image-preview":"max-image-preview:large","max-video-preview":"max-video-preview:-1"},"canonical":"https:\/\/tourtravelandmore.com\/es\/tours\/italia-es\/bari-es\/traslado-privado-de-ida-desde-hacia-bari-hacia-desde-napoles-descripcion-copy\/","og_locale":"es_ES","og_type":"article","og_title":"Traslado privado de ida desde\/hacia el aeropuerto hasta\/desde el hotel en Bari","og_description":"Llegue a su destino de forma segura con nuestro traslado privado de ida desde\/hacia Bari hacia\/desde N\u00e1poles. Puede comenzar su traslado en cualquier lugar de esta ciudad\u2705.","og_url":"https:\/\/tourtravelandmore.com\/es\/tours\/italia-es\/bari-es\/traslado-privado-de-ida-desde-hacia-bari-hacia-desde-napoles-descripcion-copy\/","og_site_name":"Tour Travel And More","article_publisher":"https:\/\/www.facebook.com\/tourtravelandmore\/","article_modified_time":"2024-03-01T15:19:10+00:00","og_image":[{"width":1920,"height":1080,"url":"https:\/\/tourtravelandmore.com\/wp-content\/uploads\/2024\/03\/csm_airport-transfer_1_86c6f1c624.jpg","type":"image\/jpeg"}],"twitter_card":"summary_large_image","twitter_site":"@TourTravel_More","twitter_misc":{"Tiempo de lectura":"2 minutos"},"schema":{"@context":"https:\/\/schema.org","@graph":[{"@type":"WebPage","@id":"https:\/\/tourtravelandmore.com\/es\/tours\/italia-es\/bari-es\/traslado-privado-de-ida-desde-hacia-bari-hacia-desde-napoles-descripcion-copy\/","url":"https:\/\/tourtravelandmore.com\/es\/tours\/italia-es\/bari-es\/traslado-privado-de-ida-desde-hacia-bari-hacia-desde-napoles-descripcion-copy\/","name":"Traslado privado de ida desde\/hacia el aeropuerto hasta\/desde el hotel en Bari","isPartOf":{"@id":"https:\/\/tourtravelandmore.com\/es\/#website"},"primaryImageOfPage":{"@id":"https:\/\/tourtravelandmore.com\/es\/tours\/italia-es\/bari-es\/traslado-privado-de-ida-desde-hacia-bari-hacia-desde-napoles-descripcion-copy\/#primaryimage"},"image":{"@id":"https:\/\/tourtravelandmore.com\/es\/tours\/italia-es\/bari-es\/traslado-privado-de-ida-desde-hacia-bari-hacia-desde-napoles-descripcion-copy\/#primaryimage"},"thumbnailUrl":"https:\/\/tourtravelandmore.com\/wp-content\/uploads\/2024\/03\/csm_airport-transfer_1_86c6f1c624.jpg","datePublished":"2024-03-01T15:10:05+00:00","dateModified":"2024-03-01T15:19:10+00:00","description":"Llegue a su destino de forma segura con nuestro traslado privado de ida desde\/hacia Bari hacia\/desde N\u00e1poles. Puede comenzar su traslado en cualquier lugar de esta ciudad\u2705.","breadcrumb":{"@id":"https:\/\/tourtravelandmore.com\/es\/tours\/italia-es\/bari-es\/traslado-privado-de-ida-desde-hacia-bari-hacia-desde-napoles-descripcion-copy\/#breadcrumb"},"inLanguage":"es","potentialAction":[{"@type":"ReadAction","target":["https:\/\/tourtravelandmore.com\/es\/tours\/italia-es\/bari-es\/traslado-privado-de-ida-desde-hacia-bari-hacia-desde-napoles-descripcion-copy\/"]}]},{"@type":"ImageObject","inLanguage":"es","@id":"https:\/\/tourtravelandmore.com\/es\/tours\/italia-es\/bari-es\/traslado-privado-de-ida-desde-hacia-bari-hacia-desde-napoles-descripcion-copy\/#primaryimage","url":"https:\/\/tourtravelandmore.com\/wp-content\/uploads\/2024\/03\/csm_airport-transfer_1_86c6f1c624.jpg","contentUrl":"https:\/\/tourtravelandmore.com\/wp-content\/uploads\/2024\/03\/csm_airport-transfer_1_86c6f1c624.jpg","width":1920,"height":1080},{"@type":"BreadcrumbList","@id":"https:\/\/tourtravelandmore.com\/es\/tours\/italia-es\/bari-es\/traslado-privado-de-ida-desde-hacia-bari-hacia-desde-napoles-descripcion-copy\/#breadcrumb","itemListElement":[{"@type":"ListItem","position":1,"name":"Home","item":"https:\/\/tourtravelandmore.com\/es\/"},{"@type":"ListItem","position":2,"name":"Tours","item":"https:\/\/tourtravelandmore.com\/es\/tours\/"},{"@type":"ListItem","position":3,"name":"Traslado privado de ida desde\/hacia el aeropuerto hasta\/desde el hotel en Bari"}]},{"@type":"WebSite","@id":"https:\/\/tourtravelandmore.com\/es\/#website","url":"https:\/\/tourtravelandmore.com\/es\/","name":"Tour Travel And More","description":"Private sightseeing tours and luxury transfers in Spain","publisher":{"@id":"https:\/\/tourtravelandmore.com\/es\/#organization"},"potentialAction":[{"@type":"SearchAction","target":{"@type":"EntryPoint","urlTemplate":"https:\/\/tourtravelandmore.com\/es\/?s={search_term_string}"},"query-input":{"@type":"PropertyValueSpecification","valueRequired":true,"valueName":"search_term_string"}}],"inLanguage":"es"},{"@type":"Organization","@id":"https:\/\/tourtravelandmore.com\/es\/#organization","name":"Tour Travel And More","url":"https:\/\/tourtravelandmore.com\/es\/","logo":{"@type":"ImageObject","inLanguage":"es","@id":"https:\/\/tourtravelandmore.com\/es\/#\/schema\/logo\/image\/","url":"https:\/\/tourtravelandmore.com\/wp-content\/uploads\/2022\/12\/cropped-logo-cabecera-new.png","contentUrl":"https:\/\/tourtravelandmore.com\/wp-content\/uploads\/2022\/12\/cropped-logo-cabecera-new.png","width":430,"height":61,"caption":"Tour Travel And More"},"image":{"@id":"https:\/\/tourtravelandmore.com\/es\/#\/schema\/logo\/image\/"},"sameAs":["https:\/\/www.facebook.com\/tourtravelandmore\/","https:\/\/x.com\/TourTravel_More"]}]}},"_links":{"self":[{"href":"https:\/\/tourtravelandmore.com\/es\/wp-json\/wp\/v2\/product\/173408","targetHints":{"allow":["GET"]}}],"collection":[{"href":"https:\/\/tourtravelandmore.com\/es\/wp-json\/wp\/v2\/product"}],"about":[{"href":"https:\/\/tourtravelandmore.com\/es\/wp-json\/wp\/v2\/types\/product"}],"replies":[{"embeddable":true,"href":"https:\/\/tourtravelandmore.com\/es\/wp-json\/wp\/v2\/comments?post=173408"}],"wp:featuredmedia":[{"embeddable":true,"href":"https:\/\/tourtravelandmore.com\/es\/wp-json\/wp\/v2\/media\/173389"}],"wp:attachment":[{"href":"https:\/\/tourtravelandmore.com\/es\/wp-json\/wp\/v2\/media?parent=173408"}],"wp:term":[{"taxonomy":"product_brand","embeddable":true,"href":"https:\/\/tourtravelandmore.com\/es\/wp-json\/wp\/v2\/product_brand?post=173408"},{"taxonomy":"product_cat","embeddable":true,"href":"https:\/\/tourtravelandmore.com\/es\/wp-json\/wp\/v2\/product_cat?post=173408"},{"taxonomy":"product_tag","embeddable":true,"href":"https:\/\/tourtravelandmore.com\/es\/wp-json\/wp\/v2\/product_tag?post=173408"}],"curies":[{"name":"wp","href":"https:\/\/api.w.org\/{rel}","templated":true}]}}