{"id":173279,"date":"2024-03-01T15:17:35","date_gmt":"2024-03-01T14:17:35","guid":{"rendered":"https:\/\/tourtravelandmore.com\/?post_type=product&#038;p=173279"},"modified":"2024-03-01T15:27:54","modified_gmt":"2024-03-01T14:27:54","slug":"tour-privado-a-alberobello-martina-franca-y-locorotondo-desde-bari-copy","status":"publish","type":"product","link":"https:\/\/tourtravelandmore.com\/es\/tours\/italia-es\/bari-es\/tour-privado-a-alberobello-martina-franca-y-locorotondo-desde-bari-copy\/","title":{"rendered":"Tour Privado de Lecce y Otranto desde el Hotel o Terminal de Cruceros de Bari"},"content":{"rendered":"<h2>Descripci\u00f3n Tour Privado de Lecce y Otranto desde el Hotel o Terminal de Cruceros de Bari<\/h2>\n<p>Emb\u00e1rquese en un cautivador viaje por las encantadoras ciudades de Lecce y Otranto con nuestro exclusivo tour privado con salida desde su hotel o terminal de cruceros de Bari. Descubra la rica historia, los tesoros culturales y los impresionantes paisajes de estas joyas del sur de Italia acompa\u00f1ado por un gu\u00eda experto y un c\u00f3modo transporte durante una excursi\u00f3n completa de 8 horas.<\/p>\n<p>Experimente la magia de Lecce y Otranto en una inolvidable excursi\u00f3n privada, dise\u00f1ada para ofrecerle una exploraci\u00f3n enriquecedora y personalizada de estos encantadores destinos italianos. Reserve ahora y emb\u00e1rquese en un viaje lleno de historia, cultura y belleza paisaj\u00edstica.<\/p>\n<p>Emb\u00e1rquese en esta emocionante aventura y descubra los secretos mejor guardados de Lecce y Otranto con nuestro exclusivo tour privado.<\/p>\n<p>Para m\u00e1s detalles y reservas, visite nuestro sitio web o p\u00f3ngase en contacto con nosotros directamente. Estaremos encantados de acompa\u00f1arle en este viaje inolvidable.<\/p>\n<h2>Puntos de inter\u00e9s y monumentos<\/h2>\n<p>Su tour comienza con una c\u00f3moda recogida en su hotel de Bari o en la terminal de cruceros. Su gu\u00eda experto le recoger\u00e1 en su hotel de Bari o en la terminal de cruceros a la hora indicada.<\/p>\n<p>Explore la belleza barroca de Lecce, conocida como la &#8220;Florencia del Sur&#8221;, famosa por su intrincada arquitectura, sus sinuosas calles y sus animadas plazas. Sum\u00e9rjase en el rico patrimonio cultural de Lecce mientras su experto gu\u00eda le desvela su fascinante historia, desde los antiguos or\u00edgenes romanos hasta su vibrante presente. Admire desde el exterior las ornamentadas fachadas de los famosos monumentos de Lecce, como la Bas\u00edlica de Santa Croce, la Piazza del Duomo y el anfiteatro romano.<\/p>\n<p>Viaje a la ciudad costera de Otranto, donde las aguas azules del mar Adri\u00e1tico se encuentran con los escarpados acantilados, ofreciendo impresionantes vistas panor\u00e1micas. Pasee por las estrechas callejuelas del centro hist\u00f3rico de Otranto, marav\u00edllese con su arquitectura medieval y visite la impresionante catedral con su extraordinario suelo de mosaico.<\/p>\n<p>Disfrute de la flexibilidad de un recorrido privado adaptado a sus intereses, con la libertad de detenerse en las atracciones, hacer fotos y explorar a su propio ritmo. Rel\u00e1jese y descanse mientras viaja con comodidad y estilo con un coche privado y un conductor a su disposici\u00f3n durante toda la excursi\u00f3n de 8 horas.<\/p>\n","protected":false},"excerpt":{"rendered":"<p>Emb\u00e1rquese en un cautivador viaje por las encantadoras ciudades de Lecce y Otranto con nuestro exclusivo tour privado con salida desde su hotel o terminal de cruceros de Bari. Descubra la rica historia, los tesoros culturales y los impresionantes paisajes de estas joyas del sur de Italia acompa\u00f1ado por un gu\u00eda experto y un c\u00f3modo transporte durante una excursi\u00f3n completa de 8 horas.<\/p>\n<p>&nbsp;<\/p>\n","protected":false},"featured_media":173316,"comment_status":"open","ping_status":"closed","template":"","meta":{"_acf_changed":false},"product_brand":[],"product_cat":[5068,5062,5069],"product_tag":[],"class_list":{"0":"post-173279","1":"product","2":"type-product","3":"status-publish","4":"has-post-thumbnail","6":"product_cat-all-private-tours-es","7":"product_cat-bari-es","8":"product_cat-private-walking-tour-es","10":"first","11":"instock","12":"shipping-taxable","13":"purchasable","14":"product-type-simple"},"acf":[],"yoast_head":"<!-- This site is optimized with the Yoast SEO Premium plugin v25.3.1 (Yoast SEO v25.3.1) - https:\/\/yoast.com\/wordpress\/plugins\/seo\/ -->\n<title>Tour Privado de Lecce y Otranto desde desde Bari | TTM<\/title>\n<meta name=\"description\" content=\"\u00a1Tour Privado de Lecce y Otranto desde el Hotel o Terminal de Cruceros de Bari! Disfr\u00fatalo con tu gu\u00eda tur\u00edstico en este exclusivo tour privado desde Bari. \u2705\" \/>\n<meta name=\"robots\" content=\"index, follow, max-snippet:-1, max-image-preview:large, max-video-preview:-1\" \/>\n<link rel=\"canonical\" href=\"https:\/\/tourtravelandmore.com\/es\/tours\/italia-es\/bari-es\/tour-privado-a-alberobello-martina-franca-y-locorotondo-desde-bari-copy\/\" \/>\n<meta property=\"og:locale\" content=\"es_ES\" \/>\n<meta property=\"og:type\" content=\"article\" \/>\n<meta property=\"og:title\" content=\"Tour Privado de Lecce y Otranto desde el Hotel o Terminal de Cruceros de Bari\" \/>\n<meta property=\"og:description\" content=\"\u00a1Tour Privado de Lecce y Otranto desde el Hotel o Terminal de Cruceros de Bari! Disfr\u00fatalo con tu gu\u00eda tur\u00edstico en este exclusivo tour privado desde Bari. \u2705\" \/>\n<meta property=\"og:url\" content=\"https:\/\/tourtravelandmore.com\/es\/tours\/italia-es\/bari-es\/tour-privado-a-alberobello-martina-franca-y-locorotondo-desde-bari-copy\/\" \/>\n<meta property=\"og:site_name\" content=\"Tour Travel And More\" \/>\n<meta property=\"article:publisher\" content=\"https:\/\/www.facebook.com\/tourtravelandmore\/\" \/>\n<meta property=\"article:modified_time\" content=\"2024-03-01T14:27:54+00:00\" \/>\n<meta property=\"og:image\" content=\"https:\/\/tourtravelandmore.com\/wp-content\/uploads\/2024\/03\/pexels-slimmars-14876248.jpg\" \/>\n\t<meta property=\"og:image:width\" content=\"1920\" \/>\n\t<meta property=\"og:image:height\" content=\"1080\" \/>\n\t<meta property=\"og:image:type\" content=\"image\/jpeg\" \/>\n<meta name=\"twitter:card\" content=\"summary_large_image\" \/>\n<meta name=\"twitter:site\" content=\"@TourTravel_More\" \/>\n<meta name=\"twitter:label1\" content=\"Tiempo de lectura\" \/>\n\t<meta name=\"twitter:data1\" content=\"2 minutos\" \/>\n<script type=\"application\/ld+json\" class=\"yoast-schema-graph\">{\"@context\":\"https:\/\/schema.org\",\"@graph\":[{\"@type\":\"WebPage\",\"@id\":\"https:\/\/tourtravelandmore.com\/es\/tours\/italia-es\/bari-es\/tour-privado-a-alberobello-martina-franca-y-locorotondo-desde-bari-copy\/\",\"url\":\"https:\/\/tourtravelandmore.com\/es\/tours\/italia-es\/bari-es\/tour-privado-a-alberobello-martina-franca-y-locorotondo-desde-bari-copy\/\",\"name\":\"Tour Privado de Lecce y Otranto desde desde Bari | TTM\",\"isPartOf\":{\"@id\":\"https:\/\/tourtravelandmore.com\/es\/#website\"},\"primaryImageOfPage\":{\"@id\":\"https:\/\/tourtravelandmore.com\/es\/tours\/italia-es\/bari-es\/tour-privado-a-alberobello-martina-franca-y-locorotondo-desde-bari-copy\/#primaryimage\"},\"image\":{\"@id\":\"https:\/\/tourtravelandmore.com\/es\/tours\/italia-es\/bari-es\/tour-privado-a-alberobello-martina-franca-y-locorotondo-desde-bari-copy\/#primaryimage\"},\"thumbnailUrl\":\"https:\/\/tourtravelandmore.com\/wp-content\/uploads\/2024\/03\/pexels-slimmars-14876248.jpg\",\"datePublished\":\"2024-03-01T14:17:35+00:00\",\"dateModified\":\"2024-03-01T14:27:54+00:00\",\"description\":\"\u00a1Tour Privado de Lecce y Otranto desde el Hotel o Terminal de Cruceros de Bari! Disfr\u00fatalo con tu gu\u00eda tur\u00edstico en este exclusivo tour privado desde Bari. \u2705\",\"breadcrumb\":{\"@id\":\"https:\/\/tourtravelandmore.com\/es\/tours\/italia-es\/bari-es\/tour-privado-a-alberobello-martina-franca-y-locorotondo-desde-bari-copy\/#breadcrumb\"},\"inLanguage\":\"es\",\"potentialAction\":[{\"@type\":\"ReadAction\",\"target\":[\"https:\/\/tourtravelandmore.com\/es\/tours\/italia-es\/bari-es\/tour-privado-a-alberobello-martina-franca-y-locorotondo-desde-bari-copy\/\"]}]},{\"@type\":\"ImageObject\",\"inLanguage\":\"es\",\"@id\":\"https:\/\/tourtravelandmore.com\/es\/tours\/italia-es\/bari-es\/tour-privado-a-alberobello-martina-franca-y-locorotondo-desde-bari-copy\/#primaryimage\",\"url\":\"https:\/\/tourtravelandmore.com\/wp-content\/uploads\/2024\/03\/pexels-slimmars-14876248.jpg\",\"contentUrl\":\"https:\/\/tourtravelandmore.com\/wp-content\/uploads\/2024\/03\/pexels-slimmars-14876248.jpg\",\"width\":1920,\"height\":1080},{\"@type\":\"BreadcrumbList\",\"@id\":\"https:\/\/tourtravelandmore.com\/es\/tours\/italia-es\/bari-es\/tour-privado-a-alberobello-martina-franca-y-locorotondo-desde-bari-copy\/#breadcrumb\",\"itemListElement\":[{\"@type\":\"ListItem\",\"position\":1,\"name\":\"Home\",\"item\":\"https:\/\/tourtravelandmore.com\/es\/\"},{\"@type\":\"ListItem\",\"position\":2,\"name\":\"Tours\",\"item\":\"https:\/\/tourtravelandmore.com\/es\/tours\/\"},{\"@type\":\"ListItem\",\"position\":3,\"name\":\"Tour Privado de Lecce y Otranto desde el Hotel o Terminal de Cruceros de Bari\"}]},{\"@type\":\"WebSite\",\"@id\":\"https:\/\/tourtravelandmore.com\/es\/#website\",\"url\":\"https:\/\/tourtravelandmore.com\/es\/\",\"name\":\"Tour Travel And More\",\"description\":\"Private sightseeing tours and luxury transfers in Spain\",\"publisher\":{\"@id\":\"https:\/\/tourtravelandmore.com\/es\/#organization\"},\"potentialAction\":[{\"@type\":\"SearchAction\",\"target\":{\"@type\":\"EntryPoint\",\"urlTemplate\":\"https:\/\/tourtravelandmore.com\/es\/?s={search_term_string}\"},\"query-input\":{\"@type\":\"PropertyValueSpecification\",\"valueRequired\":true,\"valueName\":\"search_term_string\"}}],\"inLanguage\":\"es\"},{\"@type\":\"Organization\",\"@id\":\"https:\/\/tourtravelandmore.com\/es\/#organization\",\"name\":\"Tour Travel And More\",\"url\":\"https:\/\/tourtravelandmore.com\/es\/\",\"logo\":{\"@type\":\"ImageObject\",\"inLanguage\":\"es\",\"@id\":\"https:\/\/tourtravelandmore.com\/es\/#\/schema\/logo\/image\/\",\"url\":\"https:\/\/tourtravelandmore.com\/wp-content\/uploads\/2022\/12\/cropped-logo-cabecera-new.png\",\"contentUrl\":\"https:\/\/tourtravelandmore.com\/wp-content\/uploads\/2022\/12\/cropped-logo-cabecera-new.png\",\"width\":430,\"height\":61,\"caption\":\"Tour Travel And More\"},\"image\":{\"@id\":\"https:\/\/tourtravelandmore.com\/es\/#\/schema\/logo\/image\/\"},\"sameAs\":[\"https:\/\/www.facebook.com\/tourtravelandmore\/\",\"https:\/\/x.com\/TourTravel_More\"]}]}<\/script>\n<!-- \/ Yoast SEO Premium plugin. -->","yoast_head_json":{"title":"Tour Privado de Lecce y Otranto desde desde Bari | TTM","description":"\u00a1Tour Privado de Lecce y Otranto desde el Hotel o Terminal de Cruceros de Bari! Disfr\u00fatalo con tu gu\u00eda tur\u00edstico en este exclusivo tour privado desde Bari. \u2705","robots":{"index":"index","follow":"follow","max-snippet":"max-snippet:-1","max-image-preview":"max-image-preview:large","max-video-preview":"max-video-preview:-1"},"canonical":"https:\/\/tourtravelandmore.com\/es\/tours\/italia-es\/bari-es\/tour-privado-a-alberobello-martina-franca-y-locorotondo-desde-bari-copy\/","og_locale":"es_ES","og_type":"article","og_title":"Tour Privado de Lecce y Otranto desde el Hotel o Terminal de Cruceros de Bari","og_description":"\u00a1Tour Privado de Lecce y Otranto desde el Hotel o Terminal de Cruceros de Bari! Disfr\u00fatalo con tu gu\u00eda tur\u00edstico en este exclusivo tour privado desde Bari. \u2705","og_url":"https:\/\/tourtravelandmore.com\/es\/tours\/italia-es\/bari-es\/tour-privado-a-alberobello-martina-franca-y-locorotondo-desde-bari-copy\/","og_site_name":"Tour Travel And More","article_publisher":"https:\/\/www.facebook.com\/tourtravelandmore\/","article_modified_time":"2024-03-01T14:27:54+00:00","og_image":[{"width":1920,"height":1080,"url":"https:\/\/tourtravelandmore.com\/wp-content\/uploads\/2024\/03\/pexels-slimmars-14876248.jpg","type":"image\/jpeg"}],"twitter_card":"summary_large_image","twitter_site":"@TourTravel_More","twitter_misc":{"Tiempo de lectura":"2 minutos"},"schema":{"@context":"https:\/\/schema.org","@graph":[{"@type":"WebPage","@id":"https:\/\/tourtravelandmore.com\/es\/tours\/italia-es\/bari-es\/tour-privado-a-alberobello-martina-franca-y-locorotondo-desde-bari-copy\/","url":"https:\/\/tourtravelandmore.com\/es\/tours\/italia-es\/bari-es\/tour-privado-a-alberobello-martina-franca-y-locorotondo-desde-bari-copy\/","name":"Tour Privado de Lecce y Otranto desde desde Bari | TTM","isPartOf":{"@id":"https:\/\/tourtravelandmore.com\/es\/#website"},"primaryImageOfPage":{"@id":"https:\/\/tourtravelandmore.com\/es\/tours\/italia-es\/bari-es\/tour-privado-a-alberobello-martina-franca-y-locorotondo-desde-bari-copy\/#primaryimage"},"image":{"@id":"https:\/\/tourtravelandmore.com\/es\/tours\/italia-es\/bari-es\/tour-privado-a-alberobello-martina-franca-y-locorotondo-desde-bari-copy\/#primaryimage"},"thumbnailUrl":"https:\/\/tourtravelandmore.com\/wp-content\/uploads\/2024\/03\/pexels-slimmars-14876248.jpg","datePublished":"2024-03-01T14:17:35+00:00","dateModified":"2024-03-01T14:27:54+00:00","description":"\u00a1Tour Privado de Lecce y Otranto desde el Hotel o Terminal de Cruceros de Bari! Disfr\u00fatalo con tu gu\u00eda tur\u00edstico en este exclusivo tour privado desde Bari. \u2705","breadcrumb":{"@id":"https:\/\/tourtravelandmore.com\/es\/tours\/italia-es\/bari-es\/tour-privado-a-alberobello-martina-franca-y-locorotondo-desde-bari-copy\/#breadcrumb"},"inLanguage":"es","potentialAction":[{"@type":"ReadAction","target":["https:\/\/tourtravelandmore.com\/es\/tours\/italia-es\/bari-es\/tour-privado-a-alberobello-martina-franca-y-locorotondo-desde-bari-copy\/"]}]},{"@type":"ImageObject","inLanguage":"es","@id":"https:\/\/tourtravelandmore.com\/es\/tours\/italia-es\/bari-es\/tour-privado-a-alberobello-martina-franca-y-locorotondo-desde-bari-copy\/#primaryimage","url":"https:\/\/tourtravelandmore.com\/wp-content\/uploads\/2024\/03\/pexels-slimmars-14876248.jpg","contentUrl":"https:\/\/tourtravelandmore.com\/wp-content\/uploads\/2024\/03\/pexels-slimmars-14876248.jpg","width":1920,"height":1080},{"@type":"BreadcrumbList","@id":"https:\/\/tourtravelandmore.com\/es\/tours\/italia-es\/bari-es\/tour-privado-a-alberobello-martina-franca-y-locorotondo-desde-bari-copy\/#breadcrumb","itemListElement":[{"@type":"ListItem","position":1,"name":"Home","item":"https:\/\/tourtravelandmore.com\/es\/"},{"@type":"ListItem","position":2,"name":"Tours","item":"https:\/\/tourtravelandmore.com\/es\/tours\/"},{"@type":"ListItem","position":3,"name":"Tour Privado de Lecce y Otranto desde el Hotel o Terminal de Cruceros de Bari"}]},{"@type":"WebSite","@id":"https:\/\/tourtravelandmore.com\/es\/#website","url":"https:\/\/tourtravelandmore.com\/es\/","name":"Tour Travel And More","description":"Private sightseeing tours and luxury transfers in Spain","publisher":{"@id":"https:\/\/tourtravelandmore.com\/es\/#organization"},"potentialAction":[{"@type":"SearchAction","target":{"@type":"EntryPoint","urlTemplate":"https:\/\/tourtravelandmore.com\/es\/?s={search_term_string}"},"query-input":{"@type":"PropertyValueSpecification","valueRequired":true,"valueName":"search_term_string"}}],"inLanguage":"es"},{"@type":"Organization","@id":"https:\/\/tourtravelandmore.com\/es\/#organization","name":"Tour Travel And More","url":"https:\/\/tourtravelandmore.com\/es\/","logo":{"@type":"ImageObject","inLanguage":"es","@id":"https:\/\/tourtravelandmore.com\/es\/#\/schema\/logo\/image\/","url":"https:\/\/tourtravelandmore.com\/wp-content\/uploads\/2022\/12\/cropped-logo-cabecera-new.png","contentUrl":"https:\/\/tourtravelandmore.com\/wp-content\/uploads\/2022\/12\/cropped-logo-cabecera-new.png","width":430,"height":61,"caption":"Tour Travel And More"},"image":{"@id":"https:\/\/tourtravelandmore.com\/es\/#\/schema\/logo\/image\/"},"sameAs":["https:\/\/www.facebook.com\/tourtravelandmore\/","https:\/\/x.com\/TourTravel_More"]}]}},"_links":{"self":[{"href":"https:\/\/tourtravelandmore.com\/es\/wp-json\/wp\/v2\/product\/173279","targetHints":{"allow":["GET"]}}],"collection":[{"href":"https:\/\/tourtravelandmore.com\/es\/wp-json\/wp\/v2\/product"}],"about":[{"href":"https:\/\/tourtravelandmore.com\/es\/wp-json\/wp\/v2\/types\/product"}],"replies":[{"embeddable":true,"href":"https:\/\/tourtravelandmore.com\/es\/wp-json\/wp\/v2\/comments?post=173279"}],"wp:featuredmedia":[{"embeddable":true,"href":"https:\/\/tourtravelandmore.com\/es\/wp-json\/wp\/v2\/media\/173316"}],"wp:attachment":[{"href":"https:\/\/tourtravelandmore.com\/es\/wp-json\/wp\/v2\/media?parent=173279"}],"wp:term":[{"taxonomy":"product_brand","embeddable":true,"href":"https:\/\/tourtravelandmore.com\/es\/wp-json\/wp\/v2\/product_brand?post=173279"},{"taxonomy":"product_cat","embeddable":true,"href":"https:\/\/tourtravelandmore.com\/es\/wp-json\/wp\/v2\/product_cat?post=173279"},{"taxonomy":"product_tag","embeddable":true,"href":"https:\/\/tourtravelandmore.com\/es\/wp-json\/wp\/v2\/product_tag?post=173279"}],"curies":[{"name":"wp","href":"https:\/\/api.w.org\/{rel}","templated":true}]}}