{"id":173238,"date":"2024-03-01T14:27:44","date_gmt":"2024-03-01T13:27:45","guid":{"rendered":"https:\/\/tourtravelandmore.com\/?post_type=product&#038;p=173238"},"modified":"2024-03-01T15:17:23","modified_gmt":"2024-03-01T14:17:23","slug":"tour-privado-a-matera-y-altamura-desde-bari-hotel-o-terminal-de-cruceros-copy","status":"publish","type":"product","link":"https:\/\/tourtravelandmore.com\/es\/tours\/italia-es\/bari-es\/tour-privado-a-matera-y-altamura-desde-bari-hotel-o-terminal-de-cruceros-copy\/","title":{"rendered":"Tour privado a Alberobello, Martina Franca y Locorotondo desde Bari"},"content":{"rendered":"<h2>Descripci\u00f3n Tour privado a Alberobello, Martina Franca y Locorotondo desde Bari<\/h2>\n<p>Emb\u00e1rquese en un viaje cautivador por los pintorescos paisajes de Apulia. Nuestra excursi\u00f3n de d\u00eda completo a Alberobello, Martina Franca y Locorotondo desde Bari es la mejor opci\u00f3n. Descubra las singulares casas trulli, la arquitectura barroca y las sinuosas calles que definen la esencia de estas encantadoras localidades italianas.<\/p>\n<p>Acomp\u00e1\u00f1enos en esta cautivadora excursi\u00f3n y descubra los tesoros de Alberobello, Martina Franca y Locorotondo mientras se adentra en el coraz\u00f3n del patrimonio cultural y arquitect\u00f3nico de Apulia. Reserve ya su aventura y cree recuerdos imborrables en la encantadora campi\u00f1a italiana. Este viaje privado promete una exploraci\u00f3n inolvidable de las joyas ocultas de Italia.<\/p>\n<p>Emb\u00e1rquese en esta emocionante aventura y descubra los secretos mejor guardados de Alberobello, Martina Franca y Locorotondo con nuestro exclusivo tour privado.<\/p>\n<p>Para m\u00e1s detalles y reservas, visite nuestro sitio web o p\u00f3ngase en contacto con nosotros directamente. Estaremos encantados de acompa\u00f1arle en este viaje inolvidable.<\/p>\n<h2>Puntos de inter\u00e9s<\/h2>\n<p>Su excursi\u00f3n comienza con una c\u00f3moda recogida en su hotel de Bari o en la terminal de cruceros. Su gu\u00eda experto le recoger\u00e1 en su hotel de Bari o en la terminal de cruceros a la hora indicada.<\/p>\n<p>Ad\u00e9ntrese en el encantador mundo de Alberobello, declarado Patrimonio de la Humanidad por la UNESCO y famoso por sus caracter\u00edsticas casas trullo. Pasee por las laber\u00ednticas calles bordeadas de estas tradicionales viviendas de piedra caliza, cada una con su tejado c\u00f3nico que crea un ambiente caprichoso. Podr\u00e1 ver lugares como Trulli District, Trullo Sovrano y Rione Aia Piccola.<\/p>\n<p>A continuaci\u00f3n, sum\u00e9rjase en el esplendor barroco de Martina Franca. Pasee por sus elegantes plazas adornadas con fachadas ornamentadas y marav\u00edllese ante joyas arquitect\u00f3nicas como la Bas\u00edlica di San Martino y el PalazzoDucale. Vis\u00edtelos por fuera. Pi\u00e9rdase en la vibrante atm\u00f3sfera de esta encantadora ciudad.<\/p>\n<p>Concluya su viaje en la encantadora localidad de Locorotondo, situada en lo alto de una colina y conocida por sus casas encaladas y sus vistas panor\u00e1micas de la campi\u00f1a circundante. Tambi\u00e9n puede visitar lugares como la Chiesa Madre di San Giorgio o el Belvedere Santa Maria della Greca. Explore sus estrechas callejuelas adornadas con flores de colores y emp\u00e1pese del ambiente sereno de esta joya escondida.<\/p>\n<p>Tras un d\u00eda entero de exploraci\u00f3n, rel\u00e1jese mientras le llevamos de vuelta a su hotel en Bari o a la terminal de cruceros, donde podr\u00e1 rememorar su inolvidable viaje por la belleza intemporal de Apulia.<\/p>\n","protected":false},"excerpt":{"rendered":"<p>Emb\u00e1rquese en un viaje cautivador por los pintorescos paisajes de Apulia. Nuestra excursi\u00f3n de d\u00eda completo a Alberobello, Martina Franca y Locorotondo desde Bari es la mejor opci\u00f3n. Descubra las singulares casas trulli, la arquitectura barroca y las sinuosas calles que definen la esencia de estas encantadoras localidades italianas.<\/p>\n<p>&nbsp;<\/p>\n","protected":false},"featured_media":173261,"comment_status":"open","ping_status":"closed","template":"","meta":{"_acf_changed":false},"product_brand":[],"product_cat":[5068,5062,5069],"product_tag":[],"class_list":{"0":"post-173238","1":"product","2":"type-product","3":"status-publish","4":"has-post-thumbnail","6":"product_cat-all-private-tours-es","7":"product_cat-bari-es","8":"product_cat-private-walking-tour-es","10":"first","11":"instock","12":"shipping-taxable","13":"purchasable","14":"product-type-simple"},"acf":[],"yoast_head":"<!-- This site is optimized with the Yoast SEO Premium plugin v25.3.1 (Yoast SEO v25.3.1) - https:\/\/yoast.com\/wordpress\/plugins\/seo\/ -->\n<title>Tour privado a Alberobello, Martina Franca y Locorotondo desde Bari | TTM<\/title>\n<meta name=\"description\" content=\"\u00a1Tour Privado a Alberobello Martina Franca y Locorotondo! Disfr\u00fatalo con tu gu\u00eda tur\u00edstico en este exclusivo tour privado desde Bari. \u2705\" \/>\n<meta name=\"robots\" content=\"index, follow, max-snippet:-1, max-image-preview:large, max-video-preview:-1\" \/>\n<link rel=\"canonical\" href=\"https:\/\/tourtravelandmore.com\/es\/tours\/italia-es\/bari-es\/tour-privado-a-matera-y-altamura-desde-bari-hotel-o-terminal-de-cruceros-copy\/\" \/>\n<meta property=\"og:locale\" content=\"es_ES\" \/>\n<meta property=\"og:type\" content=\"article\" \/>\n<meta property=\"og:title\" content=\"Tour privado a Alberobello, Martina Franca y Locorotondo desde Bari\" \/>\n<meta property=\"og:description\" content=\"\u00a1Tour Privado a Alberobello Martina Franca y Locorotondo! Disfr\u00fatalo con tu gu\u00eda tur\u00edstico en este exclusivo tour privado desde Bari. \u2705\" \/>\n<meta property=\"og:url\" content=\"https:\/\/tourtravelandmore.com\/es\/tours\/italia-es\/bari-es\/tour-privado-a-matera-y-altamura-desde-bari-hotel-o-terminal-de-cruceros-copy\/\" \/>\n<meta property=\"og:site_name\" content=\"Tour Travel And More\" \/>\n<meta property=\"article:publisher\" content=\"https:\/\/www.facebook.com\/tourtravelandmore\/\" \/>\n<meta property=\"article:modified_time\" content=\"2024-03-01T14:17:23+00:00\" \/>\n<meta property=\"og:image\" content=\"https:\/\/tourtravelandmore.com\/wp-content\/uploads\/2024\/03\/locorotondo-4714220_1280.jpg\" \/>\n\t<meta property=\"og:image:width\" content=\"1280\" \/>\n\t<meta property=\"og:image:height\" content=\"848\" \/>\n\t<meta property=\"og:image:type\" content=\"image\/jpeg\" \/>\n<meta name=\"twitter:card\" content=\"summary_large_image\" \/>\n<meta name=\"twitter:site\" content=\"@TourTravel_More\" \/>\n<meta name=\"twitter:label1\" content=\"Tiempo de lectura\" \/>\n\t<meta name=\"twitter:data1\" content=\"2 minutos\" \/>\n<script type=\"application\/ld+json\" class=\"yoast-schema-graph\">{\"@context\":\"https:\/\/schema.org\",\"@graph\":[{\"@type\":\"WebPage\",\"@id\":\"https:\/\/tourtravelandmore.com\/es\/tours\/italia-es\/bari-es\/tour-privado-a-matera-y-altamura-desde-bari-hotel-o-terminal-de-cruceros-copy\/\",\"url\":\"https:\/\/tourtravelandmore.com\/es\/tours\/italia-es\/bari-es\/tour-privado-a-matera-y-altamura-desde-bari-hotel-o-terminal-de-cruceros-copy\/\",\"name\":\"Tour privado a Alberobello, Martina Franca y Locorotondo desde Bari | TTM\",\"isPartOf\":{\"@id\":\"https:\/\/tourtravelandmore.com\/es\/#website\"},\"primaryImageOfPage\":{\"@id\":\"https:\/\/tourtravelandmore.com\/es\/tours\/italia-es\/bari-es\/tour-privado-a-matera-y-altamura-desde-bari-hotel-o-terminal-de-cruceros-copy\/#primaryimage\"},\"image\":{\"@id\":\"https:\/\/tourtravelandmore.com\/es\/tours\/italia-es\/bari-es\/tour-privado-a-matera-y-altamura-desde-bari-hotel-o-terminal-de-cruceros-copy\/#primaryimage\"},\"thumbnailUrl\":\"https:\/\/tourtravelandmore.com\/wp-content\/uploads\/2024\/03\/locorotondo-4714220_1280.jpg\",\"datePublished\":\"2024-03-01T13:27:45+00:00\",\"dateModified\":\"2024-03-01T14:17:23+00:00\",\"description\":\"\u00a1Tour Privado a Alberobello Martina Franca y Locorotondo! Disfr\u00fatalo con tu gu\u00eda tur\u00edstico en este exclusivo tour privado desde Bari. \u2705\",\"breadcrumb\":{\"@id\":\"https:\/\/tourtravelandmore.com\/es\/tours\/italia-es\/bari-es\/tour-privado-a-matera-y-altamura-desde-bari-hotel-o-terminal-de-cruceros-copy\/#breadcrumb\"},\"inLanguage\":\"es\",\"potentialAction\":[{\"@type\":\"ReadAction\",\"target\":[\"https:\/\/tourtravelandmore.com\/es\/tours\/italia-es\/bari-es\/tour-privado-a-matera-y-altamura-desde-bari-hotel-o-terminal-de-cruceros-copy\/\"]}]},{\"@type\":\"ImageObject\",\"inLanguage\":\"es\",\"@id\":\"https:\/\/tourtravelandmore.com\/es\/tours\/italia-es\/bari-es\/tour-privado-a-matera-y-altamura-desde-bari-hotel-o-terminal-de-cruceros-copy\/#primaryimage\",\"url\":\"https:\/\/tourtravelandmore.com\/wp-content\/uploads\/2024\/03\/locorotondo-4714220_1280.jpg\",\"contentUrl\":\"https:\/\/tourtravelandmore.com\/wp-content\/uploads\/2024\/03\/locorotondo-4714220_1280.jpg\",\"width\":1280,\"height\":848},{\"@type\":\"BreadcrumbList\",\"@id\":\"https:\/\/tourtravelandmore.com\/es\/tours\/italia-es\/bari-es\/tour-privado-a-matera-y-altamura-desde-bari-hotel-o-terminal-de-cruceros-copy\/#breadcrumb\",\"itemListElement\":[{\"@type\":\"ListItem\",\"position\":1,\"name\":\"Home\",\"item\":\"https:\/\/tourtravelandmore.com\/es\/\"},{\"@type\":\"ListItem\",\"position\":2,\"name\":\"Tours\",\"item\":\"https:\/\/tourtravelandmore.com\/es\/tours\/\"},{\"@type\":\"ListItem\",\"position\":3,\"name\":\"Tour privado a Alberobello, Martina Franca y Locorotondo desde Bari\"}]},{\"@type\":\"WebSite\",\"@id\":\"https:\/\/tourtravelandmore.com\/es\/#website\",\"url\":\"https:\/\/tourtravelandmore.com\/es\/\",\"name\":\"Tour Travel And More\",\"description\":\"Private sightseeing tours and luxury transfers in Spain\",\"publisher\":{\"@id\":\"https:\/\/tourtravelandmore.com\/es\/#organization\"},\"potentialAction\":[{\"@type\":\"SearchAction\",\"target\":{\"@type\":\"EntryPoint\",\"urlTemplate\":\"https:\/\/tourtravelandmore.com\/es\/?s={search_term_string}\"},\"query-input\":{\"@type\":\"PropertyValueSpecification\",\"valueRequired\":true,\"valueName\":\"search_term_string\"}}],\"inLanguage\":\"es\"},{\"@type\":\"Organization\",\"@id\":\"https:\/\/tourtravelandmore.com\/es\/#organization\",\"name\":\"Tour Travel And More\",\"url\":\"https:\/\/tourtravelandmore.com\/es\/\",\"logo\":{\"@type\":\"ImageObject\",\"inLanguage\":\"es\",\"@id\":\"https:\/\/tourtravelandmore.com\/es\/#\/schema\/logo\/image\/\",\"url\":\"https:\/\/tourtravelandmore.com\/wp-content\/uploads\/2022\/12\/cropped-logo-cabecera-new.png\",\"contentUrl\":\"https:\/\/tourtravelandmore.com\/wp-content\/uploads\/2022\/12\/cropped-logo-cabecera-new.png\",\"width\":430,\"height\":61,\"caption\":\"Tour Travel And More\"},\"image\":{\"@id\":\"https:\/\/tourtravelandmore.com\/es\/#\/schema\/logo\/image\/\"},\"sameAs\":[\"https:\/\/www.facebook.com\/tourtravelandmore\/\",\"https:\/\/x.com\/TourTravel_More\"]}]}<\/script>\n<!-- \/ Yoast SEO Premium plugin. -->","yoast_head_json":{"title":"Tour privado a Alberobello, Martina Franca y Locorotondo desde Bari | TTM","description":"\u00a1Tour Privado a Alberobello Martina Franca y Locorotondo! Disfr\u00fatalo con tu gu\u00eda tur\u00edstico en este exclusivo tour privado desde Bari. \u2705","robots":{"index":"index","follow":"follow","max-snippet":"max-snippet:-1","max-image-preview":"max-image-preview:large","max-video-preview":"max-video-preview:-1"},"canonical":"https:\/\/tourtravelandmore.com\/es\/tours\/italia-es\/bari-es\/tour-privado-a-matera-y-altamura-desde-bari-hotel-o-terminal-de-cruceros-copy\/","og_locale":"es_ES","og_type":"article","og_title":"Tour privado a Alberobello, Martina Franca y Locorotondo desde Bari","og_description":"\u00a1Tour Privado a Alberobello Martina Franca y Locorotondo! Disfr\u00fatalo con tu gu\u00eda tur\u00edstico en este exclusivo tour privado desde Bari. \u2705","og_url":"https:\/\/tourtravelandmore.com\/es\/tours\/italia-es\/bari-es\/tour-privado-a-matera-y-altamura-desde-bari-hotel-o-terminal-de-cruceros-copy\/","og_site_name":"Tour Travel And More","article_publisher":"https:\/\/www.facebook.com\/tourtravelandmore\/","article_modified_time":"2024-03-01T14:17:23+00:00","og_image":[{"width":1280,"height":848,"url":"https:\/\/tourtravelandmore.com\/wp-content\/uploads\/2024\/03\/locorotondo-4714220_1280.jpg","type":"image\/jpeg"}],"twitter_card":"summary_large_image","twitter_site":"@TourTravel_More","twitter_misc":{"Tiempo de lectura":"2 minutos"},"schema":{"@context":"https:\/\/schema.org","@graph":[{"@type":"WebPage","@id":"https:\/\/tourtravelandmore.com\/es\/tours\/italia-es\/bari-es\/tour-privado-a-matera-y-altamura-desde-bari-hotel-o-terminal-de-cruceros-copy\/","url":"https:\/\/tourtravelandmore.com\/es\/tours\/italia-es\/bari-es\/tour-privado-a-matera-y-altamura-desde-bari-hotel-o-terminal-de-cruceros-copy\/","name":"Tour privado a Alberobello, Martina Franca y Locorotondo desde Bari | TTM","isPartOf":{"@id":"https:\/\/tourtravelandmore.com\/es\/#website"},"primaryImageOfPage":{"@id":"https:\/\/tourtravelandmore.com\/es\/tours\/italia-es\/bari-es\/tour-privado-a-matera-y-altamura-desde-bari-hotel-o-terminal-de-cruceros-copy\/#primaryimage"},"image":{"@id":"https:\/\/tourtravelandmore.com\/es\/tours\/italia-es\/bari-es\/tour-privado-a-matera-y-altamura-desde-bari-hotel-o-terminal-de-cruceros-copy\/#primaryimage"},"thumbnailUrl":"https:\/\/tourtravelandmore.com\/wp-content\/uploads\/2024\/03\/locorotondo-4714220_1280.jpg","datePublished":"2024-03-01T13:27:45+00:00","dateModified":"2024-03-01T14:17:23+00:00","description":"\u00a1Tour Privado a Alberobello Martina Franca y Locorotondo! Disfr\u00fatalo con tu gu\u00eda tur\u00edstico en este exclusivo tour privado desde Bari. \u2705","breadcrumb":{"@id":"https:\/\/tourtravelandmore.com\/es\/tours\/italia-es\/bari-es\/tour-privado-a-matera-y-altamura-desde-bari-hotel-o-terminal-de-cruceros-copy\/#breadcrumb"},"inLanguage":"es","potentialAction":[{"@type":"ReadAction","target":["https:\/\/tourtravelandmore.com\/es\/tours\/italia-es\/bari-es\/tour-privado-a-matera-y-altamura-desde-bari-hotel-o-terminal-de-cruceros-copy\/"]}]},{"@type":"ImageObject","inLanguage":"es","@id":"https:\/\/tourtravelandmore.com\/es\/tours\/italia-es\/bari-es\/tour-privado-a-matera-y-altamura-desde-bari-hotel-o-terminal-de-cruceros-copy\/#primaryimage","url":"https:\/\/tourtravelandmore.com\/wp-content\/uploads\/2024\/03\/locorotondo-4714220_1280.jpg","contentUrl":"https:\/\/tourtravelandmore.com\/wp-content\/uploads\/2024\/03\/locorotondo-4714220_1280.jpg","width":1280,"height":848},{"@type":"BreadcrumbList","@id":"https:\/\/tourtravelandmore.com\/es\/tours\/italia-es\/bari-es\/tour-privado-a-matera-y-altamura-desde-bari-hotel-o-terminal-de-cruceros-copy\/#breadcrumb","itemListElement":[{"@type":"ListItem","position":1,"name":"Home","item":"https:\/\/tourtravelandmore.com\/es\/"},{"@type":"ListItem","position":2,"name":"Tours","item":"https:\/\/tourtravelandmore.com\/es\/tours\/"},{"@type":"ListItem","position":3,"name":"Tour privado a Alberobello, Martina Franca y Locorotondo desde Bari"}]},{"@type":"WebSite","@id":"https:\/\/tourtravelandmore.com\/es\/#website","url":"https:\/\/tourtravelandmore.com\/es\/","name":"Tour Travel And More","description":"Private sightseeing tours and luxury transfers in Spain","publisher":{"@id":"https:\/\/tourtravelandmore.com\/es\/#organization"},"potentialAction":[{"@type":"SearchAction","target":{"@type":"EntryPoint","urlTemplate":"https:\/\/tourtravelandmore.com\/es\/?s={search_term_string}"},"query-input":{"@type":"PropertyValueSpecification","valueRequired":true,"valueName":"search_term_string"}}],"inLanguage":"es"},{"@type":"Organization","@id":"https:\/\/tourtravelandmore.com\/es\/#organization","name":"Tour Travel And More","url":"https:\/\/tourtravelandmore.com\/es\/","logo":{"@type":"ImageObject","inLanguage":"es","@id":"https:\/\/tourtravelandmore.com\/es\/#\/schema\/logo\/image\/","url":"https:\/\/tourtravelandmore.com\/wp-content\/uploads\/2022\/12\/cropped-logo-cabecera-new.png","contentUrl":"https:\/\/tourtravelandmore.com\/wp-content\/uploads\/2022\/12\/cropped-logo-cabecera-new.png","width":430,"height":61,"caption":"Tour Travel And More"},"image":{"@id":"https:\/\/tourtravelandmore.com\/es\/#\/schema\/logo\/image\/"},"sameAs":["https:\/\/www.facebook.com\/tourtravelandmore\/","https:\/\/x.com\/TourTravel_More"]}]}},"_links":{"self":[{"href":"https:\/\/tourtravelandmore.com\/es\/wp-json\/wp\/v2\/product\/173238","targetHints":{"allow":["GET"]}}],"collection":[{"href":"https:\/\/tourtravelandmore.com\/es\/wp-json\/wp\/v2\/product"}],"about":[{"href":"https:\/\/tourtravelandmore.com\/es\/wp-json\/wp\/v2\/types\/product"}],"replies":[{"embeddable":true,"href":"https:\/\/tourtravelandmore.com\/es\/wp-json\/wp\/v2\/comments?post=173238"}],"wp:featuredmedia":[{"embeddable":true,"href":"https:\/\/tourtravelandmore.com\/es\/wp-json\/wp\/v2\/media\/173261"}],"wp:attachment":[{"href":"https:\/\/tourtravelandmore.com\/es\/wp-json\/wp\/v2\/media?parent=173238"}],"wp:term":[{"taxonomy":"product_brand","embeddable":true,"href":"https:\/\/tourtravelandmore.com\/es\/wp-json\/wp\/v2\/product_brand?post=173238"},{"taxonomy":"product_cat","embeddable":true,"href":"https:\/\/tourtravelandmore.com\/es\/wp-json\/wp\/v2\/product_cat?post=173238"},{"taxonomy":"product_tag","embeddable":true,"href":"https:\/\/tourtravelandmore.com\/es\/wp-json\/wp\/v2\/product_tag?post=173238"}],"curies":[{"name":"wp","href":"https:\/\/api.w.org\/{rel}","templated":true}]}}