{"id":173206,"date":"2024-03-01T14:17:20","date_gmt":"2024-03-01T13:17:20","guid":{"rendered":"https:\/\/tourtravelandmore.com\/?post_type=product&#038;p=173206"},"modified":"2024-03-01T14:25:38","modified_gmt":"2024-03-01T13:25:38","slug":"tour-privado-a-alberobello-y-matera-desde-bari-o-terminal-de-cruceros-copy","status":"publish","type":"product","link":"https:\/\/tourtravelandmore.com\/es\/tours\/italia-es\/bari-es\/tour-privado-a-alberobello-y-matera-desde-bari-o-terminal-de-cruceros-copy\/","title":{"rendered":"Tour privado a Matera y Altamura desde Bari Hotel o Terminal de Cruceros"},"content":{"rendered":"<h2>Descripci\u00f3n Tour privado a Matera y Altamura desde Bari Hotel o Terminal de Cruceros<\/h2>\n<p>Experimente el encanto y la historia de Matera y Altamura en esta excursi\u00f3n privada con salida desde Bari. Con un gu\u00eda experto y un c\u00f3modo transporte a su disposici\u00f3n, profundice en el rico patrimonio cultural de estas fascinantes ciudades italianas.<\/p>\n<p>Emb\u00e1rquese en esta excursi\u00f3n privada a Matera y Altamura para realizar un viaje al coraz\u00f3n del patrimonio cultural del sur de Italia. Con la experiencia de su gu\u00eda y la comodidad del transporte privado, descubra las joyas ocultas y la belleza atemporal de estas encantadoras ciudades.<\/p>\n<p>Con la atenci\u00f3n personalizada de su gu\u00eda y la flexibilidad de explorar a su propio ritmo, esta excursi\u00f3n privada promete una exploraci\u00f3n inolvidable de las joyas ocultas de Italia.<\/p>\n<p>Emb\u00e1rquese en esta emocionante aventura y descubra los secretos mejor guardados de Altamura y Matera con nuestro exclusivo tour privado.<\/p>\n<p>Para m\u00e1s detalles y reservas, visite nuestro sitio web o p\u00f3ngase en contacto con nosotros directamente. Estaremos encantados de acompa\u00f1arle en este viaje inolvidable.<\/p>\n<h2>Puntos de inter\u00e9s<\/h2>\n<p>Su excursi\u00f3n comienza con una c\u00f3moda recogida en su hotel de Bari o en la terminal de cruceros. Re\u00fanase con su gu\u00eda experto y emb\u00e1rquese en un pintoresco viaje hacia Matera.<\/p>\n<p>Al llegar a Matera, marav\u00edllese ante el impresionante paisaje dominado por antiguas cuevas e iglesias rupestres. Pasee por las estrechas calles de los barrios Sassi, admirando la arquitectura \u00fanica y absorbiendo el ambiente de este lugar declarado Patrimonio de la Humanidad por la UNESCO. Conozca la historia y la importancia cultural de Matera de la mano de su gu\u00eda, que compartir\u00e1 con usted fascinantes datos sobre el pasado y el presente de la ciudad.<\/p>\n<p>A continuaci\u00f3n, contin\u00fae su aventura con una visita a Altamura, una pintoresca ciudad conocida por su encanto medieval y sus tesoros arquitect\u00f3nicos. Explore el bien conservado casco antiguo, caracterizado por estrechas callejuelas, edificios de piedra y monumentos hist\u00f3ricos. Visite la impresionante Catedral de Altamura, obra maestra de la arquitectura rom\u00e1nica de Apulia, y admire su intrincado dise\u00f1o y sus adornos art\u00edsticos.<\/p>\n<p>Tras todo un d\u00eda de exploraci\u00f3n, rel\u00e1jese en la comodidad de su coche privado mientras regresa a Bari. Reflexione sobre los recuerdos de su inolvidable excursi\u00f3n mientras se despide de su gu\u00eda y regresa a su hotel o terminal de cruceros.<\/p>\n<p>No pierda esta oportunidad de adentrarse en la cautivadora historia y arquitectura de Altamura y Matera con nuestro Tour Privado personalizado. Reserve ahora y emb\u00e1rquese en un viaje por el coraz\u00f3n de los tesoros culturales de Apulia.<\/p>\n<p>Despu\u00e9s de un d\u00eda completo de exploraci\u00f3n, rel\u00e1jese en el viaje de regreso a Bari o a la terminal de cruceros, reflexionando sobre las inolvidables experiencias y recuerdos creados durante su tour.<\/p>\n","protected":false},"excerpt":{"rendered":"<p>Experimente el encanto y la historia de Matera y Altamura en esta excursi\u00f3n privada con salida desde Bari. Con un gu\u00eda experto y un c\u00f3modo transporte a su disposici\u00f3n, profundice en el rico patrimonio cultural de estas fascinantes ciudades italianas.<\/p>\n<p>&nbsp;<\/p>\n","protected":false},"featured_media":173228,"comment_status":"open","ping_status":"closed","template":"","meta":{"_acf_changed":false},"product_brand":[],"product_cat":[5068,5062,5069],"product_tag":[],"class_list":{"0":"post-173206","1":"product","2":"type-product","3":"status-publish","4":"has-post-thumbnail","6":"product_cat-all-private-tours-es","7":"product_cat-bari-es","8":"product_cat-private-walking-tour-es","10":"first","11":"instock","12":"shipping-taxable","13":"purchasable","14":"product-type-simple"},"acf":[],"yoast_head":"<!-- This site is optimized with the Yoast SEO Premium plugin v25.3.1 (Yoast SEO v25.3.1) - https:\/\/yoast.com\/wordpress\/plugins\/seo\/ -->\n<title>Tour privado a Matera y Altamura desde Bari | TTM<\/title>\n<meta name=\"description\" content=\"Descubre la rica historia y la impresionante belleza natural de Matera y Altamura con tu gu\u00eda tur\u00edstico en este exclusivo tour privado desde Bari. \u2705\" \/>\n<meta name=\"robots\" content=\"index, follow, max-snippet:-1, max-image-preview:large, max-video-preview:-1\" \/>\n<link rel=\"canonical\" href=\"https:\/\/tourtravelandmore.com\/es\/tours\/italia-es\/bari-es\/tour-privado-a-alberobello-y-matera-desde-bari-o-terminal-de-cruceros-copy\/\" \/>\n<meta property=\"og:locale\" content=\"es_ES\" \/>\n<meta property=\"og:type\" content=\"article\" \/>\n<meta property=\"og:title\" content=\"Tour privado a Matera y Altamura desde Bari Hotel o Terminal de Cruceros\" \/>\n<meta property=\"og:description\" content=\"Descubre la rica historia y la impresionante belleza natural de Matera y Altamura con tu gu\u00eda tur\u00edstico en este exclusivo tour privado desde Bari. \u2705\" \/>\n<meta property=\"og:url\" content=\"https:\/\/tourtravelandmore.com\/es\/tours\/italia-es\/bari-es\/tour-privado-a-alberobello-y-matera-desde-bari-o-terminal-de-cruceros-copy\/\" \/>\n<meta property=\"og:site_name\" content=\"Tour Travel And More\" \/>\n<meta property=\"article:publisher\" content=\"https:\/\/www.facebook.com\/tourtravelandmore\/\" \/>\n<meta property=\"article:modified_time\" content=\"2024-03-01T13:25:38+00:00\" \/>\n<meta property=\"og:image\" content=\"https:\/\/tourtravelandmore.com\/wp-content\/uploads\/2024\/03\/matera-220923_1280.jpg\" \/>\n\t<meta property=\"og:image:width\" content=\"1280\" \/>\n\t<meta property=\"og:image:height\" content=\"850\" \/>\n\t<meta property=\"og:image:type\" content=\"image\/jpeg\" \/>\n<meta name=\"twitter:card\" content=\"summary_large_image\" \/>\n<meta name=\"twitter:site\" content=\"@TourTravel_More\" \/>\n<meta name=\"twitter:label1\" content=\"Tiempo de lectura\" \/>\n\t<meta name=\"twitter:data1\" content=\"2 minutos\" \/>\n<script type=\"application\/ld+json\" class=\"yoast-schema-graph\">{\"@context\":\"https:\/\/schema.org\",\"@graph\":[{\"@type\":\"WebPage\",\"@id\":\"https:\/\/tourtravelandmore.com\/es\/tours\/italia-es\/bari-es\/tour-privado-a-alberobello-y-matera-desde-bari-o-terminal-de-cruceros-copy\/\",\"url\":\"https:\/\/tourtravelandmore.com\/es\/tours\/italia-es\/bari-es\/tour-privado-a-alberobello-y-matera-desde-bari-o-terminal-de-cruceros-copy\/\",\"name\":\"Tour privado a Matera y Altamura desde Bari | TTM\",\"isPartOf\":{\"@id\":\"https:\/\/tourtravelandmore.com\/es\/#website\"},\"primaryImageOfPage\":{\"@id\":\"https:\/\/tourtravelandmore.com\/es\/tours\/italia-es\/bari-es\/tour-privado-a-alberobello-y-matera-desde-bari-o-terminal-de-cruceros-copy\/#primaryimage\"},\"image\":{\"@id\":\"https:\/\/tourtravelandmore.com\/es\/tours\/italia-es\/bari-es\/tour-privado-a-alberobello-y-matera-desde-bari-o-terminal-de-cruceros-copy\/#primaryimage\"},\"thumbnailUrl\":\"https:\/\/tourtravelandmore.com\/wp-content\/uploads\/2024\/03\/matera-220923_1280.jpg\",\"datePublished\":\"2024-03-01T13:17:20+00:00\",\"dateModified\":\"2024-03-01T13:25:38+00:00\",\"description\":\"Descubre la rica historia y la impresionante belleza natural de Matera y Altamura con tu gu\u00eda tur\u00edstico en este exclusivo tour privado desde Bari. \u2705\",\"breadcrumb\":{\"@id\":\"https:\/\/tourtravelandmore.com\/es\/tours\/italia-es\/bari-es\/tour-privado-a-alberobello-y-matera-desde-bari-o-terminal-de-cruceros-copy\/#breadcrumb\"},\"inLanguage\":\"es\",\"potentialAction\":[{\"@type\":\"ReadAction\",\"target\":[\"https:\/\/tourtravelandmore.com\/es\/tours\/italia-es\/bari-es\/tour-privado-a-alberobello-y-matera-desde-bari-o-terminal-de-cruceros-copy\/\"]}]},{\"@type\":\"ImageObject\",\"inLanguage\":\"es\",\"@id\":\"https:\/\/tourtravelandmore.com\/es\/tours\/italia-es\/bari-es\/tour-privado-a-alberobello-y-matera-desde-bari-o-terminal-de-cruceros-copy\/#primaryimage\",\"url\":\"https:\/\/tourtravelandmore.com\/wp-content\/uploads\/2024\/03\/matera-220923_1280.jpg\",\"contentUrl\":\"https:\/\/tourtravelandmore.com\/wp-content\/uploads\/2024\/03\/matera-220923_1280.jpg\",\"width\":1280,\"height\":850},{\"@type\":\"BreadcrumbList\",\"@id\":\"https:\/\/tourtravelandmore.com\/es\/tours\/italia-es\/bari-es\/tour-privado-a-alberobello-y-matera-desde-bari-o-terminal-de-cruceros-copy\/#breadcrumb\",\"itemListElement\":[{\"@type\":\"ListItem\",\"position\":1,\"name\":\"Home\",\"item\":\"https:\/\/tourtravelandmore.com\/es\/\"},{\"@type\":\"ListItem\",\"position\":2,\"name\":\"Tours\",\"item\":\"https:\/\/tourtravelandmore.com\/es\/tours\/\"},{\"@type\":\"ListItem\",\"position\":3,\"name\":\"Tour privado a Matera y Altamura desde Bari Hotel o Terminal de Cruceros\"}]},{\"@type\":\"WebSite\",\"@id\":\"https:\/\/tourtravelandmore.com\/es\/#website\",\"url\":\"https:\/\/tourtravelandmore.com\/es\/\",\"name\":\"Tour Travel And More\",\"description\":\"Private sightseeing tours and luxury transfers in Spain\",\"publisher\":{\"@id\":\"https:\/\/tourtravelandmore.com\/es\/#organization\"},\"potentialAction\":[{\"@type\":\"SearchAction\",\"target\":{\"@type\":\"EntryPoint\",\"urlTemplate\":\"https:\/\/tourtravelandmore.com\/es\/?s={search_term_string}\"},\"query-input\":{\"@type\":\"PropertyValueSpecification\",\"valueRequired\":true,\"valueName\":\"search_term_string\"}}],\"inLanguage\":\"es\"},{\"@type\":\"Organization\",\"@id\":\"https:\/\/tourtravelandmore.com\/es\/#organization\",\"name\":\"Tour Travel And More\",\"url\":\"https:\/\/tourtravelandmore.com\/es\/\",\"logo\":{\"@type\":\"ImageObject\",\"inLanguage\":\"es\",\"@id\":\"https:\/\/tourtravelandmore.com\/es\/#\/schema\/logo\/image\/\",\"url\":\"https:\/\/tourtravelandmore.com\/wp-content\/uploads\/2022\/12\/cropped-logo-cabecera-new.png\",\"contentUrl\":\"https:\/\/tourtravelandmore.com\/wp-content\/uploads\/2022\/12\/cropped-logo-cabecera-new.png\",\"width\":430,\"height\":61,\"caption\":\"Tour Travel And More\"},\"image\":{\"@id\":\"https:\/\/tourtravelandmore.com\/es\/#\/schema\/logo\/image\/\"},\"sameAs\":[\"https:\/\/www.facebook.com\/tourtravelandmore\/\",\"https:\/\/x.com\/TourTravel_More\"]}]}<\/script>\n<!-- \/ Yoast SEO Premium plugin. -->","yoast_head_json":{"title":"Tour privado a Matera y Altamura desde Bari | TTM","description":"Descubre la rica historia y la impresionante belleza natural de Matera y Altamura con tu gu\u00eda tur\u00edstico en este exclusivo tour privado desde Bari. \u2705","robots":{"index":"index","follow":"follow","max-snippet":"max-snippet:-1","max-image-preview":"max-image-preview:large","max-video-preview":"max-video-preview:-1"},"canonical":"https:\/\/tourtravelandmore.com\/es\/tours\/italia-es\/bari-es\/tour-privado-a-alberobello-y-matera-desde-bari-o-terminal-de-cruceros-copy\/","og_locale":"es_ES","og_type":"article","og_title":"Tour privado a Matera y Altamura desde Bari Hotel o Terminal de Cruceros","og_description":"Descubre la rica historia y la impresionante belleza natural de Matera y Altamura con tu gu\u00eda tur\u00edstico en este exclusivo tour privado desde Bari. \u2705","og_url":"https:\/\/tourtravelandmore.com\/es\/tours\/italia-es\/bari-es\/tour-privado-a-alberobello-y-matera-desde-bari-o-terminal-de-cruceros-copy\/","og_site_name":"Tour Travel And More","article_publisher":"https:\/\/www.facebook.com\/tourtravelandmore\/","article_modified_time":"2024-03-01T13:25:38+00:00","og_image":[{"width":1280,"height":850,"url":"https:\/\/tourtravelandmore.com\/wp-content\/uploads\/2024\/03\/matera-220923_1280.jpg","type":"image\/jpeg"}],"twitter_card":"summary_large_image","twitter_site":"@TourTravel_More","twitter_misc":{"Tiempo de lectura":"2 minutos"},"schema":{"@context":"https:\/\/schema.org","@graph":[{"@type":"WebPage","@id":"https:\/\/tourtravelandmore.com\/es\/tours\/italia-es\/bari-es\/tour-privado-a-alberobello-y-matera-desde-bari-o-terminal-de-cruceros-copy\/","url":"https:\/\/tourtravelandmore.com\/es\/tours\/italia-es\/bari-es\/tour-privado-a-alberobello-y-matera-desde-bari-o-terminal-de-cruceros-copy\/","name":"Tour privado a Matera y Altamura desde Bari | TTM","isPartOf":{"@id":"https:\/\/tourtravelandmore.com\/es\/#website"},"primaryImageOfPage":{"@id":"https:\/\/tourtravelandmore.com\/es\/tours\/italia-es\/bari-es\/tour-privado-a-alberobello-y-matera-desde-bari-o-terminal-de-cruceros-copy\/#primaryimage"},"image":{"@id":"https:\/\/tourtravelandmore.com\/es\/tours\/italia-es\/bari-es\/tour-privado-a-alberobello-y-matera-desde-bari-o-terminal-de-cruceros-copy\/#primaryimage"},"thumbnailUrl":"https:\/\/tourtravelandmore.com\/wp-content\/uploads\/2024\/03\/matera-220923_1280.jpg","datePublished":"2024-03-01T13:17:20+00:00","dateModified":"2024-03-01T13:25:38+00:00","description":"Descubre la rica historia y la impresionante belleza natural de Matera y Altamura con tu gu\u00eda tur\u00edstico en este exclusivo tour privado desde Bari. \u2705","breadcrumb":{"@id":"https:\/\/tourtravelandmore.com\/es\/tours\/italia-es\/bari-es\/tour-privado-a-alberobello-y-matera-desde-bari-o-terminal-de-cruceros-copy\/#breadcrumb"},"inLanguage":"es","potentialAction":[{"@type":"ReadAction","target":["https:\/\/tourtravelandmore.com\/es\/tours\/italia-es\/bari-es\/tour-privado-a-alberobello-y-matera-desde-bari-o-terminal-de-cruceros-copy\/"]}]},{"@type":"ImageObject","inLanguage":"es","@id":"https:\/\/tourtravelandmore.com\/es\/tours\/italia-es\/bari-es\/tour-privado-a-alberobello-y-matera-desde-bari-o-terminal-de-cruceros-copy\/#primaryimage","url":"https:\/\/tourtravelandmore.com\/wp-content\/uploads\/2024\/03\/matera-220923_1280.jpg","contentUrl":"https:\/\/tourtravelandmore.com\/wp-content\/uploads\/2024\/03\/matera-220923_1280.jpg","width":1280,"height":850},{"@type":"BreadcrumbList","@id":"https:\/\/tourtravelandmore.com\/es\/tours\/italia-es\/bari-es\/tour-privado-a-alberobello-y-matera-desde-bari-o-terminal-de-cruceros-copy\/#breadcrumb","itemListElement":[{"@type":"ListItem","position":1,"name":"Home","item":"https:\/\/tourtravelandmore.com\/es\/"},{"@type":"ListItem","position":2,"name":"Tours","item":"https:\/\/tourtravelandmore.com\/es\/tours\/"},{"@type":"ListItem","position":3,"name":"Tour privado a Matera y Altamura desde Bari Hotel o Terminal de Cruceros"}]},{"@type":"WebSite","@id":"https:\/\/tourtravelandmore.com\/es\/#website","url":"https:\/\/tourtravelandmore.com\/es\/","name":"Tour Travel And More","description":"Private sightseeing tours and luxury transfers in Spain","publisher":{"@id":"https:\/\/tourtravelandmore.com\/es\/#organization"},"potentialAction":[{"@type":"SearchAction","target":{"@type":"EntryPoint","urlTemplate":"https:\/\/tourtravelandmore.com\/es\/?s={search_term_string}"},"query-input":{"@type":"PropertyValueSpecification","valueRequired":true,"valueName":"search_term_string"}}],"inLanguage":"es"},{"@type":"Organization","@id":"https:\/\/tourtravelandmore.com\/es\/#organization","name":"Tour Travel And More","url":"https:\/\/tourtravelandmore.com\/es\/","logo":{"@type":"ImageObject","inLanguage":"es","@id":"https:\/\/tourtravelandmore.com\/es\/#\/schema\/logo\/image\/","url":"https:\/\/tourtravelandmore.com\/wp-content\/uploads\/2022\/12\/cropped-logo-cabecera-new.png","contentUrl":"https:\/\/tourtravelandmore.com\/wp-content\/uploads\/2022\/12\/cropped-logo-cabecera-new.png","width":430,"height":61,"caption":"Tour Travel And More"},"image":{"@id":"https:\/\/tourtravelandmore.com\/es\/#\/schema\/logo\/image\/"},"sameAs":["https:\/\/www.facebook.com\/tourtravelandmore\/","https:\/\/x.com\/TourTravel_More"]}]}},"_links":{"self":[{"href":"https:\/\/tourtravelandmore.com\/es\/wp-json\/wp\/v2\/product\/173206","targetHints":{"allow":["GET"]}}],"collection":[{"href":"https:\/\/tourtravelandmore.com\/es\/wp-json\/wp\/v2\/product"}],"about":[{"href":"https:\/\/tourtravelandmore.com\/es\/wp-json\/wp\/v2\/types\/product"}],"replies":[{"embeddable":true,"href":"https:\/\/tourtravelandmore.com\/es\/wp-json\/wp\/v2\/comments?post=173206"}],"wp:featuredmedia":[{"embeddable":true,"href":"https:\/\/tourtravelandmore.com\/es\/wp-json\/wp\/v2\/media\/173228"}],"wp:attachment":[{"href":"https:\/\/tourtravelandmore.com\/es\/wp-json\/wp\/v2\/media?parent=173206"}],"wp:term":[{"taxonomy":"product_brand","embeddable":true,"href":"https:\/\/tourtravelandmore.com\/es\/wp-json\/wp\/v2\/product_brand?post=173206"},{"taxonomy":"product_cat","embeddable":true,"href":"https:\/\/tourtravelandmore.com\/es\/wp-json\/wp\/v2\/product_cat?post=173206"},{"taxonomy":"product_tag","embeddable":true,"href":"https:\/\/tourtravelandmore.com\/es\/wp-json\/wp\/v2\/product_tag?post=173206"}],"curies":[{"name":"wp","href":"https:\/\/api.w.org\/{rel}","templated":true}]}}