{"id":173162,"date":"2024-03-01T14:01:31","date_gmt":"2024-03-01T13:01:31","guid":{"rendered":"https:\/\/tourtravelandmore.com\/?post_type=product&#038;p=173162"},"modified":"2024-03-04T16:52:54","modified_gmt":"2024-03-04T15:52:54","slug":"tour-privado-de-bari-y-matera-desde-hotel-o-terminal-de-cruceros-de-bari-copy-2","status":"publish","type":"product","link":"https:\/\/tourtravelandmore.com\/es\/tours\/italia-es\/bari-es\/tour-privado-de-bari-y-matera-desde-hotel-o-terminal-de-cruceros-de-bari-copy-2\/","title":{"rendered":"Tour Privado a Alberobello y Matera desde Bari o Terminal de Cruceros"},"content":{"rendered":"<h2>Descripci\u00f3n Tour Privado a Alberobello y Matera desde Bari o Terminal de Cruceros<\/h2>\n<p>Experimente el encanto de la regi\u00f3n de Apulia con nuestro exclusivo Tour Privado a Alberobello y Matera. Sum\u00e9rjase en la historia y la belleza de dos de los destinos m\u00e1s fascinantes del sur de Italia, todo ello acompa\u00f1ado por un gu\u00eda experto y un c\u00f3modo transporte.<\/p>\n<p>Comience su viaje con un pintoresco recorrido en coche por la campi\u00f1a de Apulia, donde las colinas onduladas y los olivares son el tel\u00f3n de fondo de su aventura. A medida que se adentre en el coraz\u00f3n de esta cautivadora regi\u00f3n, descubrir\u00e1 el encanto atemporal de las emblem\u00e1ticas casas trullo de Alberobello y las antiguas cuevas de Matera, que ofrecen una visi\u00f3n del rico patrimonio cultural italiano.<\/p>\n<p>Con la atenci\u00f3n personalizada de su gu\u00eda y la flexibilidad para explorar a su propio ritmo, esta excursi\u00f3n privada promete una exploraci\u00f3n inolvidable de las joyas ocultas de Apulia.<\/p>\n<p>Emb\u00e1rquese en esta emocionante aventura y descubra los secretos mejor guardados de Alberobello y Matera con nuestro exclusivo tour privado.<\/p>\n<p>Para m\u00e1s detalles y reservas, visite nuestro sitio web o p\u00f3ngase en contacto con nosotros directamente. Estaremos encantados de acompa\u00f1arle en este viaje inolvidable.<\/p>\n<h2>Puntos de inter\u00e9s y monumentos<\/h2>\n<p>Su gu\u00eda privado y ch\u00f3fer le recoger\u00e1n en el lugar que desee, ya sea su hotel en Bari o directamente en la Terminal de Cruceros.<\/p>\n<p>Rel\u00e1jese en la comodidad de su veh\u00edculo privado mientras viaja por la pintoresca campi\u00f1a de Apulia hacia Alberobello, famosa por sus singulares casas trulli.<\/p>\n<p>Nos dirigiremos a Alberobello, un viaje que le llevar\u00e1 a trav\u00e9s de impresionantes paisajes italianos. Pasee por las encantadoras calles de Alberobello acompa\u00f1ado por su gu\u00eda experto. Conozca la historia y la arquitectura de estas viviendas tradicionales de piedra caliza, declaradas Patrimonio de la Humanidad por la UNESCO.<\/p>\n<p>Despu\u00e9s del almuerzo, contin\u00fae su viaje hacia Matera, conocida por sus antiguas cuevas o &#8220;sassi&#8221;. Marav\u00edllese con el paisaje y la arquitectura \u00fanicos de esta ciudad hist\u00f3rica mientras su gu\u00eda le ofrece informaci\u00f3n sobre su rico patrimonio cultural.<\/p>\n<p>Descubra los secretos de Matera mientras pasea por sus sinuosos callejones y cavernosas calles. Visite monumentos notables como los Sassi di Matera, la Catedral de Matera y las antiguas iglesias rupestres, mientras profundiza en el fascinante pasado de la ciudad.<\/p>\n<p>No pierda esta oportunidad de adentrarse en la cautivadora historia y arquitectura de Alberobello y Matera con nuestro Tour Privado personalizado. Reserve ahora y emb\u00e1rquese en un viaje por el coraz\u00f3n de los tesoros culturales de Apulia.<\/p>\n<p>Despu\u00e9s de un d\u00eda completo de exploraci\u00f3n, rel\u00e1jese en el viaje de regreso a Bari o a la terminal de cruceros, reflexionando sobre las inolvidables experiencias y recuerdos creados durante su tour.<\/p>\n","protected":false},"excerpt":{"rendered":"<p>Experimente el encanto de la regi\u00f3n de Apulia con nuestro exclusivo Tour Privado a Alberobello y Matera. Sum\u00e9rjase en la historia y la belleza de dos de los destinos m\u00e1s fascinantes del sur de Italia, todo ello acompa\u00f1ado por un gu\u00eda experto y un c\u00f3modo transporte.<\/p>\n<p>&nbsp;<\/p>\n","protected":false},"featured_media":173178,"comment_status":"open","ping_status":"closed","template":"","meta":{"_acf_changed":false},"product_brand":[],"product_cat":[5068,5062,5069],"product_tag":[],"class_list":{"0":"post-173162","1":"product","2":"type-product","3":"status-publish","4":"has-post-thumbnail","6":"product_cat-all-private-tours-es","7":"product_cat-bari-es","8":"product_cat-private-walking-tour-es","10":"first","11":"instock","12":"shipping-taxable","13":"purchasable","14":"product-type-simple"},"acf":[],"yoast_head":"<!-- This site is optimized with the Yoast SEO Premium plugin v25.3.1 (Yoast SEO v25.3.1) - https:\/\/yoast.com\/wordpress\/plugins\/seo\/ -->\n<title>Tour privado de Alberobello y Matera | TTM<\/title>\n<meta name=\"description\" content=\"Descubre la rica historia y la impresionante belleza natural de las regiones de Apulia y Basilicata en este exclusivo tour privado desde Bari. \u2705\" \/>\n<meta name=\"robots\" content=\"index, follow, max-snippet:-1, max-image-preview:large, max-video-preview:-1\" \/>\n<link rel=\"canonical\" href=\"https:\/\/tourtravelandmore.com\/es\/tours\/italia-es\/bari-es\/tour-privado-de-bari-y-matera-desde-hotel-o-terminal-de-cruceros-de-bari-copy-2\/\" \/>\n<meta property=\"og:locale\" content=\"es_ES\" \/>\n<meta property=\"og:type\" content=\"article\" \/>\n<meta property=\"og:title\" content=\"Tour Privado a Alberobello y Matera desde Bari o Terminal de Cruceros\" \/>\n<meta property=\"og:description\" content=\"Descubre la rica historia y la impresionante belleza natural de las regiones de Apulia y Basilicata en este exclusivo tour privado desde Bari. \u2705\" \/>\n<meta property=\"og:url\" content=\"https:\/\/tourtravelandmore.com\/es\/tours\/italia-es\/bari-es\/tour-privado-de-bari-y-matera-desde-hotel-o-terminal-de-cruceros-de-bari-copy-2\/\" \/>\n<meta property=\"og:site_name\" content=\"Tour Travel And More\" \/>\n<meta property=\"article:publisher\" content=\"https:\/\/www.facebook.com\/tourtravelandmore\/\" \/>\n<meta property=\"article:modified_time\" content=\"2024-03-04T15:52:54+00:00\" \/>\n<meta property=\"og:image\" content=\"https:\/\/tourtravelandmore.com\/wp-content\/uploads\/2024\/03\/pexels-kelly-12464262.jpg\" \/>\n\t<meta property=\"og:image:width\" content=\"1920\" \/>\n\t<meta property=\"og:image:height\" content=\"1079\" \/>\n\t<meta property=\"og:image:type\" content=\"image\/jpeg\" \/>\n<meta name=\"twitter:card\" content=\"summary_large_image\" \/>\n<meta name=\"twitter:site\" content=\"@TourTravel_More\" \/>\n<meta name=\"twitter:label1\" content=\"Tiempo de lectura\" \/>\n\t<meta name=\"twitter:data1\" content=\"2 minutos\" \/>\n<script type=\"application\/ld+json\" class=\"yoast-schema-graph\">{\"@context\":\"https:\/\/schema.org\",\"@graph\":[{\"@type\":\"WebPage\",\"@id\":\"https:\/\/tourtravelandmore.com\/es\/tours\/italia-es\/bari-es\/tour-privado-de-bari-y-matera-desde-hotel-o-terminal-de-cruceros-de-bari-copy-2\/\",\"url\":\"https:\/\/tourtravelandmore.com\/es\/tours\/italia-es\/bari-es\/tour-privado-de-bari-y-matera-desde-hotel-o-terminal-de-cruceros-de-bari-copy-2\/\",\"name\":\"Tour privado de Alberobello y Matera | TTM\",\"isPartOf\":{\"@id\":\"https:\/\/tourtravelandmore.com\/es\/#website\"},\"primaryImageOfPage\":{\"@id\":\"https:\/\/tourtravelandmore.com\/es\/tours\/italia-es\/bari-es\/tour-privado-de-bari-y-matera-desde-hotel-o-terminal-de-cruceros-de-bari-copy-2\/#primaryimage\"},\"image\":{\"@id\":\"https:\/\/tourtravelandmore.com\/es\/tours\/italia-es\/bari-es\/tour-privado-de-bari-y-matera-desde-hotel-o-terminal-de-cruceros-de-bari-copy-2\/#primaryimage\"},\"thumbnailUrl\":\"https:\/\/tourtravelandmore.com\/wp-content\/uploads\/2024\/03\/pexels-kelly-12464262.jpg\",\"datePublished\":\"2024-03-01T13:01:31+00:00\",\"dateModified\":\"2024-03-04T15:52:54+00:00\",\"description\":\"Descubre la rica historia y la impresionante belleza natural de las regiones de Apulia y Basilicata en este exclusivo tour privado desde Bari. \u2705\",\"breadcrumb\":{\"@id\":\"https:\/\/tourtravelandmore.com\/es\/tours\/italia-es\/bari-es\/tour-privado-de-bari-y-matera-desde-hotel-o-terminal-de-cruceros-de-bari-copy-2\/#breadcrumb\"},\"inLanguage\":\"es\",\"potentialAction\":[{\"@type\":\"ReadAction\",\"target\":[\"https:\/\/tourtravelandmore.com\/es\/tours\/italia-es\/bari-es\/tour-privado-de-bari-y-matera-desde-hotel-o-terminal-de-cruceros-de-bari-copy-2\/\"]}]},{\"@type\":\"ImageObject\",\"inLanguage\":\"es\",\"@id\":\"https:\/\/tourtravelandmore.com\/es\/tours\/italia-es\/bari-es\/tour-privado-de-bari-y-matera-desde-hotel-o-terminal-de-cruceros-de-bari-copy-2\/#primaryimage\",\"url\":\"https:\/\/tourtravelandmore.com\/wp-content\/uploads\/2024\/03\/pexels-kelly-12464262.jpg\",\"contentUrl\":\"https:\/\/tourtravelandmore.com\/wp-content\/uploads\/2024\/03\/pexels-kelly-12464262.jpg\",\"width\":1920,\"height\":1079},{\"@type\":\"BreadcrumbList\",\"@id\":\"https:\/\/tourtravelandmore.com\/es\/tours\/italia-es\/bari-es\/tour-privado-de-bari-y-matera-desde-hotel-o-terminal-de-cruceros-de-bari-copy-2\/#breadcrumb\",\"itemListElement\":[{\"@type\":\"ListItem\",\"position\":1,\"name\":\"Home\",\"item\":\"https:\/\/tourtravelandmore.com\/es\/\"},{\"@type\":\"ListItem\",\"position\":2,\"name\":\"Tours\",\"item\":\"https:\/\/tourtravelandmore.com\/es\/tours\/\"},{\"@type\":\"ListItem\",\"position\":3,\"name\":\"Tour Privado a Alberobello y Matera desde Bari o Terminal de Cruceros\"}]},{\"@type\":\"WebSite\",\"@id\":\"https:\/\/tourtravelandmore.com\/es\/#website\",\"url\":\"https:\/\/tourtravelandmore.com\/es\/\",\"name\":\"Tour Travel And More\",\"description\":\"Private sightseeing tours and luxury transfers in Spain\",\"publisher\":{\"@id\":\"https:\/\/tourtravelandmore.com\/es\/#organization\"},\"potentialAction\":[{\"@type\":\"SearchAction\",\"target\":{\"@type\":\"EntryPoint\",\"urlTemplate\":\"https:\/\/tourtravelandmore.com\/es\/?s={search_term_string}\"},\"query-input\":{\"@type\":\"PropertyValueSpecification\",\"valueRequired\":true,\"valueName\":\"search_term_string\"}}],\"inLanguage\":\"es\"},{\"@type\":\"Organization\",\"@id\":\"https:\/\/tourtravelandmore.com\/es\/#organization\",\"name\":\"Tour Travel And More\",\"url\":\"https:\/\/tourtravelandmore.com\/es\/\",\"logo\":{\"@type\":\"ImageObject\",\"inLanguage\":\"es\",\"@id\":\"https:\/\/tourtravelandmore.com\/es\/#\/schema\/logo\/image\/\",\"url\":\"https:\/\/tourtravelandmore.com\/wp-content\/uploads\/2022\/12\/cropped-logo-cabecera-new.png\",\"contentUrl\":\"https:\/\/tourtravelandmore.com\/wp-content\/uploads\/2022\/12\/cropped-logo-cabecera-new.png\",\"width\":430,\"height\":61,\"caption\":\"Tour Travel And More\"},\"image\":{\"@id\":\"https:\/\/tourtravelandmore.com\/es\/#\/schema\/logo\/image\/\"},\"sameAs\":[\"https:\/\/www.facebook.com\/tourtravelandmore\/\",\"https:\/\/x.com\/TourTravel_More\"]}]}<\/script>\n<!-- \/ Yoast SEO Premium plugin. -->","yoast_head_json":{"title":"Tour privado de Alberobello y Matera | TTM","description":"Descubre la rica historia y la impresionante belleza natural de las regiones de Apulia y Basilicata en este exclusivo tour privado desde Bari. \u2705","robots":{"index":"index","follow":"follow","max-snippet":"max-snippet:-1","max-image-preview":"max-image-preview:large","max-video-preview":"max-video-preview:-1"},"canonical":"https:\/\/tourtravelandmore.com\/es\/tours\/italia-es\/bari-es\/tour-privado-de-bari-y-matera-desde-hotel-o-terminal-de-cruceros-de-bari-copy-2\/","og_locale":"es_ES","og_type":"article","og_title":"Tour Privado a Alberobello y Matera desde Bari o Terminal de Cruceros","og_description":"Descubre la rica historia y la impresionante belleza natural de las regiones de Apulia y Basilicata en este exclusivo tour privado desde Bari. \u2705","og_url":"https:\/\/tourtravelandmore.com\/es\/tours\/italia-es\/bari-es\/tour-privado-de-bari-y-matera-desde-hotel-o-terminal-de-cruceros-de-bari-copy-2\/","og_site_name":"Tour Travel And More","article_publisher":"https:\/\/www.facebook.com\/tourtravelandmore\/","article_modified_time":"2024-03-04T15:52:54+00:00","og_image":[{"width":1920,"height":1079,"url":"https:\/\/tourtravelandmore.com\/wp-content\/uploads\/2024\/03\/pexels-kelly-12464262.jpg","type":"image\/jpeg"}],"twitter_card":"summary_large_image","twitter_site":"@TourTravel_More","twitter_misc":{"Tiempo de lectura":"2 minutos"},"schema":{"@context":"https:\/\/schema.org","@graph":[{"@type":"WebPage","@id":"https:\/\/tourtravelandmore.com\/es\/tours\/italia-es\/bari-es\/tour-privado-de-bari-y-matera-desde-hotel-o-terminal-de-cruceros-de-bari-copy-2\/","url":"https:\/\/tourtravelandmore.com\/es\/tours\/italia-es\/bari-es\/tour-privado-de-bari-y-matera-desde-hotel-o-terminal-de-cruceros-de-bari-copy-2\/","name":"Tour privado de Alberobello y Matera | TTM","isPartOf":{"@id":"https:\/\/tourtravelandmore.com\/es\/#website"},"primaryImageOfPage":{"@id":"https:\/\/tourtravelandmore.com\/es\/tours\/italia-es\/bari-es\/tour-privado-de-bari-y-matera-desde-hotel-o-terminal-de-cruceros-de-bari-copy-2\/#primaryimage"},"image":{"@id":"https:\/\/tourtravelandmore.com\/es\/tours\/italia-es\/bari-es\/tour-privado-de-bari-y-matera-desde-hotel-o-terminal-de-cruceros-de-bari-copy-2\/#primaryimage"},"thumbnailUrl":"https:\/\/tourtravelandmore.com\/wp-content\/uploads\/2024\/03\/pexels-kelly-12464262.jpg","datePublished":"2024-03-01T13:01:31+00:00","dateModified":"2024-03-04T15:52:54+00:00","description":"Descubre la rica historia y la impresionante belleza natural de las regiones de Apulia y Basilicata en este exclusivo tour privado desde Bari. \u2705","breadcrumb":{"@id":"https:\/\/tourtravelandmore.com\/es\/tours\/italia-es\/bari-es\/tour-privado-de-bari-y-matera-desde-hotel-o-terminal-de-cruceros-de-bari-copy-2\/#breadcrumb"},"inLanguage":"es","potentialAction":[{"@type":"ReadAction","target":["https:\/\/tourtravelandmore.com\/es\/tours\/italia-es\/bari-es\/tour-privado-de-bari-y-matera-desde-hotel-o-terminal-de-cruceros-de-bari-copy-2\/"]}]},{"@type":"ImageObject","inLanguage":"es","@id":"https:\/\/tourtravelandmore.com\/es\/tours\/italia-es\/bari-es\/tour-privado-de-bari-y-matera-desde-hotel-o-terminal-de-cruceros-de-bari-copy-2\/#primaryimage","url":"https:\/\/tourtravelandmore.com\/wp-content\/uploads\/2024\/03\/pexels-kelly-12464262.jpg","contentUrl":"https:\/\/tourtravelandmore.com\/wp-content\/uploads\/2024\/03\/pexels-kelly-12464262.jpg","width":1920,"height":1079},{"@type":"BreadcrumbList","@id":"https:\/\/tourtravelandmore.com\/es\/tours\/italia-es\/bari-es\/tour-privado-de-bari-y-matera-desde-hotel-o-terminal-de-cruceros-de-bari-copy-2\/#breadcrumb","itemListElement":[{"@type":"ListItem","position":1,"name":"Home","item":"https:\/\/tourtravelandmore.com\/es\/"},{"@type":"ListItem","position":2,"name":"Tours","item":"https:\/\/tourtravelandmore.com\/es\/tours\/"},{"@type":"ListItem","position":3,"name":"Tour Privado a Alberobello y Matera desde Bari o Terminal de Cruceros"}]},{"@type":"WebSite","@id":"https:\/\/tourtravelandmore.com\/es\/#website","url":"https:\/\/tourtravelandmore.com\/es\/","name":"Tour Travel And More","description":"Private sightseeing tours and luxury transfers in Spain","publisher":{"@id":"https:\/\/tourtravelandmore.com\/es\/#organization"},"potentialAction":[{"@type":"SearchAction","target":{"@type":"EntryPoint","urlTemplate":"https:\/\/tourtravelandmore.com\/es\/?s={search_term_string}"},"query-input":{"@type":"PropertyValueSpecification","valueRequired":true,"valueName":"search_term_string"}}],"inLanguage":"es"},{"@type":"Organization","@id":"https:\/\/tourtravelandmore.com\/es\/#organization","name":"Tour Travel And More","url":"https:\/\/tourtravelandmore.com\/es\/","logo":{"@type":"ImageObject","inLanguage":"es","@id":"https:\/\/tourtravelandmore.com\/es\/#\/schema\/logo\/image\/","url":"https:\/\/tourtravelandmore.com\/wp-content\/uploads\/2022\/12\/cropped-logo-cabecera-new.png","contentUrl":"https:\/\/tourtravelandmore.com\/wp-content\/uploads\/2022\/12\/cropped-logo-cabecera-new.png","width":430,"height":61,"caption":"Tour Travel And More"},"image":{"@id":"https:\/\/tourtravelandmore.com\/es\/#\/schema\/logo\/image\/"},"sameAs":["https:\/\/www.facebook.com\/tourtravelandmore\/","https:\/\/x.com\/TourTravel_More"]}]}},"_links":{"self":[{"href":"https:\/\/tourtravelandmore.com\/es\/wp-json\/wp\/v2\/product\/173162","targetHints":{"allow":["GET"]}}],"collection":[{"href":"https:\/\/tourtravelandmore.com\/es\/wp-json\/wp\/v2\/product"}],"about":[{"href":"https:\/\/tourtravelandmore.com\/es\/wp-json\/wp\/v2\/types\/product"}],"replies":[{"embeddable":true,"href":"https:\/\/tourtravelandmore.com\/es\/wp-json\/wp\/v2\/comments?post=173162"}],"wp:featuredmedia":[{"embeddable":true,"href":"https:\/\/tourtravelandmore.com\/es\/wp-json\/wp\/v2\/media\/173178"}],"wp:attachment":[{"href":"https:\/\/tourtravelandmore.com\/es\/wp-json\/wp\/v2\/media?parent=173162"}],"wp:term":[{"taxonomy":"product_brand","embeddable":true,"href":"https:\/\/tourtravelandmore.com\/es\/wp-json\/wp\/v2\/product_brand?post=173162"},{"taxonomy":"product_cat","embeddable":true,"href":"https:\/\/tourtravelandmore.com\/es\/wp-json\/wp\/v2\/product_cat?post=173162"},{"taxonomy":"product_tag","embeddable":true,"href":"https:\/\/tourtravelandmore.com\/es\/wp-json\/wp\/v2\/product_tag?post=173162"}],"curies":[{"name":"wp","href":"https:\/\/api.w.org\/{rel}","templated":true}]}}